{"id":15443,"date":"2023-01-24T18:45:49","date_gmt":"2023-01-24T19:02:31","guid":{"rendered":"https:\/\/ryfi.online\/product\/urs-alb-cu-happy-valentines-day-12-inch\/"},"modified":"2025-05-28T09:26:30","modified_gmt":"2025-05-28T09:26:30","slug":"alb-ursulet-cu-fericire-de-sarbatori-de-sfintisori-12-inch","status":"publish","type":"product","link":"https:\/\/ryfi.online\/ro\/produs\/alb-ursulet-cu-fericire-de-sarbatori-de-sfintisori-12-inch\/","title":{"rendered":"Urs alb cu Happy Valentine&#8217;s Day 12 inch"},"content":{"rendered":"<ul class=\"a-unordered-list a-vertical a-spacing-mini\">\n<li><span class=\"a-list-item\">\ud83e\uddf8 Oferi\u021bi un mesaj de dragoste super dr\u0103gu\u021b ca un cadou: Ziua \u00cendr\u0103gosti\u021bilor, Ziua Mamei, Ziua de na\u0219tere pentru a spune mul\u021bumesc &#8211; \u0219i un mod dulce de a ar\u0103ta partenerului dvs. c\u00e2t de mult \u00eei iubi\u021bi! <\/span><\/li>\n<li><span class=\"a-list-item\"> \ud83d\udc96 Pur \u0219i simplu s\u0103 te \u00eendr\u0103goste\u0219ti &#8211; ursule\u021bul de plu\u0219 este foarte moale, frumos \u0219i dr\u0103g\u0103la\u0219 \u0219i este foarte pl\u0103cut de iubit, de \u00eembr\u0103\u021bi\u0219at, de jucat sau pur \u0219i simplu s\u0103 fie acolo c\u00e2nd ai nevoie de el. <\/span><\/li>\n<li><span class=\"a-list-item\"> \ud83e\uddf8 Acest ursule\u021b de plu\u0219 super moale, cu o dimensiune practic\u0103 de 12 inci, se potrive\u0219te cu u\u0219urin\u021b\u0103 \u00een camera copilului, \u00een geanta bebelu\u0219ului sau, de exemplu, pe un birou &#8211; cu ag\u0103\u021b\u0103torul s\u0103u practic, ursule\u021bul de plu\u0219 cu inim\u0103 poate fi a\u0219ezat oriunde \u00een mod decorativ. <\/span><\/li>\n<li><span class=\"a-list-item\"> \ud83d\udc96 Un favorit absolut &#8211; chiar \u0219i dup\u0103 ani de zile, acest ursule\u021b de plu\u0219 va r\u0103m\u00e2ne o amintire deosebit de frumoas\u0103 \u0219i pre\u021buit\u0103. <\/span><\/li>\n<\/ul>\n","protected":false},"excerpt":{"rendered":"<p>Livrare gratuit\u0103 \u0219i rapid\u0103 \u00een 1-3 zile.<\/p>\n","protected":false},"featured_media":0,"comment_status":"open","ping_status":"closed","template":"","meta":[],"product_brand":[],"product_cat":[406],"product_tag":[],"class_list":{"0":"post-15443","1":"product","2":"type-product","3":"status-publish","5":"product_cat-jucarie-de-plus","7":"first","8":"instock","9":"featured","10":"taxable","11":"shipping-taxable","12":"purchasable","13":"product-type-simple"},"yoast_head":"<!-- This site is optimized with the Yoast SEO Premium plugin v17.1.2 (Yoast SEO v27.4) - https:\/\/yoast.com\/product\/yoast-seo-premium-wordpress\/ -->\n<title>Urs alb cu Happy Valentine&#039;s Day 12 inch - Ryfi Online Store<\/title>\n<meta name=\"description\" content=\"Dac\u0103 sunte\u021bi \u00een c\u0103utarea unui ursule\u021b de plu\u0219 alb cu inim\u0103 \u00een Europa... Atunci a\u021bi ajuns la locul potrivit, Ryfi.online v\u0103 ofer\u0103 diferite tipuri de plu\u0219, pentru mai multe informa\u021bii vizita\u021bi site-ul nostru ast\u0103zi!\" \/>\n<meta name=\"robots\" content=\"index, follow, max-snippet:-1, max-image-preview:large, max-video-preview:-1\" \/>\n<link rel=\"canonical\" href=\"https:\/\/ryfi.online\/ro\/produs\/alb-ursulet-cu-fericire-de-sarbatori-de-sfintisori-12-inch\/\" \/>\n<meta property=\"og:locale\" content=\"ro_RO\" \/>\n<meta property=\"og:type\" content=\"article\" \/>\n<meta property=\"og:title\" content=\"Urs alb cu Happy Valentine&#039;s Day 12 inch\" \/>\n<meta property=\"og:description\" content=\"Dac\u0103 sunte\u021bi \u00een c\u0103utarea unui ursule\u021b de plu\u0219 alb cu inim\u0103 \u00een Europa... Atunci a\u021bi ajuns la locul potrivit, Ryfi.online v\u0103 ofer\u0103 diferite tipuri de plu\u0219, pentru mai multe informa\u021bii vizita\u021bi site-ul nostru ast\u0103zi!\" \/>\n<meta property=\"og:url\" content=\"https:\/\/ryfi.online\/ro\/produs\/alb-ursulet-cu-fericire-de-sarbatori-de-sfintisori-12-inch\/\" \/>\n<meta property=\"og:site_name\" content=\"Ryfi Online Store\" \/>\n<meta property=\"article:publisher\" content=\"https:\/\/www.facebook.com\/ryfi.online\/\" \/>\n<meta property=\"article:modified_time\" content=\"2025-05-28T09:26:30+00:00\" \/>\n<meta property=\"og:image\" content=\"https:\/\/ryfi.online\/wp-content\/uploads\/2021\/03\/H89f48063f95940e583df854ff6ec5f689-Copy-Copy.jpg\" \/>\n\t<meta property=\"og:image:width\" content=\"500\" \/>\n\t<meta property=\"og:image:height\" content=\"500\" \/>\n\t<meta property=\"og:image:type\" content=\"image\/jpeg\" \/>\n<meta name=\"twitter:card\" content=\"summary_large_image\" \/>\n<meta name=\"twitter:label1\" content=\"Pre\u021b\" \/>\n\t<meta name=\"twitter:data1\" content=\"&#036;14.99\" \/>\n\t<meta name=\"twitter:label2\" content=\"Availability\" \/>\n\t<meta name=\"twitter:data2\" content=\"In stock\" \/>\n<meta property=\"product:brand\" content=\"Juc\u0103rie de plu\u0219\" \/>\n<meta property=\"product:price:amount\" content=\"14.99\" \/>\n<meta property=\"product:price:currency\" content=\"USD\" \/>\n<meta property=\"og:availability\" content=\"instock\" \/>\n<meta property=\"product:availability\" content=\"instock\" \/>\n<meta property=\"product:condition\" content=\"new\" \/>\n<!-- \/ Yoast SEO Premium plugin. -->","yoast_head_json":{"title":"Urs alb cu Happy Valentine's Day 12 inch - Ryfi Online Store","description":"Dac\u0103 sunte\u021bi \u00een c\u0103utarea unui ursule\u021b de plu\u0219 alb cu inim\u0103 \u00een Europa... Atunci a\u021bi ajuns la locul potrivit, Ryfi.online v\u0103 ofer\u0103 diferite tipuri de plu\u0219, pentru mai multe informa\u021bii vizita\u021bi site-ul nostru ast\u0103zi!","robots":{"index":"index","follow":"follow","max-snippet":"max-snippet:-1","max-image-preview":"max-image-preview:large","max-video-preview":"max-video-preview:-1"},"canonical":"https:\/\/ryfi.online\/ro\/produs\/alb-ursulet-cu-fericire-de-sarbatori-de-sfintisori-12-inch\/","og_locale":"ro_RO","og_type":"article","og_title":"Urs alb cu Happy Valentine's Day 12 inch","og_description":"Dac\u0103 sunte\u021bi \u00een c\u0103utarea unui ursule\u021b de plu\u0219 alb cu inim\u0103 \u00een Europa... Atunci a\u021bi ajuns la locul potrivit, Ryfi.online v\u0103 ofer\u0103 diferite tipuri de plu\u0219, pentru mai multe informa\u021bii vizita\u021bi site-ul nostru ast\u0103zi!","og_url":"https:\/\/ryfi.online\/ro\/produs\/alb-ursulet-cu-fericire-de-sarbatori-de-sfintisori-12-inch\/","og_site_name":"Ryfi Online Store","article_publisher":"https:\/\/www.facebook.com\/ryfi.online\/","article_modified_time":"2025-05-28T09:26:30+00:00","og_image":[{"width":500,"height":500,"url":"https:\/\/ryfi.online\/wp-content\/uploads\/2021\/03\/H89f48063f95940e583df854ff6ec5f689-Copy-Copy.jpg","type":"image\/jpeg"}],"twitter_card":"summary_large_image","twitter_misc":{"Pre\u021b":"&#36;14.99","Availability":"In stock"},"schema":{"@context":"https:\/\/schema.org","@graph":[{"@type":"WebPage","@id":"https:\/\/ryfi.online\/ro\/produs\/alb-ursulet-cu-fericire-de-sarbatori-de-sfintisori-12-inch\/","url":"https:\/\/ryfi.online\/ro\/produs\/alb-ursulet-cu-fericire-de-sarbatori-de-sfintisori-12-inch\/","name":"Urs alb cu Happy Valentine's Day 12 inch - Ryfi Online Store","isPartOf":{"@id":"https:\/\/ryfi.online\/ro\/#website"},"datePublished":"2023-01-24T19:02:31+00:00","dateModified":"2025-05-28T09:26:30+00:00","description":"Dac\u0103 sunte\u021bi \u00een c\u0103utarea unui ursule\u021b de plu\u0219 alb cu inim\u0103 \u00een Europa... Atunci a\u021bi ajuns la locul potrivit, Ryfi.online v\u0103 ofer\u0103 diferite tipuri de plu\u0219, pentru mai multe informa\u021bii vizita\u021bi site-ul nostru ast\u0103zi!","breadcrumb":{"@id":"https:\/\/ryfi.online\/ro\/produs\/alb-ursulet-cu-fericire-de-sarbatori-de-sfintisori-12-inch\/#breadcrumb"},"inLanguage":"ro-RO","potentialAction":[{"@type":"ReadAction","target":["https:\/\/ryfi.online\/ro\/produs\/alb-ursulet-cu-fericire-de-sarbatori-de-sfintisori-12-inch\/"]}]},{"@type":"BreadcrumbList","@id":"https:\/\/ryfi.online\/ro\/produs\/alb-ursulet-cu-fericire-de-sarbatori-de-sfintisori-12-inch\/#breadcrumb","itemListElement":[{"@type":"ListItem","position":1,"name":"Home","item":"https:\/\/ryfi.online\/ro\/"},{"@type":"ListItem","position":2,"name":"Free and Fast Shipping whitin 1-3 Days!!!","item":"https:\/\/ryfi.online\/shop\/"},{"@type":"ListItem","position":3,"name":"Urs alb cu Happy Valentine&#8217;s Day 12 inch"}]},{"@type":"WebSite","@id":"https:\/\/ryfi.online\/ro\/#website","url":"https:\/\/ryfi.online\/ro\/","name":"Ryfi Online Store","description":"Online Store","publisher":{"@id":"https:\/\/ryfi.online\/ro\/#organization"},"potentialAction":[{"@type":"SearchAction","target":{"@type":"EntryPoint","urlTemplate":"https:\/\/ryfi.online\/ro\/?s={search_term_string}"},"query-input":{"@type":"PropertyValueSpecification","valueRequired":true,"valueName":"search_term_string"}}],"inLanguage":"ro-RO"},{"@type":"Organization","@id":"https:\/\/ryfi.online\/ro\/#organization","name":"Ryan Future Investments LLC","url":"https:\/\/ryfi.online\/ro\/","logo":{"@type":"ImageObject","inLanguage":"ro-RO","@id":"https:\/\/ryfi.online\/ro\/#\/schema\/logo\/image\/","url":"https:\/\/ryfi.online\/wp-content\/uploads\/2021\/03\/2-03.png","contentUrl":"https:\/\/ryfi.online\/wp-content\/uploads\/2021\/03\/2-03.png","width":1010,"height":310,"caption":"Ryan Future Investments LLC"},"image":{"@id":"https:\/\/ryfi.online\/ro\/#\/schema\/logo\/image\/"},"sameAs":["https:\/\/www.facebook.com\/ryfi.online\/"]}]},"product_brand":"Juc\u0103rie de plu\u0219","product_price_amount":"14.99","product_price_currency":"USD","og_availability":"instock","product_availability":"instock","product_condition":"new"},"jetpack-related-posts":[{"id":13072,"url":"https:\/\/ryfi.online\/ro\/produs\/paw-patrol-10-marshall-plush-toy-standing-plush-with-stitched-detailing-for-ages-3-and-up-2\/","url_meta":{"origin":15443,"position":0},"title":"Paw Patrol &#8211; Juc\u0103rie de plu\u0219 Marshall de 10&#8243;, \u00een picioare cu detalii cusute, pentru v\u00e2rste de la 3 ani \u00een sus","date":"mai 4, 2021","format":false,"excerpt":"Micii fani PAW Patrol se pot ghemui \u0219i visa la aventur\u0103 al\u0103turi de c\u0103\u021belu\u0219ul lor preferat, Marshall! Acest c\u0103\u021belu\u0219 de plu\u0219 \u00eenalt de 10\" st\u0103 \u00een picioare de unul singur, gata de ac\u021biune! Marshall poart\u0103 uniforma sa emblematic\u0103 PAW Patrol, cu p\u0103l\u0103rie \u0219i insigna PAW Patrol. Are chiar \u0219i urme\u2026","rel":"","context":"Articol similar","img":{"alt_text":"","src":"https:\/\/i0.wp.com\/ryfi.online\/wp-content\/uploads\/2021\/05\/71x19VxDhSL._AC_SL1500_.jpg?resize=350%2C200&ssl=1","width":350,"height":200},"classes":[]},{"id":15422,"url":"https:\/\/ryfi.online\/es\/producto\/white-bear-with-happy-valentines-day-12-inch\/","url_meta":{"origin":15443,"position":1},"title":"White Bear with Happy Valentine&#8217;s Day 12 inch","date":"ianuarie 24, 2023","format":false,"excerpt":"Env\u00edo gratuito y r\u00e1pido en 1-3 d\u00edas.","rel":"","context":"Articol similar","img":{"alt_text":"","src":"https:\/\/i0.wp.com\/ryfi.online\/wp-content\/uploads\/2023\/01\/2.jpg?resize=350%2C200&ssl=1","width":350,"height":200},"classes":[]},{"id":13109,"url":"https:\/\/ryfi.online\/ro\/produs\/tricou-maniche-lunghe-ragazzi-patrula-patrula\/","url_meta":{"origin":15443,"position":2},"title":"Maglietta a maniche lunghe da bambino Paw Patrol","date":"octombrie 8, 2021","format":false,"excerpt":"Livrare gratuit\u0103 \u00een 1-3 zile","rel":"","context":"Articol similar","img":{"alt_text":"","src":"","width":0,"height":0},"classes":[]},{"id":15429,"url":"https:\/\/ryfi.online\/es\/producto\/white-bear-with-heart-and-hat-14-inch\/","url_meta":{"origin":15443,"position":3},"title":"White Bear with Heart and Hat 14 inch","date":"ianuarie 24, 2023","format":false,"excerpt":"Env\u00edo gratuito y r\u00e1pido en 1-3 d\u00edas.","rel":"","context":"Articol similar","img":{"alt_text":"","src":"https:\/\/i0.wp.com\/ryfi.online\/wp-content\/uploads\/2023\/01\/indice.jpg?resize=350%2C200&ssl=1","width":350,"height":200},"classes":[]},{"id":12664,"url":"https:\/\/ryfi.online\/ro\/produs\/set-3-batman-100-calzoncillos-de-algodon-para-ninos-4-5-anos-2\/","url_meta":{"origin":15443,"position":4},"title":"Set de 3 calzoncillos de 100% bumbac de Batman pentru copii de 4 la 5 ani","date":"iulie 5, 2021","format":false,"excerpt":"Trimitere gratuit\u0103 1-3 zile Devolu\u021bie gratuit\u0103","rel":"","context":"Articol similar","img":{"alt_text":"","src":"","width":0,"height":0},"classes":[]},{"id":13081,"url":"https:\/\/ryfi.online\/fr\/produit\/paw-patrol-5-plush-ball-plush-pour-ages-1-et-plus\/","url_meta":{"origin":15443,"position":5},"title":"Paw Patrol &#8211; 5&#8243; Plush Ball, Peluche pour les 1 ans et plus","date":"mai 4, 2021","format":false,"excerpt":"DIMENSIONS : Chaque boule mesure environ 5 \u00e0 6 pouces de diam\u00e8tre. Les balles l\u00e9g\u00e8res, souples et compressibles sont \u00e9tonnamment durables et amusantes \u00e0 lancer. ENSEMBLE CADEAU : Id\u00e9al pour les enfants de 1 an et plus. Id\u00e9al pour jouer \u00e0 l'int\u00e9rieur et \u00e0 l'ext\u00e9rieur ! FUN & SAFE :\u2026","rel":"","context":"Articol similar","img":{"alt_text":"","src":"https:\/\/i0.wp.com\/ryfi.online\/wp-content\/uploads\/2021\/05\/20210504_1503061-scaled.jpg?resize=350%2C200&ssl=1","width":350,"height":200},"classes":[]}],"_links":{"self":[{"href":"https:\/\/ryfi.online\/ro\/wp-json\/wp\/v2\/product\/15443","targetHints":{"allow":["GET"]}}],"collection":[{"href":"https:\/\/ryfi.online\/ro\/wp-json\/wp\/v2\/product"}],"about":[{"href":"https:\/\/ryfi.online\/ro\/wp-json\/wp\/v2\/types\/product"}],"replies":[{"embeddable":true,"href":"https:\/\/ryfi.online\/ro\/wp-json\/wp\/v2\/comments?post=15443"}],"wp:attachment":[{"href":"https:\/\/ryfi.online\/ro\/wp-json\/wp\/v2\/media?parent=15443"}],"wp:term":[{"taxonomy":"product_brand","embeddable":true,"href":"https:\/\/ryfi.online\/ro\/wp-json\/wp\/v2\/product_brand?post=15443"},{"taxonomy":"product_cat","embeddable":true,"href":"https:\/\/ryfi.online\/ro\/wp-json\/wp\/v2\/product_cat?post=15443"},{"taxonomy":"product_tag","embeddable":true,"href":"https:\/\/ryfi.online\/ro\/wp-json\/wp\/v2\/product_tag?post=15443"}],"curies":[{"name":"wp","href":"https:\/\/api.w.org\/{rel}","templated":true}]}}