{"id":15440,"date":"2023-01-24T17:58:01","date_gmt":"2023-01-24T19:00:16","guid":{"rendered":"https:\/\/ryfi.online\/product\/absolvire-bear\/"},"modified":"2023-01-24T19:19:39","modified_gmt":"2023-01-24T19:19:39","slug":"absolvire-ursulet","status":"publish","type":"product","link":"https:\/\/ryfi.online\/ro\/produs\/absolvire-ursulet\/","title":{"rendered":"Absolvire Bear"},"content":{"rendered":"<ul class=\"a-unordered-list a-vertical a-spacing-mini\">\n<li><span class=\"a-list-item\"> Cea mai bun\u0103 decorare a ramurii pentru prieteni la absolvire, sau poate fi plasat\u0103 pe decorarea mesei. <\/span><\/li>\n<li><span class=\"a-list-item\"> Cu o uniform\u0103 de p\u0103l\u0103rie de absolvire \u0219i un design de diplom\u0103 de licen\u021b\u0103, este u\u0219or s\u0103 crea\u021bi o atmosfer\u0103 de petrecere de absolvire. <\/span><\/li>\n<li><span class=\"a-list-item\"> Materiale sigure de \u00eenalt\u0103 calitate \u0219i manoper\u0103 fin\u0103, nu este u\u0219or \u0219i nu se estompeaz\u0103 <\/span><\/li>\n<li><span class=\"a-list-item\"> \u00cel pute\u021bi folosi ca accesoriu foto pentru a face poze cu colegii \u0219i prietenii. <\/span><\/li>\n<li><span class=\"a-list-item\"> Ele pot fi folosite nu numai pentru a decora buchete, ci \u0219i ca decora\u021biuni, care pot fi plasate \u00een s\u0103li de clas\u0103, gr\u0103dini etc. <\/span><\/li>\n<\/ul>\n","protected":false},"excerpt":{"rendered":"<p>Livrare gratuit\u0103 \u0219i rapid\u0103 \u00een 1-3 zile.<\/p>\n","protected":false},"featured_media":0,"comment_status":"open","ping_status":"closed","template":"","meta":[],"product_brand":[],"product_cat":[406],"product_tag":[],"class_list":{"0":"post-15440","1":"product","2":"type-product","3":"status-publish","5":"product_cat-jucarie-de-plus","7":"first","8":"instock","9":"featured","10":"taxable","11":"shipping-taxable","12":"purchasable","13":"product-type-simple"},"yoast_head":"<!-- This site is optimized with the Yoast SEO Premium plugin v17.1.2 (Yoast SEO v27.4) - https:\/\/yoast.com\/product\/yoast-seo-premium-wordpress\/ -->\n<title>Absolvire Bear - Ryfi Online Store<\/title>\n<meta name=\"description\" content=\"Dac\u0103 sunte\u021bi \u00een c\u0103utare de ursule\u021bi de plu\u0219 \u00een Europa... Atunci a\u021bi ajuns la locul potrivit, Ryfi.online v\u0103 ofer\u0103 diferite tipuri de plu\u0219uri, pentru mai multe informa\u021bii vizita\u021bi site-ul nostru ast\u0103zi!\" \/>\n<meta name=\"robots\" content=\"index, follow, max-snippet:-1, max-image-preview:large, max-video-preview:-1\" \/>\n<link rel=\"canonical\" href=\"https:\/\/ryfi.online\/ro\/produs\/absolvire-ursulet\/\" \/>\n<meta property=\"og:locale\" content=\"ro_RO\" \/>\n<meta property=\"og:type\" content=\"article\" \/>\n<meta property=\"og:title\" content=\"Absolvire Bear\" \/>\n<meta property=\"og:description\" content=\"Dac\u0103 sunte\u021bi \u00een c\u0103utare de ursule\u021bi de plu\u0219 \u00een Europa... Atunci a\u021bi ajuns la locul potrivit, Ryfi.online v\u0103 ofer\u0103 diferite tipuri de plu\u0219uri, pentru mai multe informa\u021bii vizita\u021bi site-ul nostru ast\u0103zi!\" \/>\n<meta property=\"og:url\" content=\"https:\/\/ryfi.online\/ro\/produs\/absolvire-ursulet\/\" \/>\n<meta property=\"og:site_name\" content=\"Ryfi Online Store\" \/>\n<meta property=\"article:publisher\" content=\"https:\/\/www.facebook.com\/ryfi.online\/\" \/>\n<meta property=\"article:modified_time\" content=\"2023-01-24T19:19:39+00:00\" \/>\n<meta property=\"og:image\" content=\"https:\/\/ryfi.online\/wp-content\/uploads\/2021\/03\/H89f48063f95940e583df854ff6ec5f689-Copy-Copy.jpg\" \/>\n\t<meta property=\"og:image:width\" content=\"500\" \/>\n\t<meta property=\"og:image:height\" content=\"500\" \/>\n\t<meta property=\"og:image:type\" content=\"image\/jpeg\" \/>\n<meta name=\"twitter:card\" content=\"summary_large_image\" \/>\n<meta name=\"twitter:label1\" content=\"Pre\u021b\" \/>\n\t<meta name=\"twitter:data1\" content=\"&#036;12.99\" \/>\n\t<meta name=\"twitter:label2\" content=\"Availability\" \/>\n\t<meta name=\"twitter:data2\" content=\"In stock\" \/>\n<meta property=\"product:brand\" content=\"Juc\u0103rie de plu\u0219\" \/>\n<meta property=\"product:price:amount\" content=\"12.99\" \/>\n<meta property=\"product:price:currency\" content=\"USD\" \/>\n<meta property=\"og:availability\" content=\"instock\" \/>\n<meta property=\"product:availability\" content=\"instock\" \/>\n<meta property=\"product:condition\" content=\"new\" \/>\n<!-- \/ Yoast SEO Premium plugin. -->","yoast_head_json":{"title":"Absolvire Bear - Ryfi Online Store","description":"Dac\u0103 sunte\u021bi \u00een c\u0103utare de ursule\u021bi de plu\u0219 \u00een Europa... Atunci a\u021bi ajuns la locul potrivit, Ryfi.online v\u0103 ofer\u0103 diferite tipuri de plu\u0219uri, pentru mai multe informa\u021bii vizita\u021bi site-ul nostru ast\u0103zi!","robots":{"index":"index","follow":"follow","max-snippet":"max-snippet:-1","max-image-preview":"max-image-preview:large","max-video-preview":"max-video-preview:-1"},"canonical":"https:\/\/ryfi.online\/ro\/produs\/absolvire-ursulet\/","og_locale":"ro_RO","og_type":"article","og_title":"Absolvire Bear","og_description":"Dac\u0103 sunte\u021bi \u00een c\u0103utare de ursule\u021bi de plu\u0219 \u00een Europa... Atunci a\u021bi ajuns la locul potrivit, Ryfi.online v\u0103 ofer\u0103 diferite tipuri de plu\u0219uri, pentru mai multe informa\u021bii vizita\u021bi site-ul nostru ast\u0103zi!","og_url":"https:\/\/ryfi.online\/ro\/produs\/absolvire-ursulet\/","og_site_name":"Ryfi Online Store","article_publisher":"https:\/\/www.facebook.com\/ryfi.online\/","article_modified_time":"2023-01-24T19:19:39+00:00","og_image":[{"width":500,"height":500,"url":"https:\/\/ryfi.online\/wp-content\/uploads\/2021\/03\/H89f48063f95940e583df854ff6ec5f689-Copy-Copy.jpg","type":"image\/jpeg"}],"twitter_card":"summary_large_image","twitter_misc":{"Pre\u021b":"&#36;12.99","Availability":"In stock"},"schema":{"@context":"https:\/\/schema.org","@graph":[{"@type":"WebPage","@id":"https:\/\/ryfi.online\/ro\/produs\/absolvire-ursulet\/","url":"https:\/\/ryfi.online\/ro\/produs\/absolvire-ursulet\/","name":"Absolvire Bear - Ryfi Online Store","isPartOf":{"@id":"https:\/\/ryfi.online\/ro\/#website"},"datePublished":"2023-01-24T19:00:16+00:00","dateModified":"2023-01-24T19:19:39+00:00","description":"Dac\u0103 sunte\u021bi \u00een c\u0103utare de ursule\u021bi de plu\u0219 \u00een Europa... Atunci a\u021bi ajuns la locul potrivit, Ryfi.online v\u0103 ofer\u0103 diferite tipuri de plu\u0219uri, pentru mai multe informa\u021bii vizita\u021bi site-ul nostru ast\u0103zi!","breadcrumb":{"@id":"https:\/\/ryfi.online\/ro\/produs\/absolvire-ursulet\/#breadcrumb"},"inLanguage":"ro-RO","potentialAction":[{"@type":"ReadAction","target":["https:\/\/ryfi.online\/ro\/produs\/absolvire-ursulet\/"]}]},{"@type":"BreadcrumbList","@id":"https:\/\/ryfi.online\/ro\/produs\/absolvire-ursulet\/#breadcrumb","itemListElement":[{"@type":"ListItem","position":1,"name":"Home","item":"https:\/\/ryfi.online\/ro\/"},{"@type":"ListItem","position":2,"name":"Free and Fast Shipping whitin 1-3 Days!!!","item":"https:\/\/ryfi.online\/shop\/"},{"@type":"ListItem","position":3,"name":"Absolvire Bear"}]},{"@type":"WebSite","@id":"https:\/\/ryfi.online\/ro\/#website","url":"https:\/\/ryfi.online\/ro\/","name":"Ryfi Online Store","description":"Online Store","publisher":{"@id":"https:\/\/ryfi.online\/ro\/#organization"},"potentialAction":[{"@type":"SearchAction","target":{"@type":"EntryPoint","urlTemplate":"https:\/\/ryfi.online\/ro\/?s={search_term_string}"},"query-input":{"@type":"PropertyValueSpecification","valueRequired":true,"valueName":"search_term_string"}}],"inLanguage":"ro-RO"},{"@type":"Organization","@id":"https:\/\/ryfi.online\/ro\/#organization","name":"Ryan Future Investments LLC","url":"https:\/\/ryfi.online\/ro\/","logo":{"@type":"ImageObject","inLanguage":"ro-RO","@id":"https:\/\/ryfi.online\/ro\/#\/schema\/logo\/image\/","url":"https:\/\/ryfi.online\/wp-content\/uploads\/2021\/03\/2-03.png","contentUrl":"https:\/\/ryfi.online\/wp-content\/uploads\/2021\/03\/2-03.png","width":1010,"height":310,"caption":"Ryan Future Investments LLC"},"image":{"@id":"https:\/\/ryfi.online\/ro\/#\/schema\/logo\/image\/"},"sameAs":["https:\/\/www.facebook.com\/ryfi.online\/"]}]},"product_brand":"Juc\u0103rie de plu\u0219","product_price_amount":"12.99","product_price_currency":"USD","og_availability":"instock","product_availability":"instock","product_condition":"new"},"jetpack-related-posts":[{"id":12869,"url":"https:\/\/ryfi.online\/ro\/produs\/disney-minnie-mouse-striped-15oz-buddy-sip-tumbler-cup-with-lid-straw-bpa-free-2\/","url_meta":{"origin":15440,"position":0},"title":"Disney Minnie Mouse cu dungi Disney Minnie Mouse 15oz Buddy Sip Tumbler Cup cu capac \u0219i pai, f\u0103r\u0103 BPA","date":"aprilie 4, 2021","format":false,"excerpt":"Transport gratuit \u0219i rapid \u00een termen de 1-3 zile. Buy 4 get 5 Hurry up, hot sales!!!","rel":"","context":"Articol similar","img":{"alt_text":"","src":"https:\/\/i0.wp.com\/ryfi.online\/wp-content\/uploads\/2021\/04\/71jFmrzWXL._AC_SL1244_.jpg?resize=350%2C200&ssl=1","width":350,"height":200},"classes":[]},{"id":12921,"url":"https:\/\/ryfi.online\/ro\/produs\/zak-designs-1-pack-pj-masks-16-5oz-kids-sullivan-sports-sporturi-de-apa-biberon-bpa-free\/","url_meta":{"origin":15440,"position":1},"title":"Zak Designs [1-Pack] PJ Masks 16.5oz Kids Sullivan Sports Water Bottle, BPA-Free","date":"aprilie 4, 2021","format":false,"excerpt":"Transport gratuit \u0219i rapid \u00een termen de 1-3 zile. Buy 4 get 5 Hurry up, hot sales!!!","rel":"","context":"Articol similar","img":{"alt_text":"","src":"https:\/\/i0.wp.com\/ryfi.online\/wp-content\/uploads\/2021\/04\/51SXcTRp3VL._AC_SL1000_.jpg?resize=350%2C200&ssl=1","width":350,"height":200},"classes":[]},{"id":12902,"url":"https:\/\/ryfi.online\/ro\/produs\/marvel-universe-16-5oz-kids-sullivan-sports-sporturi-de-apa-biberon-bpa-free-black-red-blue\/","url_meta":{"origin":15440,"position":2},"title":"Marvel Universe 16.5oz Kids Sullivan Sports Water Bottle, f\u0103r\u0103 BPA, negru, ro\u0219u, albastru","date":"aprilie 4, 2021","format":false,"excerpt":"Transport gratuit \u0219i rapid \u00een termen de 1-3 zile. Buy 4 get 5 Hurry up, hot sales!!!","rel":"","context":"Articol similar","img":{"alt_text":"","src":"https:\/\/i0.wp.com\/ryfi.online\/wp-content\/uploads\/2021\/04\/51yLdOxL4L._AC_.jpg?resize=350%2C200&ssl=1","width":350,"height":200},"classes":[]},{"id":12663,"url":"https:\/\/ryfi.online\/ro\/produs\/iphone-xs-max-caz-mobil-cu-caz-cu-suport-de-card-cu-absorbtie-magnetica-pentru-iphone-xs-max\/","url_meta":{"origin":15440,"position":3},"title":"iPhone Xs Max Cazul iPhone Xs Max Telefon mobil cu suport de card pentru iPhone Xs Max","date":"martie 13, 2021","format":false,"excerpt":"Transport gratuit \u0219i rapid \u00een termen de 1-3 zile. Buy 4 get 5 Hurry up, hot sales!!!","rel":"","context":"Articol similar","img":{"alt_text":"","src":"https:\/\/i0.wp.com\/ryfi.online\/wp-content\/uploads\/2021\/03\/HTB17H_UXYr1gK0jSZR0762P8XXaD-1.png?resize=350%2C200&ssl=1","width":350,"height":200},"classes":[]},{"id":12688,"url":"https:\/\/ryfi.online\/ro\/produs\/iphone-11-case-mobile-telefon-cu-caz-cu-magnetic-adsorbtie-card-portar-pentru-iphone-11\/","url_meta":{"origin":15440,"position":4},"title":"iPhone 11 Cazul iPhone 11 Telefon mobil cu suport de card pentru iPhone 11, 11 Pro, 11 Pro Max","date":"martie 10, 2021","format":false,"excerpt":"Transport gratuit \u0219i rapid \u00een termen de 1-3 zile. Buy 4 get 5 Hurry up, hot sales!!!","rel":"","context":"Articol similar","img":{"alt_text":"","src":"https:\/\/i0.wp.com\/ryfi.online\/wp-content\/uploads\/2021\/03\/HTB16OjSX7P2gK0jSZPx761cQpXaw.png?resize=350%2C200&ssl=1","width":350,"height":200},"classes":[]},{"id":11931,"url":"https:\/\/ryfi.online\/ro\/produs\/sapca-de-baseball-cu-model-batman-pentru-copii\/","url_meta":{"origin":15440,"position":5},"title":"\u015eapc\u0103 de baseball cu design Batman pentru b\u0103ie\u0163i UE4224","date":"iunie 16, 2021","format":false,"excerpt":"Livrare gratuit\u0103 1-3 zile lucr\u0103toare Retur gratuit","rel":"","context":"Articol similar","img":{"alt_text":"\u0219apc\u0103 Batman","src":"https:\/\/i0.wp.com\/ryfi.online\/wp-content\/uploads\/2021\/06\/ue4224_bk.jpg?resize=350%2C200&ssl=1","width":350,"height":200},"classes":[]}],"_links":{"self":[{"href":"https:\/\/ryfi.online\/ro\/wp-json\/wp\/v2\/product\/15440","targetHints":{"allow":["GET"]}}],"collection":[{"href":"https:\/\/ryfi.online\/ro\/wp-json\/wp\/v2\/product"}],"about":[{"href":"https:\/\/ryfi.online\/ro\/wp-json\/wp\/v2\/types\/product"}],"replies":[{"embeddable":true,"href":"https:\/\/ryfi.online\/ro\/wp-json\/wp\/v2\/comments?post=15440"}],"wp:attachment":[{"href":"https:\/\/ryfi.online\/ro\/wp-json\/wp\/v2\/media?parent=15440"}],"wp:term":[{"taxonomy":"product_brand","embeddable":true,"href":"https:\/\/ryfi.online\/ro\/wp-json\/wp\/v2\/product_brand?post=15440"},{"taxonomy":"product_cat","embeddable":true,"href":"https:\/\/ryfi.online\/ro\/wp-json\/wp\/v2\/product_cat?post=15440"},{"taxonomy":"product_tag","embeddable":true,"href":"https:\/\/ryfi.online\/ro\/wp-json\/wp\/v2\/product_tag?post=15440"}],"curies":[{"name":"wp","href":"https:\/\/api.w.org\/{rel}","templated":true}]}}