{"id":13064,"date":"2021-05-04T18:27:43","date_gmt":"2022-11-30T19:07:37","guid":{"rendered":"https:\/\/ryfi.online\/product\/paw-patrol-jucarie-de-plus-chase-de-10-in-picioare-cu-detalii-cusute-pentru-varste-de-la-3-ani-in-sus\/"},"modified":"2022-11-30T19:07:37","modified_gmt":"2022-11-30T19:07:37","slug":"paw-patrol-10-chase-plush-toy-standing-plush-with-stitched-detailing-for-ages-3-and-up-2","status":"publish","type":"product","link":"https:\/\/ryfi.online\/ro\/produs\/paw-patrol-10-chase-plush-toy-standing-plush-with-stitched-detailing-for-ages-3-and-up-2\/","title":{"rendered":"Paw Patrol &#8211; Juc\u0103rie de plu\u0219 Chase de 10&#8243;, \u00een picioare cu detalii cusute, pentru v\u00e2rste de la 3 ani \u00een sus"},"content":{"rendered":"<p>Micii fani PAW Patrol se pot ghemui \u0219i visa la aventur\u0103 al\u0103turi de c\u0103\u021belu\u0219ul lor preferat, Chase! Acest c\u0103\u021belu\u0219 de plu\u0219 \u00eenalt de 10&#8243; st\u0103 \u00een picioare de unul singur, gata de ac\u021biune! Chase poart\u0103 uniforma sa emblematic\u0103 PAW Patrol, cu p\u0103l\u0103rie confortabil\u0103 \u0219i insigna PAW Patrol. Are chiar \u0219i urme de l\u0103bu\u021be \u00een patru labe! Blana sa moale \u0219i fa\u021ba expresiv\u0103 dau via\u021b\u0103 acestui personaj \u00eendr\u0103git. Ofer\u0103-i micului t\u0103u fan PAW Patrol un prieten pe care \u00eel poate lua de la joac\u0103 p\u00e2n\u0103 la somn, cu Chase de plu\u0219 de 10&#8243;!<\/p>\n<ul class=\"a-unordered-list a-vertical a-spacing-mini\">\n<li><span class=\"a-list-item\">Juc\u0103rie de plu\u0219: \u00cembr\u0103\u021bi\u0219eaz\u0103-te cu iubitul c\u0103\u021belu\u0219 al Patrulei PAW: Chase Acest c\u0103\u021belu\u0219 de plu\u0219 st\u0103 de unul singur, pe labe cu amprente de labe reale M\u0103sur\u00e2nd 10&#8243; \u00een\u0103l\u021bime, este dimensiunea perfect\u0103 pentru micii fani PAW Patrol.<\/span><\/li>\n<li><span class=\"a-list-item\">CARACTERISTICI REALISTE: Fabricat din material confortabil, Chase poart\u0103 o p\u0103l\u0103rie de plu\u0219 \u0219i uniforma sa caracteristic\u0103 PAW Patrol Cu detalii realiste, acest personaj \u00eendr\u0103git prinde via\u021b\u0103.<\/span><\/li>\n<li><span class=\"a-list-item\">S\u0102 LE COLECTEZE PE TOATE: Ad\u0103uga\u021bi toate plu\u0219urile PAW Patrol la colec\u021bia dvs. \u0219i recrea\u021bi toate emo\u021biile \u0219i aventurile din serialul de succes Fiecare se vinde separat.<\/span><\/li>\n<li><span class=\"a-list-item\">PAW Patrol Plush Chase este destinat copiilor cu v\u00e2rsta de peste 3 ani. Aduce\u021bi acest c\u0103\u021belu\u0219 de plu\u0219 acas\u0103 pentru distrac\u021bie \u0219i vise de somn.<\/span><\/li>\n<\/ul>\n","protected":false},"excerpt":{"rendered":"<p>Micii fani PAW Patrol se pot ghemui \u0219i visa la aventur\u0103 al\u0103turi de c\u0103\u021belu\u0219ul lor preferat, Chase! Acest c\u0103\u021belu\u0219 de plu\u0219 \u00eenalt de 10&#8243; st\u0103 \u00een picioare de unul singur, gata de ac\u021biune! Chase poart\u0103 uniforma sa emblematic\u0103 PAW Patrol, cu p\u0103l\u0103rie confortabil\u0103 \u0219i insigna PAW Patrol. Are chiar \u0219i urme de l\u0103bu\u021be \u00een patru [&hellip;]<\/p>\n","protected":false},"featured_media":10706,"comment_status":"open","ping_status":"closed","template":"","meta":[],"product_brand":[],"product_cat":[331],"product_tag":[326],"class_list":{"0":"post-13064","1":"product","2":"type-product","3":"status-publish","4":"has-post-thumbnail","6":"product_cat-plush-toys-ro","7":"product_tag-ro","9":"first","10":"instock","11":"featured","12":"taxable","13":"shipping-taxable","14":"purchasable","15":"product-type-simple"},"yoast_head":"<!-- This site is optimized with the Yoast SEO Premium plugin v17.1.2 (Yoast SEO v27.4) - https:\/\/yoast.com\/product\/yoast-seo-premium-wordpress\/ -->\n<title>Plu\u0219 \u00een picioare cu detalii cusute | Paw Patrol \u00een picioare Paw Patrol \u00een picioare Plu\u0219<\/title>\n<meta name=\"description\" content=\"Dac\u0103 sunte\u021bi \u00een c\u0103utarea pentru Paw Patrol Chase Plush Toys \u00een SUA? Apoi, a\u021bi venit la locul potrivit, Ryfi.online ofer\u0103 diferite tipuri de plu\u0219uri, pentru mai multe informa\u021bii Vizita\u021bi site-ul nostru ast\u0103zi!\" \/>\n<meta name=\"robots\" content=\"index, follow, max-snippet:-1, max-image-preview:large, max-video-preview:-1\" \/>\n<link rel=\"canonical\" href=\"https:\/\/ryfi.online\/ro\/produs\/paw-patrol-10-chase-plush-toy-standing-plush-with-stitched-detailing-for-ages-3-and-up-2\/\" \/>\n<meta property=\"og:locale\" content=\"ro_RO\" \/>\n<meta property=\"og:type\" content=\"article\" \/>\n<meta property=\"og:title\" content=\"Paw Patrol - Juc\u0103rie de plu\u0219 Chase de 10&quot;, \u00een picioare cu detalii cusute, pentru v\u00e2rste de la 3 ani \u00een sus\" \/>\n<meta property=\"og:description\" content=\"Dac\u0103 sunte\u021bi \u00een c\u0103utarea pentru Paw Patrol Chase Plush Toys \u00een SUA? Apoi, a\u021bi venit la locul potrivit, Ryfi.online ofer\u0103 diferite tipuri de plu\u0219uri, pentru mai multe informa\u021bii Vizita\u021bi site-ul nostru ast\u0103zi!\" \/>\n<meta property=\"og:url\" content=\"https:\/\/ryfi.online\/ro\/produs\/paw-patrol-10-chase-plush-toy-standing-plush-with-stitched-detailing-for-ages-3-and-up-2\/\" \/>\n<meta property=\"og:site_name\" content=\"Ryfi Online Store\" \/>\n<meta property=\"article:publisher\" content=\"https:\/\/www.facebook.com\/ryfi.online\/\" \/>\n<meta property=\"og:image\" content=\"https:\/\/ryfi.online\/wp-content\/uploads\/2021\/05\/81c46n9nwAL._AC_SL1500_.jpg\" \/>\n\t<meta property=\"og:image:width\" content=\"1071\" \/>\n\t<meta property=\"og:image:height\" content=\"1500\" \/>\n\t<meta property=\"og:image:type\" content=\"image\/jpeg\" \/>\n<meta name=\"twitter:card\" content=\"summary_large_image\" \/>\n<meta name=\"twitter:label1\" content=\"Pre\u021b\" \/>\n\t<meta name=\"twitter:data1\" content=\"&#036;14.99\" \/>\n\t<meta name=\"twitter:label2\" content=\"Availability\" \/>\n\t<meta name=\"twitter:data2\" content=\"In stock\" \/>\n<meta property=\"product:brand\" content=\"Plush Toys\" \/>\n<meta property=\"product:price:amount\" content=\"14.99\" \/>\n<meta property=\"product:price:currency\" content=\"USD\" \/>\n<meta property=\"og:availability\" content=\"instock\" \/>\n<meta property=\"product:availability\" content=\"instock\" \/>\n<meta property=\"product:condition\" content=\"new\" \/>\n<!-- \/ Yoast SEO Premium plugin. -->","yoast_head_json":{"title":"Plu\u0219 \u00een picioare cu detalii cusute | Paw Patrol \u00een picioare Paw Patrol \u00een picioare Plu\u0219","description":"Dac\u0103 sunte\u021bi \u00een c\u0103utarea pentru Paw Patrol Chase Plush Toys \u00een SUA? Apoi, a\u021bi venit la locul potrivit, Ryfi.online ofer\u0103 diferite tipuri de plu\u0219uri, pentru mai multe informa\u021bii Vizita\u021bi site-ul nostru ast\u0103zi!","robots":{"index":"index","follow":"follow","max-snippet":"max-snippet:-1","max-image-preview":"max-image-preview:large","max-video-preview":"max-video-preview:-1"},"canonical":"https:\/\/ryfi.online\/ro\/produs\/paw-patrol-10-chase-plush-toy-standing-plush-with-stitched-detailing-for-ages-3-and-up-2\/","og_locale":"ro_RO","og_type":"article","og_title":"Paw Patrol - Juc\u0103rie de plu\u0219 Chase de 10\", \u00een picioare cu detalii cusute, pentru v\u00e2rste de la 3 ani \u00een sus","og_description":"Dac\u0103 sunte\u021bi \u00een c\u0103utarea pentru Paw Patrol Chase Plush Toys \u00een SUA? Apoi, a\u021bi venit la locul potrivit, Ryfi.online ofer\u0103 diferite tipuri de plu\u0219uri, pentru mai multe informa\u021bii Vizita\u021bi site-ul nostru ast\u0103zi!","og_url":"https:\/\/ryfi.online\/ro\/produs\/paw-patrol-10-chase-plush-toy-standing-plush-with-stitched-detailing-for-ages-3-and-up-2\/","og_site_name":"Ryfi Online Store","article_publisher":"https:\/\/www.facebook.com\/ryfi.online\/","og_image":[{"width":1071,"height":1500,"url":"https:\/\/ryfi.online\/wp-content\/uploads\/2021\/05\/81c46n9nwAL._AC_SL1500_.jpg","type":"image\/jpeg"}],"twitter_card":"summary_large_image","twitter_misc":{"Pre\u021b":"&#36;14.99","Availability":"In stock"},"schema":{"@context":"https:\/\/schema.org","@graph":[{"@type":"WebPage","@id":"https:\/\/ryfi.online\/ro\/produs\/paw-patrol-10-chase-plush-toy-standing-plush-with-stitched-detailing-for-ages-3-and-up-2\/","url":"https:\/\/ryfi.online\/ro\/produs\/paw-patrol-10-chase-plush-toy-standing-plush-with-stitched-detailing-for-ages-3-and-up-2\/","name":"Plu\u0219 \u00een picioare cu detalii cusute | Paw Patrol \u00een picioare Paw Patrol \u00een picioare Plu\u0219","isPartOf":{"@id":"https:\/\/ryfi.online\/ro\/#website"},"primaryImageOfPage":{"@id":"https:\/\/ryfi.online\/ro\/produs\/paw-patrol-10-chase-plush-toy-standing-plush-with-stitched-detailing-for-ages-3-and-up-2\/#primaryimage"},"image":{"@id":"https:\/\/ryfi.online\/ro\/produs\/paw-patrol-10-chase-plush-toy-standing-plush-with-stitched-detailing-for-ages-3-and-up-2\/#primaryimage"},"thumbnailUrl":"https:\/\/ryfi.online\/wp-content\/uploads\/2021\/05\/81c46n9nwAL._AC_SL1500_.jpg","datePublished":"2022-11-30T19:07:37+00:00","description":"Dac\u0103 sunte\u021bi \u00een c\u0103utarea pentru Paw Patrol Chase Plush Toys \u00een SUA? Apoi, a\u021bi venit la locul potrivit, Ryfi.online ofer\u0103 diferite tipuri de plu\u0219uri, pentru mai multe informa\u021bii Vizita\u021bi site-ul nostru ast\u0103zi!","breadcrumb":{"@id":"https:\/\/ryfi.online\/ro\/produs\/paw-patrol-10-chase-plush-toy-standing-plush-with-stitched-detailing-for-ages-3-and-up-2\/#breadcrumb"},"inLanguage":"ro-RO","potentialAction":[{"@type":"ReadAction","target":["https:\/\/ryfi.online\/ro\/produs\/paw-patrol-10-chase-plush-toy-standing-plush-with-stitched-detailing-for-ages-3-and-up-2\/"]}]},{"@type":"ImageObject","inLanguage":"ro-RO","@id":"https:\/\/ryfi.online\/ro\/produs\/paw-patrol-10-chase-plush-toy-standing-plush-with-stitched-detailing-for-ages-3-and-up-2\/#primaryimage","url":"https:\/\/ryfi.online\/wp-content\/uploads\/2021\/05\/81c46n9nwAL._AC_SL1500_.jpg","contentUrl":"https:\/\/ryfi.online\/wp-content\/uploads\/2021\/05\/81c46n9nwAL._AC_SL1500_.jpg","width":1071,"height":1500},{"@type":"BreadcrumbList","@id":"https:\/\/ryfi.online\/ro\/produs\/paw-patrol-10-chase-plush-toy-standing-plush-with-stitched-detailing-for-ages-3-and-up-2\/#breadcrumb","itemListElement":[{"@type":"ListItem","position":1,"name":"Home","item":"https:\/\/ryfi.online\/ro\/"},{"@type":"ListItem","position":2,"name":"Free and Fast Shipping whitin 1-3 Days!!!","item":"https:\/\/ryfi.online\/shop\/"},{"@type":"ListItem","position":3,"name":"Paw Patrol &#8211; Juc\u0103rie de plu\u0219 Chase de 10&#8243;, \u00een picioare cu detalii cusute, pentru v\u00e2rste de la 3 ani \u00een sus"}]},{"@type":"WebSite","@id":"https:\/\/ryfi.online\/ro\/#website","url":"https:\/\/ryfi.online\/ro\/","name":"Ryfi Online Store","description":"Online Store","publisher":{"@id":"https:\/\/ryfi.online\/ro\/#organization"},"potentialAction":[{"@type":"SearchAction","target":{"@type":"EntryPoint","urlTemplate":"https:\/\/ryfi.online\/ro\/?s={search_term_string}"},"query-input":{"@type":"PropertyValueSpecification","valueRequired":true,"valueName":"search_term_string"}}],"inLanguage":"ro-RO"},{"@type":"Organization","@id":"https:\/\/ryfi.online\/ro\/#organization","name":"Ryan Future Investments LLC","url":"https:\/\/ryfi.online\/ro\/","logo":{"@type":"ImageObject","inLanguage":"ro-RO","@id":"https:\/\/ryfi.online\/ro\/#\/schema\/logo\/image\/","url":"https:\/\/ryfi.online\/wp-content\/uploads\/2021\/03\/2-03.png","contentUrl":"https:\/\/ryfi.online\/wp-content\/uploads\/2021\/03\/2-03.png","width":1010,"height":310,"caption":"Ryan Future Investments LLC"},"image":{"@id":"https:\/\/ryfi.online\/ro\/#\/schema\/logo\/image\/"},"sameAs":["https:\/\/www.facebook.com\/ryfi.online\/"]}]},"product_brand":"Plush Toys","product_price_amount":"14.99","product_price_currency":"USD","og_availability":"instock","product_availability":"instock","product_condition":"new"},"jetpack-related-posts":[{"id":13089,"url":"https:\/\/ryfi.online\/de\/produkt\/paw-patrol-10-chase-plush-toy-standing-plush-with-stitched-detailing-for-ages-3-and-up-2\/","url_meta":{"origin":13064,"position":0},"title":"Paw Patrol &#8211; 10&#8243; Chase Pl\u00fcschspielzeug, stehender Pl\u00fcsch mit gen\u00e4hten Details, f\u00fcr 3 Jahre und \u00e4lter","date":"mai 4, 2021","format":false,"excerpt":"Kleine PAW Patrol-Fans k\u00f6nnen sich einkuscheln und von Abenteuern mit ihrem Lieblingshund Chase tr\u00e4umen! Dieser 10\" gro\u00dfe Pl\u00fcschwelpe steht von ganz alleine aufrecht und ist bereit f\u00fcr Action! Chase tr\u00e4gt seine typische PAW Patrol Uniform, komplett mit kuscheliger M\u00fctze und PAW Patrol Abzeichen. Er hat sogar Pfotenabdr\u00fccke auf allen Vieren!\u2026","rel":"","context":"Articol similar","img":{"alt_text":"","src":"https:\/\/i0.wp.com\/ryfi.online\/wp-content\/uploads\/2021\/05\/81c46n9nwAL._AC_SL1500_.jpg?resize=350%2C200&ssl=1","width":350,"height":200},"classes":[]},{"id":5277,"url":"https:\/\/ryfi.online\/de\/produkt\/bag-messenger-paw-patrol-28207\/","url_meta":{"origin":13064,"position":1},"title":"Paw Patrol Umh\u00e4ngetasche 28*20*7","date":"iunie 16, 2021","format":false,"excerpt":"Kostenloser Versand 1-3 Werktage Kostenlose R\u00fccksendung","rel":"","context":"Articol similar","img":{"alt_text":"Paw Patrol Umh\u00e4ngetasche","src":"https:\/\/i0.wp.com\/ryfi.online\/wp-content\/uploads\/2021\/06\/PH4912_BL.jpg?resize=350%2C200&ssl=1","width":350,"height":200},"classes":[]},{"id":3826,"url":"https:\/\/ryfi.online\/de\/produkt\/paw-patrol-pyjamas-fur-kinder\/","url_meta":{"origin":13064,"position":2},"title":"Paw Patrol Jungen Schlafanzug HU2034","date":"octombrie 8, 2021","format":false,"excerpt":"Schneller und sicherer Versand in 1-3 Werktagen","rel":"","context":"Articol similar","img":{"alt_text":"","src":"https:\/\/i0.wp.com\/ryfi.online\/wp-content\/uploads\/2021\/10\/hu2034.jpg?resize=350%2C200&ssl=1","width":350,"height":200},"classes":[]},{"id":5764,"url":"https:\/\/ryfi.online\/de\/produkt\/kinder-nickelodeon-paw-patrol-design-baseball-cap\/","url_meta":{"origin":13064,"position":3},"title":"Jungen Nickelodeon Paw Patrol Baseballm\u00fctze UE4157","date":"iunie 9, 2021","format":false,"excerpt":"Kostenloser Versand in 1-3 Werktagen","rel":"","context":"Articol similar","img":{"alt_text":"Nickelodeon Paw Patrol M\u00fctze","src":"https:\/\/i0.wp.com\/ryfi.online\/wp-content\/uploads\/2021\/06\/ue4157_ye.jpg?resize=350%2C200&ssl=1","width":350,"height":200},"classes":[]},{"id":12961,"url":"https:\/\/ryfi.online\/de\/produkt\/paw-patrol-10-rubble-plush-toy-standing-plush-with-stitched-detailing-for-ages-3-and-up-multicolor-2\/","url_meta":{"origin":13064,"position":4},"title":"Paw Patrol &#8211; 10&#8243; Rubble Pl\u00fcschspielzeug, stehendes Pl\u00fcsch mit gen\u00e4hten Details, f\u00fcr Kinder ab 3 Jahren, mehrfarbig","date":"mai 4, 2021","format":false,"excerpt":"Kleine PAW Patrol-Fans k\u00f6nnen sich einkuscheln und von Abenteuern mit ihrem Lieblingshund Rubble tr\u00e4umen! Dieser 10\" gro\u00dfe Pl\u00fcschwelpe steht von ganz alleine aufrecht und ist bereit f\u00fcr Action! Rubble tr\u00e4gt seine typische PAW Patrol Uniform, komplett mit kuscheliger M\u00fctze und PAW Patrol Abzeichen. Er hat sogar Pfotenabdr\u00fccke auf allen Vieren!\u2026","rel":"","context":"Articol similar","img":{"alt_text":"","src":"https:\/\/i0.wp.com\/ryfi.online\/wp-content\/uploads\/2021\/05\/71AtjhCJL._AC_SL1500_.jpg?resize=350%2C200&ssl=1","width":350,"height":200},"classes":[]},{"id":12970,"url":"https:\/\/ryfi.online\/de\/produkt\/paw-patrol-10-skyye-plush-toy-standing-plush-with-stitched-detailing-for-ages-3-and-up\/","url_meta":{"origin":13064,"position":5},"title":"Paw Patrol &#8211; 10&#8243; Skye Pl\u00fcschspielzeug, stehendes Pl\u00fcsch mit gen\u00e4hten Details, f\u00fcr 3 Jahre und \u00e4lter","date":"mai 4, 2021","format":false,"excerpt":"Kleine PAW Patrol-Fans k\u00f6nnen sich einkuscheln und von Abenteuern mit ihrer Lieblingsh\u00fcndin Skye tr\u00e4umen! Dieser 10\" gro\u00dfe Pl\u00fcschhund steht von ganz alleine aufrecht und ist bereit f\u00fcr Action! Skye tr\u00e4gt ihre typische PAW Patrol Uniform, komplett mit kuscheliger M\u00fctze und PAW Patrol Abzeichen. Sie hat sogar Pfotenabdr\u00fccke auf allen Vieren!\u2026","rel":"","context":"Articol similar","img":{"alt_text":"","src":"https:\/\/i0.wp.com\/ryfi.online\/wp-content\/uploads\/2021\/05\/81EbdDqXYyL._AC_SL1500_.jpg?resize=350%2C200&ssl=1","width":350,"height":200},"classes":[]}],"_links":{"self":[{"href":"https:\/\/ryfi.online\/ro\/wp-json\/wp\/v2\/product\/13064","targetHints":{"allow":["GET"]}}],"collection":[{"href":"https:\/\/ryfi.online\/ro\/wp-json\/wp\/v2\/product"}],"about":[{"href":"https:\/\/ryfi.online\/ro\/wp-json\/wp\/v2\/types\/product"}],"replies":[{"embeddable":true,"href":"https:\/\/ryfi.online\/ro\/wp-json\/wp\/v2\/comments?post=13064"}],"wp:featuredmedia":[{"embeddable":true,"href":"https:\/\/ryfi.online\/ro\/wp-json\/wp\/v2\/media\/10706"}],"wp:attachment":[{"href":"https:\/\/ryfi.online\/ro\/wp-json\/wp\/v2\/media?parent=13064"}],"wp:term":[{"taxonomy":"product_brand","embeddable":true,"href":"https:\/\/ryfi.online\/ro\/wp-json\/wp\/v2\/product_brand?post=13064"},{"taxonomy":"product_cat","embeddable":true,"href":"https:\/\/ryfi.online\/ro\/wp-json\/wp\/v2\/product_cat?post=13064"},{"taxonomy":"product_tag","embeddable":true,"href":"https:\/\/ryfi.online\/ro\/wp-json\/wp\/v2\/product_tag?post=13064"}],"curies":[{"name":"wp","href":"https:\/\/api.w.org\/{rel}","templated":true}]}}