{"id":13000,"date":"2021-05-04T18:57:58","date_gmt":"2022-11-30T19:07:29","guid":{"rendered":"https:\/\/ryfi.online\/product\/paw-patrol-5-minge-de-plus-de-5-plus-pentru-varste-de-la-1-an-in-sus\/"},"modified":"2022-11-30T19:07:29","modified_gmt":"2022-11-30T19:07:29","slug":"paw-patrol-5-plush-ball-plush-plush-for-ages-1-and-up","status":"publish","type":"product","link":"https:\/\/ryfi.online\/ro\/produs\/paw-patrol-5-plush-ball-plush-plush-for-ages-1-and-up\/","title":{"rendered":"Paw Patrol &#8211; 5 &#8220;minge de plu\u0219 de 5&#8221;, plu\u0219 pentru v\u00e2rste de la 1 an \u00een sus"},"content":{"rendered":"<ul class=\"a-unordered-list a-vertical a-spacing-mini\">\n<li><span class=\"a-list-item\">DIMENSIUNI: Fiecare bil\u0103 m\u0103soar\u0103 aproximativ 5&#8243; &#8211; 6&#8243; \u00een diametru. Mingile u\u0219oare, moi \u0219i u\u0219or de str\u00e2ns sunt surprinz\u0103tor de durabile \u0219i distractive de aruncat.<\/span><\/li>\n<li><span class=\"a-list-item\">SET DE CADOURI: Excelent pentru copii cu v\u00e2rste de la 1 an \u0219i peste. Ideal pentru a se juca \u00een interior \u0219i \u00een aer liber!<\/span><\/li>\n<li><span class=\"a-list-item\">DISTRAC\u021aIE \u0218I SIGURAN\u021a\u0102: Aceste bile de plu\u0219 sunt umplute \u0219i moi. Ele sunt complet sigure \u0219i distractive \u0219i nu vor r\u0103ni copiii mici dac\u0103 sunt lovi\u021bi accidental de una!<\/span><\/li>\n<li><span class=\"a-list-item\">DIMENSIUNE PERFECT\u0102: 5&#8243; Inch sunt suficient de mari pentru a se juca pentru copii de toate v\u00e2rstele, dar sunt, de asemenea, \u0219i<\/span><\/li>\n<\/ul>\n","protected":false},"excerpt":{"rendered":"<p>DIMENSIUNI: Fiecare bil\u0103 m\u0103soar\u0103 aproximativ 5&#8243; &#8211; 6&#8243; \u00een diametru. Mingile u\u0219oare, moi \u0219i u\u0219or de str\u00e2ns sunt surprinz\u0103tor de durabile \u0219i distractive de aruncat. SET DE CADOURI: Excelent pentru copii cu v\u00e2rste de la 1 an \u0219i peste. Ideal pentru a se juca \u00een interior \u0219i \u00een aer liber! DISTRAC\u021aIE \u0218I SIGURAN\u021a\u0102: Aceste bile [&hellip;]<\/p>\n","protected":false},"featured_media":10794,"comment_status":"open","ping_status":"closed","template":"","meta":[],"product_brand":[],"product_cat":[331],"product_tag":[326],"class_list":{"0":"post-13000","1":"product","2":"type-product","3":"status-publish","4":"has-post-thumbnail","6":"product_cat-plush-toys-ro","7":"product_tag-ro","9":"first","10":"instock","11":"featured","12":"taxable","13":"shipping-taxable","14":"purchasable","15":"product-type-variable"},"yoast_head":"<!-- This site is optimized with the Yoast SEO Premium plugin v17.1.2 (Yoast SEO v27.5) - https:\/\/yoast.com\/product\/yoast-seo-premium-wordpress\/ -->\n<title>Paw Patrol Plush Ball - Ryfi Online Store<\/title>\n<meta name=\"description\" content=\"Dac\u0103 sunte\u021bi \u00een c\u0103utarea pentru Paw Patrol Plush Ball \u00een SUA? Apoi, a\u021bi venit la locul potrivit, Ryfi.online ofer\u0103 diferite tipuri de plu\u0219uri, pentru mai multe informa\u021bii Vizita\u021bi site-ul nostru ast\u0103zi!\" \/>\n<meta name=\"robots\" content=\"index, follow, max-snippet:-1, max-image-preview:large, max-video-preview:-1\" \/>\n<link rel=\"canonical\" href=\"https:\/\/ryfi.online\/ro\/produs\/paw-patrol-5-plush-ball-plush-plush-for-ages-1-and-up\/\" \/>\n<meta property=\"og:locale\" content=\"ro_RO\" \/>\n<meta property=\"og:type\" content=\"article\" \/>\n<meta property=\"og:title\" content=\"Paw Patrol - 5 &quot;minge de plu\u0219 de 5&quot;, plu\u0219 pentru v\u00e2rste de la 1 an \u00een sus\" \/>\n<meta property=\"og:description\" content=\"Dac\u0103 sunte\u021bi \u00een c\u0103utarea pentru Paw Patrol Plush Ball \u00een SUA? Apoi, a\u021bi venit la locul potrivit, Ryfi.online ofer\u0103 diferite tipuri de plu\u0219uri, pentru mai multe informa\u021bii Vizita\u021bi site-ul nostru ast\u0103zi!\" \/>\n<meta property=\"og:url\" content=\"https:\/\/ryfi.online\/ro\/produs\/paw-patrol-5-plush-ball-plush-plush-for-ages-1-and-up\/\" \/>\n<meta property=\"og:site_name\" content=\"Ryfi Online Store\" \/>\n<meta property=\"article:publisher\" content=\"https:\/\/www.facebook.com\/ryfi.online\/\" \/>\n<meta property=\"og:image\" content=\"https:\/\/ryfi.online\/wp-content\/uploads\/2021\/05\/20210504_1503061-scaled.jpg\" \/>\n\t<meta property=\"og:image:width\" content=\"2560\" \/>\n\t<meta property=\"og:image:height\" content=\"1277\" \/>\n\t<meta property=\"og:image:type\" content=\"image\/jpeg\" \/>\n<meta name=\"twitter:card\" content=\"summary_large_image\" \/>\n<meta name=\"twitter:label1\" content=\"Availability\" \/>\n\t<meta name=\"twitter:data1\" content=\"In stock\" \/>\n<meta property=\"product:brand\" content=\"Plush Toys\" \/>\n<meta property=\"og:availability\" content=\"instock\" \/>\n<meta property=\"product:availability\" content=\"instock\" \/>\n<meta property=\"product:condition\" content=\"new\" \/>\n<!-- \/ Yoast SEO Premium plugin. -->","yoast_head_json":{"title":"Paw Patrol Plush Ball - Ryfi Online Store","description":"Dac\u0103 sunte\u021bi \u00een c\u0103utarea pentru Paw Patrol Plush Ball \u00een SUA? Apoi, a\u021bi venit la locul potrivit, Ryfi.online ofer\u0103 diferite tipuri de plu\u0219uri, pentru mai multe informa\u021bii Vizita\u021bi site-ul nostru ast\u0103zi!","robots":{"index":"index","follow":"follow","max-snippet":"max-snippet:-1","max-image-preview":"max-image-preview:large","max-video-preview":"max-video-preview:-1"},"canonical":"https:\/\/ryfi.online\/ro\/produs\/paw-patrol-5-plush-ball-plush-plush-for-ages-1-and-up\/","og_locale":"ro_RO","og_type":"article","og_title":"Paw Patrol - 5 \"minge de plu\u0219 de 5\", plu\u0219 pentru v\u00e2rste de la 1 an \u00een sus","og_description":"Dac\u0103 sunte\u021bi \u00een c\u0103utarea pentru Paw Patrol Plush Ball \u00een SUA? Apoi, a\u021bi venit la locul potrivit, Ryfi.online ofer\u0103 diferite tipuri de plu\u0219uri, pentru mai multe informa\u021bii Vizita\u021bi site-ul nostru ast\u0103zi!","og_url":"https:\/\/ryfi.online\/ro\/produs\/paw-patrol-5-plush-ball-plush-plush-for-ages-1-and-up\/","og_site_name":"Ryfi Online Store","article_publisher":"https:\/\/www.facebook.com\/ryfi.online\/","og_image":[{"width":2560,"height":1277,"url":"https:\/\/ryfi.online\/wp-content\/uploads\/2021\/05\/20210504_1503061-scaled.jpg","type":"image\/jpeg"}],"twitter_card":"summary_large_image","twitter_misc":{"Availability":"In stock"},"schema":{"@context":"https:\/\/schema.org","@graph":[{"@type":"WebPage","@id":"https:\/\/ryfi.online\/ro\/produs\/paw-patrol-5-plush-ball-plush-plush-for-ages-1-and-up\/","url":"https:\/\/ryfi.online\/ro\/produs\/paw-patrol-5-plush-ball-plush-plush-for-ages-1-and-up\/","name":"Paw Patrol Plush Ball - Ryfi Online Store","isPartOf":{"@id":"https:\/\/ryfi.online\/ro\/#website"},"primaryImageOfPage":{"@id":"https:\/\/ryfi.online\/ro\/produs\/paw-patrol-5-plush-ball-plush-plush-for-ages-1-and-up\/#primaryimage"},"image":{"@id":"https:\/\/ryfi.online\/ro\/produs\/paw-patrol-5-plush-ball-plush-plush-for-ages-1-and-up\/#primaryimage"},"thumbnailUrl":"https:\/\/ryfi.online\/wp-content\/uploads\/2021\/05\/20210504_1503061-scaled.jpg","datePublished":"2022-11-30T19:07:29+00:00","description":"Dac\u0103 sunte\u021bi \u00een c\u0103utarea pentru Paw Patrol Plush Ball \u00een SUA? Apoi, a\u021bi venit la locul potrivit, Ryfi.online ofer\u0103 diferite tipuri de plu\u0219uri, pentru mai multe informa\u021bii Vizita\u021bi site-ul nostru ast\u0103zi!","breadcrumb":{"@id":"https:\/\/ryfi.online\/ro\/produs\/paw-patrol-5-plush-ball-plush-plush-for-ages-1-and-up\/#breadcrumb"},"inLanguage":"ro-RO","potentialAction":[{"@type":"ReadAction","target":["https:\/\/ryfi.online\/ro\/produs\/paw-patrol-5-plush-ball-plush-plush-for-ages-1-and-up\/"]}]},{"@type":"ImageObject","inLanguage":"ro-RO","@id":"https:\/\/ryfi.online\/ro\/produs\/paw-patrol-5-plush-ball-plush-plush-for-ages-1-and-up\/#primaryimage","url":"https:\/\/ryfi.online\/wp-content\/uploads\/2021\/05\/20210504_1503061-scaled.jpg","contentUrl":"https:\/\/ryfi.online\/wp-content\/uploads\/2021\/05\/20210504_1503061-scaled.jpg","width":2560,"height":1277},{"@type":"BreadcrumbList","@id":"https:\/\/ryfi.online\/ro\/produs\/paw-patrol-5-plush-ball-plush-plush-for-ages-1-and-up\/#breadcrumb","itemListElement":[{"@type":"ListItem","position":1,"name":"Home","item":"https:\/\/ryfi.online\/ro\/"},{"@type":"ListItem","position":2,"name":"Free and Fast Shipping whitin 1-3 Days!!!","item":"https:\/\/ryfi.online\/shop\/"},{"@type":"ListItem","position":3,"name":"Paw Patrol &#8211; 5 &#8220;minge de plu\u0219 de 5&#8221;, plu\u0219 pentru v\u00e2rste de la 1 an \u00een sus"}]},{"@type":"WebSite","@id":"https:\/\/ryfi.online\/ro\/#website","url":"https:\/\/ryfi.online\/ro\/","name":"Ryfi Online Store","description":"Online Store","publisher":{"@id":"https:\/\/ryfi.online\/ro\/#organization"},"potentialAction":[{"@type":"SearchAction","target":{"@type":"EntryPoint","urlTemplate":"https:\/\/ryfi.online\/ro\/?s={search_term_string}"},"query-input":{"@type":"PropertyValueSpecification","valueRequired":true,"valueName":"search_term_string"}}],"inLanguage":"ro-RO"},{"@type":"Organization","@id":"https:\/\/ryfi.online\/ro\/#organization","name":"Ryan Future Investments LLC","url":"https:\/\/ryfi.online\/ro\/","logo":{"@type":"ImageObject","inLanguage":"ro-RO","@id":"https:\/\/ryfi.online\/ro\/#\/schema\/logo\/image\/","url":"https:\/\/ryfi.online\/wp-content\/uploads\/2021\/03\/2-03.png","contentUrl":"https:\/\/ryfi.online\/wp-content\/uploads\/2021\/03\/2-03.png","width":1010,"height":310,"caption":"Ryan Future Investments LLC"},"image":{"@id":"https:\/\/ryfi.online\/ro\/#\/schema\/logo\/image\/"},"sameAs":["https:\/\/www.facebook.com\/ryfi.online\/"]}]},"product_brand":"Plush Toys","og_availability":"instock","product_availability":"instock","product_condition":"new"},"jetpack-related-posts":[{"id":12869,"url":"https:\/\/ryfi.online\/ro\/produs\/disney-minnie-mouse-striped-15oz-buddy-sip-tumbler-cup-with-lid-straw-bpa-free-2\/","url_meta":{"origin":13000,"position":0},"title":"Disney Minnie Mouse cu dungi Disney Minnie Mouse 15oz Buddy Sip Tumbler Cup cu capac \u0219i pai, f\u0103r\u0103 BPA","date":"aprilie 4, 2021","format":false,"excerpt":"Transport gratuit \u0219i rapid \u00een termen de 1-3 zile. Buy 4 get 5 Hurry up, hot sales!!!","rel":"","context":"Articol similar","img":{"alt_text":"","src":"https:\/\/i0.wp.com\/ryfi.online\/wp-content\/uploads\/2021\/04\/71jFmrzWXL._AC_SL1244_.jpg?resize=350%2C200&ssl=1","width":350,"height":200},"classes":[]},{"id":12028,"url":"https:\/\/ryfi.online\/ro\/produs\/sapca-de-baseball-de-mickey-de-disney-pentru-copii-ue4176\/","url_meta":{"origin":13000,"position":1},"title":"Sapca de baseball de Mickey de Disney pentru copii UE4176","date":"iunie 9, 2021","format":false,"excerpt":"Env\u00edo gratuito en 1-3 d\u00edas laborales","rel":"","context":"Articol similar","img":{"alt_text":"Gorra Mickey Disney","src":"https:\/\/i0.wp.com\/ryfi.online\/wp-content\/uploads\/2021\/06\/ue4176_lna.jpg?resize=350%2C200&ssl=1","width":350,"height":200},"classes":[]},{"id":11931,"url":"https:\/\/ryfi.online\/ro\/produs\/sapca-de-baseball-cu-model-batman-pentru-copii\/","url_meta":{"origin":13000,"position":2},"title":"\u015eapc\u0103 de baseball cu design Batman pentru b\u0103ie\u0163i UE4224","date":"iunie 16, 2021","format":false,"excerpt":"Livrare gratuit\u0103 1-3 zile lucr\u0103toare Retur gratuit","rel":"","context":"Articol similar","img":{"alt_text":"\u0219apc\u0103 Batman","src":"https:\/\/i0.wp.com\/ryfi.online\/wp-content\/uploads\/2021\/06\/ue4224_bk.jpg?resize=350%2C200&ssl=1","width":350,"height":200},"classes":[]},{"id":12656,"url":"https:\/\/ryfi.online\/ro\/produs\/disney-minnie-design-baseball-cap-pentru-fete\/","url_meta":{"origin":13000,"position":3},"title":"Fete Disney Minnie Baseball Cap","date":"iunie 9, 2021","format":false,"excerpt":"Ca un cadou de ziua de na\u0219tere, de S\u0103rb\u0103tori sau de Pa\u0219te sau pur \u0219i simplu. Cu frumoasa \u0219apc\u0103 Disney Minnie, nu ai cum s\u0103 dai gre\u0219! 100% bumbac \u0219i 100% poliester. Exist\u0103 o \u00eenchidere la spate pentru o potrivire perfect\u0103 cu c\u0103p\u0219oarele pentru un confort maxim. Manopera este excelent\u0103,\u2026","rel":"","context":"Articol similar","img":{"alt_text":"Gorra Minnie Disney","src":"https:\/\/i0.wp.com\/ryfi.online\/wp-content\/uploads\/2021\/06\/et4050_pi.jpg?resize=350%2C200&ssl=1","width":350,"height":200},"classes":[]},{"id":10480,"url":"https:\/\/ryfi.online\/ro\/produs\/capac-spiderman-ev4009\/","url_meta":{"origin":13000,"position":4},"title":"\u0218apc\u0103 Spiderman pentru copii EV4009","date":"aprilie 29, 2022","format":false,"excerpt":"Livrare rapid\u0103 \u0219i sigur\u0103 \u00een 1-3 zile lucr\u0103toare","rel":"","context":"Articol similar","img":{"alt_text":"","src":"https:\/\/i0.wp.com\/ryfi.online\/wp-content\/uploads\/2022\/04\/ev4009_bl.jpg?resize=350%2C200&ssl=1","width":350,"height":200},"classes":[]},{"id":15396,"url":"https:\/\/ryfi.online\/ro\/produs\/baby-doll\/","url_meta":{"origin":13000,"position":5},"title":"P\u0103pu\u0219\u0103 pentru copii","date":"ianuarie 24, 2023","format":false,"excerpt":"Livrare gratuit\u0103 \u0219i rapid\u0103 \u00een 1-3 zile.","rel":"","context":"Articol similar","img":{"alt_text":"","src":"","width":0,"height":0},"classes":[]}],"_links":{"self":[{"href":"https:\/\/ryfi.online\/ro\/wp-json\/wp\/v2\/product\/13000","targetHints":{"allow":["GET"]}}],"collection":[{"href":"https:\/\/ryfi.online\/ro\/wp-json\/wp\/v2\/product"}],"about":[{"href":"https:\/\/ryfi.online\/ro\/wp-json\/wp\/v2\/types\/product"}],"replies":[{"embeddable":true,"href":"https:\/\/ryfi.online\/ro\/wp-json\/wp\/v2\/comments?post=13000"}],"wp:featuredmedia":[{"embeddable":true,"href":"https:\/\/ryfi.online\/ro\/wp-json\/wp\/v2\/media\/10794"}],"wp:attachment":[{"href":"https:\/\/ryfi.online\/ro\/wp-json\/wp\/v2\/media?parent=13000"}],"wp:term":[{"taxonomy":"product_brand","embeddable":true,"href":"https:\/\/ryfi.online\/ro\/wp-json\/wp\/v2\/product_brand?post=13000"},{"taxonomy":"product_cat","embeddable":true,"href":"https:\/\/ryfi.online\/ro\/wp-json\/wp\/v2\/product_cat?post=13000"},{"taxonomy":"product_tag","embeddable":true,"href":"https:\/\/ryfi.online\/ro\/wp-json\/wp\/v2\/product_tag?post=13000"}],"curies":[{"name":"wp","href":"https:\/\/api.w.org\/{rel}","templated":true}]}}