{"id":12921,"date":"2021-04-04T20:29:11","date_gmt":"2022-11-30T19:04:01","guid":{"rendered":"https:\/\/ryfi.online\/product\/zak-designs-1-pack-pj-masks-16-5oz-kids-sullivan-sports-water-bottle-bpa-free\/"},"modified":"2022-11-30T19:04:01","modified_gmt":"2022-11-30T19:04:01","slug":"zak-designs-1-pack-pj-masks-16-5oz-kids-sullivan-sports-sporturi-de-apa-biberon-bpa-free","status":"publish","type":"product","link":"https:\/\/ryfi.online\/ro\/produs\/zak-designs-1-pack-pj-masks-16-5oz-kids-sullivan-sports-sporturi-de-apa-biberon-bpa-free\/","title":{"rendered":"Zak Designs [1-Pack] PJ Masks 16.5oz Kids Sullivan Sports Water Bottle, BPA-Free"},"content":{"rendered":"<div class=\"celwidget\" data-csa-c-id=\"1gczap-t5xhjk-28g08n-oyzonf\" data-cel-widget=\"dpx-product-description_csm_instrumentation_wrapper\">\n<div id=\"descriptionAndDetails\" class=\"a-section a-spacing-extra-large\">\n<div id=\"productDescription_feature_div\" class=\"celwidget\" data-feature-name=\"productDescription\" data-csa-c-id=\"jtdjl7-2bv79w-kesh72-tugbx0\" data-cel-widget=\"productDescription_feature_div\">\n<div>\n<div id=\"productDescription_feature_div\" class=\"a-row feature\" data-feature-name=\"productDescription\" data-template-name=\"productDescription\" data-cel-widget=\"productDescription_feature_div\">\n<div id=\"productDescription\" class=\"a-section a-spacing-small\">\n<p>Lucr\u0103rile artistice amuzante fac din hidratare o explozie! Aceast\u0103 sticl\u0103 are o capacitate de 16,5 uncii, cu o bucl\u0103 de transport \u00eencorporat\u0103 \u00een capac, astfel \u00eenc\u00e2t s\u0103 o pute\u021bi lua la pachet. Capacul u\u0219or de deschis protejeaz\u0103 gura de scurgere atunci c\u00e2nd nu este folosit\u0103, iar totul este fabricat din plastic rezistent. Sticla este complet f\u0103r\u0103 BPA. Se recomand\u0103 sp\u0103larea manual\u0103; nu folosi\u021bi cuptorul cu microunde. Set de unul.<\/p>\n<\/div>\n<\/div>\n<\/div>\n<\/div>\n<\/div>\n<\/div>\n<p><span class=\"a-list-item\">\u2705 Set de 1 cu PJ Masks &#8211; licen\u021biat oficial<\/span><\/p>\n<p><span class=\"a-list-item\">\u2705 Capacul cu \u0219urub are o bucl\u0103 de transport \u00eencorporat\u0103<\/span><\/p>\n<p><span class=\"a-list-item\">\u2705 Fabricat din plastic durabil BPA-Free<\/span><\/p>\n<p><span class=\"a-list-item\">\u2705 Capacitate de 16,5 oz cu capac u\u0219or de deschis, care men\u021bine curat\u0103 gura de scurgere<\/span><\/p>\n<p><span class=\"a-list-item\">\u2705 Se recomand\u0103 sp\u0103larea manual\u0103; nu folosi\u021bi cuptorul cu microunde.<\/span><\/p>\n","protected":false},"excerpt":{"rendered":"<p><strong>Transport gratuit \u0219i rapid \u00een termen de 1-3 zile.<\/strong><\/p>\n<h3><strong>Buy 4 get 5<\/strong><\/h3>\n<h3><span style=\"color: #ff0000;\"><strong><em>Hurry up, hot sales!!!<\/em><\/strong><\/span><\/h3>\n","protected":false},"featured_media":10586,"comment_status":"open","ping_status":"closed","template":"","meta":[],"product_brand":[],"product_cat":[321],"product_tag":[326],"class_list":{"0":"post-12921","1":"product","2":"type-product","3":"status-publish","4":"has-post-thumbnail","6":"product_cat-sticle-de-apa-pentru-sport","7":"product_tag-ro","9":"first","10":"instock","11":"featured","12":"taxable","13":"shipping-taxable","14":"purchasable","15":"product-type-simple"},"yoast_head":"<!-- This site is optimized with the Yoast SEO Premium plugin v17.1.2 (Yoast SEO v27.4) - https:\/\/yoast.com\/product\/yoast-seo-premium-wordpress\/ -->\n<title>Sticl\u0103 de ap\u0103 pentru copii Sullivan Sports | Zak Designs Water Bottle<\/title>\n<meta name=\"description\" content=\"Cump\u0103ra\u021bi Zak Designs Kids Sullivan Kids Sullivan Sports Water Bottle pentru copiii dvs. la un pre\u021b foarte accesibil de la cel mai bun magazin online Ryfi din SUA.\" \/>\n<meta name=\"robots\" content=\"index, follow, max-snippet:-1, max-image-preview:large, max-video-preview:-1\" \/>\n<link rel=\"canonical\" href=\"https:\/\/ryfi.online\/ro\/produs\/zak-designs-1-pack-pj-masks-16-5oz-kids-sullivan-sports-sporturi-de-apa-biberon-bpa-free\/\" \/>\n<meta property=\"og:locale\" content=\"ro_RO\" \/>\n<meta property=\"og:type\" content=\"article\" \/>\n<meta property=\"og:title\" content=\"Zak Designs [1-Pack] PJ Masks 16.5oz Kids Sullivan Sports Water Bottle, BPA-Free\" \/>\n<meta property=\"og:description\" content=\"Cump\u0103ra\u021bi Zak Designs Kids Sullivan Kids Sullivan Sports Water Bottle pentru copiii dvs. la un pre\u021b foarte accesibil de la cel mai bun magazin online Ryfi din SUA.\" \/>\n<meta property=\"og:url\" content=\"https:\/\/ryfi.online\/ro\/produs\/zak-designs-1-pack-pj-masks-16-5oz-kids-sullivan-sports-sporturi-de-apa-biberon-bpa-free\/\" \/>\n<meta property=\"og:site_name\" content=\"Ryfi Online Store\" \/>\n<meta property=\"article:publisher\" content=\"https:\/\/www.facebook.com\/ryfi.online\/\" \/>\n<meta property=\"og:image\" content=\"https:\/\/ryfi.online\/wp-content\/uploads\/2021\/04\/51SXcTRp3VL._AC_SL1000_.jpg\" \/>\n\t<meta property=\"og:image:width\" content=\"882\" \/>\n\t<meta property=\"og:image:height\" content=\"632\" \/>\n\t<meta property=\"og:image:type\" content=\"image\/jpeg\" \/>\n<meta name=\"twitter:card\" content=\"summary_large_image\" \/>\n<meta name=\"twitter:label1\" content=\"Pre\u021b\" \/>\n\t<meta name=\"twitter:data1\" content=\"&#036;9.99\" \/>\n\t<meta name=\"twitter:label2\" content=\"Availability\" \/>\n\t<meta name=\"twitter:data2\" content=\"In stock\" \/>\n<meta property=\"product:brand\" content=\"Sticle de ap\u0103 pentru sport\" \/>\n<meta property=\"product:price:amount\" content=\"9.99\" \/>\n<meta property=\"product:price:currency\" content=\"USD\" \/>\n<meta property=\"og:availability\" content=\"instock\" \/>\n<meta property=\"product:availability\" content=\"instock\" \/>\n<meta property=\"product:condition\" content=\"new\" \/>\n<!-- \/ Yoast SEO Premium plugin. -->","yoast_head_json":{"title":"Sticl\u0103 de ap\u0103 pentru copii Sullivan Sports | Zak Designs Water Bottle","description":"Cump\u0103ra\u021bi Zak Designs Kids Sullivan Kids Sullivan Sports Water Bottle pentru copiii dvs. la un pre\u021b foarte accesibil de la cel mai bun magazin online Ryfi din SUA.","robots":{"index":"index","follow":"follow","max-snippet":"max-snippet:-1","max-image-preview":"max-image-preview:large","max-video-preview":"max-video-preview:-1"},"canonical":"https:\/\/ryfi.online\/ro\/produs\/zak-designs-1-pack-pj-masks-16-5oz-kids-sullivan-sports-sporturi-de-apa-biberon-bpa-free\/","og_locale":"ro_RO","og_type":"article","og_title":"Zak Designs [1-Pack] PJ Masks 16.5oz Kids Sullivan Sports Water Bottle, BPA-Free","og_description":"Cump\u0103ra\u021bi Zak Designs Kids Sullivan Kids Sullivan Sports Water Bottle pentru copiii dvs. la un pre\u021b foarte accesibil de la cel mai bun magazin online Ryfi din SUA.","og_url":"https:\/\/ryfi.online\/ro\/produs\/zak-designs-1-pack-pj-masks-16-5oz-kids-sullivan-sports-sporturi-de-apa-biberon-bpa-free\/","og_site_name":"Ryfi Online Store","article_publisher":"https:\/\/www.facebook.com\/ryfi.online\/","og_image":[{"width":882,"height":632,"url":"https:\/\/ryfi.online\/wp-content\/uploads\/2021\/04\/51SXcTRp3VL._AC_SL1000_.jpg","type":"image\/jpeg"}],"twitter_card":"summary_large_image","twitter_misc":{"Pre\u021b":"&#36;9.99","Availability":"In stock"},"schema":{"@context":"https:\/\/schema.org","@graph":[{"@type":"WebPage","@id":"https:\/\/ryfi.online\/ro\/produs\/zak-designs-1-pack-pj-masks-16-5oz-kids-sullivan-sports-sporturi-de-apa-biberon-bpa-free\/","url":"https:\/\/ryfi.online\/ro\/produs\/zak-designs-1-pack-pj-masks-16-5oz-kids-sullivan-sports-sporturi-de-apa-biberon-bpa-free\/","name":"Sticl\u0103 de ap\u0103 pentru copii Sullivan Sports | Zak Designs Water Bottle","isPartOf":{"@id":"https:\/\/ryfi.online\/ro\/#website"},"primaryImageOfPage":{"@id":"https:\/\/ryfi.online\/ro\/produs\/zak-designs-1-pack-pj-masks-16-5oz-kids-sullivan-sports-sporturi-de-apa-biberon-bpa-free\/#primaryimage"},"image":{"@id":"https:\/\/ryfi.online\/ro\/produs\/zak-designs-1-pack-pj-masks-16-5oz-kids-sullivan-sports-sporturi-de-apa-biberon-bpa-free\/#primaryimage"},"thumbnailUrl":"https:\/\/ryfi.online\/wp-content\/uploads\/2021\/04\/51SXcTRp3VL._AC_SL1000_.jpg","datePublished":"2022-11-30T19:04:01+00:00","description":"Cump\u0103ra\u021bi Zak Designs Kids Sullivan Kids Sullivan Sports Water Bottle pentru copiii dvs. la un pre\u021b foarte accesibil de la cel mai bun magazin online Ryfi din SUA.","breadcrumb":{"@id":"https:\/\/ryfi.online\/ro\/produs\/zak-designs-1-pack-pj-masks-16-5oz-kids-sullivan-sports-sporturi-de-apa-biberon-bpa-free\/#breadcrumb"},"inLanguage":"ro-RO","potentialAction":[{"@type":"ReadAction","target":["https:\/\/ryfi.online\/ro\/produs\/zak-designs-1-pack-pj-masks-16-5oz-kids-sullivan-sports-sporturi-de-apa-biberon-bpa-free\/"]}]},{"@type":"ImageObject","inLanguage":"ro-RO","@id":"https:\/\/ryfi.online\/ro\/produs\/zak-designs-1-pack-pj-masks-16-5oz-kids-sullivan-sports-sporturi-de-apa-biberon-bpa-free\/#primaryimage","url":"https:\/\/ryfi.online\/wp-content\/uploads\/2021\/04\/51SXcTRp3VL._AC_SL1000_.jpg","contentUrl":"https:\/\/ryfi.online\/wp-content\/uploads\/2021\/04\/51SXcTRp3VL._AC_SL1000_.jpg","width":882,"height":632},{"@type":"BreadcrumbList","@id":"https:\/\/ryfi.online\/ro\/produs\/zak-designs-1-pack-pj-masks-16-5oz-kids-sullivan-sports-sporturi-de-apa-biberon-bpa-free\/#breadcrumb","itemListElement":[{"@type":"ListItem","position":1,"name":"Home","item":"https:\/\/ryfi.online\/ro\/"},{"@type":"ListItem","position":2,"name":"Free and Fast Shipping whitin 1-3 Days!!!","item":"https:\/\/ryfi.online\/shop\/"},{"@type":"ListItem","position":3,"name":"Zak Designs [1-Pack] PJ Masks 16.5oz Kids Sullivan Sports Water Bottle, BPA-Free"}]},{"@type":"WebSite","@id":"https:\/\/ryfi.online\/ro\/#website","url":"https:\/\/ryfi.online\/ro\/","name":"Ryfi Online Store","description":"Online Store","publisher":{"@id":"https:\/\/ryfi.online\/ro\/#organization"},"potentialAction":[{"@type":"SearchAction","target":{"@type":"EntryPoint","urlTemplate":"https:\/\/ryfi.online\/ro\/?s={search_term_string}"},"query-input":{"@type":"PropertyValueSpecification","valueRequired":true,"valueName":"search_term_string"}}],"inLanguage":"ro-RO"},{"@type":"Organization","@id":"https:\/\/ryfi.online\/ro\/#organization","name":"Ryan Future Investments LLC","url":"https:\/\/ryfi.online\/ro\/","logo":{"@type":"ImageObject","inLanguage":"ro-RO","@id":"https:\/\/ryfi.online\/ro\/#\/schema\/logo\/image\/","url":"https:\/\/ryfi.online\/wp-content\/uploads\/2021\/03\/2-03.png","contentUrl":"https:\/\/ryfi.online\/wp-content\/uploads\/2021\/03\/2-03.png","width":1010,"height":310,"caption":"Ryan Future Investments LLC"},"image":{"@id":"https:\/\/ryfi.online\/ro\/#\/schema\/logo\/image\/"},"sameAs":["https:\/\/www.facebook.com\/ryfi.online\/"]}]},"product_brand":"Sticle de ap\u0103 pentru sport","product_price_amount":"9.99","product_price_currency":"USD","og_availability":"instock","product_availability":"instock","product_condition":"new"},"jetpack-related-posts":[{"id":12934,"url":"https:\/\/ryfi.online\/de\/produkt\/zak-designs-1-pack-pj-masken-16-5oz-kinder-sullivan-sport-wasser-flasche-bpa-frei\/","url_meta":{"origin":12921,"position":0},"title":"Zak Designs [1-Pack] PJ Masks 16,5oz Kinder Sullivan Sport Wasserflasche, BPA-frei","date":"aprilie 4, 2021","format":false,"excerpt":"Kostenloser und schneller Versand innerhalb von 1-3 Tagen. Kaufe 4, erhalte 5 Beeilen Sie sich, hei\u00dfe Verk\u00e4ufe!!!","rel":"","context":"Articol similar","img":{"alt_text":"","src":"https:\/\/i0.wp.com\/ryfi.online\/wp-content\/uploads\/2021\/04\/51SXcTRp3VL._AC_SL1000_.jpg?resize=350%2C200&ssl=1","width":350,"height":200},"classes":[]},{"id":12878,"url":"https:\/\/ryfi.online\/de\/produkt\/disney-1-pack-minnie-maus-bowtique-16oz-pull-top-squirt-wasser-flaschen-lila-rosa-bpa-frei\/","url_meta":{"origin":12921,"position":1},"title":"Disney 1-Pack Minnie Mouse Bowtique 16oz Pull-Top Squirt Wasserflaschen, lila\/rosa, BPA-frei","date":"aprilie 4, 2021","format":false,"excerpt":"Kostenloser und schneller Versand innerhalb von 1-3 Tagen. Kaufe 4, erhalte 5 Beeilen Sie sich, hei\u00dfe Verk\u00e4ufe!!!","rel":"","context":"Articol similar","img":{"alt_text":"","src":"https:\/\/i0.wp.com\/ryfi.online\/wp-content\/uploads\/2021\/04\/51TjhBshTML._AC_SL1000_.jpg?resize=350%2C200&ssl=1","width":350,"height":200},"classes":[]},{"id":12898,"url":"https:\/\/ryfi.online\/de\/produkt\/marvel-universe-16-5oz-kids-sullivan-sports-wasser-flasche-bpa-frei-schwarz-rot-blau\/","url_meta":{"origin":12921,"position":2},"title":"Marvel Universe 16,5oz Kinder Sullivan Sport Wasserflasche, BPA-frei, schwarz, rot, blau","date":"aprilie 4, 2021","format":false,"excerpt":"Kostenloser und schneller Versand innerhalb von 1-3 Tagen. Kaufe 4, erhalte 5 Beeilen Sie sich, hei\u00dfe Verk\u00e4ufe!!!","rel":"","context":"Articol similar","img":{"alt_text":"","src":"https:\/\/i0.wp.com\/ryfi.online\/wp-content\/uploads\/2021\/04\/51yLdOxL4L._AC_.jpg?resize=350%2C200&ssl=1","width":350,"height":200},"classes":[]},{"id":12873,"url":"https:\/\/ryfi.online\/de\/produkt\/disney-minnie-maus-gestreift-15oz-buddy-sip-tumbler-becher-mit-deckel-stroh-bpa-frei\/","url_meta":{"origin":12921,"position":3},"title":"Disney Minnie Mouse gestreift 15oz Buddy Sip Becher mit Deckel &amp; Strohhalm, BPA-frei","date":"aprilie 4, 2021","format":false,"excerpt":"Kostenloser und schneller Versand innerhalb von 1-3 Tagen. Kaufe 4, erhalte 5 Beeilen Sie sich, hei\u00dfe Verk\u00e4ufe!!!","rel":"","context":"Articol similar","img":{"alt_text":"","src":"https:\/\/i0.wp.com\/ryfi.online\/wp-content\/uploads\/2021\/04\/71jFmrzWXL._AC_SL1244_.jpg?resize=350%2C200&ssl=1","width":350,"height":200},"classes":[]},{"id":15393,"url":"https:\/\/ryfi.online\/de\/produkt\/babypuppe\/","url_meta":{"origin":12921,"position":4},"title":"Baby-Puppe","date":"ianuarie 24, 2023","format":false,"excerpt":"Kostenlose und schnelle Lieferung in 1-3 Tagen.","rel":"","context":"Articol similar","img":{"alt_text":"","src":"","width":0,"height":0},"classes":[]},{"id":4208,"url":"https:\/\/ryfi.online\/de\/produkt\/flasche-sport-400-ml-spiderman-streets\/","url_meta":{"origin":12921,"position":5},"title":"SPORTFLASCHE 400 ML SPIDERMAN STREETS","date":"septembrie 4, 2021","format":false,"excerpt":"Kostenloser Versand 1-3 Werktage Kostenlose R\u00fccksendung","rel":"","context":"Articol similar","img":{"alt_text":"","src":"https:\/\/i0.wp.com\/ryfi.online\/wp-content\/uploads\/2021\/09\/51332_A.jpg?resize=350%2C200&ssl=1","width":350,"height":200},"classes":[]}],"_links":{"self":[{"href":"https:\/\/ryfi.online\/ro\/wp-json\/wp\/v2\/product\/12921","targetHints":{"allow":["GET"]}}],"collection":[{"href":"https:\/\/ryfi.online\/ro\/wp-json\/wp\/v2\/product"}],"about":[{"href":"https:\/\/ryfi.online\/ro\/wp-json\/wp\/v2\/types\/product"}],"replies":[{"embeddable":true,"href":"https:\/\/ryfi.online\/ro\/wp-json\/wp\/v2\/comments?post=12921"}],"wp:featuredmedia":[{"embeddable":true,"href":"https:\/\/ryfi.online\/ro\/wp-json\/wp\/v2\/media\/10586"}],"wp:attachment":[{"href":"https:\/\/ryfi.online\/ro\/wp-json\/wp\/v2\/media?parent=12921"}],"wp:term":[{"taxonomy":"product_brand","embeddable":true,"href":"https:\/\/ryfi.online\/ro\/wp-json\/wp\/v2\/product_brand?post=12921"},{"taxonomy":"product_cat","embeddable":true,"href":"https:\/\/ryfi.online\/ro\/wp-json\/wp\/v2\/product_cat?post=12921"},{"taxonomy":"product_tag","embeddable":true,"href":"https:\/\/ryfi.online\/ro\/wp-json\/wp\/v2\/product_tag?post=12921"}],"curies":[{"name":"wp","href":"https:\/\/api.w.org\/{rel}","templated":true}]}}