{"id":12903,"date":"2021-04-04T20:12:14","date_gmt":"2022-11-30T19:03:55","guid":{"rendered":"https:\/\/ryfi.online\/product\/1-pachet-de-sticle-de-apa-disney-minnie-mouse-bowtique-de-16-oz-cu-capac-de-tragere-violet-roz-fara-bpa\/"},"modified":"2022-11-30T19:03:55","modified_gmt":"2022-11-30T19:03:55","slug":"disney-1-pachet-minnie-mouse-bowtique-16oz-pull-top-squirt-butelii-de-apa-purpuriu-roz-bpa-free","status":"publish","type":"product","link":"https:\/\/ryfi.online\/ro\/produs\/disney-1-pachet-minnie-mouse-bowtique-16oz-pull-top-squirt-butelii-de-apa-purpuriu-roz-bpa-free\/","title":{"rendered":"1 pachet de sticle de ap\u0103 Disney Minnie Mouse Bowtique de 16 oz cu capac de tragere, violet\/roz, f\u0103r\u0103 BPA"},"content":{"rendered":"<p>Perfect pentru toate ocaziile. Interior \u0219i exterior. Forma modelat\u0103 este u\u0219or de \u021binut \u00een m\u00e2n\u0103 pentru m\u00e2inile mici. Dimensiunea perfect\u0103 pentru pungile de pr\u00e2nz. Capac cu \u0219urub cu deschidere u\u0219oar\u0103, cu partea de sus. 100% reutilizabile. Set de 1.<\/p>\n<p><span class=\"a-list-item\">\u2705 Set de 1 sticle de ap\u0103 cu capac cu capac cu Minnie Mouse de la Disney<\/span><\/p>\n<p><span class=\"a-list-item\">\u2705 Fabricat din plastic BPA-Free de Zak Designs<\/span><\/p>\n<p><span class=\"a-list-item\">\u2705 Partea de sus are un capac cu \u0219urub cu supap\u0103 de ap\u0103 extractibil\u0103<\/span><\/p>\n<p><span class=\"a-list-item\">\u2705 Fiecare sticl\u0103 con\u021bine 16oz<\/span><\/p>\n<p><span class=\"a-list-item\">\u2705 Perfect pentru cutiile de pr\u00e2nz<\/span><\/p>\n","protected":false},"excerpt":{"rendered":"<p><strong>Transport gratuit \u0219i rapid \u00een termen de 1-3 zile.<\/strong><\/p>\n<h3><strong>Buy 4 get 5<\/strong><\/h3>\n<h3><span style=\"color: #ff0000;\"><strong><em>Hurry up, hot sales!!!<\/em><\/strong><\/span><\/h3>\n","protected":false},"featured_media":10574,"comment_status":"open","ping_status":"closed","template":"","meta":[],"product_brand":[],"product_cat":[321],"product_tag":[326],"class_list":{"0":"post-12903","1":"product","2":"type-product","3":"status-publish","4":"has-post-thumbnail","6":"product_cat-sticle-de-apa-pentru-sport","7":"product_tag-ro","9":"first","10":"instock","11":"featured","12":"taxable","13":"shipping-taxable","14":"purchasable","15":"product-type-simple"},"yoast_head":"<!-- This site is optimized with the Yoast SEO Premium plugin v17.1.2 (Yoast SEO v27.5) - https:\/\/yoast.com\/product\/yoast-seo-premium-wordpress\/ -->\n<title>Sticle de ap\u0103 Pull-Top Squirt | Sticle de ap\u0103 Minnie Mouse<\/title>\n<meta name=\"description\" content=\"Dac\u0103 sunte\u021bi \u00een c\u0103utarea de a cump\u0103ra Pull-Top Squirt Sticle de ap\u0103 pentru copii \u00een SUA. Magazin Acum o gam\u0103 larg\u0103 de sticle de ap\u0103 de la ryfi.online!\" \/>\n<meta name=\"robots\" content=\"index, follow, max-snippet:-1, max-image-preview:large, max-video-preview:-1\" \/>\n<link rel=\"canonical\" href=\"https:\/\/ryfi.online\/ro\/produs\/disney-1-pachet-minnie-mouse-bowtique-16oz-pull-top-squirt-butelii-de-apa-purpuriu-roz-bpa-free\/\" \/>\n<meta property=\"og:locale\" content=\"ro_RO\" \/>\n<meta property=\"og:type\" content=\"article\" \/>\n<meta property=\"og:title\" content=\"1 pachet de sticle de ap\u0103 Disney Minnie Mouse Bowtique de 16 oz cu capac de tragere, violet\/roz, f\u0103r\u0103 BPA\" \/>\n<meta property=\"og:description\" content=\"Dac\u0103 sunte\u021bi \u00een c\u0103utarea de a cump\u0103ra Pull-Top Squirt Sticle de ap\u0103 pentru copii \u00een SUA. Magazin Acum o gam\u0103 larg\u0103 de sticle de ap\u0103 de la ryfi.online!\" \/>\n<meta property=\"og:url\" content=\"https:\/\/ryfi.online\/ro\/produs\/disney-1-pachet-minnie-mouse-bowtique-16oz-pull-top-squirt-butelii-de-apa-purpuriu-roz-bpa-free\/\" \/>\n<meta property=\"og:site_name\" content=\"Ryfi Online Store\" \/>\n<meta property=\"article:publisher\" content=\"https:\/\/www.facebook.com\/ryfi.online\/\" \/>\n<meta property=\"og:image\" content=\"https:\/\/ryfi.online\/wp-content\/uploads\/2021\/04\/51TjhBshTML._AC_SL1000_.jpg\" \/>\n\t<meta property=\"og:image:width\" content=\"692\" \/>\n\t<meta property=\"og:image:height\" content=\"928\" \/>\n\t<meta property=\"og:image:type\" content=\"image\/jpeg\" \/>\n<meta name=\"twitter:card\" content=\"summary_large_image\" \/>\n<meta name=\"twitter:label1\" content=\"Pre\u021b\" \/>\n\t<meta name=\"twitter:data1\" content=\"&#036;9.99\" \/>\n\t<meta name=\"twitter:label2\" content=\"Availability\" \/>\n\t<meta name=\"twitter:data2\" content=\"In stock\" \/>\n<meta property=\"product:brand\" content=\"Sticle de ap\u0103 pentru sport\" \/>\n<meta property=\"product:price:amount\" content=\"9.99\" \/>\n<meta property=\"product:price:currency\" content=\"USD\" \/>\n<meta property=\"og:availability\" content=\"instock\" \/>\n<meta property=\"product:availability\" content=\"instock\" \/>\n<meta property=\"product:condition\" content=\"new\" \/>\n<!-- \/ Yoast SEO Premium plugin. -->","yoast_head_json":{"title":"Sticle de ap\u0103 Pull-Top Squirt | Sticle de ap\u0103 Minnie Mouse","description":"Dac\u0103 sunte\u021bi \u00een c\u0103utarea de a cump\u0103ra Pull-Top Squirt Sticle de ap\u0103 pentru copii \u00een SUA. Magazin Acum o gam\u0103 larg\u0103 de sticle de ap\u0103 de la ryfi.online!","robots":{"index":"index","follow":"follow","max-snippet":"max-snippet:-1","max-image-preview":"max-image-preview:large","max-video-preview":"max-video-preview:-1"},"canonical":"https:\/\/ryfi.online\/ro\/produs\/disney-1-pachet-minnie-mouse-bowtique-16oz-pull-top-squirt-butelii-de-apa-purpuriu-roz-bpa-free\/","og_locale":"ro_RO","og_type":"article","og_title":"1 pachet de sticle de ap\u0103 Disney Minnie Mouse Bowtique de 16 oz cu capac de tragere, violet\/roz, f\u0103r\u0103 BPA","og_description":"Dac\u0103 sunte\u021bi \u00een c\u0103utarea de a cump\u0103ra Pull-Top Squirt Sticle de ap\u0103 pentru copii \u00een SUA. Magazin Acum o gam\u0103 larg\u0103 de sticle de ap\u0103 de la ryfi.online!","og_url":"https:\/\/ryfi.online\/ro\/produs\/disney-1-pachet-minnie-mouse-bowtique-16oz-pull-top-squirt-butelii-de-apa-purpuriu-roz-bpa-free\/","og_site_name":"Ryfi Online Store","article_publisher":"https:\/\/www.facebook.com\/ryfi.online\/","og_image":[{"width":692,"height":928,"url":"https:\/\/ryfi.online\/wp-content\/uploads\/2021\/04\/51TjhBshTML._AC_SL1000_.jpg","type":"image\/jpeg"}],"twitter_card":"summary_large_image","twitter_misc":{"Pre\u021b":"&#36;9.99","Availability":"In stock"},"schema":{"@context":"https:\/\/schema.org","@graph":[{"@type":"WebPage","@id":"https:\/\/ryfi.online\/ro\/produs\/disney-1-pachet-minnie-mouse-bowtique-16oz-pull-top-squirt-butelii-de-apa-purpuriu-roz-bpa-free\/","url":"https:\/\/ryfi.online\/ro\/produs\/disney-1-pachet-minnie-mouse-bowtique-16oz-pull-top-squirt-butelii-de-apa-purpuriu-roz-bpa-free\/","name":"Sticle de ap\u0103 Pull-Top Squirt | Sticle de ap\u0103 Minnie Mouse","isPartOf":{"@id":"https:\/\/ryfi.online\/ro\/#website"},"primaryImageOfPage":{"@id":"https:\/\/ryfi.online\/ro\/produs\/disney-1-pachet-minnie-mouse-bowtique-16oz-pull-top-squirt-butelii-de-apa-purpuriu-roz-bpa-free\/#primaryimage"},"image":{"@id":"https:\/\/ryfi.online\/ro\/produs\/disney-1-pachet-minnie-mouse-bowtique-16oz-pull-top-squirt-butelii-de-apa-purpuriu-roz-bpa-free\/#primaryimage"},"thumbnailUrl":"https:\/\/ryfi.online\/wp-content\/uploads\/2021\/04\/51TjhBshTML._AC_SL1000_.jpg","datePublished":"2022-11-30T19:03:55+00:00","description":"Dac\u0103 sunte\u021bi \u00een c\u0103utarea de a cump\u0103ra Pull-Top Squirt Sticle de ap\u0103 pentru copii \u00een SUA. Magazin Acum o gam\u0103 larg\u0103 de sticle de ap\u0103 de la ryfi.online!","breadcrumb":{"@id":"https:\/\/ryfi.online\/ro\/produs\/disney-1-pachet-minnie-mouse-bowtique-16oz-pull-top-squirt-butelii-de-apa-purpuriu-roz-bpa-free\/#breadcrumb"},"inLanguage":"ro-RO","potentialAction":[{"@type":"ReadAction","target":["https:\/\/ryfi.online\/ro\/produs\/disney-1-pachet-minnie-mouse-bowtique-16oz-pull-top-squirt-butelii-de-apa-purpuriu-roz-bpa-free\/"]}]},{"@type":"ImageObject","inLanguage":"ro-RO","@id":"https:\/\/ryfi.online\/ro\/produs\/disney-1-pachet-minnie-mouse-bowtique-16oz-pull-top-squirt-butelii-de-apa-purpuriu-roz-bpa-free\/#primaryimage","url":"https:\/\/ryfi.online\/wp-content\/uploads\/2021\/04\/51TjhBshTML._AC_SL1000_.jpg","contentUrl":"https:\/\/ryfi.online\/wp-content\/uploads\/2021\/04\/51TjhBshTML._AC_SL1000_.jpg","width":692,"height":928},{"@type":"BreadcrumbList","@id":"https:\/\/ryfi.online\/ro\/produs\/disney-1-pachet-minnie-mouse-bowtique-16oz-pull-top-squirt-butelii-de-apa-purpuriu-roz-bpa-free\/#breadcrumb","itemListElement":[{"@type":"ListItem","position":1,"name":"Home","item":"https:\/\/ryfi.online\/ro\/"},{"@type":"ListItem","position":2,"name":"Free and Fast Shipping whitin 1-3 Days!!!","item":"https:\/\/ryfi.online\/shop\/"},{"@type":"ListItem","position":3,"name":"1 pachet de sticle de ap\u0103 Disney Minnie Mouse Bowtique de 16 oz cu capac de tragere, violet\/roz, f\u0103r\u0103 BPA"}]},{"@type":"WebSite","@id":"https:\/\/ryfi.online\/ro\/#website","url":"https:\/\/ryfi.online\/ro\/","name":"Ryfi Online Store","description":"Online Store","publisher":{"@id":"https:\/\/ryfi.online\/ro\/#organization"},"potentialAction":[{"@type":"SearchAction","target":{"@type":"EntryPoint","urlTemplate":"https:\/\/ryfi.online\/ro\/?s={search_term_string}"},"query-input":{"@type":"PropertyValueSpecification","valueRequired":true,"valueName":"search_term_string"}}],"inLanguage":"ro-RO"},{"@type":"Organization","@id":"https:\/\/ryfi.online\/ro\/#organization","name":"Ryan Future Investments LLC","url":"https:\/\/ryfi.online\/ro\/","logo":{"@type":"ImageObject","inLanguage":"ro-RO","@id":"https:\/\/ryfi.online\/ro\/#\/schema\/logo\/image\/","url":"https:\/\/ryfi.online\/wp-content\/uploads\/2021\/03\/2-03.png","contentUrl":"https:\/\/ryfi.online\/wp-content\/uploads\/2021\/03\/2-03.png","width":1010,"height":310,"caption":"Ryan Future Investments LLC"},"image":{"@id":"https:\/\/ryfi.online\/ro\/#\/schema\/logo\/image\/"},"sameAs":["https:\/\/www.facebook.com\/ryfi.online\/"]}]},"product_brand":"Sticle de ap\u0103 pentru sport","product_price_amount":"9.99","product_price_currency":"USD","og_availability":"instock","product_availability":"instock","product_condition":"new"},"jetpack-related-posts":[{"id":12869,"url":"https:\/\/ryfi.online\/ro\/produs\/disney-minnie-mouse-striped-15oz-buddy-sip-tumbler-cup-with-lid-straw-bpa-free-2\/","url_meta":{"origin":12903,"position":0},"title":"Disney Minnie Mouse cu dungi Disney Minnie Mouse 15oz Buddy Sip Tumbler Cup cu capac \u0219i pai, f\u0103r\u0103 BPA","date":"aprilie 4, 2021","format":false,"excerpt":"Transport gratuit \u0219i rapid \u00een termen de 1-3 zile. Buy 4 get 5 Hurry up, hot sales!!!","rel":"","context":"Articol similar","img":{"alt_text":"","src":"https:\/\/i0.wp.com\/ryfi.online\/wp-content\/uploads\/2021\/04\/71jFmrzWXL._AC_SL1244_.jpg?resize=350%2C200&ssl=1","width":350,"height":200},"classes":[]},{"id":12921,"url":"https:\/\/ryfi.online\/ro\/produs\/zak-designs-1-pack-pj-masks-16-5oz-kids-sullivan-sports-sporturi-de-apa-biberon-bpa-free\/","url_meta":{"origin":12903,"position":1},"title":"Zak Designs [1-Pack] PJ Masks 16.5oz Kids Sullivan Sports Water Bottle, BPA-Free","date":"aprilie 4, 2021","format":false,"excerpt":"Transport gratuit \u0219i rapid \u00een termen de 1-3 zile. Buy 4 get 5 Hurry up, hot sales!!!","rel":"","context":"Articol similar","img":{"alt_text":"","src":"https:\/\/i0.wp.com\/ryfi.online\/wp-content\/uploads\/2021\/04\/51SXcTRp3VL._AC_SL1000_.jpg?resize=350%2C200&ssl=1","width":350,"height":200},"classes":[]},{"id":12902,"url":"https:\/\/ryfi.online\/ro\/produs\/marvel-universe-16-5oz-kids-sullivan-sports-sporturi-de-apa-biberon-bpa-free-black-red-blue\/","url_meta":{"origin":12903,"position":2},"title":"Marvel Universe 16.5oz Kids Sullivan Sports Water Bottle, f\u0103r\u0103 BPA, negru, ro\u0219u, albastru","date":"aprilie 4, 2021","format":false,"excerpt":"Transport gratuit \u0219i rapid \u00een termen de 1-3 zile. Buy 4 get 5 Hurry up, hot sales!!!","rel":"","context":"Articol similar","img":{"alt_text":"","src":"https:\/\/i0.wp.com\/ryfi.online\/wp-content\/uploads\/2021\/04\/51yLdOxL4L._AC_.jpg?resize=350%2C200&ssl=1","width":350,"height":200},"classes":[]},{"id":11971,"url":"https:\/\/ryfi.online\/ro\/produs\/tricou-cu-disney-minnie-design-pentru-fete\/","url_meta":{"origin":12903,"position":3},"title":"Tricou Disney Minnie Mouse pentru fete ET1119","date":"iunie 9, 2021","format":false,"excerpt":"Livrare gratuit\u0103 1-3 zile lucr\u0103toare Retur gratuit","rel":"","context":"Articol similar","img":{"alt_text":"Tricou Minnie Mouse","src":"https:\/\/i0.wp.com\/ryfi.online\/wp-content\/uploads\/2021\/06\/ET1119_REF1.jpg?resize=350%2C200&ssl=1","width":350,"height":200},"classes":[]},{"id":12958,"url":"https:\/\/ryfi.online\/ro\/produs\/bikini-swimsuit-2\/","url_meta":{"origin":12903,"position":4},"title":"Costum de baie bikini","date":"aprilie 19, 2021","format":false,"excerpt":"Transport gratuit \u0219i rapid \u00een termen de 1-3 zile. Buy 4 get 5 Hurry up, hot sales!!!","rel":"","context":"Articol similar","img":{"alt_text":"","src":"https:\/\/i0.wp.com\/ryfi.online\/wp-content\/uploads\/2021\/04\/f6bfce011f897d03e8f175b34aa562a2.jpg?resize=350%2C200&ssl=1","width":350,"height":200},"classes":[]},{"id":12656,"url":"https:\/\/ryfi.online\/ro\/produs\/disney-minnie-design-baseball-cap-pentru-fete\/","url_meta":{"origin":12903,"position":5},"title":"Fete Disney Minnie Baseball Cap","date":"iunie 9, 2021","format":false,"excerpt":"Ca un cadou de ziua de na\u0219tere, de S\u0103rb\u0103tori sau de Pa\u0219te sau pur \u0219i simplu. Cu frumoasa \u0219apc\u0103 Disney Minnie, nu ai cum s\u0103 dai gre\u0219! 100% bumbac \u0219i 100% poliester. Exist\u0103 o \u00eenchidere la spate pentru o potrivire perfect\u0103 cu c\u0103p\u0219oarele pentru un confort maxim. Manopera este excelent\u0103,\u2026","rel":"","context":"Articol similar","img":{"alt_text":"Gorra Minnie Disney","src":"https:\/\/i0.wp.com\/ryfi.online\/wp-content\/uploads\/2021\/06\/et4050_pi.jpg?resize=350%2C200&ssl=1","width":350,"height":200},"classes":[]}],"_links":{"self":[{"href":"https:\/\/ryfi.online\/ro\/wp-json\/wp\/v2\/product\/12903","targetHints":{"allow":["GET"]}}],"collection":[{"href":"https:\/\/ryfi.online\/ro\/wp-json\/wp\/v2\/product"}],"about":[{"href":"https:\/\/ryfi.online\/ro\/wp-json\/wp\/v2\/types\/product"}],"replies":[{"embeddable":true,"href":"https:\/\/ryfi.online\/ro\/wp-json\/wp\/v2\/comments?post=12903"}],"wp:featuredmedia":[{"embeddable":true,"href":"https:\/\/ryfi.online\/ro\/wp-json\/wp\/v2\/media\/10574"}],"wp:attachment":[{"href":"https:\/\/ryfi.online\/ro\/wp-json\/wp\/v2\/media?parent=12903"}],"wp:term":[{"taxonomy":"product_brand","embeddable":true,"href":"https:\/\/ryfi.online\/ro\/wp-json\/wp\/v2\/product_brand?post=12903"},{"taxonomy":"product_cat","embeddable":true,"href":"https:\/\/ryfi.online\/ro\/wp-json\/wp\/v2\/product_cat?post=12903"},{"taxonomy":"product_tag","embeddable":true,"href":"https:\/\/ryfi.online\/ro\/wp-json\/wp\/v2\/product_tag?post=12903"}],"curies":[{"name":"wp","href":"https:\/\/api.w.org\/{rel}","templated":true}]}}