{"id":12902,"date":"2021-04-04T20:26:32","date_gmt":"2022-11-30T19:03:54","guid":{"rendered":"https:\/\/ryfi.online\/product\/marvel-universe-16-5oz-kids-sullivan-sports-water-bottle-fara-bpa-negru-rosu-albastru\/"},"modified":"2022-11-30T19:03:54","modified_gmt":"2022-11-30T19:03:54","slug":"marvel-universe-16-5oz-kids-sullivan-sports-sporturi-de-apa-biberon-bpa-free-black-red-blue","status":"publish","type":"product","link":"https:\/\/ryfi.online\/ro\/produs\/marvel-universe-16-5oz-kids-sullivan-sports-sporturi-de-apa-biberon-bpa-free-black-red-blue\/","title":{"rendered":"Marvel Universe 16.5oz Kids Sullivan Sports Water Bottle, f\u0103r\u0103 BPA, negru, ro\u0219u, albastru"},"content":{"rendered":"<p>Lucr\u0103rile artistice amuzante fac din hidratare o explozie! Aceast\u0103 sticl\u0103 are o capacitate de 16,5 uncii, cu o bucl\u0103 de transport \u00eencorporat\u0103 \u00een capac, astfel \u00eenc\u00e2t s\u0103 o pute\u021bi lua la pachet. Capacul u\u0219or de deschis protejeaz\u0103 gura de scurgere atunci c\u00e2nd nu este folosit\u0103, iar totul este fabricat din plastic rezistent. Sticla este complet f\u0103r\u0103 BPA. Se recomand\u0103 sp\u0103larea manual\u0103; nu folosi\u021bi cuptorul cu microunde. Set de unul.<\/p>\n<p><span class=\"a-list-item\">\u2705 Set de 1 cu ga\u0219ca din Universul Marvel &#8211; licen\u021biat oficial de Zak Designs. Pe partea din fa\u021b\u0103 sunt reprezenta\u021bi Hulk, Captain Marvel, Captain America, Spider-Man \u0219i Thor. Pe partea din spate sunt reprezenta\u021bi Iron Man, Groot, Black Panther, Rocket Racoon \u0219i Ant Man.<\/span><\/p>\n<p><span class=\"a-list-item\">\u2705 Capacul \u00een\u0219urubat are un capac de transport \u00eencorporat capacul are o bucl\u0103 de transport \u00eencorporat\u0103<\/span><\/p>\n<p><span class=\"a-list-item\">\u2705 Fabricat din plastic durabil BPA-Free<\/span><\/p>\n<p><span class=\"a-list-item\">\u2705 Capacitate de 16,5 oz cu capac u\u0219or de deschis, care men\u021bine curat\u0103 gura de scurgere<\/span><\/p>\n<p><span class=\"a-list-item\">\u2705 Se recomand\u0103 sp\u0103larea manual\u0103; nu folosi\u021bi cuptorul cu microunde.<\/span><\/p>\n","protected":false},"excerpt":{"rendered":"<p><strong>Transport gratuit \u0219i rapid \u00een termen de 1-3 zile.<\/strong><\/p>\n<h3><strong>Buy 4 get 5<\/strong><\/h3>\n<h3><span style=\"color: #ff0000;\"><strong><em>Hurry up, hot sales!!!<\/em><\/strong><\/span><\/h3>\n","protected":false},"featured_media":10582,"comment_status":"open","ping_status":"closed","template":"","meta":[],"product_brand":[],"product_cat":[321],"product_tag":[326],"class_list":{"0":"post-12902","1":"product","2":"type-product","3":"status-publish","4":"has-post-thumbnail","6":"product_cat-sticle-de-apa-pentru-sport","7":"product_tag-ro","9":"first","10":"instock","11":"featured","12":"taxable","13":"shipping-taxable","14":"purchasable","15":"product-type-simple"},"yoast_head":"<!-- This site is optimized with the Yoast SEO Premium plugin v17.1.2 (Yoast SEO v27.4) - https:\/\/yoast.com\/product\/yoast-seo-premium-wordpress\/ -->\n<title>Marvel Universe Sports Water Bottle | Sullivan Sports Water Bottle<\/title>\n<meta name=\"description\" content=\"Cump\u0103r\u0103 Sticl\u0103 de ap\u0103 sport Marvel Universe - Captain America, Iron Man &amp; Groot: Sullivan Sticle de ap\u0103 pentru sport - Ryfi.online \u2713 Livrare gratuit\u0103 cu posibilitatea de a livra pe eligibile.\" \/>\n<meta name=\"robots\" content=\"index, follow, max-snippet:-1, max-image-preview:large, max-video-preview:-1\" \/>\n<link rel=\"canonical\" href=\"https:\/\/ryfi.online\/ro\/produs\/marvel-universe-16-5oz-kids-sullivan-sports-sporturi-de-apa-biberon-bpa-free-black-red-blue\/\" \/>\n<meta property=\"og:locale\" content=\"ro_RO\" \/>\n<meta property=\"og:type\" content=\"article\" \/>\n<meta property=\"og:title\" content=\"Marvel Universe 16.5oz Kids Sullivan Sports Water Bottle, f\u0103r\u0103 BPA, negru, ro\u0219u, albastru\" \/>\n<meta property=\"og:description\" content=\"Cump\u0103r\u0103 Sticl\u0103 de ap\u0103 sport Marvel Universe - Captain America, Iron Man &amp; Groot: Sullivan Sticle de ap\u0103 pentru sport - Ryfi.online \u2713 Livrare gratuit\u0103 cu posibilitatea de a livra pe eligibile.\" \/>\n<meta property=\"og:url\" content=\"https:\/\/ryfi.online\/ro\/produs\/marvel-universe-16-5oz-kids-sullivan-sports-sporturi-de-apa-biberon-bpa-free-black-red-blue\/\" \/>\n<meta property=\"og:site_name\" content=\"Ryfi Online Store\" \/>\n<meta property=\"article:publisher\" content=\"https:\/\/www.facebook.com\/ryfi.online\/\" \/>\n<meta property=\"og:image\" content=\"https:\/\/ryfi.online\/wp-content\/uploads\/2021\/04\/51yLdOxL4L._AC_.jpg\" \/>\n\t<meta property=\"og:image:width\" content=\"498\" \/>\n\t<meta property=\"og:image:height\" content=\"378\" \/>\n\t<meta property=\"og:image:type\" content=\"image\/jpeg\" \/>\n<meta name=\"twitter:card\" content=\"summary_large_image\" \/>\n<meta name=\"twitter:label1\" content=\"Pre\u021b\" \/>\n\t<meta name=\"twitter:data1\" content=\"&#036;9.99\" \/>\n\t<meta name=\"twitter:label2\" content=\"Availability\" \/>\n\t<meta name=\"twitter:data2\" content=\"In stock\" \/>\n<meta property=\"product:brand\" content=\"Sticle de ap\u0103 pentru sport\" \/>\n<meta property=\"product:price:amount\" content=\"9.99\" \/>\n<meta property=\"product:price:currency\" content=\"USD\" \/>\n<meta property=\"og:availability\" content=\"instock\" \/>\n<meta property=\"product:availability\" content=\"instock\" \/>\n<meta property=\"product:condition\" content=\"new\" \/>\n<!-- \/ Yoast SEO Premium plugin. -->","yoast_head_json":{"title":"Marvel Universe Sports Water Bottle | Sullivan Sports Water Bottle","description":"Cump\u0103r\u0103 Sticl\u0103 de ap\u0103 sport Marvel Universe - Captain America, Iron Man & Groot: Sullivan Sticle de ap\u0103 pentru sport - Ryfi.online \u2713 Livrare gratuit\u0103 cu posibilitatea de a livra pe eligibile.","robots":{"index":"index","follow":"follow","max-snippet":"max-snippet:-1","max-image-preview":"max-image-preview:large","max-video-preview":"max-video-preview:-1"},"canonical":"https:\/\/ryfi.online\/ro\/produs\/marvel-universe-16-5oz-kids-sullivan-sports-sporturi-de-apa-biberon-bpa-free-black-red-blue\/","og_locale":"ro_RO","og_type":"article","og_title":"Marvel Universe 16.5oz Kids Sullivan Sports Water Bottle, f\u0103r\u0103 BPA, negru, ro\u0219u, albastru","og_description":"Cump\u0103r\u0103 Sticl\u0103 de ap\u0103 sport Marvel Universe - Captain America, Iron Man & Groot: Sullivan Sticle de ap\u0103 pentru sport - Ryfi.online \u2713 Livrare gratuit\u0103 cu posibilitatea de a livra pe eligibile.","og_url":"https:\/\/ryfi.online\/ro\/produs\/marvel-universe-16-5oz-kids-sullivan-sports-sporturi-de-apa-biberon-bpa-free-black-red-blue\/","og_site_name":"Ryfi Online Store","article_publisher":"https:\/\/www.facebook.com\/ryfi.online\/","og_image":[{"width":498,"height":378,"url":"https:\/\/ryfi.online\/wp-content\/uploads\/2021\/04\/51yLdOxL4L._AC_.jpg","type":"image\/jpeg"}],"twitter_card":"summary_large_image","twitter_misc":{"Pre\u021b":"&#36;9.99","Availability":"In stock"},"schema":{"@context":"https:\/\/schema.org","@graph":[{"@type":"WebPage","@id":"https:\/\/ryfi.online\/ro\/produs\/marvel-universe-16-5oz-kids-sullivan-sports-sporturi-de-apa-biberon-bpa-free-black-red-blue\/","url":"https:\/\/ryfi.online\/ro\/produs\/marvel-universe-16-5oz-kids-sullivan-sports-sporturi-de-apa-biberon-bpa-free-black-red-blue\/","name":"Marvel Universe Sports Water Bottle | Sullivan Sports Water Bottle","isPartOf":{"@id":"https:\/\/ryfi.online\/ro\/#website"},"primaryImageOfPage":{"@id":"https:\/\/ryfi.online\/ro\/produs\/marvel-universe-16-5oz-kids-sullivan-sports-sporturi-de-apa-biberon-bpa-free-black-red-blue\/#primaryimage"},"image":{"@id":"https:\/\/ryfi.online\/ro\/produs\/marvel-universe-16-5oz-kids-sullivan-sports-sporturi-de-apa-biberon-bpa-free-black-red-blue\/#primaryimage"},"thumbnailUrl":"https:\/\/ryfi.online\/wp-content\/uploads\/2021\/04\/51yLdOxL4L._AC_.jpg","datePublished":"2022-11-30T19:03:54+00:00","description":"Cump\u0103r\u0103 Sticl\u0103 de ap\u0103 sport Marvel Universe - Captain America, Iron Man & Groot: Sullivan Sticle de ap\u0103 pentru sport - Ryfi.online \u2713 Livrare gratuit\u0103 cu posibilitatea de a livra pe eligibile.","breadcrumb":{"@id":"https:\/\/ryfi.online\/ro\/produs\/marvel-universe-16-5oz-kids-sullivan-sports-sporturi-de-apa-biberon-bpa-free-black-red-blue\/#breadcrumb"},"inLanguage":"ro-RO","potentialAction":[{"@type":"ReadAction","target":["https:\/\/ryfi.online\/ro\/produs\/marvel-universe-16-5oz-kids-sullivan-sports-sporturi-de-apa-biberon-bpa-free-black-red-blue\/"]}]},{"@type":"ImageObject","inLanguage":"ro-RO","@id":"https:\/\/ryfi.online\/ro\/produs\/marvel-universe-16-5oz-kids-sullivan-sports-sporturi-de-apa-biberon-bpa-free-black-red-blue\/#primaryimage","url":"https:\/\/ryfi.online\/wp-content\/uploads\/2021\/04\/51yLdOxL4L._AC_.jpg","contentUrl":"https:\/\/ryfi.online\/wp-content\/uploads\/2021\/04\/51yLdOxL4L._AC_.jpg","width":498,"height":378},{"@type":"BreadcrumbList","@id":"https:\/\/ryfi.online\/ro\/produs\/marvel-universe-16-5oz-kids-sullivan-sports-sporturi-de-apa-biberon-bpa-free-black-red-blue\/#breadcrumb","itemListElement":[{"@type":"ListItem","position":1,"name":"Home","item":"https:\/\/ryfi.online\/ro\/"},{"@type":"ListItem","position":2,"name":"Free and Fast Shipping whitin 1-3 Days!!!","item":"https:\/\/ryfi.online\/shop\/"},{"@type":"ListItem","position":3,"name":"Marvel Universe 16.5oz Kids Sullivan Sports Water Bottle, f\u0103r\u0103 BPA, negru, ro\u0219u, albastru"}]},{"@type":"WebSite","@id":"https:\/\/ryfi.online\/ro\/#website","url":"https:\/\/ryfi.online\/ro\/","name":"Ryfi Online Store","description":"Online Store","publisher":{"@id":"https:\/\/ryfi.online\/ro\/#organization"},"potentialAction":[{"@type":"SearchAction","target":{"@type":"EntryPoint","urlTemplate":"https:\/\/ryfi.online\/ro\/?s={search_term_string}"},"query-input":{"@type":"PropertyValueSpecification","valueRequired":true,"valueName":"search_term_string"}}],"inLanguage":"ro-RO"},{"@type":"Organization","@id":"https:\/\/ryfi.online\/ro\/#organization","name":"Ryan Future Investments LLC","url":"https:\/\/ryfi.online\/ro\/","logo":{"@type":"ImageObject","inLanguage":"ro-RO","@id":"https:\/\/ryfi.online\/ro\/#\/schema\/logo\/image\/","url":"https:\/\/ryfi.online\/wp-content\/uploads\/2021\/03\/2-03.png","contentUrl":"https:\/\/ryfi.online\/wp-content\/uploads\/2021\/03\/2-03.png","width":1010,"height":310,"caption":"Ryan Future Investments LLC"},"image":{"@id":"https:\/\/ryfi.online\/ro\/#\/schema\/logo\/image\/"},"sameAs":["https:\/\/www.facebook.com\/ryfi.online\/"]}]},"product_brand":"Sticle de ap\u0103 pentru sport","product_price_amount":"9.99","product_price_currency":"USD","og_availability":"instock","product_availability":"instock","product_condition":"new"},"jetpack-related-posts":[{"id":12898,"url":"https:\/\/ryfi.online\/de\/produkt\/marvel-universe-16-5oz-kids-sullivan-sports-wasser-flasche-bpa-frei-schwarz-rot-blau\/","url_meta":{"origin":12902,"position":0},"title":"Marvel Universe 16,5oz Kinder Sullivan Sport Wasserflasche, BPA-frei, schwarz, rot, blau","date":"aprilie 4, 2021","format":false,"excerpt":"Kostenloser und schneller Versand innerhalb von 1-3 Tagen. Kaufe 4, erhalte 5 Beeilen Sie sich, hei\u00dfe Verk\u00e4ufe!!!","rel":"","context":"Articol similar","img":{"alt_text":"","src":"https:\/\/i0.wp.com\/ryfi.online\/wp-content\/uploads\/2021\/04\/51yLdOxL4L._AC_.jpg?resize=350%2C200&ssl=1","width":350,"height":200},"classes":[]},{"id":5712,"url":"https:\/\/ryfi.online\/de\/produkt\/baseball-cap-mit-marvel-avengers-design-fur-kinder\/","url_meta":{"origin":12902,"position":1},"title":"Jungen Marvel Avengers Baseball Cap","date":"iunie 9, 2021","format":false,"excerpt":"Kostenloser Versand in 1-3 Werktagen","rel":"","context":"Articol similar","img":{"alt_text":"Avengers Cap Marvel","src":"https:\/\/i0.wp.com\/ryfi.online\/wp-content\/uploads\/2021\/06\/et4174_bl-1.jpg?resize=350%2C200&ssl=1","width":350,"height":200},"classes":[]},{"id":5062,"url":"https:\/\/ryfi.online\/de\/produkt\/set-3-marvel-avengers-100-baumwollslips-fur-jungen-4-5-jahre\/","url_meta":{"origin":12902,"position":2},"title":"Set 3 Marvel Avengers Slips aus 100 % Baumwolle f\u00fcr Jungen 4\u20135 Jahre UE3028","date":"iulie 5, 2021","format":false,"excerpt":"Kostenloser Versand 1-3 Tage Kostenlose R\u00fcckgabe","rel":"","context":"Articol similar","img":{"alt_text":"","src":"https:\/\/i0.wp.com\/ryfi.online\/wp-content\/uploads\/2021\/07\/ue3028.45y.e00-scaled.jpg?resize=350%2C200&ssl=1","width":350,"height":200},"classes":[]},{"id":5098,"url":"https:\/\/ryfi.online\/de\/produkt\/set-3-marvel-spiderman-100-cotton-slips-fur-jungen-6-8-jahre\/","url_meta":{"origin":12902,"position":3},"title":"Set 3 Marvel Spiderman Slips aus 100 % Baumwolle f\u00fcr Jungen 6\u20138 Jahre UE3009","date":"iulie 5, 2021","format":false,"excerpt":"Kostenloser Versand 1-3 Tage Kostenlose R\u00fcckgabe","rel":"","context":"Articol similar","img":{"alt_text":"Stellen Sie 3 Calzoncillos Spiderman -2 ein","src":"https:\/\/i0.wp.com\/ryfi.online\/wp-content\/uploads\/2021\/07\/ue3009.68y.e00-scaled.jpg?resize=350%2C200&ssl=1","width":350,"height":200},"classes":[]},{"id":5220,"url":"https:\/\/ryfi.online\/de\/produkt\/3-hoschen-100-baumwolle-fur-kinder-marvel-spiderman-6-8-jahrig\/","url_meta":{"origin":12902,"position":4},"title":"3 Slips aus 100 % Baumwolle f\u00fcr Jungen Marvel Spiderman 6\u20138 Jahre","date":"iulie 2, 2021","format":false,"excerpt":"Kostenloser Versand 1-3 Werktage Kostenlose R\u00fccksendung","rel":"","context":"Articol similar","img":{"alt_text":"Set 3 calzoncillos Spiderman","src":"https:\/\/i0.wp.com\/ryfi.online\/wp-content\/uploads\/2021\/07\/img_141921_063855668ffb7096235876846a9fbb9f_20.jpg?resize=350%2C200&ssl=1","width":350,"height":200},"classes":[]},{"id":4855,"url":"https:\/\/ryfi.online\/de\/produkt\/marvel-avengers-kinder-t-shirt-und-short\/","url_meta":{"origin":12902,"position":5},"title":"Avengers Kinder T-Shirt und Hose im Set UE1068","date":"iulie 30, 2021","format":false,"excerpt":"Schneller und sicherer Versand in 1-3 Werktagen","rel":"","context":"Articol similar","img":{"alt_text":"Conjunto camiseta pantalones Avengers","src":"https:\/\/i0.wp.com\/ryfi.online\/wp-content\/uploads\/2021\/07\/ue1068.jpg?resize=350%2C200&ssl=1","width":350,"height":200},"classes":[]}],"_links":{"self":[{"href":"https:\/\/ryfi.online\/ro\/wp-json\/wp\/v2\/product\/12902","targetHints":{"allow":["GET"]}}],"collection":[{"href":"https:\/\/ryfi.online\/ro\/wp-json\/wp\/v2\/product"}],"about":[{"href":"https:\/\/ryfi.online\/ro\/wp-json\/wp\/v2\/types\/product"}],"replies":[{"embeddable":true,"href":"https:\/\/ryfi.online\/ro\/wp-json\/wp\/v2\/comments?post=12902"}],"wp:featuredmedia":[{"embeddable":true,"href":"https:\/\/ryfi.online\/ro\/wp-json\/wp\/v2\/media\/10582"}],"wp:attachment":[{"href":"https:\/\/ryfi.online\/ro\/wp-json\/wp\/v2\/media?parent=12902"}],"wp:term":[{"taxonomy":"product_brand","embeddable":true,"href":"https:\/\/ryfi.online\/ro\/wp-json\/wp\/v2\/product_brand?post=12902"},{"taxonomy":"product_cat","embeddable":true,"href":"https:\/\/ryfi.online\/ro\/wp-json\/wp\/v2\/product_cat?post=12902"},{"taxonomy":"product_tag","embeddable":true,"href":"https:\/\/ryfi.online\/ro\/wp-json\/wp\/v2\/product_tag?post=12902"}],"curies":[{"name":"wp","href":"https:\/\/api.w.org\/{rel}","templated":true}]}}