{"id":12688,"date":"2021-03-10T12:20:01","date_gmt":"2022-11-30T18:57:19","guid":{"rendered":"https:\/\/ryfi.online\/product\/iphone-11-cazul-iphone-11-telefon-mobil-cu-suport-de-card-pentru-iphone-11-11-pro-11-pro-max\/"},"modified":"2022-11-30T18:57:19","modified_gmt":"2022-11-30T18:57:19","slug":"iphone-11-case-mobile-telefon-cu-caz-cu-magnetic-adsorbtie-card-portar-pentru-iphone-11","status":"publish","type":"product","link":"https:\/\/ryfi.online\/ro\/produs\/iphone-11-case-mobile-telefon-cu-caz-cu-magnetic-adsorbtie-card-portar-pentru-iphone-11\/","title":{"rendered":"iPhone 11 Cazul iPhone 11 Telefon mobil cu suport de card pentru iPhone 11, 11 Pro, 11 Pro Max"},"content":{"rendered":"<p>Carcas\u0103 de telefon mobil cu suport de card pentru iPhone 11,11 Pro,11 Pro Max, proiectat\u0103 cu tehnologie MILITAR\u0102, \u00eempiedic\u0103 iPhone-ul dvs. iubit s\u0103 alunece \u0219i s\u0103 cad\u0103 accidental.<\/p>\n<p>\u2705 [SGS Drop Protection] Acest suport de card de caz iPhone este proiectat cu tehnologie MILITAR\u0102, patru buzunare de aer \u00een col\u021buri \u00eempiedic\u0103 iubitul iPhone 11,11 Pro,11 Pro Max s\u0103 alunece \u0219i s\u0103 cad\u0103 accidental.<\/p>\n<p>\u2705 [iPhone 11,11 Pro,11 Pro Max Case] V\u0103 permite s\u0103 desprinde\u021bi rapid \u0219i s\u0103 pune\u021bi aceast\u0103 hus\u0103 pe ea f\u0103r\u0103 s\u0103 zg\u00e2ria\u021bi telefonul.Durabil\u0103 \u0219i flexibil\u0103: Durabil\u0103, se zg\u00e2rie \u0219i se rupe \u0219i previne acumularea de praf \u0219i ulei.<\/p>\n<p>\u2705 [Compatible with iPhone 11,11 Pro,11 Pro Max] Cazul este potrivit pentru iPhone 11, 11 Pro, 11 Pro Max \u0219i numai carcasele de telefon sunt incluse \u00een livrare, v\u0103 rug\u0103m s\u0103 alege\u021bi modelul de telefon mobil de mai sus \u0219i s\u0103 comanda\u021bi. Dac\u0103 exist\u0103 vreo problem\u0103 de calitate, v\u0103 rug\u0103m s\u0103 nu v\u0103 face\u021bi griji, v\u0103 vom oferi servicii de client \u00een timp util pentru a v\u0103 rezolva mai bine problema.<\/p>\n<p>\u2705 Protec\u021bie complet\u0103: O ram\u0103 \u00een\u0103l\u021bat\u0103 \u0219i un decupaj al camerei protejeaz\u0103 obiectivul. Ofer\u0103 protec\u021bie complet\u0103, toate col\u021burile, marginile \u0219i spatele sunt acoperite complet.<\/p>\n<p>\u2705Perfect Fit: Decupaje precise pentru toate comenzile pentru porturi, senzori \u0219i camera foto, acces u\u0219or la func\u021biile telefonului dvs. f\u0103r\u0103 a-l scoate.<\/p>\n","protected":false},"excerpt":{"rendered":"<p><strong>Transport gratuit \u0219i rapid \u00een termen de 1-3 zile.<\/strong><\/p>\n<h3><strong>Buy 4 get 5<\/strong><\/h3>\n<h3><span style=\"color: #ff0000;\"><strong><em>Hurry up, hot sales!!!<\/em><\/strong><\/span><\/h3>\n","protected":false},"featured_media":10214,"comment_status":"open","ping_status":"closed","template":"","meta":[],"product_brand":[],"product_cat":[333],"product_tag":[326],"class_list":{"0":"post-12688","1":"product","2":"type-product","3":"status-publish","4":"has-post-thumbnail","6":"product_cat-cazul-telefonului","7":"product_tag-ro","9":"first","10":"instock","11":"featured","12":"taxable","13":"shipping-taxable","14":"purchasable","15":"product-type-variable"},"yoast_head":"<!-- This site is optimized with the Yoast SEO Premium plugin v17.1.2 (Yoast SEO v27.4) - https:\/\/yoast.com\/product\/yoast-seo-premium-wordpress\/ -->\n<title>Iphone 11 Pro Max Phone Case | Cump\u0103r\u0103 Iphone 11 Case pentru mobil<\/title>\n<meta name=\"description\" content=\"Cump\u0103ra\u021bi husa puternic\u0103 pentru iPhone 11 Mobile care v\u0103 protejeaz\u0103 telefonul mobil de accidente. Cazurile noastre au suport pentru carduri \u0219i sunt disponibile \u00een at\u00e2t de multe culori atractive. Vizita\u021bi site-ul nostru!!\" \/>\n<meta name=\"robots\" content=\"index, follow, max-snippet:-1, max-image-preview:large, max-video-preview:-1\" \/>\n<link rel=\"canonical\" href=\"https:\/\/ryfi.online\/ro\/produs\/iphone-11-case-mobile-telefon-cu-caz-cu-magnetic-adsorbtie-card-portar-pentru-iphone-11\/\" \/>\n<meta property=\"og:locale\" content=\"ro_RO\" \/>\n<meta property=\"og:type\" content=\"article\" \/>\n<meta property=\"og:title\" content=\"iPhone 11 Cazul iPhone 11 Telefon mobil cu suport de card pentru iPhone 11, 11 Pro, 11 Pro Max\" \/>\n<meta property=\"og:description\" content=\"Cump\u0103ra\u021bi husa puternic\u0103 pentru iPhone 11 Mobile care v\u0103 protejeaz\u0103 telefonul mobil de accidente. Cazurile noastre au suport pentru carduri \u0219i sunt disponibile \u00een at\u00e2t de multe culori atractive. Vizita\u021bi site-ul nostru!!\" \/>\n<meta property=\"og:url\" content=\"https:\/\/ryfi.online\/ro\/produs\/iphone-11-case-mobile-telefon-cu-caz-cu-magnetic-adsorbtie-card-portar-pentru-iphone-11\/\" \/>\n<meta property=\"og:site_name\" content=\"Ryfi Online Store\" \/>\n<meta property=\"article:publisher\" content=\"https:\/\/www.facebook.com\/ryfi.online\/\" \/>\n<meta property=\"og:image\" content=\"https:\/\/ryfi.online\/wp-content\/uploads\/2021\/03\/HTB16OjSX7P2gK0jSZPx761cQpXaw.png\" \/>\n\t<meta property=\"og:image:width\" content=\"1000\" \/>\n\t<meta property=\"og:image:height\" content=\"1000\" \/>\n\t<meta property=\"og:image:type\" content=\"image\/png\" \/>\n<meta name=\"twitter:card\" content=\"summary_large_image\" \/>\n<meta name=\"twitter:label1\" content=\"Availability\" \/>\n\t<meta name=\"twitter:data1\" content=\"In stock\" \/>\n<meta property=\"product:brand\" content=\"Cazul telefonului\" \/>\n<meta property=\"og:availability\" content=\"instock\" \/>\n<meta property=\"product:availability\" content=\"instock\" \/>\n<meta property=\"product:retailer_item_id\" content=\"XX-YFKE-O06W\" \/>\n<meta property=\"product:condition\" content=\"new\" \/>\n<!-- \/ Yoast SEO Premium plugin. -->","yoast_head_json":{"title":"Iphone 11 Pro Max Phone Case | Cump\u0103r\u0103 Iphone 11 Case pentru mobil","description":"Cump\u0103ra\u021bi husa puternic\u0103 pentru iPhone 11 Mobile care v\u0103 protejeaz\u0103 telefonul mobil de accidente. Cazurile noastre au suport pentru carduri \u0219i sunt disponibile \u00een at\u00e2t de multe culori atractive. Vizita\u021bi site-ul nostru!!","robots":{"index":"index","follow":"follow","max-snippet":"max-snippet:-1","max-image-preview":"max-image-preview:large","max-video-preview":"max-video-preview:-1"},"canonical":"https:\/\/ryfi.online\/ro\/produs\/iphone-11-case-mobile-telefon-cu-caz-cu-magnetic-adsorbtie-card-portar-pentru-iphone-11\/","og_locale":"ro_RO","og_type":"article","og_title":"iPhone 11 Cazul iPhone 11 Telefon mobil cu suport de card pentru iPhone 11, 11 Pro, 11 Pro Max","og_description":"Cump\u0103ra\u021bi husa puternic\u0103 pentru iPhone 11 Mobile care v\u0103 protejeaz\u0103 telefonul mobil de accidente. Cazurile noastre au suport pentru carduri \u0219i sunt disponibile \u00een at\u00e2t de multe culori atractive. Vizita\u021bi site-ul nostru!!","og_url":"https:\/\/ryfi.online\/ro\/produs\/iphone-11-case-mobile-telefon-cu-caz-cu-magnetic-adsorbtie-card-portar-pentru-iphone-11\/","og_site_name":"Ryfi Online Store","article_publisher":"https:\/\/www.facebook.com\/ryfi.online\/","og_image":[{"width":1000,"height":1000,"url":"https:\/\/ryfi.online\/wp-content\/uploads\/2021\/03\/HTB16OjSX7P2gK0jSZPx761cQpXaw.png","type":"image\/png"}],"twitter_card":"summary_large_image","twitter_misc":{"Availability":"In stock"},"schema":{"@context":"https:\/\/schema.org","@graph":[{"@type":"WebPage","@id":"https:\/\/ryfi.online\/ro\/produs\/iphone-11-case-mobile-telefon-cu-caz-cu-magnetic-adsorbtie-card-portar-pentru-iphone-11\/","url":"https:\/\/ryfi.online\/ro\/produs\/iphone-11-case-mobile-telefon-cu-caz-cu-magnetic-adsorbtie-card-portar-pentru-iphone-11\/","name":"Iphone 11 Pro Max Phone Case | Cump\u0103r\u0103 Iphone 11 Case pentru mobil","isPartOf":{"@id":"https:\/\/ryfi.online\/ro\/#website"},"primaryImageOfPage":{"@id":"https:\/\/ryfi.online\/ro\/produs\/iphone-11-case-mobile-telefon-cu-caz-cu-magnetic-adsorbtie-card-portar-pentru-iphone-11\/#primaryimage"},"image":{"@id":"https:\/\/ryfi.online\/ro\/produs\/iphone-11-case-mobile-telefon-cu-caz-cu-magnetic-adsorbtie-card-portar-pentru-iphone-11\/#primaryimage"},"thumbnailUrl":"https:\/\/ryfi.online\/wp-content\/uploads\/2021\/03\/HTB16OjSX7P2gK0jSZPx761cQpXaw.png","datePublished":"2022-11-30T18:57:19+00:00","description":"Cump\u0103ra\u021bi husa puternic\u0103 pentru iPhone 11 Mobile care v\u0103 protejeaz\u0103 telefonul mobil de accidente. Cazurile noastre au suport pentru carduri \u0219i sunt disponibile \u00een at\u00e2t de multe culori atractive. Vizita\u021bi site-ul nostru!!","breadcrumb":{"@id":"https:\/\/ryfi.online\/ro\/produs\/iphone-11-case-mobile-telefon-cu-caz-cu-magnetic-adsorbtie-card-portar-pentru-iphone-11\/#breadcrumb"},"inLanguage":"ro-RO","potentialAction":[{"@type":"ReadAction","target":["https:\/\/ryfi.online\/ro\/produs\/iphone-11-case-mobile-telefon-cu-caz-cu-magnetic-adsorbtie-card-portar-pentru-iphone-11\/"]}]},{"@type":"ImageObject","inLanguage":"ro-RO","@id":"https:\/\/ryfi.online\/ro\/produs\/iphone-11-case-mobile-telefon-cu-caz-cu-magnetic-adsorbtie-card-portar-pentru-iphone-11\/#primaryimage","url":"https:\/\/ryfi.online\/wp-content\/uploads\/2021\/03\/HTB16OjSX7P2gK0jSZPx761cQpXaw.png","contentUrl":"https:\/\/ryfi.online\/wp-content\/uploads\/2021\/03\/HTB16OjSX7P2gK0jSZPx761cQpXaw.png","width":1000,"height":1000},{"@type":"BreadcrumbList","@id":"https:\/\/ryfi.online\/ro\/produs\/iphone-11-case-mobile-telefon-cu-caz-cu-magnetic-adsorbtie-card-portar-pentru-iphone-11\/#breadcrumb","itemListElement":[{"@type":"ListItem","position":1,"name":"Home","item":"https:\/\/ryfi.online\/ro\/"},{"@type":"ListItem","position":2,"name":"Free and Fast Shipping whitin 1-3 Days!!!","item":"https:\/\/ryfi.online\/shop\/"},{"@type":"ListItem","position":3,"name":"iPhone 11 Cazul iPhone 11 Telefon mobil cu suport de card pentru iPhone 11, 11 Pro, 11 Pro Max"}]},{"@type":"WebSite","@id":"https:\/\/ryfi.online\/ro\/#website","url":"https:\/\/ryfi.online\/ro\/","name":"Ryfi Online Store","description":"Online Store","publisher":{"@id":"https:\/\/ryfi.online\/ro\/#organization"},"potentialAction":[{"@type":"SearchAction","target":{"@type":"EntryPoint","urlTemplate":"https:\/\/ryfi.online\/ro\/?s={search_term_string}"},"query-input":{"@type":"PropertyValueSpecification","valueRequired":true,"valueName":"search_term_string"}}],"inLanguage":"ro-RO"},{"@type":"Organization","@id":"https:\/\/ryfi.online\/ro\/#organization","name":"Ryan Future Investments LLC","url":"https:\/\/ryfi.online\/ro\/","logo":{"@type":"ImageObject","inLanguage":"ro-RO","@id":"https:\/\/ryfi.online\/ro\/#\/schema\/logo\/image\/","url":"https:\/\/ryfi.online\/wp-content\/uploads\/2021\/03\/2-03.png","contentUrl":"https:\/\/ryfi.online\/wp-content\/uploads\/2021\/03\/2-03.png","width":1010,"height":310,"caption":"Ryan Future Investments LLC"},"image":{"@id":"https:\/\/ryfi.online\/ro\/#\/schema\/logo\/image\/"},"sameAs":["https:\/\/www.facebook.com\/ryfi.online\/"]}]},"product_brand":"Cazul telefonului","og_availability":"instock","product_availability":"instock","product_retailer_item_id":"XX-YFKE-O06W","product_condition":"new"},"jetpack-related-posts":[{"id":12872,"url":"https:\/\/ryfi.online\/ro\/produs\/iphone-12-toate-modelurile-caz-mobile-telefon-caz-cu-magnetic-adsorbtie-adsorbtie-card-portar-pentru-iphone-1212-pro12-pro-max12-mini\/","url_meta":{"origin":12688,"position":0},"title":"iPhone 12 Cazul iPhone 12 Telefon mobil cu suport de card pentru iPhone 12, 12 Pro, 12 Pro Max, 12 Mini","date":"martie 15, 2021","format":false,"excerpt":"Transport gratuit \u0219i rapid \u00een termen de 1-3 zile. Buy 4 get 5 Hurry up, hot sales!!!","rel":"","context":"Articol similar","img":{"alt_text":"","src":"https:\/\/i0.wp.com\/ryfi.online\/wp-content\/uploads\/2021\/03\/H9fbad9f47c5041c980a84525fb257ec9v-1.png?resize=350%2C200&ssl=1","width":350,"height":200},"classes":[]},{"id":12663,"url":"https:\/\/ryfi.online\/ro\/produs\/iphone-xs-max-caz-mobil-cu-caz-cu-suport-de-card-cu-absorbtie-magnetica-pentru-iphone-xs-max\/","url_meta":{"origin":12688,"position":1},"title":"iPhone Xs Max Cazul iPhone Xs Max Telefon mobil cu suport de card pentru iPhone Xs Max","date":"martie 13, 2021","format":false,"excerpt":"Transport gratuit \u0219i rapid \u00een termen de 1-3 zile. Buy 4 get 5 Hurry up, hot sales!!!","rel":"","context":"Articol similar","img":{"alt_text":"","src":"https:\/\/i0.wp.com\/ryfi.online\/wp-content\/uploads\/2021\/03\/HTB17H_UXYr1gK0jSZR0762P8XXaD-1.png?resize=350%2C200&ssl=1","width":350,"height":200},"classes":[]},{"id":12689,"url":"https:\/\/ryfi.online\/fr\/produit\/iphone-11-case-mobile-phone-case-with-magnetic-adsorption-card-holder-for-iphone-11-2\/","url_meta":{"origin":12688,"position":2},"title":"\u00c9tui pour iPhone 11 T\u00e9l\u00e9phone portable avec porte-cartes pour iPhone 11,11 Pro,11 Pro Max","date":"martie 10, 2021","format":false,"excerpt":"Livraison gratuite et rapide sous 1 \u00e0 3 jours. Achetez 4 obtenez 5 D\u00e9p\u00eachez-vous, ventes chaudes !!!","rel":"","context":"Articol similar","img":{"alt_text":"","src":"https:\/\/i0.wp.com\/ryfi.online\/wp-content\/uploads\/2021\/03\/HTB16OjSX7P2gK0jSZPx761cQpXaw.png?resize=350%2C200&ssl=1","width":350,"height":200},"classes":[]},{"id":12734,"url":"https:\/\/ryfi.online\/de\/produkt\/iphone-11-etui-mobiltelefon-etui-mit-magnetischer-adsorption-kartenhalterung-fur-iphone-11\/","url_meta":{"origin":12688,"position":3},"title":"iPhone 11 Tasche Handy mit Kartenhalter f\u00fcr iPhone 11,11 Pro,11 Pro Max","date":"martie 10, 2021","format":false,"excerpt":"Kostenloser und schneller Versand innerhalb von 1-3 Tagen. Kaufe 4, erhalte 5 Beeilen Sie sich, hei\u00dfe Verk\u00e4ufe!!!","rel":"","context":"Articol similar","img":{"alt_text":"","src":"https:\/\/i0.wp.com\/ryfi.online\/wp-content\/uploads\/2021\/03\/HTB16OjSX7P2gK0jSZPx761cQpXaw.png?resize=350%2C200&ssl=1","width":350,"height":200},"classes":[]},{"id":12665,"url":"https:\/\/ryfi.online\/es\/producto\/funda-de-telefono-movil-para-el-iphone-11-con-soporte-de-tarjeta-magnetica-para-el-iphone-11\/","url_meta":{"origin":12688,"position":4},"title":"Funda para iPhone 11 con tarjetero para iPhone 11,11 Pro,11 Pro Max","date":"martie 10, 2021","format":false,"excerpt":"Env\u00edo gratuito y r\u00e1pido en 1-3 d\u00edas. Compre 4 y obtenga 5 \u00a1Date prisa, ventas rapides!","rel":"","context":"Articol similar","img":{"alt_text":"","src":"https:\/\/i0.wp.com\/ryfi.online\/wp-content\/uploads\/2021\/03\/HTB16OjSX7P2gK0jSZPx761cQpXaw.png?resize=350%2C200&ssl=1","width":350,"height":200},"classes":[]},{"id":548,"url":"https:\/\/ryfi.online\/product\/iphone-11-case-mobile-phone-case-with-magnetic-adsorption-card-holder-for-iphone-11\/","url_meta":{"origin":12688,"position":5},"title":"iPhone 11 Case Mobile Phone with Card Holder for iPhone 11,11 Pro,11 Pro Max","date":"martie 10, 2021","format":false,"excerpt":"Free and fast shipping within 1-3 days. Buy 4\u00a0 get 5 Hurry up, hot sales!!!","rel":"","context":"Articol similar","img":{"alt_text":"Phone Case Iphone Pink","src":"https:\/\/i0.wp.com\/ryfi.online\/wp-content\/uploads\/2021\/03\/HTB16OjSX7P2gK0jSZPx761cQpXaw.png?resize=350%2C200&ssl=1","width":350,"height":200},"classes":[]}],"_links":{"self":[{"href":"https:\/\/ryfi.online\/ro\/wp-json\/wp\/v2\/product\/12688","targetHints":{"allow":["GET"]}}],"collection":[{"href":"https:\/\/ryfi.online\/ro\/wp-json\/wp\/v2\/product"}],"about":[{"href":"https:\/\/ryfi.online\/ro\/wp-json\/wp\/v2\/types\/product"}],"replies":[{"embeddable":true,"href":"https:\/\/ryfi.online\/ro\/wp-json\/wp\/v2\/comments?post=12688"}],"wp:featuredmedia":[{"embeddable":true,"href":"https:\/\/ryfi.online\/ro\/wp-json\/wp\/v2\/media\/10214"}],"wp:attachment":[{"href":"https:\/\/ryfi.online\/ro\/wp-json\/wp\/v2\/media?parent=12688"}],"wp:term":[{"taxonomy":"product_brand","embeddable":true,"href":"https:\/\/ryfi.online\/ro\/wp-json\/wp\/v2\/product_brand?post=12688"},{"taxonomy":"product_cat","embeddable":true,"href":"https:\/\/ryfi.online\/ro\/wp-json\/wp\/v2\/product_cat?post=12688"},{"taxonomy":"product_tag","embeddable":true,"href":"https:\/\/ryfi.online\/ro\/wp-json\/wp\/v2\/product_tag?post=12688"}],"curies":[{"name":"wp","href":"https:\/\/api.w.org\/{rel}","templated":true}]}}