{"id":12664,"date":"2021-07-05T18:34:09","date_gmt":"2022-11-30T18:57:14","guid":{"rendered":"https:\/\/ryfi.online\/product\/set-de-3-calzoncillos-de-100-bumbac-de-batman-pentru-copii-de-4-la-5-ani\/"},"modified":"2022-11-30T18:57:14","modified_gmt":"2022-11-30T18:57:14","slug":"set-3-batman-100-calzoncillos-de-algodon-para-ninos-4-5-anos-2","status":"publish","type":"product","link":"https:\/\/ryfi.online\/ro\/produs\/set-3-batman-100-calzoncillos-de-algodon-para-ninos-4-5-anos-2\/","title":{"rendered":"Set de 3 calzoncillos de 100% bumbac de Batman pentru copii de 4 la 5 ani"},"content":{"rendered":"<p><span class=\"a-list-item\">\u2705 Conjunto de tres braguitas para ni\u00f1o<\/span><\/p>\n<p><span class=\"a-list-item\">\u2705 Conjunto de tres braguitas para ni\u00f1os talla 4\/5 a\u00f1os<\/span><\/p>\n<p><span class=\"a-list-item\">\u2705 Cierre: con cord\u00f3n<\/span><\/p>\n<p><span class=\"a-list-item\">\u2705 Lavar a ma\u0219inii<\/span><\/p>\n<p><span class=\"a-list-item\">\u2705 Breve<\/span><\/p>\n<p><span class=\"a-list-item\">\u2705 Algod\u00f3n original de Batman.<\/span><\/p>\n<p><span class=\"a-list-item\">\u2705 Lavabil la ma\u0219in\u0103<\/span><\/p>\n<p><span class=\"a-list-item\">\u2705 Regalo perfecto para cumplea\u00f1os de ni\u00f1os o Navidad.<\/span><\/p>\n","protected":false},"excerpt":{"rendered":"<p>Trimitere gratuit\u0103 1-3 zile<\/p>\n<p>Devolu\u021bie gratuit\u0103<\/p>\n","protected":false},"featured_media":0,"comment_status":"open","ping_status":"closed","template":"","meta":[],"product_brand":[],"product_cat":[325],"product_tag":[],"class_list":{"0":"post-12664","1":"product","2":"type-product","3":"status-publish","5":"product_cat-pantaloni","7":"first","8":"instock","9":"featured","10":"taxable","11":"shipping-taxable","12":"purchasable","13":"product-type-simple"},"yoast_head":"<!-- This site is optimized with the Yoast SEO Premium plugin v17.1.2 (Yoast SEO v27.4) - https:\/\/yoast.com\/product\/yoast-seo-premium-wordpress\/ -->\n<title>Set de 3 calzoncillos de 100% bumbac de Batman pentru copii de 4 la 5 ani - Ryfi Online Store<\/title>\n<meta name=\"robots\" content=\"index, follow, max-snippet:-1, max-image-preview:large, max-video-preview:-1\" \/>\n<link rel=\"canonical\" href=\"https:\/\/ryfi.online\/ro\/produs\/set-3-batman-100-calzoncillos-de-algodon-para-ninos-4-5-anos-2\/\" \/>\n<meta property=\"og:locale\" content=\"ro_RO\" \/>\n<meta property=\"og:type\" content=\"article\" \/>\n<meta property=\"og:title\" content=\"Set de 3 calzoncillos de 100% bumbac de Batman pentru copii de 4 la 5 ani\" \/>\n<meta property=\"og:description\" content=\"Trimitere gratuit\u0103 1-3 zile Devolu\u021bie gratuit\u0103\" \/>\n<meta property=\"og:url\" content=\"https:\/\/ryfi.online\/ro\/produs\/set-3-batman-100-calzoncillos-de-algodon-para-ninos-4-5-anos-2\/\" \/>\n<meta property=\"og:site_name\" content=\"Ryfi Online Store\" \/>\n<meta property=\"article:publisher\" content=\"https:\/\/www.facebook.com\/ryfi.online\/\" \/>\n<meta property=\"og:image\" content=\"https:\/\/ryfi.online\/wp-content\/uploads\/2021\/03\/H89f48063f95940e583df854ff6ec5f689-Copy-Copy.jpg\" \/>\n\t<meta property=\"og:image:width\" content=\"500\" \/>\n\t<meta property=\"og:image:height\" content=\"500\" \/>\n\t<meta property=\"og:image:type\" content=\"image\/jpeg\" \/>\n<meta name=\"twitter:card\" content=\"summary_large_image\" \/>\n<meta name=\"twitter:label1\" content=\"Pre\u021b\" \/>\n\t<meta name=\"twitter:data1\" content=\"&#036;11.98\" \/>\n\t<meta name=\"twitter:label2\" content=\"Availability\" \/>\n\t<meta name=\"twitter:data2\" content=\"In stock\" \/>\n<meta property=\"product:brand\" content=\"pantaloni\" \/>\n<meta property=\"product:price:amount\" content=\"11.98\" \/>\n<meta property=\"product:price:currency\" content=\"USD\" \/>\n<meta property=\"og:availability\" content=\"instock\" \/>\n<meta property=\"product:availability\" content=\"instock\" \/>\n<meta property=\"product:condition\" content=\"new\" \/>\n<!-- \/ Yoast SEO Premium plugin. -->","yoast_head_json":{"title":"Set de 3 calzoncillos de 100% bumbac de Batman pentru copii de 4 la 5 ani - Ryfi Online Store","robots":{"index":"index","follow":"follow","max-snippet":"max-snippet:-1","max-image-preview":"max-image-preview:large","max-video-preview":"max-video-preview:-1"},"canonical":"https:\/\/ryfi.online\/ro\/produs\/set-3-batman-100-calzoncillos-de-algodon-para-ninos-4-5-anos-2\/","og_locale":"ro_RO","og_type":"article","og_title":"Set de 3 calzoncillos de 100% bumbac de Batman pentru copii de 4 la 5 ani","og_description":"Trimitere gratuit\u0103 1-3 zile Devolu\u021bie gratuit\u0103","og_url":"https:\/\/ryfi.online\/ro\/produs\/set-3-batman-100-calzoncillos-de-algodon-para-ninos-4-5-anos-2\/","og_site_name":"Ryfi Online Store","article_publisher":"https:\/\/www.facebook.com\/ryfi.online\/","og_image":[{"width":500,"height":500,"url":"https:\/\/ryfi.online\/wp-content\/uploads\/2021\/03\/H89f48063f95940e583df854ff6ec5f689-Copy-Copy.jpg","type":"image\/jpeg"}],"twitter_card":"summary_large_image","twitter_misc":{"Pre\u021b":"&#36;11.98","Availability":"In stock"},"schema":{"@context":"https:\/\/schema.org","@graph":[{"@type":"WebPage","@id":"https:\/\/ryfi.online\/ro\/produs\/set-3-batman-100-calzoncillos-de-algodon-para-ninos-4-5-anos-2\/","url":"https:\/\/ryfi.online\/ro\/produs\/set-3-batman-100-calzoncillos-de-algodon-para-ninos-4-5-anos-2\/","name":"Set de 3 calzoncillos de 100% bumbac de Batman pentru copii de 4 la 5 ani - Ryfi Online Store","isPartOf":{"@id":"https:\/\/ryfi.online\/ro\/#website"},"datePublished":"2022-11-30T18:57:14+00:00","breadcrumb":{"@id":"https:\/\/ryfi.online\/ro\/produs\/set-3-batman-100-calzoncillos-de-algodon-para-ninos-4-5-anos-2\/#breadcrumb"},"inLanguage":"ro-RO","potentialAction":[{"@type":"ReadAction","target":["https:\/\/ryfi.online\/ro\/produs\/set-3-batman-100-calzoncillos-de-algodon-para-ninos-4-5-anos-2\/"]}]},{"@type":"BreadcrumbList","@id":"https:\/\/ryfi.online\/ro\/produs\/set-3-batman-100-calzoncillos-de-algodon-para-ninos-4-5-anos-2\/#breadcrumb","itemListElement":[{"@type":"ListItem","position":1,"name":"Home","item":"https:\/\/ryfi.online\/ro\/"},{"@type":"ListItem","position":2,"name":"Free and Fast Shipping whitin 1-3 Days!!!","item":"https:\/\/ryfi.online\/shop\/"},{"@type":"ListItem","position":3,"name":"Set de 3 calzoncillos de 100% bumbac de Batman pentru copii de 4 la 5 ani"}]},{"@type":"WebSite","@id":"https:\/\/ryfi.online\/ro\/#website","url":"https:\/\/ryfi.online\/ro\/","name":"Ryfi Online Store","description":"Online Store","publisher":{"@id":"https:\/\/ryfi.online\/ro\/#organization"},"potentialAction":[{"@type":"SearchAction","target":{"@type":"EntryPoint","urlTemplate":"https:\/\/ryfi.online\/ro\/?s={search_term_string}"},"query-input":{"@type":"PropertyValueSpecification","valueRequired":true,"valueName":"search_term_string"}}],"inLanguage":"ro-RO"},{"@type":"Organization","@id":"https:\/\/ryfi.online\/ro\/#organization","name":"Ryan Future Investments LLC","url":"https:\/\/ryfi.online\/ro\/","logo":{"@type":"ImageObject","inLanguage":"ro-RO","@id":"https:\/\/ryfi.online\/ro\/#\/schema\/logo\/image\/","url":"https:\/\/ryfi.online\/wp-content\/uploads\/2021\/03\/2-03.png","contentUrl":"https:\/\/ryfi.online\/wp-content\/uploads\/2021\/03\/2-03.png","width":1010,"height":310,"caption":"Ryan Future Investments LLC"},"image":{"@id":"https:\/\/ryfi.online\/ro\/#\/schema\/logo\/image\/"},"sameAs":["https:\/\/www.facebook.com\/ryfi.online\/"]}]},"product_brand":"pantaloni","product_price_amount":"11.98","product_price_currency":"USD","og_availability":"instock","product_availability":"instock","product_condition":"new"},"jetpack-related-posts":[{"id":2137,"url":"https:\/\/ryfi.online\/product\/set-3-batman-100-calzoncillos-de-algodon-para-ninos-4-5-anos\/","url_meta":{"origin":12664,"position":0},"title":"Set de 3 calzoncillos de 100% algod\u00f3n de Batman para ni\u00f1os de 4 a 5 a\u00f1os","date":"iulie 5, 2021","format":false,"excerpt":"Env\u00edo gratis 1-3 d\u00edas Devoluci\u00f3n gratuita","rel":"","context":"Articol similar","img":{"alt_text":"","src":"","width":0,"height":0},"classes":[]},{"id":12680,"url":"https:\/\/ryfi.online\/es\/producto\/set-3-batman-100-calzoncillos-de-algodon-para-ninos-4-5-anos-2\/","url_meta":{"origin":12664,"position":1},"title":"Set de 3 calzoncillos de 100% algod\u00f3n de Batman para ni\u00f1os de 4 a 5 a\u00f1os","date":"iulie 5, 2021","format":false,"excerpt":"Env\u00edo gratuito 1-3 d\u00edas Devoluci\u00f3n gratuita","rel":"","context":"Articol similar","img":{"alt_text":"","src":"","width":0,"height":0},"classes":[]},{"id":12658,"url":"https:\/\/ryfi.online\/it\/prodotto\/set-3-batman-100-calzoncillos-de-algodon-para-ninos-4-5-anos-2\/","url_meta":{"origin":12664,"position":2},"title":"Set di 3 calzoncini di 100% algod\u00f3n di Batman per bambini da 4 a 5 anni","date":"iulie 5, 2021","format":false,"excerpt":"Consegna gratuita 1-3 giorni Distribuzione gratuita","rel":"","context":"Articol similar","img":{"alt_text":"","src":"","width":0,"height":0},"classes":[]},{"id":2138,"url":"https:\/\/ryfi.online\/es\/producto\/set-3-batman-100-calzoncillos-de-algodon-para-ninos-4-5-anos\/","url_meta":{"origin":12664,"position":3},"title":"Set de 3 calzoncillos de 100% algod\u00f3n de Batman para ni\u00f1os de 4 a 5 a\u00f1os UE8088","date":"iulie 5, 2021","format":false,"excerpt":"Env\u00edo rapido y seguro en 1-3 dias laborales","rel":"","context":"Articol similar","img":{"alt_text":"","src":"https:\/\/i0.wp.com\/ryfi.online\/wp-content\/uploads\/2021\/07\/ue8088.45y.e00-scaled.jpg?resize=350%2C200&ssl=1","width":350,"height":200},"classes":[]},{"id":12661,"url":"https:\/\/ryfi.online\/fr\/produit\/set-3-batman-100-calzoncillos-de-algodon-para-ninos-4-5-anos-2\/","url_meta":{"origin":12664,"position":4},"title":"Set de 3 calzoncillos de 100% algod\u00f3n de Batman para ni\u00f1os de 4 a 5 a\u00f1os","date":"iulie 5, 2021","format":false,"excerpt":"Envoi gratuit 1-3 jours D\u00e9volution gratuite","rel":"","context":"Articol similar","img":{"alt_text":"","src":"","width":0,"height":0},"classes":[]},{"id":12660,"url":"https:\/\/ryfi.online\/de\/produkt\/set-3-batman-100-calzoncillos-de-algodon-para-ninos-4-5-anos-2\/","url_meta":{"origin":12664,"position":5},"title":"3er-Set Batman aus 100% Algodon f\u00fcr Kinder von 4 bis 5 Jahren","date":"iulie 5, 2021","format":false,"excerpt":"Kostenlose Zusendung 1-3 Tage Kostenlose Abgabe","rel":"","context":"Articol similar","img":{"alt_text":"","src":"","width":0,"height":0},"classes":[]}],"_links":{"self":[{"href":"https:\/\/ryfi.online\/ro\/wp-json\/wp\/v2\/product\/12664","targetHints":{"allow":["GET"]}}],"collection":[{"href":"https:\/\/ryfi.online\/ro\/wp-json\/wp\/v2\/product"}],"about":[{"href":"https:\/\/ryfi.online\/ro\/wp-json\/wp\/v2\/types\/product"}],"replies":[{"embeddable":true,"href":"https:\/\/ryfi.online\/ro\/wp-json\/wp\/v2\/comments?post=12664"}],"wp:attachment":[{"href":"https:\/\/ryfi.online\/ro\/wp-json\/wp\/v2\/media?parent=12664"}],"wp:term":[{"taxonomy":"product_brand","embeddable":true,"href":"https:\/\/ryfi.online\/ro\/wp-json\/wp\/v2\/product_brand?post=12664"},{"taxonomy":"product_cat","embeddable":true,"href":"https:\/\/ryfi.online\/ro\/wp-json\/wp\/v2\/product_cat?post=12664"},{"taxonomy":"product_tag","embeddable":true,"href":"https:\/\/ryfi.online\/ro\/wp-json\/wp\/v2\/product_tag?post=12664"}],"curies":[{"name":"wp","href":"https:\/\/api.w.org\/{rel}","templated":true}]}}