{"id":12494,"date":"2022-11-21T16:30:31","date_gmt":"2022-11-21T16:30:31","guid":{"rendered":"https:\/\/ryfi.online\/?post_type=product&#038;p=12494"},"modified":"2025-10-01T18:14:02","modified_gmt":"2025-10-01T18:14:02","slug":"white-plush-bear-i-love-you-9%e2%80%b3-with-music","status":"publish","type":"product","link":"https:\/\/ryfi.online\/ro\/product\/white-plush-bear-i-love-you-9%e2%80%b3-with-music\/","title":{"rendered":"White Plush Bear I Love You 9\u2033 with Music"},"content":{"rendered":"<ul class=\"a-unordered-list a-vertical a-spacing-mini\">\n<li><span class=\"a-list-item\">\ud83d\udc98\u3010Material \u3011&#8212; Premium skin-friendly plush fabrics + environmental protection PP down cotton padding, soft and durable. Machine washable.<\/span><\/li>\n<li><span class=\"a-list-item\">\ud83d\udc98\u3010Ideal Valentine\u2019s Day Gifts\u3011&#8212; Perfect gifts for your lover or the people who you care. This white bear doll indicates your special and best love and wishes to people who you really care. It&#8217;s also a great props when you show your love.<\/span><\/li>\n<li><span class=\"a-list-item\">\ud83d\udc98\u3010Multiple Occasion\u3011&#8212; (1) Gifts for Lover, kids, toddlers, young people and the elderly on Valentines Day | Birthday | Christmas Day | New year etc., anyone will be love with this white bear doll. (2)Can be used as a decor for bedrooms, living rooms, homes, offices, nursery beds and every place you like.<\/span><\/li>\n<li><span class=\"a-list-item\">\ud83d\udc98\u3010Tips\u3011 &#8212; (1)Suitable for children 3+ years old.(2)Please keep away from fire.<\/span><\/li>\n<li><span class=\"a-list-item\">\ud83d\udc98\u3010Size\u3011&#8212;9inches<\/span><\/li>\n<\/ul>\n","protected":false},"excerpt":{"rendered":"<p><strong>Free and fast shipping within 1-3 days.<\/strong><\/p>\n","protected":false},"featured_media":12495,"comment_status":"open","ping_status":"closed","template":"","meta":[],"product_brand":[],"product_cat":[31],"product_tag":[],"class_list":{"0":"post-12494","1":"product","2":"type-product","3":"status-publish","4":"has-post-thumbnail","6":"product_cat-plush-toys","8":"first","9":"instock","10":"featured","11":"taxable","12":"shipping-taxable","13":"purchasable","14":"product-type-simple"},"yoast_head":"<!-- This site is optimized with the Yoast SEO Premium plugin v17.1.2 (Yoast SEO v27.4) - https:\/\/yoast.com\/product\/yoast-seo-premium-wordpress\/ -->\n<title>White Plush Bear I Love You 9\u2033 with Music - Ryfi Online Store<\/title>\n<meta name=\"description\" content=\"If you are looking for White Bear Plush Toys in the USA? Then, you have come to the right place, Ryfi.online Provides the Different- Different kind of Plush, for more Information Visit our website today!\" \/>\n<meta name=\"robots\" content=\"index, follow, max-snippet:-1, max-image-preview:large, max-video-preview:-1\" \/>\n<link rel=\"canonical\" href=\"https:\/\/ryfi.online\/ro\/product\/white-plush-bear-i-love-you-9%e2%80%b3-with-music\/\" \/>\n<meta property=\"og:locale\" content=\"ro_RO\" \/>\n<meta property=\"og:type\" content=\"article\" \/>\n<meta property=\"og:title\" content=\"White Plush Bear I Love You 9\u2033 with Music\" \/>\n<meta property=\"og:description\" content=\"If you are looking for White Bear Plush Toys in the USA? Then, you have come to the right place, Ryfi.online Provides the Different- Different kind of Plush, for more Information Visit our website today!\" \/>\n<meta property=\"og:url\" content=\"https:\/\/ryfi.online\/ro\/product\/white-plush-bear-i-love-you-9%e2%80%b3-with-music\/\" \/>\n<meta property=\"og:site_name\" content=\"Ryfi Online Store\" \/>\n<meta property=\"article:publisher\" content=\"https:\/\/www.facebook.com\/ryfi.online\/\" \/>\n<meta property=\"article:modified_time\" content=\"2025-10-01T18:14:02+00:00\" \/>\n<meta property=\"og:image\" content=\"https:\/\/ryfi.online\/wp-content\/uploads\/2022\/11\/IMG_5686-8-inchi-1.jpg\" \/>\n\t<meta property=\"og:image:width\" content=\"1242\" \/>\n\t<meta property=\"og:image:height\" content=\"1245\" \/>\n\t<meta property=\"og:image:type\" content=\"image\/jpeg\" \/>\n<meta name=\"twitter:card\" content=\"summary_large_image\" \/>\n<meta name=\"twitter:label1\" content=\"Pre\u021b\" \/>\n\t<meta name=\"twitter:data1\" content=\"&#036;17.99\" \/>\n\t<meta name=\"twitter:label2\" content=\"Availability\" \/>\n\t<meta name=\"twitter:data2\" content=\"In stock\" \/>\n<meta property=\"product:brand\" content=\"Plush Toys\" \/>\n<meta property=\"product:price:amount\" content=\"17.99\" \/>\n<meta property=\"product:price:currency\" content=\"USD\" \/>\n<meta property=\"og:availability\" content=\"instock\" \/>\n<meta property=\"product:availability\" content=\"instock\" \/>\n<meta property=\"product:condition\" content=\"new\" \/>\n<!-- \/ Yoast SEO Premium plugin. -->","yoast_head_json":{"title":"White Plush Bear I Love You 9\u2033 with Music - Ryfi Online Store","description":"If you are looking for White Bear Plush Toys in the USA? Then, you have come to the right place, Ryfi.online Provides the Different- Different kind of Plush, for more Information Visit our website today!","robots":{"index":"index","follow":"follow","max-snippet":"max-snippet:-1","max-image-preview":"max-image-preview:large","max-video-preview":"max-video-preview:-1"},"canonical":"https:\/\/ryfi.online\/ro\/product\/white-plush-bear-i-love-you-9%e2%80%b3-with-music\/","og_locale":"ro_RO","og_type":"article","og_title":"White Plush Bear I Love You 9\u2033 with Music","og_description":"If you are looking for White Bear Plush Toys in the USA? Then, you have come to the right place, Ryfi.online Provides the Different- Different kind of Plush, for more Information Visit our website today!","og_url":"https:\/\/ryfi.online\/ro\/product\/white-plush-bear-i-love-you-9%e2%80%b3-with-music\/","og_site_name":"Ryfi Online Store","article_publisher":"https:\/\/www.facebook.com\/ryfi.online\/","article_modified_time":"2025-10-01T18:14:02+00:00","og_image":[{"width":1242,"height":1245,"url":"https:\/\/ryfi.online\/wp-content\/uploads\/2022\/11\/IMG_5686-8-inchi-1.jpg","type":"image\/jpeg"}],"twitter_card":"summary_large_image","twitter_misc":{"Pre\u021b":"&#36;17.99","Availability":"In stock"},"schema":{"@context":"https:\/\/schema.org","@graph":[{"@type":"WebPage","@id":"https:\/\/ryfi.online\/ro\/product\/white-plush-bear-i-love-you-9%e2%80%b3-with-music\/","url":"https:\/\/ryfi.online\/ro\/product\/white-plush-bear-i-love-you-9%e2%80%b3-with-music\/","name":"White Plush Bear I Love You 9\u2033 with Music - Ryfi Online Store","isPartOf":{"@id":"https:\/\/ryfi.online\/ro\/#website"},"primaryImageOfPage":{"@id":"https:\/\/ryfi.online\/ro\/product\/white-plush-bear-i-love-you-9%e2%80%b3-with-music\/#primaryimage"},"image":{"@id":"https:\/\/ryfi.online\/ro\/product\/white-plush-bear-i-love-you-9%e2%80%b3-with-music\/#primaryimage"},"thumbnailUrl":"https:\/\/ryfi.online\/wp-content\/uploads\/2022\/11\/IMG_5686-8-inchi-1.jpg","datePublished":"2022-11-21T16:30:31+00:00","dateModified":"2025-10-01T18:14:02+00:00","description":"If you are looking for White Bear Plush Toys in the USA? Then, you have come to the right place, Ryfi.online Provides the Different- Different kind of Plush, for more Information Visit our website today!","breadcrumb":{"@id":"https:\/\/ryfi.online\/ro\/product\/white-plush-bear-i-love-you-9%e2%80%b3-with-music\/#breadcrumb"},"inLanguage":"ro-RO","potentialAction":[{"@type":"ReadAction","target":["https:\/\/ryfi.online\/ro\/product\/white-plush-bear-i-love-you-9%e2%80%b3-with-music\/"]}]},{"@type":"ImageObject","inLanguage":"ro-RO","@id":"https:\/\/ryfi.online\/ro\/product\/white-plush-bear-i-love-you-9%e2%80%b3-with-music\/#primaryimage","url":"https:\/\/ryfi.online\/wp-content\/uploads\/2022\/11\/IMG_5686-8-inchi-1.jpg","contentUrl":"https:\/\/ryfi.online\/wp-content\/uploads\/2022\/11\/IMG_5686-8-inchi-1.jpg","width":1242,"height":1245,"caption":"White Plush Bear I Love You 9\u2033 with Music"},{"@type":"BreadcrumbList","@id":"https:\/\/ryfi.online\/ro\/product\/white-plush-bear-i-love-you-9%e2%80%b3-with-music\/#breadcrumb","itemListElement":[{"@type":"ListItem","position":1,"name":"Home","item":"https:\/\/ryfi.online\/ro\/"},{"@type":"ListItem","position":2,"name":"Free and Fast Shipping whitin 1-3 Days!!!","item":"https:\/\/ryfi.online\/shop\/"},{"@type":"ListItem","position":3,"name":"White Plush Bear I Love You 9\u2033 with Music"}]},{"@type":"WebSite","@id":"https:\/\/ryfi.online\/ro\/#website","url":"https:\/\/ryfi.online\/ro\/","name":"Ryfi Online Store","description":"Online Store","publisher":{"@id":"https:\/\/ryfi.online\/ro\/#organization"},"potentialAction":[{"@type":"SearchAction","target":{"@type":"EntryPoint","urlTemplate":"https:\/\/ryfi.online\/ro\/?s={search_term_string}"},"query-input":{"@type":"PropertyValueSpecification","valueRequired":true,"valueName":"search_term_string"}}],"inLanguage":"ro-RO"},{"@type":"Organization","@id":"https:\/\/ryfi.online\/ro\/#organization","name":"Ryan Future Investments LLC","url":"https:\/\/ryfi.online\/ro\/","logo":{"@type":"ImageObject","inLanguage":"ro-RO","@id":"https:\/\/ryfi.online\/ro\/#\/schema\/logo\/image\/","url":"https:\/\/ryfi.online\/wp-content\/uploads\/2021\/03\/2-03.png","contentUrl":"https:\/\/ryfi.online\/wp-content\/uploads\/2021\/03\/2-03.png","width":1010,"height":310,"caption":"Ryan Future Investments LLC"},"image":{"@id":"https:\/\/ryfi.online\/ro\/#\/schema\/logo\/image\/"},"sameAs":["https:\/\/www.facebook.com\/ryfi.online\/"]}]},"product_brand":"Plush Toys","product_price_amount":"17.99","product_price_currency":"USD","og_availability":"instock","product_availability":"instock","product_condition":"new"},"jetpack-related-posts":[{"id":12961,"url":"https:\/\/ryfi.online\/de\/produkt\/paw-patrol-10-rubble-plush-toy-standing-plush-with-stitched-detailing-for-ages-3-and-up-multicolor-2\/","url_meta":{"origin":12494,"position":0},"title":"Paw Patrol &#8211; 10&#8243; Rubble Pl\u00fcschspielzeug, stehendes Pl\u00fcsch mit gen\u00e4hten Details, f\u00fcr Kinder ab 3 Jahren, mehrfarbig","date":"mai 4, 2021","format":false,"excerpt":"Kleine PAW Patrol-Fans k\u00f6nnen sich einkuscheln und von Abenteuern mit ihrem Lieblingshund Rubble tr\u00e4umen! Dieser 10\" gro\u00dfe Pl\u00fcschwelpe steht von ganz alleine aufrecht und ist bereit f\u00fcr Action! Rubble tr\u00e4gt seine typische PAW Patrol Uniform, komplett mit kuscheliger M\u00fctze und PAW Patrol Abzeichen. Er hat sogar Pfotenabdr\u00fccke auf allen Vieren!\u2026","rel":"","context":"Articol similar","img":{"alt_text":"","src":"https:\/\/i0.wp.com\/ryfi.online\/wp-content\/uploads\/2021\/05\/71AtjhCJL._AC_SL1500_.jpg?resize=350%2C200&ssl=1","width":350,"height":200},"classes":[]},{"id":13059,"url":"https:\/\/ryfi.online\/de\/produkt\/paw-patrol-10-marshall-plush-toy-standing-plush-with-stitched-detailing-for-ages-3-and-up-2\/","url_meta":{"origin":12494,"position":1},"title":"Paw Patrol &#8211; 10&#8243; Marshall Pl\u00fcschspielzeug, stehendes Pl\u00fcsch mit gen\u00e4hten Details, f\u00fcr 3 Jahre und \u00e4lter","date":"mai 4, 2021","format":false,"excerpt":"Kleine PAW Patrol-Fans k\u00f6nnen sich einkuscheln und von Abenteuern mit ihrem Lieblingshund Marshall tr\u00e4umen! Dieser 10\" gro\u00dfe Pl\u00fcschwelpe steht von ganz alleine aufrecht und ist bereit f\u00fcr Action! Marshall tr\u00e4gt seine typische PAW Patrol Uniform, komplett mit kuscheliger M\u00fctze und PAW Patrol Abzeichen. Er hat sogar Pfotenabdr\u00fccke auf allen Vieren!\u2026","rel":"","context":"Articol similar","img":{"alt_text":"","src":"https:\/\/i0.wp.com\/ryfi.online\/wp-content\/uploads\/2021\/05\/71x19VxDhSL._AC_SL1500_.jpg?resize=350%2C200&ssl=1","width":350,"height":200},"classes":[]},{"id":13089,"url":"https:\/\/ryfi.online\/de\/produkt\/paw-patrol-10-chase-plush-toy-standing-plush-with-stitched-detailing-for-ages-3-and-up-2\/","url_meta":{"origin":12494,"position":2},"title":"Paw Patrol &#8211; 10&#8243; Chase Pl\u00fcschspielzeug, stehender Pl\u00fcsch mit gen\u00e4hten Details, f\u00fcr 3 Jahre und \u00e4lter","date":"mai 4, 2021","format":false,"excerpt":"Kleine PAW Patrol-Fans k\u00f6nnen sich einkuscheln und von Abenteuern mit ihrem Lieblingshund Chase tr\u00e4umen! Dieser 10\" gro\u00dfe Pl\u00fcschwelpe steht von ganz alleine aufrecht und ist bereit f\u00fcr Action! Chase tr\u00e4gt seine typische PAW Patrol Uniform, komplett mit kuscheliger M\u00fctze und PAW Patrol Abzeichen. Er hat sogar Pfotenabdr\u00fccke auf allen Vieren!\u2026","rel":"","context":"Articol similar","img":{"alt_text":"","src":"https:\/\/i0.wp.com\/ryfi.online\/wp-content\/uploads\/2021\/05\/81c46n9nwAL._AC_SL1500_.jpg?resize=350%2C200&ssl=1","width":350,"height":200},"classes":[]},{"id":12970,"url":"https:\/\/ryfi.online\/de\/produkt\/paw-patrol-10-skyye-plush-toy-standing-plush-with-stitched-detailing-for-ages-3-and-up\/","url_meta":{"origin":12494,"position":3},"title":"Paw Patrol &#8211; 10&#8243; Skye Pl\u00fcschspielzeug, stehendes Pl\u00fcsch mit gen\u00e4hten Details, f\u00fcr 3 Jahre und \u00e4lter","date":"mai 4, 2021","format":false,"excerpt":"Kleine PAW Patrol-Fans k\u00f6nnen sich einkuscheln und von Abenteuern mit ihrer Lieblingsh\u00fcndin Skye tr\u00e4umen! Dieser 10\" gro\u00dfe Pl\u00fcschhund steht von ganz alleine aufrecht und ist bereit f\u00fcr Action! Skye tr\u00e4gt ihre typische PAW Patrol Uniform, komplett mit kuscheliger M\u00fctze und PAW Patrol Abzeichen. Sie hat sogar Pfotenabdr\u00fccke auf allen Vieren!\u2026","rel":"","context":"Articol similar","img":{"alt_text":"","src":"https:\/\/i0.wp.com\/ryfi.online\/wp-content\/uploads\/2021\/05\/81EbdDqXYyL._AC_SL1500_.jpg?resize=350%2C200&ssl=1","width":350,"height":200},"classes":[]},{"id":9610,"url":"https:\/\/ryfi.online\/de\/produkt\/set-autos-kinder-t-shirt-und-hosen-kopie\/","url_meta":{"origin":12494,"position":4},"title":"Cars Kinder T-Shirt und Hose im Set ET1081","date":"aprilie 21, 2022","format":false,"excerpt":"Schneller und sicherer Versand in 1-3 Werktagen","rel":"","context":"Articol similar","img":{"alt_text":"Conjunto camiseta pantalones Cars","src":"https:\/\/i0.wp.com\/ryfi.online\/wp-content\/uploads\/2022\/04\/et1081.jpg?resize=350%2C200&ssl=1","width":350,"height":200},"classes":[]},{"id":9223,"url":"https:\/\/ryfi.online\/de\/produkt\/kurzarm-t-shirt-cars-ev1066\/","url_meta":{"origin":12494,"position":5},"title":"Kurzarm-T-Shirt Autos f\u00fcr Kinder EV1066","date":"aprilie 30, 2022","format":false,"excerpt":"Schneller und sicherer Versand in 1-3 Werktagen","rel":"","context":"Articol similar","img":{"alt_text":"","src":"https:\/\/i0.wp.com\/ryfi.online\/wp-content\/uploads\/2022\/04\/ev1066.jpg?resize=350%2C200&ssl=1","width":350,"height":200},"classes":[]}],"_links":{"self":[{"href":"https:\/\/ryfi.online\/ro\/wp-json\/wp\/v2\/product\/12494","targetHints":{"allow":["GET"]}}],"collection":[{"href":"https:\/\/ryfi.online\/ro\/wp-json\/wp\/v2\/product"}],"about":[{"href":"https:\/\/ryfi.online\/ro\/wp-json\/wp\/v2\/types\/product"}],"replies":[{"embeddable":true,"href":"https:\/\/ryfi.online\/ro\/wp-json\/wp\/v2\/comments?post=12494"}],"wp:featuredmedia":[{"embeddable":true,"href":"https:\/\/ryfi.online\/ro\/wp-json\/wp\/v2\/media\/12495"}],"wp:attachment":[{"href":"https:\/\/ryfi.online\/ro\/wp-json\/wp\/v2\/media?parent=12494"}],"wp:term":[{"taxonomy":"product_brand","embeddable":true,"href":"https:\/\/ryfi.online\/ro\/wp-json\/wp\/v2\/product_brand?post=12494"},{"taxonomy":"product_cat","embeddable":true,"href":"https:\/\/ryfi.online\/ro\/wp-json\/wp\/v2\/product_cat?post=12494"},{"taxonomy":"product_tag","embeddable":true,"href":"https:\/\/ryfi.online\/ro\/wp-json\/wp\/v2\/product_tag?post=12494"}],"curies":[{"name":"wp","href":"https:\/\/api.w.org\/{rel}","templated":true}]}}