{"id":12042,"date":"2021-06-09T15:28:20","date_gmt":"2022-05-17T14:49:44","guid":{"rendered":"https:\/\/ryfi.online\/product\/gorra-de-beisbol-con-diseno-de-avengers-de-marvel-para-ninos\/"},"modified":"2024-10-27T17:41:34","modified_gmt":"2024-10-27T17:41:34","slug":"gorra-de-beisbol-con-diseno-de-avengers-de-marvel-para-ninos-2","status":"publish","type":"product","link":"https:\/\/ryfi.online\/ro\/produs\/gorra-de-beisbol-con-diseno-de-avengers-de-marvel-para-ninos-2\/","title":{"rendered":"Gorra de b\u00e9isbol con dise\u00f1o de Avengers de Marvel para ni\u00f1os"},"content":{"rendered":"<p>Ca cadou de ziua de nastere, de Paste sau doar asa. Con la hermosa gorra, de Avengers , no puedes equivocarte! Cappy este 100% bumbac \u0219i 100% poliester. Exist\u0103 o \u00eenchidere cu velcro la spate pentru o potrivire perfect\u0103 cu capete mici pentru confort maxim. Manopera este excelenta si culorile foarte puternice. \u0218apca cu v\u00e2rf este ideal\u0103 pentru o plimbare la soare, o zi la piscin\u0103 sau pentru vacan\u021be. A\u0219a c\u0103 capetele celor mici sunt bine protejate de soarele arz\u0103tor. Capacul este lavabil la masina de spalat la 30\u00b0C, pentru o durata lunga de viata, dar se recomanda spalarea manuala. Cu aceast\u0103 \u0219apc\u0103, ochii copiilor \u00eencep s\u0103 radieze!<\/p>\n<p><span class=\"a-list-item\">\u2705 Gorra de b\u00e9isbol para ni\u00f1os de Marvel Avengers con espalda ajustable<\/span><\/p>\n<p><span class=\"a-list-item\">\u2705 Color Azul con dibujos animados de Hulk,Iron Man,Thor,Captain America<\/span><\/p>\n<p><span class=\"a-list-item\">\u2705 80% bumbac, 20% poliester<\/span><\/p>\n<p id=\"title\" class=\"a-size-large a-spacing-none\"><span id=\"productTitle\" class=\"a-size-large product-title-word-break\"><span class=\"a-list-item\">\u2705<\/span> Ajustabil de la 3 la 8 ani <\/span><\/p>\n<p><span id=\"productTitle\" class=\"a-size-large product-title-word-break\"><span class=\"a-list-item\">\u2705 52-54 cm<\/span> <\/span><\/p>\n","protected":false},"excerpt":{"rendered":"<p>Env\u00edo gratuito en 1-3 d\u00edas laborales<\/p>\n","protected":false},"featured_media":10832,"comment_status":"open","ping_status":"closed","template":"","meta":[],"product_brand":[],"product_cat":[310],"product_tag":[],"class_list":{"0":"post-12042","1":"product","2":"type-product","3":"status-publish","4":"has-post-thumbnail","6":"product_cat-sapci-pentru-copii","8":"first","9":"instock","10":"featured","11":"taxable","12":"shipping-taxable","13":"purchasable","14":"product-type-simple"},"yoast_head":"<!-- This site is optimized with the Yoast SEO Premium plugin v17.1.2 (Yoast SEO v27.4) - https:\/\/yoast.com\/product\/yoast-seo-premium-wordpress\/ -->\n<title>Cump\u0103ra\u021bi \u0218apc\u0103 De Baseball Marvel Pentru Copii | Sepci Avenger Pentru Copii<\/title>\n<meta name=\"description\" content=\"Achizi\u021biona\u021bi \u0219apca de baseball pentru copii Marvel cu o fixare reglabil\u0103 care se potrive\u0219te perfect pe capul oric\u0103rui copil \u0219i ofer\u0103 confort chiar \u0219i la temperature foarte mari. Cump\u0103r\u0103 acum!!\" \/>\n<meta name=\"robots\" content=\"index, follow, max-snippet:-1, max-image-preview:large, max-video-preview:-1\" \/>\n<link rel=\"canonical\" href=\"https:\/\/ryfi.online\/ro\/produs\/gorra-de-beisbol-con-diseno-de-avengers-de-marvel-para-ninos-2\/\" \/>\n<meta property=\"og:locale\" content=\"ro_RO\" \/>\n<meta property=\"og:type\" content=\"article\" \/>\n<meta property=\"og:title\" content=\"Gorra de b\u00e9isbol con dise\u00f1o de Avengers de Marvel para ni\u00f1os\" \/>\n<meta property=\"og:description\" content=\"Achizi\u021biona\u021bi \u0219apca de baseball pentru copii Marvel cu o fixare reglabil\u0103 care se potrive\u0219te perfect pe capul oric\u0103rui copil \u0219i ofer\u0103 confort chiar \u0219i la temperature foarte mari. Cump\u0103r\u0103 acum!!\" \/>\n<meta property=\"og:url\" content=\"https:\/\/ryfi.online\/ro\/produs\/gorra-de-beisbol-con-diseno-de-avengers-de-marvel-para-ninos-2\/\" \/>\n<meta property=\"og:site_name\" content=\"Ryfi Online Store\" \/>\n<meta property=\"article:publisher\" content=\"https:\/\/www.facebook.com\/ryfi.online\/\" \/>\n<meta property=\"article:modified_time\" content=\"2024-10-27T17:41:34+00:00\" \/>\n<meta property=\"og:image\" content=\"https:\/\/ryfi.online\/wp-content\/uploads\/2021\/06\/et4174_bl-1.jpg\" \/>\n\t<meta property=\"og:image:width\" content=\"800\" \/>\n\t<meta property=\"og:image:height\" content=\"1200\" \/>\n\t<meta property=\"og:image:type\" content=\"image\/jpeg\" \/>\n<meta name=\"twitter:card\" content=\"summary_large_image\" \/>\n<meta name=\"twitter:label1\" content=\"Pre\u021b\" \/>\n\t<meta name=\"twitter:data1\" content=\"&#036;22.00\" \/>\n\t<meta name=\"twitter:label2\" content=\"Availability\" \/>\n\t<meta name=\"twitter:data2\" content=\"In stock\" \/>\n<meta property=\"product:brand\" content=\"\u015eapci pentru copii\" \/>\n<meta property=\"product:price:amount\" content=\"22.00\" \/>\n<meta property=\"product:price:currency\" content=\"USD\" \/>\n<meta property=\"og:availability\" content=\"instock\" \/>\n<meta property=\"product:availability\" content=\"instock\" \/>\n<meta property=\"product:condition\" content=\"new\" \/>\n<!-- \/ Yoast SEO Premium plugin. -->","yoast_head_json":{"title":"Cump\u0103ra\u021bi \u0218apc\u0103 De Baseball Marvel Pentru Copii | Sepci Avenger Pentru Copii","description":"Achizi\u021biona\u021bi \u0219apca de baseball pentru copii Marvel cu o fixare reglabil\u0103 care se potrive\u0219te perfect pe capul oric\u0103rui copil \u0219i ofer\u0103 confort chiar \u0219i la temperature foarte mari. Cump\u0103r\u0103 acum!!","robots":{"index":"index","follow":"follow","max-snippet":"max-snippet:-1","max-image-preview":"max-image-preview:large","max-video-preview":"max-video-preview:-1"},"canonical":"https:\/\/ryfi.online\/ro\/produs\/gorra-de-beisbol-con-diseno-de-avengers-de-marvel-para-ninos-2\/","og_locale":"ro_RO","og_type":"article","og_title":"Gorra de b\u00e9isbol con dise\u00f1o de Avengers de Marvel para ni\u00f1os","og_description":"Achizi\u021biona\u021bi \u0219apca de baseball pentru copii Marvel cu o fixare reglabil\u0103 care se potrive\u0219te perfect pe capul oric\u0103rui copil \u0219i ofer\u0103 confort chiar \u0219i la temperature foarte mari. Cump\u0103r\u0103 acum!!","og_url":"https:\/\/ryfi.online\/ro\/produs\/gorra-de-beisbol-con-diseno-de-avengers-de-marvel-para-ninos-2\/","og_site_name":"Ryfi Online Store","article_publisher":"https:\/\/www.facebook.com\/ryfi.online\/","article_modified_time":"2024-10-27T17:41:34+00:00","og_image":[{"width":800,"height":1200,"url":"https:\/\/ryfi.online\/wp-content\/uploads\/2021\/06\/et4174_bl-1.jpg","type":"image\/jpeg"}],"twitter_card":"summary_large_image","twitter_misc":{"Pre\u021b":"&#36;22.00","Availability":"In stock"},"schema":{"@context":"https:\/\/schema.org","@graph":[{"@type":"WebPage","@id":"https:\/\/ryfi.online\/ro\/produs\/gorra-de-beisbol-con-diseno-de-avengers-de-marvel-para-ninos-2\/","url":"https:\/\/ryfi.online\/ro\/produs\/gorra-de-beisbol-con-diseno-de-avengers-de-marvel-para-ninos-2\/","name":"Cump\u0103ra\u021bi \u0218apc\u0103 De Baseball Marvel Pentru Copii | Sepci Avenger Pentru Copii","isPartOf":{"@id":"https:\/\/ryfi.online\/ro\/#website"},"primaryImageOfPage":{"@id":"https:\/\/ryfi.online\/ro\/produs\/gorra-de-beisbol-con-diseno-de-avengers-de-marvel-para-ninos-2\/#primaryimage"},"image":{"@id":"https:\/\/ryfi.online\/ro\/produs\/gorra-de-beisbol-con-diseno-de-avengers-de-marvel-para-ninos-2\/#primaryimage"},"thumbnailUrl":"https:\/\/ryfi.online\/wp-content\/uploads\/2021\/06\/et4174_bl-1.jpg","datePublished":"2022-05-17T14:49:44+00:00","dateModified":"2024-10-27T17:41:34+00:00","description":"Achizi\u021biona\u021bi \u0219apca de baseball pentru copii Marvel cu o fixare reglabil\u0103 care se potrive\u0219te perfect pe capul oric\u0103rui copil \u0219i ofer\u0103 confort chiar \u0219i la temperature foarte mari. Cump\u0103r\u0103 acum!!","breadcrumb":{"@id":"https:\/\/ryfi.online\/ro\/produs\/gorra-de-beisbol-con-diseno-de-avengers-de-marvel-para-ninos-2\/#breadcrumb"},"inLanguage":"ro-RO","potentialAction":[{"@type":"ReadAction","target":["https:\/\/ryfi.online\/ro\/produs\/gorra-de-beisbol-con-diseno-de-avengers-de-marvel-para-ninos-2\/"]}]},{"@type":"ImageObject","inLanguage":"ro-RO","@id":"https:\/\/ryfi.online\/ro\/produs\/gorra-de-beisbol-con-diseno-de-avengers-de-marvel-para-ninos-2\/#primaryimage","url":"https:\/\/ryfi.online\/wp-content\/uploads\/2021\/06\/et4174_bl-1.jpg","contentUrl":"https:\/\/ryfi.online\/wp-content\/uploads\/2021\/06\/et4174_bl-1.jpg","width":800,"height":1200,"caption":"Gorra Avengers Marvel"},{"@type":"BreadcrumbList","@id":"https:\/\/ryfi.online\/ro\/produs\/gorra-de-beisbol-con-diseno-de-avengers-de-marvel-para-ninos-2\/#breadcrumb","itemListElement":[{"@type":"ListItem","position":1,"name":"Home","item":"https:\/\/ryfi.online\/ro\/"},{"@type":"ListItem","position":2,"name":"Free and Fast Shipping whitin 1-3 Days!!!","item":"https:\/\/ryfi.online\/shop\/"},{"@type":"ListItem","position":3,"name":"Gorra de b\u00e9isbol con dise\u00f1o de Avengers de Marvel para ni\u00f1os"}]},{"@type":"WebSite","@id":"https:\/\/ryfi.online\/ro\/#website","url":"https:\/\/ryfi.online\/ro\/","name":"Ryfi Online Store","description":"Online Store","publisher":{"@id":"https:\/\/ryfi.online\/ro\/#organization"},"potentialAction":[{"@type":"SearchAction","target":{"@type":"EntryPoint","urlTemplate":"https:\/\/ryfi.online\/ro\/?s={search_term_string}"},"query-input":{"@type":"PropertyValueSpecification","valueRequired":true,"valueName":"search_term_string"}}],"inLanguage":"ro-RO"},{"@type":"Organization","@id":"https:\/\/ryfi.online\/ro\/#organization","name":"Ryan Future Investments LLC","url":"https:\/\/ryfi.online\/ro\/","logo":{"@type":"ImageObject","inLanguage":"ro-RO","@id":"https:\/\/ryfi.online\/ro\/#\/schema\/logo\/image\/","url":"https:\/\/ryfi.online\/wp-content\/uploads\/2021\/03\/2-03.png","contentUrl":"https:\/\/ryfi.online\/wp-content\/uploads\/2021\/03\/2-03.png","width":1010,"height":310,"caption":"Ryan Future Investments LLC"},"image":{"@id":"https:\/\/ryfi.online\/ro\/#\/schema\/logo\/image\/"},"sameAs":["https:\/\/www.facebook.com\/ryfi.online\/"]}]},"product_brand":"\u015eapci pentru copii","product_price_amount":"22.00","product_price_currency":"USD","og_availability":"instock","product_availability":"instock","product_condition":"new"},"jetpack-related-posts":[{"id":12044,"url":"https:\/\/ryfi.online\/ro\/produs\/gorra-de-beisbol-con-diseno-de-spiderman-de-marvel-para-ninos-2\/","url_meta":{"origin":12042,"position":0},"title":"Gorra de b\u00e9isbol con dise\u00f1o de Spiderman de Marvel para ni\u00f1os","date":"iunie 9, 2021","format":false,"excerpt":"Env\u00edo gratuito en 1-3 d\u00edas laborales","rel":"","context":"Articol similar","img":{"alt_text":"Gorra Spiderman Marvel","src":"https:\/\/i0.wp.com\/ryfi.online\/wp-content\/uploads\/2021\/06\/et4022_bk.jpg?resize=350%2C200&ssl=1","width":350,"height":200},"classes":[]},{"id":12034,"url":"https:\/\/ryfi.online\/ro\/produs\/gorra-de-beisbol-con-diseno-de-patrulla-canina-de-nickelodeon-para-ninos-2\/","url_meta":{"origin":12042,"position":1},"title":"Gorra de b\u00e9isbol con dise\u00f1o de Patrulla Canina de Nickelodeon para ni\u00f1os UE4157","date":"iunie 9, 2021","format":false,"excerpt":"Env\u00edo gratuito en 1-3 d\u00edas laborales","rel":"","context":"Articol similar","img":{"alt_text":"Gorra Patrulla Canina Nickelodeon","src":"https:\/\/i0.wp.com\/ryfi.online\/wp-content\/uploads\/2021\/06\/ue4157_ye.jpg?resize=350%2C200&ssl=1","width":350,"height":200},"classes":[]},{"id":12039,"url":"https:\/\/ryfi.online\/ro\/produs\/gorra-de-beisbol-con-diseno-de-frozen-de-disney-para-ninas-2\/","url_meta":{"origin":12042,"position":2},"title":"Gorra de b\u00e9isbol con dise\u00f1o de Frozen de Disney para ni\u00f1as ET4121","date":"iunie 9, 2021","format":false,"excerpt":"Env\u00edo gratuito en 1-3 d\u00edas laborales","rel":"","context":"Articol similar","img":{"alt_text":"Gorra Frozen Disney","src":"https:\/\/i0.wp.com\/ryfi.online\/wp-content\/uploads\/2021\/06\/et4117_tur.jpg?resize=350%2C200&ssl=1","width":350,"height":200},"classes":[]},{"id":12043,"url":"https:\/\/ryfi.online\/ro\/produs\/gorra-de-beisbol-con-diseno-de-minnie-de-disney-para-ninas-2\/","url_meta":{"origin":12042,"position":3},"title":"Gorra de b\u00e9isbol con dise\u00f1o de Minnie de Disney para ni\u00f1as ET4050","date":"iunie 9, 2021","format":false,"excerpt":"Env\u00edo gratuito en 1-3 d\u00edas laborales","rel":"","context":"Articol similar","img":{"alt_text":"Gorra Minnie Disney","src":"https:\/\/i0.wp.com\/ryfi.online\/wp-content\/uploads\/2021\/06\/et4050_pi.jpg?resize=350%2C200&ssl=1","width":350,"height":200},"classes":[]},{"id":12031,"url":"https:\/\/ryfi.online\/ro\/produs\/gorra-de-beisbol-con-diseno-de-princesas-de-disney-para-ninas-2\/","url_meta":{"origin":12042,"position":4},"title":"Gorra de b\u00e9isbol con dise\u00f1o de Princesas de Disney para ni\u00f1as ET4145","date":"iunie 9, 2021","format":false,"excerpt":"Livrare gratuit\u0103 1-3 zile lucr\u0103toare Retur gratuit","rel":"","context":"Articol similar","img":{"alt_text":"Gorra Princesas Disney","src":"https:\/\/i0.wp.com\/ryfi.online\/wp-content\/uploads\/2021\/06\/et4145_wh.jpg?resize=350%2C200&ssl=1","width":350,"height":200},"classes":[]},{"id":12028,"url":"https:\/\/ryfi.online\/ro\/produs\/sapca-de-baseball-de-mickey-de-disney-pentru-copii-ue4176\/","url_meta":{"origin":12042,"position":5},"title":"Sapca de baseball de Mickey de Disney pentru copii UE4176","date":"iunie 9, 2021","format":false,"excerpt":"Env\u00edo gratuito en 1-3 d\u00edas laborales","rel":"","context":"Articol similar","img":{"alt_text":"Gorra Mickey Disney","src":"https:\/\/i0.wp.com\/ryfi.online\/wp-content\/uploads\/2021\/06\/ue4176_lna.jpg?resize=350%2C200&ssl=1","width":350,"height":200},"classes":[]}],"_links":{"self":[{"href":"https:\/\/ryfi.online\/ro\/wp-json\/wp\/v2\/product\/12042","targetHints":{"allow":["GET"]}}],"collection":[{"href":"https:\/\/ryfi.online\/ro\/wp-json\/wp\/v2\/product"}],"about":[{"href":"https:\/\/ryfi.online\/ro\/wp-json\/wp\/v2\/types\/product"}],"replies":[{"embeddable":true,"href":"https:\/\/ryfi.online\/ro\/wp-json\/wp\/v2\/comments?post=12042"}],"wp:featuredmedia":[{"embeddable":true,"href":"https:\/\/ryfi.online\/ro\/wp-json\/wp\/v2\/media\/10832"}],"wp:attachment":[{"href":"https:\/\/ryfi.online\/ro\/wp-json\/wp\/v2\/media?parent=12042"}],"wp:term":[{"taxonomy":"product_brand","embeddable":true,"href":"https:\/\/ryfi.online\/ro\/wp-json\/wp\/v2\/product_brand?post=12042"},{"taxonomy":"product_cat","embeddable":true,"href":"https:\/\/ryfi.online\/ro\/wp-json\/wp\/v2\/product_cat?post=12042"},{"taxonomy":"product_tag","embeddable":true,"href":"https:\/\/ryfi.online\/ro\/wp-json\/wp\/v2\/product_tag?post=12042"}],"curies":[{"name":"wp","href":"https:\/\/api.w.org\/{rel}","templated":true}]}}