{"id":12010,"date":"2021-06-09T16:08:27","date_gmt":"2022-05-17T14:29:37","guid":{"rendered":"https:\/\/ryfi.online\/product\/banador-con-diseno-de-patrulla-canina-de-nickelodeon-para-ninas-se1828\/"},"modified":"2022-05-17T14:29:37","modified_gmt":"2022-05-17T14:29:37","slug":"banador-con-diseno-de-patrulla-canina-de-nickelodeon-para-ninas-2","status":"publish","type":"product","link":"https:\/\/ryfi.online\/ro\/produs\/banador-con-diseno-de-patrulla-canina-de-nickelodeon-para-ninas-2\/","title":{"rendered":"Ba\u00f1ador con dise\u00f1o de Patrulla Canina de Nickelodeon para ni\u00f1as SE1828"},"content":{"rendered":"<p><span class=\"a-list-item\">\u2705 Ba\u00f1ador para ni\u00f1as de Patrulla Canina de Nickelodeon<\/span><\/p>\n<p><span class=\"a-list-item\">\u2705 Color Rosa-Azul<\/span><\/p>\n<p><span class=\"a-list-item\">\u2705 85% Algod\u00f3n, 15% Poli\u00e9ster<\/span><\/p>\n<p id=\"title\" class=\"a-size-large a-spacing-none\"><span id=\"productTitle\" class=\"a-size-large product-title-word-break\"><span class=\"a-list-item\">\u2705<\/span>  <\/span><\/p>\n<p><span id=\"productTitle\" class=\"a-size-large product-title-word-break\"><span class=\"a-list-item\">\u2705 <\/span> <\/span><\/p>\n","protected":false},"excerpt":{"rendered":"<p>Env\u00edo Rapido y Seguro en 1-3 d\u00edas laborales<\/p>\n","protected":false},"featured_media":10841,"comment_status":"open","ping_status":"closed","template":"","meta":[],"product_brand":[],"product_cat":[328,325],"product_tag":[],"class_list":{"0":"post-12010","1":"product","2":"type-product","3":"status-publish","4":"has-post-thumbnail","6":"product_cat-costum-de-baie","7":"product_cat-pantaloni","9":"first","10":"instock","11":"featured","12":"taxable","13":"shipping-taxable","14":"purchasable","15":"product-type-variable"},"yoast_head":"<!-- This site is optimized with the Yoast SEO Premium plugin v17.1.2 (Yoast SEO v27.5) - https:\/\/yoast.com\/product\/yoast-seo-premium-wordpress\/ -->\n<title>Comprar Ba\u00f1adores Nickelodeon Paw Patrol para ni\u00f1as - Ryfi Online Store<\/title>\n<meta name=\"description\" content=\"Compra el ba\u00f1ador de una pieza Nickelodeon Paw Patrol para ni\u00f1as (color rosa-azul) de Trajes de ba\u00f1o de una pieza en la tienda online Ryfi.\" \/>\n<meta name=\"robots\" content=\"index, follow, max-snippet:-1, max-image-preview:large, max-video-preview:-1\" \/>\n<link rel=\"canonical\" href=\"https:\/\/ryfi.online\/ro\/produs\/banador-con-diseno-de-patrulla-canina-de-nickelodeon-para-ninas-2\/\" \/>\n<meta property=\"og:locale\" content=\"ro_RO\" \/>\n<meta property=\"og:type\" content=\"article\" \/>\n<meta property=\"og:title\" content=\"Ba\u00f1ador con dise\u00f1o de Patrulla Canina de Nickelodeon para ni\u00f1as SE1828\" \/>\n<meta property=\"og:description\" content=\"Compra el ba\u00f1ador de una pieza Nickelodeon Paw Patrol para ni\u00f1as (color rosa-azul) de Trajes de ba\u00f1o de una pieza en la tienda online Ryfi.\" \/>\n<meta property=\"og:url\" content=\"https:\/\/ryfi.online\/ro\/produs\/banador-con-diseno-de-patrulla-canina-de-nickelodeon-para-ninas-2\/\" \/>\n<meta property=\"og:site_name\" content=\"Ryfi Online Store\" \/>\n<meta property=\"article:publisher\" content=\"https:\/\/www.facebook.com\/ryfi.online\/\" \/>\n<meta property=\"og:image\" content=\"https:\/\/ryfi.online\/wp-content\/uploads\/2021\/06\/se1828_pi.jpg\" \/>\n\t<meta property=\"og:image:width\" content=\"800\" \/>\n\t<meta property=\"og:image:height\" content=\"1200\" \/>\n\t<meta property=\"og:image:type\" content=\"image\/jpeg\" \/>\n<meta name=\"twitter:card\" content=\"summary_large_image\" \/>\n<meta name=\"twitter:label1\" content=\"Availability\" \/>\n\t<meta name=\"twitter:data1\" content=\"In stock\" \/>\n<meta property=\"product:brand\" content=\"Costum de baie\" \/>\n<meta property=\"og:availability\" content=\"instock\" \/>\n<meta property=\"product:availability\" content=\"instock\" \/>\n<meta property=\"product:condition\" content=\"new\" \/>\n<!-- \/ Yoast SEO Premium plugin. -->","yoast_head_json":{"title":"Comprar Ba\u00f1adores Nickelodeon Paw Patrol para ni\u00f1as - Ryfi Online Store","description":"Compra el ba\u00f1ador de una pieza Nickelodeon Paw Patrol para ni\u00f1as (color rosa-azul) de Trajes de ba\u00f1o de una pieza en la tienda online Ryfi.","robots":{"index":"index","follow":"follow","max-snippet":"max-snippet:-1","max-image-preview":"max-image-preview:large","max-video-preview":"max-video-preview:-1"},"canonical":"https:\/\/ryfi.online\/ro\/produs\/banador-con-diseno-de-patrulla-canina-de-nickelodeon-para-ninas-2\/","og_locale":"ro_RO","og_type":"article","og_title":"Ba\u00f1ador con dise\u00f1o de Patrulla Canina de Nickelodeon para ni\u00f1as SE1828","og_description":"Compra el ba\u00f1ador de una pieza Nickelodeon Paw Patrol para ni\u00f1as (color rosa-azul) de Trajes de ba\u00f1o de una pieza en la tienda online Ryfi.","og_url":"https:\/\/ryfi.online\/ro\/produs\/banador-con-diseno-de-patrulla-canina-de-nickelodeon-para-ninas-2\/","og_site_name":"Ryfi Online Store","article_publisher":"https:\/\/www.facebook.com\/ryfi.online\/","og_image":[{"width":800,"height":1200,"url":"https:\/\/ryfi.online\/wp-content\/uploads\/2021\/06\/se1828_pi.jpg","type":"image\/jpeg"}],"twitter_card":"summary_large_image","twitter_misc":{"Availability":"In stock"},"schema":{"@context":"https:\/\/schema.org","@graph":[{"@type":"WebPage","@id":"https:\/\/ryfi.online\/ro\/produs\/banador-con-diseno-de-patrulla-canina-de-nickelodeon-para-ninas-2\/","url":"https:\/\/ryfi.online\/ro\/produs\/banador-con-diseno-de-patrulla-canina-de-nickelodeon-para-ninas-2\/","name":"Comprar Ba\u00f1adores Nickelodeon Paw Patrol para ni\u00f1as - Ryfi Online Store","isPartOf":{"@id":"https:\/\/ryfi.online\/ro\/#website"},"primaryImageOfPage":{"@id":"https:\/\/ryfi.online\/ro\/produs\/banador-con-diseno-de-patrulla-canina-de-nickelodeon-para-ninas-2\/#primaryimage"},"image":{"@id":"https:\/\/ryfi.online\/ro\/produs\/banador-con-diseno-de-patrulla-canina-de-nickelodeon-para-ninas-2\/#primaryimage"},"thumbnailUrl":"https:\/\/ryfi.online\/wp-content\/uploads\/2021\/06\/se1828_pi.jpg","datePublished":"2022-05-17T14:29:37+00:00","description":"Compra el ba\u00f1ador de una pieza Nickelodeon Paw Patrol para ni\u00f1as (color rosa-azul) de Trajes de ba\u00f1o de una pieza en la tienda online Ryfi.","breadcrumb":{"@id":"https:\/\/ryfi.online\/ro\/produs\/banador-con-diseno-de-patrulla-canina-de-nickelodeon-para-ninas-2\/#breadcrumb"},"inLanguage":"ro-RO","potentialAction":[{"@type":"ReadAction","target":["https:\/\/ryfi.online\/ro\/produs\/banador-con-diseno-de-patrulla-canina-de-nickelodeon-para-ninas-2\/"]}]},{"@type":"ImageObject","inLanguage":"ro-RO","@id":"https:\/\/ryfi.online\/ro\/produs\/banador-con-diseno-de-patrulla-canina-de-nickelodeon-para-ninas-2\/#primaryimage","url":"https:\/\/ryfi.online\/wp-content\/uploads\/2021\/06\/se1828_pi.jpg","contentUrl":"https:\/\/ryfi.online\/wp-content\/uploads\/2021\/06\/se1828_pi.jpg","width":800,"height":1200,"caption":"Patrulla Canina de Nickelodeon"},{"@type":"BreadcrumbList","@id":"https:\/\/ryfi.online\/ro\/produs\/banador-con-diseno-de-patrulla-canina-de-nickelodeon-para-ninas-2\/#breadcrumb","itemListElement":[{"@type":"ListItem","position":1,"name":"Home","item":"https:\/\/ryfi.online\/ro\/"},{"@type":"ListItem","position":2,"name":"Free and Fast Shipping whitin 1-3 Days!!!","item":"https:\/\/ryfi.online\/shop\/"},{"@type":"ListItem","position":3,"name":"Ba\u00f1ador con dise\u00f1o de Patrulla Canina de Nickelodeon para ni\u00f1as SE1828"}]},{"@type":"WebSite","@id":"https:\/\/ryfi.online\/ro\/#website","url":"https:\/\/ryfi.online\/ro\/","name":"Ryfi Online Store","description":"Online Store","publisher":{"@id":"https:\/\/ryfi.online\/ro\/#organization"},"potentialAction":[{"@type":"SearchAction","target":{"@type":"EntryPoint","urlTemplate":"https:\/\/ryfi.online\/ro\/?s={search_term_string}"},"query-input":{"@type":"PropertyValueSpecification","valueRequired":true,"valueName":"search_term_string"}}],"inLanguage":"ro-RO"},{"@type":"Organization","@id":"https:\/\/ryfi.online\/ro\/#organization","name":"Ryan Future Investments LLC","url":"https:\/\/ryfi.online\/ro\/","logo":{"@type":"ImageObject","inLanguage":"ro-RO","@id":"https:\/\/ryfi.online\/ro\/#\/schema\/logo\/image\/","url":"https:\/\/ryfi.online\/wp-content\/uploads\/2021\/03\/2-03.png","contentUrl":"https:\/\/ryfi.online\/wp-content\/uploads\/2021\/03\/2-03.png","width":1010,"height":310,"caption":"Ryan Future Investments LLC"},"image":{"@id":"https:\/\/ryfi.online\/ro\/#\/schema\/logo\/image\/"},"sameAs":["https:\/\/www.facebook.com\/ryfi.online\/"]}]},"product_brand":"Costum de baie","og_availability":"instock","product_availability":"instock","product_condition":"new"},"jetpack-related-posts":[{"id":1421,"url":"https:\/\/ryfi.online\/es\/producto\/banador-con-diseno-de-patrulla-canina-de-nickelodeon-para-ninas\/","url_meta":{"origin":12010,"position":0},"title":"Ba\u00f1ador con dise\u00f1o de Patrulla Canina de Nickelodeon para ni\u00f1as SE1828","date":"iunie 9, 2021","format":false,"excerpt":"Env\u00edo Rapido y Seguro en 1-3 d\u00edas laborales","rel":"","context":"Articol similar","img":{"alt_text":"Patrulla Canina de Nickelodeon","src":"https:\/\/i0.wp.com\/ryfi.online\/wp-content\/uploads\/2021\/06\/se1828_pi.jpg?resize=350%2C200&ssl=1","width":350,"height":200},"classes":[]},{"id":2026,"url":"https:\/\/ryfi.online\/product\/swimsuit-with-nickelodeon-paw-patrol-design-for-girls\/","url_meta":{"origin":12010,"position":1},"title":"Ba\u00f1ador con dise\u00f1o de Patrulla Canina de Nickelodeon para ni\u00f1as SE1828","date":"iunie 9, 2021","format":false,"excerpt":"Env\u00edo Rapido y Seguro en 1-3 d\u00edas laborales","rel":"","context":"Articol similar","img":{"alt_text":"Nickelodeon Paw Patrol","src":"https:\/\/i0.wp.com\/ryfi.online\/wp-content\/uploads\/2021\/06\/se1828_pi.jpg?resize=350%2C200&ssl=1","width":350,"height":200},"classes":[]},{"id":5851,"url":"https:\/\/ryfi.online\/de\/produkt\/madchen-nickelodeon-paw-patrol-badeanzug-badeanzug-fur-madchen\/","url_meta":{"origin":12010,"position":2},"title":"Ba\u00f1ador con dise\u00f1o de Patrulla Canina de Nickelodeon para ni\u00f1as SE1828","date":"iunie 9, 2021","format":false,"excerpt":"Env\u00edo Rapido y Seguro en 1-3 d\u00edas laborales","rel":"","context":"Articol similar","img":{"alt_text":"Nickelodeon Paw Patrol","src":"https:\/\/i0.wp.com\/ryfi.online\/wp-content\/uploads\/2021\/06\/se1828_pi.jpg?resize=350%2C200&ssl=1","width":350,"height":200},"classes":[]},{"id":5848,"url":"https:\/\/ryfi.online\/it\/prodotto\/ragazze-nickelodeon-paw-patrol-costume-da-bagno-costume-da-bagno-per-ragazze\/","url_meta":{"origin":12010,"position":3},"title":"Ba\u00f1ador con dise\u00f1o de Patrulla Canina de Nickelodeon para ni\u00f1as SE1828","date":"iunie 9, 2021","format":false,"excerpt":"Env\u00edo Rapido y Seguro en 1-3 d\u00edas laborales","rel":"","context":"Articol similar","img":{"alt_text":"Nickelodeon Paw Patrol","src":"https:\/\/i0.wp.com\/ryfi.online\/wp-content\/uploads\/2021\/06\/se1828_pi.jpg?resize=350%2C200&ssl=1","width":350,"height":200},"classes":[]},{"id":1717,"url":"https:\/\/ryfi.online\/es\/producto\/boxer-bano-con-diseno-de-patrulla-canina-de-nickelodeon-para-ninos\/","url_meta":{"origin":12010,"position":4},"title":"Boxer Ba\u00f1o con dise\u00f1o de Patrulla Canina de Nickelodeon para ni\u00f1os","date":"iunie 16, 2021","format":false,"excerpt":"Envio Gratis 1-3 dias laborales Devolucion Gratuito","rel":"","context":"Articol similar","img":{"alt_text":"Banador Patrulla Canina","src":"https:\/\/i0.wp.com\/ryfi.online\/wp-content\/uploads\/2021\/06\/ue0102_lna.jpg?resize=350%2C200&ssl=1","width":350,"height":200},"classes":[]},{"id":1679,"url":"https:\/\/ryfi.online\/es\/producto\/camiseta-dibujo-animado-de-patrulla-canina-de-nickelodeon-para-ninas\/","url_meta":{"origin":12010,"position":5},"title":"Camiseta dibujo animado de Patrulla Canina de Nickelodeon para ni\u00f1as","date":"iunie 15, 2021","format":false,"excerpt":"Envio Gratis 1-3 dias laborales Devolucion Gratuito","rel":"","context":"Articol similar","img":{"alt_text":"Camiseta Patrulla Canina","src":"https:\/\/i0.wp.com\/ryfi.online\/wp-content\/uploads\/2021\/06\/se1488_dfu.jpg?resize=350%2C200&ssl=1","width":350,"height":200},"classes":[]}],"_links":{"self":[{"href":"https:\/\/ryfi.online\/ro\/wp-json\/wp\/v2\/product\/12010","targetHints":{"allow":["GET"]}}],"collection":[{"href":"https:\/\/ryfi.online\/ro\/wp-json\/wp\/v2\/product"}],"about":[{"href":"https:\/\/ryfi.online\/ro\/wp-json\/wp\/v2\/types\/product"}],"replies":[{"embeddable":true,"href":"https:\/\/ryfi.online\/ro\/wp-json\/wp\/v2\/comments?post=12010"}],"wp:featuredmedia":[{"embeddable":true,"href":"https:\/\/ryfi.online\/ro\/wp-json\/wp\/v2\/media\/10841"}],"wp:attachment":[{"href":"https:\/\/ryfi.online\/ro\/wp-json\/wp\/v2\/media?parent=12010"}],"wp:term":[{"taxonomy":"product_brand","embeddable":true,"href":"https:\/\/ryfi.online\/ro\/wp-json\/wp\/v2\/product_brand?post=12010"},{"taxonomy":"product_cat","embeddable":true,"href":"https:\/\/ryfi.online\/ro\/wp-json\/wp\/v2\/product_cat?post=12010"},{"taxonomy":"product_tag","embeddable":true,"href":"https:\/\/ryfi.online\/ro\/wp-json\/wp\/v2\/product_tag?post=12010"}],"curies":[{"name":"wp","href":"https:\/\/api.w.org\/{rel}","templated":true}]}}