{"id":12001,"date":"2021-06-09T16:16:20","date_gmt":"2022-05-17T14:28:35","guid":{"rendered":"https:\/\/ryfi.online\/product\/boxer-bano-con-diseno-de-los-vengadores-de-marvel-para-ninos-ue1869\/"},"modified":"2022-05-17T14:28:35","modified_gmt":"2022-05-17T14:28:35","slug":"boxer-bano-con-diseno-de-los-vengadores-de-marvel-para-ninos-2","status":"publish","type":"product","link":"https:\/\/ryfi.online\/ro\/produs\/boxer-bano-con-diseno-de-los-vengadores-de-marvel-para-ninos-2\/","title":{"rendered":"Boxer Ba\u00f1o con dise\u00f1o de Los Vengadores de Marvel para ni\u00f1os UE1869"},"content":{"rendered":"<p><span class=\"a-list-item\">\u2705 Boxer ba\u00f1o para ni\u00f1os de Marvel Los Vengadores <\/span><\/p>\n<p><span class=\"a-list-item\">\u2705 Color Rojo-Azul<\/span><\/p>\n<p><span class=\"a-list-item\">\u2705 82% bumbac, 18% poliester<\/span><\/p>\n<p id=\"title\" class=\"a-size-large a-spacing-none\"><span id=\"productTitle\" class=\"a-size-large product-title-word-break\"><span class=\"a-list-item\">\u2705<\/span> V\u00e2rsta: 4 ani, 6 ani, 8 ani, 10 ani<\/span><\/p>\n<p><span id=\"productTitle\" class=\"a-size-large product-title-word-break\"><span class=\"a-list-item\">\u2705 <\/span> <\/span><\/p>\n","protected":false},"excerpt":{"rendered":"<p>Livrare rapid\u0103 \u0219i sigur\u0103 \u00een 1-3 zile lucr\u0103toare<\/p>\n","protected":false},"featured_media":10845,"comment_status":"open","ping_status":"closed","template":"","meta":[],"product_brand":[],"product_cat":[328,325],"product_tag":[],"class_list":{"0":"post-12001","1":"product","2":"type-product","3":"status-publish","4":"has-post-thumbnail","6":"product_cat-costum-de-baie","7":"product_cat-pantaloni","9":"first","10":"instock","11":"featured","12":"taxable","13":"shipping-taxable","14":"purchasable","15":"product-type-variable"},"yoast_head":"<!-- This site is optimized with the Yoast SEO Premium plugin v17.1.2 (Yoast SEO v27.5) - https:\/\/yoast.com\/product\/yoast-seo-premium-wordpress\/ -->\n<title>B\u00f3xer de Los Avengers para Ni\u00f1o - Ryfi Online Store<\/title>\n<meta name=\"description\" content=\"Compra B\u00f3xer de los Vengadores para ni\u00f1o que est\u00e1 disponible en diferentes colores, variedades y tallas. Nuestro B\u00f3xer est\u00e1 especialmente dise\u00f1ado para los fans de Marvel. Vizita\u021bi site-ul nostru!!\" \/>\n<meta name=\"robots\" content=\"index, follow, max-snippet:-1, max-image-preview:large, max-video-preview:-1\" \/>\n<link rel=\"canonical\" href=\"https:\/\/ryfi.online\/ro\/produs\/boxer-bano-con-diseno-de-los-vengadores-de-marvel-para-ninos-2\/\" \/>\n<meta property=\"og:locale\" content=\"ro_RO\" \/>\n<meta property=\"og:type\" content=\"article\" \/>\n<meta property=\"og:title\" content=\"Boxer Ba\u00f1o con dise\u00f1o de Los Vengadores de Marvel para ni\u00f1os UE1869\" \/>\n<meta property=\"og:description\" content=\"Compra B\u00f3xer de los Vengadores para ni\u00f1o que est\u00e1 disponible en diferentes colores, variedades y tallas. Nuestro B\u00f3xer est\u00e1 especialmente dise\u00f1ado para los fans de Marvel. Vizita\u021bi site-ul nostru!!\" \/>\n<meta property=\"og:url\" content=\"https:\/\/ryfi.online\/ro\/produs\/boxer-bano-con-diseno-de-los-vengadores-de-marvel-para-ninos-2\/\" \/>\n<meta property=\"og:site_name\" content=\"Ryfi Online Store\" \/>\n<meta property=\"article:publisher\" content=\"https:\/\/www.facebook.com\/ryfi.online\/\" \/>\n<meta property=\"og:image\" content=\"https:\/\/ryfi.online\/wp-content\/uploads\/2021\/06\/ue1869_lna-1.jpg\" \/>\n\t<meta property=\"og:image:width\" content=\"800\" \/>\n\t<meta property=\"og:image:height\" content=\"1200\" \/>\n\t<meta property=\"og:image:type\" content=\"image\/jpeg\" \/>\n<meta name=\"twitter:card\" content=\"summary_large_image\" \/>\n<meta name=\"twitter:label1\" content=\"Availability\" \/>\n\t<meta name=\"twitter:data1\" content=\"In stock\" \/>\n<meta property=\"product:brand\" content=\"Costum de baie\" \/>\n<meta property=\"og:availability\" content=\"instock\" \/>\n<meta property=\"product:availability\" content=\"instock\" \/>\n<meta property=\"product:condition\" content=\"new\" \/>\n<!-- \/ Yoast SEO Premium plugin. -->","yoast_head_json":{"title":"B\u00f3xer de Los Avengers para Ni\u00f1o - Ryfi Online Store","description":"Compra B\u00f3xer de los Vengadores para ni\u00f1o que est\u00e1 disponible en diferentes colores, variedades y tallas. Nuestro B\u00f3xer est\u00e1 especialmente dise\u00f1ado para los fans de Marvel. Vizita\u021bi site-ul nostru!!","robots":{"index":"index","follow":"follow","max-snippet":"max-snippet:-1","max-image-preview":"max-image-preview:large","max-video-preview":"max-video-preview:-1"},"canonical":"https:\/\/ryfi.online\/ro\/produs\/boxer-bano-con-diseno-de-los-vengadores-de-marvel-para-ninos-2\/","og_locale":"ro_RO","og_type":"article","og_title":"Boxer Ba\u00f1o con dise\u00f1o de Los Vengadores de Marvel para ni\u00f1os UE1869","og_description":"Compra B\u00f3xer de los Vengadores para ni\u00f1o que est\u00e1 disponible en diferentes colores, variedades y tallas. Nuestro B\u00f3xer est\u00e1 especialmente dise\u00f1ado para los fans de Marvel. Vizita\u021bi site-ul nostru!!","og_url":"https:\/\/ryfi.online\/ro\/produs\/boxer-bano-con-diseno-de-los-vengadores-de-marvel-para-ninos-2\/","og_site_name":"Ryfi Online Store","article_publisher":"https:\/\/www.facebook.com\/ryfi.online\/","og_image":[{"width":800,"height":1200,"url":"https:\/\/ryfi.online\/wp-content\/uploads\/2021\/06\/ue1869_lna-1.jpg","type":"image\/jpeg"}],"twitter_card":"summary_large_image","twitter_misc":{"Availability":"In stock"},"schema":{"@context":"https:\/\/schema.org","@graph":[{"@type":"WebPage","@id":"https:\/\/ryfi.online\/ro\/produs\/boxer-bano-con-diseno-de-los-vengadores-de-marvel-para-ninos-2\/","url":"https:\/\/ryfi.online\/ro\/produs\/boxer-bano-con-diseno-de-los-vengadores-de-marvel-para-ninos-2\/","name":"B\u00f3xer de Los Avengers para Ni\u00f1o - Ryfi Online Store","isPartOf":{"@id":"https:\/\/ryfi.online\/ro\/#website"},"primaryImageOfPage":{"@id":"https:\/\/ryfi.online\/ro\/produs\/boxer-bano-con-diseno-de-los-vengadores-de-marvel-para-ninos-2\/#primaryimage"},"image":{"@id":"https:\/\/ryfi.online\/ro\/produs\/boxer-bano-con-diseno-de-los-vengadores-de-marvel-para-ninos-2\/#primaryimage"},"thumbnailUrl":"https:\/\/ryfi.online\/wp-content\/uploads\/2021\/06\/ue1869_lna-1.jpg","datePublished":"2022-05-17T14:28:35+00:00","description":"Compra B\u00f3xer de los Vengadores para ni\u00f1o que est\u00e1 disponible en diferentes colores, variedades y tallas. Nuestro B\u00f3xer est\u00e1 especialmente dise\u00f1ado para los fans de Marvel. Vizita\u021bi site-ul nostru!!","breadcrumb":{"@id":"https:\/\/ryfi.online\/ro\/produs\/boxer-bano-con-diseno-de-los-vengadores-de-marvel-para-ninos-2\/#breadcrumb"},"inLanguage":"ro-RO","potentialAction":[{"@type":"ReadAction","target":["https:\/\/ryfi.online\/ro\/produs\/boxer-bano-con-diseno-de-los-vengadores-de-marvel-para-ninos-2\/"]}]},{"@type":"ImageObject","inLanguage":"ro-RO","@id":"https:\/\/ryfi.online\/ro\/produs\/boxer-bano-con-diseno-de-los-vengadores-de-marvel-para-ninos-2\/#primaryimage","url":"https:\/\/ryfi.online\/wp-content\/uploads\/2021\/06\/ue1869_lna-1.jpg","contentUrl":"https:\/\/ryfi.online\/wp-content\/uploads\/2021\/06\/ue1869_lna-1.jpg","width":800,"height":1200,"caption":"Boxer bano Marvel Los Vengadores"},{"@type":"BreadcrumbList","@id":"https:\/\/ryfi.online\/ro\/produs\/boxer-bano-con-diseno-de-los-vengadores-de-marvel-para-ninos-2\/#breadcrumb","itemListElement":[{"@type":"ListItem","position":1,"name":"Home","item":"https:\/\/ryfi.online\/ro\/"},{"@type":"ListItem","position":2,"name":"Free and Fast Shipping whitin 1-3 Days!!!","item":"https:\/\/ryfi.online\/shop\/"},{"@type":"ListItem","position":3,"name":"Boxer Ba\u00f1o con dise\u00f1o de Los Vengadores de Marvel para ni\u00f1os UE1869"}]},{"@type":"WebSite","@id":"https:\/\/ryfi.online\/ro\/#website","url":"https:\/\/ryfi.online\/ro\/","name":"Ryfi Online Store","description":"Online Store","publisher":{"@id":"https:\/\/ryfi.online\/ro\/#organization"},"potentialAction":[{"@type":"SearchAction","target":{"@type":"EntryPoint","urlTemplate":"https:\/\/ryfi.online\/ro\/?s={search_term_string}"},"query-input":{"@type":"PropertyValueSpecification","valueRequired":true,"valueName":"search_term_string"}}],"inLanguage":"ro-RO"},{"@type":"Organization","@id":"https:\/\/ryfi.online\/ro\/#organization","name":"Ryan Future Investments LLC","url":"https:\/\/ryfi.online\/ro\/","logo":{"@type":"ImageObject","inLanguage":"ro-RO","@id":"https:\/\/ryfi.online\/ro\/#\/schema\/logo\/image\/","url":"https:\/\/ryfi.online\/wp-content\/uploads\/2021\/03\/2-03.png","contentUrl":"https:\/\/ryfi.online\/wp-content\/uploads\/2021\/03\/2-03.png","width":1010,"height":310,"caption":"Ryan Future Investments LLC"},"image":{"@id":"https:\/\/ryfi.online\/ro\/#\/schema\/logo\/image\/"},"sameAs":["https:\/\/www.facebook.com\/ryfi.online\/"]}]},"product_brand":"Costum de baie","og_availability":"instock","product_availability":"instock","product_condition":"new"},"jetpack-related-posts":[{"id":1422,"url":"https:\/\/ryfi.online\/es\/producto\/boxer-bano-con-diseno-de-los-vengadores-de-marvel-para-ninos\/","url_meta":{"origin":12001,"position":0},"title":"Boxer Ba\u00f1o con dise\u00f1o de Los Vengadores de Marvel para ni\u00f1os UE1869","date":"iunie 9, 2021","format":false,"excerpt":"Env\u00edo rapido y seguro en 1-3 dias laborales","rel":"","context":"Articol similar","img":{"alt_text":"Boxer bano Marvel Los Vengadores\u00a0","src":"https:\/\/i0.wp.com\/ryfi.online\/wp-content\/uploads\/2021\/06\/ue1869_lna-1.jpg?resize=350%2C200&ssl=1","width":350,"height":200},"classes":[]},{"id":1423,"url":"https:\/\/ryfi.online\/es\/producto\/boxer-bano-con-diseno-de-spiderman-de-marvel-para-ninos\/","url_meta":{"origin":12001,"position":1},"title":"Boxer Ba\u00f1o con dise\u00f1o de Spiderman de Marvel para ni\u00f1os UE1888","date":"iunie 9, 2021","format":false,"excerpt":"Env\u00edo rapido y seguro en 1-3 dias laborales","rel":"","context":"Articol similar","img":{"alt_text":"Boxer bano Marvel Spiderman","src":"https:\/\/i0.wp.com\/ryfi.online\/wp-content\/uploads\/2021\/06\/ue1888_lna.jpg?resize=350%2C200&ssl=1","width":350,"height":200},"classes":[]},{"id":5971,"url":"https:\/\/ryfi.online\/it\/prodotto\/ragazzi-marvel-spider-man-design-swim-boxer-boxer\/","url_meta":{"origin":12001,"position":2},"title":"Boxer Ba\u00f1o con dise\u00f1o de Spiderman de Marvel para ni\u00f1os UE1888","date":"iunie 9, 2021","format":false,"excerpt":"Spedizione veloce e sicura in 1-3 giorni lavorativi","rel":"","context":"Articol similar","img":{"alt_text":"Costume da bagno Marvel Spiderman","src":"https:\/\/i0.wp.com\/ryfi.online\/wp-content\/uploads\/2021\/06\/ue1888_lna.jpg?resize=350%2C200&ssl=1","width":350,"height":200},"classes":[]},{"id":1424,"url":"https:\/\/ryfi.online\/es\/producto\/boxer-bano-con-diseno-de-batman-de-warner-bros-para-ninos\/","url_meta":{"origin":12001,"position":3},"title":"Boxer Ba\u00f1o con dise\u00f1o de Batman de Warner Bros para ni\u00f1os UE1930","date":"iunie 9, 2021","format":false,"excerpt":"Env\u00edo rapido y seguro en 1-3 dias laborales","rel":"","context":"Articol similar","img":{"alt_text":"Boxer bano Warner Bros Batman","src":"https:\/\/i0.wp.com\/ryfi.online\/wp-content\/uploads\/2021\/06\/ue1930.e00-scaled.jpg?resize=350%2C200&ssl=1","width":350,"height":200},"classes":[]},{"id":1717,"url":"https:\/\/ryfi.online\/es\/producto\/boxer-bano-con-diseno-de-patrulla-canina-de-nickelodeon-para-ninos\/","url_meta":{"origin":12001,"position":4},"title":"Boxer Ba\u00f1o con dise\u00f1o de Patrulla Canina de Nickelodeon para ni\u00f1os","date":"iunie 16, 2021","format":false,"excerpt":"Envio Gratis 1-3 dias laborales Devolucion Gratuito","rel":"","context":"Articol similar","img":{"alt_text":"Banador Patrulla Canina","src":"https:\/\/i0.wp.com\/ryfi.online\/wp-content\/uploads\/2021\/06\/ue0102_lna.jpg?resize=350%2C200&ssl=1","width":350,"height":200},"classes":[]},{"id":1322,"url":"https:\/\/ryfi.online\/es\/producto\/gorra-de-beisbol-con-diseno-de-spiderman-de-marvel-para-ninos\/","url_meta":{"origin":12001,"position":5},"title":"Gorra de b\u00e9isbol con dise\u00f1o de Spiderman de Marvel para ni\u00f1os","date":"iunie 9, 2021","format":false,"excerpt":"Env\u00edo gratuito en 1-3 d\u00edas\u00a0laborales","rel":"","context":"Articol similar","img":{"alt_text":"Gorra Spiderman Marvel","src":"https:\/\/i0.wp.com\/ryfi.online\/wp-content\/uploads\/2021\/06\/et4022_bk.jpg?resize=350%2C200&ssl=1","width":350,"height":200},"classes":[]}],"_links":{"self":[{"href":"https:\/\/ryfi.online\/ro\/wp-json\/wp\/v2\/product\/12001","targetHints":{"allow":["GET"]}}],"collection":[{"href":"https:\/\/ryfi.online\/ro\/wp-json\/wp\/v2\/product"}],"about":[{"href":"https:\/\/ryfi.online\/ro\/wp-json\/wp\/v2\/types\/product"}],"replies":[{"embeddable":true,"href":"https:\/\/ryfi.online\/ro\/wp-json\/wp\/v2\/comments?post=12001"}],"wp:featuredmedia":[{"embeddable":true,"href":"https:\/\/ryfi.online\/ro\/wp-json\/wp\/v2\/media\/10845"}],"wp:attachment":[{"href":"https:\/\/ryfi.online\/ro\/wp-json\/wp\/v2\/media?parent=12001"}],"wp:term":[{"taxonomy":"product_brand","embeddable":true,"href":"https:\/\/ryfi.online\/ro\/wp-json\/wp\/v2\/product_brand?post=12001"},{"taxonomy":"product_cat","embeddable":true,"href":"https:\/\/ryfi.online\/ro\/wp-json\/wp\/v2\/product_cat?post=12001"},{"taxonomy":"product_tag","embeddable":true,"href":"https:\/\/ryfi.online\/ro\/wp-json\/wp\/v2\/product_tag?post=12001"}],"curies":[{"name":"wp","href":"https:\/\/api.w.org\/{rel}","templated":true}]}}