{"id":11971,"date":"2021-06-09T16:51:56","date_gmt":"2022-05-17T14:07:30","guid":{"rendered":"https:\/\/ryfi.online\/product\/tricou-disney-minnie-mouse-pentru-fete-et1119\/"},"modified":"2022-05-17T14:07:30","modified_gmt":"2022-05-17T14:07:30","slug":"tricou-cu-disney-minnie-design-pentru-fete","status":"publish","type":"product","link":"https:\/\/ryfi.online\/ro\/produs\/tricou-cu-disney-minnie-design-pentru-fete\/","title":{"rendered":"Tricou Disney Minnie Mouse pentru fete ET1119"},"content":{"rendered":"<p>Ca cadou de ziua de nastere, de Paste sau doar asa. Cu acest tricou frumos, de la Minnie, nu po\u021bi gre\u0219i! Manopera este excelenta si culorile foarte puternice. Tricoul lui Minnie este ideal pentru plimbari la soare sau de sarbatori. Se spala la masina la 30\u00b0C, pentru o durata lunga de viata, dar se recomanda spalarea manuala. Cu acest set ochii copiilor \u00eencep s\u0103 radieze!<\/p>\n<p>&nbsp;<\/p>\n<p><span class=\"a-list-item\">\u2705 Tricou Disney Minnie Fete<\/span><\/p>\n<p><span class=\"a-list-item\">\u2705 Culoare: Roz, Alb, Turcoaz<\/span><\/p>\n<p><span class=\"a-list-item\">\u2705 100% bumbac<\/span><\/p>\n<p id=\"title\" class=\"a-size-large a-spacing-none\"><span id=\"productTitle\" class=\"a-size-large product-title-word-break\"><span class=\"a-list-item\">\u2705<\/span> V\u00e2rsta: 3 ani, 4 ani, 6 ani, 8 ani<\/span><\/p>\n<p>&nbsp;<\/p>\n","protected":false},"excerpt":{"rendered":"<p>Livrare gratuit\u0103 1-3 zile lucr\u0103toare<\/p>\n<p>Retur gratuit<\/p>\n","protected":false},"featured_media":10866,"comment_status":"open","ping_status":"closed","template":"","meta":[],"product_brand":[],"product_cat":[305,308],"product_tag":[],"class_list":{"0":"post-11971","1":"product","2":"type-product","3":"status-publish","4":"has-post-thumbnail","6":"product_cat-tricou-baieti","7":"product_cat-tricou-pentru-fete","9":"first","10":"instock","11":"featured","12":"taxable","13":"shipping-taxable","14":"purchasable","15":"product-type-variable"},"yoast_head":"<!-- This site is optimized with the Yoast SEO Premium plugin v17.1.2 (Yoast SEO v27.4) - https:\/\/yoast.com\/product\/yoast-seo-premium-wordpress\/ -->\n<title>Tricou cu imprimeu Disney Minnie online | Tricou cu design Disney Minnie<\/title>\n<meta name=\"description\" content=\"Magazinul online Ryfi ofer\u0103 cel mai bun serviciu de livrare online din Spania. Comanda online tricouri Disney Girls Minnie la un pret foarte rezonabil.\" \/>\n<meta name=\"robots\" content=\"index, follow, max-snippet:-1, max-image-preview:large, max-video-preview:-1\" \/>\n<link rel=\"canonical\" href=\"https:\/\/ryfi.online\/ro\/produs\/tricou-cu-disney-minnie-design-pentru-fete\/\" \/>\n<meta property=\"og:locale\" content=\"ro_RO\" \/>\n<meta property=\"og:type\" content=\"article\" \/>\n<meta property=\"og:title\" content=\"Tricou Disney Minnie Mouse pentru fete ET1119\" \/>\n<meta property=\"og:description\" content=\"Magazinul online Ryfi ofer\u0103 cel mai bun serviciu de livrare online din Spania. Comanda online tricouri Disney Girls Minnie la un pret foarte rezonabil.\" \/>\n<meta property=\"og:url\" content=\"https:\/\/ryfi.online\/ro\/produs\/tricou-cu-disney-minnie-design-pentru-fete\/\" \/>\n<meta property=\"og:site_name\" content=\"Ryfi Online Store\" \/>\n<meta property=\"article:publisher\" content=\"https:\/\/www.facebook.com\/ryfi.online\/\" \/>\n<meta property=\"og:image\" content=\"https:\/\/ryfi.online\/wp-content\/uploads\/2021\/06\/ET1119_REF1.jpg\" \/>\n\t<meta property=\"og:image:width\" content=\"2082\" \/>\n\t<meta property=\"og:image:height\" content=\"2240\" \/>\n\t<meta property=\"og:image:type\" content=\"image\/jpeg\" \/>\n<meta name=\"twitter:card\" content=\"summary_large_image\" \/>\n<meta name=\"twitter:label1\" content=\"Availability\" \/>\n\t<meta name=\"twitter:data1\" content=\"In stock\" \/>\n<meta property=\"product:brand\" content=\"Tricou b\u0103ie\u021bi\" \/>\n<meta property=\"og:availability\" content=\"instock\" \/>\n<meta property=\"product:availability\" content=\"instock\" \/>\n<meta property=\"product:condition\" content=\"new\" \/>\n<!-- \/ Yoast SEO Premium plugin. -->","yoast_head_json":{"title":"Tricou cu imprimeu Disney Minnie online | Tricou cu design Disney Minnie","description":"Magazinul online Ryfi ofer\u0103 cel mai bun serviciu de livrare online din Spania. Comanda online tricouri Disney Girls Minnie la un pret foarte rezonabil.","robots":{"index":"index","follow":"follow","max-snippet":"max-snippet:-1","max-image-preview":"max-image-preview:large","max-video-preview":"max-video-preview:-1"},"canonical":"https:\/\/ryfi.online\/ro\/produs\/tricou-cu-disney-minnie-design-pentru-fete\/","og_locale":"ro_RO","og_type":"article","og_title":"Tricou Disney Minnie Mouse pentru fete ET1119","og_description":"Magazinul online Ryfi ofer\u0103 cel mai bun serviciu de livrare online din Spania. Comanda online tricouri Disney Girls Minnie la un pret foarte rezonabil.","og_url":"https:\/\/ryfi.online\/ro\/produs\/tricou-cu-disney-minnie-design-pentru-fete\/","og_site_name":"Ryfi Online Store","article_publisher":"https:\/\/www.facebook.com\/ryfi.online\/","og_image":[{"width":2082,"height":2240,"url":"https:\/\/ryfi.online\/wp-content\/uploads\/2021\/06\/ET1119_REF1.jpg","type":"image\/jpeg"}],"twitter_card":"summary_large_image","twitter_misc":{"Availability":"In stock"},"schema":{"@context":"https:\/\/schema.org","@graph":[{"@type":"WebPage","@id":"https:\/\/ryfi.online\/ro\/produs\/tricou-cu-disney-minnie-design-pentru-fete\/","url":"https:\/\/ryfi.online\/ro\/produs\/tricou-cu-disney-minnie-design-pentru-fete\/","name":"Tricou cu imprimeu Disney Minnie online | Tricou cu design Disney Minnie","isPartOf":{"@id":"https:\/\/ryfi.online\/ro\/#website"},"primaryImageOfPage":{"@id":"https:\/\/ryfi.online\/ro\/produs\/tricou-cu-disney-minnie-design-pentru-fete\/#primaryimage"},"image":{"@id":"https:\/\/ryfi.online\/ro\/produs\/tricou-cu-disney-minnie-design-pentru-fete\/#primaryimage"},"thumbnailUrl":"https:\/\/ryfi.online\/wp-content\/uploads\/2021\/06\/ET1119_REF1.jpg","datePublished":"2022-05-17T14:07:30+00:00","description":"Magazinul online Ryfi ofer\u0103 cel mai bun serviciu de livrare online din Spania. Comanda online tricouri Disney Girls Minnie la un pret foarte rezonabil.","breadcrumb":{"@id":"https:\/\/ryfi.online\/ro\/produs\/tricou-cu-disney-minnie-design-pentru-fete\/#breadcrumb"},"inLanguage":"ro-RO","potentialAction":[{"@type":"ReadAction","target":["https:\/\/ryfi.online\/ro\/produs\/tricou-cu-disney-minnie-design-pentru-fete\/"]}]},{"@type":"ImageObject","inLanguage":"ro-RO","@id":"https:\/\/ryfi.online\/ro\/produs\/tricou-cu-disney-minnie-design-pentru-fete\/#primaryimage","url":"https:\/\/ryfi.online\/wp-content\/uploads\/2021\/06\/ET1119_REF1.jpg","contentUrl":"https:\/\/ryfi.online\/wp-content\/uploads\/2021\/06\/ET1119_REF1.jpg","width":2082,"height":2240,"caption":"Tricou Minnie Mouse"},{"@type":"BreadcrumbList","@id":"https:\/\/ryfi.online\/ro\/produs\/tricou-cu-disney-minnie-design-pentru-fete\/#breadcrumb","itemListElement":[{"@type":"ListItem","position":1,"name":"Home","item":"https:\/\/ryfi.online\/ro\/"},{"@type":"ListItem","position":2,"name":"Free and Fast Shipping whitin 1-3 Days!!!","item":"https:\/\/ryfi.online\/shop\/"},{"@type":"ListItem","position":3,"name":"Tricou Disney Minnie Mouse pentru fete ET1119"}]},{"@type":"WebSite","@id":"https:\/\/ryfi.online\/ro\/#website","url":"https:\/\/ryfi.online\/ro\/","name":"Ryfi Online Store","description":"Online Store","publisher":{"@id":"https:\/\/ryfi.online\/ro\/#organization"},"potentialAction":[{"@type":"SearchAction","target":{"@type":"EntryPoint","urlTemplate":"https:\/\/ryfi.online\/ro\/?s={search_term_string}"},"query-input":{"@type":"PropertyValueSpecification","valueRequired":true,"valueName":"search_term_string"}}],"inLanguage":"ro-RO"},{"@type":"Organization","@id":"https:\/\/ryfi.online\/ro\/#organization","name":"Ryan Future Investments LLC","url":"https:\/\/ryfi.online\/ro\/","logo":{"@type":"ImageObject","inLanguage":"ro-RO","@id":"https:\/\/ryfi.online\/ro\/#\/schema\/logo\/image\/","url":"https:\/\/ryfi.online\/wp-content\/uploads\/2021\/03\/2-03.png","contentUrl":"https:\/\/ryfi.online\/wp-content\/uploads\/2021\/03\/2-03.png","width":1010,"height":310,"caption":"Ryan Future Investments LLC"},"image":{"@id":"https:\/\/ryfi.online\/ro\/#\/schema\/logo\/image\/"},"sameAs":["https:\/\/www.facebook.com\/ryfi.online\/"]}]},"product_brand":"Tricou b\u0103ie\u021bi","og_availability":"instock","product_availability":"instock","product_condition":"new"},"jetpack-related-posts":[{"id":10334,"url":"https:\/\/ryfi.online\/ro\/produs\/set-minnie-ev1079\/","url_meta":{"origin":11971,"position":0},"title":"Set Minnie pentru fete EV1079","date":"aprilie 30, 2022","format":false,"excerpt":"Livrare rapid\u0103 \u0219i sigur\u0103 \u00een 1-3 zile lucr\u0103toare","rel":"","context":"Articol similar","img":{"alt_text":"Minnie set","src":"https:\/\/i0.wp.com\/ryfi.online\/wp-content\/uploads\/2022\/04\/ev1079.jpg?resize=350%2C200&ssl=1","width":350,"height":200},"classes":[]},{"id":11865,"url":"https:\/\/ryfi.online\/ro\/produs\/tricou-desen-animat-de-disney-minnie-pentru-fete\/","url_meta":{"origin":11971,"position":1},"title":"Tricou Disney Minnie Cartoon pentru Fete ET1137","date":"iulie 26, 2021","format":false,"excerpt":"Livrare gratuit\u0103 \u0219i sigur\u0103 \u00een 1-3 zile lucr\u0103toare","rel":"","context":"Articol similar","img":{"alt_text":"Tricou Minnie","src":"https:\/\/i0.wp.com\/ryfi.online\/wp-content\/uploads\/2021\/07\/et1137.jpg?resize=350%2C200&ssl=1","width":350,"height":200},"classes":[]},{"id":11953,"url":"https:\/\/ryfi.online\/ro\/produs\/tricou-cu-design-disney-frozen-pentru-fete\/","url_meta":{"origin":11971,"position":2},"title":"Tricou Disney Frozen pentru fete","date":"iunie 9, 2021","format":false,"excerpt":"Livrare gratuit\u0103 1-3 zile lucr\u0103toare Retur gratuit","rel":"","context":"Articol similar","img":{"alt_text":"Tricou Disney Frozen","src":"https:\/\/i0.wp.com\/ryfi.online\/wp-content\/uploads\/2021\/06\/ET1222_WH.jpg?resize=350%2C200&ssl=1","width":350,"height":200},"classes":[]},{"id":11472,"url":"https:\/\/ryfi.online\/ro\/produs\/minnie-pijamale-pentru-fete-ev2084\/","url_meta":{"origin":11971,"position":3},"title":"Pijamale Minnie pentru fete EV2084","date":"aprilie 30, 2022","format":false,"excerpt":"Livrare rapid\u0103 \u0219i sigur\u0103 \u00een 1-3 zile lucr\u0103toare","rel":"","context":"Articol similar","img":{"alt_text":"pijamale minnie","src":"https:\/\/i0.wp.com\/ryfi.online\/wp-content\/uploads\/2022\/04\/ev2084.i06.jpg?resize=350%2C200&ssl=1","width":350,"height":200},"classes":[]},{"id":12656,"url":"https:\/\/ryfi.online\/ro\/produs\/disney-minnie-design-baseball-cap-pentru-fete\/","url_meta":{"origin":11971,"position":4},"title":"Fete Disney Minnie Baseball Cap","date":"iunie 9, 2021","format":false,"excerpt":"Ca un cadou de ziua de na\u0219tere, de S\u0103rb\u0103tori sau de Pa\u0219te sau pur \u0219i simplu. Cu frumoasa \u0219apc\u0103 Disney Minnie, nu ai cum s\u0103 dai gre\u0219! 100% bumbac \u0219i 100% poliester. Exist\u0103 o \u00eenchidere la spate pentru o potrivire perfect\u0103 cu c\u0103p\u0219oarele pentru un confort maxim. Manopera este excelent\u0103,\u2026","rel":"","context":"Articol similar","img":{"alt_text":"Gorra Minnie Disney","src":"https:\/\/i0.wp.com\/ryfi.online\/wp-content\/uploads\/2021\/06\/et4050_pi.jpg?resize=350%2C200&ssl=1","width":350,"height":200},"classes":[]},{"id":10535,"url":"https:\/\/ryfi.online\/ro\/produs\/tricou-maneca-scurta-frozen-ev1017\/","url_meta":{"origin":11971,"position":5},"title":"Tricou cu maneca scurta Frozen pentru fete EV1017","date":"aprilie 29, 2022","format":false,"excerpt":"Livrare rapid\u0103 \u0219i sigur\u0103 \u00een 1-3 zile lucr\u0103toare","rel":"","context":"Articol similar","img":{"alt_text":"","src":"https:\/\/i0.wp.com\/ryfi.online\/wp-content\/uploads\/2022\/04\/ev1017.jpg?resize=350%2C200&ssl=1","width":350,"height":200},"classes":[]}],"_links":{"self":[{"href":"https:\/\/ryfi.online\/ro\/wp-json\/wp\/v2\/product\/11971","targetHints":{"allow":["GET"]}}],"collection":[{"href":"https:\/\/ryfi.online\/ro\/wp-json\/wp\/v2\/product"}],"about":[{"href":"https:\/\/ryfi.online\/ro\/wp-json\/wp\/v2\/types\/product"}],"replies":[{"embeddable":true,"href":"https:\/\/ryfi.online\/ro\/wp-json\/wp\/v2\/comments?post=11971"}],"wp:featuredmedia":[{"embeddable":true,"href":"https:\/\/ryfi.online\/ro\/wp-json\/wp\/v2\/media\/10866"}],"wp:attachment":[{"href":"https:\/\/ryfi.online\/ro\/wp-json\/wp\/v2\/media?parent=11971"}],"wp:term":[{"taxonomy":"product_brand","embeddable":true,"href":"https:\/\/ryfi.online\/ro\/wp-json\/wp\/v2\/product_brand?post=11971"},{"taxonomy":"product_cat","embeddable":true,"href":"https:\/\/ryfi.online\/ro\/wp-json\/wp\/v2\/product_cat?post=11971"},{"taxonomy":"product_tag","embeddable":true,"href":"https:\/\/ryfi.online\/ro\/wp-json\/wp\/v2\/product_tag?post=11971"}],"curies":[{"name":"wp","href":"https:\/\/api.w.org\/{rel}","templated":true}]}}