{"id":11940,"date":"2021-06-15T14:48:03","date_gmt":"2022-05-17T13:59:43","guid":{"rendered":"https:\/\/ryfi.online\/product\/tricou-cu-desene-animate-nickelodeon-paw-patrol-pentru-fete\/"},"modified":"2022-05-17T13:59:43","modified_gmt":"2022-05-17T13:59:43","slug":"nickelodeon-patrula-labe-tricou-desene-animat-pentru-fete","status":"publish","type":"product","link":"https:\/\/ryfi.online\/ro\/produs\/nickelodeon-patrula-labe-tricou-desene-animat-pentru-fete\/","title":{"rendered":"Tricou cu desene animate Nickelodeon Paw Patrol pentru fete"},"content":{"rendered":"<p><span class=\"a-list-item\">\u2705 Tricou Nickelodeon Paw Patrol pentru fete<\/span><\/p>\n<p><span class=\"a-list-item\">\u2705 Culoare: Ro\u0219u-Alb-Fucsia<\/span><\/p>\n<p><span class=\"a-list-item\">\u2705 100% bumbac, <\/span><\/p>\n<p id=\"title\" class=\"a-size-large a-spacing-none\"><span id=\"productTitle\" class=\"a-size-large product-title-word-break\"><span class=\"a-list-item\">\u2705<\/span> V\u00e2rsta: 3 ani, 4 ani, 5 ani, 6 ani<\/span><\/p>\n<p>&nbsp;<\/p>\n","protected":false},"excerpt":{"rendered":"<p>Livrare gratuit\u0103 1-3 zile lucr\u0103toare<\/p>\n<p>Retur gratuit<\/p>\n","protected":false},"featured_media":10918,"comment_status":"open","ping_status":"closed","template":"","meta":[],"product_brand":[],"product_cat":[305],"product_tag":[],"class_list":{"0":"post-11940","1":"product","2":"type-product","3":"status-publish","4":"has-post-thumbnail","6":"product_cat-tricou-baieti","8":"first","9":"instock","10":"featured","11":"taxable","12":"shipping-taxable","13":"purchasable","14":"product-type-variable"},"yoast_head":"<!-- This site is optimized with the Yoast SEO Premium plugin v17.1.2 (Yoast SEO v27.5) - https:\/\/yoast.com\/product\/yoast-seo-premium-wordpress\/ -->\n<title>Cump\u0103ra\u021bi online tricou Paw Patrol din desene animate | Tricou pentru copii Paw Patrol<\/title>\n<meta name=\"description\" content=\"Dac\u0103 dori\u021bi s\u0103 cump\u0103ra\u021bi online un tricou cu desene animate Paw Patrol pentru copii, atunci magazinul online Ryfi ofer\u0103 cel mai bun tricou cu desene animate Paw Patrol pentru copii. Cump\u0103r\u0103 acum!\" \/>\n<meta name=\"robots\" content=\"index, follow, max-snippet:-1, max-image-preview:large, max-video-preview:-1\" \/>\n<link rel=\"canonical\" href=\"https:\/\/ryfi.online\/ro\/produs\/nickelodeon-patrula-labe-tricou-desene-animat-pentru-fete\/\" \/>\n<meta property=\"og:locale\" content=\"ro_RO\" \/>\n<meta property=\"og:type\" content=\"article\" \/>\n<meta property=\"og:title\" content=\"Tricou cu desene animate Nickelodeon Paw Patrol pentru fete\" \/>\n<meta property=\"og:description\" content=\"Dac\u0103 dori\u021bi s\u0103 cump\u0103ra\u021bi online un tricou cu desene animate Paw Patrol pentru copii, atunci magazinul online Ryfi ofer\u0103 cel mai bun tricou cu desene animate Paw Patrol pentru copii. Cump\u0103r\u0103 acum!\" \/>\n<meta property=\"og:url\" content=\"https:\/\/ryfi.online\/ro\/produs\/nickelodeon-patrula-labe-tricou-desene-animat-pentru-fete\/\" \/>\n<meta property=\"og:site_name\" content=\"Ryfi Online Store\" \/>\n<meta property=\"article:publisher\" content=\"https:\/\/www.facebook.com\/ryfi.online\/\" \/>\n<meta property=\"og:image\" content=\"https:\/\/ryfi.online\/wp-content\/uploads\/2021\/06\/se1488_dfu.jpg\" \/>\n\t<meta property=\"og:image:width\" content=\"800\" \/>\n\t<meta property=\"og:image:height\" content=\"1200\" \/>\n\t<meta property=\"og:image:type\" content=\"image\/jpeg\" \/>\n<meta name=\"twitter:card\" content=\"summary_large_image\" \/>\n<meta name=\"twitter:label1\" content=\"Availability\" \/>\n\t<meta name=\"twitter:data1\" content=\"In stock\" \/>\n<meta property=\"product:brand\" content=\"Tricou b\u0103ie\u021bi\" \/>\n<meta property=\"og:availability\" content=\"instock\" \/>\n<meta property=\"product:availability\" content=\"instock\" \/>\n<meta property=\"product:condition\" content=\"new\" \/>\n<!-- \/ Yoast SEO Premium plugin. -->","yoast_head_json":{"title":"Cump\u0103ra\u021bi online tricou Paw Patrol din desene animate | Tricou pentru copii Paw Patrol","description":"Dac\u0103 dori\u021bi s\u0103 cump\u0103ra\u021bi online un tricou cu desene animate Paw Patrol pentru copii, atunci magazinul online Ryfi ofer\u0103 cel mai bun tricou cu desene animate Paw Patrol pentru copii. Cump\u0103r\u0103 acum!","robots":{"index":"index","follow":"follow","max-snippet":"max-snippet:-1","max-image-preview":"max-image-preview:large","max-video-preview":"max-video-preview:-1"},"canonical":"https:\/\/ryfi.online\/ro\/produs\/nickelodeon-patrula-labe-tricou-desene-animat-pentru-fete\/","og_locale":"ro_RO","og_type":"article","og_title":"Tricou cu desene animate Nickelodeon Paw Patrol pentru fete","og_description":"Dac\u0103 dori\u021bi s\u0103 cump\u0103ra\u021bi online un tricou cu desene animate Paw Patrol pentru copii, atunci magazinul online Ryfi ofer\u0103 cel mai bun tricou cu desene animate Paw Patrol pentru copii. Cump\u0103r\u0103 acum!","og_url":"https:\/\/ryfi.online\/ro\/produs\/nickelodeon-patrula-labe-tricou-desene-animat-pentru-fete\/","og_site_name":"Ryfi Online Store","article_publisher":"https:\/\/www.facebook.com\/ryfi.online\/","og_image":[{"width":800,"height":1200,"url":"https:\/\/ryfi.online\/wp-content\/uploads\/2021\/06\/se1488_dfu.jpg","type":"image\/jpeg"}],"twitter_card":"summary_large_image","twitter_misc":{"Availability":"In stock"},"schema":{"@context":"https:\/\/schema.org","@graph":[{"@type":"WebPage","@id":"https:\/\/ryfi.online\/ro\/produs\/nickelodeon-patrula-labe-tricou-desene-animat-pentru-fete\/","url":"https:\/\/ryfi.online\/ro\/produs\/nickelodeon-patrula-labe-tricou-desene-animat-pentru-fete\/","name":"Cump\u0103ra\u021bi online tricou Paw Patrol din desene animate | Tricou pentru copii Paw Patrol","isPartOf":{"@id":"https:\/\/ryfi.online\/ro\/#website"},"primaryImageOfPage":{"@id":"https:\/\/ryfi.online\/ro\/produs\/nickelodeon-patrula-labe-tricou-desene-animat-pentru-fete\/#primaryimage"},"image":{"@id":"https:\/\/ryfi.online\/ro\/produs\/nickelodeon-patrula-labe-tricou-desene-animat-pentru-fete\/#primaryimage"},"thumbnailUrl":"https:\/\/ryfi.online\/wp-content\/uploads\/2021\/06\/se1488_dfu.jpg","datePublished":"2022-05-17T13:59:43+00:00","description":"Dac\u0103 dori\u021bi s\u0103 cump\u0103ra\u021bi online un tricou cu desene animate Paw Patrol pentru copii, atunci magazinul online Ryfi ofer\u0103 cel mai bun tricou cu desene animate Paw Patrol pentru copii. Cump\u0103r\u0103 acum!","breadcrumb":{"@id":"https:\/\/ryfi.online\/ro\/produs\/nickelodeon-patrula-labe-tricou-desene-animat-pentru-fete\/#breadcrumb"},"inLanguage":"ro-RO","potentialAction":[{"@type":"ReadAction","target":["https:\/\/ryfi.online\/ro\/produs\/nickelodeon-patrula-labe-tricou-desene-animat-pentru-fete\/"]}]},{"@type":"ImageObject","inLanguage":"ro-RO","@id":"https:\/\/ryfi.online\/ro\/produs\/nickelodeon-patrula-labe-tricou-desene-animat-pentru-fete\/#primaryimage","url":"https:\/\/ryfi.online\/wp-content\/uploads\/2021\/06\/se1488_dfu.jpg","contentUrl":"https:\/\/ryfi.online\/wp-content\/uploads\/2021\/06\/se1488_dfu.jpg","width":800,"height":1200,"caption":"Tricou Paw Patrol"},{"@type":"BreadcrumbList","@id":"https:\/\/ryfi.online\/ro\/produs\/nickelodeon-patrula-labe-tricou-desene-animat-pentru-fete\/#breadcrumb","itemListElement":[{"@type":"ListItem","position":1,"name":"Home","item":"https:\/\/ryfi.online\/ro\/"},{"@type":"ListItem","position":2,"name":"Free and Fast Shipping whitin 1-3 Days!!!","item":"https:\/\/ryfi.online\/shop\/"},{"@type":"ListItem","position":3,"name":"Tricou cu desene animate Nickelodeon Paw Patrol pentru fete"}]},{"@type":"WebSite","@id":"https:\/\/ryfi.online\/ro\/#website","url":"https:\/\/ryfi.online\/ro\/","name":"Ryfi Online Store","description":"Online Store","publisher":{"@id":"https:\/\/ryfi.online\/ro\/#organization"},"potentialAction":[{"@type":"SearchAction","target":{"@type":"EntryPoint","urlTemplate":"https:\/\/ryfi.online\/ro\/?s={search_term_string}"},"query-input":{"@type":"PropertyValueSpecification","valueRequired":true,"valueName":"search_term_string"}}],"inLanguage":"ro-RO"},{"@type":"Organization","@id":"https:\/\/ryfi.online\/ro\/#organization","name":"Ryan Future Investments LLC","url":"https:\/\/ryfi.online\/ro\/","logo":{"@type":"ImageObject","inLanguage":"ro-RO","@id":"https:\/\/ryfi.online\/ro\/#\/schema\/logo\/image\/","url":"https:\/\/ryfi.online\/wp-content\/uploads\/2021\/03\/2-03.png","contentUrl":"https:\/\/ryfi.online\/wp-content\/uploads\/2021\/03\/2-03.png","width":1010,"height":310,"caption":"Ryan Future Investments LLC"},"image":{"@id":"https:\/\/ryfi.online\/ro\/#\/schema\/logo\/image\/"},"sameAs":["https:\/\/www.facebook.com\/ryfi.online\/"]}]},"product_brand":"Tricou b\u0103ie\u021bi","og_availability":"instock","product_availability":"instock","product_condition":"new"},"jetpack-related-posts":[{"id":11932,"url":"https:\/\/ryfi.online\/ro\/produs\/nickelodeon-patrula-labe-tricou-desene-animat-pentru-copii\/","url_meta":{"origin":11940,"position":0},"title":"Tricou cu desene animate Nickelodeon Paw Patrol pentru copii","date":"iunie 15, 2021","format":false,"excerpt":"Livrare gratuit\u0103 1-3 zile lucr\u0103toare Retur gratuit","rel":"","context":"Articol similar","img":{"alt_text":"Tricou Paw Patrol","src":"https:\/\/i0.wp.com\/ryfi.online\/wp-content\/uploads\/2021\/06\/ue1153_bl.jpg?resize=350%2C200&ssl=1","width":350,"height":200},"classes":[]},{"id":11917,"url":"https:\/\/ryfi.online\/ro\/produs\/nickelodeon-patrula-labe-model-sapca-de-baseball-pentru-fete\/","url_meta":{"origin":11940,"position":1},"title":"\u015eapc\u0103 de baseball Nickelodeon Paw Patrol pentru fete UE4205","date":"iunie 16, 2021","format":false,"excerpt":"Livrare gratuit\u0103 1-3 zile lucr\u0103toare Retur gratuit","rel":"","context":"Articol similar","img":{"alt_text":"\u015eapc\u0103 Paw Patrol","src":"https:\/\/i0.wp.com\/ryfi.online\/wp-content\/uploads\/2021\/06\/ue4205_pi.jpg?resize=350%2C200&ssl=1","width":350,"height":200},"classes":[]},{"id":11920,"url":"https:\/\/ryfi.online\/ro\/produs\/baieti-nickelodeon-patrula-laba-design-baie-boxer\/","url_meta":{"origin":11940,"position":2},"title":"Boxer de \u00eenot Nickelodeon Paw Patrol pentru b\u0103iat","date":"iunie 16, 2021","format":false,"excerpt":"Livrare gratuit\u0103 1-3 zile lucr\u0103toare Retur gratuit","rel":"","context":"Articol similar","img":{"alt_text":"Costum de baie Paw Patrol","src":"https:\/\/i0.wp.com\/ryfi.online\/wp-content\/uploads\/2021\/06\/ue0102_lna.jpg?resize=350%2C200&ssl=1","width":350,"height":200},"classes":[]},{"id":11884,"url":"https:\/\/ryfi.online\/ro\/produs\/anekke-tricou-desen-animat-pentru-fete\/","url_meta":{"origin":11940,"position":3},"title":"Tricou cu desene animate Anekke pentru fete SE1479","date":"iulie 17, 2021","format":false,"excerpt":"Livrare rapid\u0103 \u0219i sigur\u0103 \u00een 1-3 zile lucr\u0103toare","rel":"","context":"Articol similar","img":{"alt_text":"Tricou Anekke","src":"https:\/\/i0.wp.com\/ryfi.online\/wp-content\/uploads\/2021\/07\/img_91355_4ba08d53d1efba1ea99377fa4b3b303f_20.jpg?resize=350%2C200&ssl=1","width":350,"height":200},"classes":[]},{"id":11944,"url":"https:\/\/ryfi.online\/ro\/produs\/miraculous-lady-bug-tricou-desene-animat-pentru-fete\/","url_meta":{"origin":11940,"position":4},"title":"Tricou cu desene animate Miraculous Lady Bug pentru fete","date":"iunie 15, 2021","format":false,"excerpt":"Livrare gratuit\u0103 1-3 zile lucr\u0103toare Retur gratuit","rel":"","context":"Articol similar","img":{"alt_text":"Tricou Lady Bug","src":"https:\/\/i0.wp.com\/ryfi.online\/wp-content\/uploads\/2021\/06\/et1298_rd.jpg?resize=350%2C200&ssl=1","width":350,"height":200},"classes":[]},{"id":11865,"url":"https:\/\/ryfi.online\/ro\/produs\/tricou-desen-animat-de-disney-minnie-pentru-fete\/","url_meta":{"origin":11940,"position":5},"title":"Tricou Disney Minnie Cartoon pentru Fete ET1137","date":"iulie 26, 2021","format":false,"excerpt":"Livrare gratuit\u0103 \u0219i sigur\u0103 \u00een 1-3 zile lucr\u0103toare","rel":"","context":"Articol similar","img":{"alt_text":"Tricou Minnie","src":"https:\/\/i0.wp.com\/ryfi.online\/wp-content\/uploads\/2021\/07\/et1137.jpg?resize=350%2C200&ssl=1","width":350,"height":200},"classes":[]}],"_links":{"self":[{"href":"https:\/\/ryfi.online\/ro\/wp-json\/wp\/v2\/product\/11940","targetHints":{"allow":["GET"]}}],"collection":[{"href":"https:\/\/ryfi.online\/ro\/wp-json\/wp\/v2\/product"}],"about":[{"href":"https:\/\/ryfi.online\/ro\/wp-json\/wp\/v2\/types\/product"}],"replies":[{"embeddable":true,"href":"https:\/\/ryfi.online\/ro\/wp-json\/wp\/v2\/comments?post=11940"}],"wp:featuredmedia":[{"embeddable":true,"href":"https:\/\/ryfi.online\/ro\/wp-json\/wp\/v2\/media\/10918"}],"wp:attachment":[{"href":"https:\/\/ryfi.online\/ro\/wp-json\/wp\/v2\/media?parent=11940"}],"wp:term":[{"taxonomy":"product_brand","embeddable":true,"href":"https:\/\/ryfi.online\/ro\/wp-json\/wp\/v2\/product_brand?post=11940"},{"taxonomy":"product_cat","embeddable":true,"href":"https:\/\/ryfi.online\/ro\/wp-json\/wp\/v2\/product_cat?post=11940"},{"taxonomy":"product_tag","embeddable":true,"href":"https:\/\/ryfi.online\/ro\/wp-json\/wp\/v2\/product_tag?post=11940"}],"curies":[{"name":"wp","href":"https:\/\/api.w.org\/{rel}","templated":true}]}}