{"id":11932,"date":"2021-06-15T15:14:39","date_gmt":"2022-05-17T13:53:40","guid":{"rendered":"https:\/\/ryfi.online\/product\/tricou-cu-desene-animate-nickelodeon-paw-patrol-pentru-copii\/"},"modified":"2022-05-17T13:53:40","modified_gmt":"2022-05-17T13:53:40","slug":"nickelodeon-patrula-labe-tricou-desene-animat-pentru-copii","status":"publish","type":"product","link":"https:\/\/ryfi.online\/ro\/produs\/nickelodeon-patrula-labe-tricou-desene-animat-pentru-copii\/","title":{"rendered":"Tricou cu desene animate Nickelodeon Paw Patrol pentru copii"},"content":{"rendered":"<p><span class=\"a-list-item\">\u2705 Tricou pentru copii Nickelodeon Paw Patrol<\/span><\/p>\n<p><span class=\"a-list-item\">\u2705 Culoare: Albastru-Alb cu desene animate Chase,Marshal,Rubble<\/span><\/p>\n<p><span class=\"a-list-item\">\u2705 100% bumbac, <\/span><\/p>\n<p id=\"title\" class=\"a-size-large a-spacing-none\"><span id=\"productTitle\" class=\"a-size-large product-title-word-break\"><span class=\"a-list-item\">\u2705<\/span> V\u00e2rsta: 3 ani, 4 ani, 5 ani, 6 ani<\/span><\/p>\n<p>&nbsp;<\/p>\n","protected":false},"excerpt":{"rendered":"<p>Livrare gratuit\u0103 1-3 zile lucr\u0103toare<\/p>\n<p>Retur gratuit<\/p>\n","protected":false},"featured_media":10926,"comment_status":"open","ping_status":"closed","template":"","meta":[],"product_brand":[],"product_cat":[305],"product_tag":[],"class_list":{"0":"post-11932","1":"product","2":"type-product","3":"status-publish","4":"has-post-thumbnail","6":"product_cat-tricou-baieti","8":"first","9":"instock","10":"featured","11":"taxable","12":"shipping-taxable","13":"purchasable","14":"product-type-variable"},"yoast_head":"<!-- This site is optimized with the Yoast SEO Premium plugin v17.1.2 (Yoast SEO v27.5) - https:\/\/yoast.com\/product\/yoast-seo-premium-wordpress\/ -->\n<title>Cump\u0103ra\u021bi online tricou cu desene animate Nickelodeon Paw Patrol pentru copii<\/title>\n<meta name=\"description\" content=\"G\u0103si\u021bi cea mai bun\u0103 colec\u021bie de tricouri cu desene animate Nickelodeon Paw Patrol pentru copii \u00een magazinul online Ryfi. Livrare gratuit\u0103 \u0219i rapid\u0103 \u00een 1-3 zile lucr\u0103toare.\" \/>\n<meta name=\"robots\" content=\"index, follow, max-snippet:-1, max-image-preview:large, max-video-preview:-1\" \/>\n<link rel=\"canonical\" href=\"https:\/\/ryfi.online\/ro\/produs\/nickelodeon-patrula-labe-tricou-desene-animat-pentru-copii\/\" \/>\n<meta property=\"og:locale\" content=\"ro_RO\" \/>\n<meta property=\"og:type\" content=\"article\" \/>\n<meta property=\"og:title\" content=\"Tricou cu desene animate Nickelodeon Paw Patrol pentru copii\" \/>\n<meta property=\"og:description\" content=\"G\u0103si\u021bi cea mai bun\u0103 colec\u021bie de tricouri cu desene animate Nickelodeon Paw Patrol pentru copii \u00een magazinul online Ryfi. Livrare gratuit\u0103 \u0219i rapid\u0103 \u00een 1-3 zile lucr\u0103toare.\" \/>\n<meta property=\"og:url\" content=\"https:\/\/ryfi.online\/ro\/produs\/nickelodeon-patrula-labe-tricou-desene-animat-pentru-copii\/\" \/>\n<meta property=\"og:site_name\" content=\"Ryfi Online Store\" \/>\n<meta property=\"article:publisher\" content=\"https:\/\/www.facebook.com\/ryfi.online\/\" \/>\n<meta property=\"og:image\" content=\"https:\/\/ryfi.online\/wp-content\/uploads\/2021\/06\/ue1153_bl.jpg\" \/>\n\t<meta property=\"og:image:width\" content=\"800\" \/>\n\t<meta property=\"og:image:height\" content=\"1200\" \/>\n\t<meta property=\"og:image:type\" content=\"image\/jpeg\" \/>\n<meta name=\"twitter:card\" content=\"summary_large_image\" \/>\n<meta name=\"twitter:label1\" content=\"Availability\" \/>\n\t<meta name=\"twitter:data1\" content=\"In stock\" \/>\n<meta property=\"product:brand\" content=\"Tricou b\u0103ie\u021bi\" \/>\n<meta property=\"og:availability\" content=\"instock\" \/>\n<meta property=\"product:availability\" content=\"instock\" \/>\n<meta property=\"product:condition\" content=\"new\" \/>\n<!-- \/ Yoast SEO Premium plugin. -->","yoast_head_json":{"title":"Cump\u0103ra\u021bi online tricou cu desene animate Nickelodeon Paw Patrol pentru copii","description":"G\u0103si\u021bi cea mai bun\u0103 colec\u021bie de tricouri cu desene animate Nickelodeon Paw Patrol pentru copii \u00een magazinul online Ryfi. Livrare gratuit\u0103 \u0219i rapid\u0103 \u00een 1-3 zile lucr\u0103toare.","robots":{"index":"index","follow":"follow","max-snippet":"max-snippet:-1","max-image-preview":"max-image-preview:large","max-video-preview":"max-video-preview:-1"},"canonical":"https:\/\/ryfi.online\/ro\/produs\/nickelodeon-patrula-labe-tricou-desene-animat-pentru-copii\/","og_locale":"ro_RO","og_type":"article","og_title":"Tricou cu desene animate Nickelodeon Paw Patrol pentru copii","og_description":"G\u0103si\u021bi cea mai bun\u0103 colec\u021bie de tricouri cu desene animate Nickelodeon Paw Patrol pentru copii \u00een magazinul online Ryfi. Livrare gratuit\u0103 \u0219i rapid\u0103 \u00een 1-3 zile lucr\u0103toare.","og_url":"https:\/\/ryfi.online\/ro\/produs\/nickelodeon-patrula-labe-tricou-desene-animat-pentru-copii\/","og_site_name":"Ryfi Online Store","article_publisher":"https:\/\/www.facebook.com\/ryfi.online\/","og_image":[{"width":800,"height":1200,"url":"https:\/\/ryfi.online\/wp-content\/uploads\/2021\/06\/ue1153_bl.jpg","type":"image\/jpeg"}],"twitter_card":"summary_large_image","twitter_misc":{"Availability":"In stock"},"schema":{"@context":"https:\/\/schema.org","@graph":[{"@type":"WebPage","@id":"https:\/\/ryfi.online\/ro\/produs\/nickelodeon-patrula-labe-tricou-desene-animat-pentru-copii\/","url":"https:\/\/ryfi.online\/ro\/produs\/nickelodeon-patrula-labe-tricou-desene-animat-pentru-copii\/","name":"Cump\u0103ra\u021bi online tricou cu desene animate Nickelodeon Paw Patrol pentru copii","isPartOf":{"@id":"https:\/\/ryfi.online\/ro\/#website"},"primaryImageOfPage":{"@id":"https:\/\/ryfi.online\/ro\/produs\/nickelodeon-patrula-labe-tricou-desene-animat-pentru-copii\/#primaryimage"},"image":{"@id":"https:\/\/ryfi.online\/ro\/produs\/nickelodeon-patrula-labe-tricou-desene-animat-pentru-copii\/#primaryimage"},"thumbnailUrl":"https:\/\/ryfi.online\/wp-content\/uploads\/2021\/06\/ue1153_bl.jpg","datePublished":"2022-05-17T13:53:40+00:00","description":"G\u0103si\u021bi cea mai bun\u0103 colec\u021bie de tricouri cu desene animate Nickelodeon Paw Patrol pentru copii \u00een magazinul online Ryfi. Livrare gratuit\u0103 \u0219i rapid\u0103 \u00een 1-3 zile lucr\u0103toare.","breadcrumb":{"@id":"https:\/\/ryfi.online\/ro\/produs\/nickelodeon-patrula-labe-tricou-desene-animat-pentru-copii\/#breadcrumb"},"inLanguage":"ro-RO","potentialAction":[{"@type":"ReadAction","target":["https:\/\/ryfi.online\/ro\/produs\/nickelodeon-patrula-labe-tricou-desene-animat-pentru-copii\/"]}]},{"@type":"ImageObject","inLanguage":"ro-RO","@id":"https:\/\/ryfi.online\/ro\/produs\/nickelodeon-patrula-labe-tricou-desene-animat-pentru-copii\/#primaryimage","url":"https:\/\/ryfi.online\/wp-content\/uploads\/2021\/06\/ue1153_bl.jpg","contentUrl":"https:\/\/ryfi.online\/wp-content\/uploads\/2021\/06\/ue1153_bl.jpg","width":800,"height":1200,"caption":"Tricou Paw Patrol"},{"@type":"BreadcrumbList","@id":"https:\/\/ryfi.online\/ro\/produs\/nickelodeon-patrula-labe-tricou-desene-animat-pentru-copii\/#breadcrumb","itemListElement":[{"@type":"ListItem","position":1,"name":"Home","item":"https:\/\/ryfi.online\/ro\/"},{"@type":"ListItem","position":2,"name":"Free and Fast Shipping whitin 1-3 Days!!!","item":"https:\/\/ryfi.online\/shop\/"},{"@type":"ListItem","position":3,"name":"Tricou cu desene animate Nickelodeon Paw Patrol pentru copii"}]},{"@type":"WebSite","@id":"https:\/\/ryfi.online\/ro\/#website","url":"https:\/\/ryfi.online\/ro\/","name":"Ryfi Online Store","description":"Online Store","publisher":{"@id":"https:\/\/ryfi.online\/ro\/#organization"},"potentialAction":[{"@type":"SearchAction","target":{"@type":"EntryPoint","urlTemplate":"https:\/\/ryfi.online\/ro\/?s={search_term_string}"},"query-input":{"@type":"PropertyValueSpecification","valueRequired":true,"valueName":"search_term_string"}}],"inLanguage":"ro-RO"},{"@type":"Organization","@id":"https:\/\/ryfi.online\/ro\/#organization","name":"Ryan Future Investments LLC","url":"https:\/\/ryfi.online\/ro\/","logo":{"@type":"ImageObject","inLanguage":"ro-RO","@id":"https:\/\/ryfi.online\/ro\/#\/schema\/logo\/image\/","url":"https:\/\/ryfi.online\/wp-content\/uploads\/2021\/03\/2-03.png","contentUrl":"https:\/\/ryfi.online\/wp-content\/uploads\/2021\/03\/2-03.png","width":1010,"height":310,"caption":"Ryan Future Investments LLC"},"image":{"@id":"https:\/\/ryfi.online\/ro\/#\/schema\/logo\/image\/"},"sameAs":["https:\/\/www.facebook.com\/ryfi.online\/"]}]},"product_brand":"Tricou b\u0103ie\u021bi","og_availability":"instock","product_availability":"instock","product_condition":"new"},"jetpack-related-posts":[{"id":11940,"url":"https:\/\/ryfi.online\/ro\/produs\/nickelodeon-patrula-labe-tricou-desene-animat-pentru-fete\/","url_meta":{"origin":11932,"position":0},"title":"Tricou cu desene animate Nickelodeon Paw Patrol pentru fete","date":"iunie 15, 2021","format":false,"excerpt":"Livrare gratuit\u0103 1-3 zile lucr\u0103toare Retur gratuit","rel":"","context":"Articol similar","img":{"alt_text":"Tricou Paw Patrol","src":"https:\/\/i0.wp.com\/ryfi.online\/wp-content\/uploads\/2021\/06\/se1488_dfu.jpg?resize=350%2C200&ssl=1","width":350,"height":200},"classes":[]},{"id":11920,"url":"https:\/\/ryfi.online\/ro\/produs\/baieti-nickelodeon-patrula-laba-design-baie-boxer\/","url_meta":{"origin":11932,"position":1},"title":"Boxer de \u00eenot Nickelodeon Paw Patrol pentru b\u0103iat","date":"iunie 16, 2021","format":false,"excerpt":"Livrare gratuit\u0103 1-3 zile lucr\u0103toare Retur gratuit","rel":"","context":"Articol similar","img":{"alt_text":"Costum de baie Paw Patrol","src":"https:\/\/i0.wp.com\/ryfi.online\/wp-content\/uploads\/2021\/06\/ue0102_lna.jpg?resize=350%2C200&ssl=1","width":350,"height":200},"classes":[]},{"id":11917,"url":"https:\/\/ryfi.online\/ro\/produs\/nickelodeon-patrula-labe-model-sapca-de-baseball-pentru-fete\/","url_meta":{"origin":11932,"position":2},"title":"\u015eapc\u0103 de baseball Nickelodeon Paw Patrol pentru fete UE4205","date":"iunie 16, 2021","format":false,"excerpt":"Livrare gratuit\u0103 1-3 zile lucr\u0103toare Retur gratuit","rel":"","context":"Articol similar","img":{"alt_text":"\u015eapc\u0103 Paw Patrol","src":"https:\/\/i0.wp.com\/ryfi.online\/wp-content\/uploads\/2021\/06\/ue4205_pi.jpg?resize=350%2C200&ssl=1","width":350,"height":200},"classes":[]},{"id":11937,"url":"https:\/\/ryfi.online\/ro\/produs\/tricou-desene-animate-de-marvel-avengers-pentru-copii\/","url_meta":{"origin":11932,"position":3},"title":"Tricou cu desene animate Marvel Avengers pentru copii","date":"iunie 15, 2021","format":false,"excerpt":"Livrare gratuit\u0103 1-3 zile lucr\u0103toare Retur gratuit","rel":"","context":"Articol similar","img":{"alt_text":"Tricou Avengers","src":"https:\/\/i0.wp.com\/ryfi.online\/wp-content\/uploads\/2021\/06\/ue1060_gy.jpg?resize=350%2C200&ssl=1","width":350,"height":200},"classes":[]},{"id":11960,"url":"https:\/\/ryfi.online\/ro\/produs\/tricou-desen-animat-de-mickey-of-disney-pentru-copii\/","url_meta":{"origin":11932,"position":4},"title":"Tricou cu desene animate Disney Mickey pentru baieti UE1167","date":"iunie 9, 2021","format":false,"excerpt":"Livrare rapid\u0103 \u0219i sigur\u0103 \u00een 1-3 zile lucr\u0103toare","rel":"","context":"Articol similar","img":{"alt_text":"Tricou pentru copii Mickey","src":"https:\/\/i0.wp.com\/ryfi.online\/wp-content\/uploads\/2021\/06\/UE1167_RD.jpg?resize=350%2C200&ssl=1","width":350,"height":200},"classes":[]},{"id":11916,"url":"https:\/\/ryfi.online\/ro\/produs\/geanta-messenger-patrula-laba-28207\/","url_meta":{"origin":11932,"position":5},"title":"Geanta Messenger Paw Patrol 28*20*7","date":"iunie 16, 2021","format":false,"excerpt":"Livrare gratuit\u0103 1-3 zile lucr\u0103toare Retur gratuit","rel":"","context":"Articol similar","img":{"alt_text":"Geanta Messenger Paw Patrol","src":"https:\/\/i0.wp.com\/ryfi.online\/wp-content\/uploads\/2021\/06\/PH4912_BL.jpg?resize=350%2C200&ssl=1","width":350,"height":200},"classes":[]}],"_links":{"self":[{"href":"https:\/\/ryfi.online\/ro\/wp-json\/wp\/v2\/product\/11932","targetHints":{"allow":["GET"]}}],"collection":[{"href":"https:\/\/ryfi.online\/ro\/wp-json\/wp\/v2\/product"}],"about":[{"href":"https:\/\/ryfi.online\/ro\/wp-json\/wp\/v2\/types\/product"}],"replies":[{"embeddable":true,"href":"https:\/\/ryfi.online\/ro\/wp-json\/wp\/v2\/comments?post=11932"}],"wp:featuredmedia":[{"embeddable":true,"href":"https:\/\/ryfi.online\/ro\/wp-json\/wp\/v2\/media\/10926"}],"wp:attachment":[{"href":"https:\/\/ryfi.online\/ro\/wp-json\/wp\/v2\/media?parent=11932"}],"wp:term":[{"taxonomy":"product_brand","embeddable":true,"href":"https:\/\/ryfi.online\/ro\/wp-json\/wp\/v2\/product_brand?post=11932"},{"taxonomy":"product_cat","embeddable":true,"href":"https:\/\/ryfi.online\/ro\/wp-json\/wp\/v2\/product_cat?post=11932"},{"taxonomy":"product_tag","embeddable":true,"href":"https:\/\/ryfi.online\/ro\/wp-json\/wp\/v2\/product_tag?post=11932"}],"curies":[{"name":"wp","href":"https:\/\/api.w.org\/{rel}","templated":true}]}}