{"id":11931,"date":"2021-06-16T06:56:05","date_gmt":"2022-05-17T13:53:40","guid":{"rendered":"https:\/\/ryfi.online\/product\/sapca-de-baseball-cu-design-batman-pentru-baieti-ue4224\/"},"modified":"2022-05-26T11:57:00","modified_gmt":"2022-05-26T11:57:00","slug":"sapca-de-baseball-cu-model-batman-pentru-copii","status":"publish","type":"product","link":"https:\/\/ryfi.online\/ro\/produs\/sapca-de-baseball-cu-model-batman-pentru-copii\/","title":{"rendered":"\u015eapc\u0103 de baseball cu design Batman pentru b\u0103ie\u0163i UE4224"},"content":{"rendered":"<p>Ca cadou de ziua de nastere, de Paste sau doar asa. Cu \u0219apca frumoas\u0103, de la Batman, nu po\u021bi gre\u0219i! Cappy este 100% bumbac \u0219i 100% poliester. Exist\u0103 o \u00eenchidere cu velcro la spate pentru o potrivire perfect\u0103 cu capete mici pentru confort maxim. Manopera este excelenta si culorile foarte puternice. \u0218apca cu v\u00e2rf este ideal\u0103 pentru o plimbare la soare, o zi la piscin\u0103 sau pentru vacan\u021be. A\u0219a c\u0103 capetele celor mici sunt bine protejate de soarele arz\u0103tor. Capacul este lavabil la masina de spalat la 30\u00b0C, pentru o durata lunga de viata, dar se recomanda spalarea manuala. Cu aceast\u0103 \u0219apc\u0103, ochii copiilor \u00eencep s\u0103 radieze!<\/p>\n<p><span class=\"a-list-item\">\u2705 \u0219apc\u0103 de baseball Batman pentru copii cu spate reglabil<\/span><\/p>\n<p><span class=\"a-list-item\">\u2705 Culoare: Albastru-Negru cu desene animate Batman<\/span><\/p>\n<p><span class=\"a-list-item\">\u2705 80% bumbac, 20% poliester<\/span><\/p>\n<p id=\"title\" class=\"a-size-large a-spacing-none\"><span id=\"productTitle\" class=\"a-size-large product-title-word-break\"><span class=\"a-list-item\">\u2705<\/span> Ajustabil de la 3 la 8 ani <\/span><\/p>\n<p><span id=\"productTitle\" class=\"a-size-large product-title-word-break\"><span class=\"a-list-item\">\u2705 52-54 cm<\/span> <\/span><\/p>\n<p><span id=\"productTitle\" class=\"a-size-large product-title-word-break\"><span class=\"a-list-item\">\u2705 Film octombrie 2021<\/span><\/span><\/p>\n","protected":false},"excerpt":{"rendered":"<p>Livrare gratuit\u0103 1-3 zile lucr\u0103toare<\/p>\n<p>Retur gratuit<\/p>\n","protected":false},"featured_media":10936,"comment_status":"open","ping_status":"closed","template":"","meta":[],"product_brand":[],"product_cat":[310],"product_tag":[],"class_list":{"0":"post-11931","1":"product","2":"type-product","3":"status-publish","4":"has-post-thumbnail","6":"product_cat-sapci-pentru-copii","8":"first","9":"instock","10":"featured","11":"taxable","12":"shipping-taxable","13":"purchasable","14":"product-type-variable"},"yoast_head":"<!-- This site is optimized with the Yoast SEO Premium plugin v17.1.2 (Yoast SEO v27.5) - https:\/\/yoast.com\/product\/yoast-seo-premium-wordpress\/ -->\n<title>Cumparati sapca Batman online pentru copii<\/title>\n<meta name=\"description\" content=\"Ob\u021bine\u021bi cea mai bun\u0103 ofert\u0103 pentru cump\u0103rarea \u0219epcilor de baseball Batman pentru copii din magazinul online Ryfi, cu livrare rapid\u0103 la domiciliu si taxe de transport foarte mici. Comanda acum!!\" \/>\n<meta name=\"robots\" content=\"index, follow, max-snippet:-1, max-image-preview:large, max-video-preview:-1\" \/>\n<link rel=\"canonical\" href=\"https:\/\/ryfi.online\/ro\/produs\/sapca-de-baseball-cu-model-batman-pentru-copii\/\" \/>\n<meta property=\"og:locale\" content=\"ro_RO\" \/>\n<meta property=\"og:type\" content=\"article\" \/>\n<meta property=\"og:title\" content=\"\u015eapc\u0103 de baseball cu design Batman pentru b\u0103ie\u0163i UE4224\" \/>\n<meta property=\"og:description\" content=\"Ob\u021bine\u021bi cea mai bun\u0103 ofert\u0103 pentru cump\u0103rarea \u0219epcilor de baseball Batman pentru copii din magazinul online Ryfi, cu livrare rapid\u0103 la domiciliu si taxe de transport foarte mici. Comanda acum!!\" \/>\n<meta property=\"og:url\" content=\"https:\/\/ryfi.online\/ro\/produs\/sapca-de-baseball-cu-model-batman-pentru-copii\/\" \/>\n<meta property=\"og:site_name\" content=\"Ryfi Online Store\" \/>\n<meta property=\"article:publisher\" content=\"https:\/\/www.facebook.com\/ryfi.online\/\" \/>\n<meta property=\"article:modified_time\" content=\"2022-05-26T11:57:00+00:00\" \/>\n<meta property=\"og:image\" content=\"https:\/\/ryfi.online\/wp-content\/uploads\/2021\/06\/ue4224_bk.jpg\" \/>\n\t<meta property=\"og:image:width\" content=\"800\" \/>\n\t<meta property=\"og:image:height\" content=\"1200\" \/>\n\t<meta property=\"og:image:type\" content=\"image\/jpeg\" \/>\n<meta name=\"twitter:card\" content=\"summary_large_image\" \/>\n<meta name=\"twitter:label1\" content=\"Availability\" \/>\n\t<meta name=\"twitter:data1\" content=\"In stock\" \/>\n<meta property=\"product:brand\" content=\"\u015eapci pentru copii\" \/>\n<meta property=\"og:availability\" content=\"instock\" \/>\n<meta property=\"product:availability\" content=\"instock\" \/>\n<meta property=\"product:condition\" content=\"new\" \/>\n<!-- \/ Yoast SEO Premium plugin. -->","yoast_head_json":{"title":"Cumparati sapca Batman online pentru copii","description":"Ob\u021bine\u021bi cea mai bun\u0103 ofert\u0103 pentru cump\u0103rarea \u0219epcilor de baseball Batman pentru copii din magazinul online Ryfi, cu livrare rapid\u0103 la domiciliu si taxe de transport foarte mici. Comanda acum!!","robots":{"index":"index","follow":"follow","max-snippet":"max-snippet:-1","max-image-preview":"max-image-preview:large","max-video-preview":"max-video-preview:-1"},"canonical":"https:\/\/ryfi.online\/ro\/produs\/sapca-de-baseball-cu-model-batman-pentru-copii\/","og_locale":"ro_RO","og_type":"article","og_title":"\u015eapc\u0103 de baseball cu design Batman pentru b\u0103ie\u0163i UE4224","og_description":"Ob\u021bine\u021bi cea mai bun\u0103 ofert\u0103 pentru cump\u0103rarea \u0219epcilor de baseball Batman pentru copii din magazinul online Ryfi, cu livrare rapid\u0103 la domiciliu si taxe de transport foarte mici. Comanda acum!!","og_url":"https:\/\/ryfi.online\/ro\/produs\/sapca-de-baseball-cu-model-batman-pentru-copii\/","og_site_name":"Ryfi Online Store","article_publisher":"https:\/\/www.facebook.com\/ryfi.online\/","article_modified_time":"2022-05-26T11:57:00+00:00","og_image":[{"width":800,"height":1200,"url":"https:\/\/ryfi.online\/wp-content\/uploads\/2021\/06\/ue4224_bk.jpg","type":"image\/jpeg"}],"twitter_card":"summary_large_image","twitter_misc":{"Availability":"In stock"},"schema":{"@context":"https:\/\/schema.org","@graph":[{"@type":"WebPage","@id":"https:\/\/ryfi.online\/ro\/produs\/sapca-de-baseball-cu-model-batman-pentru-copii\/","url":"https:\/\/ryfi.online\/ro\/produs\/sapca-de-baseball-cu-model-batman-pentru-copii\/","name":"Cumparati sapca Batman online pentru copii","isPartOf":{"@id":"https:\/\/ryfi.online\/ro\/#website"},"primaryImageOfPage":{"@id":"https:\/\/ryfi.online\/ro\/produs\/sapca-de-baseball-cu-model-batman-pentru-copii\/#primaryimage"},"image":{"@id":"https:\/\/ryfi.online\/ro\/produs\/sapca-de-baseball-cu-model-batman-pentru-copii\/#primaryimage"},"thumbnailUrl":"https:\/\/ryfi.online\/wp-content\/uploads\/2021\/06\/ue4224_bk.jpg","datePublished":"2022-05-17T13:53:40+00:00","dateModified":"2022-05-26T11:57:00+00:00","description":"Ob\u021bine\u021bi cea mai bun\u0103 ofert\u0103 pentru cump\u0103rarea \u0219epcilor de baseball Batman pentru copii din magazinul online Ryfi, cu livrare rapid\u0103 la domiciliu si taxe de transport foarte mici. Comanda acum!!","breadcrumb":{"@id":"https:\/\/ryfi.online\/ro\/produs\/sapca-de-baseball-cu-model-batman-pentru-copii\/#breadcrumb"},"inLanguage":"ro-RO","potentialAction":[{"@type":"ReadAction","target":["https:\/\/ryfi.online\/ro\/produs\/sapca-de-baseball-cu-model-batman-pentru-copii\/"]}]},{"@type":"ImageObject","inLanguage":"ro-RO","@id":"https:\/\/ryfi.online\/ro\/produs\/sapca-de-baseball-cu-model-batman-pentru-copii\/#primaryimage","url":"https:\/\/ryfi.online\/wp-content\/uploads\/2021\/06\/ue4224_bk.jpg","contentUrl":"https:\/\/ryfi.online\/wp-content\/uploads\/2021\/06\/ue4224_bk.jpg","width":800,"height":1200,"caption":"\u0219apc\u0103 Batman"},{"@type":"BreadcrumbList","@id":"https:\/\/ryfi.online\/ro\/produs\/sapca-de-baseball-cu-model-batman-pentru-copii\/#breadcrumb","itemListElement":[{"@type":"ListItem","position":1,"name":"Home","item":"https:\/\/ryfi.online\/ro\/"},{"@type":"ListItem","position":2,"name":"Free and Fast Shipping whitin 1-3 Days!!!","item":"https:\/\/ryfi.online\/shop\/"},{"@type":"ListItem","position":3,"name":"\u015eapc\u0103 de baseball cu design Batman pentru b\u0103ie\u0163i UE4224"}]},{"@type":"WebSite","@id":"https:\/\/ryfi.online\/ro\/#website","url":"https:\/\/ryfi.online\/ro\/","name":"Ryfi Online Store","description":"Online Store","publisher":{"@id":"https:\/\/ryfi.online\/ro\/#organization"},"potentialAction":[{"@type":"SearchAction","target":{"@type":"EntryPoint","urlTemplate":"https:\/\/ryfi.online\/ro\/?s={search_term_string}"},"query-input":{"@type":"PropertyValueSpecification","valueRequired":true,"valueName":"search_term_string"}}],"inLanguage":"ro-RO"},{"@type":"Organization","@id":"https:\/\/ryfi.online\/ro\/#organization","name":"Ryan Future Investments LLC","url":"https:\/\/ryfi.online\/ro\/","logo":{"@type":"ImageObject","inLanguage":"ro-RO","@id":"https:\/\/ryfi.online\/ro\/#\/schema\/logo\/image\/","url":"https:\/\/ryfi.online\/wp-content\/uploads\/2021\/03\/2-03.png","contentUrl":"https:\/\/ryfi.online\/wp-content\/uploads\/2021\/03\/2-03.png","width":1010,"height":310,"caption":"Ryan Future Investments LLC"},"image":{"@id":"https:\/\/ryfi.online\/ro\/#\/schema\/logo\/image\/"},"sameAs":["https:\/\/www.facebook.com\/ryfi.online\/"]}]},"product_brand":"\u015eapci pentru copii","og_availability":"instock","product_availability":"instock","product_condition":"new"},"jetpack-related-posts":[{"id":12028,"url":"https:\/\/ryfi.online\/ro\/produs\/sapca-de-baseball-de-mickey-de-disney-pentru-copii-ue4176\/","url_meta":{"origin":11931,"position":0},"title":"Sapca de baseball de Mickey de Disney pentru copii UE4176","date":"iunie 9, 2021","format":false,"excerpt":"Env\u00edo gratuito en 1-3 d\u00edas laborales","rel":"","context":"Articol similar","img":{"alt_text":"Gorra Mickey Disney","src":"https:\/\/i0.wp.com\/ryfi.online\/wp-content\/uploads\/2021\/06\/ue4176_lna.jpg?resize=350%2C200&ssl=1","width":350,"height":200},"classes":[]},{"id":11917,"url":"https:\/\/ryfi.online\/ro\/produs\/nickelodeon-patrula-labe-model-sapca-de-baseball-pentru-fete\/","url_meta":{"origin":11931,"position":1},"title":"\u015eapc\u0103 de baseball Nickelodeon Paw Patrol pentru fete UE4205","date":"iunie 16, 2021","format":false,"excerpt":"Livrare gratuit\u0103 1-3 zile lucr\u0103toare Retur gratuit","rel":"","context":"Articol similar","img":{"alt_text":"\u015eapc\u0103 Paw Patrol","src":"https:\/\/i0.wp.com\/ryfi.online\/wp-content\/uploads\/2021\/06\/ue4205_pi.jpg?resize=350%2C200&ssl=1","width":350,"height":200},"classes":[]},{"id":10561,"url":"https:\/\/ryfi.online\/ro\/produs\/capac-star-wars-et4183\/","url_meta":{"origin":11931,"position":2},"title":"\u015eapc\u0103 Star Wars ET4183","date":"aprilie 29, 2022","format":false,"excerpt":"Livrare rapid\u0103 \u0219i sigur\u0103 \u00een 1-3 zile lucr\u0103toare Retur gratuit","rel":"","context":"Articol similar","img":{"alt_text":"\u015eapc\u0103 albastr\u0103 \u015fi neagr\u0103 Star Wars","src":"https:\/\/i0.wp.com\/ryfi.online\/wp-content\/uploads\/2022\/04\/et4183.jpg?resize=350%2C200&ssl=1","width":350,"height":200},"classes":[]},{"id":11360,"url":"https:\/\/ryfi.online\/ro\/produs\/cap-minioni\/","url_meta":{"origin":11931,"position":3},"title":"Cap Minions EP4341","date":"aprilie 27, 2022","format":false,"excerpt":"Livrare rapid\u0103 \u0219i sigur\u0103 \u00een 1-3 zile lucr\u0103toare Retur gratuit","rel":"","context":"Articol similar","img":{"alt_text":"Capac galben Minion","src":"https:\/\/i0.wp.com\/ryfi.online\/wp-content\/uploads\/2022\/04\/ep4341_ye.jpg?resize=350%2C200&ssl=1","width":350,"height":200},"classes":[]},{"id":10439,"url":"https:\/\/ryfi.online\/ro\/produs\/capac-congelat-ue4140\/","url_meta":{"origin":11931,"position":4},"title":"\u0218apc\u0103 Frozen pentru fete UE4140","date":"aprilie 29, 2022","format":false,"excerpt":"Livrare rapid\u0103 \u0219i sigur\u0103 \u00een 1-3 zile lucr\u0103toare","rel":"","context":"Articol similar","img":{"alt_text":"","src":"https:\/\/i0.wp.com\/ryfi.online\/wp-content\/uploads\/2022\/04\/ue4140_lna.jpg?resize=350%2C200&ssl=1","width":350,"height":200},"classes":[]},{"id":10480,"url":"https:\/\/ryfi.online\/ro\/produs\/capac-spiderman-ev4009\/","url_meta":{"origin":11931,"position":5},"title":"\u0218apc\u0103 Spiderman pentru copii EV4009","date":"aprilie 29, 2022","format":false,"excerpt":"Livrare rapid\u0103 \u0219i sigur\u0103 \u00een 1-3 zile lucr\u0103toare","rel":"","context":"Articol similar","img":{"alt_text":"","src":"https:\/\/i0.wp.com\/ryfi.online\/wp-content\/uploads\/2022\/04\/ev4009_bl.jpg?resize=350%2C200&ssl=1","width":350,"height":200},"classes":[]}],"_links":{"self":[{"href":"https:\/\/ryfi.online\/ro\/wp-json\/wp\/v2\/product\/11931","targetHints":{"allow":["GET"]}}],"collection":[{"href":"https:\/\/ryfi.online\/ro\/wp-json\/wp\/v2\/product"}],"about":[{"href":"https:\/\/ryfi.online\/ro\/wp-json\/wp\/v2\/types\/product"}],"replies":[{"embeddable":true,"href":"https:\/\/ryfi.online\/ro\/wp-json\/wp\/v2\/comments?post=11931"}],"wp:featuredmedia":[{"embeddable":true,"href":"https:\/\/ryfi.online\/ro\/wp-json\/wp\/v2\/media\/10936"}],"wp:attachment":[{"href":"https:\/\/ryfi.online\/ro\/wp-json\/wp\/v2\/media?parent=11931"}],"wp:term":[{"taxonomy":"product_brand","embeddable":true,"href":"https:\/\/ryfi.online\/ro\/wp-json\/wp\/v2\/product_brand?post=11931"},{"taxonomy":"product_cat","embeddable":true,"href":"https:\/\/ryfi.online\/ro\/wp-json\/wp\/v2\/product_cat?post=11931"},{"taxonomy":"product_tag","embeddable":true,"href":"https:\/\/ryfi.online\/ro\/wp-json\/wp\/v2\/product_tag?post=11931"}],"curies":[{"name":"wp","href":"https:\/\/api.w.org\/{rel}","templated":true}]}}