{"id":11916,"date":"2021-06-16T12:31:33","date_gmt":"2022-05-17T13:45:58","guid":{"rendered":"https:\/\/ryfi.online\/product\/geanta-messenger-paw-patrol-28207\/"},"modified":"2022-05-17T13:45:58","modified_gmt":"2022-05-17T13:45:58","slug":"geanta-messenger-patrula-laba-28207","status":"publish","type":"product","link":"https:\/\/ryfi.online\/ro\/produs\/geanta-messenger-patrula-laba-28207\/","title":{"rendered":"Geanta Messenger Paw Patrol 28*20*7"},"content":{"rendered":"<p><span class=\"a-list-item\">\u2705 Geanta de mesager Nickelodeon Paw Patrol <\/span><\/p>\n<p><span class=\"a-list-item\">\u2705 Culoare: Albastru cu desene animate Chase,Marshal,Rubble,Zuma<\/span><\/p>\n<p><span class=\"a-list-item\">\u2705 100% poliester<\/span><\/p>\n<p id=\"title\" class=\"a-size-large a-spacing-none\"><span id=\"productTitle\" class=\"a-size-large product-title-word-break\"><span class=\"a-list-item\">\u2705<\/span> Masura: 28*20*7 <\/span><\/p>\n<p><span id=\"productTitle\" class=\"a-size-large product-title-word-break\"><span class=\"a-list-item\">\u2705Lavabil<\/span> manual<\/span><\/p>\n<p><span id=\"productTitle\" class=\"a-size-large product-title-word-break\"><span class=\"a-list-item\">\u2705 Curea de um\u0103r c\u0103ptu\u0219it\u0103 reglabil\u0103<\/span><\/span><\/p>\n<p><span id=\"productTitle\" class=\"a-size-large product-title-word-break\"><span class=\"a-list-item\">\u2705<\/span><\/span> Compartiment principal cu inchidere cu fermoar<\/p>\n","protected":false},"excerpt":{"rendered":"<p>Livrare gratuit\u0103 1-3 zile lucr\u0103toare<\/p>\n<p>Retur gratuit<\/p>\n","protected":false},"featured_media":10941,"comment_status":"open","ping_status":"closed","template":"","meta":[],"product_brand":[],"product_cat":[327],"product_tag":[],"class_list":{"0":"post-11916","1":"product","2":"type-product","3":"status-publish","4":"has-post-thumbnail","6":"product_cat-sac-ro","8":"first","9":"instock","10":"featured","11":"taxable","12":"shipping-taxable","13":"purchasable","14":"product-type-simple"},"yoast_head":"<!-- This site is optimized with the Yoast SEO Premium plugin v17.1.2 (Yoast SEO v27.4) - https:\/\/yoast.com\/product\/yoast-seo-premium-wordpress\/ -->\n<title>Cumpara geanta messenger Paw Patrol | Geanta pentru copii<\/title>\n<meta name=\"description\" content=\"Magazinul online Ryfi este unul dintre cele mai bune magazine online din Spania care furnizeaza accesorii pentru copii precum Geanta Paw Patrol Messenger etc. vizita acum.\" \/>\n<meta name=\"robots\" content=\"index, follow, max-snippet:-1, max-image-preview:large, max-video-preview:-1\" \/>\n<link rel=\"canonical\" href=\"https:\/\/ryfi.online\/ro\/produs\/geanta-messenger-patrula-laba-28207\/\" \/>\n<meta property=\"og:locale\" content=\"ro_RO\" \/>\n<meta property=\"og:type\" content=\"article\" \/>\n<meta property=\"og:title\" content=\"Geanta Messenger Paw Patrol 28*20*7\" \/>\n<meta property=\"og:description\" content=\"Magazinul online Ryfi este unul dintre cele mai bune magazine online din Spania care furnizeaza accesorii pentru copii precum Geanta Paw Patrol Messenger etc. vizita acum.\" \/>\n<meta property=\"og:url\" content=\"https:\/\/ryfi.online\/ro\/produs\/geanta-messenger-patrula-laba-28207\/\" \/>\n<meta property=\"og:site_name\" content=\"Ryfi Online Store\" \/>\n<meta property=\"article:publisher\" content=\"https:\/\/www.facebook.com\/ryfi.online\/\" \/>\n<meta property=\"og:image\" content=\"https:\/\/ryfi.online\/wp-content\/uploads\/2021\/06\/PH4912_BL.jpg\" \/>\n\t<meta property=\"og:image:width\" content=\"800\" \/>\n\t<meta property=\"og:image:height\" content=\"1200\" \/>\n\t<meta property=\"og:image:type\" content=\"image\/jpeg\" \/>\n<meta name=\"twitter:card\" content=\"summary_large_image\" \/>\n<meta name=\"twitter:label1\" content=\"Pre\u021b\" \/>\n\t<meta name=\"twitter:data1\" content=\"&#036;15.57\" \/>\n\t<meta name=\"twitter:label2\" content=\"Availability\" \/>\n\t<meta name=\"twitter:data2\" content=\"In stock\" \/>\n<meta property=\"product:brand\" content=\"Sac\" \/>\n<meta property=\"product:price:amount\" content=\"15.57\" \/>\n<meta property=\"product:price:currency\" content=\"USD\" \/>\n<meta property=\"og:availability\" content=\"instock\" \/>\n<meta property=\"product:availability\" content=\"instock\" \/>\n<meta property=\"product:condition\" content=\"new\" \/>\n<!-- \/ Yoast SEO Premium plugin. -->","yoast_head_json":{"title":"Cumpara geanta messenger Paw Patrol | Geanta pentru copii","description":"Magazinul online Ryfi este unul dintre cele mai bune magazine online din Spania care furnizeaza accesorii pentru copii precum Geanta Paw Patrol Messenger etc. vizita acum.","robots":{"index":"index","follow":"follow","max-snippet":"max-snippet:-1","max-image-preview":"max-image-preview:large","max-video-preview":"max-video-preview:-1"},"canonical":"https:\/\/ryfi.online\/ro\/produs\/geanta-messenger-patrula-laba-28207\/","og_locale":"ro_RO","og_type":"article","og_title":"Geanta Messenger Paw Patrol 28*20*7","og_description":"Magazinul online Ryfi este unul dintre cele mai bune magazine online din Spania care furnizeaza accesorii pentru copii precum Geanta Paw Patrol Messenger etc. vizita acum.","og_url":"https:\/\/ryfi.online\/ro\/produs\/geanta-messenger-patrula-laba-28207\/","og_site_name":"Ryfi Online Store","article_publisher":"https:\/\/www.facebook.com\/ryfi.online\/","og_image":[{"width":800,"height":1200,"url":"https:\/\/ryfi.online\/wp-content\/uploads\/2021\/06\/PH4912_BL.jpg","type":"image\/jpeg"}],"twitter_card":"summary_large_image","twitter_misc":{"Pre\u021b":"&#36;15.57","Availability":"In stock"},"schema":{"@context":"https:\/\/schema.org","@graph":[{"@type":"WebPage","@id":"https:\/\/ryfi.online\/ro\/produs\/geanta-messenger-patrula-laba-28207\/","url":"https:\/\/ryfi.online\/ro\/produs\/geanta-messenger-patrula-laba-28207\/","name":"Cumpara geanta messenger Paw Patrol | Geanta pentru copii","isPartOf":{"@id":"https:\/\/ryfi.online\/ro\/#website"},"primaryImageOfPage":{"@id":"https:\/\/ryfi.online\/ro\/produs\/geanta-messenger-patrula-laba-28207\/#primaryimage"},"image":{"@id":"https:\/\/ryfi.online\/ro\/produs\/geanta-messenger-patrula-laba-28207\/#primaryimage"},"thumbnailUrl":"https:\/\/ryfi.online\/wp-content\/uploads\/2021\/06\/PH4912_BL.jpg","datePublished":"2022-05-17T13:45:58+00:00","description":"Magazinul online Ryfi este unul dintre cele mai bune magazine online din Spania care furnizeaza accesorii pentru copii precum Geanta Paw Patrol Messenger etc. vizita acum.","breadcrumb":{"@id":"https:\/\/ryfi.online\/ro\/produs\/geanta-messenger-patrula-laba-28207\/#breadcrumb"},"inLanguage":"ro-RO","potentialAction":[{"@type":"ReadAction","target":["https:\/\/ryfi.online\/ro\/produs\/geanta-messenger-patrula-laba-28207\/"]}]},{"@type":"ImageObject","inLanguage":"ro-RO","@id":"https:\/\/ryfi.online\/ro\/produs\/geanta-messenger-patrula-laba-28207\/#primaryimage","url":"https:\/\/ryfi.online\/wp-content\/uploads\/2021\/06\/PH4912_BL.jpg","contentUrl":"https:\/\/ryfi.online\/wp-content\/uploads\/2021\/06\/PH4912_BL.jpg","width":800,"height":1200,"caption":"Geanta Messenger Paw Patrol"},{"@type":"BreadcrumbList","@id":"https:\/\/ryfi.online\/ro\/produs\/geanta-messenger-patrula-laba-28207\/#breadcrumb","itemListElement":[{"@type":"ListItem","position":1,"name":"Home","item":"https:\/\/ryfi.online\/ro\/"},{"@type":"ListItem","position":2,"name":"Free and Fast Shipping whitin 1-3 Days!!!","item":"https:\/\/ryfi.online\/shop\/"},{"@type":"ListItem","position":3,"name":"Geanta Messenger Paw Patrol 28*20*7"}]},{"@type":"WebSite","@id":"https:\/\/ryfi.online\/ro\/#website","url":"https:\/\/ryfi.online\/ro\/","name":"Ryfi Online Store","description":"Online Store","publisher":{"@id":"https:\/\/ryfi.online\/ro\/#organization"},"potentialAction":[{"@type":"SearchAction","target":{"@type":"EntryPoint","urlTemplate":"https:\/\/ryfi.online\/ro\/?s={search_term_string}"},"query-input":{"@type":"PropertyValueSpecification","valueRequired":true,"valueName":"search_term_string"}}],"inLanguage":"ro-RO"},{"@type":"Organization","@id":"https:\/\/ryfi.online\/ro\/#organization","name":"Ryan Future Investments LLC","url":"https:\/\/ryfi.online\/ro\/","logo":{"@type":"ImageObject","inLanguage":"ro-RO","@id":"https:\/\/ryfi.online\/ro\/#\/schema\/logo\/image\/","url":"https:\/\/ryfi.online\/wp-content\/uploads\/2021\/03\/2-03.png","contentUrl":"https:\/\/ryfi.online\/wp-content\/uploads\/2021\/03\/2-03.png","width":1010,"height":310,"caption":"Ryan Future Investments LLC"},"image":{"@id":"https:\/\/ryfi.online\/ro\/#\/schema\/logo\/image\/"},"sameAs":["https:\/\/www.facebook.com\/ryfi.online\/"]}]},"product_brand":"Sac","product_price_amount":"15.57","product_price_currency":"USD","og_availability":"instock","product_availability":"instock","product_condition":"new"},"jetpack-related-posts":[{"id":5277,"url":"https:\/\/ryfi.online\/de\/produkt\/bag-messenger-paw-patrol-28207\/","url_meta":{"origin":11916,"position":0},"title":"Paw Patrol Umh\u00e4ngetasche 28*20*7","date":"iunie 16, 2021","format":false,"excerpt":"Kostenloser Versand 1-3 Werktage Kostenlose R\u00fccksendung","rel":"","context":"Articol similar","img":{"alt_text":"Paw Patrol Umh\u00e4ngetasche","src":"https:\/\/i0.wp.com\/ryfi.online\/wp-content\/uploads\/2021\/06\/PH4912_BL.jpg?resize=350%2C200&ssl=1","width":350,"height":200},"classes":[]},{"id":11917,"url":"https:\/\/ryfi.online\/ro\/produs\/nickelodeon-patrula-labe-model-sapca-de-baseball-pentru-fete\/","url_meta":{"origin":11916,"position":1},"title":"\u015eapc\u0103 de baseball Nickelodeon Paw Patrol pentru fete UE4205","date":"iunie 16, 2021","format":false,"excerpt":"Livrare gratuit\u0103 1-3 zile lucr\u0103toare Retur gratuit","rel":"","context":"Articol similar","img":{"alt_text":"\u015eapc\u0103 Paw Patrol","src":"https:\/\/i0.wp.com\/ryfi.online\/wp-content\/uploads\/2021\/06\/ue4205_pi.jpg?resize=350%2C200&ssl=1","width":350,"height":200},"classes":[]},{"id":11920,"url":"https:\/\/ryfi.online\/ro\/produs\/baieti-nickelodeon-patrula-laba-design-baie-boxer\/","url_meta":{"origin":11916,"position":2},"title":"Boxer de \u00eenot Nickelodeon Paw Patrol pentru b\u0103iat","date":"iunie 16, 2021","format":false,"excerpt":"Livrare gratuit\u0103 1-3 zile lucr\u0103toare Retur gratuit","rel":"","context":"Articol similar","img":{"alt_text":"Costum de baie Paw Patrol","src":"https:\/\/i0.wp.com\/ryfi.online\/wp-content\/uploads\/2021\/06\/ue0102_lna.jpg?resize=350%2C200&ssl=1","width":350,"height":200},"classes":[]},{"id":10263,"url":"https:\/\/ryfi.online\/ro\/produs\/copii-patrula-pijamale-ev2098\/","url_meta":{"origin":11916,"position":3},"title":"Pijamale Paw Patrol pentru baieti EV2098","date":"aprilie 30, 2022","format":false,"excerpt":"Livrare rapid\u0103 \u0219i sigur\u0103 \u00een 1-3 zile lucr\u0103toare","rel":"","context":"Articol similar","img":{"alt_text":"pijamale patrula labe","src":"https:\/\/i0.wp.com\/ryfi.online\/wp-content\/uploads\/2022\/04\/ev2098.i00.b.jpg?resize=350%2C200&ssl=1","width":350,"height":200},"classes":[]},{"id":2059,"url":"https:\/\/ryfi.online\/product\/bag-messenger-paw-patrol-28207\/","url_meta":{"origin":11916,"position":4},"title":"Paw Patrol Messenger Bag 28*20*7","date":"iunie 16, 2021","format":false,"excerpt":"Free Shipping 1-3 business days Free Return","rel":"","context":"Articol similar","img":{"alt_text":"Paw Patrol Messenger Bag","src":"https:\/\/i0.wp.com\/ryfi.online\/wp-content\/uploads\/2021\/06\/PH4912_BL.jpg?resize=350%2C200&ssl=1","width":350,"height":200},"classes":[]},{"id":5278,"url":"https:\/\/ryfi.online\/it\/prodotto\/borsa-messaggero-paw-patrol-28207\/","url_meta":{"origin":11916,"position":5},"title":"Borsa a tracolla Paw Patrol 28*20*7","date":"iunie 16, 2021","format":false,"excerpt":"Spedizione gratuita 1-3 giorni lavorativi Reso gratuito","rel":"","context":"Articol similar","img":{"alt_text":"Borsa a tracolla di Paw Patrol","src":"https:\/\/i0.wp.com\/ryfi.online\/wp-content\/uploads\/2021\/06\/PH4912_BL.jpg?resize=350%2C200&ssl=1","width":350,"height":200},"classes":[]}],"_links":{"self":[{"href":"https:\/\/ryfi.online\/ro\/wp-json\/wp\/v2\/product\/11916","targetHints":{"allow":["GET"]}}],"collection":[{"href":"https:\/\/ryfi.online\/ro\/wp-json\/wp\/v2\/product"}],"about":[{"href":"https:\/\/ryfi.online\/ro\/wp-json\/wp\/v2\/types\/product"}],"replies":[{"embeddable":true,"href":"https:\/\/ryfi.online\/ro\/wp-json\/wp\/v2\/comments?post=11916"}],"wp:featuredmedia":[{"embeddable":true,"href":"https:\/\/ryfi.online\/ro\/wp-json\/wp\/v2\/media\/10941"}],"wp:attachment":[{"href":"https:\/\/ryfi.online\/ro\/wp-json\/wp\/v2\/media?parent=11916"}],"wp:term":[{"taxonomy":"product_brand","embeddable":true,"href":"https:\/\/ryfi.online\/ro\/wp-json\/wp\/v2\/product_brand?post=11916"},{"taxonomy":"product_cat","embeddable":true,"href":"https:\/\/ryfi.online\/ro\/wp-json\/wp\/v2\/product_cat?post=11916"},{"taxonomy":"product_tag","embeddable":true,"href":"https:\/\/ryfi.online\/ro\/wp-json\/wp\/v2\/product_tag?post=11916"}],"curies":[{"name":"wp","href":"https:\/\/api.w.org\/{rel}","templated":true}]}}