{"id":11910,"date":"2021-07-02T14:02:55","date_gmt":"2022-05-17T13:34:15","guid":{"rendered":"https:\/\/ryfi.online\/product\/3-slip-din-bumbac-100-pentru-baieti-marvel-spiderman-6-8-ani\/"},"modified":"2024-10-24T13:56:18","modified_gmt":"2024-10-24T13:56:18","slug":"3-chiloti-100-bumbac-pentru-copii-marvel-spiderman-6-8-ani","status":"publish","type":"product","link":"https:\/\/ryfi.online\/ro\/produs\/3-chiloti-100-bumbac-pentru-copii-marvel-spiderman-6-8-ani\/","title":{"rendered":"3 slip din bumbac 100% pentru b\u0103ie\u021bi Marvel Spiderman 6\u20138 ani"},"content":{"rendered":"<p><span class=\"a-list-item\">\u2705 Set trei slip pentru baieti<\/span><\/p>\n<p><span class=\"a-list-item\">\u2705 Set trei chilo\u021bi pentru copii marimea 6\/8 ani<\/span><\/p>\n<p><span class=\"a-list-item\">\u2705 \u00cenchidere: cu \u0219nur<\/span><\/p>\n<p><span class=\"a-list-item\">\u2705 Se spala la masina<\/span><\/p>\n<p><span class=\"a-list-item\">\u2705 Chilo\u021bi<\/span><\/p>\n<p><span class=\"a-list-item\">\u2705 Bumbac original Marvel.<\/span><\/p>\n<p><span class=\"a-list-item\">\u2705 Se poate spala la masina<\/span><\/p>\n<p><span class=\"a-list-item\">\u2705 Cadoul perfect pentru ziua de na\u0219tere a copiilor sau Cr\u0103ciun.<\/span><\/p>\n","protected":false},"excerpt":{"rendered":"<p>Livrare gratuit\u0103 1-3 zile lucr\u0103toare<\/p>\n<p>Retur gratuit<\/p>\n","protected":false},"featured_media":10954,"comment_status":"open","ping_status":"closed","template":"","meta":[],"product_brand":[],"product_cat":[325],"product_tag":[],"class_list":{"0":"post-11910","1":"product","2":"type-product","3":"status-publish","4":"has-post-thumbnail","6":"product_cat-pantaloni","8":"first","9":"instock","10":"featured","11":"taxable","12":"shipping-taxable","13":"purchasable","14":"product-type-simple"},"yoast_head":"<!-- This site is optimized with the Yoast SEO Premium plugin v17.1.2 (Yoast SEO v27.4) - https:\/\/yoast.com\/product\/yoast-seo-premium-wordpress\/ -->\n<title>3 slip din bumbac 100% pentru b\u0103ie\u021bi Marvel Spiderman 6\u20138 ani - Ryfi Online Store<\/title>\n<meta name=\"description\" content=\"Magazinul Ryfi Online este unul dintre cele mai bune magazine online din Spania care ofera cei 3 boxer 100% bumbac Marvel Spiderman Boys 6-8 ani. vizita acum.\" \/>\n<meta name=\"robots\" content=\"index, follow, max-snippet:-1, max-image-preview:large, max-video-preview:-1\" \/>\n<link rel=\"canonical\" href=\"https:\/\/ryfi.online\/ro\/produs\/3-chiloti-100-bumbac-pentru-copii-marvel-spiderman-6-8-ani\/\" \/>\n<meta property=\"og:locale\" content=\"ro_RO\" \/>\n<meta property=\"og:type\" content=\"article\" \/>\n<meta property=\"og:title\" content=\"3 slip din bumbac 100% pentru b\u0103ie\u021bi Marvel Spiderman 6\u20138 ani\" \/>\n<meta property=\"og:description\" content=\"Magazinul Ryfi Online este unul dintre cele mai bune magazine online din Spania care ofera cei 3 boxer 100% bumbac Marvel Spiderman Boys 6-8 ani. vizita acum.\" \/>\n<meta property=\"og:url\" content=\"https:\/\/ryfi.online\/ro\/produs\/3-chiloti-100-bumbac-pentru-copii-marvel-spiderman-6-8-ani\/\" \/>\n<meta property=\"og:site_name\" content=\"Ryfi Online Store\" \/>\n<meta property=\"article:publisher\" content=\"https:\/\/www.facebook.com\/ryfi.online\/\" \/>\n<meta property=\"article:modified_time\" content=\"2024-10-24T13:56:18+00:00\" \/>\n<meta property=\"og:image\" content=\"https:\/\/ryfi.online\/wp-content\/uploads\/2021\/07\/img_141921_063855668ffb7096235876846a9fbb9f_20.jpg\" \/>\n\t<meta property=\"og:image:width\" content=\"500\" \/>\n\t<meta property=\"og:image:height\" content=\"353\" \/>\n\t<meta property=\"og:image:type\" content=\"image\/jpeg\" \/>\n<meta name=\"twitter:card\" content=\"summary_large_image\" \/>\n<meta name=\"twitter:label1\" content=\"Pre\u021b\" \/>\n\t<meta name=\"twitter:data1\" content=\"&#036;17.95\" \/>\n\t<meta name=\"twitter:label2\" content=\"Availability\" \/>\n\t<meta name=\"twitter:data2\" content=\"In stock\" \/>\n<meta property=\"product:brand\" content=\"pantaloni\" \/>\n<meta property=\"product:price:amount\" content=\"17.95\" \/>\n<meta property=\"product:price:currency\" content=\"USD\" \/>\n<meta property=\"og:availability\" content=\"instock\" \/>\n<meta property=\"product:availability\" content=\"instock\" \/>\n<meta property=\"product:condition\" content=\"new\" \/>\n<!-- \/ Yoast SEO Premium plugin. -->","yoast_head_json":{"title":"3 slip din bumbac 100% pentru b\u0103ie\u021bi Marvel Spiderman 6\u20138 ani - Ryfi Online Store","description":"Magazinul Ryfi Online este unul dintre cele mai bune magazine online din Spania care ofera cei 3 boxer 100% bumbac Marvel Spiderman Boys 6-8 ani. vizita acum.","robots":{"index":"index","follow":"follow","max-snippet":"max-snippet:-1","max-image-preview":"max-image-preview:large","max-video-preview":"max-video-preview:-1"},"canonical":"https:\/\/ryfi.online\/ro\/produs\/3-chiloti-100-bumbac-pentru-copii-marvel-spiderman-6-8-ani\/","og_locale":"ro_RO","og_type":"article","og_title":"3 slip din bumbac 100% pentru b\u0103ie\u021bi Marvel Spiderman 6\u20138 ani","og_description":"Magazinul Ryfi Online este unul dintre cele mai bune magazine online din Spania care ofera cei 3 boxer 100% bumbac Marvel Spiderman Boys 6-8 ani. vizita acum.","og_url":"https:\/\/ryfi.online\/ro\/produs\/3-chiloti-100-bumbac-pentru-copii-marvel-spiderman-6-8-ani\/","og_site_name":"Ryfi Online Store","article_publisher":"https:\/\/www.facebook.com\/ryfi.online\/","article_modified_time":"2024-10-24T13:56:18+00:00","og_image":[{"width":500,"height":353,"url":"https:\/\/ryfi.online\/wp-content\/uploads\/2021\/07\/img_141921_063855668ffb7096235876846a9fbb9f_20.jpg","type":"image\/jpeg"}],"twitter_card":"summary_large_image","twitter_misc":{"Pre\u021b":"&#36;17.95","Availability":"In stock"},"schema":{"@context":"https:\/\/schema.org","@graph":[{"@type":"WebPage","@id":"https:\/\/ryfi.online\/ro\/produs\/3-chiloti-100-bumbac-pentru-copii-marvel-spiderman-6-8-ani\/","url":"https:\/\/ryfi.online\/ro\/produs\/3-chiloti-100-bumbac-pentru-copii-marvel-spiderman-6-8-ani\/","name":"3 slip din bumbac 100% pentru b\u0103ie\u021bi Marvel Spiderman 6\u20138 ani - Ryfi Online Store","isPartOf":{"@id":"https:\/\/ryfi.online\/ro\/#website"},"primaryImageOfPage":{"@id":"https:\/\/ryfi.online\/ro\/produs\/3-chiloti-100-bumbac-pentru-copii-marvel-spiderman-6-8-ani\/#primaryimage"},"image":{"@id":"https:\/\/ryfi.online\/ro\/produs\/3-chiloti-100-bumbac-pentru-copii-marvel-spiderman-6-8-ani\/#primaryimage"},"thumbnailUrl":"https:\/\/ryfi.online\/wp-content\/uploads\/2021\/07\/img_141921_063855668ffb7096235876846a9fbb9f_20.jpg","datePublished":"2022-05-17T13:34:15+00:00","dateModified":"2024-10-24T13:56:18+00:00","description":"Magazinul Ryfi Online este unul dintre cele mai bune magazine online din Spania care ofera cei 3 boxer 100% bumbac Marvel Spiderman Boys 6-8 ani. vizita acum.","breadcrumb":{"@id":"https:\/\/ryfi.online\/ro\/produs\/3-chiloti-100-bumbac-pentru-copii-marvel-spiderman-6-8-ani\/#breadcrumb"},"inLanguage":"ro-RO","potentialAction":[{"@type":"ReadAction","target":["https:\/\/ryfi.online\/ro\/produs\/3-chiloti-100-bumbac-pentru-copii-marvel-spiderman-6-8-ani\/"]}]},{"@type":"ImageObject","inLanguage":"ro-RO","@id":"https:\/\/ryfi.online\/ro\/produs\/3-chiloti-100-bumbac-pentru-copii-marvel-spiderman-6-8-ani\/#primaryimage","url":"https:\/\/ryfi.online\/wp-content\/uploads\/2021\/07\/img_141921_063855668ffb7096235876846a9fbb9f_20.jpg","contentUrl":"https:\/\/ryfi.online\/wp-content\/uploads\/2021\/07\/img_141921_063855668ffb7096235876846a9fbb9f_20.jpg","width":500,"height":353},{"@type":"BreadcrumbList","@id":"https:\/\/ryfi.online\/ro\/produs\/3-chiloti-100-bumbac-pentru-copii-marvel-spiderman-6-8-ani\/#breadcrumb","itemListElement":[{"@type":"ListItem","position":1,"name":"Home","item":"https:\/\/ryfi.online\/ro\/"},{"@type":"ListItem","position":2,"name":"Free and Fast Shipping whitin 1-3 Days!!!","item":"https:\/\/ryfi.online\/shop\/"},{"@type":"ListItem","position":3,"name":"3 slip din bumbac 100% pentru b\u0103ie\u021bi Marvel Spiderman 6\u20138 ani"}]},{"@type":"WebSite","@id":"https:\/\/ryfi.online\/ro\/#website","url":"https:\/\/ryfi.online\/ro\/","name":"Ryfi Online Store","description":"Online Store","publisher":{"@id":"https:\/\/ryfi.online\/ro\/#organization"},"potentialAction":[{"@type":"SearchAction","target":{"@type":"EntryPoint","urlTemplate":"https:\/\/ryfi.online\/ro\/?s={search_term_string}"},"query-input":{"@type":"PropertyValueSpecification","valueRequired":true,"valueName":"search_term_string"}}],"inLanguage":"ro-RO"},{"@type":"Organization","@id":"https:\/\/ryfi.online\/ro\/#organization","name":"Ryan Future Investments LLC","url":"https:\/\/ryfi.online\/ro\/","logo":{"@type":"ImageObject","inLanguage":"ro-RO","@id":"https:\/\/ryfi.online\/ro\/#\/schema\/logo\/image\/","url":"https:\/\/ryfi.online\/wp-content\/uploads\/2021\/03\/2-03.png","contentUrl":"https:\/\/ryfi.online\/wp-content\/uploads\/2021\/03\/2-03.png","width":1010,"height":310,"caption":"Ryan Future Investments LLC"},"image":{"@id":"https:\/\/ryfi.online\/ro\/#\/schema\/logo\/image\/"},"sameAs":["https:\/\/www.facebook.com\/ryfi.online\/"]}]},"product_brand":"pantaloni","product_price_amount":"17.95","product_price_currency":"USD","og_availability":"instock","product_availability":"instock","product_condition":"new"},"jetpack-related-posts":[{"id":11905,"url":"https:\/\/ryfi.online\/ro\/produs\/set-3-marvel-spiderman-100-slip-bumbac-pentru-baieti-6-8-ani\/","url_meta":{"origin":11910,"position":0},"title":"Set 3 slip Marvel Spiderman 100% bumbac pentru baieti 6\u20138 ani UE3009","date":"iulie 5, 2021","format":false,"excerpt":"Livrare gratuit\u0103 1-3 zile Retur gratuit","rel":"","context":"Articol similar","img":{"alt_text":"Set 3 calzoncillos Spiderman -2","src":"https:\/\/i0.wp.com\/ryfi.online\/wp-content\/uploads\/2021\/07\/ue3009.68y.e00-scaled.jpg?resize=350%2C200&ssl=1","width":350,"height":200},"classes":[]},{"id":11904,"url":"https:\/\/ryfi.online\/ro\/produs\/set-3-marvel-avengers-slip-100-bumbac-pentru-baieti-4-5-ani\/","url_meta":{"origin":11910,"position":1},"title":"Set 3 slipuri Marvel Avengers 100% bumbac pentru baieti 4\u20135 ani UE3028","date":"iulie 5, 2021","format":false,"excerpt":"Livrare gratuit\u0103 1-3 zile Retur gratuit","rel":"","context":"Articol similar","img":{"alt_text":"","src":"https:\/\/i0.wp.com\/ryfi.online\/wp-content\/uploads\/2021\/07\/ue3028.45y.e00-scaled.jpg?resize=350%2C200&ssl=1","width":350,"height":200},"classes":[]},{"id":11907,"url":"https:\/\/ryfi.online\/ro\/produs\/set-3-disney-mickey-slip-100-bumbac-pentru-baieti-6-8-ani\/","url_meta":{"origin":11910,"position":2},"title":"Set 3 slip Disney Mickey 100% bumbac pentru baieti 6\u20138 ani UE3091","date":"iulie 5, 2021","format":false,"excerpt":"Livrare gratuit\u0103 1-3 zile Retur gratuit","rel":"","context":"Articol similar","img":{"alt_text":"Set 3 calzoncillos Mickey - 1","src":"https:\/\/i0.wp.com\/ryfi.online\/wp-content\/uploads\/2021\/07\/er3091.68y.e00.jpg?resize=350%2C200&ssl=1","width":350,"height":200},"classes":[]},{"id":11906,"url":"https:\/\/ryfi.online\/ro\/produs\/set-3-batman-100-slip-de-bumbac-pentru-baieti-4-5-ani\/","url_meta":{"origin":11910,"position":3},"title":"Set 3 slip Batman 100% bumbac pentru baieti 4\u20135 ani UE8088","date":"iulie 5, 2021","format":false,"excerpt":"Livrare gratuit\u0103 1-3 zile Retur gratuit","rel":"","context":"Articol similar","img":{"alt_text":"","src":"https:\/\/i0.wp.com\/ryfi.online\/wp-content\/uploads\/2021\/07\/ue8088.45y.e00-scaled.jpg?resize=350%2C200&ssl=1","width":350,"height":200},"classes":[]},{"id":11891,"url":"https:\/\/ryfi.online\/ro\/produs\/3-100-chiloti-de-bumbac-pentru-fete-printesa-disney-6-8-ani\/","url_meta":{"origin":11910,"position":4},"title":"3 slip pentru fete prin\u021bes\u0103 Disney 100% bumbac 6\u20138 ani TH3040","date":"iulie 17, 2021","format":false,"excerpt":"Livrare rapid\u0103 \u0219i sigur\u0103 \u00een 1-3 zile lucr\u0103toare","rel":"","context":"Articol similar","img":{"alt_text":"","src":"https:\/\/i0.wp.com\/ryfi.online\/wp-content\/uploads\/2021\/07\/et3013.23y_pack.jpg?resize=350%2C200&ssl=1","width":350,"height":200},"classes":[]},{"id":11892,"url":"https:\/\/ryfi.online\/ro\/produs\/3-100-chiloti-de-bumbac-pentru-fete-printesa-disney-4-5-ani\/","url_meta":{"origin":11910,"position":5},"title":"3 slip pentru fete prin\u021bese Disney 100% bumbac 4\u20135 ani TH3040","date":"iulie 17, 2021","format":false,"excerpt":"Livrare rapid\u0103 \u0219i sigur\u0103 \u00een 1-3 zile lucr\u0103toare","rel":"","context":"Articol similar","img":{"alt_text":"","src":"https:\/\/i0.wp.com\/ryfi.online\/wp-content\/uploads\/2021\/07\/et3013.23y_pack.jpg?resize=350%2C200&ssl=1","width":350,"height":200},"classes":[]}],"_links":{"self":[{"href":"https:\/\/ryfi.online\/ro\/wp-json\/wp\/v2\/product\/11910","targetHints":{"allow":["GET"]}}],"collection":[{"href":"https:\/\/ryfi.online\/ro\/wp-json\/wp\/v2\/product"}],"about":[{"href":"https:\/\/ryfi.online\/ro\/wp-json\/wp\/v2\/types\/product"}],"replies":[{"embeddable":true,"href":"https:\/\/ryfi.online\/ro\/wp-json\/wp\/v2\/comments?post=11910"}],"wp:featuredmedia":[{"embeddable":true,"href":"https:\/\/ryfi.online\/ro\/wp-json\/wp\/v2\/media\/10954"}],"wp:attachment":[{"href":"https:\/\/ryfi.online\/ro\/wp-json\/wp\/v2\/media?parent=11910"}],"wp:term":[{"taxonomy":"product_brand","embeddable":true,"href":"https:\/\/ryfi.online\/ro\/wp-json\/wp\/v2\/product_brand?post=11910"},{"taxonomy":"product_cat","embeddable":true,"href":"https:\/\/ryfi.online\/ro\/wp-json\/wp\/v2\/product_cat?post=11910"},{"taxonomy":"product_tag","embeddable":true,"href":"https:\/\/ryfi.online\/ro\/wp-json\/wp\/v2\/product_tag?post=11910"}],"curies":[{"name":"wp","href":"https:\/\/api.w.org\/{rel}","templated":true}]}}