{"id":11892,"date":"2021-07-17T10:30:12","date_gmt":"2022-05-17T13:21:40","guid":{"rendered":"https:\/\/ryfi.online\/product\/3-slip-pentru-fete-printese-disney-100-bumbac-4-5-ani-th3040\/"},"modified":"2022-05-17T13:21:40","modified_gmt":"2022-05-17T13:21:40","slug":"3-100-chiloti-de-bumbac-pentru-fete-printesa-disney-4-5-ani","status":"publish","type":"product","link":"https:\/\/ryfi.online\/ro\/produs\/3-100-chiloti-de-bumbac-pentru-fete-printesa-disney-4-5-ani\/","title":{"rendered":"3 slip pentru fete prin\u021bese Disney 100% bumbac 4\u20135 ani TH3040"},"content":{"rendered":"<p>&nbsp;<\/p>\n<p><span class=\"a-list-item\">\u2705 Set trei chilo\u021bi pentru fete de la Printesele Disney<br \/>\n<\/span><\/p>\n<p><span class=\"a-list-item\">\u2705 Set trei chilo\u021bi pentru feti\u021b\u0103 m\u0103rimea 4\/5 ani<\/span><\/p>\n<p><span class=\"a-list-item\">\u2705 \u00cenchidere: cu \u0219nur<\/span><\/p>\n<p><span class=\"a-list-item\">\u2705 Se spala la masina<\/span><\/p>\n<p><span class=\"a-list-item\">\u2705 Chilo\u021bi<\/span><\/p>\n<p><span class=\"a-list-item\">\u2705 Bumbac Disney original.<\/span><\/p>\n<p><span class=\"a-list-item\">\u2705 Se poate spala la masina<\/span><\/p>\n<p><span class=\"a-list-item\">\u2705 Cadoul perfect pentru ziua de na\u0219tere a copiilor sau Cr\u0103ciun.<\/span><\/p>\n<p>&nbsp;<\/p>\n","protected":false},"excerpt":{"rendered":"<div class=\"woocommerce-product-details__short-description\">Livrare rapid\u0103 \u0219i sigur\u0103 \u00een 1-3 zile lucr\u0103toare<\/div>\n","protected":false},"featured_media":10958,"comment_status":"open","ping_status":"closed","template":"","meta":[],"product_brand":[],"product_cat":[325],"product_tag":[],"class_list":{"0":"post-11892","1":"product","2":"type-product","3":"status-publish","4":"has-post-thumbnail","6":"product_cat-pantaloni","8":"first","9":"instock","10":"featured","11":"taxable","12":"shipping-taxable","13":"purchasable","14":"product-type-simple"},"yoast_head":"<!-- This site is optimized with the Yoast SEO Premium plugin v17.1.2 (Yoast SEO v27.4) - https:\/\/yoast.com\/product\/yoast-seo-premium-wordpress\/ -->\n<title>3 slip pentru fete prin\u021bese Disney 100% bumbac 4\u20135 ani TH3040 - Ryfi Online Store<\/title>\n<meta name=\"description\" content=\"Cump\u0103ra\u021bi 3 slip din bumbac 100% prin\u021bese Disney pentru fete cu v\u00e2rsta cuprins\u0103 \u00eentre 4 \u0219i 5 ani la un pre\u021b foarte accesibil \u00een cel mai bun magazin online din Spania, Ryfi.\" \/>\n<meta name=\"robots\" content=\"index, follow, max-snippet:-1, max-image-preview:large, max-video-preview:-1\" \/>\n<link rel=\"canonical\" href=\"https:\/\/ryfi.online\/ro\/produs\/3-100-chiloti-de-bumbac-pentru-fete-printesa-disney-4-5-ani\/\" \/>\n<meta property=\"og:locale\" content=\"ro_RO\" \/>\n<meta property=\"og:type\" content=\"article\" \/>\n<meta property=\"og:title\" content=\"3 slip pentru fete prin\u021bese Disney 100% bumbac 4\u20135 ani TH3040\" \/>\n<meta property=\"og:description\" content=\"Cump\u0103ra\u021bi 3 slip din bumbac 100% prin\u021bese Disney pentru fete cu v\u00e2rsta cuprins\u0103 \u00eentre 4 \u0219i 5 ani la un pre\u021b foarte accesibil \u00een cel mai bun magazin online din Spania, Ryfi.\" \/>\n<meta property=\"og:url\" content=\"https:\/\/ryfi.online\/ro\/produs\/3-100-chiloti-de-bumbac-pentru-fete-printesa-disney-4-5-ani\/\" \/>\n<meta property=\"og:site_name\" content=\"Ryfi Online Store\" \/>\n<meta property=\"article:publisher\" content=\"https:\/\/www.facebook.com\/ryfi.online\/\" \/>\n<meta property=\"og:image\" content=\"https:\/\/ryfi.online\/wp-content\/uploads\/2021\/07\/et3013.23y_pack.jpg\" \/>\n\t<meta property=\"og:image:width\" content=\"800\" \/>\n\t<meta property=\"og:image:height\" content=\"1200\" \/>\n\t<meta property=\"og:image:type\" content=\"image\/jpeg\" \/>\n<meta name=\"twitter:card\" content=\"summary_large_image\" \/>\n<meta name=\"twitter:label1\" content=\"Pre\u021b\" \/>\n\t<meta name=\"twitter:data1\" content=\"&#036;4.99\" \/>\n\t<meta name=\"twitter:label2\" content=\"Availability\" \/>\n\t<meta name=\"twitter:data2\" content=\"In stock\" \/>\n<meta property=\"product:brand\" content=\"pantaloni\" \/>\n<meta property=\"product:price:amount\" content=\"4.99\" \/>\n<meta property=\"product:price:currency\" content=\"USD\" \/>\n<meta property=\"og:availability\" content=\"instock\" \/>\n<meta property=\"product:availability\" content=\"instock\" \/>\n<meta property=\"product:condition\" content=\"new\" \/>\n<!-- \/ Yoast SEO Premium plugin. -->","yoast_head_json":{"title":"3 slip pentru fete prin\u021bese Disney 100% bumbac 4\u20135 ani TH3040 - Ryfi Online Store","description":"Cump\u0103ra\u021bi 3 slip din bumbac 100% prin\u021bese Disney pentru fete cu v\u00e2rsta cuprins\u0103 \u00eentre 4 \u0219i 5 ani la un pre\u021b foarte accesibil \u00een cel mai bun magazin online din Spania, Ryfi.","robots":{"index":"index","follow":"follow","max-snippet":"max-snippet:-1","max-image-preview":"max-image-preview:large","max-video-preview":"max-video-preview:-1"},"canonical":"https:\/\/ryfi.online\/ro\/produs\/3-100-chiloti-de-bumbac-pentru-fete-printesa-disney-4-5-ani\/","og_locale":"ro_RO","og_type":"article","og_title":"3 slip pentru fete prin\u021bese Disney 100% bumbac 4\u20135 ani TH3040","og_description":"Cump\u0103ra\u021bi 3 slip din bumbac 100% prin\u021bese Disney pentru fete cu v\u00e2rsta cuprins\u0103 \u00eentre 4 \u0219i 5 ani la un pre\u021b foarte accesibil \u00een cel mai bun magazin online din Spania, Ryfi.","og_url":"https:\/\/ryfi.online\/ro\/produs\/3-100-chiloti-de-bumbac-pentru-fete-printesa-disney-4-5-ani\/","og_site_name":"Ryfi Online Store","article_publisher":"https:\/\/www.facebook.com\/ryfi.online\/","og_image":[{"width":800,"height":1200,"url":"https:\/\/ryfi.online\/wp-content\/uploads\/2021\/07\/et3013.23y_pack.jpg","type":"image\/jpeg"}],"twitter_card":"summary_large_image","twitter_misc":{"Pre\u021b":"&#36;4.99","Availability":"In stock"},"schema":{"@context":"https:\/\/schema.org","@graph":[{"@type":"WebPage","@id":"https:\/\/ryfi.online\/ro\/produs\/3-100-chiloti-de-bumbac-pentru-fete-printesa-disney-4-5-ani\/","url":"https:\/\/ryfi.online\/ro\/produs\/3-100-chiloti-de-bumbac-pentru-fete-printesa-disney-4-5-ani\/","name":"3 slip pentru fete prin\u021bese Disney 100% bumbac 4\u20135 ani TH3040 - Ryfi Online Store","isPartOf":{"@id":"https:\/\/ryfi.online\/ro\/#website"},"primaryImageOfPage":{"@id":"https:\/\/ryfi.online\/ro\/produs\/3-100-chiloti-de-bumbac-pentru-fete-printesa-disney-4-5-ani\/#primaryimage"},"image":{"@id":"https:\/\/ryfi.online\/ro\/produs\/3-100-chiloti-de-bumbac-pentru-fete-printesa-disney-4-5-ani\/#primaryimage"},"thumbnailUrl":"https:\/\/ryfi.online\/wp-content\/uploads\/2021\/07\/et3013.23y_pack.jpg","datePublished":"2022-05-17T13:21:40+00:00","description":"Cump\u0103ra\u021bi 3 slip din bumbac 100% prin\u021bese Disney pentru fete cu v\u00e2rsta cuprins\u0103 \u00eentre 4 \u0219i 5 ani la un pre\u021b foarte accesibil \u00een cel mai bun magazin online din Spania, Ryfi.","breadcrumb":{"@id":"https:\/\/ryfi.online\/ro\/produs\/3-100-chiloti-de-bumbac-pentru-fete-printesa-disney-4-5-ani\/#breadcrumb"},"inLanguage":"ro-RO","potentialAction":[{"@type":"ReadAction","target":["https:\/\/ryfi.online\/ro\/produs\/3-100-chiloti-de-bumbac-pentru-fete-printesa-disney-4-5-ani\/"]}]},{"@type":"ImageObject","inLanguage":"ro-RO","@id":"https:\/\/ryfi.online\/ro\/produs\/3-100-chiloti-de-bumbac-pentru-fete-printesa-disney-4-5-ani\/#primaryimage","url":"https:\/\/ryfi.online\/wp-content\/uploads\/2021\/07\/et3013.23y_pack.jpg","contentUrl":"https:\/\/ryfi.online\/wp-content\/uploads\/2021\/07\/et3013.23y_pack.jpg","width":800,"height":1200},{"@type":"BreadcrumbList","@id":"https:\/\/ryfi.online\/ro\/produs\/3-100-chiloti-de-bumbac-pentru-fete-printesa-disney-4-5-ani\/#breadcrumb","itemListElement":[{"@type":"ListItem","position":1,"name":"Home","item":"https:\/\/ryfi.online\/ro\/"},{"@type":"ListItem","position":2,"name":"Free and Fast Shipping whitin 1-3 Days!!!","item":"https:\/\/ryfi.online\/shop\/"},{"@type":"ListItem","position":3,"name":"3 slip pentru fete prin\u021bese Disney 100% bumbac 4\u20135 ani TH3040"}]},{"@type":"WebSite","@id":"https:\/\/ryfi.online\/ro\/#website","url":"https:\/\/ryfi.online\/ro\/","name":"Ryfi Online Store","description":"Online Store","publisher":{"@id":"https:\/\/ryfi.online\/ro\/#organization"},"potentialAction":[{"@type":"SearchAction","target":{"@type":"EntryPoint","urlTemplate":"https:\/\/ryfi.online\/ro\/?s={search_term_string}"},"query-input":{"@type":"PropertyValueSpecification","valueRequired":true,"valueName":"search_term_string"}}],"inLanguage":"ro-RO"},{"@type":"Organization","@id":"https:\/\/ryfi.online\/ro\/#organization","name":"Ryan Future Investments LLC","url":"https:\/\/ryfi.online\/ro\/","logo":{"@type":"ImageObject","inLanguage":"ro-RO","@id":"https:\/\/ryfi.online\/ro\/#\/schema\/logo\/image\/","url":"https:\/\/ryfi.online\/wp-content\/uploads\/2021\/03\/2-03.png","contentUrl":"https:\/\/ryfi.online\/wp-content\/uploads\/2021\/03\/2-03.png","width":1010,"height":310,"caption":"Ryan Future Investments LLC"},"image":{"@id":"https:\/\/ryfi.online\/ro\/#\/schema\/logo\/image\/"},"sameAs":["https:\/\/www.facebook.com\/ryfi.online\/"]}]},"product_brand":"pantaloni","product_price_amount":"4.99","product_price_currency":"USD","og_availability":"instock","product_availability":"instock","product_condition":"new"},"jetpack-related-posts":[{"id":5126,"url":"https:\/\/ryfi.online\/de\/produkt\/set-3-disney-mickey-100-cotton-slips-fur-jungen-6-8-jahre\/","url_meta":{"origin":11892,"position":0},"title":"Set 3 Disney Mickey Slips aus 100 % Baumwolle f\u00fcr Jungen 6\u20138 Jahre UE3091","date":"iulie 5, 2021","format":false,"excerpt":"Kostenloser Versand 1-3 Tage Kostenlose R\u00fcckgabe","rel":"","context":"Articol similar","img":{"alt_text":"Set 3 Calzoncillos Mickey - 1","src":"https:\/\/i0.wp.com\/ryfi.online\/wp-content\/uploads\/2021\/07\/er3091.68y.e00.jpg?resize=350%2C200&ssl=1","width":350,"height":200},"classes":[]},{"id":5202,"url":"https:\/\/ryfi.online\/de\/produkt\/3-disney-minnie-girls-100-cotton-slips-2-3-jahre\/","url_meta":{"origin":11892,"position":1},"title":"Set 3 Disney Minnie M\u00e4dchen Slips aus 100 % Baumwolle 2\u20133 Jahre UE3000","date":"iulie 5, 2021","format":false,"excerpt":"Kostenloser Versand 1-3 Tage Kostenlose R\u00fcckgabe","rel":"","context":"Articol similar","img":{"alt_text":"Stellen Sie 3 Calzoncillos Minnie -1 ein","src":"https:\/\/i0.wp.com\/ryfi.online\/wp-content\/uploads\/2021\/07\/ue3000.23y.e00-scaled.jpg?resize=350%2C200&ssl=1","width":350,"height":200},"classes":[]},{"id":5233,"url":"https:\/\/ryfi.online\/de\/produkt\/3-100-baumwoll-hoschen-fur-madchen-disney-prinzessin-2-3-jahre\/","url_meta":{"origin":11892,"position":2},"title":"3 Disney Princess Slips aus 100 % Baumwolle f\u00fcr M\u00e4dchen, 2\u20133 Jahre, TH3040","date":"iulie 2, 2021","format":false,"excerpt":"Schneller und sicherer Versand in 1-3 Werktagen","rel":"","context":"Articol similar","img":{"alt_text":"","src":"https:\/\/i0.wp.com\/ryfi.online\/wp-content\/uploads\/2021\/07\/et3013.23y_pack.jpg?resize=350%2C200&ssl=1","width":350,"height":200},"classes":[]},{"id":5013,"url":"https:\/\/ryfi.online\/de\/produkt\/3-100-baumwoll-hoschen-fur-madchen-disney-prinzessinnen-6-8-jahre\/","url_meta":{"origin":11892,"position":3},"title":"3 Disney-Prinzessinnen-Slips aus 100 % Baumwolle f\u00fcr M\u00e4dchen 6\u20138 Jahre TH3040","date":"iulie 17, 2021","format":false,"excerpt":"Schneller und sicherer Versand in 1-3 Werktagen","rel":"","context":"Articol similar","img":{"alt_text":"","src":"https:\/\/i0.wp.com\/ryfi.online\/wp-content\/uploads\/2021\/07\/et3013.23y_pack.jpg?resize=350%2C200&ssl=1","width":350,"height":200},"classes":[]},{"id":9791,"url":"https:\/\/ryfi.online\/de\/produkt\/gorra-de-beisbol-con-diseno-de-princesas-de-disney-para-ninas\/","url_meta":{"origin":11892,"position":4},"title":"Gorra de b\u00e9isbol con dise\u00f1o de Princesas de Disney para ni\u00f1as ET4145","date":"iunie 9, 2021","format":false,"excerpt":"Kostenloser Versand 1-3 Werktage Kostenlose R\u00fccksendung","rel":"","context":"Articol similar","img":{"alt_text":"Gorra Princesas Disney","src":"https:\/\/i0.wp.com\/ryfi.online\/wp-content\/uploads\/2021\/06\/et4145_wh.jpg?resize=350%2C200&ssl=1","width":350,"height":200},"classes":[]},{"id":9324,"url":"https:\/\/ryfi.online\/de\/produkt\/disney-prinzessin-t-shirt-se1126\/","url_meta":{"origin":11892,"position":5},"title":"Disney Princess T-Shirt f\u00fcr M\u00e4dchen SE1126","date":"aprilie 29, 2022","format":false,"excerpt":"Schneller und sicherer Versand in 1-3 Werktagen","rel":"","context":"Articol similar","img":{"alt_text":"Prinzessin-T-Shirt","src":"https:\/\/i0.wp.com\/ryfi.online\/wp-content\/uploads\/2022\/04\/se1126.jpg?resize=350%2C200&ssl=1","width":350,"height":200},"classes":[]}],"_links":{"self":[{"href":"https:\/\/ryfi.online\/ro\/wp-json\/wp\/v2\/product\/11892","targetHints":{"allow":["GET"]}}],"collection":[{"href":"https:\/\/ryfi.online\/ro\/wp-json\/wp\/v2\/product"}],"about":[{"href":"https:\/\/ryfi.online\/ro\/wp-json\/wp\/v2\/types\/product"}],"replies":[{"embeddable":true,"href":"https:\/\/ryfi.online\/ro\/wp-json\/wp\/v2\/comments?post=11892"}],"wp:featuredmedia":[{"embeddable":true,"href":"https:\/\/ryfi.online\/ro\/wp-json\/wp\/v2\/media\/10958"}],"wp:attachment":[{"href":"https:\/\/ryfi.online\/ro\/wp-json\/wp\/v2\/media?parent=11892"}],"wp:term":[{"taxonomy":"product_brand","embeddable":true,"href":"https:\/\/ryfi.online\/ro\/wp-json\/wp\/v2\/product_brand?post=11892"},{"taxonomy":"product_cat","embeddable":true,"href":"https:\/\/ryfi.online\/ro\/wp-json\/wp\/v2\/product_cat?post=11892"},{"taxonomy":"product_tag","embeddable":true,"href":"https:\/\/ryfi.online\/ro\/wp-json\/wp\/v2\/product_tag?post=11892"}],"curies":[{"name":"wp","href":"https:\/\/api.w.org\/{rel}","templated":true}]}}