{"id":11865,"date":"2021-07-26T12:57:24","date_gmt":"2022-05-17T13:14:26","guid":{"rendered":"https:\/\/ryfi.online\/product\/tricou-disney-minnie-cartoon-pentru-fete-et1137\/"},"modified":"2022-05-17T13:14:26","modified_gmt":"2022-05-17T13:14:26","slug":"tricou-desen-animat-de-disney-minnie-pentru-fete","status":"publish","type":"product","link":"https:\/\/ryfi.online\/ro\/produs\/tricou-desen-animat-de-disney-minnie-pentru-fete\/","title":{"rendered":"Tricou Disney Minnie Cartoon pentru Fete ET1137"},"content":{"rendered":"<p><span class=\"a-list-item\">\u2705 Tricou Disney Minnie Fete<\/span><\/p>\n<p><span class=\"a-list-item\">\u2705 Culoare: Ro\u0219u-Alb<\/span><\/p>\n<p><span class=\"a-list-item\">\u2705 100% bumbac, <\/span><\/p>\n<p id=\"title\" class=\"a-size-large a-spacing-none\"><span id=\"productTitle\" class=\"a-size-large product-title-word-break\"><span class=\"a-list-item\">\u2705<\/span> V\u00e2rsta: 3 ani, 4 ani, 6 ani, 8 ani<\/span><\/p>\n","protected":false},"excerpt":{"rendered":"<p>Livrare gratuit\u0103 \u0219i sigur\u0103 \u00een 1-3 zile lucr\u0103toare<\/p>\n","protected":false},"featured_media":10978,"comment_status":"open","ping_status":"closed","template":"","meta":[],"product_brand":[],"product_cat":[305],"product_tag":[],"class_list":{"0":"post-11865","1":"product","2":"type-product","3":"status-publish","4":"has-post-thumbnail","6":"product_cat-tricou-baieti","8":"first","9":"instock","10":"featured","11":"taxable","12":"shipping-taxable","13":"purchasable","14":"product-type-variable"},"yoast_head":"<!-- This site is optimized with the Yoast SEO Premium plugin v17.1.2 (Yoast SEO v27.4) - https:\/\/yoast.com\/product\/yoast-seo-premium-wordpress\/ -->\n<title>Tricou Disney Minnie Cartoon pentru Fete ET1137 - Ryfi Online Store<\/title>\n<meta name=\"description\" content=\"Dac\u0103 e\u0219ti \u00een c\u0103utarea unui tricou feti\u021b\u0103 cu desene animate Disney Minnie pentru copii \u00een Spania, atunci e\u0219ti \u00een locul potrivit, magazinul online Ryfi ofer\u0103 cel mai bun tricou pentru copii.\" \/>\n<meta name=\"robots\" content=\"index, follow, max-snippet:-1, max-image-preview:large, max-video-preview:-1\" \/>\n<link rel=\"canonical\" href=\"https:\/\/ryfi.online\/ro\/produs\/tricou-desen-animat-de-disney-minnie-pentru-fete\/\" \/>\n<meta property=\"og:locale\" content=\"ro_RO\" \/>\n<meta property=\"og:type\" content=\"article\" \/>\n<meta property=\"og:title\" content=\"Tricou Disney Minnie Cartoon pentru Fete ET1137\" \/>\n<meta property=\"og:description\" content=\"Dac\u0103 e\u0219ti \u00een c\u0103utarea unui tricou feti\u021b\u0103 cu desene animate Disney Minnie pentru copii \u00een Spania, atunci e\u0219ti \u00een locul potrivit, magazinul online Ryfi ofer\u0103 cel mai bun tricou pentru copii.\" \/>\n<meta property=\"og:url\" content=\"https:\/\/ryfi.online\/ro\/produs\/tricou-desen-animat-de-disney-minnie-pentru-fete\/\" \/>\n<meta property=\"og:site_name\" content=\"Ryfi Online Store\" \/>\n<meta property=\"article:publisher\" content=\"https:\/\/www.facebook.com\/ryfi.online\/\" \/>\n<meta property=\"og:image\" content=\"https:\/\/ryfi.online\/wp-content\/uploads\/2021\/07\/et1137.jpg\" \/>\n\t<meta property=\"og:image:width\" content=\"800\" \/>\n\t<meta property=\"og:image:height\" content=\"565\" \/>\n\t<meta property=\"og:image:type\" content=\"image\/jpeg\" \/>\n<meta name=\"twitter:card\" content=\"summary_large_image\" \/>\n<meta name=\"twitter:label1\" content=\"Availability\" \/>\n\t<meta name=\"twitter:data1\" content=\"In stock\" \/>\n<meta property=\"product:brand\" content=\"Tricou b\u0103ie\u021bi\" \/>\n<meta property=\"og:availability\" content=\"instock\" \/>\n<meta property=\"product:availability\" content=\"instock\" \/>\n<meta property=\"product:condition\" content=\"new\" \/>\n<!-- \/ Yoast SEO Premium plugin. -->","yoast_head_json":{"title":"Tricou Disney Minnie Cartoon pentru Fete ET1137 - Ryfi Online Store","description":"Dac\u0103 e\u0219ti \u00een c\u0103utarea unui tricou feti\u021b\u0103 cu desene animate Disney Minnie pentru copii \u00een Spania, atunci e\u0219ti \u00een locul potrivit, magazinul online Ryfi ofer\u0103 cel mai bun tricou pentru copii.","robots":{"index":"index","follow":"follow","max-snippet":"max-snippet:-1","max-image-preview":"max-image-preview:large","max-video-preview":"max-video-preview:-1"},"canonical":"https:\/\/ryfi.online\/ro\/produs\/tricou-desen-animat-de-disney-minnie-pentru-fete\/","og_locale":"ro_RO","og_type":"article","og_title":"Tricou Disney Minnie Cartoon pentru Fete ET1137","og_description":"Dac\u0103 e\u0219ti \u00een c\u0103utarea unui tricou feti\u021b\u0103 cu desene animate Disney Minnie pentru copii \u00een Spania, atunci e\u0219ti \u00een locul potrivit, magazinul online Ryfi ofer\u0103 cel mai bun tricou pentru copii.","og_url":"https:\/\/ryfi.online\/ro\/produs\/tricou-desen-animat-de-disney-minnie-pentru-fete\/","og_site_name":"Ryfi Online Store","article_publisher":"https:\/\/www.facebook.com\/ryfi.online\/","og_image":[{"width":800,"height":565,"url":"https:\/\/ryfi.online\/wp-content\/uploads\/2021\/07\/et1137.jpg","type":"image\/jpeg"}],"twitter_card":"summary_large_image","twitter_misc":{"Availability":"In stock"},"schema":{"@context":"https:\/\/schema.org","@graph":[{"@type":"WebPage","@id":"https:\/\/ryfi.online\/ro\/produs\/tricou-desen-animat-de-disney-minnie-pentru-fete\/","url":"https:\/\/ryfi.online\/ro\/produs\/tricou-desen-animat-de-disney-minnie-pentru-fete\/","name":"Tricou Disney Minnie Cartoon pentru Fete ET1137 - Ryfi Online Store","isPartOf":{"@id":"https:\/\/ryfi.online\/ro\/#website"},"primaryImageOfPage":{"@id":"https:\/\/ryfi.online\/ro\/produs\/tricou-desen-animat-de-disney-minnie-pentru-fete\/#primaryimage"},"image":{"@id":"https:\/\/ryfi.online\/ro\/produs\/tricou-desen-animat-de-disney-minnie-pentru-fete\/#primaryimage"},"thumbnailUrl":"https:\/\/ryfi.online\/wp-content\/uploads\/2021\/07\/et1137.jpg","datePublished":"2022-05-17T13:14:26+00:00","description":"Dac\u0103 e\u0219ti \u00een c\u0103utarea unui tricou feti\u021b\u0103 cu desene animate Disney Minnie pentru copii \u00een Spania, atunci e\u0219ti \u00een locul potrivit, magazinul online Ryfi ofer\u0103 cel mai bun tricou pentru copii.","breadcrumb":{"@id":"https:\/\/ryfi.online\/ro\/produs\/tricou-desen-animat-de-disney-minnie-pentru-fete\/#breadcrumb"},"inLanguage":"ro-RO","potentialAction":[{"@type":"ReadAction","target":["https:\/\/ryfi.online\/ro\/produs\/tricou-desen-animat-de-disney-minnie-pentru-fete\/"]}]},{"@type":"ImageObject","inLanguage":"ro-RO","@id":"https:\/\/ryfi.online\/ro\/produs\/tricou-desen-animat-de-disney-minnie-pentru-fete\/#primaryimage","url":"https:\/\/ryfi.online\/wp-content\/uploads\/2021\/07\/et1137.jpg","contentUrl":"https:\/\/ryfi.online\/wp-content\/uploads\/2021\/07\/et1137.jpg","width":800,"height":565,"caption":"Tricou Minnie"},{"@type":"BreadcrumbList","@id":"https:\/\/ryfi.online\/ro\/produs\/tricou-desen-animat-de-disney-minnie-pentru-fete\/#breadcrumb","itemListElement":[{"@type":"ListItem","position":1,"name":"Home","item":"https:\/\/ryfi.online\/ro\/"},{"@type":"ListItem","position":2,"name":"Free and Fast Shipping whitin 1-3 Days!!!","item":"https:\/\/ryfi.online\/shop\/"},{"@type":"ListItem","position":3,"name":"Tricou Disney Minnie Cartoon pentru Fete ET1137"}]},{"@type":"WebSite","@id":"https:\/\/ryfi.online\/ro\/#website","url":"https:\/\/ryfi.online\/ro\/","name":"Ryfi Online Store","description":"Online Store","publisher":{"@id":"https:\/\/ryfi.online\/ro\/#organization"},"potentialAction":[{"@type":"SearchAction","target":{"@type":"EntryPoint","urlTemplate":"https:\/\/ryfi.online\/ro\/?s={search_term_string}"},"query-input":{"@type":"PropertyValueSpecification","valueRequired":true,"valueName":"search_term_string"}}],"inLanguage":"ro-RO"},{"@type":"Organization","@id":"https:\/\/ryfi.online\/ro\/#organization","name":"Ryan Future Investments LLC","url":"https:\/\/ryfi.online\/ro\/","logo":{"@type":"ImageObject","inLanguage":"ro-RO","@id":"https:\/\/ryfi.online\/ro\/#\/schema\/logo\/image\/","url":"https:\/\/ryfi.online\/wp-content\/uploads\/2021\/03\/2-03.png","contentUrl":"https:\/\/ryfi.online\/wp-content\/uploads\/2021\/03\/2-03.png","width":1010,"height":310,"caption":"Ryan Future Investments LLC"},"image":{"@id":"https:\/\/ryfi.online\/ro\/#\/schema\/logo\/image\/"},"sameAs":["https:\/\/www.facebook.com\/ryfi.online\/"]}]},"product_brand":"Tricou b\u0103ie\u021bi","og_availability":"instock","product_availability":"instock","product_condition":"new"},"jetpack-related-posts":[{"id":11971,"url":"https:\/\/ryfi.online\/ro\/produs\/tricou-cu-disney-minnie-design-pentru-fete\/","url_meta":{"origin":11865,"position":0},"title":"Tricou Disney Minnie Mouse pentru fete ET1119","date":"iunie 9, 2021","format":false,"excerpt":"Livrare gratuit\u0103 1-3 zile lucr\u0103toare Retur gratuit","rel":"","context":"Articol similar","img":{"alt_text":"Tricou Minnie Mouse","src":"https:\/\/i0.wp.com\/ryfi.online\/wp-content\/uploads\/2021\/06\/ET1119_REF1.jpg?resize=350%2C200&ssl=1","width":350,"height":200},"classes":[]},{"id":11947,"url":"https:\/\/ryfi.online\/ro\/produs\/set-2-corp-bebe-fete-minnie-disney\/","url_meta":{"origin":11865,"position":1},"title":"Set 2 Body Bebe-Fete Minnie Disney UE0314","date":"iunie 9, 2021","format":false,"excerpt":"Livrare gratuit\u0103 \u0219i sigur\u0103 \u00een 1-3 zile lucr\u0103toare","rel":"","context":"Articol similar","img":{"alt_text":"Set 2 body pentru bebelusi-fete Minnie Disney","src":"https:\/\/i0.wp.com\/ryfi.online\/wp-content\/uploads\/2021\/06\/UE0314_SET-1.jpg?resize=350%2C200&ssl=1","width":350,"height":200},"classes":[]},{"id":11893,"url":"https:\/\/ryfi.online\/ro\/produs\/tricou-disney-cu-fusta-inghetata-ii-bumbac-pentru-fete\/","url_meta":{"origin":11865,"position":2},"title":"Tricou Disney Frozen II Bumbac cu Fusta pentru Fete ET1238","date":"iulie 12, 2021","format":false,"excerpt":"Livrare gratuit\u0103 1-3 zile lucr\u0103toare Retur gratuit","rel":"","context":"Articol similar","img":{"alt_text":"","src":"https:\/\/i0.wp.com\/ryfi.online\/wp-content\/uploads\/2021\/07\/et1238_wh.jpg?resize=350%2C200&ssl=1","width":350,"height":200},"classes":[]},{"id":10334,"url":"https:\/\/ryfi.online\/ro\/produs\/set-minnie-ev1079\/","url_meta":{"origin":11865,"position":3},"title":"Set Minnie pentru fete EV1079","date":"aprilie 30, 2022","format":false,"excerpt":"Livrare rapid\u0103 \u0219i sigur\u0103 \u00een 1-3 zile lucr\u0103toare","rel":"","context":"Articol similar","img":{"alt_text":"Minnie set","src":"https:\/\/i0.wp.com\/ryfi.online\/wp-content\/uploads\/2022\/04\/ev1079.jpg?resize=350%2C200&ssl=1","width":350,"height":200},"classes":[]},{"id":11953,"url":"https:\/\/ryfi.online\/ro\/produs\/tricou-cu-design-disney-frozen-pentru-fete\/","url_meta":{"origin":11865,"position":4},"title":"Tricou Disney Frozen pentru fete","date":"iunie 9, 2021","format":false,"excerpt":"Livrare gratuit\u0103 1-3 zile lucr\u0103toare Retur gratuit","rel":"","context":"Articol similar","img":{"alt_text":"Tricou Disney Frozen","src":"https:\/\/i0.wp.com\/ryfi.online\/wp-content\/uploads\/2021\/06\/ET1222_WH.jpg?resize=350%2C200&ssl=1","width":350,"height":200},"classes":[]},{"id":11909,"url":"https:\/\/ryfi.online\/ro\/produs\/3-disney-minnie-fete-100-slip-bumbac-2-3-ani\/","url_meta":{"origin":11865,"position":5},"title":"Set 3 slip pentru fete Disney Minnie 100% bumbac 2\u20133 ani UE3000","date":"iulie 5, 2021","format":false,"excerpt":"Livrare gratuit\u0103 1-3 zile Retur gratuit","rel":"","context":"Articol similar","img":{"alt_text":"Set 3 calzoncillos Minnie -1","src":"https:\/\/i0.wp.com\/ryfi.online\/wp-content\/uploads\/2021\/07\/ue3000.23y.e00-scaled.jpg?resize=350%2C200&ssl=1","width":350,"height":200},"classes":[]}],"_links":{"self":[{"href":"https:\/\/ryfi.online\/ro\/wp-json\/wp\/v2\/product\/11865","targetHints":{"allow":["GET"]}}],"collection":[{"href":"https:\/\/ryfi.online\/ro\/wp-json\/wp\/v2\/product"}],"about":[{"href":"https:\/\/ryfi.online\/ro\/wp-json\/wp\/v2\/types\/product"}],"replies":[{"embeddable":true,"href":"https:\/\/ryfi.online\/ro\/wp-json\/wp\/v2\/comments?post=11865"}],"wp:featuredmedia":[{"embeddable":true,"href":"https:\/\/ryfi.online\/ro\/wp-json\/wp\/v2\/media\/10978"}],"wp:attachment":[{"href":"https:\/\/ryfi.online\/ro\/wp-json\/wp\/v2\/media?parent=11865"}],"wp:term":[{"taxonomy":"product_brand","embeddable":true,"href":"https:\/\/ryfi.online\/ro\/wp-json\/wp\/v2\/product_brand?post=11865"},{"taxonomy":"product_cat","embeddable":true,"href":"https:\/\/ryfi.online\/ro\/wp-json\/wp\/v2\/product_cat?post=11865"},{"taxonomy":"product_tag","embeddable":true,"href":"https:\/\/ryfi.online\/ro\/wp-json\/wp\/v2\/product_tag?post=11865"}],"curies":[{"name":"wp","href":"https:\/\/api.w.org\/{rel}","templated":true}]}}