{"id":11840,"date":"2021-09-03T15:01:10","date_gmt":"2022-05-17T11:10:05","guid":{"rendered":"https:\/\/ryfi.online\/product\/sport-easy-bottle-420-ml-avengers-rolling-thunder\/"},"modified":"2025-05-28T06:06:35","modified_gmt":"2025-05-28T06:06:35","slug":"sticla-sport-easy-420-ml-avengers-rolling-thunder","status":"publish","type":"product","link":"https:\/\/ryfi.online\/ro\/produs\/sticla-sport-easy-420-ml-avengers-rolling-thunder\/","title":{"rendered":"SPORT EASY BOTTLE 420 ML AVENGERS ROLLING THUNDER"},"content":{"rendered":"<div><img fetchpriority=\"high\" decoding=\"async\" class=\"alignnone size-medium wp-image-11027\" src=\"https:\/\/ryfi.online\/wp-content\/uploads\/2021\/09\/57731_A-300x300.jpg\" alt=\"BOTELLA SPORT EASY 420 ML AVENGERS ROLLING THUNDER\" width=\"300\" height=\"300\" srcset=\"https:\/\/ryfi.online\/wp-content\/uploads\/2021\/09\/57731_A-300x300.jpg 300w, https:\/\/ryfi.online\/wp-content\/uploads\/2021\/09\/57731_A-1024x1024.jpg 1024w, https:\/\/ryfi.online\/wp-content\/uploads\/2021\/09\/57731_A-150x150.jpg 150w, https:\/\/ryfi.online\/wp-content\/uploads\/2021\/09\/57731_A-768x768.jpg 768w, https:\/\/ryfi.online\/wp-content\/uploads\/2021\/09\/57731_A-1536x1536.jpg 1536w, https:\/\/ryfi.online\/wp-content\/uploads\/2021\/09\/57731_A-60x60.jpg 60w, https:\/\/ryfi.online\/wp-content\/uploads\/2021\/09\/57731_A-100x100.jpg 100w, https:\/\/ryfi.online\/wp-content\/uploads\/2021\/09\/57731_A.jpg 2000w\" sizes=\"(max-width: 300px) 100vw, 300px\" \/> <img decoding=\"async\" class=\"alignnone size-medium wp-image-11028\" src=\"https:\/\/ryfi.online\/wp-content\/uploads\/2021\/09\/57731_B-300x300.jpg\" alt=\"BOTELLA SPORT EASY 420 ML AVENGERS ROLLING THUNDER\" width=\"300\" height=\"300\" srcset=\"https:\/\/ryfi.online\/wp-content\/uploads\/2021\/09\/57731_B-300x300.jpg 300w, https:\/\/ryfi.online\/wp-content\/uploads\/2021\/09\/57731_B-1024x1024.jpg 1024w, https:\/\/ryfi.online\/wp-content\/uploads\/2021\/09\/57731_B-150x150.jpg 150w, https:\/\/ryfi.online\/wp-content\/uploads\/2021\/09\/57731_B-768x768.jpg 768w, https:\/\/ryfi.online\/wp-content\/uploads\/2021\/09\/57731_B-1536x1536.jpg 1536w, https:\/\/ryfi.online\/wp-content\/uploads\/2021\/09\/57731_B-60x60.jpg 60w, https:\/\/ryfi.online\/wp-content\/uploads\/2021\/09\/57731_B-100x100.jpg 100w, https:\/\/ryfi.online\/wp-content\/uploads\/2021\/09\/57731_B.jpg 2000w\" sizes=\"(max-width: 300px) 100vw, 300px\" \/> <img decoding=\"async\" class=\"alignnone size-medium wp-image-11029\" src=\"https:\/\/ryfi.online\/wp-content\/uploads\/2021\/09\/57731_C-300x300.jpg\" alt=\"BOTELLA SPORT EASY 420 ML AVENGERS ROLLING THUNDER\" width=\"300\" height=\"300\" srcset=\"https:\/\/ryfi.online\/wp-content\/uploads\/2021\/09\/57731_C-300x300.jpg 300w, https:\/\/ryfi.online\/wp-content\/uploads\/2021\/09\/57731_C-1024x1024.jpg 1024w, https:\/\/ryfi.online\/wp-content\/uploads\/2021\/09\/57731_C-150x150.jpg 150w, https:\/\/ryfi.online\/wp-content\/uploads\/2021\/09\/57731_C-768x768.jpg 768w, https:\/\/ryfi.online\/wp-content\/uploads\/2021\/09\/57731_C-1536x1536.jpg 1536w, https:\/\/ryfi.online\/wp-content\/uploads\/2021\/09\/57731_C-60x60.jpg 60w, https:\/\/ryfi.online\/wp-content\/uploads\/2021\/09\/57731_C-100x100.jpg 100w, https:\/\/ryfi.online\/wp-content\/uploads\/2021\/09\/57731_C.jpg 2000w\" sizes=\"(max-width: 300px) 100vw, 300px\" \/><\/div>\n<div id=\"short_description_content\" class=\"rte align_justify\">SPORT EASY BOTTLE 420 ML AVENGERS ROLLING THUNDER | Magazin de marc\u0103<\/div>\n<div id=\"description_product\" class=\"rte align_justify\">\n<p>Sticla sport practica cu un design ergonomic, care usureaza utilizarea copiilor. Are capac de siguranta pentru a preveni picurarile si scurgerile accidentale si este disponibil in mai multe modele cu design diferite bazate pe unele dintre cele mai cunoscute personaje din lumea cinematografiei si televiziunii. O sticl\u0103 ideal\u0103, pe care cei mici vor fi bucuro\u0219i s\u0103 o foloseasc\u0103 \u00een orice moment \u0219i cu care se pot hidrata atunci c\u00e2nd au nevoie.<\/p>\n<p><strong>Caracteristic\u0103:<\/strong><\/p>\n<p>&#8211; Capacitate: 420 Ml.<br \/>\n&#8211; Design ergonomic<br \/>\n&#8211; Capac anti-picurare<br \/>\n&#8211; F\u0103r\u0103 BPA<\/p>\n<\/div>\n<div><\/div>\n<div>\n<table class=\"table-data-sheet\" style=\"height: 201px;\" width=\"463\">\n<tbody>\n<tr class=\"odd\">\n<td>Caracter<\/td>\n<td>Razbunatorii<\/td>\n<\/tr>\n<tr class=\"even\">\n<td>Material<\/td>\n<td>Plastic<\/td>\n<\/tr>\n<tr class=\"odd\">\n<td>Abilitatea<\/td>\n<td>420 ml<\/td>\n<\/tr>\n<tr class=\"odd\">\n<td>\u00cenalt<\/td>\n<td>16 cm<\/td>\n<\/tr>\n<tr class=\"odd\">\n<td>Lat<\/td>\n<td>6,8 cm<\/td>\n<\/tr>\n<tr class=\"odd\">\n<td>Partea de jos<\/td>\n<td>6,8 cm<\/td>\n<\/tr>\n<tr class=\"odd\">\n<td>Greutate<\/td>\n<td>33 g<\/td>\n<\/tr>\n<\/tbody>\n<\/table>\n<p>&nbsp;<\/p>\n<\/div>\n","protected":false},"excerpt":{"rendered":"<p>Livrare gratuit\u0103 1-3 zile lucr\u0103toare<\/p>\n<p>Retur gratuit<\/p>\n","protected":false},"featured_media":11027,"comment_status":"open","ping_status":"closed","template":"","meta":[],"product_brand":[],"product_cat":[322,321],"product_tag":[],"class_list":{"0":"post-11840","1":"product","2":"type-product","3":"status-publish","4":"has-post-thumbnail","6":"product_cat-sticla","7":"product_cat-sticle-de-apa-pentru-sport","9":"first","10":"instock","11":"featured","12":"taxable","13":"shipping-taxable","14":"purchasable","15":"product-type-simple"},"yoast_head":"<!-- This site is optimized with the Yoast SEO Premium plugin v17.1.2 (Yoast SEO v27.4) - https:\/\/yoast.com\/product\/yoast-seo-premium-wordpress\/ -->\n<title>Cumpara Online Sticla Sport Rolling Thunder 420 ML - Magazin Online Ryfi<\/title>\n<meta name=\"description\" content=\"Oferim cea mai bun\u0103 selec\u021bie de biberon sport Rolling Thunder pentru copii din Spania la un pre\u021b foarte rezonabil, care se va potrivi bugetului dumneavoastr\u0103. Cump\u0103r\u0103 acum!\" \/>\n<meta name=\"robots\" content=\"index, follow, max-snippet:-1, max-image-preview:large, max-video-preview:-1\" \/>\n<link rel=\"canonical\" href=\"https:\/\/ryfi.online\/ro\/produs\/sticla-sport-easy-420-ml-avengers-rolling-thunder\/\" \/>\n<meta property=\"og:locale\" content=\"ro_RO\" \/>\n<meta property=\"og:type\" content=\"article\" \/>\n<meta property=\"og:title\" content=\"SPORT EASY BOTTLE 420 ML AVENGERS ROLLING THUNDER\" \/>\n<meta property=\"og:description\" content=\"Oferim cea mai bun\u0103 selec\u021bie de biberon sport Rolling Thunder pentru copii din Spania la un pre\u021b foarte rezonabil, care se va potrivi bugetului dumneavoastr\u0103. Cump\u0103r\u0103 acum!\" \/>\n<meta property=\"og:url\" content=\"https:\/\/ryfi.online\/ro\/produs\/sticla-sport-easy-420-ml-avengers-rolling-thunder\/\" \/>\n<meta property=\"og:site_name\" content=\"Ryfi Online Store\" \/>\n<meta property=\"article:publisher\" content=\"https:\/\/www.facebook.com\/ryfi.online\/\" \/>\n<meta property=\"article:modified_time\" content=\"2025-05-28T06:06:35+00:00\" \/>\n<meta property=\"og:image\" content=\"https:\/\/ryfi.online\/wp-content\/uploads\/2021\/09\/57731_A.jpg\" \/>\n\t<meta property=\"og:image:width\" content=\"2000\" \/>\n\t<meta property=\"og:image:height\" content=\"2000\" \/>\n\t<meta property=\"og:image:type\" content=\"image\/jpeg\" \/>\n<meta name=\"twitter:card\" content=\"summary_large_image\" \/>\n<meta name=\"twitter:label1\" content=\"Pre\u021b\" \/>\n\t<meta name=\"twitter:data1\" content=\"&#036;11.98\" \/>\n\t<meta name=\"twitter:label2\" content=\"Availability\" \/>\n\t<meta name=\"twitter:data2\" content=\"In stock\" \/>\n<meta property=\"product:brand\" content=\"sticla\" \/>\n<meta property=\"product:price:amount\" content=\"11.98\" \/>\n<meta property=\"product:price:currency\" content=\"USD\" \/>\n<meta property=\"og:availability\" content=\"instock\" \/>\n<meta property=\"product:availability\" content=\"instock\" \/>\n<meta property=\"product:condition\" content=\"new\" \/>\n<!-- \/ Yoast SEO Premium plugin. -->","yoast_head_json":{"title":"Cumpara Online Sticla Sport Rolling Thunder 420 ML - Magazin Online Ryfi","description":"Oferim cea mai bun\u0103 selec\u021bie de biberon sport Rolling Thunder pentru copii din Spania la un pre\u021b foarte rezonabil, care se va potrivi bugetului dumneavoastr\u0103. Cump\u0103r\u0103 acum!","robots":{"index":"index","follow":"follow","max-snippet":"max-snippet:-1","max-image-preview":"max-image-preview:large","max-video-preview":"max-video-preview:-1"},"canonical":"https:\/\/ryfi.online\/ro\/produs\/sticla-sport-easy-420-ml-avengers-rolling-thunder\/","og_locale":"ro_RO","og_type":"article","og_title":"SPORT EASY BOTTLE 420 ML AVENGERS ROLLING THUNDER","og_description":"Oferim cea mai bun\u0103 selec\u021bie de biberon sport Rolling Thunder pentru copii din Spania la un pre\u021b foarte rezonabil, care se va potrivi bugetului dumneavoastr\u0103. Cump\u0103r\u0103 acum!","og_url":"https:\/\/ryfi.online\/ro\/produs\/sticla-sport-easy-420-ml-avengers-rolling-thunder\/","og_site_name":"Ryfi Online Store","article_publisher":"https:\/\/www.facebook.com\/ryfi.online\/","article_modified_time":"2025-05-28T06:06:35+00:00","og_image":[{"width":2000,"height":2000,"url":"https:\/\/ryfi.online\/wp-content\/uploads\/2021\/09\/57731_A.jpg","type":"image\/jpeg"}],"twitter_card":"summary_large_image","twitter_misc":{"Pre\u021b":"&#36;11.98","Availability":"In stock"},"schema":{"@context":"https:\/\/schema.org","@graph":[{"@type":"WebPage","@id":"https:\/\/ryfi.online\/ro\/produs\/sticla-sport-easy-420-ml-avengers-rolling-thunder\/","url":"https:\/\/ryfi.online\/ro\/produs\/sticla-sport-easy-420-ml-avengers-rolling-thunder\/","name":"Cumpara Online Sticla Sport Rolling Thunder 420 ML - Magazin Online Ryfi","isPartOf":{"@id":"https:\/\/ryfi.online\/ro\/#website"},"primaryImageOfPage":{"@id":"https:\/\/ryfi.online\/ro\/produs\/sticla-sport-easy-420-ml-avengers-rolling-thunder\/#primaryimage"},"image":{"@id":"https:\/\/ryfi.online\/ro\/produs\/sticla-sport-easy-420-ml-avengers-rolling-thunder\/#primaryimage"},"thumbnailUrl":"https:\/\/ryfi.online\/wp-content\/uploads\/2021\/09\/57731_A.jpg","datePublished":"2022-05-17T11:10:05+00:00","dateModified":"2025-05-28T06:06:35+00:00","description":"Oferim cea mai bun\u0103 selec\u021bie de biberon sport Rolling Thunder pentru copii din Spania la un pre\u021b foarte rezonabil, care se va potrivi bugetului dumneavoastr\u0103. Cump\u0103r\u0103 acum!","breadcrumb":{"@id":"https:\/\/ryfi.online\/ro\/produs\/sticla-sport-easy-420-ml-avengers-rolling-thunder\/#breadcrumb"},"inLanguage":"ro-RO","potentialAction":[{"@type":"ReadAction","target":["https:\/\/ryfi.online\/ro\/produs\/sticla-sport-easy-420-ml-avengers-rolling-thunder\/"]}]},{"@type":"ImageObject","inLanguage":"ro-RO","@id":"https:\/\/ryfi.online\/ro\/produs\/sticla-sport-easy-420-ml-avengers-rolling-thunder\/#primaryimage","url":"https:\/\/ryfi.online\/wp-content\/uploads\/2021\/09\/57731_A.jpg","contentUrl":"https:\/\/ryfi.online\/wp-content\/uploads\/2021\/09\/57731_A.jpg","width":2000,"height":2000,"caption":"SPORT EASY BOTTLE 420 ML AVENGERS ROLLING THUNDER"},{"@type":"BreadcrumbList","@id":"https:\/\/ryfi.online\/ro\/produs\/sticla-sport-easy-420-ml-avengers-rolling-thunder\/#breadcrumb","itemListElement":[{"@type":"ListItem","position":1,"name":"Home","item":"https:\/\/ryfi.online\/ro\/"},{"@type":"ListItem","position":2,"name":"Free and Fast Shipping whitin 1-3 Days!!!","item":"https:\/\/ryfi.online\/shop\/"},{"@type":"ListItem","position":3,"name":"SPORT EASY BOTTLE 420 ML AVENGERS ROLLING THUNDER"}]},{"@type":"WebSite","@id":"https:\/\/ryfi.online\/ro\/#website","url":"https:\/\/ryfi.online\/ro\/","name":"Ryfi Online Store","description":"Online Store","publisher":{"@id":"https:\/\/ryfi.online\/ro\/#organization"},"potentialAction":[{"@type":"SearchAction","target":{"@type":"EntryPoint","urlTemplate":"https:\/\/ryfi.online\/ro\/?s={search_term_string}"},"query-input":{"@type":"PropertyValueSpecification","valueRequired":true,"valueName":"search_term_string"}}],"inLanguage":"ro-RO"},{"@type":"Organization","@id":"https:\/\/ryfi.online\/ro\/#organization","name":"Ryan Future Investments LLC","url":"https:\/\/ryfi.online\/ro\/","logo":{"@type":"ImageObject","inLanguage":"ro-RO","@id":"https:\/\/ryfi.online\/ro\/#\/schema\/logo\/image\/","url":"https:\/\/ryfi.online\/wp-content\/uploads\/2021\/03\/2-03.png","contentUrl":"https:\/\/ryfi.online\/wp-content\/uploads\/2021\/03\/2-03.png","width":1010,"height":310,"caption":"Ryan Future Investments LLC"},"image":{"@id":"https:\/\/ryfi.online\/ro\/#\/schema\/logo\/image\/"},"sameAs":["https:\/\/www.facebook.com\/ryfi.online\/"]}]},"product_brand":"sticla","product_price_amount":"11.98","product_price_currency":"USD","og_availability":"instock","product_availability":"instock","product_condition":"new"},"jetpack-related-posts":[{"id":2496,"url":"https:\/\/ryfi.online\/product\/bottle-sport-easy-420-ml-avengers-rolling-thunder\/","url_meta":{"origin":11840,"position":0},"title":"SPORT EASY 420 ML BOTTLE AVENGERS ROLLING THUNDER","date":"septembrie 3, 2021","format":false,"excerpt":"Free Shipping 1-3 business days Free Return","rel":"","context":"Articol similar","img":{"alt_text":"SPORT EASY 420 ML BOTTLE AVENGERS ROLLING THUNDER","src":"https:\/\/i0.wp.com\/ryfi.online\/wp-content\/uploads\/2021\/09\/57731_A.jpg?resize=350%2C200&ssl=1","width":350,"height":200},"classes":[]},{"id":4675,"url":"https:\/\/ryfi.online\/it\/prodotto\/bottle-sport-easy-420-ml-avengers-rolling-thunder\/","url_meta":{"origin":11840,"position":1},"title":"BOTTIGLIA SPORT EASY 420 ML AVENGERS ROLLING THUNDER","date":"septembrie 3, 2021","format":false,"excerpt":"Spedizione gratuita 1-3 giorni lavorativi Reso gratuito","rel":"","context":"Articol similar","img":{"alt_text":"BOTTIGLIA SPORT EASY 420 ML AVENGERS ROLLING THUNDER","src":"https:\/\/i0.wp.com\/ryfi.online\/wp-content\/uploads\/2021\/09\/57731_A.jpg?resize=350%2C200&ssl=1","width":350,"height":200},"classes":[]},{"id":4571,"url":"https:\/\/ryfi.online\/fr\/produit\/bidon-sport-easy-420-ml-avengers-rolling-thunder\/","url_meta":{"origin":11840,"position":2},"title":"BOUTEILLE SPORT EASY 420 ML AVENGERS ROLLING THUNDER","date":"septembrie 3, 2021","format":false,"excerpt":"Livraison gratuite 1-3 jours ouvrables Retour gratuit","rel":"","context":"Articol similar","img":{"alt_text":"BOUTEILLE SPORT EASY 420 ML AVENGERS ROLLING THUNDER","src":"https:\/\/i0.wp.com\/ryfi.online\/wp-content\/uploads\/2021\/09\/57731_A.jpg?resize=350%2C200&ssl=1","width":350,"height":200},"classes":[]},{"id":9692,"url":"https:\/\/ryfi.online\/de\/produkt\/flasche-sport-einfach-420-ml-avengers-rollender-donner\/","url_meta":{"origin":11840,"position":3},"title":"SPORT EASY FLASCHE 420 ML AVENGERS ROLLING THUNDER","date":"septembrie 3, 2021","format":false,"excerpt":"Kostenloser Versand 1-3 Werktage Kostenlose R\u00fccksendung","rel":"","context":"Articol similar","img":{"alt_text":"SPORT EASY FLASCHE 420 ML AVENGERS ROLLING THUNDER","src":"https:\/\/i0.wp.com\/ryfi.online\/wp-content\/uploads\/2021\/09\/57731_A.jpg?resize=350%2C200&ssl=1","width":350,"height":200},"classes":[]},{"id":2454,"url":"https:\/\/ryfi.online\/es\/producto\/botella-sport-easy-420-ml-avengers-rolling-thunder\/","url_meta":{"origin":11840,"position":4},"title":"BOTELLA SPORT EASY 420 ML AVENGERS ROLLING THUNDER","date":"septembrie 3, 2021","format":false,"excerpt":"Envio Gratis 1-3 dias laborales Devolucion Gratuito","rel":"","context":"Articol similar","img":{"alt_text":"BOTELLA SPORT EASY 420 ML AVENGERS ROLLING THUNDER","src":"https:\/\/i0.wp.com\/ryfi.online\/wp-content\/uploads\/2021\/09\/57731_A.jpg?resize=350%2C200&ssl=1","width":350,"height":200},"classes":[]},{"id":10364,"url":"https:\/\/ryfi.online\/ro\/produs\/set-razbunatori-ev1061\/","url_meta":{"origin":11840,"position":5},"title":"Set Avengers pentru copii EV1061","date":"aprilie 30, 2022","format":false,"excerpt":"Livrare rapid\u0103 \u0219i sigur\u0103 \u00een 1-3 zile lucr\u0103toare","rel":"","context":"Articol similar","img":{"alt_text":"","src":"https:\/\/i0.wp.com\/ryfi.online\/wp-content\/uploads\/2022\/04\/ev1061.jpg?resize=350%2C200&ssl=1","width":350,"height":200},"classes":[]}],"_links":{"self":[{"href":"https:\/\/ryfi.online\/ro\/wp-json\/wp\/v2\/product\/11840","targetHints":{"allow":["GET"]}}],"collection":[{"href":"https:\/\/ryfi.online\/ro\/wp-json\/wp\/v2\/product"}],"about":[{"href":"https:\/\/ryfi.online\/ro\/wp-json\/wp\/v2\/types\/product"}],"replies":[{"embeddable":true,"href":"https:\/\/ryfi.online\/ro\/wp-json\/wp\/v2\/comments?post=11840"}],"wp:featuredmedia":[{"embeddable":true,"href":"https:\/\/ryfi.online\/ro\/wp-json\/wp\/v2\/media\/11027"}],"wp:attachment":[{"href":"https:\/\/ryfi.online\/ro\/wp-json\/wp\/v2\/media?parent=11840"}],"wp:term":[{"taxonomy":"product_brand","embeddable":true,"href":"https:\/\/ryfi.online\/ro\/wp-json\/wp\/v2\/product_brand?post=11840"},{"taxonomy":"product_cat","embeddable":true,"href":"https:\/\/ryfi.online\/ro\/wp-json\/wp\/v2\/product_cat?post=11840"},{"taxonomy":"product_tag","embeddable":true,"href":"https:\/\/ryfi.online\/ro\/wp-json\/wp\/v2\/product_tag?post=11840"}],"curies":[{"name":"wp","href":"https:\/\/api.w.org\/{rel}","templated":true}]}}