{"id":11832,"date":"2021-09-03T15:28:43","date_gmt":"2022-05-17T11:10:00","guid":{"rendered":"https:\/\/ryfi.online\/product\/sticla-ergo-400-ml-aladdin\/"},"modified":"2022-05-17T11:10:00","modified_gmt":"2022-05-17T11:10:00","slug":"ergo-sticla-400-ml-aladdin","status":"publish","type":"product","link":"https:\/\/ryfi.online\/ro\/produs\/ergo-sticla-400-ml-aladdin\/","title":{"rendered":"STICLA ERGO 400 ML | ALADDIN"},"content":{"rendered":"<div><img fetchpriority=\"high\" decoding=\"async\" class=\"alignnone size-medium wp-image-11036\" src=\"https:\/\/ryfi.online\/wp-content\/uploads\/2021\/09\/21028_A-300x300.jpg\" alt=\"BOTELLA ERGO 400 ML | ALADDIN\" width=\"300\" height=\"300\" srcset=\"https:\/\/ryfi.online\/wp-content\/uploads\/2021\/09\/21028_A-300x300.jpg 300w, https:\/\/ryfi.online\/wp-content\/uploads\/2021\/09\/21028_A-1024x1024.jpg 1024w, https:\/\/ryfi.online\/wp-content\/uploads\/2021\/09\/21028_A-150x150.jpg 150w, https:\/\/ryfi.online\/wp-content\/uploads\/2021\/09\/21028_A-768x768.jpg 768w, https:\/\/ryfi.online\/wp-content\/uploads\/2021\/09\/21028_A-1536x1536.jpg 1536w, https:\/\/ryfi.online\/wp-content\/uploads\/2021\/09\/21028_A-60x60.jpg 60w, https:\/\/ryfi.online\/wp-content\/uploads\/2021\/09\/21028_A-100x100.jpg 100w, https:\/\/ryfi.online\/wp-content\/uploads\/2021\/09\/21028_A.jpg 2000w\" sizes=\"(max-width: 300px) 100vw, 300px\" \/> <img decoding=\"async\" class=\"alignnone size-medium wp-image-11037\" src=\"https:\/\/ryfi.online\/wp-content\/uploads\/2021\/09\/21028_B-300x300.jpg\" alt=\"BOTELLA ERGO 400 ML | ALADDIN\" width=\"300\" height=\"300\" srcset=\"https:\/\/ryfi.online\/wp-content\/uploads\/2021\/09\/21028_B-300x300.jpg 300w, https:\/\/ryfi.online\/wp-content\/uploads\/2021\/09\/21028_B-1024x1024.jpg 1024w, https:\/\/ryfi.online\/wp-content\/uploads\/2021\/09\/21028_B-150x150.jpg 150w, https:\/\/ryfi.online\/wp-content\/uploads\/2021\/09\/21028_B-768x768.jpg 768w, https:\/\/ryfi.online\/wp-content\/uploads\/2021\/09\/21028_B-1536x1536.jpg 1536w, https:\/\/ryfi.online\/wp-content\/uploads\/2021\/09\/21028_B-60x60.jpg 60w, https:\/\/ryfi.online\/wp-content\/uploads\/2021\/09\/21028_B-100x100.jpg 100w, https:\/\/ryfi.online\/wp-content\/uploads\/2021\/09\/21028_B.jpg 2000w\" sizes=\"(max-width: 300px) 100vw, 300px\" \/><\/div>\n<div id=\"short_description_content\" class=\"rte align_justify\">STICLA ERGO 400 ML | ALADDIN | Magazin de marc\u0103<\/div>\n<div id=\"description_product\" class=\"rte align_justify\">\n<p>Sticla reutilizabila pentru copii cu care cei mici pot bea confortabil datorita formei ergonomice, a capacului anti-picurare si a benzii anti-alunecare. Disponibil \u00eentr-o mare varietate de modele originale bazate pe unele dintre cele mai faimoase personaje din lumea cinematografiei \u0219i a televiziunii. O sticl\u0103 ideal\u0103 pentru ca copiii s\u0103 fie mereu hidrata\u021bi \u00een excursiile lor departe de cas\u0103.<\/p>\n<p><strong>Caracteristic\u0103:<\/strong><\/p>\n<p>&#8211; Capacitate: 400 ml.<br \/>\n&#8211; F\u0103r\u0103 BPA<br \/>\n&#8211; Anti-picurare<br \/>\n&#8211; Impotriva alunecarii<br \/>\n&#8211; Usor de curatat<br \/>\n&#8211; Licente oficiale<\/p>\n<\/div>\n<div><\/div>\n<div>\n<table class=\"table-data-sheet\">\n<tbody>\n<tr class=\"odd\">\n<td>Caracter<\/td>\n<td>Aladin<\/td>\n<\/tr>\n<tr class=\"even\">\n<td>Material<\/td>\n<td>Plastic<\/td>\n<\/tr>\n<tr class=\"odd\">\n<td>Abilitatea<\/td>\n<td>400 ml<\/td>\n<\/tr>\n<tr class=\"odd\">\n<td>\u00cenalt<\/td>\n<td>19 cm<\/td>\n<\/tr>\n<tr class=\"odd\">\n<td>Lat<\/td>\n<td>6,45 cm.<\/td>\n<\/tr>\n<tr class=\"odd\">\n<td>Partea de jos<\/td>\n<td>6,45 cm.<\/td>\n<\/tr>\n<tr class=\"odd\">\n<td>Greutate<\/td>\n<td>53 g<\/td>\n<\/tr>\n<\/tbody>\n<\/table>\n<\/div>\n","protected":false},"excerpt":{"rendered":"<p>Livrare gratuit\u0103 1-3 zile lucr\u0103toare<\/p>\n<p>Retur gratuit<\/p>\n","protected":false},"featured_media":11036,"comment_status":"open","ping_status":"closed","template":"","meta":[],"product_brand":[],"product_cat":[322,321],"product_tag":[],"class_list":{"0":"post-11832","1":"product","2":"type-product","3":"status-publish","4":"has-post-thumbnail","6":"product_cat-sticla","7":"product_cat-sticle-de-apa-pentru-sport","9":"first","10":"instock","11":"featured","12":"taxable","13":"shipping-taxable","14":"purchasable","15":"product-type-simple"},"yoast_head":"<!-- This site is optimized with the Yoast SEO Premium plugin v17.1.2 (Yoast SEO v27.4) - https:\/\/yoast.com\/product\/yoast-seo-premium-wordpress\/ -->\n<title>Cump\u0103ra\u021bi Online Ergo Bottle 400 ML Aladdin - Magazin Online Ryfi<\/title>\n<meta name=\"description\" content=\"Cump\u0103ra\u021bi Biberon Ergo Aladdin Online 100% autentic la un pre\u021b foarte accesibil \u00een Spania \u00een cel mai bun magazin online Ryfi.\" \/>\n<meta name=\"robots\" content=\"index, follow, max-snippet:-1, max-image-preview:large, max-video-preview:-1\" \/>\n<link rel=\"canonical\" href=\"https:\/\/ryfi.online\/ro\/produs\/ergo-sticla-400-ml-aladdin\/\" \/>\n<meta property=\"og:locale\" content=\"ro_RO\" \/>\n<meta property=\"og:type\" content=\"article\" \/>\n<meta property=\"og:title\" content=\"STICLA ERGO 400 ML | ALADDIN\" \/>\n<meta property=\"og:description\" content=\"Cump\u0103ra\u021bi Biberon Ergo Aladdin Online 100% autentic la un pre\u021b foarte accesibil \u00een Spania \u00een cel mai bun magazin online Ryfi.\" \/>\n<meta property=\"og:url\" content=\"https:\/\/ryfi.online\/ro\/produs\/ergo-sticla-400-ml-aladdin\/\" \/>\n<meta property=\"og:site_name\" content=\"Ryfi Online Store\" \/>\n<meta property=\"article:publisher\" content=\"https:\/\/www.facebook.com\/ryfi.online\/\" \/>\n<meta property=\"og:image\" content=\"https:\/\/ryfi.online\/wp-content\/uploads\/2021\/09\/21028_A.jpg\" \/>\n\t<meta property=\"og:image:width\" content=\"2000\" \/>\n\t<meta property=\"og:image:height\" content=\"2000\" \/>\n\t<meta property=\"og:image:type\" content=\"image\/jpeg\" \/>\n<meta name=\"twitter:card\" content=\"summary_large_image\" \/>\n<meta name=\"twitter:label1\" content=\"Pre\u021b\" \/>\n\t<meta name=\"twitter:data1\" content=\"&#036;11.98\" \/>\n\t<meta name=\"twitter:label2\" content=\"Availability\" \/>\n\t<meta name=\"twitter:data2\" content=\"In stock\" \/>\n<meta property=\"product:brand\" content=\"sticla\" \/>\n<meta property=\"product:price:amount\" content=\"11.98\" \/>\n<meta property=\"product:price:currency\" content=\"USD\" \/>\n<meta property=\"og:availability\" content=\"instock\" \/>\n<meta property=\"product:availability\" content=\"instock\" \/>\n<meta property=\"product:condition\" content=\"new\" \/>\n<!-- \/ Yoast SEO Premium plugin. -->","yoast_head_json":{"title":"Cump\u0103ra\u021bi Online Ergo Bottle 400 ML Aladdin - Magazin Online Ryfi","description":"Cump\u0103ra\u021bi Biberon Ergo Aladdin Online 100% autentic la un pre\u021b foarte accesibil \u00een Spania \u00een cel mai bun magazin online Ryfi.","robots":{"index":"index","follow":"follow","max-snippet":"max-snippet:-1","max-image-preview":"max-image-preview:large","max-video-preview":"max-video-preview:-1"},"canonical":"https:\/\/ryfi.online\/ro\/produs\/ergo-sticla-400-ml-aladdin\/","og_locale":"ro_RO","og_type":"article","og_title":"STICLA ERGO 400 ML | ALADDIN","og_description":"Cump\u0103ra\u021bi Biberon Ergo Aladdin Online 100% autentic la un pre\u021b foarte accesibil \u00een Spania \u00een cel mai bun magazin online Ryfi.","og_url":"https:\/\/ryfi.online\/ro\/produs\/ergo-sticla-400-ml-aladdin\/","og_site_name":"Ryfi Online Store","article_publisher":"https:\/\/www.facebook.com\/ryfi.online\/","og_image":[{"width":2000,"height":2000,"url":"https:\/\/ryfi.online\/wp-content\/uploads\/2021\/09\/21028_A.jpg","type":"image\/jpeg"}],"twitter_card":"summary_large_image","twitter_misc":{"Pre\u021b":"&#36;11.98","Availability":"In stock"},"schema":{"@context":"https:\/\/schema.org","@graph":[{"@type":"WebPage","@id":"https:\/\/ryfi.online\/ro\/produs\/ergo-sticla-400-ml-aladdin\/","url":"https:\/\/ryfi.online\/ro\/produs\/ergo-sticla-400-ml-aladdin\/","name":"Cump\u0103ra\u021bi Online Ergo Bottle 400 ML Aladdin - Magazin Online Ryfi","isPartOf":{"@id":"https:\/\/ryfi.online\/ro\/#website"},"primaryImageOfPage":{"@id":"https:\/\/ryfi.online\/ro\/produs\/ergo-sticla-400-ml-aladdin\/#primaryimage"},"image":{"@id":"https:\/\/ryfi.online\/ro\/produs\/ergo-sticla-400-ml-aladdin\/#primaryimage"},"thumbnailUrl":"https:\/\/ryfi.online\/wp-content\/uploads\/2021\/09\/21028_A.jpg","datePublished":"2022-05-17T11:10:00+00:00","description":"Cump\u0103ra\u021bi Biberon Ergo Aladdin Online 100% autentic la un pre\u021b foarte accesibil \u00een Spania \u00een cel mai bun magazin online Ryfi.","breadcrumb":{"@id":"https:\/\/ryfi.online\/ro\/produs\/ergo-sticla-400-ml-aladdin\/#breadcrumb"},"inLanguage":"ro-RO","potentialAction":[{"@type":"ReadAction","target":["https:\/\/ryfi.online\/ro\/produs\/ergo-sticla-400-ml-aladdin\/"]}]},{"@type":"ImageObject","inLanguage":"ro-RO","@id":"https:\/\/ryfi.online\/ro\/produs\/ergo-sticla-400-ml-aladdin\/#primaryimage","url":"https:\/\/ryfi.online\/wp-content\/uploads\/2021\/09\/21028_A.jpg","contentUrl":"https:\/\/ryfi.online\/wp-content\/uploads\/2021\/09\/21028_A.jpg","width":2000,"height":2000,"caption":"STICLA ERGO 400 ML | ALADDIN"},{"@type":"BreadcrumbList","@id":"https:\/\/ryfi.online\/ro\/produs\/ergo-sticla-400-ml-aladdin\/#breadcrumb","itemListElement":[{"@type":"ListItem","position":1,"name":"Home","item":"https:\/\/ryfi.online\/ro\/"},{"@type":"ListItem","position":2,"name":"Free and Fast Shipping whitin 1-3 Days!!!","item":"https:\/\/ryfi.online\/shop\/"},{"@type":"ListItem","position":3,"name":"STICLA ERGO 400 ML | ALADDIN"}]},{"@type":"WebSite","@id":"https:\/\/ryfi.online\/ro\/#website","url":"https:\/\/ryfi.online\/ro\/","name":"Ryfi Online Store","description":"Online Store","publisher":{"@id":"https:\/\/ryfi.online\/ro\/#organization"},"potentialAction":[{"@type":"SearchAction","target":{"@type":"EntryPoint","urlTemplate":"https:\/\/ryfi.online\/ro\/?s={search_term_string}"},"query-input":{"@type":"PropertyValueSpecification","valueRequired":true,"valueName":"search_term_string"}}],"inLanguage":"ro-RO"},{"@type":"Organization","@id":"https:\/\/ryfi.online\/ro\/#organization","name":"Ryan Future Investments LLC","url":"https:\/\/ryfi.online\/ro\/","logo":{"@type":"ImageObject","inLanguage":"ro-RO","@id":"https:\/\/ryfi.online\/ro\/#\/schema\/logo\/image\/","url":"https:\/\/ryfi.online\/wp-content\/uploads\/2021\/03\/2-03.png","contentUrl":"https:\/\/ryfi.online\/wp-content\/uploads\/2021\/03\/2-03.png","width":1010,"height":310,"caption":"Ryan Future Investments LLC"},"image":{"@id":"https:\/\/ryfi.online\/ro\/#\/schema\/logo\/image\/"},"sameAs":["https:\/\/www.facebook.com\/ryfi.online\/"]}]},"product_brand":"sticla","product_price_amount":"11.98","product_price_currency":"USD","og_availability":"instock","product_availability":"instock","product_condition":"new"},"jetpack-related-posts":[{"id":4491,"url":"https:\/\/ryfi.online\/de\/produkt\/ergo-flasche-400-ml-aladdin\/","url_meta":{"origin":11832,"position":0},"title":"ERGO-FLASCHE 400 ML | Aladdin","date":"septembrie 3, 2021","format":false,"excerpt":"Kostenloser Versand 1-3 Werktage Kostenlose R\u00fccksendung","rel":"","context":"Articol similar","img":{"alt_text":"ERGO-FLASCHE 400 ML | Aladdin","src":"https:\/\/i0.wp.com\/ryfi.online\/wp-content\/uploads\/2021\/09\/21028_A.jpg?resize=350%2C200&ssl=1","width":350,"height":200},"classes":[]},{"id":4528,"url":"https:\/\/ryfi.online\/de\/produkt\/ergo-flasche-400-ml-minions-fun-land\/","url_meta":{"origin":11832,"position":1},"title":"ERGO-FLASCHE 400 ML | MINIONS SPASSLAND","date":"septembrie 3, 2021","format":false,"excerpt":"Kostenloser Versand 1-3 Werktage Kostenlose R\u00fccksendung","rel":"","context":"Articol similar","img":{"alt_text":"ERGO-FLASCHE 400 ML | MINIONS SPASSLAND","src":"https:\/\/i0.wp.com\/ryfi.online\/wp-content\/uploads\/2021\/09\/17428_B.jpg?resize=350%2C200&ssl=1","width":350,"height":200},"classes":[]},{"id":4654,"url":"https:\/\/ryfi.online\/de\/produkt\/ergo-flasche-400-ml-ich-verachten-3\/","url_meta":{"origin":11832,"position":2},"title":"ERGO-FLASCHE 400 ML | VERABSCHAULICH ICH 3","date":"septembrie 3, 2021","format":false,"excerpt":"Kostenloser Versand 1-3 Werktage Kostenlose R\u00fccksendung","rel":"","context":"Articol similar","img":{"alt_text":"ERGO-FLASCHE 400 ML | VERABSCHAULICH ICH 3","src":"https:\/\/i0.wp.com\/ryfi.online\/wp-content\/uploads\/2021\/09\/24028_B.jpg?resize=350%2C200&ssl=1","width":350,"height":200},"classes":[]},{"id":4208,"url":"https:\/\/ryfi.online\/de\/produkt\/flasche-sport-400-ml-spiderman-streets\/","url_meta":{"origin":11832,"position":3},"title":"SPORTFLASCHE 400 ML SPIDERMAN STREETS","date":"septembrie 4, 2021","format":false,"excerpt":"Kostenloser Versand 1-3 Werktage Kostenlose R\u00fccksendung","rel":"","context":"Articol similar","img":{"alt_text":"","src":"https:\/\/i0.wp.com\/ryfi.online\/wp-content\/uploads\/2021\/09\/51332_A.jpg?resize=350%2C200&ssl=1","width":350,"height":200},"classes":[]},{"id":4279,"url":"https:\/\/ryfi.online\/de\/produkt\/flasche-sport-400-ml-frozen-ii-blue-forest\/","url_meta":{"origin":11832,"position":4},"title":"SPORTFLASCHE 400 ML FROZEN II BLUE FOREST","date":"septembrie 4, 2021","format":false,"excerpt":"Kostenloser Versand 1-3 Werktage Kostenlose R\u00fccksendung","rel":"","context":"Articol similar","img":{"alt_text":"","src":"https:\/\/i0.wp.com\/ryfi.online\/wp-content\/uploads\/2021\/09\/51032_A.jpg?resize=350%2C200&ssl=1","width":350,"height":200},"classes":[]},{"id":4468,"url":"https:\/\/ryfi.online\/de\/produkt\/brik-460-ml-minions-taglicher-gebrauch\/","url_meta":{"origin":11832,"position":5},"title":"ZIEGEL 460ML | MINIONS T\u00c4GLICHER GEBRAUCH","date":"septembrie 3, 2021","format":false,"excerpt":"Kostenloser Versand 1-3 Werktage Kostenlose R\u00fccksendung","rel":"","context":"Articol similar","img":{"alt_text":"ZIEGEL 460ML | MINIONS T\u00c4GLICHER GEBRAUCH","src":"https:\/\/i0.wp.com\/ryfi.online\/wp-content\/uploads\/2021\/09\/04938_A.jpg?resize=350%2C200&ssl=1","width":350,"height":200},"classes":[]}],"_links":{"self":[{"href":"https:\/\/ryfi.online\/ro\/wp-json\/wp\/v2\/product\/11832","targetHints":{"allow":["GET"]}}],"collection":[{"href":"https:\/\/ryfi.online\/ro\/wp-json\/wp\/v2\/product"}],"about":[{"href":"https:\/\/ryfi.online\/ro\/wp-json\/wp\/v2\/types\/product"}],"replies":[{"embeddable":true,"href":"https:\/\/ryfi.online\/ro\/wp-json\/wp\/v2\/comments?post=11832"}],"wp:featuredmedia":[{"embeddable":true,"href":"https:\/\/ryfi.online\/ro\/wp-json\/wp\/v2\/media\/11036"}],"wp:attachment":[{"href":"https:\/\/ryfi.online\/ro\/wp-json\/wp\/v2\/media?parent=11832"}],"wp:term":[{"taxonomy":"product_brand","embeddable":true,"href":"https:\/\/ryfi.online\/ro\/wp-json\/wp\/v2\/product_brand?post=11832"},{"taxonomy":"product_cat","embeddable":true,"href":"https:\/\/ryfi.online\/ro\/wp-json\/wp\/v2\/product_cat?post=11832"},{"taxonomy":"product_tag","embeddable":true,"href":"https:\/\/ryfi.online\/ro\/wp-json\/wp\/v2\/product_tag?post=11832"}],"curies":[{"name":"wp","href":"https:\/\/api.w.org\/{rel}","templated":true}]}}