{"id":11824,"date":"2021-10-08T14:45:17","date_gmt":"2022-05-17T11:09:58","guid":{"rendered":"https:\/\/ryfi.online\/product\/minion-hanorac-cu-gluga-pentru-fetita-ph1522\/"},"modified":"2022-05-17T11:09:58","modified_gmt":"2022-05-17T11:09:58","slug":"hanorac-cu-gluga-minion-pentru-fata","status":"publish","type":"product","link":"https:\/\/ryfi.online\/ro\/produs\/hanorac-cu-gluga-minion-pentru-fata\/","title":{"rendered":"MINION &#8211; Hanorac cu glug\u0103 &#8211; pentru feti\u021b\u0103 PH1522"},"content":{"rendered":"<p>Ca cadou de ziua de nastere, de Paste sau doar asa. Cu acest hanorac frumos Minions, nu po\u021bi gre\u0219i! Manopera este excelenta si culorile foarte puternice. Se spala la masina la 30\u00b0C, pentru o durata lunga de viata, dar se recomanda spalarea manuala. Cu aceast\u0103 c\u0103ma\u0219\u0103, ochii copiilor \u00eencep s\u0103 radieze!<\/p>\n<ul class=\"a-unordered-list a-vertical a-spacing-mini\">\n<li><span class=\"a-list-item\">Produs oficial Minions<br \/>\n<\/span><\/li>\n<li><span class=\"a-list-item\">Hanorac din l\u00e2n\u0103 Minions pentru copii<br \/>\n<\/span><\/li>\n<li><span class=\"a-list-item\">100% Poliester<\/span><\/li>\n<li><span class=\"a-list-item\">Spalare la masina<\/span><\/li>\n<li><span class=\"a-list-item\">Livrare: 24-48h<\/span><\/li>\n<li>V\u00e2rsta 3 ani, 4 ani, 6 ani \u0219i 8 ani<\/li>\n<\/ul>\n","protected":false},"excerpt":{"rendered":"<p>Livrare rapid\u0103 \u0219i sigur\u0103 \u00een 1-3 zile lucr\u0103toare<\/p>\n","protected":false},"featured_media":11154,"comment_status":"open","ping_status":"closed","template":"","meta":[],"product_brand":[],"product_cat":[320],"product_tag":[],"class_list":{"0":"post-11824","1":"product","2":"type-product","3":"status-publish","4":"has-post-thumbnail","6":"product_cat-hanorac-cu-gluga","8":"first","9":"instock","10":"featured","11":"taxable","12":"shipping-taxable","13":"purchasable","14":"product-type-variable"},"yoast_head":"<!-- This site is optimized with the Yoast SEO Premium plugin v17.1.2 (Yoast SEO v27.4) - https:\/\/yoast.com\/product\/yoast-seo-premium-wordpress\/ -->\n<title>Hanorac oficial Minions pentru fete - Magazin online Ryfi<\/title>\n<meta name=\"description\" content=\"G\u0103si\u021bi cel mai bun hanorac oficial Minions pentru fete online doar la magazinul online Ryfi cu transport gratuit \u0219i livrare rapid\u0103.\" \/>\n<meta name=\"robots\" content=\"index, follow, max-snippet:-1, max-image-preview:large, max-video-preview:-1\" \/>\n<link rel=\"canonical\" href=\"https:\/\/ryfi.online\/ro\/produs\/hanorac-cu-gluga-minion-pentru-fata\/\" \/>\n<meta property=\"og:locale\" content=\"ro_RO\" \/>\n<meta property=\"og:type\" content=\"article\" \/>\n<meta property=\"og:title\" content=\"MINION - Hanorac cu glug\u0103 - pentru feti\u021b\u0103 PH1522\" \/>\n<meta property=\"og:description\" content=\"G\u0103si\u021bi cel mai bun hanorac oficial Minions pentru fete online doar la magazinul online Ryfi cu transport gratuit \u0219i livrare rapid\u0103.\" \/>\n<meta property=\"og:url\" content=\"https:\/\/ryfi.online\/ro\/produs\/hanorac-cu-gluga-minion-pentru-fata\/\" \/>\n<meta property=\"og:site_name\" content=\"Ryfi Online Store\" \/>\n<meta property=\"article:publisher\" content=\"https:\/\/www.facebook.com\/ryfi.online\/\" \/>\n<meta property=\"og:image\" content=\"https:\/\/ryfi.online\/wp-content\/uploads\/2021\/10\/ph1522.jpg\" \/>\n\t<meta property=\"og:image:width\" content=\"800\" \/>\n\t<meta property=\"og:image:height\" content=\"565\" \/>\n\t<meta property=\"og:image:type\" content=\"image\/jpeg\" \/>\n<meta name=\"twitter:card\" content=\"summary_large_image\" \/>\n<meta name=\"twitter:label1\" content=\"Availability\" \/>\n\t<meta name=\"twitter:data1\" content=\"In stock\" \/>\n<meta property=\"product:brand\" content=\"hanorac cu gluga\" \/>\n<meta property=\"og:availability\" content=\"instock\" \/>\n<meta property=\"product:availability\" content=\"instock\" \/>\n<meta property=\"product:condition\" content=\"new\" \/>\n<!-- \/ Yoast SEO Premium plugin. -->","yoast_head_json":{"title":"Hanorac oficial Minions pentru fete - Magazin online Ryfi","description":"G\u0103si\u021bi cel mai bun hanorac oficial Minions pentru fete online doar la magazinul online Ryfi cu transport gratuit \u0219i livrare rapid\u0103.","robots":{"index":"index","follow":"follow","max-snippet":"max-snippet:-1","max-image-preview":"max-image-preview:large","max-video-preview":"max-video-preview:-1"},"canonical":"https:\/\/ryfi.online\/ro\/produs\/hanorac-cu-gluga-minion-pentru-fata\/","og_locale":"ro_RO","og_type":"article","og_title":"MINION - Hanorac cu glug\u0103 - pentru feti\u021b\u0103 PH1522","og_description":"G\u0103si\u021bi cel mai bun hanorac oficial Minions pentru fete online doar la magazinul online Ryfi cu transport gratuit \u0219i livrare rapid\u0103.","og_url":"https:\/\/ryfi.online\/ro\/produs\/hanorac-cu-gluga-minion-pentru-fata\/","og_site_name":"Ryfi Online Store","article_publisher":"https:\/\/www.facebook.com\/ryfi.online\/","og_image":[{"width":800,"height":565,"url":"https:\/\/ryfi.online\/wp-content\/uploads\/2021\/10\/ph1522.jpg","type":"image\/jpeg"}],"twitter_card":"summary_large_image","twitter_misc":{"Availability":"In stock"},"schema":{"@context":"https:\/\/schema.org","@graph":[{"@type":"WebPage","@id":"https:\/\/ryfi.online\/ro\/produs\/hanorac-cu-gluga-minion-pentru-fata\/","url":"https:\/\/ryfi.online\/ro\/produs\/hanorac-cu-gluga-minion-pentru-fata\/","name":"Hanorac oficial Minions pentru fete - Magazin online Ryfi","isPartOf":{"@id":"https:\/\/ryfi.online\/ro\/#website"},"primaryImageOfPage":{"@id":"https:\/\/ryfi.online\/ro\/produs\/hanorac-cu-gluga-minion-pentru-fata\/#primaryimage"},"image":{"@id":"https:\/\/ryfi.online\/ro\/produs\/hanorac-cu-gluga-minion-pentru-fata\/#primaryimage"},"thumbnailUrl":"https:\/\/ryfi.online\/wp-content\/uploads\/2021\/10\/ph1522.jpg","datePublished":"2022-05-17T11:09:58+00:00","description":"G\u0103si\u021bi cel mai bun hanorac oficial Minions pentru fete online doar la magazinul online Ryfi cu transport gratuit \u0219i livrare rapid\u0103.","breadcrumb":{"@id":"https:\/\/ryfi.online\/ro\/produs\/hanorac-cu-gluga-minion-pentru-fata\/#breadcrumb"},"inLanguage":"ro-RO","potentialAction":[{"@type":"ReadAction","target":["https:\/\/ryfi.online\/ro\/produs\/hanorac-cu-gluga-minion-pentru-fata\/"]}]},{"@type":"ImageObject","inLanguage":"ro-RO","@id":"https:\/\/ryfi.online\/ro\/produs\/hanorac-cu-gluga-minion-pentru-fata\/#primaryimage","url":"https:\/\/ryfi.online\/wp-content\/uploads\/2021\/10\/ph1522.jpg","contentUrl":"https:\/\/ryfi.online\/wp-content\/uploads\/2021\/10\/ph1522.jpg","width":800,"height":565},{"@type":"BreadcrumbList","@id":"https:\/\/ryfi.online\/ro\/produs\/hanorac-cu-gluga-minion-pentru-fata\/#breadcrumb","itemListElement":[{"@type":"ListItem","position":1,"name":"Home","item":"https:\/\/ryfi.online\/ro\/"},{"@type":"ListItem","position":2,"name":"Free and Fast Shipping whitin 1-3 Days!!!","item":"https:\/\/ryfi.online\/shop\/"},{"@type":"ListItem","position":3,"name":"MINION &#8211; Hanorac cu glug\u0103 &#8211; pentru feti\u021b\u0103 PH1522"}]},{"@type":"WebSite","@id":"https:\/\/ryfi.online\/ro\/#website","url":"https:\/\/ryfi.online\/ro\/","name":"Ryfi Online Store","description":"Online Store","publisher":{"@id":"https:\/\/ryfi.online\/ro\/#organization"},"potentialAction":[{"@type":"SearchAction","target":{"@type":"EntryPoint","urlTemplate":"https:\/\/ryfi.online\/ro\/?s={search_term_string}"},"query-input":{"@type":"PropertyValueSpecification","valueRequired":true,"valueName":"search_term_string"}}],"inLanguage":"ro-RO"},{"@type":"Organization","@id":"https:\/\/ryfi.online\/ro\/#organization","name":"Ryan Future Investments LLC","url":"https:\/\/ryfi.online\/ro\/","logo":{"@type":"ImageObject","inLanguage":"ro-RO","@id":"https:\/\/ryfi.online\/ro\/#\/schema\/logo\/image\/","url":"https:\/\/ryfi.online\/wp-content\/uploads\/2021\/03\/2-03.png","contentUrl":"https:\/\/ryfi.online\/wp-content\/uploads\/2021\/03\/2-03.png","width":1010,"height":310,"caption":"Ryan Future Investments LLC"},"image":{"@id":"https:\/\/ryfi.online\/ro\/#\/schema\/logo\/image\/"},"sameAs":["https:\/\/www.facebook.com\/ryfi.online\/"]}]},"product_brand":"hanorac cu gluga","og_availability":"instock","product_availability":"instock","product_condition":"new"},"jetpack-related-posts":[{"id":11805,"url":"https:\/\/ryfi.online\/ro\/produs\/minions-hanorac-hanoraco-pentru-baiat-minions-produs-oficial\/","url_meta":{"origin":11824,"position":0},"title":"Hanorac cu glug\u0103 Minions pentru b\u0103ie\u021bi &#8211; Produs Oficial Minions EP1033","date":"octombrie 8, 2021","format":false,"excerpt":"Livrare rapida si sigura in 1-3 zile. munc\u0103","rel":"","context":"Articol similar","img":{"alt_text":"","src":"https:\/\/i0.wp.com\/ryfi.online\/wp-content\/uploads\/2021\/10\/ep1033.jpg?resize=350%2C200&ssl=1","width":350,"height":200},"classes":[]},{"id":11791,"url":"https:\/\/ryfi.online\/ro\/produs\/pantaloni-de-jogger-unisex-cu-imprimare-minioni\/","url_meta":{"origin":11824,"position":1},"title":"Pantaloni de sport unisex cu imprimeu Minions TH1211","date":"octombrie 8, 2021","format":false,"excerpt":"Livrare gratuit\u0103 \u0219i sigur\u0103 \u00een 1-3 zile lucr\u0103toare","rel":"","context":"Articol similar","img":{"alt_text":"Pantaloni de trening","src":"https:\/\/i0.wp.com\/ryfi.online\/wp-content\/uploads\/2021\/10\/th1211.jpg?resize=350%2C200&ssl=1","width":350,"height":200},"classes":[]},{"id":11677,"url":"https:\/\/ryfi.online\/ro\/produs\/halat-slujitori-pentru-copii\/","url_meta":{"origin":11824,"position":2},"title":"Halat minion pentru copii HU2043","date":"octombrie 8, 2021","format":false,"excerpt":"Livrare rapid\u0103 \u0219i sigur\u0103 \u00een 1-3 zile lucr\u0103toare","rel":"","context":"Articol similar","img":{"alt_text":"","src":"https:\/\/i0.wp.com\/ryfi.online\/wp-content\/uploads\/2021\/10\/hu2043.jpg?resize=350%2C200&ssl=1","width":350,"height":200},"classes":[]},{"id":11360,"url":"https:\/\/ryfi.online\/ro\/produs\/cap-minioni\/","url_meta":{"origin":11824,"position":3},"title":"Cap Minions EP4341","date":"aprilie 27, 2022","format":false,"excerpt":"Livrare rapid\u0103 \u0219i sigur\u0103 \u00een 1-3 zile lucr\u0103toare Retur gratuit","rel":"","context":"Articol similar","img":{"alt_text":"Capac galben Minion","src":"https:\/\/i0.wp.com\/ryfi.online\/wp-content\/uploads\/2022\/04\/ep4341_ye.jpg?resize=350%2C200&ssl=1","width":350,"height":200},"classes":[]},{"id":11827,"url":"https:\/\/ryfi.online\/ro\/produs\/brik-460-ml-minions-utilizare-zilnic\/","url_meta":{"origin":11824,"position":4},"title":"CARAMIDA 460ML | MINIONS UTILIZARE ZILNIC\u0102","date":"septembrie 3, 2021","format":false,"excerpt":"Livrare gratuit\u0103 1-3 zile lucr\u0103toare Retur gratuit","rel":"","context":"Articol similar","img":{"alt_text":"CARAMIDA 460ML | MINIONS UTILIZARE ZILNIC\u0102","src":"https:\/\/i0.wp.com\/ryfi.online\/wp-content\/uploads\/2021\/09\/04938_A.jpg?resize=350%2C200&ssl=1","width":350,"height":200},"classes":[]},{"id":11835,"url":"https:\/\/ryfi.online\/ro\/produs\/ergo-sticla-400-ml-minions-fun-land\/","url_meta":{"origin":11824,"position":5},"title":"STICLA ERGO 400 ML | MINIONS FUN LAND","date":"septembrie 3, 2021","format":false,"excerpt":"Livrare gratuit\u0103 1-3 zile lucr\u0103toare Retur gratuit","rel":"","context":"Articol similar","img":{"alt_text":"STICLA ERGO 400 ML | MINIONS FUN LAND","src":"https:\/\/i0.wp.com\/ryfi.online\/wp-content\/uploads\/2021\/09\/17428_B.jpg?resize=350%2C200&ssl=1","width":350,"height":200},"classes":[]}],"_links":{"self":[{"href":"https:\/\/ryfi.online\/ro\/wp-json\/wp\/v2\/product\/11824","targetHints":{"allow":["GET"]}}],"collection":[{"href":"https:\/\/ryfi.online\/ro\/wp-json\/wp\/v2\/product"}],"about":[{"href":"https:\/\/ryfi.online\/ro\/wp-json\/wp\/v2\/types\/product"}],"replies":[{"embeddable":true,"href":"https:\/\/ryfi.online\/ro\/wp-json\/wp\/v2\/comments?post=11824"}],"wp:featuredmedia":[{"embeddable":true,"href":"https:\/\/ryfi.online\/ro\/wp-json\/wp\/v2\/media\/11154"}],"wp:attachment":[{"href":"https:\/\/ryfi.online\/ro\/wp-json\/wp\/v2\/media?parent=11824"}],"wp:term":[{"taxonomy":"product_brand","embeddable":true,"href":"https:\/\/ryfi.online\/ro\/wp-json\/wp\/v2\/product_brand?post=11824"},{"taxonomy":"product_cat","embeddable":true,"href":"https:\/\/ryfi.online\/ro\/wp-json\/wp\/v2\/product_cat?post=11824"},{"taxonomy":"product_tag","embeddable":true,"href":"https:\/\/ryfi.online\/ro\/wp-json\/wp\/v2\/product_tag?post=11824"}],"curies":[{"name":"wp","href":"https:\/\/api.w.org\/{rel}","templated":true}]}}