{"id":11805,"date":"2021-10-08T14:38:01","date_gmt":"2022-05-16T17:51:54","guid":{"rendered":"https:\/\/ryfi.online\/product\/hanorac-cu-gluga-minions-pentru-baieti-produs-oficial-minions-ep1033\/"},"modified":"2022-05-16T17:51:54","modified_gmt":"2022-05-16T17:51:54","slug":"minions-hanorac-hanoraco-pentru-baiat-minions-produs-oficial","status":"publish","type":"product","link":"https:\/\/ryfi.online\/ro\/produs\/minions-hanorac-hanoraco-pentru-baiat-minions-produs-oficial\/","title":{"rendered":"Hanorac cu glug\u0103 Minions pentru b\u0103ie\u021bi &#8211; Produs Oficial Minions EP1033"},"content":{"rendered":"<p>Ca cadou de ziua de nastere, de Paste sau doar asa. Cu acest hanorac frumos Minions, nu po\u021bi gre\u0219i! Manopera este excelenta si culorile foarte puternice. Se spala la masina la 30\u00b0C, pentru o durata lunga de viata, dar se recomanda spalarea manuala. Cu aceast\u0103 c\u0103ma\u0219\u0103, ochii copiilor \u00eencep s\u0103 radieze!<\/p>\n<ul class=\"a-unordered-list a-vertical a-spacing-mini\">\n<li>Hanorac pentru copii Minions<\/li>\n<li><span class=\"a-list-item\">65% poliester 35% bumbac<\/span><\/li>\n<li><span class=\"a-list-item\">ma\u0219in\u0103 de sp\u0103lat<\/span><\/li>\n<li><span class=\"a-list-item\">Capota<\/span><\/li>\n<li><span class=\"a-list-item\">241 g<\/span><\/li>\n<li><span class=\"a-list-item\">produs oficial<\/span><\/li>\n<\/ul>\n","protected":false},"excerpt":{"rendered":"<p>Livrare rapida si sigura in 1-3 zile. munc\u0103<\/p>\n","protected":false},"featured_media":11159,"comment_status":"open","ping_status":"closed","template":"","meta":[],"product_brand":[],"product_cat":[320],"product_tag":[],"class_list":{"0":"post-11805","1":"product","2":"type-product","3":"status-publish","4":"has-post-thumbnail","6":"product_cat-hanorac-cu-gluga","8":"first","9":"instock","10":"featured","11":"taxable","12":"shipping-taxable","13":"purchasable","14":"product-type-variable"},"yoast_head":"<!-- This site is optimized with the Yoast SEO Premium plugin v17.1.2 (Yoast SEO v27.4) - https:\/\/yoast.com\/product\/yoast-seo-premium-wordpress\/ -->\n<title>Hanorac oficial Minions pentru copii - Magazin online Ryfi<\/title>\n<meta name=\"description\" content=\"Cump\u0103r\u0103 hanoracul oficial Minions pentru b\u0103ie\u021bi la un pre\u021b foarte accesibil din magazinul online Ryfi. Ob\u021bine\u021bi un schimb gratuit sau retur.\" \/>\n<meta name=\"robots\" content=\"index, follow, max-snippet:-1, max-image-preview:large, max-video-preview:-1\" \/>\n<link rel=\"canonical\" href=\"https:\/\/ryfi.online\/ro\/produs\/minions-hanorac-hanoraco-pentru-baiat-minions-produs-oficial\/\" \/>\n<meta property=\"og:locale\" content=\"ro_RO\" \/>\n<meta property=\"og:type\" content=\"article\" \/>\n<meta property=\"og:title\" content=\"Hanorac cu glug\u0103 Minions pentru b\u0103ie\u021bi - Produs Oficial Minions EP1033\" \/>\n<meta property=\"og:description\" content=\"Cump\u0103r\u0103 hanoracul oficial Minions pentru b\u0103ie\u021bi la un pre\u021b foarte accesibil din magazinul online Ryfi. Ob\u021bine\u021bi un schimb gratuit sau retur.\" \/>\n<meta property=\"og:url\" content=\"https:\/\/ryfi.online\/ro\/produs\/minions-hanorac-hanoraco-pentru-baiat-minions-produs-oficial\/\" \/>\n<meta property=\"og:site_name\" content=\"Ryfi Online Store\" \/>\n<meta property=\"article:publisher\" content=\"https:\/\/www.facebook.com\/ryfi.online\/\" \/>\n<meta property=\"og:image\" content=\"https:\/\/ryfi.online\/wp-content\/uploads\/2021\/10\/ep1033.jpg\" \/>\n\t<meta property=\"og:image:width\" content=\"800\" \/>\n\t<meta property=\"og:image:height\" content=\"565\" \/>\n\t<meta property=\"og:image:type\" content=\"image\/jpeg\" \/>\n<meta name=\"twitter:card\" content=\"summary_large_image\" \/>\n<meta name=\"twitter:label1\" content=\"Availability\" \/>\n\t<meta name=\"twitter:data1\" content=\"In stock\" \/>\n<meta property=\"product:brand\" content=\"hanorac cu gluga\" \/>\n<meta property=\"og:availability\" content=\"instock\" \/>\n<meta property=\"product:availability\" content=\"instock\" \/>\n<meta property=\"product:condition\" content=\"new\" \/>\n<!-- \/ Yoast SEO Premium plugin. -->","yoast_head_json":{"title":"Hanorac oficial Minions pentru copii - Magazin online Ryfi","description":"Cump\u0103r\u0103 hanoracul oficial Minions pentru b\u0103ie\u021bi la un pre\u021b foarte accesibil din magazinul online Ryfi. Ob\u021bine\u021bi un schimb gratuit sau retur.","robots":{"index":"index","follow":"follow","max-snippet":"max-snippet:-1","max-image-preview":"max-image-preview:large","max-video-preview":"max-video-preview:-1"},"canonical":"https:\/\/ryfi.online\/ro\/produs\/minions-hanorac-hanoraco-pentru-baiat-minions-produs-oficial\/","og_locale":"ro_RO","og_type":"article","og_title":"Hanorac cu glug\u0103 Minions pentru b\u0103ie\u021bi - Produs Oficial Minions EP1033","og_description":"Cump\u0103r\u0103 hanoracul oficial Minions pentru b\u0103ie\u021bi la un pre\u021b foarte accesibil din magazinul online Ryfi. Ob\u021bine\u021bi un schimb gratuit sau retur.","og_url":"https:\/\/ryfi.online\/ro\/produs\/minions-hanorac-hanoraco-pentru-baiat-minions-produs-oficial\/","og_site_name":"Ryfi Online Store","article_publisher":"https:\/\/www.facebook.com\/ryfi.online\/","og_image":[{"width":800,"height":565,"url":"https:\/\/ryfi.online\/wp-content\/uploads\/2021\/10\/ep1033.jpg","type":"image\/jpeg"}],"twitter_card":"summary_large_image","twitter_misc":{"Availability":"In stock"},"schema":{"@context":"https:\/\/schema.org","@graph":[{"@type":"WebPage","@id":"https:\/\/ryfi.online\/ro\/produs\/minions-hanorac-hanoraco-pentru-baiat-minions-produs-oficial\/","url":"https:\/\/ryfi.online\/ro\/produs\/minions-hanorac-hanoraco-pentru-baiat-minions-produs-oficial\/","name":"Hanorac oficial Minions pentru copii - Magazin online Ryfi","isPartOf":{"@id":"https:\/\/ryfi.online\/ro\/#website"},"primaryImageOfPage":{"@id":"https:\/\/ryfi.online\/ro\/produs\/minions-hanorac-hanoraco-pentru-baiat-minions-produs-oficial\/#primaryimage"},"image":{"@id":"https:\/\/ryfi.online\/ro\/produs\/minions-hanorac-hanoraco-pentru-baiat-minions-produs-oficial\/#primaryimage"},"thumbnailUrl":"https:\/\/ryfi.online\/wp-content\/uploads\/2021\/10\/ep1033.jpg","datePublished":"2022-05-16T17:51:54+00:00","description":"Cump\u0103r\u0103 hanoracul oficial Minions pentru b\u0103ie\u021bi la un pre\u021b foarte accesibil din magazinul online Ryfi. Ob\u021bine\u021bi un schimb gratuit sau retur.","breadcrumb":{"@id":"https:\/\/ryfi.online\/ro\/produs\/minions-hanorac-hanoraco-pentru-baiat-minions-produs-oficial\/#breadcrumb"},"inLanguage":"ro-RO","potentialAction":[{"@type":"ReadAction","target":["https:\/\/ryfi.online\/ro\/produs\/minions-hanorac-hanoraco-pentru-baiat-minions-produs-oficial\/"]}]},{"@type":"ImageObject","inLanguage":"ro-RO","@id":"https:\/\/ryfi.online\/ro\/produs\/minions-hanorac-hanoraco-pentru-baiat-minions-produs-oficial\/#primaryimage","url":"https:\/\/ryfi.online\/wp-content\/uploads\/2021\/10\/ep1033.jpg","contentUrl":"https:\/\/ryfi.online\/wp-content\/uploads\/2021\/10\/ep1033.jpg","width":800,"height":565},{"@type":"BreadcrumbList","@id":"https:\/\/ryfi.online\/ro\/produs\/minions-hanorac-hanoraco-pentru-baiat-minions-produs-oficial\/#breadcrumb","itemListElement":[{"@type":"ListItem","position":1,"name":"Home","item":"https:\/\/ryfi.online\/ro\/"},{"@type":"ListItem","position":2,"name":"Free and Fast Shipping whitin 1-3 Days!!!","item":"https:\/\/ryfi.online\/shop\/"},{"@type":"ListItem","position":3,"name":"Hanorac cu glug\u0103 Minions pentru b\u0103ie\u021bi &#8211; Produs Oficial Minions EP1033"}]},{"@type":"WebSite","@id":"https:\/\/ryfi.online\/ro\/#website","url":"https:\/\/ryfi.online\/ro\/","name":"Ryfi Online Store","description":"Online Store","publisher":{"@id":"https:\/\/ryfi.online\/ro\/#organization"},"potentialAction":[{"@type":"SearchAction","target":{"@type":"EntryPoint","urlTemplate":"https:\/\/ryfi.online\/ro\/?s={search_term_string}"},"query-input":{"@type":"PropertyValueSpecification","valueRequired":true,"valueName":"search_term_string"}}],"inLanguage":"ro-RO"},{"@type":"Organization","@id":"https:\/\/ryfi.online\/ro\/#organization","name":"Ryan Future Investments LLC","url":"https:\/\/ryfi.online\/ro\/","logo":{"@type":"ImageObject","inLanguage":"ro-RO","@id":"https:\/\/ryfi.online\/ro\/#\/schema\/logo\/image\/","url":"https:\/\/ryfi.online\/wp-content\/uploads\/2021\/03\/2-03.png","contentUrl":"https:\/\/ryfi.online\/wp-content\/uploads\/2021\/03\/2-03.png","width":1010,"height":310,"caption":"Ryan Future Investments LLC"},"image":{"@id":"https:\/\/ryfi.online\/ro\/#\/schema\/logo\/image\/"},"sameAs":["https:\/\/www.facebook.com\/ryfi.online\/"]}]},"product_brand":"hanorac cu gluga","og_availability":"instock","product_availability":"instock","product_condition":"new"},"jetpack-related-posts":[{"id":11824,"url":"https:\/\/ryfi.online\/ro\/produs\/hanorac-cu-gluga-minion-pentru-fata\/","url_meta":{"origin":11805,"position":0},"title":"MINION &#8211; Hanorac cu glug\u0103 &#8211; pentru feti\u021b\u0103 PH1522","date":"octombrie 8, 2021","format":false,"excerpt":"Livrare rapid\u0103 \u0219i sigur\u0103 \u00een 1-3 zile lucr\u0103toare","rel":"","context":"Articol similar","img":{"alt_text":"","src":"https:\/\/i0.wp.com\/ryfi.online\/wp-content\/uploads\/2021\/10\/ph1522.jpg?resize=350%2C200&ssl=1","width":350,"height":200},"classes":[]},{"id":11677,"url":"https:\/\/ryfi.online\/ro\/produs\/halat-slujitori-pentru-copii\/","url_meta":{"origin":11805,"position":1},"title":"Halat minion pentru copii HU2043","date":"octombrie 8, 2021","format":false,"excerpt":"Livrare rapid\u0103 \u0219i sigur\u0103 \u00een 1-3 zile lucr\u0103toare","rel":"","context":"Articol similar","img":{"alt_text":"","src":"https:\/\/i0.wp.com\/ryfi.online\/wp-content\/uploads\/2021\/10\/hu2043.jpg?resize=350%2C200&ssl=1","width":350,"height":200},"classes":[]},{"id":11791,"url":"https:\/\/ryfi.online\/ro\/produs\/pantaloni-de-jogger-unisex-cu-imprimare-minioni\/","url_meta":{"origin":11805,"position":2},"title":"Pantaloni de sport unisex cu imprimeu Minions TH1211","date":"octombrie 8, 2021","format":false,"excerpt":"Livrare gratuit\u0103 \u0219i sigur\u0103 \u00een 1-3 zile lucr\u0103toare","rel":"","context":"Articol similar","img":{"alt_text":"Pantaloni de trening","src":"https:\/\/i0.wp.com\/ryfi.online\/wp-content\/uploads\/2021\/10\/th1211.jpg?resize=350%2C200&ssl=1","width":350,"height":200},"classes":[]},{"id":11360,"url":"https:\/\/ryfi.online\/ro\/produs\/cap-minioni\/","url_meta":{"origin":11805,"position":3},"title":"Cap Minions EP4341","date":"aprilie 27, 2022","format":false,"excerpt":"Livrare rapid\u0103 \u0219i sigur\u0103 \u00een 1-3 zile lucr\u0103toare Retur gratuit","rel":"","context":"Articol similar","img":{"alt_text":"Capac galben Minion","src":"https:\/\/i0.wp.com\/ryfi.online\/wp-content\/uploads\/2022\/04\/ep4341_ye.jpg?resize=350%2C200&ssl=1","width":350,"height":200},"classes":[]},{"id":11631,"url":"https:\/\/ryfi.online\/ro\/produs\/sun-city-razbunatorii-baieti-pantaloni-de-trins\/","url_meta":{"origin":11805,"position":4},"title":"Pantaloni de jogging pentru b\u0103ie\u021bi Sun City Avengers HU1297","date":"octombrie 31, 2021","format":false,"excerpt":"Livrare rapid\u0103 \u0219i sigur\u0103 \u00een 1-3 zile lucr\u0103toare","rel":"","context":"Articol similar","img":{"alt_text":"","src":"https:\/\/i0.wp.com\/ryfi.online\/wp-content\/uploads\/2021\/10\/hu1297.jpg?resize=350%2C200&ssl=1","width":350,"height":200},"classes":[]},{"id":11399,"url":"https:\/\/ryfi.online\/ro\/produs\/ryfi-pijama-polar-copil-spiderman\/","url_meta":{"origin":11805,"position":5},"title":"Pijama din l\u00e2n\u0103 pentru b\u0103ie\u021bi Ryfi Spiderman HU2130","date":"octombrie 31, 2021","format":false,"excerpt":"Livrare rapid\u0103 \u0219i sigur\u0103 \u00een 1-3 zile lucr\u0103toare","rel":"","context":"Articol similar","img":{"alt_text":"","src":"https:\/\/i0.wp.com\/ryfi.online\/wp-content\/uploads\/2021\/10\/hu2130.jpg?resize=350%2C200&ssl=1","width":350,"height":200},"classes":[]}],"_links":{"self":[{"href":"https:\/\/ryfi.online\/ro\/wp-json\/wp\/v2\/product\/11805","targetHints":{"allow":["GET"]}}],"collection":[{"href":"https:\/\/ryfi.online\/ro\/wp-json\/wp\/v2\/product"}],"about":[{"href":"https:\/\/ryfi.online\/ro\/wp-json\/wp\/v2\/types\/product"}],"replies":[{"embeddable":true,"href":"https:\/\/ryfi.online\/ro\/wp-json\/wp\/v2\/comments?post=11805"}],"wp:featuredmedia":[{"embeddable":true,"href":"https:\/\/ryfi.online\/ro\/wp-json\/wp\/v2\/media\/11159"}],"wp:attachment":[{"href":"https:\/\/ryfi.online\/ro\/wp-json\/wp\/v2\/media?parent=11805"}],"wp:term":[{"taxonomy":"product_brand","embeddable":true,"href":"https:\/\/ryfi.online\/ro\/wp-json\/wp\/v2\/product_brand?post=11805"},{"taxonomy":"product_cat","embeddable":true,"href":"https:\/\/ryfi.online\/ro\/wp-json\/wp\/v2\/product_cat?post=11805"},{"taxonomy":"product_tag","embeddable":true,"href":"https:\/\/ryfi.online\/ro\/wp-json\/wp\/v2\/product_tag?post=11805"}],"curies":[{"name":"wp","href":"https:\/\/api.w.org\/{rel}","templated":true}]}}