{"id":11800,"date":"2021-10-08T14:51:22","date_gmt":"2022-05-16T17:51:50","guid":{"rendered":"https:\/\/ryfi.online\/product\/pijamale-din-lana-captain-america-pentru-baieti-th2154\/"},"modified":"2022-05-26T12:01:11","modified_gmt":"2022-05-26T12:01:11","slug":"pijama-polara-maneca-lunga-pentru-copii-capitan-america","status":"publish","type":"product","link":"https:\/\/ryfi.online\/ro\/produs\/pijama-polara-maneca-lunga-pentru-copii-capitan-america\/","title":{"rendered":"Pijamale din l\u00e2n\u0103 Captain America pentru b\u0103ie\u021bi TH2154"},"content":{"rendered":"<p>Ca cadou de ziua de nastere, de Paste sau doar asa. Cu frumoasele pijamale Captain America, nu po\u021bi gre\u0219i! Manopera este excelenta si culorile foarte puternice. Cu aceste minunate pijamale, copiii se vor odihni minunat! Se spala la masina la 30\u00b0C, pentru o durata lunga de viata, dar se recomanda spalarea manuala. Cu acest set ochii copiilor \u00eencep s\u0103 radieze!<\/p>\n<ul class=\"a-unordered-list a-vertical a-spacing-mini\">\n<li><span class=\"a-list-item\">Pijamale Captain America pentru baieti<br \/>\n<\/span><\/li>\n<li><span class=\"a-list-item\">Aceste pijamale distractive \u00eei vor oferi micutului t\u0103u erou vise aventuroase.<\/span><\/li>\n<li><span class=\"a-list-item\">100% Poliester<\/span><\/li>\n<li><span class=\"a-list-item\">Produse Marvel cu licen\u021b\u0103 oficial\u0103<\/span><\/li>\n<li><span class=\"a-list-item\">\u021ainut\u0103 complet\u0103 cu pantaloni de pijama minunat care prezint\u0103 un motiv Avengers cu o band\u0103 elastic\u0103 pentru un plus de stil \u0219i confort.<\/span><\/li>\n<li>V\u00e2rsta 4 ani, 6 ani, 8 ani \u0219i 10 ani<\/li>\n<\/ul>\n","protected":false},"excerpt":{"rendered":"<p>Livrare rapid\u0103 \u0219i sigur\u0103 \u00een 1-3 zile lucr\u0103toare<\/p>\n","protected":false},"featured_media":11153,"comment_status":"open","ping_status":"closed","template":"","meta":[],"product_brand":[],"product_cat":[304],"product_tag":[],"class_list":{"0":"post-11800","1":"product","2":"type-product","3":"status-publish","4":"has-post-thumbnail","6":"product_cat-pijamale-pentru-copii","8":"first","9":"instock","10":"featured","11":"taxable","12":"shipping-taxable","13":"purchasable","14":"product-type-variable"},"yoast_head":"<!-- This site is optimized with the Yoast SEO Premium plugin v17.1.2 (Yoast SEO v27.4) - https:\/\/yoast.com\/product\/yoast-seo-premium-wordpress\/ -->\n<title>Cump\u0103ra\u021bi pijamale Captain America pentru copii - Ryfi Online Store<\/title>\n<meta name=\"description\" content=\"Explora\u021bi cele mai bune pijamale din l\u00e2n\u0103 pentru copii Captain America cu m\u00e2neci lungi la diferite pre\u021buri, pentru a afla mai multe vizita\u021bi site-ul nostru \u0219i rezerva\u021bi acum.\" \/>\n<meta name=\"robots\" content=\"index, follow, max-snippet:-1, max-image-preview:large, max-video-preview:-1\" \/>\n<link rel=\"canonical\" href=\"https:\/\/ryfi.online\/ro\/produs\/pijama-polara-maneca-lunga-pentru-copii-capitan-america\/\" \/>\n<meta property=\"og:locale\" content=\"ro_RO\" \/>\n<meta property=\"og:type\" content=\"article\" \/>\n<meta property=\"og:title\" content=\"Pijamale din l\u00e2n\u0103 Captain America pentru b\u0103ie\u021bi TH2154\" \/>\n<meta property=\"og:description\" content=\"Explora\u021bi cele mai bune pijamale din l\u00e2n\u0103 pentru copii Captain America cu m\u00e2neci lungi la diferite pre\u021buri, pentru a afla mai multe vizita\u021bi site-ul nostru \u0219i rezerva\u021bi acum.\" \/>\n<meta property=\"og:url\" content=\"https:\/\/ryfi.online\/ro\/produs\/pijama-polara-maneca-lunga-pentru-copii-capitan-america\/\" \/>\n<meta property=\"og:site_name\" content=\"Ryfi Online Store\" \/>\n<meta property=\"article:publisher\" content=\"https:\/\/www.facebook.com\/ryfi.online\/\" \/>\n<meta property=\"article:modified_time\" content=\"2022-05-26T12:01:11+00:00\" \/>\n<meta property=\"og:image\" content=\"https:\/\/ryfi.online\/wp-content\/uploads\/2021\/10\/th2154_bl.jpg\" \/>\n\t<meta property=\"og:image:width\" content=\"800\" \/>\n\t<meta property=\"og:image:height\" content=\"1200\" \/>\n\t<meta property=\"og:image:type\" content=\"image\/jpeg\" \/>\n<meta name=\"twitter:card\" content=\"summary_large_image\" \/>\n<meta name=\"twitter:label1\" content=\"Availability\" \/>\n\t<meta name=\"twitter:data1\" content=\"In stock\" \/>\n<meta property=\"product:brand\" content=\"pijamale pentru copii\" \/>\n<meta property=\"og:availability\" content=\"instock\" \/>\n<meta property=\"product:availability\" content=\"instock\" \/>\n<meta property=\"product:condition\" content=\"new\" \/>\n<!-- \/ Yoast SEO Premium plugin. -->","yoast_head_json":{"title":"Cump\u0103ra\u021bi pijamale Captain America pentru copii - Ryfi Online Store","description":"Explora\u021bi cele mai bune pijamale din l\u00e2n\u0103 pentru copii Captain America cu m\u00e2neci lungi la diferite pre\u021buri, pentru a afla mai multe vizita\u021bi site-ul nostru \u0219i rezerva\u021bi acum.","robots":{"index":"index","follow":"follow","max-snippet":"max-snippet:-1","max-image-preview":"max-image-preview:large","max-video-preview":"max-video-preview:-1"},"canonical":"https:\/\/ryfi.online\/ro\/produs\/pijama-polara-maneca-lunga-pentru-copii-capitan-america\/","og_locale":"ro_RO","og_type":"article","og_title":"Pijamale din l\u00e2n\u0103 Captain America pentru b\u0103ie\u021bi TH2154","og_description":"Explora\u021bi cele mai bune pijamale din l\u00e2n\u0103 pentru copii Captain America cu m\u00e2neci lungi la diferite pre\u021buri, pentru a afla mai multe vizita\u021bi site-ul nostru \u0219i rezerva\u021bi acum.","og_url":"https:\/\/ryfi.online\/ro\/produs\/pijama-polara-maneca-lunga-pentru-copii-capitan-america\/","og_site_name":"Ryfi Online Store","article_publisher":"https:\/\/www.facebook.com\/ryfi.online\/","article_modified_time":"2022-05-26T12:01:11+00:00","og_image":[{"width":800,"height":1200,"url":"https:\/\/ryfi.online\/wp-content\/uploads\/2021\/10\/th2154_bl.jpg","type":"image\/jpeg"}],"twitter_card":"summary_large_image","twitter_misc":{"Availability":"In stock"},"schema":{"@context":"https:\/\/schema.org","@graph":[{"@type":"WebPage","@id":"https:\/\/ryfi.online\/ro\/produs\/pijama-polara-maneca-lunga-pentru-copii-capitan-america\/","url":"https:\/\/ryfi.online\/ro\/produs\/pijama-polara-maneca-lunga-pentru-copii-capitan-america\/","name":"Cump\u0103ra\u021bi pijamale Captain America pentru copii - Ryfi Online Store","isPartOf":{"@id":"https:\/\/ryfi.online\/ro\/#website"},"primaryImageOfPage":{"@id":"https:\/\/ryfi.online\/ro\/produs\/pijama-polara-maneca-lunga-pentru-copii-capitan-america\/#primaryimage"},"image":{"@id":"https:\/\/ryfi.online\/ro\/produs\/pijama-polara-maneca-lunga-pentru-copii-capitan-america\/#primaryimage"},"thumbnailUrl":"https:\/\/ryfi.online\/wp-content\/uploads\/2021\/10\/th2154_bl.jpg","datePublished":"2022-05-16T17:51:50+00:00","dateModified":"2022-05-26T12:01:11+00:00","description":"Explora\u021bi cele mai bune pijamale din l\u00e2n\u0103 pentru copii Captain America cu m\u00e2neci lungi la diferite pre\u021buri, pentru a afla mai multe vizita\u021bi site-ul nostru \u0219i rezerva\u021bi acum.","breadcrumb":{"@id":"https:\/\/ryfi.online\/ro\/produs\/pijama-polara-maneca-lunga-pentru-copii-capitan-america\/#breadcrumb"},"inLanguage":"ro-RO","potentialAction":[{"@type":"ReadAction","target":["https:\/\/ryfi.online\/ro\/produs\/pijama-polara-maneca-lunga-pentru-copii-capitan-america\/"]}]},{"@type":"ImageObject","inLanguage":"ro-RO","@id":"https:\/\/ryfi.online\/ro\/produs\/pijama-polara-maneca-lunga-pentru-copii-capitan-america\/#primaryimage","url":"https:\/\/ryfi.online\/wp-content\/uploads\/2021\/10\/th2154_bl.jpg","contentUrl":"https:\/\/ryfi.online\/wp-content\/uploads\/2021\/10\/th2154_bl.jpg","width":800,"height":1200},{"@type":"BreadcrumbList","@id":"https:\/\/ryfi.online\/ro\/produs\/pijama-polara-maneca-lunga-pentru-copii-capitan-america\/#breadcrumb","itemListElement":[{"@type":"ListItem","position":1,"name":"Home","item":"https:\/\/ryfi.online\/ro\/"},{"@type":"ListItem","position":2,"name":"Free and Fast Shipping whitin 1-3 Days!!!","item":"https:\/\/ryfi.online\/shop\/"},{"@type":"ListItem","position":3,"name":"Pijamale din l\u00e2n\u0103 Captain America pentru b\u0103ie\u021bi TH2154"}]},{"@type":"WebSite","@id":"https:\/\/ryfi.online\/ro\/#website","url":"https:\/\/ryfi.online\/ro\/","name":"Ryfi Online Store","description":"Online Store","publisher":{"@id":"https:\/\/ryfi.online\/ro\/#organization"},"potentialAction":[{"@type":"SearchAction","target":{"@type":"EntryPoint","urlTemplate":"https:\/\/ryfi.online\/ro\/?s={search_term_string}"},"query-input":{"@type":"PropertyValueSpecification","valueRequired":true,"valueName":"search_term_string"}}],"inLanguage":"ro-RO"},{"@type":"Organization","@id":"https:\/\/ryfi.online\/ro\/#organization","name":"Ryan Future Investments LLC","url":"https:\/\/ryfi.online\/ro\/","logo":{"@type":"ImageObject","inLanguage":"ro-RO","@id":"https:\/\/ryfi.online\/ro\/#\/schema\/logo\/image\/","url":"https:\/\/ryfi.online\/wp-content\/uploads\/2021\/03\/2-03.png","contentUrl":"https:\/\/ryfi.online\/wp-content\/uploads\/2021\/03\/2-03.png","width":1010,"height":310,"caption":"Ryan Future Investments LLC"},"image":{"@id":"https:\/\/ryfi.online\/ro\/#\/schema\/logo\/image\/"},"sameAs":["https:\/\/www.facebook.com\/ryfi.online\/"]}]},"product_brand":"pijamale pentru copii","og_availability":"instock","product_availability":"instock","product_condition":"new"},"jetpack-related-posts":[{"id":11733,"url":"https:\/\/ryfi.online\/ro\/produs\/pijamale-patrula-labe-pentru-copii\/","url_meta":{"origin":11800,"position":0},"title":"Pijamale pentru b\u0103ie\u021bi Paw Patrol HU2034","date":"octombrie 8, 2021","format":false,"excerpt":"Livrare rapid\u0103 \u0219i sigur\u0103 \u00een 1-3 zile lucr\u0103toare","rel":"","context":"Articol similar","img":{"alt_text":"","src":"https:\/\/i0.wp.com\/ryfi.online\/wp-content\/uploads\/2021\/10\/hu2034.jpg?resize=350%2C200&ssl=1","width":350,"height":200},"classes":[]},{"id":10285,"url":"https:\/\/ryfi.online\/ro\/produs\/pijamale-batman-pentru-copii-ev2051\/","url_meta":{"origin":11800,"position":1},"title":"Pijamale Batman pentru b\u0103ie\u021bi EV2051","date":"aprilie 30, 2022","format":false,"excerpt":"Livrare rapid\u0103 \u0219i sigur\u0103 \u00een 1-3 zile lucr\u0103toare","rel":"","context":"Articol similar","img":{"alt_text":"pijamale Batman","src":"https:\/\/i0.wp.com\/ryfi.online\/wp-content\/uploads\/2022\/04\/ev2051.jpg?resize=350%2C200&ssl=1","width":350,"height":200},"classes":[]},{"id":10263,"url":"https:\/\/ryfi.online\/ro\/produs\/copii-patrula-pijamale-ev2098\/","url_meta":{"origin":11800,"position":2},"title":"Pijamale Paw Patrol pentru baieti EV2098","date":"aprilie 30, 2022","format":false,"excerpt":"Livrare rapid\u0103 \u0219i sigur\u0103 \u00een 1-3 zile lucr\u0103toare","rel":"","context":"Articol similar","img":{"alt_text":"pijamale patrula labe","src":"https:\/\/i0.wp.com\/ryfi.online\/wp-content\/uploads\/2022\/04\/ev2098.i00.b.jpg?resize=350%2C200&ssl=1","width":350,"height":200},"classes":[]},{"id":11712,"url":"https:\/\/ryfi.online\/ro\/produs\/pijamale-lungi-coralina-razbunatori\/","url_meta":{"origin":11800,"position":3},"title":"Pijama lung\u0103 Coraline Avengers HU7382","date":"octombrie 8, 2021","format":false,"excerpt":"Livrare rapid\u0103 \u0219i sigur\u0103 \u00een 1-3 zile lucr\u0103toare","rel":"","context":"Articol similar","img":{"alt_text":"","src":"https:\/\/i0.wp.com\/ryfi.online\/wp-content\/uploads\/2021\/10\/hu7382.i00.b.jpg?resize=350%2C200&ssl=1","width":350,"height":200},"classes":[]},{"id":11399,"url":"https:\/\/ryfi.online\/ro\/produs\/ryfi-pijama-polar-copil-spiderman\/","url_meta":{"origin":11800,"position":4},"title":"Pijama din l\u00e2n\u0103 pentru b\u0103ie\u021bi Ryfi Spiderman HU2130","date":"octombrie 31, 2021","format":false,"excerpt":"Livrare rapid\u0103 \u0219i sigur\u0103 \u00een 1-3 zile lucr\u0103toare","rel":"","context":"Articol similar","img":{"alt_text":"","src":"https:\/\/i0.wp.com\/ryfi.online\/wp-content\/uploads\/2021\/10\/hu2130.jpg?resize=350%2C200&ssl=1","width":350,"height":200},"classes":[]},{"id":11472,"url":"https:\/\/ryfi.online\/ro\/produs\/minnie-pijamale-pentru-fete-ev2084\/","url_meta":{"origin":11800,"position":5},"title":"Pijamale Minnie pentru fete EV2084","date":"aprilie 30, 2022","format":false,"excerpt":"Livrare rapid\u0103 \u0219i sigur\u0103 \u00een 1-3 zile lucr\u0103toare","rel":"","context":"Articol similar","img":{"alt_text":"pijamale minnie","src":"https:\/\/i0.wp.com\/ryfi.online\/wp-content\/uploads\/2022\/04\/ev2084.i06.jpg?resize=350%2C200&ssl=1","width":350,"height":200},"classes":[]}],"_links":{"self":[{"href":"https:\/\/ryfi.online\/ro\/wp-json\/wp\/v2\/product\/11800","targetHints":{"allow":["GET"]}}],"collection":[{"href":"https:\/\/ryfi.online\/ro\/wp-json\/wp\/v2\/product"}],"about":[{"href":"https:\/\/ryfi.online\/ro\/wp-json\/wp\/v2\/types\/product"}],"replies":[{"embeddable":true,"href":"https:\/\/ryfi.online\/ro\/wp-json\/wp\/v2\/comments?post=11800"}],"wp:featuredmedia":[{"embeddable":true,"href":"https:\/\/ryfi.online\/ro\/wp-json\/wp\/v2\/media\/11153"}],"wp:attachment":[{"href":"https:\/\/ryfi.online\/ro\/wp-json\/wp\/v2\/media?parent=11800"}],"wp:term":[{"taxonomy":"product_brand","embeddable":true,"href":"https:\/\/ryfi.online\/ro\/wp-json\/wp\/v2\/product_brand?post=11800"},{"taxonomy":"product_cat","embeddable":true,"href":"https:\/\/ryfi.online\/ro\/wp-json\/wp\/v2\/product_cat?post=11800"},{"taxonomy":"product_tag","embeddable":true,"href":"https:\/\/ryfi.online\/ro\/wp-json\/wp\/v2\/product_tag?post=11800"}],"curies":[{"name":"wp","href":"https:\/\/api.w.org\/{rel}","templated":true}]}}