{"id":11739,"date":"2021-10-08T15:01:56","date_gmt":"2022-05-16T17:50:11","guid":{"rendered":"https:\/\/ryfi.online\/product\/pantaloni-de-trening-disney-frozen-2-personajele-anna-elsa-th1076\/"},"modified":"2022-05-16T17:50:11","modified_gmt":"2022-05-16T17:50:11","slug":"disney-frozen-2-anna-elsa-personaje-pantaloni-de-trins","status":"publish","type":"product","link":"https:\/\/ryfi.online\/ro\/produs\/disney-frozen-2-anna-elsa-personaje-pantaloni-de-trins\/","title":{"rendered":"Pantaloni de trening Disney Frozen 2 Personajele Anna &amp; Elsa TH1076"},"content":{"rendered":"<div id=\"featurebullets_feature_div\" class=\"celwidget\" data-feature-name=\"featurebullets\" data-csa-c-id=\"l13aae-l681wq-7lrhh5-vm6qib\" data-cel-widget=\"featurebullets_feature_div\">\n<div id=\"feature-bullets\" class=\"a-section a-spacing-medium a-spacing-top-small\">\n<p>Ca cadou de ziua de nastere, de Paste sau doar asa. Cu ace\u0219ti pantaloni frumo\u0219i Frozen 2, nu po\u021bi gre\u0219i! Manopera este excelenta si culorile foarte puternice. Se spala la masina la 30\u00b0C, pentru o durata lunga de viata, dar se recomanda spalarea manuala. Cu aceast\u0103 c\u0103ma\u0219\u0103, ochii copiilor \u00eencep s\u0103 radieze!<\/p>\n<ul class=\"a-unordered-list a-vertical a-spacing-mini\">\n<li><span class=\"a-list-item\"><span id=\"productTitle\" class=\"a-size-large product-title-word-break\">\u2705<\/span><\/span> Pantaloni de trening Frozen 2 pentru fete<\/li>\n<li><span class=\"a-list-item\"><span id=\"productTitle\" class=\"a-size-large product-title-word-break\">\u2705 Produs<\/span> original Disney Frozen 2<\/span><\/li>\n<li><span class=\"a-list-item\"><span id=\"productTitle\" class=\"a-size-large product-title-word-break\">\u2705 Pantaloni de<\/span> jogging din l\u00e2n\u0103 super comozi<\/span><\/li>\n<li><span class=\"a-list-item\"><span id=\"productTitle\" class=\"a-size-large product-title-word-break\">\u2705<\/span> 65% poliester, 35% bumbac<\/span><\/li>\n<li><span class=\"a-list-item\"><span id=\"productTitle\" class=\"a-size-large product-title-word-break\">\u2705<\/span> Prezint\u0103 imaginea personajului Elsa<\/span><\/li>\n<li><span class=\"a-list-item\"><span id=\"productTitle\" class=\"a-size-large product-title-word-break\">\u2705Detalii<\/span> decorative, cu volane<\/span><\/li>\n<li><span class=\"a-list-item\"><span id=\"productTitle\" class=\"a-size-large product-title-word-break\">\u2705<\/span> Cu talie elastica.<\/span><\/li>\n<li><span id=\"productTitle\" class=\"a-size-large product-title-word-break\"><span class=\"a-list-item\">\u2705<\/span> V\u00e2rsta: 4 ani, 6 ani, 8 ani, 10 ani<\/span><\/li>\n<\/ul>\n<\/div>\n<\/div>\n<div id=\"edpIngress_feature_div\" class=\"celwidget\" data-feature-name=\"edpIngress\" data-csa-c-id=\"fdkw46-th125c-4hvfdm-34rc9w\" data-cel-widget=\"edpIngress_feature_div\"><\/div>\n<div id=\"heroQuickPromo_feature_div\" class=\"celwidget\" data-feature-name=\"heroQuickPromo\" data-csa-c-id=\"jft4e7-kqgf4m-72s65o-tu5f2m\" data-cel-widget=\"heroQuickPromo_feature_div\">\n<div id=\"hero-quick-promo-grid_feature_div\">\n<div id=\"hero-quick-promo\" class=\"a-row a-spacing-medium\"><\/div>\n<\/div>\n<\/div>\n","protected":false},"excerpt":{"rendered":"<p>Livrare rapid\u0103 \u0219i sigur\u0103 \u00een 1-3 zile lucr\u0103toare<\/p>\n","protected":false},"featured_media":11130,"comment_status":"open","ping_status":"closed","template":"","meta":[],"product_brand":[],"product_cat":[307],"product_tag":[],"class_list":{"0":"post-11739","1":"product","2":"type-product","3":"status-publish","4":"has-post-thumbnail","6":"product_cat-trening","8":"first","9":"instock","10":"featured","11":"taxable","12":"shipping-taxable","13":"purchasable","14":"product-type-variable"},"yoast_head":"<!-- This site is optimized with the Yoast SEO Premium plugin v17.1.2 (Yoast SEO v27.4) - https:\/\/yoast.com\/product\/yoast-seo-premium-wordpress\/ -->\n<title>Pantaloni de jogging pentru copii Frozen Disney - Magazin online Ryfi<\/title>\n<meta name=\"description\" content=\"Cump\u0103ra\u021bi pachet de 2 pantaloni Frozen Joggers pentru b\u0103ie\u021bi din magazinul online Ryfi. \u2713Livrare rapid\u0103 \u00een toat\u0103 Spania. \u2713Retururi GRATUITE.\" \/>\n<meta name=\"robots\" content=\"index, follow, max-snippet:-1, max-image-preview:large, max-video-preview:-1\" \/>\n<link rel=\"canonical\" href=\"https:\/\/ryfi.online\/ro\/produs\/disney-frozen-2-anna-elsa-personaje-pantaloni-de-trins\/\" \/>\n<meta property=\"og:locale\" content=\"ro_RO\" \/>\n<meta property=\"og:type\" content=\"article\" \/>\n<meta property=\"og:title\" content=\"Pantaloni de trening Disney Frozen 2 Personajele Anna &amp; Elsa TH1076\" \/>\n<meta property=\"og:description\" content=\"Cump\u0103ra\u021bi pachet de 2 pantaloni Frozen Joggers pentru b\u0103ie\u021bi din magazinul online Ryfi. \u2713Livrare rapid\u0103 \u00een toat\u0103 Spania. \u2713Retururi GRATUITE.\" \/>\n<meta property=\"og:url\" content=\"https:\/\/ryfi.online\/ro\/produs\/disney-frozen-2-anna-elsa-personaje-pantaloni-de-trins\/\" \/>\n<meta property=\"og:site_name\" content=\"Ryfi Online Store\" \/>\n<meta property=\"article:publisher\" content=\"https:\/\/www.facebook.com\/ryfi.online\/\" \/>\n<meta property=\"og:image\" content=\"https:\/\/ryfi.online\/wp-content\/uploads\/2021\/10\/th1076.jpg\" \/>\n\t<meta property=\"og:image:width\" content=\"800\" \/>\n\t<meta property=\"og:image:height\" content=\"565\" \/>\n\t<meta property=\"og:image:type\" content=\"image\/jpeg\" \/>\n<meta name=\"twitter:card\" content=\"summary_large_image\" \/>\n<meta name=\"twitter:label1\" content=\"Availability\" \/>\n\t<meta name=\"twitter:data1\" content=\"In stock\" \/>\n<meta property=\"product:brand\" content=\"trening\" \/>\n<meta property=\"og:availability\" content=\"instock\" \/>\n<meta property=\"product:availability\" content=\"instock\" \/>\n<meta property=\"product:condition\" content=\"new\" \/>\n<!-- \/ Yoast SEO Premium plugin. -->","yoast_head_json":{"title":"Pantaloni de jogging pentru copii Frozen Disney - Magazin online Ryfi","description":"Cump\u0103ra\u021bi pachet de 2 pantaloni Frozen Joggers pentru b\u0103ie\u021bi din magazinul online Ryfi. \u2713Livrare rapid\u0103 \u00een toat\u0103 Spania. \u2713Retururi GRATUITE.","robots":{"index":"index","follow":"follow","max-snippet":"max-snippet:-1","max-image-preview":"max-image-preview:large","max-video-preview":"max-video-preview:-1"},"canonical":"https:\/\/ryfi.online\/ro\/produs\/disney-frozen-2-anna-elsa-personaje-pantaloni-de-trins\/","og_locale":"ro_RO","og_type":"article","og_title":"Pantaloni de trening Disney Frozen 2 Personajele Anna &amp; Elsa TH1076","og_description":"Cump\u0103ra\u021bi pachet de 2 pantaloni Frozen Joggers pentru b\u0103ie\u021bi din magazinul online Ryfi. \u2713Livrare rapid\u0103 \u00een toat\u0103 Spania. \u2713Retururi GRATUITE.","og_url":"https:\/\/ryfi.online\/ro\/produs\/disney-frozen-2-anna-elsa-personaje-pantaloni-de-trins\/","og_site_name":"Ryfi Online Store","article_publisher":"https:\/\/www.facebook.com\/ryfi.online\/","og_image":[{"width":800,"height":565,"url":"https:\/\/ryfi.online\/wp-content\/uploads\/2021\/10\/th1076.jpg","type":"image\/jpeg"}],"twitter_card":"summary_large_image","twitter_misc":{"Availability":"In stock"},"schema":{"@context":"https:\/\/schema.org","@graph":[{"@type":"WebPage","@id":"https:\/\/ryfi.online\/ro\/produs\/disney-frozen-2-anna-elsa-personaje-pantaloni-de-trins\/","url":"https:\/\/ryfi.online\/ro\/produs\/disney-frozen-2-anna-elsa-personaje-pantaloni-de-trins\/","name":"Pantaloni de jogging pentru copii Frozen Disney - Magazin online Ryfi","isPartOf":{"@id":"https:\/\/ryfi.online\/ro\/#website"},"primaryImageOfPage":{"@id":"https:\/\/ryfi.online\/ro\/produs\/disney-frozen-2-anna-elsa-personaje-pantaloni-de-trins\/#primaryimage"},"image":{"@id":"https:\/\/ryfi.online\/ro\/produs\/disney-frozen-2-anna-elsa-personaje-pantaloni-de-trins\/#primaryimage"},"thumbnailUrl":"https:\/\/ryfi.online\/wp-content\/uploads\/2021\/10\/th1076.jpg","datePublished":"2022-05-16T17:50:11+00:00","description":"Cump\u0103ra\u021bi pachet de 2 pantaloni Frozen Joggers pentru b\u0103ie\u021bi din magazinul online Ryfi. \u2713Livrare rapid\u0103 \u00een toat\u0103 Spania. \u2713Retururi GRATUITE.","breadcrumb":{"@id":"https:\/\/ryfi.online\/ro\/produs\/disney-frozen-2-anna-elsa-personaje-pantaloni-de-trins\/#breadcrumb"},"inLanguage":"ro-RO","potentialAction":[{"@type":"ReadAction","target":["https:\/\/ryfi.online\/ro\/produs\/disney-frozen-2-anna-elsa-personaje-pantaloni-de-trins\/"]}]},{"@type":"ImageObject","inLanguage":"ro-RO","@id":"https:\/\/ryfi.online\/ro\/produs\/disney-frozen-2-anna-elsa-personaje-pantaloni-de-trins\/#primaryimage","url":"https:\/\/ryfi.online\/wp-content\/uploads\/2021\/10\/th1076.jpg","contentUrl":"https:\/\/ryfi.online\/wp-content\/uploads\/2021\/10\/th1076.jpg","width":800,"height":565,"caption":"Treninguri pentru fete Anna&amp;Elsa -1"},{"@type":"BreadcrumbList","@id":"https:\/\/ryfi.online\/ro\/produs\/disney-frozen-2-anna-elsa-personaje-pantaloni-de-trins\/#breadcrumb","itemListElement":[{"@type":"ListItem","position":1,"name":"Home","item":"https:\/\/ryfi.online\/ro\/"},{"@type":"ListItem","position":2,"name":"Free and Fast Shipping whitin 1-3 Days!!!","item":"https:\/\/ryfi.online\/shop\/"},{"@type":"ListItem","position":3,"name":"Pantaloni de trening Disney Frozen 2 Personajele Anna &amp; Elsa TH1076"}]},{"@type":"WebSite","@id":"https:\/\/ryfi.online\/ro\/#website","url":"https:\/\/ryfi.online\/ro\/","name":"Ryfi Online Store","description":"Online Store","publisher":{"@id":"https:\/\/ryfi.online\/ro\/#organization"},"potentialAction":[{"@type":"SearchAction","target":{"@type":"EntryPoint","urlTemplate":"https:\/\/ryfi.online\/ro\/?s={search_term_string}"},"query-input":{"@type":"PropertyValueSpecification","valueRequired":true,"valueName":"search_term_string"}}],"inLanguage":"ro-RO"},{"@type":"Organization","@id":"https:\/\/ryfi.online\/ro\/#organization","name":"Ryan Future Investments LLC","url":"https:\/\/ryfi.online\/ro\/","logo":{"@type":"ImageObject","inLanguage":"ro-RO","@id":"https:\/\/ryfi.online\/ro\/#\/schema\/logo\/image\/","url":"https:\/\/ryfi.online\/wp-content\/uploads\/2021\/03\/2-03.png","contentUrl":"https:\/\/ryfi.online\/wp-content\/uploads\/2021\/03\/2-03.png","width":1010,"height":310,"caption":"Ryan Future Investments LLC"},"image":{"@id":"https:\/\/ryfi.online\/ro\/#\/schema\/logo\/image\/"},"sameAs":["https:\/\/www.facebook.com\/ryfi.online\/"]}]},"product_brand":"trening","og_availability":"instock","product_availability":"instock","product_condition":"new"},"jetpack-related-posts":[{"id":11372,"url":"https:\/\/ryfi.online\/ro\/produs\/tricou-si-pantaloni-de-omul-paianjen\/","url_meta":{"origin":11739,"position":0},"title":"Set tricou \u0219i pantaloni pentru copii Spiderman UE1109","date":"aprilie 19, 2022","format":false,"excerpt":"Livrare rapid\u0103 \u0219i sigur\u0103 \u00een 1-3 zile lucr\u0103toare","rel":"","context":"Articol similar","img":{"alt_text":"Set Spiderman","src":"https:\/\/i0.wp.com\/ryfi.online\/wp-content\/uploads\/2022\/04\/img_142084_b9dd3931f3ae76581b7aae01014ee611_20.jpg?resize=350%2C200&ssl=1","width":350,"height":200},"classes":[]},{"id":11363,"url":"https:\/\/ryfi.online\/ro\/produs\/set-masini-copii-tricou-si-pantaloni-copie\/","url_meta":{"origin":11739,"position":1},"title":"Set tricouri \u0219i pantaloni pentru copii Cars ET1081","date":"aprilie 21, 2022","format":false,"excerpt":"Livrare rapid\u0103 \u0219i sigur\u0103 \u00een 1-3 zile lucr\u0103toare","rel":"","context":"Articol similar","img":{"alt_text":"","src":"https:\/\/i0.wp.com\/ryfi.online\/wp-content\/uploads\/2022\/04\/et1081.jpg?resize=350%2C200&ssl=1","width":350,"height":200},"classes":[]},{"id":11841,"url":"https:\/\/ryfi.online\/ro\/produs\/marvel-razbunatori-tricou-si-short-pentru-copii\/","url_meta":{"origin":11739,"position":2},"title":"Set tricouri \u0219i pantaloni pentru copii Avengers UE1068","date":"iulie 30, 2021","format":false,"excerpt":"Livrare rapid\u0103 \u0219i sigur\u0103 \u00een 1-3 zile lucr\u0103toare","rel":"","context":"Articol similar","img":{"alt_text":"","src":"https:\/\/i0.wp.com\/ryfi.online\/wp-content\/uploads\/2021\/07\/ue1068.jpg?resize=350%2C200&ssl=1","width":350,"height":200},"classes":[]},{"id":11725,"url":"https:\/\/ryfi.online\/ro\/produs\/pantaloni-de-trening-baiat-cu-imprente-mickey-mouse\/","url_meta":{"origin":11739,"position":3},"title":"Pantaloni de trening pentru baieti cu imprimeu Mickey Mouse UE1161","date":"octombrie 8, 2021","format":false,"excerpt":"Livrare rapid\u0103 \u0219i sigur\u0103 \u00een 1-3 zile lucr\u0103toare","rel":"","context":"Articol similar","img":{"alt_text":" Treninguri pentru baieti Mickey Mouse -1","src":"https:\/\/i0.wp.com\/ryfi.online\/wp-content\/uploads\/2021\/10\/ue1161.jpg?resize=350%2C200&ssl=1","width":350,"height":200},"classes":[]},{"id":11764,"url":"https:\/\/ryfi.online\/ro\/produs\/razboiul-stelelor-pantaloni-de-trins\/","url_meta":{"origin":11739,"position":4},"title":"Pantaloni de trening Star Wars APH1544","date":"octombrie 8, 2021","format":false,"excerpt":"Livrare rapid\u0103 \u0219i sigur\u0103 \u00een 1-3 zile lucr\u0103toare","rel":"","context":"Articol similar","img":{"alt_text":"Treninguri pentru copii Star Wars -1","src":"https:\/\/i0.wp.com\/ryfi.online\/wp-content\/uploads\/2021\/10\/aph1544.jpg?resize=350%2C200&ssl=1","width":350,"height":200},"classes":[]},{"id":11791,"url":"https:\/\/ryfi.online\/ro\/produs\/pantaloni-de-jogger-unisex-cu-imprimare-minioni\/","url_meta":{"origin":11739,"position":5},"title":"Pantaloni de sport unisex cu imprimeu Minions TH1211","date":"octombrie 8, 2021","format":false,"excerpt":"Livrare gratuit\u0103 \u0219i sigur\u0103 \u00een 1-3 zile lucr\u0103toare","rel":"","context":"Articol similar","img":{"alt_text":"Pantaloni de trening","src":"https:\/\/i0.wp.com\/ryfi.online\/wp-content\/uploads\/2021\/10\/th1211.jpg?resize=350%2C200&ssl=1","width":350,"height":200},"classes":[]}],"_links":{"self":[{"href":"https:\/\/ryfi.online\/ro\/wp-json\/wp\/v2\/product\/11739","targetHints":{"allow":["GET"]}}],"collection":[{"href":"https:\/\/ryfi.online\/ro\/wp-json\/wp\/v2\/product"}],"about":[{"href":"https:\/\/ryfi.online\/ro\/wp-json\/wp\/v2\/types\/product"}],"replies":[{"embeddable":true,"href":"https:\/\/ryfi.online\/ro\/wp-json\/wp\/v2\/comments?post=11739"}],"wp:featuredmedia":[{"embeddable":true,"href":"https:\/\/ryfi.online\/ro\/wp-json\/wp\/v2\/media\/11130"}],"wp:attachment":[{"href":"https:\/\/ryfi.online\/ro\/wp-json\/wp\/v2\/media?parent=11739"}],"wp:term":[{"taxonomy":"product_brand","embeddable":true,"href":"https:\/\/ryfi.online\/ro\/wp-json\/wp\/v2\/product_brand?post=11739"},{"taxonomy":"product_cat","embeddable":true,"href":"https:\/\/ryfi.online\/ro\/wp-json\/wp\/v2\/product_cat?post=11739"},{"taxonomy":"product_tag","embeddable":true,"href":"https:\/\/ryfi.online\/ro\/wp-json\/wp\/v2\/product_tag?post=11739"}],"curies":[{"name":"wp","href":"https:\/\/api.w.org\/{rel}","templated":true}]}}