{"id":11631,"date":"2021-10-31T09:45:53","date_gmt":"2022-05-16T17:39:17","guid":{"rendered":"https:\/\/ryfi.online\/product\/pantaloni-de-jogging-pentru-baieti-sun-city-avengers-hu1297\/"},"modified":"2022-05-16T17:39:17","modified_gmt":"2022-05-16T17:39:17","slug":"sun-city-razbunatorii-baieti-pantaloni-de-trins","status":"publish","type":"product","link":"https:\/\/ryfi.online\/ro\/produs\/sun-city-razbunatorii-baieti-pantaloni-de-trins\/","title":{"rendered":"Pantaloni de jogging pentru b\u0103ie\u021bi Sun City Avengers HU1297"},"content":{"rendered":"<p>Ca cadou de ziua de nastere, de Paste sau doar asa. Cu ace\u0219ti frumosi pantaloni Avengers, nu po\u021bi gre\u0219i! Manopera este excelenta si culorile foarte puternice. Se spala la masina la 30\u00b0C, pentru o durata lunga de viata, dar se recomanda spalarea manuala. Cu aceast\u0103 c\u0103ma\u0219\u0103, ochii copiilor \u00eencep s\u0103 radieze!<\/p>\n<ul>\n<li>Caracteristici: text cool pe p\u0103r\u021bile laterale ale picioarelor.<\/li>\n<li>Talie elastic\u0103 cu \u0219nur fix (lungime aprox. 30 cm) pentru a lega.<\/li>\n<li>Buzunare: 2 buzunare laterale.<\/li>\n<li>Material: 100% poliester.<\/li>\n<li>Se spala la masina pana la 30\u00b0C.<\/li>\n<li>Nu este potrivit pentru usc\u0103tor.<\/li>\n<li>Produs oficial.<\/li>\n<li><span class=\"a-list-item\">MARVEL MERCHANDISING OFICIAL<\/span><\/li>\n<li>V\u00e2rsta 4 ani, 6 ani, 8 ani \u0219i 10 ani<\/li>\n<\/ul>\n","protected":false},"excerpt":{"rendered":"<p>Livrare rapid\u0103 \u0219i sigur\u0103 \u00een 1-3 zile lucr\u0103toare<\/p>\n","protected":false},"featured_media":11230,"comment_status":"open","ping_status":"closed","template":"","meta":[],"product_brand":[],"product_cat":[307],"product_tag":[],"class_list":{"0":"post-11631","1":"product","2":"type-product","3":"status-publish","4":"has-post-thumbnail","6":"product_cat-trening","8":"first","9":"instock","10":"featured","11":"taxable","12":"shipping-taxable","13":"purchasable","14":"product-type-variable"},"yoast_head":"<!-- This site is optimized with the Yoast SEO Premium plugin v17.1.2 (Yoast SEO v27.4) - https:\/\/yoast.com\/product\/yoast-seo-premium-wordpress\/ -->\n<title>Pantaloni de jogging pentru b\u0103ie\u021bi Sun City Avengers HU1297 - Ryfi Online Store<\/title>\n<meta name=\"description\" content=\"Dac\u0103 sunte\u021bi un adev\u0103rat fan Avengers, atunci trebuie s\u0103 cump\u0103ra\u021bi pantaloni de trening Avengers din magazinul nostru online. Setul nostru este special conceput pentru iubitorii R\u0103zbun\u0103torilor. comanda acum!!\" \/>\n<meta name=\"robots\" content=\"index, follow, max-snippet:-1, max-image-preview:large, max-video-preview:-1\" \/>\n<link rel=\"canonical\" href=\"https:\/\/ryfi.online\/ro\/produs\/sun-city-razbunatorii-baieti-pantaloni-de-trins\/\" \/>\n<meta property=\"og:locale\" content=\"ro_RO\" \/>\n<meta property=\"og:type\" content=\"article\" \/>\n<meta property=\"og:title\" content=\"Pantaloni de jogging pentru b\u0103ie\u021bi Sun City Avengers HU1297\" \/>\n<meta property=\"og:description\" content=\"Dac\u0103 sunte\u021bi un adev\u0103rat fan Avengers, atunci trebuie s\u0103 cump\u0103ra\u021bi pantaloni de trening Avengers din magazinul nostru online. Setul nostru este special conceput pentru iubitorii R\u0103zbun\u0103torilor. comanda acum!!\" \/>\n<meta property=\"og:url\" content=\"https:\/\/ryfi.online\/ro\/produs\/sun-city-razbunatorii-baieti-pantaloni-de-trins\/\" \/>\n<meta property=\"og:site_name\" content=\"Ryfi Online Store\" \/>\n<meta property=\"article:publisher\" content=\"https:\/\/www.facebook.com\/ryfi.online\/\" \/>\n<meta property=\"og:image\" content=\"https:\/\/ryfi.online\/wp-content\/uploads\/2021\/10\/hu1297.jpg\" \/>\n\t<meta property=\"og:image:width\" content=\"800\" \/>\n\t<meta property=\"og:image:height\" content=\"565\" \/>\n\t<meta property=\"og:image:type\" content=\"image\/jpeg\" \/>\n<meta name=\"twitter:card\" content=\"summary_large_image\" \/>\n<meta name=\"twitter:label1\" content=\"Availability\" \/>\n\t<meta name=\"twitter:data1\" content=\"In stock\" \/>\n<meta property=\"product:brand\" content=\"trening\" \/>\n<meta property=\"og:availability\" content=\"instock\" \/>\n<meta property=\"product:availability\" content=\"instock\" \/>\n<meta property=\"product:condition\" content=\"new\" \/>\n<!-- \/ Yoast SEO Premium plugin. -->","yoast_head_json":{"title":"Pantaloni de jogging pentru b\u0103ie\u021bi Sun City Avengers HU1297 - Ryfi Online Store","description":"Dac\u0103 sunte\u021bi un adev\u0103rat fan Avengers, atunci trebuie s\u0103 cump\u0103ra\u021bi pantaloni de trening Avengers din magazinul nostru online. Setul nostru este special conceput pentru iubitorii R\u0103zbun\u0103torilor. comanda acum!!","robots":{"index":"index","follow":"follow","max-snippet":"max-snippet:-1","max-image-preview":"max-image-preview:large","max-video-preview":"max-video-preview:-1"},"canonical":"https:\/\/ryfi.online\/ro\/produs\/sun-city-razbunatorii-baieti-pantaloni-de-trins\/","og_locale":"ro_RO","og_type":"article","og_title":"Pantaloni de jogging pentru b\u0103ie\u021bi Sun City Avengers HU1297","og_description":"Dac\u0103 sunte\u021bi un adev\u0103rat fan Avengers, atunci trebuie s\u0103 cump\u0103ra\u021bi pantaloni de trening Avengers din magazinul nostru online. Setul nostru este special conceput pentru iubitorii R\u0103zbun\u0103torilor. comanda acum!!","og_url":"https:\/\/ryfi.online\/ro\/produs\/sun-city-razbunatorii-baieti-pantaloni-de-trins\/","og_site_name":"Ryfi Online Store","article_publisher":"https:\/\/www.facebook.com\/ryfi.online\/","og_image":[{"width":800,"height":565,"url":"https:\/\/ryfi.online\/wp-content\/uploads\/2021\/10\/hu1297.jpg","type":"image\/jpeg"}],"twitter_card":"summary_large_image","twitter_misc":{"Availability":"In stock"},"schema":{"@context":"https:\/\/schema.org","@graph":[{"@type":"WebPage","@id":"https:\/\/ryfi.online\/ro\/produs\/sun-city-razbunatorii-baieti-pantaloni-de-trins\/","url":"https:\/\/ryfi.online\/ro\/produs\/sun-city-razbunatorii-baieti-pantaloni-de-trins\/","name":"Pantaloni de jogging pentru b\u0103ie\u021bi Sun City Avengers HU1297 - Ryfi Online Store","isPartOf":{"@id":"https:\/\/ryfi.online\/ro\/#website"},"primaryImageOfPage":{"@id":"https:\/\/ryfi.online\/ro\/produs\/sun-city-razbunatorii-baieti-pantaloni-de-trins\/#primaryimage"},"image":{"@id":"https:\/\/ryfi.online\/ro\/produs\/sun-city-razbunatorii-baieti-pantaloni-de-trins\/#primaryimage"},"thumbnailUrl":"https:\/\/ryfi.online\/wp-content\/uploads\/2021\/10\/hu1297.jpg","datePublished":"2022-05-16T17:39:17+00:00","description":"Dac\u0103 sunte\u021bi un adev\u0103rat fan Avengers, atunci trebuie s\u0103 cump\u0103ra\u021bi pantaloni de trening Avengers din magazinul nostru online. Setul nostru este special conceput pentru iubitorii R\u0103zbun\u0103torilor. comanda acum!!","breadcrumb":{"@id":"https:\/\/ryfi.online\/ro\/produs\/sun-city-razbunatorii-baieti-pantaloni-de-trins\/#breadcrumb"},"inLanguage":"ro-RO","potentialAction":[{"@type":"ReadAction","target":["https:\/\/ryfi.online\/ro\/produs\/sun-city-razbunatorii-baieti-pantaloni-de-trins\/"]}]},{"@type":"ImageObject","inLanguage":"ro-RO","@id":"https:\/\/ryfi.online\/ro\/produs\/sun-city-razbunatorii-baieti-pantaloni-de-trins\/#primaryimage","url":"https:\/\/ryfi.online\/wp-content\/uploads\/2021\/10\/hu1297.jpg","contentUrl":"https:\/\/ryfi.online\/wp-content\/uploads\/2021\/10\/hu1297.jpg","width":800,"height":565},{"@type":"BreadcrumbList","@id":"https:\/\/ryfi.online\/ro\/produs\/sun-city-razbunatorii-baieti-pantaloni-de-trins\/#breadcrumb","itemListElement":[{"@type":"ListItem","position":1,"name":"Home","item":"https:\/\/ryfi.online\/ro\/"},{"@type":"ListItem","position":2,"name":"Free and Fast Shipping whitin 1-3 Days!!!","item":"https:\/\/ryfi.online\/shop\/"},{"@type":"ListItem","position":3,"name":"Pantaloni de jogging pentru b\u0103ie\u021bi Sun City Avengers HU1297"}]},{"@type":"WebSite","@id":"https:\/\/ryfi.online\/ro\/#website","url":"https:\/\/ryfi.online\/ro\/","name":"Ryfi Online Store","description":"Online Store","publisher":{"@id":"https:\/\/ryfi.online\/ro\/#organization"},"potentialAction":[{"@type":"SearchAction","target":{"@type":"EntryPoint","urlTemplate":"https:\/\/ryfi.online\/ro\/?s={search_term_string}"},"query-input":{"@type":"PropertyValueSpecification","valueRequired":true,"valueName":"search_term_string"}}],"inLanguage":"ro-RO"},{"@type":"Organization","@id":"https:\/\/ryfi.online\/ro\/#organization","name":"Ryan Future Investments LLC","url":"https:\/\/ryfi.online\/ro\/","logo":{"@type":"ImageObject","inLanguage":"ro-RO","@id":"https:\/\/ryfi.online\/ro\/#\/schema\/logo\/image\/","url":"https:\/\/ryfi.online\/wp-content\/uploads\/2021\/03\/2-03.png","contentUrl":"https:\/\/ryfi.online\/wp-content\/uploads\/2021\/03\/2-03.png","width":1010,"height":310,"caption":"Ryan Future Investments LLC"},"image":{"@id":"https:\/\/ryfi.online\/ro\/#\/schema\/logo\/image\/"},"sameAs":["https:\/\/www.facebook.com\/ryfi.online\/"]}]},"product_brand":"trening","og_availability":"instock","product_availability":"instock","product_condition":"new"},"jetpack-related-posts":[{"id":11791,"url":"https:\/\/ryfi.online\/ro\/produs\/pantaloni-de-jogger-unisex-cu-imprimare-minioni\/","url_meta":{"origin":11631,"position":0},"title":"Pantaloni de sport unisex cu imprimeu Minions TH1211","date":"octombrie 8, 2021","format":false,"excerpt":"Livrare gratuit\u0103 \u0219i sigur\u0103 \u00een 1-3 zile lucr\u0103toare","rel":"","context":"Articol similar","img":{"alt_text":"Pantaloni de trening","src":"https:\/\/i0.wp.com\/ryfi.online\/wp-content\/uploads\/2021\/10\/th1211.jpg?resize=350%2C200&ssl=1","width":350,"height":200},"classes":[]},{"id":11725,"url":"https:\/\/ryfi.online\/ro\/produs\/pantaloni-de-trening-baiat-cu-imprente-mickey-mouse\/","url_meta":{"origin":11631,"position":1},"title":"Pantaloni de trening pentru baieti cu imprimeu Mickey Mouse UE1161","date":"octombrie 8, 2021","format":false,"excerpt":"Livrare rapid\u0103 \u0219i sigur\u0103 \u00een 1-3 zile lucr\u0103toare","rel":"","context":"Articol similar","img":{"alt_text":" Treninguri pentru baieti Mickey Mouse -1","src":"https:\/\/i0.wp.com\/ryfi.online\/wp-content\/uploads\/2021\/10\/ue1161.jpg?resize=350%2C200&ssl=1","width":350,"height":200},"classes":[]},{"id":11757,"url":"https:\/\/ryfi.online\/ro\/produs\/pantaloni-de-treapta-fete-cu-imprimat-minnie-mouse\/","url_meta":{"origin":11631,"position":2},"title":"Pantaloni de sport cu imprimeu Minnie Mouse pentru fete TH1116","date":"octombrie 8, 2021","format":false,"excerpt":"Livrare rapid\u0103 \u0219i sigur\u0103 \u00een 1-3 zile lucr\u0103toare","rel":"","context":"Articol similar","img":{"alt_text":"Trening pentru fete Minnie Mouse -1","src":"https:\/\/i0.wp.com\/ryfi.online\/wp-content\/uploads\/2021\/10\/th1116.jpg?resize=350%2C200&ssl=1","width":350,"height":200},"classes":[]},{"id":11841,"url":"https:\/\/ryfi.online\/ro\/produs\/marvel-razbunatori-tricou-si-short-pentru-copii\/","url_meta":{"origin":11631,"position":3},"title":"Set tricouri \u0219i pantaloni pentru copii Avengers UE1068","date":"iulie 30, 2021","format":false,"excerpt":"Livrare rapid\u0103 \u0219i sigur\u0103 \u00een 1-3 zile lucr\u0103toare","rel":"","context":"Articol similar","img":{"alt_text":"","src":"https:\/\/i0.wp.com\/ryfi.online\/wp-content\/uploads\/2021\/07\/ue1068.jpg?resize=350%2C200&ssl=1","width":350,"height":200},"classes":[]},{"id":11774,"url":"https:\/\/ryfi.online\/ro\/produs\/pantaloni-de-treapta-fete-cu-print-peppa-pig\/","url_meta":{"origin":11631,"position":4},"title":"Pantaloni de trening pentru feti\u021b\u0103 cu imprimeu Peppa Pig TH1251","date":"octombrie 8, 2021","format":false,"excerpt":"Livrare rapid\u0103 \u0219i sigur\u0103 \u00een 1-3 zile lucr\u0103toare","rel":"","context":"Articol similar","img":{"alt_text":"Trening pentru fete Peppa Pig","src":"https:\/\/i0.wp.com\/ryfi.online\/wp-content\/uploads\/2021\/10\/th1251-Copy.jpg?resize=350%2C200&ssl=1","width":350,"height":200},"classes":[]},{"id":11805,"url":"https:\/\/ryfi.online\/ro\/produs\/minions-hanorac-hanoraco-pentru-baiat-minions-produs-oficial\/","url_meta":{"origin":11631,"position":5},"title":"Hanorac cu glug\u0103 Minions pentru b\u0103ie\u021bi &#8211; Produs Oficial Minions EP1033","date":"octombrie 8, 2021","format":false,"excerpt":"Livrare rapida si sigura in 1-3 zile. munc\u0103","rel":"","context":"Articol similar","img":{"alt_text":"","src":"https:\/\/i0.wp.com\/ryfi.online\/wp-content\/uploads\/2021\/10\/ep1033.jpg?resize=350%2C200&ssl=1","width":350,"height":200},"classes":[]}],"_links":{"self":[{"href":"https:\/\/ryfi.online\/ro\/wp-json\/wp\/v2\/product\/11631","targetHints":{"allow":["GET"]}}],"collection":[{"href":"https:\/\/ryfi.online\/ro\/wp-json\/wp\/v2\/product"}],"about":[{"href":"https:\/\/ryfi.online\/ro\/wp-json\/wp\/v2\/types\/product"}],"replies":[{"embeddable":true,"href":"https:\/\/ryfi.online\/ro\/wp-json\/wp\/v2\/comments?post=11631"}],"wp:featuredmedia":[{"embeddable":true,"href":"https:\/\/ryfi.online\/ro\/wp-json\/wp\/v2\/media\/11230"}],"wp:attachment":[{"href":"https:\/\/ryfi.online\/ro\/wp-json\/wp\/v2\/media?parent=11631"}],"wp:term":[{"taxonomy":"product_brand","embeddable":true,"href":"https:\/\/ryfi.online\/ro\/wp-json\/wp\/v2\/product_brand?post=11631"},{"taxonomy":"product_cat","embeddable":true,"href":"https:\/\/ryfi.online\/ro\/wp-json\/wp\/v2\/product_cat?post=11631"},{"taxonomy":"product_tag","embeddable":true,"href":"https:\/\/ryfi.online\/ro\/wp-json\/wp\/v2\/product_tag?post=11631"}],"curies":[{"name":"wp","href":"https:\/\/api.w.org\/{rel}","templated":true}]}}