{"id":11472,"date":"2022-04-30T19:35:19","date_gmt":"2022-05-10T17:36:51","guid":{"rendered":"https:\/\/ryfi.online\/product\/pijamale-minnie-pentru-fete-ev2084\/"},"modified":"2022-12-26T14:07:00","modified_gmt":"2022-12-26T14:07:00","slug":"minnie-pijamale-pentru-fete-ev2084","status":"publish","type":"product","link":"https:\/\/ryfi.online\/ro\/produs\/minnie-pijamale-pentru-fete-ev2084\/","title":{"rendered":"Pijamale Minnie pentru fete EV2084"},"content":{"rendered":"<p>Ca cadou de ziua de nastere, de Paste sau doar asa. Cu frumoasele pijamale Minnie, nu po\u021bi gre\u0219i! Manopera este excelenta si culorile foarte puternice. Cu aceste minunate pijamale, copiii se vor odihni minunat! Se spala la masina la 30\u00b0C, pentru o durata lunga de viata, dar se recomanda spalarea manuala. Cu acest set ochii copiilor \u00eencep s\u0103 radieze!<\/p>\n<p>\u2705Pijamale Minnie pentru fete<\/p>\n<p>\u2705 Culoare: roz-gri<\/p>\n<p>\u2705 100% bumbac,<\/p>\n<p>\u2705 V\u00e2rsta: 3 ani, 4 ani, 5 ani, 6 ani, 7 ani, 8 ani<\/p>\n","protected":false},"excerpt":{"rendered":"<p>Livrare rapid\u0103 \u0219i sigur\u0103 \u00een 1-3 zile lucr\u0103toare<\/p>\n","protected":false},"featured_media":11352,"comment_status":"open","ping_status":"closed","template":"","meta":[],"product_brand":[],"product_cat":[304],"product_tag":[],"class_list":{"0":"post-11472","1":"product","2":"type-product","3":"status-publish","4":"has-post-thumbnail","6":"product_cat-pijamale-pentru-copii","8":"first","9":"instock","10":"featured","11":"taxable","12":"shipping-taxable","13":"purchasable","14":"product-type-variable"},"yoast_head":"<!-- This site is optimized with the Yoast SEO Premium plugin v17.1.2 (Yoast SEO v27.4) - https:\/\/yoast.com\/product\/yoast-seo-premium-wordpress\/ -->\n<title>Pijamale Minnie pentru fete EV2084 - Ryfi Online Store<\/title>\n<meta name=\"description\" content=\"Cump\u0103ra\u021bi online aceast\u0103 pijamale Minnie pentru fete pentru copiii care iubesc personajul din desene animate, Minnie. Aceast\u0103 pijama este disponibil\u0103 \u00een multe culori diferite pentru copii.\" \/>\n<meta name=\"robots\" content=\"index, follow, max-snippet:-1, max-image-preview:large, max-video-preview:-1\" \/>\n<link rel=\"canonical\" href=\"https:\/\/ryfi.online\/ro\/produs\/minnie-pijamale-pentru-fete-ev2084\/\" \/>\n<meta property=\"og:locale\" content=\"ro_RO\" \/>\n<meta property=\"og:type\" content=\"article\" \/>\n<meta property=\"og:title\" content=\"Pijamale Minnie pentru fete EV2084\" \/>\n<meta property=\"og:description\" content=\"Cump\u0103ra\u021bi online aceast\u0103 pijamale Minnie pentru fete pentru copiii care iubesc personajul din desene animate, Minnie. Aceast\u0103 pijama este disponibil\u0103 \u00een multe culori diferite pentru copii.\" \/>\n<meta property=\"og:url\" content=\"https:\/\/ryfi.online\/ro\/produs\/minnie-pijamale-pentru-fete-ev2084\/\" \/>\n<meta property=\"og:site_name\" content=\"Ryfi Online Store\" \/>\n<meta property=\"article:publisher\" content=\"https:\/\/www.facebook.com\/ryfi.online\/\" \/>\n<meta property=\"article:modified_time\" content=\"2022-12-26T14:07:00+00:00\" \/>\n<meta property=\"og:image\" content=\"https:\/\/ryfi.online\/wp-content\/uploads\/2022\/04\/ev2084.i06.jpg\" \/>\n\t<meta property=\"og:image:width\" content=\"800\" \/>\n\t<meta property=\"og:image:height\" content=\"565\" \/>\n\t<meta property=\"og:image:type\" content=\"image\/jpeg\" \/>\n<meta name=\"twitter:card\" content=\"summary_large_image\" \/>\n<meta name=\"twitter:label1\" content=\"Availability\" \/>\n\t<meta name=\"twitter:data1\" content=\"In stock\" \/>\n<meta property=\"product:brand\" content=\"pijamale pentru copii\" \/>\n<meta property=\"og:availability\" content=\"instock\" \/>\n<meta property=\"product:availability\" content=\"instock\" \/>\n<meta property=\"product:condition\" content=\"new\" \/>\n<!-- \/ Yoast SEO Premium plugin. -->","yoast_head_json":{"title":"Pijamale Minnie pentru fete EV2084 - Ryfi Online Store","description":"Cump\u0103ra\u021bi online aceast\u0103 pijamale Minnie pentru fete pentru copiii care iubesc personajul din desene animate, Minnie. Aceast\u0103 pijama este disponibil\u0103 \u00een multe culori diferite pentru copii.","robots":{"index":"index","follow":"follow","max-snippet":"max-snippet:-1","max-image-preview":"max-image-preview:large","max-video-preview":"max-video-preview:-1"},"canonical":"https:\/\/ryfi.online\/ro\/produs\/minnie-pijamale-pentru-fete-ev2084\/","og_locale":"ro_RO","og_type":"article","og_title":"Pijamale Minnie pentru fete EV2084","og_description":"Cump\u0103ra\u021bi online aceast\u0103 pijamale Minnie pentru fete pentru copiii care iubesc personajul din desene animate, Minnie. Aceast\u0103 pijama este disponibil\u0103 \u00een multe culori diferite pentru copii.","og_url":"https:\/\/ryfi.online\/ro\/produs\/minnie-pijamale-pentru-fete-ev2084\/","og_site_name":"Ryfi Online Store","article_publisher":"https:\/\/www.facebook.com\/ryfi.online\/","article_modified_time":"2022-12-26T14:07:00+00:00","og_image":[{"width":800,"height":565,"url":"https:\/\/ryfi.online\/wp-content\/uploads\/2022\/04\/ev2084.i06.jpg","type":"image\/jpeg"}],"twitter_card":"summary_large_image","twitter_misc":{"Availability":"In stock"},"schema":{"@context":"https:\/\/schema.org","@graph":[{"@type":"WebPage","@id":"https:\/\/ryfi.online\/ro\/produs\/minnie-pijamale-pentru-fete-ev2084\/","url":"https:\/\/ryfi.online\/ro\/produs\/minnie-pijamale-pentru-fete-ev2084\/","name":"Pijamale Minnie pentru fete EV2084 - Ryfi Online Store","isPartOf":{"@id":"https:\/\/ryfi.online\/ro\/#website"},"primaryImageOfPage":{"@id":"https:\/\/ryfi.online\/ro\/produs\/minnie-pijamale-pentru-fete-ev2084\/#primaryimage"},"image":{"@id":"https:\/\/ryfi.online\/ro\/produs\/minnie-pijamale-pentru-fete-ev2084\/#primaryimage"},"thumbnailUrl":"https:\/\/ryfi.online\/wp-content\/uploads\/2022\/04\/ev2084.i06.jpg","datePublished":"2022-05-10T17:36:51+00:00","dateModified":"2022-12-26T14:07:00+00:00","description":"Cump\u0103ra\u021bi online aceast\u0103 pijamale Minnie pentru fete pentru copiii care iubesc personajul din desene animate, Minnie. Aceast\u0103 pijama este disponibil\u0103 \u00een multe culori diferite pentru copii.","breadcrumb":{"@id":"https:\/\/ryfi.online\/ro\/produs\/minnie-pijamale-pentru-fete-ev2084\/#breadcrumb"},"inLanguage":"ro-RO","potentialAction":[{"@type":"ReadAction","target":["https:\/\/ryfi.online\/ro\/produs\/minnie-pijamale-pentru-fete-ev2084\/"]}]},{"@type":"ImageObject","inLanguage":"ro-RO","@id":"https:\/\/ryfi.online\/ro\/produs\/minnie-pijamale-pentru-fete-ev2084\/#primaryimage","url":"https:\/\/ryfi.online\/wp-content\/uploads\/2022\/04\/ev2084.i06.jpg","contentUrl":"https:\/\/ryfi.online\/wp-content\/uploads\/2022\/04\/ev2084.i06.jpg","width":800,"height":565,"caption":"pijamale minnie"},{"@type":"BreadcrumbList","@id":"https:\/\/ryfi.online\/ro\/produs\/minnie-pijamale-pentru-fete-ev2084\/#breadcrumb","itemListElement":[{"@type":"ListItem","position":1,"name":"Home","item":"https:\/\/ryfi.online\/ro\/"},{"@type":"ListItem","position":2,"name":"Free and Fast Shipping whitin 1-3 Days!!!","item":"https:\/\/ryfi.online\/shop\/"},{"@type":"ListItem","position":3,"name":"Pijamale Minnie pentru fete EV2084"}]},{"@type":"WebSite","@id":"https:\/\/ryfi.online\/ro\/#website","url":"https:\/\/ryfi.online\/ro\/","name":"Ryfi Online Store","description":"Online Store","publisher":{"@id":"https:\/\/ryfi.online\/ro\/#organization"},"potentialAction":[{"@type":"SearchAction","target":{"@type":"EntryPoint","urlTemplate":"https:\/\/ryfi.online\/ro\/?s={search_term_string}"},"query-input":{"@type":"PropertyValueSpecification","valueRequired":true,"valueName":"search_term_string"}}],"inLanguage":"ro-RO"},{"@type":"Organization","@id":"https:\/\/ryfi.online\/ro\/#organization","name":"Ryan Future Investments LLC","url":"https:\/\/ryfi.online\/ro\/","logo":{"@type":"ImageObject","inLanguage":"ro-RO","@id":"https:\/\/ryfi.online\/ro\/#\/schema\/logo\/image\/","url":"https:\/\/ryfi.online\/wp-content\/uploads\/2021\/03\/2-03.png","contentUrl":"https:\/\/ryfi.online\/wp-content\/uploads\/2021\/03\/2-03.png","width":1010,"height":310,"caption":"Ryan Future Investments LLC"},"image":{"@id":"https:\/\/ryfi.online\/ro\/#\/schema\/logo\/image\/"},"sameAs":["https:\/\/www.facebook.com\/ryfi.online\/"]}]},"product_brand":"pijamale pentru copii","og_availability":"instock","product_availability":"instock","product_condition":"new"},"jetpack-related-posts":[{"id":10263,"url":"https:\/\/ryfi.online\/ro\/produs\/copii-patrula-pijamale-ev2098\/","url_meta":{"origin":11472,"position":0},"title":"Pijamale Paw Patrol pentru baieti EV2098","date":"aprilie 30, 2022","format":false,"excerpt":"Livrare rapid\u0103 \u0219i sigur\u0103 \u00een 1-3 zile lucr\u0103toare","rel":"","context":"Articol similar","img":{"alt_text":"pijamale patrula labe","src":"https:\/\/i0.wp.com\/ryfi.online\/wp-content\/uploads\/2022\/04\/ev2098.i00.b.jpg?resize=350%2C200&ssl=1","width":350,"height":200},"classes":[]},{"id":11971,"url":"https:\/\/ryfi.online\/ro\/produs\/tricou-cu-disney-minnie-design-pentru-fete\/","url_meta":{"origin":11472,"position":1},"title":"Tricou Disney Minnie Mouse pentru fete ET1119","date":"iunie 9, 2021","format":false,"excerpt":"Livrare gratuit\u0103 1-3 zile lucr\u0103toare Retur gratuit","rel":"","context":"Articol similar","img":{"alt_text":"Tricou Minnie Mouse","src":"https:\/\/i0.wp.com\/ryfi.online\/wp-content\/uploads\/2021\/06\/ET1119_REF1.jpg?resize=350%2C200&ssl=1","width":350,"height":200},"classes":[]},{"id":10334,"url":"https:\/\/ryfi.online\/ro\/produs\/set-minnie-ev1079\/","url_meta":{"origin":11472,"position":2},"title":"Set Minnie pentru fete EV1079","date":"aprilie 30, 2022","format":false,"excerpt":"Livrare rapid\u0103 \u0219i sigur\u0103 \u00een 1-3 zile lucr\u0103toare","rel":"","context":"Articol similar","img":{"alt_text":"Minnie set","src":"https:\/\/i0.wp.com\/ryfi.online\/wp-content\/uploads\/2022\/04\/ev1079.jpg?resize=350%2C200&ssl=1","width":350,"height":200},"classes":[]},{"id":10285,"url":"https:\/\/ryfi.online\/ro\/produs\/pijamale-batman-pentru-copii-ev2051\/","url_meta":{"origin":11472,"position":3},"title":"Pijamale Batman pentru b\u0103ie\u021bi EV2051","date":"aprilie 30, 2022","format":false,"excerpt":"Livrare rapid\u0103 \u0219i sigur\u0103 \u00een 1-3 zile lucr\u0103toare","rel":"","context":"Articol similar","img":{"alt_text":"pijamale Batman","src":"https:\/\/i0.wp.com\/ryfi.online\/wp-content\/uploads\/2022\/04\/ev2051.jpg?resize=350%2C200&ssl=1","width":350,"height":200},"classes":[]},{"id":11800,"url":"https:\/\/ryfi.online\/ro\/produs\/pijama-polara-maneca-lunga-pentru-copii-capitan-america\/","url_meta":{"origin":11472,"position":4},"title":"Pijamale din l\u00e2n\u0103 Captain America pentru b\u0103ie\u021bi TH2154","date":"octombrie 8, 2021","format":false,"excerpt":"Livrare rapid\u0103 \u0219i sigur\u0103 \u00een 1-3 zile lucr\u0103toare","rel":"","context":"Articol similar","img":{"alt_text":"","src":"https:\/\/i0.wp.com\/ryfi.online\/wp-content\/uploads\/2021\/10\/th2154_bl.jpg?resize=350%2C200&ssl=1","width":350,"height":200},"classes":[]},{"id":12656,"url":"https:\/\/ryfi.online\/ro\/produs\/disney-minnie-design-baseball-cap-pentru-fete\/","url_meta":{"origin":11472,"position":5},"title":"Fete Disney Minnie Baseball Cap","date":"iunie 9, 2021","format":false,"excerpt":"Ca un cadou de ziua de na\u0219tere, de S\u0103rb\u0103tori sau de Pa\u0219te sau pur \u0219i simplu. Cu frumoasa \u0219apc\u0103 Disney Minnie, nu ai cum s\u0103 dai gre\u0219! 100% bumbac \u0219i 100% poliester. Exist\u0103 o \u00eenchidere la spate pentru o potrivire perfect\u0103 cu c\u0103p\u0219oarele pentru un confort maxim. Manopera este excelent\u0103,\u2026","rel":"","context":"Articol similar","img":{"alt_text":"Gorra Minnie Disney","src":"https:\/\/i0.wp.com\/ryfi.online\/wp-content\/uploads\/2021\/06\/et4050_pi.jpg?resize=350%2C200&ssl=1","width":350,"height":200},"classes":[]}],"_links":{"self":[{"href":"https:\/\/ryfi.online\/ro\/wp-json\/wp\/v2\/product\/11472","targetHints":{"allow":["GET"]}}],"collection":[{"href":"https:\/\/ryfi.online\/ro\/wp-json\/wp\/v2\/product"}],"about":[{"href":"https:\/\/ryfi.online\/ro\/wp-json\/wp\/v2\/types\/product"}],"replies":[{"embeddable":true,"href":"https:\/\/ryfi.online\/ro\/wp-json\/wp\/v2\/comments?post=11472"}],"wp:featuredmedia":[{"embeddable":true,"href":"https:\/\/ryfi.online\/ro\/wp-json\/wp\/v2\/media\/11352"}],"wp:attachment":[{"href":"https:\/\/ryfi.online\/ro\/wp-json\/wp\/v2\/media?parent=11472"}],"wp:term":[{"taxonomy":"product_brand","embeddable":true,"href":"https:\/\/ryfi.online\/ro\/wp-json\/wp\/v2\/product_brand?post=11472"},{"taxonomy":"product_cat","embeddable":true,"href":"https:\/\/ryfi.online\/ro\/wp-json\/wp\/v2\/product_cat?post=11472"},{"taxonomy":"product_tag","embeddable":true,"href":"https:\/\/ryfi.online\/ro\/wp-json\/wp\/v2\/product_tag?post=11472"}],"curies":[{"name":"wp","href":"https:\/\/api.w.org\/{rel}","templated":true}]}}