{"id":11399,"date":"2021-10-31T10:03:14","date_gmt":"2022-05-10T15:31:49","guid":{"rendered":"https:\/\/ryfi.online\/product\/pijama-din-lana-pentru-baieti-ryfi-spiderman-hu2130\/"},"modified":"2022-12-26T14:10:26","modified_gmt":"2022-12-26T14:10:26","slug":"ryfi-pijama-polar-copil-spiderman","status":"publish","type":"product","link":"https:\/\/ryfi.online\/ro\/produs\/ryfi-pijama-polar-copil-spiderman\/","title":{"rendered":"Pijama din l\u00e2n\u0103 pentru b\u0103ie\u021bi Ryfi Spiderman HU2130"},"content":{"rendered":"<p>Ca cadou de ziua de nastere, de Paste sau doar asa. Cu frumoasele pijamale Spiderman, nu po\u021bi gre\u0219i! Manopera este excelenta si culorile foarte puternice. Cu aceste minunate pijamale, copiii se vor odihni minunat! Se spala la masina la 30\u00b0C, pentru o durata lunga de viata, dar se recomanda spalarea manuala. Cu acest set ochii copiilor \u00eencep s\u0103 radieze!<\/p>\n<ul class=\"a-unordered-list a-vertical a-spacing-mini\">\n<li><span class=\"a-list-item\">Produs oficial Spider-Man<br \/>\n<\/span><\/li>\n<li><span class=\"a-list-item\">Pijamale din l\u00e2n\u0103 Spiderman pentru copii<br \/>\n<\/span><\/li>\n<li><span class=\"a-list-item\">100% bumbac<\/span><\/li>\n<li><span class=\"a-list-item\">Spalare la masina<\/span><\/li>\n<li><span class=\"a-list-item\">Omul Paianjen<\/span><\/li>\n<li>V\u00e2rsta 3 ani, 4 ani, 6 ani \u0219i 8 ani<\/li>\n<\/ul>\n","protected":false},"excerpt":{"rendered":"<p>Livrare rapid\u0103 \u0219i sigur\u0103 \u00een 1-3 zile lucr\u0103toare<\/p>\n","protected":false},"featured_media":11237,"comment_status":"open","ping_status":"closed","template":"","meta":[],"product_brand":[],"product_cat":[304],"product_tag":[],"class_list":{"0":"post-11399","1":"product","2":"type-product","3":"status-publish","4":"has-post-thumbnail","6":"product_cat-pijamale-pentru-copii","8":"first","9":"instock","10":"featured","11":"taxable","12":"shipping-taxable","13":"purchasable","14":"product-type-variable"},"yoast_head":"<!-- This site is optimized with the Yoast SEO Premium plugin v17.1.2 (Yoast SEO v27.5) - https:\/\/yoast.com\/product\/yoast-seo-premium-wordpress\/ -->\n<title>Pijamale de L\u00e2n\u0103 Spiderman pentru B\u0103ie\u021bi - Magazin Online Ryfi<\/title>\n<meta name=\"description\" content=\"Comanda online pentru aceasta Pijama Fleece Spiderman pentru baieti, un cadou perfect pentru iubitorii de Spiderman si ofera un nivel bun de confort copiilor. Cump\u0103ra\u021bi ast\u0103zi de pe ryfi.online.\" \/>\n<meta name=\"robots\" content=\"index, follow, max-snippet:-1, max-image-preview:large, max-video-preview:-1\" \/>\n<link rel=\"canonical\" href=\"https:\/\/ryfi.online\/ro\/produs\/ryfi-pijama-polar-copil-spiderman\/\" \/>\n<meta property=\"og:locale\" content=\"ro_RO\" \/>\n<meta property=\"og:type\" content=\"article\" \/>\n<meta property=\"og:title\" content=\"Pijama din l\u00e2n\u0103 pentru b\u0103ie\u021bi Ryfi Spiderman HU2130\" \/>\n<meta property=\"og:description\" content=\"Comanda online pentru aceasta Pijama Fleece Spiderman pentru baieti, un cadou perfect pentru iubitorii de Spiderman si ofera un nivel bun de confort copiilor. Cump\u0103ra\u021bi ast\u0103zi de pe ryfi.online.\" \/>\n<meta property=\"og:url\" content=\"https:\/\/ryfi.online\/ro\/produs\/ryfi-pijama-polar-copil-spiderman\/\" \/>\n<meta property=\"og:site_name\" content=\"Ryfi Online Store\" \/>\n<meta property=\"article:publisher\" content=\"https:\/\/www.facebook.com\/ryfi.online\/\" \/>\n<meta property=\"article:modified_time\" content=\"2022-12-26T14:10:26+00:00\" \/>\n<meta property=\"og:image\" content=\"https:\/\/ryfi.online\/wp-content\/uploads\/2021\/10\/hu2130.jpg\" \/>\n\t<meta property=\"og:image:width\" content=\"800\" \/>\n\t<meta property=\"og:image:height\" content=\"565\" \/>\n\t<meta property=\"og:image:type\" content=\"image\/jpeg\" \/>\n<meta name=\"twitter:card\" content=\"summary_large_image\" \/>\n<meta name=\"twitter:label1\" content=\"Availability\" \/>\n\t<meta name=\"twitter:data1\" content=\"In stock\" \/>\n<meta property=\"product:brand\" content=\"pijamale pentru copii\" \/>\n<meta property=\"og:availability\" content=\"instock\" \/>\n<meta property=\"product:availability\" content=\"instock\" \/>\n<meta property=\"product:condition\" content=\"new\" \/>\n<!-- \/ Yoast SEO Premium plugin. -->","yoast_head_json":{"title":"Pijamale de L\u00e2n\u0103 Spiderman pentru B\u0103ie\u021bi - Magazin Online Ryfi","description":"Comanda online pentru aceasta Pijama Fleece Spiderman pentru baieti, un cadou perfect pentru iubitorii de Spiderman si ofera un nivel bun de confort copiilor. Cump\u0103ra\u021bi ast\u0103zi de pe ryfi.online.","robots":{"index":"index","follow":"follow","max-snippet":"max-snippet:-1","max-image-preview":"max-image-preview:large","max-video-preview":"max-video-preview:-1"},"canonical":"https:\/\/ryfi.online\/ro\/produs\/ryfi-pijama-polar-copil-spiderman\/","og_locale":"ro_RO","og_type":"article","og_title":"Pijama din l\u00e2n\u0103 pentru b\u0103ie\u021bi Ryfi Spiderman HU2130","og_description":"Comanda online pentru aceasta Pijama Fleece Spiderman pentru baieti, un cadou perfect pentru iubitorii de Spiderman si ofera un nivel bun de confort copiilor. Cump\u0103ra\u021bi ast\u0103zi de pe ryfi.online.","og_url":"https:\/\/ryfi.online\/ro\/produs\/ryfi-pijama-polar-copil-spiderman\/","og_site_name":"Ryfi Online Store","article_publisher":"https:\/\/www.facebook.com\/ryfi.online\/","article_modified_time":"2022-12-26T14:10:26+00:00","og_image":[{"width":800,"height":565,"url":"https:\/\/ryfi.online\/wp-content\/uploads\/2021\/10\/hu2130.jpg","type":"image\/jpeg"}],"twitter_card":"summary_large_image","twitter_misc":{"Availability":"In stock"},"schema":{"@context":"https:\/\/schema.org","@graph":[{"@type":"WebPage","@id":"https:\/\/ryfi.online\/ro\/produs\/ryfi-pijama-polar-copil-spiderman\/","url":"https:\/\/ryfi.online\/ro\/produs\/ryfi-pijama-polar-copil-spiderman\/","name":"Pijamale de L\u00e2n\u0103 Spiderman pentru B\u0103ie\u021bi - Magazin Online Ryfi","isPartOf":{"@id":"https:\/\/ryfi.online\/ro\/#website"},"primaryImageOfPage":{"@id":"https:\/\/ryfi.online\/ro\/produs\/ryfi-pijama-polar-copil-spiderman\/#primaryimage"},"image":{"@id":"https:\/\/ryfi.online\/ro\/produs\/ryfi-pijama-polar-copil-spiderman\/#primaryimage"},"thumbnailUrl":"https:\/\/ryfi.online\/wp-content\/uploads\/2021\/10\/hu2130.jpg","datePublished":"2022-05-10T15:31:49+00:00","dateModified":"2022-12-26T14:10:26+00:00","description":"Comanda online pentru aceasta Pijama Fleece Spiderman pentru baieti, un cadou perfect pentru iubitorii de Spiderman si ofera un nivel bun de confort copiilor. Cump\u0103ra\u021bi ast\u0103zi de pe ryfi.online.","breadcrumb":{"@id":"https:\/\/ryfi.online\/ro\/produs\/ryfi-pijama-polar-copil-spiderman\/#breadcrumb"},"inLanguage":"ro-RO","potentialAction":[{"@type":"ReadAction","target":["https:\/\/ryfi.online\/ro\/produs\/ryfi-pijama-polar-copil-spiderman\/"]}]},{"@type":"ImageObject","inLanguage":"ro-RO","@id":"https:\/\/ryfi.online\/ro\/produs\/ryfi-pijama-polar-copil-spiderman\/#primaryimage","url":"https:\/\/ryfi.online\/wp-content\/uploads\/2021\/10\/hu2130.jpg","contentUrl":"https:\/\/ryfi.online\/wp-content\/uploads\/2021\/10\/hu2130.jpg","width":800,"height":565},{"@type":"BreadcrumbList","@id":"https:\/\/ryfi.online\/ro\/produs\/ryfi-pijama-polar-copil-spiderman\/#breadcrumb","itemListElement":[{"@type":"ListItem","position":1,"name":"Home","item":"https:\/\/ryfi.online\/ro\/"},{"@type":"ListItem","position":2,"name":"Free and Fast Shipping whitin 1-3 Days!!!","item":"https:\/\/ryfi.online\/shop\/"},{"@type":"ListItem","position":3,"name":"Pijama din l\u00e2n\u0103 pentru b\u0103ie\u021bi Ryfi Spiderman HU2130"}]},{"@type":"WebSite","@id":"https:\/\/ryfi.online\/ro\/#website","url":"https:\/\/ryfi.online\/ro\/","name":"Ryfi Online Store","description":"Online Store","publisher":{"@id":"https:\/\/ryfi.online\/ro\/#organization"},"potentialAction":[{"@type":"SearchAction","target":{"@type":"EntryPoint","urlTemplate":"https:\/\/ryfi.online\/ro\/?s={search_term_string}"},"query-input":{"@type":"PropertyValueSpecification","valueRequired":true,"valueName":"search_term_string"}}],"inLanguage":"ro-RO"},{"@type":"Organization","@id":"https:\/\/ryfi.online\/ro\/#organization","name":"Ryan Future Investments LLC","url":"https:\/\/ryfi.online\/ro\/","logo":{"@type":"ImageObject","inLanguage":"ro-RO","@id":"https:\/\/ryfi.online\/ro\/#\/schema\/logo\/image\/","url":"https:\/\/ryfi.online\/wp-content\/uploads\/2021\/03\/2-03.png","contentUrl":"https:\/\/ryfi.online\/wp-content\/uploads\/2021\/03\/2-03.png","width":1010,"height":310,"caption":"Ryan Future Investments LLC"},"image":{"@id":"https:\/\/ryfi.online\/ro\/#\/schema\/logo\/image\/"},"sameAs":["https:\/\/www.facebook.com\/ryfi.online\/"]}]},"product_brand":"pijamale pentru copii","og_availability":"instock","product_availability":"instock","product_condition":"new"},"jetpack-related-posts":[{"id":11800,"url":"https:\/\/ryfi.online\/ro\/produs\/pijama-polara-maneca-lunga-pentru-copii-capitan-america\/","url_meta":{"origin":11399,"position":0},"title":"Pijamale din l\u00e2n\u0103 Captain America pentru b\u0103ie\u021bi TH2154","date":"octombrie 8, 2021","format":false,"excerpt":"Livrare rapid\u0103 \u0219i sigur\u0103 \u00een 1-3 zile lucr\u0103toare","rel":"","context":"Articol similar","img":{"alt_text":"","src":"https:\/\/i0.wp.com\/ryfi.online\/wp-content\/uploads\/2021\/10\/th2154_bl.jpg?resize=350%2C200&ssl=1","width":350,"height":200},"classes":[]},{"id":11614,"url":"https:\/\/ryfi.online\/ro\/produs\/ryfi-pijama-polar-fata-inghetata\/","url_meta":{"origin":11399,"position":1},"title":"Ryfi Girls Polar Pijama Frozen HU2022","date":"octombrie 31, 2021","format":false,"excerpt":"Livrare rapid\u0103 \u0219i sigur\u0103 \u00een 1-3 zile lucr\u0103toare","rel":"","context":"Articol similar","img":{"alt_text":"","src":"https:\/\/i0.wp.com\/ryfi.online\/wp-content\/uploads\/2021\/10\/hu2022.jpg?resize=350%2C200&ssl=1","width":350,"height":200},"classes":[]},{"id":11733,"url":"https:\/\/ryfi.online\/ro\/produs\/pijamale-patrula-labe-pentru-copii\/","url_meta":{"origin":11399,"position":2},"title":"Pijamale pentru b\u0103ie\u021bi Paw Patrol HU2034","date":"octombrie 8, 2021","format":false,"excerpt":"Livrare rapid\u0103 \u0219i sigur\u0103 \u00een 1-3 zile lucr\u0103toare","rel":"","context":"Articol similar","img":{"alt_text":"","src":"https:\/\/i0.wp.com\/ryfi.online\/wp-content\/uploads\/2021\/10\/hu2034.jpg?resize=350%2C200&ssl=1","width":350,"height":200},"classes":[]},{"id":10285,"url":"https:\/\/ryfi.online\/ro\/produs\/pijamale-batman-pentru-copii-ev2051\/","url_meta":{"origin":11399,"position":3},"title":"Pijamale Batman pentru b\u0103ie\u021bi EV2051","date":"aprilie 30, 2022","format":false,"excerpt":"Livrare rapid\u0103 \u0219i sigur\u0103 \u00een 1-3 zile lucr\u0103toare","rel":"","context":"Articol similar","img":{"alt_text":"pijamale Batman","src":"https:\/\/i0.wp.com\/ryfi.online\/wp-content\/uploads\/2022\/04\/ev2051.jpg?resize=350%2C200&ssl=1","width":350,"height":200},"classes":[]},{"id":11472,"url":"https:\/\/ryfi.online\/ro\/produs\/minnie-pijamale-pentru-fete-ev2084\/","url_meta":{"origin":11399,"position":4},"title":"Pijamale Minnie pentru fete EV2084","date":"aprilie 30, 2022","format":false,"excerpt":"Livrare rapid\u0103 \u0219i sigur\u0103 \u00een 1-3 zile lucr\u0103toare","rel":"","context":"Articol similar","img":{"alt_text":"pijamale minnie","src":"https:\/\/i0.wp.com\/ryfi.online\/wp-content\/uploads\/2022\/04\/ev2084.i06.jpg?resize=350%2C200&ssl=1","width":350,"height":200},"classes":[]},{"id":10263,"url":"https:\/\/ryfi.online\/ro\/produs\/copii-patrula-pijamale-ev2098\/","url_meta":{"origin":11399,"position":5},"title":"Pijamale Paw Patrol pentru baieti EV2098","date":"aprilie 30, 2022","format":false,"excerpt":"Livrare rapid\u0103 \u0219i sigur\u0103 \u00een 1-3 zile lucr\u0103toare","rel":"","context":"Articol similar","img":{"alt_text":"pijamale patrula labe","src":"https:\/\/i0.wp.com\/ryfi.online\/wp-content\/uploads\/2022\/04\/ev2098.i00.b.jpg?resize=350%2C200&ssl=1","width":350,"height":200},"classes":[]}],"_links":{"self":[{"href":"https:\/\/ryfi.online\/ro\/wp-json\/wp\/v2\/product\/11399","targetHints":{"allow":["GET"]}}],"collection":[{"href":"https:\/\/ryfi.online\/ro\/wp-json\/wp\/v2\/product"}],"about":[{"href":"https:\/\/ryfi.online\/ro\/wp-json\/wp\/v2\/types\/product"}],"replies":[{"embeddable":true,"href":"https:\/\/ryfi.online\/ro\/wp-json\/wp\/v2\/comments?post=11399"}],"wp:featuredmedia":[{"embeddable":true,"href":"https:\/\/ryfi.online\/ro\/wp-json\/wp\/v2\/media\/11237"}],"wp:attachment":[{"href":"https:\/\/ryfi.online\/ro\/wp-json\/wp\/v2\/media?parent=11399"}],"wp:term":[{"taxonomy":"product_brand","embeddable":true,"href":"https:\/\/ryfi.online\/ro\/wp-json\/wp\/v2\/product_brand?post=11399"},{"taxonomy":"product_cat","embeddable":true,"href":"https:\/\/ryfi.online\/ro\/wp-json\/wp\/v2\/product_cat?post=11399"},{"taxonomy":"product_tag","embeddable":true,"href":"https:\/\/ryfi.online\/ro\/wp-json\/wp\/v2\/product_tag?post=11399"}],"curies":[{"name":"wp","href":"https:\/\/api.w.org\/{rel}","templated":true}]}}