{"id":11381,"date":"2021-10-31T10:16:33","date_gmt":"2022-05-10T00:44:42","guid":{"rendered":"https:\/\/ryfi.online\/product\/umbrela-transparenta-paw-patrol-hu9147-e00\/"},"modified":"2022-05-26T12:02:51","modified_gmt":"2022-05-26T12:02:51","slug":"transparent-umbrela-patrula-laba","status":"publish","type":"product","link":"https:\/\/ryfi.online\/ro\/produs\/transparent-umbrela-patrula-laba\/","title":{"rendered":"Umbrela Transparenta Paw Patrol HU9147.E00"},"content":{"rendered":"<p>Umbrel\u0103 transparent\u0103 Paw Patrol Pentru adev\u0103ra\u021bii fani ai Patrulei<\/p>\n<ul class=\"a-unordered-list a-vertical a-spacing-mini\">\n<li><span class=\"a-list-item\">Umbrel\u0103 pentru copii Paw Patrol<br \/>\n<\/span><\/li>\n<li><span class=\"a-list-item\">Transparent<\/span><\/li>\n<li><span class=\"a-list-item\">Automat<\/span><\/li>\n<\/ul>\n","protected":false},"excerpt":{"rendered":"<p>Livrare rapid\u0103 \u0219i sigur\u0103 \u00een 1-3 zile lucr\u0103toare<\/p>\n","protected":false},"featured_media":11241,"comment_status":"open","ping_status":"closed","template":"","meta":[],"product_brand":[],"product_cat":[311,312],"product_tag":[],"class_list":{"0":"post-11381","1":"product","2":"type-product","3":"status-publish","4":"has-post-thumbnail","6":"product_cat-umbrela","7":"product_cat-umbrela-pentru-copii","9":"first","10":"instock","11":"featured","12":"taxable","13":"shipping-taxable","14":"purchasable","15":"product-type-variable"},"yoast_head":"<!-- This site is optimized with the Yoast SEO Premium plugin v17.1.2 (Yoast SEO v27.4) - https:\/\/yoast.com\/product\/yoast-seo-premium-wordpress\/ -->\n<title>Cumpara Online Umbrela Pentru Copii Paw Patrol - Ryfi Online Store<\/title>\n<meta name=\"description\" content=\"Comanda online umbrele pentru copii Paw Patrol care sunt disponibile in modele atractive. Umbrelele noastre sunt f\u0103cute pentru a proteja copiii de vremea rea, cum ar fi ploaia \u0219i canicula.\" \/>\n<meta name=\"robots\" content=\"index, follow, max-snippet:-1, max-image-preview:large, max-video-preview:-1\" \/>\n<link rel=\"canonical\" href=\"https:\/\/ryfi.online\/ro\/produs\/transparent-umbrela-patrula-laba\/\" \/>\n<meta property=\"og:locale\" content=\"ro_RO\" \/>\n<meta property=\"og:type\" content=\"article\" \/>\n<meta property=\"og:title\" content=\"Umbrela Transparenta Paw Patrol HU9147.E00\" \/>\n<meta property=\"og:description\" content=\"Comanda online umbrele pentru copii Paw Patrol care sunt disponibile in modele atractive. Umbrelele noastre sunt f\u0103cute pentru a proteja copiii de vremea rea, cum ar fi ploaia \u0219i canicula.\" \/>\n<meta property=\"og:url\" content=\"https:\/\/ryfi.online\/ro\/produs\/transparent-umbrela-patrula-laba\/\" \/>\n<meta property=\"og:site_name\" content=\"Ryfi Online Store\" \/>\n<meta property=\"article:publisher\" content=\"https:\/\/www.facebook.com\/ryfi.online\/\" \/>\n<meta property=\"article:modified_time\" content=\"2022-05-26T12:02:51+00:00\" \/>\n<meta property=\"og:image\" content=\"https:\/\/ryfi.online\/wp-content\/uploads\/2021\/10\/hu9147.e001.jpg\" \/>\n\t<meta property=\"og:image:width\" content=\"2256\" \/>\n\t<meta property=\"og:image:height\" content=\"1948\" \/>\n\t<meta property=\"og:image:type\" content=\"image\/jpeg\" \/>\n<meta name=\"twitter:card\" content=\"summary_large_image\" \/>\n<meta name=\"twitter:label1\" content=\"Availability\" \/>\n\t<meta name=\"twitter:data1\" content=\"In stock\" \/>\n<meta property=\"product:brand\" content=\"umbrela pentru copii\" \/>\n<meta property=\"og:availability\" content=\"instock\" \/>\n<meta property=\"product:availability\" content=\"instock\" \/>\n<meta property=\"product:condition\" content=\"new\" \/>\n<!-- \/ Yoast SEO Premium plugin. -->","yoast_head_json":{"title":"Cumpara Online Umbrela Pentru Copii Paw Patrol - Ryfi Online Store","description":"Comanda online umbrele pentru copii Paw Patrol care sunt disponibile in modele atractive. Umbrelele noastre sunt f\u0103cute pentru a proteja copiii de vremea rea, cum ar fi ploaia \u0219i canicula.","robots":{"index":"index","follow":"follow","max-snippet":"max-snippet:-1","max-image-preview":"max-image-preview:large","max-video-preview":"max-video-preview:-1"},"canonical":"https:\/\/ryfi.online\/ro\/produs\/transparent-umbrela-patrula-laba\/","og_locale":"ro_RO","og_type":"article","og_title":"Umbrela Transparenta Paw Patrol HU9147.E00","og_description":"Comanda online umbrele pentru copii Paw Patrol care sunt disponibile in modele atractive. Umbrelele noastre sunt f\u0103cute pentru a proteja copiii de vremea rea, cum ar fi ploaia \u0219i canicula.","og_url":"https:\/\/ryfi.online\/ro\/produs\/transparent-umbrela-patrula-laba\/","og_site_name":"Ryfi Online Store","article_publisher":"https:\/\/www.facebook.com\/ryfi.online\/","article_modified_time":"2022-05-26T12:02:51+00:00","og_image":[{"width":2256,"height":1948,"url":"https:\/\/ryfi.online\/wp-content\/uploads\/2021\/10\/hu9147.e001.jpg","type":"image\/jpeg"}],"twitter_card":"summary_large_image","twitter_misc":{"Availability":"In stock"},"schema":{"@context":"https:\/\/schema.org","@graph":[{"@type":"WebPage","@id":"https:\/\/ryfi.online\/ro\/produs\/transparent-umbrela-patrula-laba\/","url":"https:\/\/ryfi.online\/ro\/produs\/transparent-umbrela-patrula-laba\/","name":"Cumpara Online Umbrela Pentru Copii Paw Patrol - Ryfi Online Store","isPartOf":{"@id":"https:\/\/ryfi.online\/ro\/#website"},"primaryImageOfPage":{"@id":"https:\/\/ryfi.online\/ro\/produs\/transparent-umbrela-patrula-laba\/#primaryimage"},"image":{"@id":"https:\/\/ryfi.online\/ro\/produs\/transparent-umbrela-patrula-laba\/#primaryimage"},"thumbnailUrl":"https:\/\/ryfi.online\/wp-content\/uploads\/2021\/10\/hu9147.e001.jpg","datePublished":"2022-05-10T00:44:42+00:00","dateModified":"2022-05-26T12:02:51+00:00","description":"Comanda online umbrele pentru copii Paw Patrol care sunt disponibile in modele atractive. Umbrelele noastre sunt f\u0103cute pentru a proteja copiii de vremea rea, cum ar fi ploaia \u0219i canicula.","breadcrumb":{"@id":"https:\/\/ryfi.online\/ro\/produs\/transparent-umbrela-patrula-laba\/#breadcrumb"},"inLanguage":"ro-RO","potentialAction":[{"@type":"ReadAction","target":["https:\/\/ryfi.online\/ro\/produs\/transparent-umbrela-patrula-laba\/"]}]},{"@type":"ImageObject","inLanguage":"ro-RO","@id":"https:\/\/ryfi.online\/ro\/produs\/transparent-umbrela-patrula-laba\/#primaryimage","url":"https:\/\/ryfi.online\/wp-content\/uploads\/2021\/10\/hu9147.e001.jpg","contentUrl":"https:\/\/ryfi.online\/wp-content\/uploads\/2021\/10\/hu9147.e001.jpg","width":2256,"height":1948},{"@type":"BreadcrumbList","@id":"https:\/\/ryfi.online\/ro\/produs\/transparent-umbrela-patrula-laba\/#breadcrumb","itemListElement":[{"@type":"ListItem","position":1,"name":"Home","item":"https:\/\/ryfi.online\/ro\/"},{"@type":"ListItem","position":2,"name":"Free and Fast Shipping whitin 1-3 Days!!!","item":"https:\/\/ryfi.online\/shop\/"},{"@type":"ListItem","position":3,"name":"Umbrela Transparenta Paw Patrol HU9147.E00"}]},{"@type":"WebSite","@id":"https:\/\/ryfi.online\/ro\/#website","url":"https:\/\/ryfi.online\/ro\/","name":"Ryfi Online Store","description":"Online Store","publisher":{"@id":"https:\/\/ryfi.online\/ro\/#organization"},"potentialAction":[{"@type":"SearchAction","target":{"@type":"EntryPoint","urlTemplate":"https:\/\/ryfi.online\/ro\/?s={search_term_string}"},"query-input":{"@type":"PropertyValueSpecification","valueRequired":true,"valueName":"search_term_string"}}],"inLanguage":"ro-RO"},{"@type":"Organization","@id":"https:\/\/ryfi.online\/ro\/#organization","name":"Ryan Future Investments LLC","url":"https:\/\/ryfi.online\/ro\/","logo":{"@type":"ImageObject","inLanguage":"ro-RO","@id":"https:\/\/ryfi.online\/ro\/#\/schema\/logo\/image\/","url":"https:\/\/ryfi.online\/wp-content\/uploads\/2021\/03\/2-03.png","contentUrl":"https:\/\/ryfi.online\/wp-content\/uploads\/2021\/03\/2-03.png","width":1010,"height":310,"caption":"Ryan Future Investments LLC"},"image":{"@id":"https:\/\/ryfi.online\/ro\/#\/schema\/logo\/image\/"},"sameAs":["https:\/\/www.facebook.com\/ryfi.online\/"]}]},"product_brand":"umbrela pentru copii","og_availability":"instock","product_availability":"instock","product_condition":"new"},"jetpack-related-posts":[{"id":13048,"url":"https:\/\/ryfi.online\/ro\/produs\/paw-patrol-10-skye-plush-toy-standing-plush-with-stitched-detailing-for-ages-3-and-up-2\/","url_meta":{"origin":11381,"position":0},"title":"Paw Patrol &#8211; Juc\u0103rie de plu\u0219 Skye de 10&#8243;, \u00een picioare cu detalii cusute, pentru v\u00e2rste de la 3 ani \u00een sus","date":"mai 4, 2021","format":false,"excerpt":"Micii fani PAW Patrol se pot ghemui \u0219i visa la aventur\u0103 al\u0103turi de c\u0103\u021belul lor preferat, Skye! Aceast\u0103 c\u0103\u021belu\u0219\u0103 de plu\u0219 \u00eenalt\u0103 de 10\" st\u0103 \u00een picioare singur\u0103, gata de ac\u021biune! Skye poart\u0103 uniforma ei caracteristic\u0103, cu p\u0103l\u0103rie \u0219i insigna PAW Patrol. Are chiar \u0219i urme de l\u0103bu\u021be \u00een patru\u2026","rel":"","context":"Articol similar","img":{"alt_text":"","src":"https:\/\/i0.wp.com\/ryfi.online\/wp-content\/uploads\/2021\/05\/81EbdDqXYyL._AC_SL1500_.jpg?resize=350%2C200&ssl=1","width":350,"height":200},"classes":[]},{"id":11733,"url":"https:\/\/ryfi.online\/ro\/produs\/pijamale-patrula-labe-pentru-copii\/","url_meta":{"origin":11381,"position":1},"title":"Pijamale pentru b\u0103ie\u021bi Paw Patrol HU2034","date":"octombrie 8, 2021","format":false,"excerpt":"Livrare rapid\u0103 \u0219i sigur\u0103 \u00een 1-3 zile lucr\u0103toare","rel":"","context":"Articol similar","img":{"alt_text":"","src":"https:\/\/i0.wp.com\/ryfi.online\/wp-content\/uploads\/2021\/10\/hu2034.jpg?resize=350%2C200&ssl=1","width":350,"height":200},"classes":[]},{"id":11623,"url":"https:\/\/ryfi.online\/ro\/produs\/paw-patrol-baieti-tricou-cu-maneca-lunga\/","url_meta":{"origin":11381,"position":2},"title":"Paw Patrol &#8211; Tricou cu m\u00e2nec\u0103 lung\u0103 pentru b\u0103iat HU1023","date":"octombrie 8, 2021","format":false,"excerpt":"Livrare rapid\u0103 \u0219i sigur\u0103 \u00een 1-3 zile lucr\u0103toare","rel":"","context":"Articol similar","img":{"alt_text":"","src":"https:\/\/i0.wp.com\/ryfi.online\/wp-content\/uploads\/2021\/10\/hu1023.jpg?resize=350%2C200&ssl=1","width":350,"height":200},"classes":[]},{"id":13064,"url":"https:\/\/ryfi.online\/ro\/produs\/paw-patrol-10-chase-plush-toy-standing-plush-with-stitched-detailing-for-ages-3-and-up-2\/","url_meta":{"origin":11381,"position":3},"title":"Paw Patrol &#8211; Juc\u0103rie de plu\u0219 Chase de 10&#8243;, \u00een picioare cu detalii cusute, pentru v\u00e2rste de la 3 ani \u00een sus","date":"mai 4, 2021","format":false,"excerpt":"Micii fani PAW Patrol se pot ghemui \u0219i visa la aventur\u0103 al\u0103turi de c\u0103\u021belu\u0219ul lor preferat, Chase! Acest c\u0103\u021belu\u0219 de plu\u0219 \u00eenalt de 10\" st\u0103 \u00een picioare de unul singur, gata de ac\u021biune! Chase poart\u0103 uniforma sa emblematic\u0103 PAW Patrol, cu p\u0103l\u0103rie confortabil\u0103 \u0219i insigna PAW Patrol. Are chiar \u0219i\u2026","rel":"","context":"Articol similar","img":{"alt_text":"","src":"https:\/\/i0.wp.com\/ryfi.online\/wp-content\/uploads\/2021\/05\/81c46n9nwAL._AC_SL1500_.jpg?resize=350%2C200&ssl=1","width":350,"height":200},"classes":[]},{"id":13042,"url":"https:\/\/ryfi.online\/ro\/produs\/paw-patrol-10-rubble-plush-plushy-standing-plush-with-stitched-detailing-for-ages-3-and-up-multicolor\/","url_meta":{"origin":11381,"position":4},"title":"Paw Patrol &#8211; Juc\u0103rie de plu\u0219 Rubble de 10&#8243;, plu\u0219 \u00een picioare cu detalii cusute, pentru v\u00e2rste de la 3 ani \u00een sus, multicolor\u0103","date":"mai 4, 2021","format":false,"excerpt":"Micii fani PAW Patrol se pot ghemui \u0219i pot visa la aventur\u0103 al\u0103turi de c\u0103\u021belu\u0219ul lor preferat, Rubble! Acest c\u0103\u021belu\u0219 de plu\u0219 \u00eenalt de 10\" st\u0103 \u00een picioare de unul singur, gata de ac\u021biune! Rubble poart\u0103 uniforma sa emblematic\u0103 PAW Patrol, cu p\u0103l\u0103rie \u0219i insigna PAW Patrol. Are chiar \u0219i\u2026","rel":"","context":"Articol similar","img":{"alt_text":"","src":"https:\/\/i0.wp.com\/ryfi.online\/wp-content\/uploads\/2021\/05\/71AtjhCJL._AC_SL1500_.jpg?resize=350%2C200&ssl=1","width":350,"height":200},"classes":[]},{"id":11940,"url":"https:\/\/ryfi.online\/ro\/produs\/nickelodeon-patrula-labe-tricou-desene-animat-pentru-fete\/","url_meta":{"origin":11381,"position":5},"title":"Tricou cu desene animate Nickelodeon Paw Patrol pentru fete","date":"iunie 15, 2021","format":false,"excerpt":"Livrare gratuit\u0103 1-3 zile lucr\u0103toare Retur gratuit","rel":"","context":"Articol similar","img":{"alt_text":"Tricou Paw Patrol","src":"https:\/\/i0.wp.com\/ryfi.online\/wp-content\/uploads\/2021\/06\/se1488_dfu.jpg?resize=350%2C200&ssl=1","width":350,"height":200},"classes":[]}],"_links":{"self":[{"href":"https:\/\/ryfi.online\/ro\/wp-json\/wp\/v2\/product\/11381","targetHints":{"allow":["GET"]}}],"collection":[{"href":"https:\/\/ryfi.online\/ro\/wp-json\/wp\/v2\/product"}],"about":[{"href":"https:\/\/ryfi.online\/ro\/wp-json\/wp\/v2\/types\/product"}],"replies":[{"embeddable":true,"href":"https:\/\/ryfi.online\/ro\/wp-json\/wp\/v2\/comments?post=11381"}],"wp:featuredmedia":[{"embeddable":true,"href":"https:\/\/ryfi.online\/ro\/wp-json\/wp\/v2\/media\/11241"}],"wp:attachment":[{"href":"https:\/\/ryfi.online\/ro\/wp-json\/wp\/v2\/media?parent=11381"}],"wp:term":[{"taxonomy":"product_brand","embeddable":true,"href":"https:\/\/ryfi.online\/ro\/wp-json\/wp\/v2\/product_brand?post=11381"},{"taxonomy":"product_cat","embeddable":true,"href":"https:\/\/ryfi.online\/ro\/wp-json\/wp\/v2\/product_cat?post=11381"},{"taxonomy":"product_tag","embeddable":true,"href":"https:\/\/ryfi.online\/ro\/wp-json\/wp\/v2\/product_tag?post=11381"}],"curies":[{"name":"wp","href":"https:\/\/api.w.org\/{rel}","templated":true}]}}