{"id":11363,"date":"2022-04-21T18:13:15","date_gmt":"2022-05-10T00:38:36","guid":{"rendered":"https:\/\/ryfi.online\/product\/set-tricouri-si-pantaloni-pentru-copii-cars-et1081\/"},"modified":"2022-05-16T17:28:04","modified_gmt":"2022-05-16T17:28:04","slug":"set-masini-copii-tricou-si-pantaloni-copie","status":"publish","type":"product","link":"https:\/\/ryfi.online\/ro\/produs\/set-masini-copii-tricou-si-pantaloni-copie\/","title":{"rendered":"Set tricouri \u0219i pantaloni pentru copii Cars ET1081"},"content":{"rendered":"<p>Ca cadou de ziua de nastere, de Paste sau doar asa. Cu setul frumos, de la Cars, nu po\u021bi gre\u0219i! Manopera este excelenta si culorile foarte puternice. Setul Cars este ideal pentru a se etala \u00een cele mai bune momente. Se spala la masina la 30\u00b0C, pentru o durata lunga de viata, dar se recomanda spalarea manuala. Cu acest set ochii copiilor \u00eencep s\u0103 radieze!<\/p>\n<p>&nbsp;<\/p>\n<p><span class=\"a-list-item\">\u2705 Set tricouri \u0219i pantaloni pentru copii Cars<\/span><\/p>\n<p><span class=\"a-list-item\">\u2705 Culori: Ro\u0219u-Alb<\/span><\/p>\n<p><span class=\"a-list-item\">\u2705 100% bumbac,<\/span><\/p>\n<p id=\"title\" class=\"a-size-large a-spacing-none\"><span id=\"productTitle\" class=\"a-size-large product-title-word-break\"><span class=\"a-list-item\">\u2705<\/span> V\u00e2rsta: 3 ani, 4 ani, 6 ani, 8 ani<\/span><\/p>\n","protected":false},"excerpt":{"rendered":"<p>Livrare rapid\u0103 \u0219i sigur\u0103 \u00een 1-3 zile lucr\u0103toare<\/p>\n","protected":false},"featured_media":11315,"comment_status":"open","ping_status":"closed","template":"","meta":[],"product_brand":[],"product_cat":[306,307,305],"product_tag":[],"class_list":{"0":"post-11363","1":"product","2":"type-product","3":"status-publish","4":"has-post-thumbnail","6":"product_cat-set-pentru-copii","7":"product_cat-trening","8":"product_cat-tricou-baieti","10":"first","11":"instock","12":"featured","13":"taxable","14":"shipping-taxable","15":"purchasable","16":"product-type-variable"},"yoast_head":"<!-- This site is optimized with the Yoast SEO Premium plugin v17.1.2 (Yoast SEO v27.4) - https:\/\/yoast.com\/product\/yoast-seo-premium-wordpress\/ -->\n<title>Set tricouri \u0219i pantaloni pentru copii Cars ET1081 - Ryfi Online Store<\/title>\n<meta name=\"description\" content=\"G\u0103si\u021bi cea mai bun\u0103 colec\u021bie de tricouri \u0219i pantaloni Spiderman pentru copii din Romania la magazinul online Ryfi.Livrare rapid\u0103 \u00een 1-3 zile lucr\u0103toare\" \/>\n<meta name=\"robots\" content=\"index, follow, max-snippet:-1, max-image-preview:large, max-video-preview:-1\" \/>\n<link rel=\"canonical\" href=\"https:\/\/ryfi.online\/ro\/produs\/set-masini-copii-tricou-si-pantaloni-copie\/\" \/>\n<meta property=\"og:locale\" content=\"ro_RO\" \/>\n<meta property=\"og:type\" content=\"article\" \/>\n<meta property=\"og:title\" content=\"Set tricouri \u0219i pantaloni pentru copii Cars ET1081\" \/>\n<meta property=\"og:description\" content=\"G\u0103si\u021bi cea mai bun\u0103 colec\u021bie de tricouri \u0219i pantaloni Spiderman pentru copii din Romania la magazinul online Ryfi.Livrare rapid\u0103 \u00een 1-3 zile lucr\u0103toare\" \/>\n<meta property=\"og:url\" content=\"https:\/\/ryfi.online\/ro\/produs\/set-masini-copii-tricou-si-pantaloni-copie\/\" \/>\n<meta property=\"og:site_name\" content=\"Ryfi Online Store\" \/>\n<meta property=\"article:publisher\" content=\"https:\/\/www.facebook.com\/ryfi.online\/\" \/>\n<meta property=\"article:modified_time\" content=\"2022-05-16T17:28:04+00:00\" \/>\n<meta property=\"og:image\" content=\"https:\/\/ryfi.online\/wp-content\/uploads\/2022\/04\/et1081.jpg\" \/>\n\t<meta property=\"og:image:width\" content=\"800\" \/>\n\t<meta property=\"og:image:height\" content=\"565\" \/>\n\t<meta property=\"og:image:type\" content=\"image\/jpeg\" \/>\n<meta name=\"twitter:card\" content=\"summary_large_image\" \/>\n<meta name=\"twitter:label1\" content=\"Availability\" \/>\n\t<meta name=\"twitter:data1\" content=\"In stock\" \/>\n<meta property=\"product:brand\" content=\"Tricou b\u0103ie\u021bi\" \/>\n<meta property=\"og:availability\" content=\"instock\" \/>\n<meta property=\"product:availability\" content=\"instock\" \/>\n<meta property=\"product:condition\" content=\"new\" \/>\n<!-- \/ Yoast SEO Premium plugin. -->","yoast_head_json":{"title":"Set tricouri \u0219i pantaloni pentru copii Cars ET1081 - Ryfi Online Store","description":"G\u0103si\u021bi cea mai bun\u0103 colec\u021bie de tricouri \u0219i pantaloni Spiderman pentru copii din Romania la magazinul online Ryfi.Livrare rapid\u0103 \u00een 1-3 zile lucr\u0103toare","robots":{"index":"index","follow":"follow","max-snippet":"max-snippet:-1","max-image-preview":"max-image-preview:large","max-video-preview":"max-video-preview:-1"},"canonical":"https:\/\/ryfi.online\/ro\/produs\/set-masini-copii-tricou-si-pantaloni-copie\/","og_locale":"ro_RO","og_type":"article","og_title":"Set tricouri \u0219i pantaloni pentru copii Cars ET1081","og_description":"G\u0103si\u021bi cea mai bun\u0103 colec\u021bie de tricouri \u0219i pantaloni Spiderman pentru copii din Romania la magazinul online Ryfi.Livrare rapid\u0103 \u00een 1-3 zile lucr\u0103toare","og_url":"https:\/\/ryfi.online\/ro\/produs\/set-masini-copii-tricou-si-pantaloni-copie\/","og_site_name":"Ryfi Online Store","article_publisher":"https:\/\/www.facebook.com\/ryfi.online\/","article_modified_time":"2022-05-16T17:28:04+00:00","og_image":[{"width":800,"height":565,"url":"https:\/\/ryfi.online\/wp-content\/uploads\/2022\/04\/et1081.jpg","type":"image\/jpeg"}],"twitter_card":"summary_large_image","twitter_misc":{"Availability":"In stock"},"schema":{"@context":"https:\/\/schema.org","@graph":[{"@type":"WebPage","@id":"https:\/\/ryfi.online\/ro\/produs\/set-masini-copii-tricou-si-pantaloni-copie\/","url":"https:\/\/ryfi.online\/ro\/produs\/set-masini-copii-tricou-si-pantaloni-copie\/","name":"Set tricouri \u0219i pantaloni pentru copii Cars ET1081 - Ryfi Online Store","isPartOf":{"@id":"https:\/\/ryfi.online\/ro\/#website"},"primaryImageOfPage":{"@id":"https:\/\/ryfi.online\/ro\/produs\/set-masini-copii-tricou-si-pantaloni-copie\/#primaryimage"},"image":{"@id":"https:\/\/ryfi.online\/ro\/produs\/set-masini-copii-tricou-si-pantaloni-copie\/#primaryimage"},"thumbnailUrl":"https:\/\/ryfi.online\/wp-content\/uploads\/2022\/04\/et1081.jpg","datePublished":"2022-05-10T00:38:36+00:00","dateModified":"2022-05-16T17:28:04+00:00","description":"G\u0103si\u021bi cea mai bun\u0103 colec\u021bie de tricouri \u0219i pantaloni Spiderman pentru copii din Romania la magazinul online Ryfi.Livrare rapid\u0103 \u00een 1-3 zile lucr\u0103toare","breadcrumb":{"@id":"https:\/\/ryfi.online\/ro\/produs\/set-masini-copii-tricou-si-pantaloni-copie\/#breadcrumb"},"inLanguage":"ro-RO","potentialAction":[{"@type":"ReadAction","target":["https:\/\/ryfi.online\/ro\/produs\/set-masini-copii-tricou-si-pantaloni-copie\/"]}]},{"@type":"ImageObject","inLanguage":"ro-RO","@id":"https:\/\/ryfi.online\/ro\/produs\/set-masini-copii-tricou-si-pantaloni-copie\/#primaryimage","url":"https:\/\/ryfi.online\/wp-content\/uploads\/2022\/04\/et1081.jpg","contentUrl":"https:\/\/ryfi.online\/wp-content\/uploads\/2022\/04\/et1081.jpg","width":800,"height":565},{"@type":"BreadcrumbList","@id":"https:\/\/ryfi.online\/ro\/produs\/set-masini-copii-tricou-si-pantaloni-copie\/#breadcrumb","itemListElement":[{"@type":"ListItem","position":1,"name":"Home","item":"https:\/\/ryfi.online\/ro\/"},{"@type":"ListItem","position":2,"name":"Free and Fast Shipping whitin 1-3 Days!!!","item":"https:\/\/ryfi.online\/shop\/"},{"@type":"ListItem","position":3,"name":"Set tricouri \u0219i pantaloni pentru copii Cars ET1081"}]},{"@type":"WebSite","@id":"https:\/\/ryfi.online\/ro\/#website","url":"https:\/\/ryfi.online\/ro\/","name":"Ryfi Online Store","description":"Online Store","publisher":{"@id":"https:\/\/ryfi.online\/ro\/#organization"},"potentialAction":[{"@type":"SearchAction","target":{"@type":"EntryPoint","urlTemplate":"https:\/\/ryfi.online\/ro\/?s={search_term_string}"},"query-input":{"@type":"PropertyValueSpecification","valueRequired":true,"valueName":"search_term_string"}}],"inLanguage":"ro-RO"},{"@type":"Organization","@id":"https:\/\/ryfi.online\/ro\/#organization","name":"Ryan Future Investments LLC","url":"https:\/\/ryfi.online\/ro\/","logo":{"@type":"ImageObject","inLanguage":"ro-RO","@id":"https:\/\/ryfi.online\/ro\/#\/schema\/logo\/image\/","url":"https:\/\/ryfi.online\/wp-content\/uploads\/2021\/03\/2-03.png","contentUrl":"https:\/\/ryfi.online\/wp-content\/uploads\/2021\/03\/2-03.png","width":1010,"height":310,"caption":"Ryan Future Investments LLC"},"image":{"@id":"https:\/\/ryfi.online\/ro\/#\/schema\/logo\/image\/"},"sameAs":["https:\/\/www.facebook.com\/ryfi.online\/"]}]},"product_brand":"Tricou b\u0103ie\u021bi","og_availability":"instock","product_availability":"instock","product_condition":"new"},"jetpack-related-posts":[{"id":11841,"url":"https:\/\/ryfi.online\/ro\/produs\/marvel-razbunatori-tricou-si-short-pentru-copii\/","url_meta":{"origin":11363,"position":0},"title":"Set tricouri \u0219i pantaloni pentru copii Avengers UE1068","date":"iulie 30, 2021","format":false,"excerpt":"Livrare rapid\u0103 \u0219i sigur\u0103 \u00een 1-3 zile lucr\u0103toare","rel":"","context":"Articol similar","img":{"alt_text":"","src":"https:\/\/i0.wp.com\/ryfi.online\/wp-content\/uploads\/2021\/07\/ue1068.jpg?resize=350%2C200&ssl=1","width":350,"height":200},"classes":[]},{"id":11372,"url":"https:\/\/ryfi.online\/ro\/produs\/tricou-si-pantaloni-de-omul-paianjen\/","url_meta":{"origin":11363,"position":1},"title":"Set tricou \u0219i pantaloni pentru copii Spiderman UE1109","date":"aprilie 19, 2022","format":false,"excerpt":"Livrare rapid\u0103 \u0219i sigur\u0103 \u00een 1-3 zile lucr\u0103toare","rel":"","context":"Articol similar","img":{"alt_text":"Set Spiderman","src":"https:\/\/i0.wp.com\/ryfi.online\/wp-content\/uploads\/2022\/04\/img_142084_b9dd3931f3ae76581b7aae01014ee611_20.jpg?resize=350%2C200&ssl=1","width":350,"height":200},"classes":[]},{"id":10364,"url":"https:\/\/ryfi.online\/ro\/produs\/set-razbunatori-ev1061\/","url_meta":{"origin":11363,"position":2},"title":"Set Avengers pentru copii EV1061","date":"aprilie 30, 2022","format":false,"excerpt":"Livrare rapid\u0103 \u0219i sigur\u0103 \u00een 1-3 zile lucr\u0103toare","rel":"","context":"Articol similar","img":{"alt_text":"","src":"https:\/\/i0.wp.com\/ryfi.online\/wp-content\/uploads\/2022\/04\/ev1061.jpg?resize=350%2C200&ssl=1","width":350,"height":200},"classes":[]},{"id":10504,"url":"https:\/\/ryfi.online\/ro\/produs\/set-spiderman-ev1057\/","url_meta":{"origin":11363,"position":3},"title":"Set Spiderman pentru copii EV1057","date":"aprilie 29, 2022","format":false,"excerpt":"Livrare rapid\u0103 \u0219i sigur\u0103 \u00een 1-3 zile lucr\u0103toare","rel":"","context":"Articol similar","img":{"alt_text":"","src":"https:\/\/i0.wp.com\/ryfi.online\/wp-content\/uploads\/2022\/04\/ev1057.jpg?resize=350%2C200&ssl=1","width":350,"height":200},"classes":[]},{"id":10315,"url":"https:\/\/ryfi.online\/ro\/produs\/set-mickey-ev1094\/","url_meta":{"origin":11363,"position":4},"title":"Set Mickey pentru copii EV1094","date":"aprilie 30, 2022","format":false,"excerpt":"Livrare rapid\u0103 \u0219i sigur\u0103 \u00een 1-3 zile lucr\u0103toare","rel":"","context":"Articol similar","img":{"alt_text":"Set Mickey","src":"https:\/\/i0.wp.com\/ryfi.online\/wp-content\/uploads\/2022\/04\/ev1094.jpg?resize=350%2C200&ssl=1","width":350,"height":200},"classes":[]},{"id":11910,"url":"https:\/\/ryfi.online\/ro\/produs\/3-chiloti-100-bumbac-pentru-copii-marvel-spiderman-6-8-ani\/","url_meta":{"origin":11363,"position":5},"title":"3 slip din bumbac 100% pentru b\u0103ie\u021bi Marvel Spiderman 6\u20138 ani","date":"iulie 2, 2021","format":false,"excerpt":"Livrare gratuit\u0103 1-3 zile lucr\u0103toare Retur gratuit","rel":"","context":"Articol similar","img":{"alt_text":"","src":"https:\/\/i0.wp.com\/ryfi.online\/wp-content\/uploads\/2021\/07\/img_141921_063855668ffb7096235876846a9fbb9f_20.jpg?resize=350%2C200&ssl=1","width":350,"height":200},"classes":[]}],"_links":{"self":[{"href":"https:\/\/ryfi.online\/ro\/wp-json\/wp\/v2\/product\/11363","targetHints":{"allow":["GET"]}}],"collection":[{"href":"https:\/\/ryfi.online\/ro\/wp-json\/wp\/v2\/product"}],"about":[{"href":"https:\/\/ryfi.online\/ro\/wp-json\/wp\/v2\/types\/product"}],"replies":[{"embeddable":true,"href":"https:\/\/ryfi.online\/ro\/wp-json\/wp\/v2\/comments?post=11363"}],"wp:featuredmedia":[{"embeddable":true,"href":"https:\/\/ryfi.online\/ro\/wp-json\/wp\/v2\/media\/11315"}],"wp:attachment":[{"href":"https:\/\/ryfi.online\/ro\/wp-json\/wp\/v2\/media?parent=11363"}],"wp:term":[{"taxonomy":"product_brand","embeddable":true,"href":"https:\/\/ryfi.online\/ro\/wp-json\/wp\/v2\/product_brand?post=11363"},{"taxonomy":"product_cat","embeddable":true,"href":"https:\/\/ryfi.online\/ro\/wp-json\/wp\/v2\/product_cat?post=11363"},{"taxonomy":"product_tag","embeddable":true,"href":"https:\/\/ryfi.online\/ro\/wp-json\/wp\/v2\/product_tag?post=11363"}],"curies":[{"name":"wp","href":"https:\/\/api.w.org\/{rel}","templated":true}]}}