{"id":10550,"date":"2022-04-29T16:33:17","date_gmt":"2022-05-09T22:05:11","guid":{"rendered":"https:\/\/ryfi.online\/product\/tricou-minions-pentru-copii-et6729\/"},"modified":"2022-12-26T14:15:21","modified_gmt":"2022-12-26T14:15:21","slug":"tricou-minions-et6729","status":"publish","type":"product","link":"https:\/\/ryfi.online\/ro\/produs\/tricou-minions-et6729\/","title":{"rendered":"Tricou Minions pentru copii ET6729"},"content":{"rendered":"<p>Ca cadou de ziua de nastere, de Paste sau doar asa. Cu acest frumos tricou Minions, nu po\u021bi gre\u0219i! Manopera este excelenta si culorile foarte puternice. Se spala la masina la 30\u00b0C, pentru o durata lunga de viata, dar se recomanda spalarea manuala. Cu aceast\u0103 c\u0103ma\u0219\u0103, ochii copiilor \u00eencep s\u0103 radieze!<\/p>\n<p>&nbsp;<\/p>\n<p><span class=\"a-list-item\">\u2705 Tricou pentru copii Minions<br \/>\n<\/span><\/p>\n<p><span class=\"a-list-item\">\u2705 Culoare: alb<\/span><\/p>\n<p><span class=\"a-list-item\">\u2705 100% bumbac, <\/span><\/p>\n<p id=\"title\" class=\"a-size-large a-spacing-none\"><span id=\"productTitle\" class=\"a-size-large product-title-word-break\"><span class=\"a-list-item\">\u2705<\/span> V\u00e2rsta: 3 ani, 5 ani, 6 ani, 8 ani<\/span><\/p>\n","protected":false},"excerpt":{"rendered":"<p>Livrare rapid\u0103 \u0219i sigur\u0103 \u00een 1-3 zile lucr\u0103toare<\/p>\n","protected":false},"featured_media":10555,"comment_status":"open","ping_status":"closed","template":"","meta":[],"product_brand":[],"product_cat":[305],"product_tag":[],"class_list":{"0":"post-10550","1":"product","2":"type-product","3":"status-publish","4":"has-post-thumbnail","6":"product_cat-tricou-baieti","8":"first","9":"instock","10":"featured","11":"purchasable","12":"product-type-variable"},"yoast_head":"<!-- This site is optimized with the Yoast SEO Premium plugin v17.1.2 (Yoast SEO v27.4) - https:\/\/yoast.com\/product\/yoast-seo-premium-wordpress\/ -->\n<title>Tricou Minions pentru copii ET6729 - Ryfi Online Store<\/title>\n<meta name=\"description\" content=\"Acest tricou este perfect pentru iubitorii de caractere Minions, culoarea vibrant\u0103 \u00eei va face pe copii mai dr\u0103gu\u021bi. Ob\u021bine\u021bi acest tricou la pre\u021buri foarte accesibile de pe ryfi.online.\" \/>\n<meta name=\"robots\" content=\"index, follow, max-snippet:-1, max-image-preview:large, max-video-preview:-1\" \/>\n<link rel=\"canonical\" href=\"https:\/\/ryfi.online\/ro\/produs\/tricou-minions-et6729\/\" \/>\n<meta property=\"og:locale\" content=\"ro_RO\" \/>\n<meta property=\"og:type\" content=\"article\" \/>\n<meta property=\"og:title\" content=\"Tricou Minions pentru copii ET6729\" \/>\n<meta property=\"og:description\" content=\"Acest tricou este perfect pentru iubitorii de caractere Minions, culoarea vibrant\u0103 \u00eei va face pe copii mai dr\u0103gu\u021bi. Ob\u021bine\u021bi acest tricou la pre\u021buri foarte accesibile de pe ryfi.online.\" \/>\n<meta property=\"og:url\" content=\"https:\/\/ryfi.online\/ro\/produs\/tricou-minions-et6729\/\" \/>\n<meta property=\"og:site_name\" content=\"Ryfi Online Store\" \/>\n<meta property=\"article:publisher\" content=\"https:\/\/www.facebook.com\/ryfi.online\/\" \/>\n<meta property=\"article:modified_time\" content=\"2022-12-26T14:15:21+00:00\" \/>\n<meta property=\"og:image\" content=\"https:\/\/ryfi.online\/wp-content\/uploads\/2022\/04\/et6729.e18-scaled.jpg\" \/>\n\t<meta property=\"og:image:width\" content=\"2560\" \/>\n\t<meta property=\"og:image:height\" content=\"1810\" \/>\n\t<meta property=\"og:image:type\" content=\"image\/jpeg\" \/>\n<meta name=\"twitter:card\" content=\"summary_large_image\" \/>\n<meta name=\"twitter:label1\" content=\"Availability\" \/>\n\t<meta name=\"twitter:data1\" content=\"In stock\" \/>\n<meta property=\"product:brand\" content=\"Tricou b\u0103ie\u021bi\" \/>\n<meta property=\"og:availability\" content=\"instock\" \/>\n<meta property=\"product:availability\" content=\"instock\" \/>\n<meta property=\"product:condition\" content=\"new\" \/>\n<!-- \/ Yoast SEO Premium plugin. -->","yoast_head_json":{"title":"Tricou Minions pentru copii ET6729 - Ryfi Online Store","description":"Acest tricou este perfect pentru iubitorii de caractere Minions, culoarea vibrant\u0103 \u00eei va face pe copii mai dr\u0103gu\u021bi. Ob\u021bine\u021bi acest tricou la pre\u021buri foarte accesibile de pe ryfi.online.","robots":{"index":"index","follow":"follow","max-snippet":"max-snippet:-1","max-image-preview":"max-image-preview:large","max-video-preview":"max-video-preview:-1"},"canonical":"https:\/\/ryfi.online\/ro\/produs\/tricou-minions-et6729\/","og_locale":"ro_RO","og_type":"article","og_title":"Tricou Minions pentru copii ET6729","og_description":"Acest tricou este perfect pentru iubitorii de caractere Minions, culoarea vibrant\u0103 \u00eei va face pe copii mai dr\u0103gu\u021bi. Ob\u021bine\u021bi acest tricou la pre\u021buri foarte accesibile de pe ryfi.online.","og_url":"https:\/\/ryfi.online\/ro\/produs\/tricou-minions-et6729\/","og_site_name":"Ryfi Online Store","article_publisher":"https:\/\/www.facebook.com\/ryfi.online\/","article_modified_time":"2022-12-26T14:15:21+00:00","og_image":[{"width":2560,"height":1810,"url":"https:\/\/ryfi.online\/wp-content\/uploads\/2022\/04\/et6729.e18-scaled.jpg","type":"image\/jpeg"}],"twitter_card":"summary_large_image","twitter_misc":{"Availability":"In stock"},"schema":{"@context":"https:\/\/schema.org","@graph":[{"@type":"WebPage","@id":"https:\/\/ryfi.online\/ro\/produs\/tricou-minions-et6729\/","url":"https:\/\/ryfi.online\/ro\/produs\/tricou-minions-et6729\/","name":"Tricou Minions pentru copii ET6729 - Ryfi Online Store","isPartOf":{"@id":"https:\/\/ryfi.online\/ro\/#website"},"primaryImageOfPage":{"@id":"https:\/\/ryfi.online\/ro\/produs\/tricou-minions-et6729\/#primaryimage"},"image":{"@id":"https:\/\/ryfi.online\/ro\/produs\/tricou-minions-et6729\/#primaryimage"},"thumbnailUrl":"https:\/\/ryfi.online\/wp-content\/uploads\/2022\/04\/et6729.e18-scaled.jpg","datePublished":"2022-05-09T22:05:11+00:00","dateModified":"2022-12-26T14:15:21+00:00","description":"Acest tricou este perfect pentru iubitorii de caractere Minions, culoarea vibrant\u0103 \u00eei va face pe copii mai dr\u0103gu\u021bi. Ob\u021bine\u021bi acest tricou la pre\u021buri foarte accesibile de pe ryfi.online.","breadcrumb":{"@id":"https:\/\/ryfi.online\/ro\/produs\/tricou-minions-et6729\/#breadcrumb"},"inLanguage":"ro-RO","potentialAction":[{"@type":"ReadAction","target":["https:\/\/ryfi.online\/ro\/produs\/tricou-minions-et6729\/"]}]},{"@type":"ImageObject","inLanguage":"ro-RO","@id":"https:\/\/ryfi.online\/ro\/produs\/tricou-minions-et6729\/#primaryimage","url":"https:\/\/ryfi.online\/wp-content\/uploads\/2022\/04\/et6729.e18-scaled.jpg","contentUrl":"https:\/\/ryfi.online\/wp-content\/uploads\/2022\/04\/et6729.e18-scaled.jpg","width":2560,"height":1810},{"@type":"BreadcrumbList","@id":"https:\/\/ryfi.online\/ro\/produs\/tricou-minions-et6729\/#breadcrumb","itemListElement":[{"@type":"ListItem","position":1,"name":"Home","item":"https:\/\/ryfi.online\/ro\/"},{"@type":"ListItem","position":2,"name":"Free and Fast Shipping whitin 1-3 Days!!!","item":"https:\/\/ryfi.online\/shop\/"},{"@type":"ListItem","position":3,"name":"Tricou Minions pentru copii ET6729"}]},{"@type":"WebSite","@id":"https:\/\/ryfi.online\/ro\/#website","url":"https:\/\/ryfi.online\/ro\/","name":"Ryfi Online Store","description":"Online Store","publisher":{"@id":"https:\/\/ryfi.online\/ro\/#organization"},"potentialAction":[{"@type":"SearchAction","target":{"@type":"EntryPoint","urlTemplate":"https:\/\/ryfi.online\/ro\/?s={search_term_string}"},"query-input":{"@type":"PropertyValueSpecification","valueRequired":true,"valueName":"search_term_string"}}],"inLanguage":"ro-RO"},{"@type":"Organization","@id":"https:\/\/ryfi.online\/ro\/#organization","name":"Ryan Future Investments LLC","url":"https:\/\/ryfi.online\/ro\/","logo":{"@type":"ImageObject","inLanguage":"ro-RO","@id":"https:\/\/ryfi.online\/ro\/#\/schema\/logo\/image\/","url":"https:\/\/ryfi.online\/wp-content\/uploads\/2021\/03\/2-03.png","contentUrl":"https:\/\/ryfi.online\/wp-content\/uploads\/2021\/03\/2-03.png","width":1010,"height":310,"caption":"Ryan Future Investments LLC"},"image":{"@id":"https:\/\/ryfi.online\/ro\/#\/schema\/logo\/image\/"},"sameAs":["https:\/\/www.facebook.com\/ryfi.online\/"]}]},"product_brand":"Tricou b\u0103ie\u021bi","og_availability":"instock","product_availability":"instock","product_condition":"new"},"jetpack-related-posts":[{"id":12664,"url":"https:\/\/ryfi.online\/ro\/produs\/set-3-batman-100-calzoncillos-de-algodon-para-ninos-4-5-anos-2\/","url_meta":{"origin":10550,"position":0},"title":"Set de 3 calzoncillos de 100% bumbac de Batman pentru copii de 4 la 5 ani","date":"iulie 5, 2021","format":false,"excerpt":"Trimitere gratuit\u0103 1-3 zile Devolu\u021bie gratuit\u0103","rel":"","context":"Articol similar","img":{"alt_text":"","src":"","width":0,"height":0},"classes":[]},{"id":13072,"url":"https:\/\/ryfi.online\/ro\/produs\/paw-patrol-10-marshall-plush-toy-standing-plush-with-stitched-detailing-for-ages-3-and-up-2\/","url_meta":{"origin":10550,"position":1},"title":"Paw Patrol &#8211; Juc\u0103rie de plu\u0219 Marshall de 10&#8243;, \u00een picioare cu detalii cusute, pentru v\u00e2rste de la 3 ani \u00een sus","date":"mai 4, 2021","format":false,"excerpt":"Micii fani PAW Patrol se pot ghemui \u0219i visa la aventur\u0103 al\u0103turi de c\u0103\u021belu\u0219ul lor preferat, Marshall! Acest c\u0103\u021belu\u0219 de plu\u0219 \u00eenalt de 10\" st\u0103 \u00een picioare de unul singur, gata de ac\u021biune! Marshall poart\u0103 uniforma sa emblematic\u0103 PAW Patrol, cu p\u0103l\u0103rie \u0219i insigna PAW Patrol. Are chiar \u0219i urme\u2026","rel":"","context":"Articol similar","img":{"alt_text":"","src":"https:\/\/i0.wp.com\/ryfi.online\/wp-content\/uploads\/2021\/05\/71x19VxDhSL._AC_SL1500_.jpg?resize=350%2C200&ssl=1","width":350,"height":200},"classes":[]},{"id":8443,"url":"https:\/\/ryfi.online\/es\/producto\/gorra-minions\/","url_meta":{"origin":10550,"position":2},"title":"Gorra Minions EP4341","date":"aprilie 27, 2022","format":false,"excerpt":"Env\u00edo gratuito y r\u00e1pido en 1-3 d\u00edas.","rel":"","context":"Articol similar","img":{"alt_text":"Gorra Minion Amarillo","src":"https:\/\/i0.wp.com\/ryfi.online\/wp-content\/uploads\/2022\/04\/ep4341_ye.jpg?resize=350%2C200&ssl=1","width":350,"height":200},"classes":[]},{"id":8507,"url":"https:\/\/ryfi.online\/es\/producto\/camiseta-minions-et6729\/","url_meta":{"origin":10550,"position":3},"title":"Camiseta Minions para ni\u00f1os ET6729","date":"aprilie 29, 2022","format":false,"excerpt":"Env\u00edo rapido y seguro en 1-3 dias laborales","rel":"","context":"Articol similar","img":{"alt_text":"","src":"https:\/\/i0.wp.com\/ryfi.online\/wp-content\/uploads\/2022\/04\/et6729.e18-scaled.jpg?resize=350%2C200&ssl=1","width":350,"height":200},"classes":[]},{"id":13109,"url":"https:\/\/ryfi.online\/ro\/produs\/tricou-maniche-lunghe-ragazzi-patrula-patrula\/","url_meta":{"origin":10550,"position":4},"title":"Maglietta a maniche lunghe da bambino Paw Patrol","date":"octombrie 8, 2021","format":false,"excerpt":"Livrare gratuit\u0103 \u00een 1-3 zile","rel":"","context":"Articol similar","img":{"alt_text":"","src":"","width":0,"height":0},"classes":[]},{"id":2833,"url":"https:\/\/ryfi.online\/es\/producto\/sudadera-con-capucha-minions-para-nino-producto-oficial-minions\/","url_meta":{"origin":10550,"position":5},"title":"Sudadera con Capucha Minions para ni\u00f1o &#8211; Producto Oficial Minions EP1033","date":"octombrie 8, 2021","format":false,"excerpt":"Env\u00edo gratuito y r\u00e1pido en 1-3 d\u00edas.","rel":"","context":"Articol similar","img":{"alt_text":"","src":"https:\/\/i0.wp.com\/ryfi.online\/wp-content\/uploads\/2021\/10\/ep1033.jpg?resize=350%2C200&ssl=1","width":350,"height":200},"classes":[]}],"_links":{"self":[{"href":"https:\/\/ryfi.online\/ro\/wp-json\/wp\/v2\/product\/10550","targetHints":{"allow":["GET"]}}],"collection":[{"href":"https:\/\/ryfi.online\/ro\/wp-json\/wp\/v2\/product"}],"about":[{"href":"https:\/\/ryfi.online\/ro\/wp-json\/wp\/v2\/types\/product"}],"replies":[{"embeddable":true,"href":"https:\/\/ryfi.online\/ro\/wp-json\/wp\/v2\/comments?post=10550"}],"wp:featuredmedia":[{"embeddable":true,"href":"https:\/\/ryfi.online\/ro\/wp-json\/wp\/v2\/media\/10555"}],"wp:attachment":[{"href":"https:\/\/ryfi.online\/ro\/wp-json\/wp\/v2\/media?parent=10550"}],"wp:term":[{"taxonomy":"product_brand","embeddable":true,"href":"https:\/\/ryfi.online\/ro\/wp-json\/wp\/v2\/product_brand?post=10550"},{"taxonomy":"product_cat","embeddable":true,"href":"https:\/\/ryfi.online\/ro\/wp-json\/wp\/v2\/product_cat?post=10550"},{"taxonomy":"product_tag","embeddable":true,"href":"https:\/\/ryfi.online\/ro\/wp-json\/wp\/v2\/product_tag?post=10550"}],"curies":[{"name":"wp","href":"https:\/\/api.w.org\/{rel}","templated":true}]}}