{"id":10535,"date":"2022-04-29T17:05:26","date_gmt":"2022-05-09T22:02:49","guid":{"rendered":"https:\/\/ryfi.online\/product\/tricou-cu-maneca-scurta-frozen-pentru-fete-ev1017\/"},"modified":"2024-11-11T01:27:38","modified_gmt":"2024-11-11T01:27:38","slug":"tricou-maneca-scurta-frozen-ev1017","status":"publish","type":"product","link":"https:\/\/ryfi.online\/ro\/produs\/tricou-maneca-scurta-frozen-ev1017\/","title":{"rendered":"Tricou cu maneca scurta Frozen pentru fete EV1017"},"content":{"rendered":"<p>Ca cadou de ziua de nastere, de Paste sau doar asa. Cu acest frumos tricou Frozen, nu po\u021bi gre\u0219i! Manopera este excelenta si culorile foarte puternice. Se spala la masina la 30\u00b0C, pentru o durata lunga de viata, dar se recomanda spalarea manuala. Cu aceast\u0103 c\u0103ma\u0219\u0103, ochii copiilor \u00eencep s\u0103 radieze!<\/p>\n<p>&nbsp;<\/p>\n<p>\u2705 Tricou Frozen pentru fete<\/p>\n<p>\u2705 Culoare: Albastru-Alb<\/p>\n<p>\u2705 100% bumbac,<\/p>\n<p>\u2705 V\u00e2rsta: 3 ani, 5 ani, 6 ani, 8 ani<\/p>\n","protected":false},"excerpt":{"rendered":"<p>Livrare rapid\u0103 \u0219i sigur\u0103 \u00een 1-3 zile lucr\u0103toare<\/p>\n","protected":false},"featured_media":10544,"comment_status":"open","ping_status":"closed","template":"","meta":[],"product_brand":[],"product_cat":[305,308],"product_tag":[],"class_list":{"0":"post-10535","1":"product","2":"type-product","3":"status-publish","4":"has-post-thumbnail","6":"product_cat-tricou-baieti","7":"product_cat-tricou-pentru-fete","9":"first","10":"instock","11":"featured","12":"taxable","13":"shipping-taxable","14":"purchasable","15":"product-type-variable"},"yoast_head":"<!-- This site is optimized with the Yoast SEO Premium plugin v17.1.2 (Yoast SEO v27.5) - https:\/\/yoast.com\/product\/yoast-seo-premium-wordpress\/ -->\n<title>Cump\u0103ra\u021bi Tricou Pentru Copii Frozen Collection - Ryfi Online Store<\/title>\n<meta name=\"description\" content=\"Cump\u0103ra\u021bi online tricouri Frozen pentru copii care ofer\u0103 un aspect la mod\u0103 \u0219i din bumbac. Tricoul nostru este disponibil pentru copiii de toate v\u00e2rstele. Cump\u0103r\u0103 acum!!\" \/>\n<meta name=\"robots\" content=\"index, follow, max-snippet:-1, max-image-preview:large, max-video-preview:-1\" \/>\n<link rel=\"canonical\" href=\"https:\/\/ryfi.online\/ro\/produs\/tricou-maneca-scurta-frozen-ev1017\/\" \/>\n<meta property=\"og:locale\" content=\"ro_RO\" \/>\n<meta property=\"og:type\" content=\"article\" \/>\n<meta property=\"og:title\" content=\"Tricou cu maneca scurta Frozen pentru fete EV1017\" \/>\n<meta property=\"og:description\" content=\"Cump\u0103ra\u021bi online tricouri Frozen pentru copii care ofer\u0103 un aspect la mod\u0103 \u0219i din bumbac. Tricoul nostru este disponibil pentru copiii de toate v\u00e2rstele. Cump\u0103r\u0103 acum!!\" \/>\n<meta property=\"og:url\" content=\"https:\/\/ryfi.online\/ro\/produs\/tricou-maneca-scurta-frozen-ev1017\/\" \/>\n<meta property=\"og:site_name\" content=\"Ryfi Online Store\" \/>\n<meta property=\"article:publisher\" content=\"https:\/\/www.facebook.com\/ryfi.online\/\" \/>\n<meta property=\"article:modified_time\" content=\"2024-11-11T01:27:38+00:00\" \/>\n<meta property=\"og:image\" content=\"https:\/\/ryfi.online\/wp-content\/uploads\/2022\/04\/ev1017.jpg\" \/>\n\t<meta property=\"og:image:width\" content=\"800\" \/>\n\t<meta property=\"og:image:height\" content=\"565\" \/>\n\t<meta property=\"og:image:type\" content=\"image\/jpeg\" \/>\n<meta name=\"twitter:card\" content=\"summary_large_image\" \/>\n<meta name=\"twitter:label1\" content=\"Availability\" \/>\n\t<meta name=\"twitter:data1\" content=\"In stock\" \/>\n<meta property=\"product:brand\" content=\"Tricou b\u0103ie\u021bi\" \/>\n<meta property=\"og:availability\" content=\"instock\" \/>\n<meta property=\"product:availability\" content=\"instock\" \/>\n<meta property=\"product:condition\" content=\"new\" \/>\n<!-- \/ Yoast SEO Premium plugin. -->","yoast_head_json":{"title":"Cump\u0103ra\u021bi Tricou Pentru Copii Frozen Collection - Ryfi Online Store","description":"Cump\u0103ra\u021bi online tricouri Frozen pentru copii care ofer\u0103 un aspect la mod\u0103 \u0219i din bumbac. Tricoul nostru este disponibil pentru copiii de toate v\u00e2rstele. Cump\u0103r\u0103 acum!!","robots":{"index":"index","follow":"follow","max-snippet":"max-snippet:-1","max-image-preview":"max-image-preview:large","max-video-preview":"max-video-preview:-1"},"canonical":"https:\/\/ryfi.online\/ro\/produs\/tricou-maneca-scurta-frozen-ev1017\/","og_locale":"ro_RO","og_type":"article","og_title":"Tricou cu maneca scurta Frozen pentru fete EV1017","og_description":"Cump\u0103ra\u021bi online tricouri Frozen pentru copii care ofer\u0103 un aspect la mod\u0103 \u0219i din bumbac. Tricoul nostru este disponibil pentru copiii de toate v\u00e2rstele. Cump\u0103r\u0103 acum!!","og_url":"https:\/\/ryfi.online\/ro\/produs\/tricou-maneca-scurta-frozen-ev1017\/","og_site_name":"Ryfi Online Store","article_publisher":"https:\/\/www.facebook.com\/ryfi.online\/","article_modified_time":"2024-11-11T01:27:38+00:00","og_image":[{"width":800,"height":565,"url":"https:\/\/ryfi.online\/wp-content\/uploads\/2022\/04\/ev1017.jpg","type":"image\/jpeg"}],"twitter_card":"summary_large_image","twitter_misc":{"Availability":"In stock"},"schema":{"@context":"https:\/\/schema.org","@graph":[{"@type":"WebPage","@id":"https:\/\/ryfi.online\/ro\/produs\/tricou-maneca-scurta-frozen-ev1017\/","url":"https:\/\/ryfi.online\/ro\/produs\/tricou-maneca-scurta-frozen-ev1017\/","name":"Cump\u0103ra\u021bi Tricou Pentru Copii Frozen Collection - Ryfi Online Store","isPartOf":{"@id":"https:\/\/ryfi.online\/ro\/#website"},"primaryImageOfPage":{"@id":"https:\/\/ryfi.online\/ro\/produs\/tricou-maneca-scurta-frozen-ev1017\/#primaryimage"},"image":{"@id":"https:\/\/ryfi.online\/ro\/produs\/tricou-maneca-scurta-frozen-ev1017\/#primaryimage"},"thumbnailUrl":"https:\/\/ryfi.online\/wp-content\/uploads\/2022\/04\/ev1017.jpg","datePublished":"2022-05-09T22:02:49+00:00","dateModified":"2024-11-11T01:27:38+00:00","description":"Cump\u0103ra\u021bi online tricouri Frozen pentru copii care ofer\u0103 un aspect la mod\u0103 \u0219i din bumbac. Tricoul nostru este disponibil pentru copiii de toate v\u00e2rstele. Cump\u0103r\u0103 acum!!","breadcrumb":{"@id":"https:\/\/ryfi.online\/ro\/produs\/tricou-maneca-scurta-frozen-ev1017\/#breadcrumb"},"inLanguage":"ro-RO","potentialAction":[{"@type":"ReadAction","target":["https:\/\/ryfi.online\/ro\/produs\/tricou-maneca-scurta-frozen-ev1017\/"]}]},{"@type":"ImageObject","inLanguage":"ro-RO","@id":"https:\/\/ryfi.online\/ro\/produs\/tricou-maneca-scurta-frozen-ev1017\/#primaryimage","url":"https:\/\/ryfi.online\/wp-content\/uploads\/2022\/04\/ev1017.jpg","contentUrl":"https:\/\/ryfi.online\/wp-content\/uploads\/2022\/04\/ev1017.jpg","width":800,"height":565},{"@type":"BreadcrumbList","@id":"https:\/\/ryfi.online\/ro\/produs\/tricou-maneca-scurta-frozen-ev1017\/#breadcrumb","itemListElement":[{"@type":"ListItem","position":1,"name":"Home","item":"https:\/\/ryfi.online\/ro\/"},{"@type":"ListItem","position":2,"name":"Free and Fast Shipping whitin 1-3 Days!!!","item":"https:\/\/ryfi.online\/shop\/"},{"@type":"ListItem","position":3,"name":"Tricou cu maneca scurta Frozen pentru fete EV1017"}]},{"@type":"WebSite","@id":"https:\/\/ryfi.online\/ro\/#website","url":"https:\/\/ryfi.online\/ro\/","name":"Ryfi Online Store","description":"Online Store","publisher":{"@id":"https:\/\/ryfi.online\/ro\/#organization"},"potentialAction":[{"@type":"SearchAction","target":{"@type":"EntryPoint","urlTemplate":"https:\/\/ryfi.online\/ro\/?s={search_term_string}"},"query-input":{"@type":"PropertyValueSpecification","valueRequired":true,"valueName":"search_term_string"}}],"inLanguage":"ro-RO"},{"@type":"Organization","@id":"https:\/\/ryfi.online\/ro\/#organization","name":"Ryan Future Investments LLC","url":"https:\/\/ryfi.online\/ro\/","logo":{"@type":"ImageObject","inLanguage":"ro-RO","@id":"https:\/\/ryfi.online\/ro\/#\/schema\/logo\/image\/","url":"https:\/\/ryfi.online\/wp-content\/uploads\/2021\/03\/2-03.png","contentUrl":"https:\/\/ryfi.online\/wp-content\/uploads\/2021\/03\/2-03.png","width":1010,"height":310,"caption":"Ryan Future Investments LLC"},"image":{"@id":"https:\/\/ryfi.online\/ro\/#\/schema\/logo\/image\/"},"sameAs":["https:\/\/www.facebook.com\/ryfi.online\/"]}]},"product_brand":"Tricou b\u0103ie\u021bi","og_availability":"instock","product_availability":"instock","product_condition":"new"},"jetpack-related-posts":[{"id":11953,"url":"https:\/\/ryfi.online\/ro\/produs\/tricou-cu-design-disney-frozen-pentru-fete\/","url_meta":{"origin":10535,"position":0},"title":"Tricou Disney Frozen pentru fete","date":"iunie 9, 2021","format":false,"excerpt":"Livrare gratuit\u0103 1-3 zile lucr\u0103toare Retur gratuit","rel":"","context":"Articol similar","img":{"alt_text":"Tricou Disney Frozen","src":"https:\/\/i0.wp.com\/ryfi.online\/wp-content\/uploads\/2021\/06\/ET1222_WH.jpg?resize=350%2C200&ssl=1","width":350,"height":200},"classes":[]},{"id":11893,"url":"https:\/\/ryfi.online\/ro\/produs\/tricou-disney-cu-fusta-inghetata-ii-bumbac-pentru-fete\/","url_meta":{"origin":10535,"position":1},"title":"Tricou Disney Frozen II Bumbac cu Fusta pentru Fete ET1238","date":"iulie 12, 2021","format":false,"excerpt":"Livrare gratuit\u0103 1-3 zile lucr\u0103toare Retur gratuit","rel":"","context":"Articol similar","img":{"alt_text":"","src":"https:\/\/i0.wp.com\/ryfi.online\/wp-content\/uploads\/2021\/07\/et1238_wh.jpg?resize=350%2C200&ssl=1","width":350,"height":200},"classes":[]},{"id":11971,"url":"https:\/\/ryfi.online\/ro\/produs\/tricou-cu-disney-minnie-design-pentru-fete\/","url_meta":{"origin":10535,"position":2},"title":"Tricou Disney Minnie Mouse pentru fete ET1119","date":"iunie 9, 2021","format":false,"excerpt":"Livrare gratuit\u0103 1-3 zile lucr\u0103toare Retur gratuit","rel":"","context":"Articol similar","img":{"alt_text":"Tricou Minnie Mouse","src":"https:\/\/i0.wp.com\/ryfi.online\/wp-content\/uploads\/2021\/06\/ET1119_REF1.jpg?resize=350%2C200&ssl=1","width":350,"height":200},"classes":[]},{"id":11668,"url":"https:\/\/ryfi.online\/ro\/produs\/tricou-fete-inghetate-cu-maneca-lunga\/","url_meta":{"origin":10535,"position":3},"title":"Tricou cu m\u00e2nec\u0103 lung\u0103 pentru fete Frozen HU1095","date":"octombrie 8, 2021","format":false,"excerpt":"Livrare rapid\u0103 \u0219i sigur\u0103 \u00een 1-3 zile lucr\u0103toare","rel":"","context":"Articol similar","img":{"alt_text":"","src":"https:\/\/i0.wp.com\/ryfi.online\/wp-content\/uploads\/2021\/10\/hu1095.jpg?resize=350%2C200&ssl=1","width":350,"height":200},"classes":[]},{"id":11884,"url":"https:\/\/ryfi.online\/ro\/produs\/anekke-tricou-desen-animat-pentru-fete\/","url_meta":{"origin":10535,"position":4},"title":"Tricou cu desene animate Anekke pentru fete SE1479","date":"iulie 17, 2021","format":false,"excerpt":"Livrare rapid\u0103 \u0219i sigur\u0103 \u00een 1-3 zile lucr\u0103toare","rel":"","context":"Articol similar","img":{"alt_text":"Tricou Anekke","src":"https:\/\/i0.wp.com\/ryfi.online\/wp-content\/uploads\/2021\/07\/img_91355_4ba08d53d1efba1ea99377fa4b3b303f_20.jpg?resize=350%2C200&ssl=1","width":350,"height":200},"classes":[]},{"id":11944,"url":"https:\/\/ryfi.online\/ro\/produs\/miraculous-lady-bug-tricou-desene-animat-pentru-fete\/","url_meta":{"origin":10535,"position":5},"title":"Tricou cu desene animate Miraculous Lady Bug pentru fete","date":"iunie 15, 2021","format":false,"excerpt":"Livrare gratuit\u0103 1-3 zile lucr\u0103toare Retur gratuit","rel":"","context":"Articol similar","img":{"alt_text":"Tricou Lady Bug","src":"https:\/\/i0.wp.com\/ryfi.online\/wp-content\/uploads\/2021\/06\/et1298_rd.jpg?resize=350%2C200&ssl=1","width":350,"height":200},"classes":[]}],"_links":{"self":[{"href":"https:\/\/ryfi.online\/ro\/wp-json\/wp\/v2\/product\/10535","targetHints":{"allow":["GET"]}}],"collection":[{"href":"https:\/\/ryfi.online\/ro\/wp-json\/wp\/v2\/product"}],"about":[{"href":"https:\/\/ryfi.online\/ro\/wp-json\/wp\/v2\/types\/product"}],"replies":[{"embeddable":true,"href":"https:\/\/ryfi.online\/ro\/wp-json\/wp\/v2\/comments?post=10535"}],"wp:featuredmedia":[{"embeddable":true,"href":"https:\/\/ryfi.online\/ro\/wp-json\/wp\/v2\/media\/10544"}],"wp:attachment":[{"href":"https:\/\/ryfi.online\/ro\/wp-json\/wp\/v2\/media?parent=10535"}],"wp:term":[{"taxonomy":"product_brand","embeddable":true,"href":"https:\/\/ryfi.online\/ro\/wp-json\/wp\/v2\/product_brand?post=10535"},{"taxonomy":"product_cat","embeddable":true,"href":"https:\/\/ryfi.online\/ro\/wp-json\/wp\/v2\/product_cat?post=10535"},{"taxonomy":"product_tag","embeddable":true,"href":"https:\/\/ryfi.online\/ro\/wp-json\/wp\/v2\/product_tag?post=10535"}],"curies":[{"name":"wp","href":"https:\/\/api.w.org\/{rel}","templated":true}]}}