{"id":10439,"date":"2022-04-29T18:16:26","date_gmt":"2022-05-09T21:57:13","guid":{"rendered":"https:\/\/ryfi.online\/product\/sapca-frozen-pentru-fete-ue4140\/"},"modified":"2025-05-24T19:47:41","modified_gmt":"2025-05-24T19:47:41","slug":"capac-congelat-ue4140","status":"publish","type":"product","link":"https:\/\/ryfi.online\/ro\/produs\/capac-congelat-ue4140\/","title":{"rendered":"\u0218apc\u0103 Frozen pentru fete UE4140"},"content":{"rendered":"<p>Ca cadou de ziua de nastere, de Paste sau doar asa. Cu frumoasa sapca, de la Frozen, nu poti gresi! Cappy este 100% bumbac \u0219i 100% poliester. Exist\u0103 o \u00eenchidere cu velcro la spate pentru o potrivire perfect\u0103 cu capete mici pentru confort maxim. Manopera este excelenta si culorile foarte puternice. \u0218apca cu v\u00e2rf este ideal\u0103 pentru o plimbare la soare, o zi la piscin\u0103 sau pentru vacan\u021be. A\u0219a c\u0103 capetele celor mici sunt bine protejate de soarele arz\u0103tor. Capacul este lavabil la masina de spalat la 30\u00b0C, pentru o durata lunga de viata, dar se recomanda spalarea manuala. Cu aceast\u0103 \u0219apc\u0103, ochii copiilor \u00eencep s\u0103 radieze!<\/p>\n<p>&nbsp;<\/p>\n<p>\u2705 \u0218apc\u0103 Frozen pentru fete<\/p>\n<p>\u2705 Culoare: violet-albastru<\/p>\n<p>\u2705 100% bumbac<\/p>\n<p>\u2705 Marime: 52-54<\/p>\n","protected":false},"excerpt":{"rendered":"<p>Livrare rapid\u0103 \u0219i sigur\u0103 \u00een 1-3 zile lucr\u0103toare<\/p>\n","protected":false},"featured_media":10442,"comment_status":"open","ping_status":"closed","template":"","meta":[],"product_brand":[],"product_cat":[310],"product_tag":[],"class_list":{"0":"post-10439","1":"product","2":"type-product","3":"status-publish","4":"has-post-thumbnail","6":"product_cat-sapci-pentru-copii","8":"first","9":"instock","10":"featured","11":"taxable","12":"shipping-taxable","13":"purchasable","14":"product-type-variable"},"yoast_head":"<!-- This site is optimized with the Yoast SEO Premium plugin v17.1.2 (Yoast SEO v27.4) - https:\/\/yoast.com\/product\/yoast-seo-premium-wordpress\/ -->\n<title>\u0218apc\u0103 Frozen pentru fete UE4140 - Ryfi Online Store<\/title>\n<meta name=\"robots\" content=\"index, follow, max-snippet:-1, max-image-preview:large, max-video-preview:-1\" \/>\n<link rel=\"canonical\" href=\"https:\/\/ryfi.online\/ro\/produs\/capac-congelat-ue4140\/\" \/>\n<meta property=\"og:locale\" content=\"ro_RO\" \/>\n<meta property=\"og:type\" content=\"article\" \/>\n<meta property=\"og:title\" content=\"\u0218apc\u0103 Frozen pentru fete UE4140\" \/>\n<meta property=\"og:description\" content=\"Livrare rapid\u0103 \u0219i sigur\u0103 \u00een 1-3 zile lucr\u0103toare\" \/>\n<meta property=\"og:url\" content=\"https:\/\/ryfi.online\/ro\/produs\/capac-congelat-ue4140\/\" \/>\n<meta property=\"og:site_name\" content=\"Ryfi Online Store\" \/>\n<meta property=\"article:publisher\" content=\"https:\/\/www.facebook.com\/ryfi.online\/\" \/>\n<meta property=\"article:modified_time\" content=\"2025-05-24T19:47:41+00:00\" \/>\n<meta property=\"og:image\" content=\"https:\/\/ryfi.online\/wp-content\/uploads\/2022\/04\/ue4140_lna.jpg\" \/>\n\t<meta property=\"og:image:width\" content=\"800\" \/>\n\t<meta property=\"og:image:height\" content=\"1200\" \/>\n\t<meta property=\"og:image:type\" content=\"image\/jpeg\" \/>\n<meta name=\"twitter:card\" content=\"summary_large_image\" \/>\n<meta name=\"twitter:label1\" content=\"Availability\" \/>\n\t<meta name=\"twitter:data1\" content=\"In stock\" \/>\n<meta property=\"product:brand\" content=\"\u015eapci pentru copii\" \/>\n<meta property=\"og:availability\" content=\"instock\" \/>\n<meta property=\"product:availability\" content=\"instock\" \/>\n<meta property=\"product:condition\" content=\"new\" \/>\n<!-- \/ Yoast SEO Premium plugin. -->","yoast_head_json":{"title":"\u0218apc\u0103 Frozen pentru fete UE4140 - Ryfi Online Store","robots":{"index":"index","follow":"follow","max-snippet":"max-snippet:-1","max-image-preview":"max-image-preview:large","max-video-preview":"max-video-preview:-1"},"canonical":"https:\/\/ryfi.online\/ro\/produs\/capac-congelat-ue4140\/","og_locale":"ro_RO","og_type":"article","og_title":"\u0218apc\u0103 Frozen pentru fete UE4140","og_description":"Livrare rapid\u0103 \u0219i sigur\u0103 \u00een 1-3 zile lucr\u0103toare","og_url":"https:\/\/ryfi.online\/ro\/produs\/capac-congelat-ue4140\/","og_site_name":"Ryfi Online Store","article_publisher":"https:\/\/www.facebook.com\/ryfi.online\/","article_modified_time":"2025-05-24T19:47:41+00:00","og_image":[{"width":800,"height":1200,"url":"https:\/\/ryfi.online\/wp-content\/uploads\/2022\/04\/ue4140_lna.jpg","type":"image\/jpeg"}],"twitter_card":"summary_large_image","twitter_misc":{"Availability":"In stock"},"schema":{"@context":"https:\/\/schema.org","@graph":[{"@type":"WebPage","@id":"https:\/\/ryfi.online\/ro\/produs\/capac-congelat-ue4140\/","url":"https:\/\/ryfi.online\/ro\/produs\/capac-congelat-ue4140\/","name":"\u0218apc\u0103 Frozen pentru fete UE4140 - Ryfi Online Store","isPartOf":{"@id":"https:\/\/ryfi.online\/ro\/#website"},"primaryImageOfPage":{"@id":"https:\/\/ryfi.online\/ro\/produs\/capac-congelat-ue4140\/#primaryimage"},"image":{"@id":"https:\/\/ryfi.online\/ro\/produs\/capac-congelat-ue4140\/#primaryimage"},"thumbnailUrl":"https:\/\/ryfi.online\/wp-content\/uploads\/2022\/04\/ue4140_lna.jpg","datePublished":"2022-05-09T21:57:13+00:00","dateModified":"2025-05-24T19:47:41+00:00","breadcrumb":{"@id":"https:\/\/ryfi.online\/ro\/produs\/capac-congelat-ue4140\/#breadcrumb"},"inLanguage":"ro-RO","potentialAction":[{"@type":"ReadAction","target":["https:\/\/ryfi.online\/ro\/produs\/capac-congelat-ue4140\/"]}]},{"@type":"ImageObject","inLanguage":"ro-RO","@id":"https:\/\/ryfi.online\/ro\/produs\/capac-congelat-ue4140\/#primaryimage","url":"https:\/\/ryfi.online\/wp-content\/uploads\/2022\/04\/ue4140_lna.jpg","contentUrl":"https:\/\/ryfi.online\/wp-content\/uploads\/2022\/04\/ue4140_lna.jpg","width":800,"height":1200},{"@type":"BreadcrumbList","@id":"https:\/\/ryfi.online\/ro\/produs\/capac-congelat-ue4140\/#breadcrumb","itemListElement":[{"@type":"ListItem","position":1,"name":"Home","item":"https:\/\/ryfi.online\/ro\/"},{"@type":"ListItem","position":2,"name":"Free and Fast Shipping whitin 1-3 Days!!!","item":"https:\/\/ryfi.online\/shop\/"},{"@type":"ListItem","position":3,"name":"\u0218apc\u0103 Frozen pentru fete UE4140"}]},{"@type":"WebSite","@id":"https:\/\/ryfi.online\/ro\/#website","url":"https:\/\/ryfi.online\/ro\/","name":"Ryfi Online Store","description":"Online Store","publisher":{"@id":"https:\/\/ryfi.online\/ro\/#organization"},"potentialAction":[{"@type":"SearchAction","target":{"@type":"EntryPoint","urlTemplate":"https:\/\/ryfi.online\/ro\/?s={search_term_string}"},"query-input":{"@type":"PropertyValueSpecification","valueRequired":true,"valueName":"search_term_string"}}],"inLanguage":"ro-RO"},{"@type":"Organization","@id":"https:\/\/ryfi.online\/ro\/#organization","name":"Ryan Future Investments LLC","url":"https:\/\/ryfi.online\/ro\/","logo":{"@type":"ImageObject","inLanguage":"ro-RO","@id":"https:\/\/ryfi.online\/ro\/#\/schema\/logo\/image\/","url":"https:\/\/ryfi.online\/wp-content\/uploads\/2021\/03\/2-03.png","contentUrl":"https:\/\/ryfi.online\/wp-content\/uploads\/2021\/03\/2-03.png","width":1010,"height":310,"caption":"Ryan Future Investments LLC"},"image":{"@id":"https:\/\/ryfi.online\/ro\/#\/schema\/logo\/image\/"},"sameAs":["https:\/\/www.facebook.com\/ryfi.online\/"]}]},"product_brand":"\u015eapci pentru copii","og_availability":"instock","product_availability":"instock","product_condition":"new"},"jetpack-related-posts":[{"id":11917,"url":"https:\/\/ryfi.online\/ro\/produs\/nickelodeon-patrula-labe-model-sapca-de-baseball-pentru-fete\/","url_meta":{"origin":10439,"position":0},"title":"\u015eapc\u0103 de baseball Nickelodeon Paw Patrol pentru fete UE4205","date":"iunie 16, 2021","format":false,"excerpt":"Livrare gratuit\u0103 1-3 zile lucr\u0103toare Retur gratuit","rel":"","context":"Articol similar","img":{"alt_text":"\u015eapc\u0103 Paw Patrol","src":"https:\/\/i0.wp.com\/ryfi.online\/wp-content\/uploads\/2021\/06\/ue4205_pi.jpg?resize=350%2C200&ssl=1","width":350,"height":200},"classes":[]},{"id":11931,"url":"https:\/\/ryfi.online\/ro\/produs\/sapca-de-baseball-cu-model-batman-pentru-copii\/","url_meta":{"origin":10439,"position":1},"title":"\u015eapc\u0103 de baseball cu design Batman pentru b\u0103ie\u0163i UE4224","date":"iunie 16, 2021","format":false,"excerpt":"Livrare gratuit\u0103 1-3 zile lucr\u0103toare Retur gratuit","rel":"","context":"Articol similar","img":{"alt_text":"\u0219apc\u0103 Batman","src":"https:\/\/i0.wp.com\/ryfi.online\/wp-content\/uploads\/2021\/06\/ue4224_bk.jpg?resize=350%2C200&ssl=1","width":350,"height":200},"classes":[]},{"id":10480,"url":"https:\/\/ryfi.online\/ro\/produs\/capac-spiderman-ev4009\/","url_meta":{"origin":10439,"position":2},"title":"\u0218apc\u0103 Spiderman pentru copii EV4009","date":"aprilie 29, 2022","format":false,"excerpt":"Livrare rapid\u0103 \u0219i sigur\u0103 \u00een 1-3 zile lucr\u0103toare","rel":"","context":"Articol similar","img":{"alt_text":"","src":"https:\/\/i0.wp.com\/ryfi.online\/wp-content\/uploads\/2022\/04\/ev4009_bl.jpg?resize=350%2C200&ssl=1","width":350,"height":200},"classes":[]},{"id":12028,"url":"https:\/\/ryfi.online\/ro\/produs\/sapca-de-baseball-de-mickey-de-disney-pentru-copii-ue4176\/","url_meta":{"origin":10439,"position":3},"title":"Sapca de baseball de Mickey de Disney pentru copii UE4176","date":"iunie 9, 2021","format":false,"excerpt":"Env\u00edo gratuito en 1-3 d\u00edas laborales","rel":"","context":"Articol similar","img":{"alt_text":"Gorra Mickey Disney","src":"https:\/\/i0.wp.com\/ryfi.online\/wp-content\/uploads\/2021\/06\/ue4176_lna.jpg?resize=350%2C200&ssl=1","width":350,"height":200},"classes":[]},{"id":12039,"url":"https:\/\/ryfi.online\/ro\/produs\/gorra-de-beisbol-con-diseno-de-frozen-de-disney-para-ninas-2\/","url_meta":{"origin":10439,"position":4},"title":"Gorra de b\u00e9isbol con dise\u00f1o de Frozen de Disney para ni\u00f1as ET4121","date":"iunie 9, 2021","format":false,"excerpt":"Env\u00edo gratuito en 1-3 d\u00edas laborales","rel":"","context":"Articol similar","img":{"alt_text":"Gorra Frozen Disney","src":"https:\/\/i0.wp.com\/ryfi.online\/wp-content\/uploads\/2021\/06\/et4117_tur.jpg?resize=350%2C200&ssl=1","width":350,"height":200},"classes":[]},{"id":10561,"url":"https:\/\/ryfi.online\/ro\/produs\/capac-star-wars-et4183\/","url_meta":{"origin":10439,"position":5},"title":"\u015eapc\u0103 Star Wars ET4183","date":"aprilie 29, 2022","format":false,"excerpt":"Livrare rapid\u0103 \u0219i sigur\u0103 \u00een 1-3 zile lucr\u0103toare Retur gratuit","rel":"","context":"Articol similar","img":{"alt_text":"\u015eapc\u0103 albastr\u0103 \u015fi neagr\u0103 Star Wars","src":"https:\/\/i0.wp.com\/ryfi.online\/wp-content\/uploads\/2022\/04\/et4183.jpg?resize=350%2C200&ssl=1","width":350,"height":200},"classes":[]}],"_links":{"self":[{"href":"https:\/\/ryfi.online\/ro\/wp-json\/wp\/v2\/product\/10439","targetHints":{"allow":["GET"]}}],"collection":[{"href":"https:\/\/ryfi.online\/ro\/wp-json\/wp\/v2\/product"}],"about":[{"href":"https:\/\/ryfi.online\/ro\/wp-json\/wp\/v2\/types\/product"}],"replies":[{"embeddable":true,"href":"https:\/\/ryfi.online\/ro\/wp-json\/wp\/v2\/comments?post=10439"}],"wp:featuredmedia":[{"embeddable":true,"href":"https:\/\/ryfi.online\/ro\/wp-json\/wp\/v2\/media\/10442"}],"wp:attachment":[{"href":"https:\/\/ryfi.online\/ro\/wp-json\/wp\/v2\/media?parent=10439"}],"wp:term":[{"taxonomy":"product_brand","embeddable":true,"href":"https:\/\/ryfi.online\/ro\/wp-json\/wp\/v2\/product_brand?post=10439"},{"taxonomy":"product_cat","embeddable":true,"href":"https:\/\/ryfi.online\/ro\/wp-json\/wp\/v2\/product_cat?post=10439"},{"taxonomy":"product_tag","embeddable":true,"href":"https:\/\/ryfi.online\/ro\/wp-json\/wp\/v2\/product_tag?post=10439"}],"curies":[{"name":"wp","href":"https:\/\/api.w.org\/{rel}","templated":true}]}}