{"id":10334,"date":"2022-04-30T16:59:57","date_gmt":"2022-05-09T21:13:48","guid":{"rendered":"https:\/\/ryfi.online\/product\/set-minnie-pentru-fete-ev1079\/"},"modified":"2022-12-26T14:29:44","modified_gmt":"2022-12-26T14:29:44","slug":"set-minnie-ev1079","status":"publish","type":"product","link":"https:\/\/ryfi.online\/ro\/produs\/set-minnie-ev1079\/","title":{"rendered":"Set Minnie pentru fete EV1079"},"content":{"rendered":"<p>Ca cadou de ziua de nastere, de Paste sau doar asa. Cu frumoasa tinuta, de la Minnie, nu poti gresi! Manopera este excelenta si culorile foarte puternice. \u021ainuta lui Minnie este ideal\u0103 de purtat \u00een cele mai bune momente. Se spala la masina la 30\u00b0C, pentru o durata lunga de viata, dar se recomanda spalarea manuala. Cu acest set ochii copiilor \u00eencep s\u0103 radieze!<\/p>\n<p>&nbsp;<\/p>\n<p>\u2705 Tinuta pentru fete Minnie<\/p>\n<p>\u2705 Culoare: alb-gri<\/p>\n<p>\u2705 100% bumbac,<\/p>\n<p>\u2705 V\u00e2rsta: 3 ani, 4 ani, 6 ani, 8 ani<\/p>\n","protected":false},"excerpt":{"rendered":"<p>Livrare rapid\u0103 \u0219i sigur\u0103 \u00een 1-3 zile lucr\u0103toare<\/p>\n","protected":false},"featured_media":10343,"comment_status":"open","ping_status":"closed","template":"","meta":[],"product_brand":[],"product_cat":[309,308],"product_tag":[],"class_list":{"0":"post-10334","1":"product","2":"type-product","3":"status-publish","4":"has-post-thumbnail","6":"product_cat-set-fete","7":"product_cat-tricou-pentru-fete","9":"first","10":"instock","11":"featured","12":"taxable","13":"shipping-taxable","14":"purchasable","15":"product-type-variable"},"yoast_head":"<!-- This site is optimized with the Yoast SEO Premium plugin v17.1.2 (Yoast SEO v27.4) - https:\/\/yoast.com\/product\/yoast-seo-premium-wordpress\/ -->\n<title>Set Minnie pentru fete EV1079 - Ryfi Online Store<\/title>\n<meta name=\"description\" content=\"Copilul este un fan al lui Minnie? atunci trebuie s\u0103 cump\u0103ra\u021bi aceste seturi Minnie cu aspect atractiv pentru fete. Acest set are caracterul Minnie imprimat pe el. Cump\u0103r\u0103 ast\u0103zi!!\" \/>\n<meta name=\"robots\" content=\"index, follow, max-snippet:-1, max-image-preview:large, max-video-preview:-1\" \/>\n<link rel=\"canonical\" href=\"https:\/\/ryfi.online\/ro\/produs\/set-minnie-ev1079\/\" \/>\n<meta property=\"og:locale\" content=\"ro_RO\" \/>\n<meta property=\"og:type\" content=\"article\" \/>\n<meta property=\"og:title\" content=\"Set Minnie pentru fete EV1079\" \/>\n<meta property=\"og:description\" content=\"Copilul este un fan al lui Minnie? atunci trebuie s\u0103 cump\u0103ra\u021bi aceste seturi Minnie cu aspect atractiv pentru fete. Acest set are caracterul Minnie imprimat pe el. Cump\u0103r\u0103 ast\u0103zi!!\" \/>\n<meta property=\"og:url\" content=\"https:\/\/ryfi.online\/ro\/produs\/set-minnie-ev1079\/\" \/>\n<meta property=\"og:site_name\" content=\"Ryfi Online Store\" \/>\n<meta property=\"article:publisher\" content=\"https:\/\/www.facebook.com\/ryfi.online\/\" \/>\n<meta property=\"article:modified_time\" content=\"2022-12-26T14:29:44+00:00\" \/>\n<meta property=\"og:image\" content=\"https:\/\/ryfi.online\/wp-content\/uploads\/2022\/04\/ev1079.jpg\" \/>\n\t<meta property=\"og:image:width\" content=\"800\" \/>\n\t<meta property=\"og:image:height\" content=\"565\" \/>\n\t<meta property=\"og:image:type\" content=\"image\/jpeg\" \/>\n<meta name=\"twitter:card\" content=\"summary_large_image\" \/>\n<meta name=\"twitter:label1\" content=\"Availability\" \/>\n\t<meta name=\"twitter:data1\" content=\"In stock\" \/>\n<meta property=\"product:brand\" content=\"set fete\" \/>\n<meta property=\"og:availability\" content=\"instock\" \/>\n<meta property=\"product:availability\" content=\"instock\" \/>\n<meta property=\"product:condition\" content=\"new\" \/>\n<!-- \/ Yoast SEO Premium plugin. -->","yoast_head_json":{"title":"Set Minnie pentru fete EV1079 - Ryfi Online Store","description":"Copilul este un fan al lui Minnie? atunci trebuie s\u0103 cump\u0103ra\u021bi aceste seturi Minnie cu aspect atractiv pentru fete. Acest set are caracterul Minnie imprimat pe el. Cump\u0103r\u0103 ast\u0103zi!!","robots":{"index":"index","follow":"follow","max-snippet":"max-snippet:-1","max-image-preview":"max-image-preview:large","max-video-preview":"max-video-preview:-1"},"canonical":"https:\/\/ryfi.online\/ro\/produs\/set-minnie-ev1079\/","og_locale":"ro_RO","og_type":"article","og_title":"Set Minnie pentru fete EV1079","og_description":"Copilul este un fan al lui Minnie? atunci trebuie s\u0103 cump\u0103ra\u021bi aceste seturi Minnie cu aspect atractiv pentru fete. Acest set are caracterul Minnie imprimat pe el. Cump\u0103r\u0103 ast\u0103zi!!","og_url":"https:\/\/ryfi.online\/ro\/produs\/set-minnie-ev1079\/","og_site_name":"Ryfi Online Store","article_publisher":"https:\/\/www.facebook.com\/ryfi.online\/","article_modified_time":"2022-12-26T14:29:44+00:00","og_image":[{"width":800,"height":565,"url":"https:\/\/ryfi.online\/wp-content\/uploads\/2022\/04\/ev1079.jpg","type":"image\/jpeg"}],"twitter_card":"summary_large_image","twitter_misc":{"Availability":"In stock"},"schema":{"@context":"https:\/\/schema.org","@graph":[{"@type":"WebPage","@id":"https:\/\/ryfi.online\/ro\/produs\/set-minnie-ev1079\/","url":"https:\/\/ryfi.online\/ro\/produs\/set-minnie-ev1079\/","name":"Set Minnie pentru fete EV1079 - Ryfi Online Store","isPartOf":{"@id":"https:\/\/ryfi.online\/ro\/#website"},"primaryImageOfPage":{"@id":"https:\/\/ryfi.online\/ro\/produs\/set-minnie-ev1079\/#primaryimage"},"image":{"@id":"https:\/\/ryfi.online\/ro\/produs\/set-minnie-ev1079\/#primaryimage"},"thumbnailUrl":"https:\/\/ryfi.online\/wp-content\/uploads\/2022\/04\/ev1079.jpg","datePublished":"2022-05-09T21:13:48+00:00","dateModified":"2022-12-26T14:29:44+00:00","description":"Copilul este un fan al lui Minnie? atunci trebuie s\u0103 cump\u0103ra\u021bi aceste seturi Minnie cu aspect atractiv pentru fete. Acest set are caracterul Minnie imprimat pe el. Cump\u0103r\u0103 ast\u0103zi!!","breadcrumb":{"@id":"https:\/\/ryfi.online\/ro\/produs\/set-minnie-ev1079\/#breadcrumb"},"inLanguage":"ro-RO","potentialAction":[{"@type":"ReadAction","target":["https:\/\/ryfi.online\/ro\/produs\/set-minnie-ev1079\/"]}]},{"@type":"ImageObject","inLanguage":"ro-RO","@id":"https:\/\/ryfi.online\/ro\/produs\/set-minnie-ev1079\/#primaryimage","url":"https:\/\/ryfi.online\/wp-content\/uploads\/2022\/04\/ev1079.jpg","contentUrl":"https:\/\/ryfi.online\/wp-content\/uploads\/2022\/04\/ev1079.jpg","width":800,"height":565,"caption":"Minnie set"},{"@type":"BreadcrumbList","@id":"https:\/\/ryfi.online\/ro\/produs\/set-minnie-ev1079\/#breadcrumb","itemListElement":[{"@type":"ListItem","position":1,"name":"Home","item":"https:\/\/ryfi.online\/ro\/"},{"@type":"ListItem","position":2,"name":"Free and Fast Shipping whitin 1-3 Days!!!","item":"https:\/\/ryfi.online\/shop\/"},{"@type":"ListItem","position":3,"name":"Set Minnie pentru fete EV1079"}]},{"@type":"WebSite","@id":"https:\/\/ryfi.online\/ro\/#website","url":"https:\/\/ryfi.online\/ro\/","name":"Ryfi Online Store","description":"Online Store","publisher":{"@id":"https:\/\/ryfi.online\/ro\/#organization"},"potentialAction":[{"@type":"SearchAction","target":{"@type":"EntryPoint","urlTemplate":"https:\/\/ryfi.online\/ro\/?s={search_term_string}"},"query-input":{"@type":"PropertyValueSpecification","valueRequired":true,"valueName":"search_term_string"}}],"inLanguage":"ro-RO"},{"@type":"Organization","@id":"https:\/\/ryfi.online\/ro\/#organization","name":"Ryan Future Investments LLC","url":"https:\/\/ryfi.online\/ro\/","logo":{"@type":"ImageObject","inLanguage":"ro-RO","@id":"https:\/\/ryfi.online\/ro\/#\/schema\/logo\/image\/","url":"https:\/\/ryfi.online\/wp-content\/uploads\/2021\/03\/2-03.png","contentUrl":"https:\/\/ryfi.online\/wp-content\/uploads\/2021\/03\/2-03.png","width":1010,"height":310,"caption":"Ryan Future Investments LLC"},"image":{"@id":"https:\/\/ryfi.online\/ro\/#\/schema\/logo\/image\/"},"sameAs":["https:\/\/www.facebook.com\/ryfi.online\/"]}]},"product_brand":"set fete","og_availability":"instock","product_availability":"instock","product_condition":"new"},"jetpack-related-posts":[{"id":11971,"url":"https:\/\/ryfi.online\/ro\/produs\/tricou-cu-disney-minnie-design-pentru-fete\/","url_meta":{"origin":10334,"position":0},"title":"Tricou Disney Minnie Mouse pentru fete ET1119","date":"iunie 9, 2021","format":false,"excerpt":"Livrare gratuit\u0103 1-3 zile lucr\u0103toare Retur gratuit","rel":"","context":"Articol similar","img":{"alt_text":"Tricou Minnie Mouse","src":"https:\/\/i0.wp.com\/ryfi.online\/wp-content\/uploads\/2021\/06\/ET1119_REF1.jpg?resize=350%2C200&ssl=1","width":350,"height":200},"classes":[]},{"id":11472,"url":"https:\/\/ryfi.online\/ro\/produs\/minnie-pijamale-pentru-fete-ev2084\/","url_meta":{"origin":10334,"position":1},"title":"Pijamale Minnie pentru fete EV2084","date":"aprilie 30, 2022","format":false,"excerpt":"Livrare rapid\u0103 \u0219i sigur\u0103 \u00een 1-3 zile lucr\u0103toare","rel":"","context":"Articol similar","img":{"alt_text":"pijamale minnie","src":"https:\/\/i0.wp.com\/ryfi.online\/wp-content\/uploads\/2022\/04\/ev2084.i06.jpg?resize=350%2C200&ssl=1","width":350,"height":200},"classes":[]},{"id":12656,"url":"https:\/\/ryfi.online\/ro\/produs\/disney-minnie-design-baseball-cap-pentru-fete\/","url_meta":{"origin":10334,"position":2},"title":"Fete Disney Minnie Baseball Cap","date":"iunie 9, 2021","format":false,"excerpt":"Ca un cadou de ziua de na\u0219tere, de S\u0103rb\u0103tori sau de Pa\u0219te sau pur \u0219i simplu. Cu frumoasa \u0219apc\u0103 Disney Minnie, nu ai cum s\u0103 dai gre\u0219! 100% bumbac \u0219i 100% poliester. Exist\u0103 o \u00eenchidere la spate pentru o potrivire perfect\u0103 cu c\u0103p\u0219oarele pentru un confort maxim. Manopera este excelent\u0103,\u2026","rel":"","context":"Articol similar","img":{"alt_text":"Gorra Minnie Disney","src":"https:\/\/i0.wp.com\/ryfi.online\/wp-content\/uploads\/2021\/06\/et4050_pi.jpg?resize=350%2C200&ssl=1","width":350,"height":200},"classes":[]},{"id":11909,"url":"https:\/\/ryfi.online\/ro\/produs\/3-disney-minnie-fete-100-slip-bumbac-2-3-ani\/","url_meta":{"origin":10334,"position":3},"title":"Set 3 slip pentru fete Disney Minnie 100% bumbac 2\u20133 ani UE3000","date":"iulie 5, 2021","format":false,"excerpt":"Livrare gratuit\u0103 1-3 zile Retur gratuit","rel":"","context":"Articol similar","img":{"alt_text":"Set 3 calzoncillos Minnie -1","src":"https:\/\/i0.wp.com\/ryfi.online\/wp-content\/uploads\/2021\/07\/ue3000.23y.e00-scaled.jpg?resize=350%2C200&ssl=1","width":350,"height":200},"classes":[]},{"id":11865,"url":"https:\/\/ryfi.online\/ro\/produs\/tricou-desen-animat-de-disney-minnie-pentru-fete\/","url_meta":{"origin":10334,"position":4},"title":"Tricou Disney Minnie Cartoon pentru Fete ET1137","date":"iulie 26, 2021","format":false,"excerpt":"Livrare gratuit\u0103 \u0219i sigur\u0103 \u00een 1-3 zile lucr\u0103toare","rel":"","context":"Articol similar","img":{"alt_text":"Tricou Minnie","src":"https:\/\/i0.wp.com\/ryfi.online\/wp-content\/uploads\/2021\/07\/et1137.jpg?resize=350%2C200&ssl=1","width":350,"height":200},"classes":[]},{"id":12043,"url":"https:\/\/ryfi.online\/ro\/produs\/gorra-de-beisbol-con-diseno-de-minnie-de-disney-para-ninas-2\/","url_meta":{"origin":10334,"position":5},"title":"Gorra de b\u00e9isbol con dise\u00f1o de Minnie de Disney para ni\u00f1as ET4050","date":"iunie 9, 2021","format":false,"excerpt":"Env\u00edo gratuito en 1-3 d\u00edas laborales","rel":"","context":"Articol similar","img":{"alt_text":"Gorra Minnie Disney","src":"https:\/\/i0.wp.com\/ryfi.online\/wp-content\/uploads\/2021\/06\/et4050_pi.jpg?resize=350%2C200&ssl=1","width":350,"height":200},"classes":[]}],"_links":{"self":[{"href":"https:\/\/ryfi.online\/ro\/wp-json\/wp\/v2\/product\/10334","targetHints":{"allow":["GET"]}}],"collection":[{"href":"https:\/\/ryfi.online\/ro\/wp-json\/wp\/v2\/product"}],"about":[{"href":"https:\/\/ryfi.online\/ro\/wp-json\/wp\/v2\/types\/product"}],"replies":[{"embeddable":true,"href":"https:\/\/ryfi.online\/ro\/wp-json\/wp\/v2\/comments?post=10334"}],"wp:featuredmedia":[{"embeddable":true,"href":"https:\/\/ryfi.online\/ro\/wp-json\/wp\/v2\/media\/10343"}],"wp:attachment":[{"href":"https:\/\/ryfi.online\/ro\/wp-json\/wp\/v2\/media?parent=10334"}],"wp:term":[{"taxonomy":"product_brand","embeddable":true,"href":"https:\/\/ryfi.online\/ro\/wp-json\/wp\/v2\/product_brand?post=10334"},{"taxonomy":"product_cat","embeddable":true,"href":"https:\/\/ryfi.online\/ro\/wp-json\/wp\/v2\/product_cat?post=10334"},{"taxonomy":"product_tag","embeddable":true,"href":"https:\/\/ryfi.online\/ro\/wp-json\/wp\/v2\/product_tag?post=10334"}],"curies":[{"name":"wp","href":"https:\/\/api.w.org\/{rel}","templated":true}]}}