{"id":10263,"date":"2022-04-30T19:44:22","date_gmt":"2022-05-09T21:06:49","guid":{"rendered":"https:\/\/ryfi.online\/product\/pijamale-paw-patrol-pentru-baieti-ev2098\/"},"modified":"2022-12-26T14:05:51","modified_gmt":"2022-12-26T14:05:51","slug":"copii-patrula-pijamale-ev2098","status":"publish","type":"product","link":"https:\/\/ryfi.online\/ro\/produs\/copii-patrula-pijamale-ev2098\/","title":{"rendered":"Pijamale Paw Patrol pentru baieti EV2098"},"content":{"rendered":"<p>Ca cadou de ziua de nastere, de Paste sau doar asa. Cu frumoasele pijamale Paw Patrol, nu po\u021bi gre\u0219i! Manopera este excelenta si culorile foarte puternice. Cu aceste minunate pijamale, copiii se vor odihni minunat! Se spala la masina la 30\u00b0C, pentru o durata lunga de viata, dar se recomanda spalarea manuala. Cu aceste pijamale ochii copiilor \u00eencep s\u0103 radieze!<\/p>\n<p>&nbsp;<\/p>\n<p>\u2705 Pijamale Paw Patrol pentru copii<\/p>\n<p>\u2705 Culoare: albastru-gri<\/p>\n<p>\u2705 100% bumbac<\/p>\n<p>\u2705 Varsta: 3 ani, 4 ani, 5 ani, 6 ani, 8 ani<\/p>\n","protected":false},"excerpt":{"rendered":"<p>Livrare rapid\u0103 \u0219i sigur\u0103 \u00een 1-3 zile lucr\u0103toare<\/p>\n","protected":false},"featured_media":10274,"comment_status":"open","ping_status":"closed","template":"","meta":[],"product_brand":[],"product_cat":[304],"product_tag":[],"class_list":{"0":"post-10263","1":"product","2":"type-product","3":"status-publish","4":"has-post-thumbnail","6":"product_cat-pijamale-pentru-copii","8":"first","9":"instock","10":"featured","11":"taxable","12":"shipping-taxable","13":"purchasable","14":"product-type-variable"},"yoast_head":"<!-- This site is optimized with the Yoast SEO Premium plugin v17.1.2 (Yoast SEO v27.4) - https:\/\/yoast.com\/product\/yoast-seo-premium-wordpress\/ -->\n<title>Pijamale Paw Patrol pentru baieti EV2098 - Ryfi Online Store<\/title>\n<meta name=\"description\" content=\"Pijamalele acestui b\u0103iat cu patrula labe sunt perfecte pentru var\u0103 \u0219i alte s\u0103rb\u0103tori. Culorile vibrante folosite in pijamale sunt foarte atractive si dau un aspect fabulos.\" \/>\n<meta name=\"robots\" content=\"index, follow, max-snippet:-1, max-image-preview:large, max-video-preview:-1\" \/>\n<link rel=\"canonical\" href=\"https:\/\/ryfi.online\/ro\/produs\/copii-patrula-pijamale-ev2098\/\" \/>\n<meta property=\"og:locale\" content=\"ro_RO\" \/>\n<meta property=\"og:type\" content=\"article\" \/>\n<meta property=\"og:title\" content=\"Pijamale Paw Patrol pentru baieti EV2098\" \/>\n<meta property=\"og:description\" content=\"Pijamalele acestui b\u0103iat cu patrula labe sunt perfecte pentru var\u0103 \u0219i alte s\u0103rb\u0103tori. Culorile vibrante folosite in pijamale sunt foarte atractive si dau un aspect fabulos.\" \/>\n<meta property=\"og:url\" content=\"https:\/\/ryfi.online\/ro\/produs\/copii-patrula-pijamale-ev2098\/\" \/>\n<meta property=\"og:site_name\" content=\"Ryfi Online Store\" \/>\n<meta property=\"article:publisher\" content=\"https:\/\/www.facebook.com\/ryfi.online\/\" \/>\n<meta property=\"article:modified_time\" content=\"2022-12-26T14:05:51+00:00\" \/>\n<meta property=\"og:image\" content=\"https:\/\/ryfi.online\/wp-content\/uploads\/2022\/04\/ev2098.i00.b.jpg\" \/>\n\t<meta property=\"og:image:width\" content=\"800\" \/>\n\t<meta property=\"og:image:height\" content=\"567\" \/>\n\t<meta property=\"og:image:type\" content=\"image\/jpeg\" \/>\n<meta name=\"twitter:card\" content=\"summary_large_image\" \/>\n<meta name=\"twitter:label1\" content=\"Availability\" \/>\n\t<meta name=\"twitter:data1\" content=\"In stock\" \/>\n<meta property=\"product:brand\" content=\"pijamale pentru copii\" \/>\n<meta property=\"og:availability\" content=\"instock\" \/>\n<meta property=\"product:availability\" content=\"instock\" \/>\n<meta property=\"product:condition\" content=\"new\" \/>\n<!-- \/ Yoast SEO Premium plugin. -->","yoast_head_json":{"title":"Pijamale Paw Patrol pentru baieti EV2098 - Ryfi Online Store","description":"Pijamalele acestui b\u0103iat cu patrula labe sunt perfecte pentru var\u0103 \u0219i alte s\u0103rb\u0103tori. Culorile vibrante folosite in pijamale sunt foarte atractive si dau un aspect fabulos.","robots":{"index":"index","follow":"follow","max-snippet":"max-snippet:-1","max-image-preview":"max-image-preview:large","max-video-preview":"max-video-preview:-1"},"canonical":"https:\/\/ryfi.online\/ro\/produs\/copii-patrula-pijamale-ev2098\/","og_locale":"ro_RO","og_type":"article","og_title":"Pijamale Paw Patrol pentru baieti EV2098","og_description":"Pijamalele acestui b\u0103iat cu patrula labe sunt perfecte pentru var\u0103 \u0219i alte s\u0103rb\u0103tori. Culorile vibrante folosite in pijamale sunt foarte atractive si dau un aspect fabulos.","og_url":"https:\/\/ryfi.online\/ro\/produs\/copii-patrula-pijamale-ev2098\/","og_site_name":"Ryfi Online Store","article_publisher":"https:\/\/www.facebook.com\/ryfi.online\/","article_modified_time":"2022-12-26T14:05:51+00:00","og_image":[{"width":800,"height":567,"url":"https:\/\/ryfi.online\/wp-content\/uploads\/2022\/04\/ev2098.i00.b.jpg","type":"image\/jpeg"}],"twitter_card":"summary_large_image","twitter_misc":{"Availability":"In stock"},"schema":{"@context":"https:\/\/schema.org","@graph":[{"@type":"WebPage","@id":"https:\/\/ryfi.online\/ro\/produs\/copii-patrula-pijamale-ev2098\/","url":"https:\/\/ryfi.online\/ro\/produs\/copii-patrula-pijamale-ev2098\/","name":"Pijamale Paw Patrol pentru baieti EV2098 - Ryfi Online Store","isPartOf":{"@id":"https:\/\/ryfi.online\/ro\/#website"},"primaryImageOfPage":{"@id":"https:\/\/ryfi.online\/ro\/produs\/copii-patrula-pijamale-ev2098\/#primaryimage"},"image":{"@id":"https:\/\/ryfi.online\/ro\/produs\/copii-patrula-pijamale-ev2098\/#primaryimage"},"thumbnailUrl":"https:\/\/ryfi.online\/wp-content\/uploads\/2022\/04\/ev2098.i00.b.jpg","datePublished":"2022-05-09T21:06:49+00:00","dateModified":"2022-12-26T14:05:51+00:00","description":"Pijamalele acestui b\u0103iat cu patrula labe sunt perfecte pentru var\u0103 \u0219i alte s\u0103rb\u0103tori. Culorile vibrante folosite in pijamale sunt foarte atractive si dau un aspect fabulos.","breadcrumb":{"@id":"https:\/\/ryfi.online\/ro\/produs\/copii-patrula-pijamale-ev2098\/#breadcrumb"},"inLanguage":"ro-RO","potentialAction":[{"@type":"ReadAction","target":["https:\/\/ryfi.online\/ro\/produs\/copii-patrula-pijamale-ev2098\/"]}]},{"@type":"ImageObject","inLanguage":"ro-RO","@id":"https:\/\/ryfi.online\/ro\/produs\/copii-patrula-pijamale-ev2098\/#primaryimage","url":"https:\/\/ryfi.online\/wp-content\/uploads\/2022\/04\/ev2098.i00.b.jpg","contentUrl":"https:\/\/ryfi.online\/wp-content\/uploads\/2022\/04\/ev2098.i00.b.jpg","width":800,"height":567,"caption":"pijamale patrula labe"},{"@type":"BreadcrumbList","@id":"https:\/\/ryfi.online\/ro\/produs\/copii-patrula-pijamale-ev2098\/#breadcrumb","itemListElement":[{"@type":"ListItem","position":1,"name":"Home","item":"https:\/\/ryfi.online\/ro\/"},{"@type":"ListItem","position":2,"name":"Free and Fast Shipping whitin 1-3 Days!!!","item":"https:\/\/ryfi.online\/shop\/"},{"@type":"ListItem","position":3,"name":"Pijamale Paw Patrol pentru baieti EV2098"}]},{"@type":"WebSite","@id":"https:\/\/ryfi.online\/ro\/#website","url":"https:\/\/ryfi.online\/ro\/","name":"Ryfi Online Store","description":"Online Store","publisher":{"@id":"https:\/\/ryfi.online\/ro\/#organization"},"potentialAction":[{"@type":"SearchAction","target":{"@type":"EntryPoint","urlTemplate":"https:\/\/ryfi.online\/ro\/?s={search_term_string}"},"query-input":{"@type":"PropertyValueSpecification","valueRequired":true,"valueName":"search_term_string"}}],"inLanguage":"ro-RO"},{"@type":"Organization","@id":"https:\/\/ryfi.online\/ro\/#organization","name":"Ryan Future Investments LLC","url":"https:\/\/ryfi.online\/ro\/","logo":{"@type":"ImageObject","inLanguage":"ro-RO","@id":"https:\/\/ryfi.online\/ro\/#\/schema\/logo\/image\/","url":"https:\/\/ryfi.online\/wp-content\/uploads\/2021\/03\/2-03.png","contentUrl":"https:\/\/ryfi.online\/wp-content\/uploads\/2021\/03\/2-03.png","width":1010,"height":310,"caption":"Ryan Future Investments LLC"},"image":{"@id":"https:\/\/ryfi.online\/ro\/#\/schema\/logo\/image\/"},"sameAs":["https:\/\/www.facebook.com\/ryfi.online\/"]}]},"product_brand":"pijamale pentru copii","og_availability":"instock","product_availability":"instock","product_condition":"new"},"jetpack-related-posts":[{"id":5277,"url":"https:\/\/ryfi.online\/de\/produkt\/bag-messenger-paw-patrol-28207\/","url_meta":{"origin":10263,"position":0},"title":"Paw Patrol Umh\u00e4ngetasche 28*20*7","date":"iunie 16, 2021","format":false,"excerpt":"Kostenloser Versand 1-3 Werktage Kostenlose R\u00fccksendung","rel":"","context":"Articol similar","img":{"alt_text":"Paw Patrol Umh\u00e4ngetasche","src":"https:\/\/i0.wp.com\/ryfi.online\/wp-content\/uploads\/2021\/06\/PH4912_BL.jpg?resize=350%2C200&ssl=1","width":350,"height":200},"classes":[]},{"id":8946,"url":"https:\/\/ryfi.online\/de\/produkt\/kinder-paw-patrol-pyjamas-ev2098\/","url_meta":{"origin":10263,"position":1},"title":"Paw Patrol Schlafanzug f\u00fcr Jungen EV2098","date":"aprilie 30, 2022","format":false,"excerpt":"Schneller und sicherer Versand in 1-3 Werktagen","rel":"","context":"Articol similar","img":{"alt_text":"Paw Patrol Schlafanzug","src":"https:\/\/i0.wp.com\/ryfi.online\/wp-content\/uploads\/2022\/04\/ev2098.i00.b.jpg?resize=350%2C200&ssl=1","width":350,"height":200},"classes":[]},{"id":5282,"url":"https:\/\/ryfi.online\/de\/produkt\/nickelodeon-paw-patrol-pattern-baseball-cap-for-girls\/","url_meta":{"origin":10263,"position":2},"title":"M\u00e4dchen Nickelodeon Paw Patrol Baseballm\u00fctze UE4205","date":"iunie 16, 2021","format":false,"excerpt":"Kostenloser Versand 1-3 Werktage Kostenlose R\u00fccksendung","rel":"","context":"Articol similar","img":{"alt_text":"Paw Patrol-Kappe","src":"https:\/\/i0.wp.com\/ryfi.online\/wp-content\/uploads\/2021\/06\/ue4205_pi.jpg?resize=350%2C200&ssl=1","width":350,"height":200},"classes":[]},{"id":5764,"url":"https:\/\/ryfi.online\/de\/produkt\/kinder-nickelodeon-paw-patrol-design-baseball-cap\/","url_meta":{"origin":10263,"position":3},"title":"Jungen Nickelodeon Paw Patrol Baseballm\u00fctze UE4157","date":"iunie 9, 2021","format":false,"excerpt":"Kostenloser Versand in 1-3 Werktagen","rel":"","context":"Articol similar","img":{"alt_text":"Nickelodeon Paw Patrol M\u00fctze","src":"https:\/\/i0.wp.com\/ryfi.online\/wp-content\/uploads\/2021\/06\/ue4157_ye.jpg?resize=350%2C200&ssl=1","width":350,"height":200},"classes":[]},{"id":12961,"url":"https:\/\/ryfi.online\/de\/produkt\/paw-patrol-10-rubble-plush-toy-standing-plush-with-stitched-detailing-for-ages-3-and-up-multicolor-2\/","url_meta":{"origin":10263,"position":4},"title":"Paw Patrol &#8211; 10&#8243; Rubble Pl\u00fcschspielzeug, stehendes Pl\u00fcsch mit gen\u00e4hten Details, f\u00fcr Kinder ab 3 Jahren, mehrfarbig","date":"mai 4, 2021","format":false,"excerpt":"Kleine PAW Patrol-Fans k\u00f6nnen sich einkuscheln und von Abenteuern mit ihrem Lieblingshund Rubble tr\u00e4umen! Dieser 10\" gro\u00dfe Pl\u00fcschwelpe steht von ganz alleine aufrecht und ist bereit f\u00fcr Action! Rubble tr\u00e4gt seine typische PAW Patrol Uniform, komplett mit kuscheliger M\u00fctze und PAW Patrol Abzeichen. Er hat sogar Pfotenabdr\u00fccke auf allen Vieren!\u2026","rel":"","context":"Articol similar","img":{"alt_text":"","src":"https:\/\/i0.wp.com\/ryfi.online\/wp-content\/uploads\/2021\/05\/71AtjhCJL._AC_SL1500_.jpg?resize=350%2C200&ssl=1","width":350,"height":200},"classes":[]},{"id":12970,"url":"https:\/\/ryfi.online\/de\/produkt\/paw-patrol-10-skyye-plush-toy-standing-plush-with-stitched-detailing-for-ages-3-and-up\/","url_meta":{"origin":10263,"position":5},"title":"Paw Patrol &#8211; 10&#8243; Skye Pl\u00fcschspielzeug, stehendes Pl\u00fcsch mit gen\u00e4hten Details, f\u00fcr 3 Jahre und \u00e4lter","date":"mai 4, 2021","format":false,"excerpt":"Kleine PAW Patrol-Fans k\u00f6nnen sich einkuscheln und von Abenteuern mit ihrer Lieblingsh\u00fcndin Skye tr\u00e4umen! Dieser 10\" gro\u00dfe Pl\u00fcschhund steht von ganz alleine aufrecht und ist bereit f\u00fcr Action! Skye tr\u00e4gt ihre typische PAW Patrol Uniform, komplett mit kuscheliger M\u00fctze und PAW Patrol Abzeichen. Sie hat sogar Pfotenabdr\u00fccke auf allen Vieren!\u2026","rel":"","context":"Articol similar","img":{"alt_text":"","src":"https:\/\/i0.wp.com\/ryfi.online\/wp-content\/uploads\/2021\/05\/81EbdDqXYyL._AC_SL1500_.jpg?resize=350%2C200&ssl=1","width":350,"height":200},"classes":[]}],"_links":{"self":[{"href":"https:\/\/ryfi.online\/ro\/wp-json\/wp\/v2\/product\/10263","targetHints":{"allow":["GET"]}}],"collection":[{"href":"https:\/\/ryfi.online\/ro\/wp-json\/wp\/v2\/product"}],"about":[{"href":"https:\/\/ryfi.online\/ro\/wp-json\/wp\/v2\/types\/product"}],"replies":[{"embeddable":true,"href":"https:\/\/ryfi.online\/ro\/wp-json\/wp\/v2\/comments?post=10263"}],"wp:featuredmedia":[{"embeddable":true,"href":"https:\/\/ryfi.online\/ro\/wp-json\/wp\/v2\/media\/10274"}],"wp:attachment":[{"href":"https:\/\/ryfi.online\/ro\/wp-json\/wp\/v2\/media?parent=10263"}],"wp:term":[{"taxonomy":"product_brand","embeddable":true,"href":"https:\/\/ryfi.online\/ro\/wp-json\/wp\/v2\/product_brand?post=10263"},{"taxonomy":"product_cat","embeddable":true,"href":"https:\/\/ryfi.online\/ro\/wp-json\/wp\/v2\/product_cat?post=10263"},{"taxonomy":"product_tag","embeddable":true,"href":"https:\/\/ryfi.online\/ro\/wp-json\/wp\/v2\/product_tag?post=10263"}],"curies":[{"name":"wp","href":"https:\/\/api.w.org\/{rel}","templated":true}]}}