{"id":10437,"date":"2022-05-09T21:55:24","date_gmt":"2022-05-09T21:55:24","guid":{"rendered":"https:\/\/ryfi.online\/rambursare-si-returnare\/"},"modified":"2022-05-09T21:55:25","modified_gmt":"2022-05-09T21:55:25","slug":"rambursare-si-returnare","status":"publish","type":"page","link":"https:\/\/ryfi.online\/ro\/rambursare-si-returnare\/","title":{"rendered":"Rambursare \u0219i returnare"},"content":{"rendered":"\t\t<div data-elementor-type=\"wp-page\" data-elementor-id=\"10437\" class=\"elementor elementor-10437 elementor-1183\">\n\t\t\t\t\t\t<section class=\"elementor-section elementor-top-section elementor-element elementor-element-907a248 elementor-section-boxed elementor-section-height-default elementor-section-height-default\" data-id=\"907a248\" data-element_type=\"section\" data-e-type=\"section\">\n\t\t\t\t\t\t<div class=\"elementor-container elementor-column-gap-default\">\n\t\t\t\t\t<div class=\"elementor-column elementor-col-100 elementor-top-column elementor-element elementor-element-fc24c6c\" data-id=\"fc24c6c\" data-element_type=\"column\" data-e-type=\"column\">\n\t\t\t<div class=\"elementor-widget-wrap elementor-element-populated\">\n\t\t\t\t\t\t<div class=\"elementor-element elementor-element-3ff3e0a elementor-widget elementor-widget-text-editor\" data-id=\"3ff3e0a\" data-element_type=\"widget\" data-e-type=\"widget\" data-widget_type=\"text-editor.default\">\n\t\t\t\t<div class=\"elementor-widget-container\">\n\t\t\t\t\t\t\t\t\t<p>Clien\u021bii pot solicita o rambursare sau returnare \u00een termen de 30 de zile de la primirea produsului (produselor). Ramburs\u0103rile vor fi f\u0103cute prin aceea\u0219i metod\u0103 pe care a\u021bi folosit-o pentru a pl\u0103ti.<\/p><p>Articolele de v\u00e2nzare \u0219i promo\u021bionale sunt excluse \u0219i r\u0103m\u00e2n supuse politicii noastre obi\u0219nuite de rambursare\/retur.<\/p><p>ANULARE<\/p><p>Accept\u0103m anul\u0103ri de comenzi \u00eenainte de procesarea produsului. Dac\u0103 comanda este anulat\u0103 p\u00e2n\u0103 \u00een acel moment, ve\u021bi primi o rambursare integral\u0103.<\/p><p>Dac\u0103 produsul a fost deja expediat, din p\u0103cate nu vom putea anula comanda.<\/p><p>CONDI\u021aII DE RESTITUIRE\/RETURNARE<\/p><p>Toate articolele trebuie returnate \u00een starea lor ini\u021bial\u0103 de v\u00e2nzare, f\u0103r\u0103 s\u0103 fi fost purtate, sp\u0103late sau modificate \u0219i cu toate etichetele \u00eenc\u0103 ata\u0219ate.<br>Toate articolele trebuie returnate cu cutiile originale.<br>Toate articolele trebuie returnate \u00eentr-un singur pachet.<br>Livr\u0103rile de rambursare\/retur trebuie efectuate folosind acela\u0219i serviciu ca \u0219i livrarea ini\u021bial\u0103.<br>Putem accepta ramburs\u0103ri\/return\u0103ri numai din \u021bara \u00een care a fost expediat\u0103 ini\u021bial o comand\u0103, de exemplu, comenzile livrate \u00een SUA trebuie returnate din SUA<br>Articolele personalizate nu pot fi returnate.<br>Returul\/schimbul nu este, din p\u0103cate, gratuit (taxele de import \u0219i transport vor fi percepute pe cheltuiala dumneavoastr\u0103).<br>Desigur, orice articole defecte pot fi returnate.<\/p><p>Ne rezerv\u0103m dreptul de a nu accepta nicio retur\/schimbare dac\u0103 produsul prezint\u0103 semne de uzur\u0103 sau a fost folosit sau modificat fa\u021b\u0103 de starea ini\u021bial\u0103.<\/p><p>Ve\u021bi fi informat dac\u0103 propunem s\u0103 v\u0103 respingem rambursarea\/schimbul; pute\u021bi alege s\u0103 vi se returneze produsul pe propria cheltuial\u0103.<\/p><p>CUM SE RETURNEAZ\u0102 UN ARTICOL SAU O COMAND\u0102 \u00ceNTREAG\u0102?<\/p><p>Pasul 1: V\u0103 rug\u0103m s\u0103 contacta\u021bi echipa noastr\u0103 pentru a \u00eencepe procesul de returnare cu urm\u0103toarele informa\u021bii:<\/p><p>Num\u0103r de ordine<br>Dovad\u0103 de cumparare<br>Video sau fotografie cu produsul defect<\/p><p>Pasul 2: Introduce\u021bi chitan\u021ba, \u00eempreun\u0103 cu articolele, \u00eenapoi \u00een ambalajul original.<\/p><p>Pasul 3: \u00centoarce\u021bi coletul curierului, dup\u0103 ce curierul a verificat expedierea de retur, v\u0103 rug\u0103m s\u0103 \u00eenchide\u021bi coletul \u00een siguran\u021b\u0103.<\/p><p>RESTITUIRE<\/p><p>\u00cen cazul return\u0103rii, rambursarea va fi creditat\u0103 pe metoda de plat\u0103 ini\u021bial\u0103. Costurile de transport nu vor fi rambursate.<\/p><p>Odat\u0103 ce pachetul dvs. ajunge la noi, v\u0103 rug\u0103m s\u0103 acorda\u021bi 1-3 zile lucr\u0103toare (\u00een func\u021bie de orele de v\u00e2rf) pentru ca returnarea s\u0103 fie procesat\u0103. Dac\u0103 returnarea dumneavoastr\u0103 nu \u00eendepline\u0219te condi\u021biile enumerate, coletul v\u0103 va fi trimis \u00eenapoi pe cheltuiala dumneavoastr\u0103. C\u00e2nd returnarea dvs. a fost acceptat\u0103, rambursarea dvs. va fi emis\u0103 \u0219i ve\u021bi primi un e-mail de confirmare.<\/p><p> <\/p>\t\t\t\t\t\t\t\t<\/div>\n\t\t\t\t<\/div>\n\t\t\t\t\t<\/div>\n\t\t<\/div>\n\t\t\t\t\t<\/div>\n\t\t<\/section>\n\t\t\t\t<\/div>\n\t\t","protected":false},"excerpt":{"rendered":"<p>Clien\u021bii pot solicita o rambursare sau returnare \u00een termen de 30 de zile de la primirea produsului (produselor). Ramburs\u0103rile vor fi f\u0103cute prin aceea\u0219i metod\u0103 pe care a\u021bi folosit-o pentru a pl\u0103ti. Articolele de v\u00e2nzare \u0219i promo\u021bionale sunt excluse \u0219i r\u0103m\u00e2n supuse politicii noastre obi\u0219nuite de rambursare\/retur. ANULARE Accept\u0103m anul\u0103ri de comenzi \u00eenainte de procesarea [&hellip;]<\/p>\n","protected":false},"author":1,"featured_media":0,"parent":0,"menu_order":0,"comment_status":"closed","ping_status":"closed","template":"","meta":{"footnotes":""},"class_list":["post-10437","page","type-page","status-publish","hentry"],"blocksy_meta":{"styles_descriptor":{"styles":{"desktop":"","tablet":"","mobile":""},"google_fonts":[],"version":6}},"yoast_head":"<!-- This site is optimized with the Yoast SEO Premium plugin v17.1.2 (Yoast SEO v27.6) - https:\/\/yoast.com\/product\/yoast-seo-premium-wordpress\/ -->\n<title>Rambursare \u0219i returnare - Ryfi Online Store<\/title>\n<meta name=\"description\" content=\"Citi\u021bi Politica noastr\u0103 de retururi \u0219i schimburi: cum v\u0103 pute\u021bi returna sau schimba produsul.\" \/>\n<meta name=\"robots\" content=\"index, follow, max-snippet:-1, max-image-preview:large, max-video-preview:-1\" \/>\n<link rel=\"canonical\" href=\"https:\/\/ryfi.online\/ro\/rambursare-si-returnare\/\" \/>\n<meta property=\"og:locale\" content=\"ro_RO\" \/>\n<meta property=\"og:type\" content=\"article\" \/>\n<meta property=\"og:title\" content=\"Rambursare \u0219i returnare\" \/>\n<meta property=\"og:description\" content=\"Citi\u021bi Politica noastr\u0103 de retururi \u0219i schimburi: cum v\u0103 pute\u021bi returna sau schimba produsul.\" \/>\n<meta property=\"og:url\" content=\"https:\/\/ryfi.online\/ro\/rambursare-si-returnare\/\" \/>\n<meta property=\"og:site_name\" content=\"Ryfi Online Store\" \/>\n<meta property=\"article:publisher\" content=\"https:\/\/www.facebook.com\/ryfi.online\/\" \/>\n<meta property=\"article:modified_time\" content=\"2022-05-09T21:55:25+00:00\" \/>\n<meta property=\"og:image\" content=\"https:\/\/ryfi.online\/wp-content\/uploads\/2021\/03\/H89f48063f95940e583df854ff6ec5f689-Copy-Copy.jpg\" \/>\n\t<meta property=\"og:image:width\" content=\"500\" \/>\n\t<meta property=\"og:image:height\" content=\"500\" \/>\n\t<meta property=\"og:image:type\" content=\"image\/jpeg\" \/>\n<meta name=\"twitter:card\" content=\"summary_large_image\" \/>\n<meta name=\"twitter:label1\" content=\"Timp estimat pentru citire\" \/>\n\t<meta name=\"twitter:data1\" content=\"2 minute\" \/>\n<!-- \/ Yoast SEO Premium plugin. -->","yoast_head_json":{"title":"Rambursare \u0219i returnare - Ryfi Online Store","description":"Citi\u021bi Politica noastr\u0103 de retururi \u0219i schimburi: cum v\u0103 pute\u021bi returna sau schimba produsul.","robots":{"index":"index","follow":"follow","max-snippet":"max-snippet:-1","max-image-preview":"max-image-preview:large","max-video-preview":"max-video-preview:-1"},"canonical":"https:\/\/ryfi.online\/ro\/rambursare-si-returnare\/","og_locale":"ro_RO","og_type":"article","og_title":"Rambursare \u0219i returnare","og_description":"Citi\u021bi Politica noastr\u0103 de retururi \u0219i schimburi: cum v\u0103 pute\u021bi returna sau schimba produsul.","og_url":"https:\/\/ryfi.online\/ro\/rambursare-si-returnare\/","og_site_name":"Ryfi Online Store","article_publisher":"https:\/\/www.facebook.com\/ryfi.online\/","article_modified_time":"2022-05-09T21:55:25+00:00","og_image":[{"width":500,"height":500,"url":"https:\/\/ryfi.online\/wp-content\/uploads\/2021\/03\/H89f48063f95940e583df854ff6ec5f689-Copy-Copy.jpg","type":"image\/jpeg"}],"twitter_card":"summary_large_image","twitter_misc":{"Timp estimat pentru citire":"2 minute"},"schema":{"@context":"https:\/\/schema.org","@graph":[{"@type":"WebPage","@id":"https:\/\/ryfi.online\/ro\/rambursare-si-returnare\/","url":"https:\/\/ryfi.online\/ro\/rambursare-si-returnare\/","name":"Rambursare \u0219i returnare - Ryfi Online Store","isPartOf":{"@id":"https:\/\/ryfi.online\/ro\/#website"},"datePublished":"2022-05-09T21:55:24+00:00","dateModified":"2022-05-09T21:55:25+00:00","description":"Citi\u021bi Politica noastr\u0103 de retururi \u0219i schimburi: cum v\u0103 pute\u021bi returna sau schimba produsul.","breadcrumb":{"@id":"https:\/\/ryfi.online\/ro\/rambursare-si-returnare\/#breadcrumb"},"inLanguage":"ro-RO","potentialAction":[{"@type":"ReadAction","target":["https:\/\/ryfi.online\/ro\/rambursare-si-returnare\/"]}]},{"@type":"BreadcrumbList","@id":"https:\/\/ryfi.online\/ro\/rambursare-si-returnare\/#breadcrumb","itemListElement":[{"@type":"ListItem","position":1,"name":"Home","item":"https:\/\/ryfi.online\/ro\/"},{"@type":"ListItem","position":2,"name":"Rambursare \u0219i returnare"}]},{"@type":"WebSite","@id":"https:\/\/ryfi.online\/ro\/#website","url":"https:\/\/ryfi.online\/ro\/","name":"Ryfi Online Store","description":"Online Store","publisher":{"@id":"https:\/\/ryfi.online\/ro\/#organization"},"potentialAction":[{"@type":"SearchAction","target":{"@type":"EntryPoint","urlTemplate":"https:\/\/ryfi.online\/ro\/?s={search_term_string}"},"query-input":{"@type":"PropertyValueSpecification","valueRequired":true,"valueName":"search_term_string"}}],"inLanguage":"ro-RO"},{"@type":"Organization","@id":"https:\/\/ryfi.online\/ro\/#organization","name":"Ryan Future Investments LLC","url":"https:\/\/ryfi.online\/ro\/","logo":{"@type":"ImageObject","inLanguage":"ro-RO","@id":"https:\/\/ryfi.online\/ro\/#\/schema\/logo\/image\/","url":"https:\/\/ryfi.online\/wp-content\/uploads\/2021\/03\/2-03.png","contentUrl":"https:\/\/ryfi.online\/wp-content\/uploads\/2021\/03\/2-03.png","width":1010,"height":310,"caption":"Ryan Future Investments LLC"},"image":{"@id":"https:\/\/ryfi.online\/ro\/#\/schema\/logo\/image\/"},"sameAs":["https:\/\/www.facebook.com\/ryfi.online\/"]}]}},"jetpack-related-posts":[{"id":10435,"url":"https:\/\/ryfi.online\/ro\/politica-de-livrare\/","url_meta":{"origin":10437,"position":0},"title":"Politic\u0103 de livrare","date":"mai 9, 2022","format":false,"excerpt":"UNDE LIVR\u0102M?Oferim LIVRARE GRATUIT\u0102 \u00een SUA \u0219i Europa.C\u00c2T COSTA TRANSPORTUL?Costurile de transport variaz\u0103 \u00een func\u021bie de destina\u021bia de expediere \u0219i de num\u0103rul de articole pe care le achizi\u021biona\u021bi. Pute\u021bi ob\u021bine un calcul al taxelor de expediere exacte ad\u0103ug\u00e2nd articole \u00een co\u0219, proced\u00e2nd la finalizarea comenzii \u0219i introduc\u00e2nd adresa dvs. po\u0219tal\u0103.\u2026","rel":"","context":"Articol similar","img":{"alt_text":"","src":"","width":0,"height":0},"classes":[]},{"id":1517,"url":"https:\/\/ryfi.online\/es\/reembolso-y-devolucion\/","url_meta":{"origin":10437,"position":1},"title":"Reembolso y devoluci\u00f3n","date":"iunie 12, 2021","format":false,"excerpt":"Los clientes pueden solicitar un reembolso o devoluci\u00f3n dentro de los 30 d\u00edas posteriores a la recepci\u00f3n de los productos. Los reembolsos se realizar\u00e1n mediante el mismo m\u00e9todo que utiliz\u00f3 para pagar. Los art\u00edculos en oferta y promocionales est\u00e1n excluidos y siguen sujetos a nuestra pol\u00edtica regular de reembolso \/\u2026","rel":"","context":"Articol similar","img":{"alt_text":"","src":"","width":0,"height":0},"classes":[]},{"id":3647,"url":"https:\/\/ryfi.online\/fr\/politique-dexpedition\/","url_meta":{"origin":10437,"position":2},"title":"Politique d&#8217;exp\u00e9dition","date":"octombrie 11, 2021","format":false,"excerpt":"O LIVRONS-NOUS ? Nous fournissons la LIVRAISON GRATUITE aux \u00c9tats-Unis et en Europe. QUEL EST LE MONTANT DES FRAIS D'EXP\u00c9DITION? Les frais d'exp\u00e9dition varient en fonction de la destination d'exp\u00e9dition et du nombre d'articles que vous achetez. Vous pouvez obtenir un calcul de vos frais d'exp\u00e9dition exacts en ajoutant des\u2026","rel":"","context":"Articol similar","img":{"alt_text":"","src":"","width":0,"height":0},"classes":[]},{"id":1521,"url":"https:\/\/ryfi.online\/es\/politica-de-envios\/","url_meta":{"origin":10437,"position":3},"title":"Politica de envios","date":"iunie 12, 2021","format":false,"excerpt":"\u00bfD\u00d3NDE ENTREGAMOS? Ofrecemos ENV\u00cdO GRATIS y R\u00e1pido en toda\u00a0 Europa. \u00bfCU\u00c1NTO CUESTA EL ENV\u00cdO? Los costos de env\u00edo var\u00edan seg\u00fan el destino de env\u00edo y la cantidad de art\u00edculos que compre. Puede obtener un c\u00e1lculo de sus gastos de env\u00edo exactos agregando art\u00edculos a su carrito, pasando por el pago\u2026","rel":"","context":"Articol similar","img":{"alt_text":"","src":"","width":0,"height":0},"classes":[]},{"id":10387,"url":"https:\/\/ryfi.online\/ro\/despre-noi\/","url_meta":{"origin":10437,"position":4},"title":"Despre noi","date":"mai 9, 2022","format":false,"excerpt":"Massa sed elementum tempus egestas sed sed risus. Risus at ultrices mi tempus imperdiet nulla malesuada pellentesque elit.","rel":"","context":"Articol similar","img":{"alt_text":"","src":"https:\/\/i0.wp.com\/ryfi.online\/wp-content\/uploads\/2020\/03\/zachary-kyra-derksen-RfgWAyCBNWk-unsplash.jpg?fit=660%2C400&ssl=1&resize=350%2C200","width":350,"height":200},"classes":[]},{"id":3624,"url":"https:\/\/ryfi.online\/fr\/remboursement-et-retour\/","url_meta":{"origin":10437,"position":5},"title":"Remboursement et retour","date":"octombrie 11, 2021","format":false,"excerpt":"Les clients peuvent demander un remboursement ou un retour dans les 30 jours suivant la r\u00e9ception du ou des produits. Les remboursements seront effectu\u00e9s par la m\u00eame m\u00e9thode que vous avez utilis\u00e9e pour payer. Les articles sold\u00e9s et promotionnels sont exclus et restent soumis \u00e0 notre politique habituelle de remboursement\/retour.\u2026","rel":"","context":"Articol similar","img":{"alt_text":"","src":"","width":0,"height":0},"classes":[]}],"_links":{"self":[{"href":"https:\/\/ryfi.online\/ro\/wp-json\/wp\/v2\/pages\/10437","targetHints":{"allow":["GET"]}}],"collection":[{"href":"https:\/\/ryfi.online\/ro\/wp-json\/wp\/v2\/pages"}],"about":[{"href":"https:\/\/ryfi.online\/ro\/wp-json\/wp\/v2\/types\/page"}],"author":[{"embeddable":true,"href":"https:\/\/ryfi.online\/ro\/wp-json\/wp\/v2\/users\/1"}],"replies":[{"embeddable":true,"href":"https:\/\/ryfi.online\/ro\/wp-json\/wp\/v2\/comments?post=10437"}],"version-history":[{"count":1,"href":"https:\/\/ryfi.online\/ro\/wp-json\/wp\/v2\/pages\/10437\/revisions"}],"predecessor-version":[{"id":10438,"href":"https:\/\/ryfi.online\/ro\/wp-json\/wp\/v2\/pages\/10437\/revisions\/10438"}],"wp:attachment":[{"href":"https:\/\/ryfi.online\/ro\/wp-json\/wp\/v2\/media?parent=10437"}],"curies":[{"name":"wp","href":"https:\/\/api.w.org\/{rel}","templated":true}]}}