{"id":10435,"date":"2022-05-09T21:54:21","date_gmt":"2022-05-09T21:54:21","guid":{"rendered":"https:\/\/ryfi.online\/politica-de-livrare\/"},"modified":"2022-05-09T21:54:21","modified_gmt":"2022-05-09T21:54:21","slug":"politica-de-livrare","status":"publish","type":"page","link":"https:\/\/ryfi.online\/ro\/politica-de-livrare\/","title":{"rendered":"Politic\u0103 de livrare"},"content":{"rendered":"\t\t<div data-elementor-type=\"wp-page\" data-elementor-id=\"10435\" class=\"elementor elementor-10435 elementor-603\">\n\t\t\t\t\t\t<section class=\"elementor-section elementor-top-section elementor-element elementor-element-4b34b5f1 elementor-section-boxed elementor-section-height-default elementor-section-height-default\" data-id=\"4b34b5f1\" data-element_type=\"section\" data-e-type=\"section\">\n\t\t\t\t\t\t<div class=\"elementor-container elementor-column-gap-default\">\n\t\t\t\t\t<div class=\"elementor-column elementor-col-100 elementor-top-column elementor-element elementor-element-41c9f960\" data-id=\"41c9f960\" data-element_type=\"column\" data-e-type=\"column\">\n\t\t\t<div class=\"elementor-widget-wrap elementor-element-populated\">\n\t\t\t\t\t\t<div class=\"elementor-element elementor-element-43e030a8 elementor-widget elementor-widget-text-editor\" data-id=\"43e030a8\" data-element_type=\"widget\" data-e-type=\"widget\" data-widget_type=\"text-editor.default\">\n\t\t\t\t<div class=\"elementor-widget-container\">\n\t\t\t\t\t\t\t\t\t<div><p><strong>UNDE LIVR\u0102M?<\/strong><\/p><p><span style=\"color: #ff0000;\">Oferim LIVRARE GRATUIT\u0102 \u00een SUA \u0219i Europa.<\/span><\/p><p><strong><span style=\"font-size: inherit; text-align: inherit; background-color: inherit; color: var(--theme-text-color); font-family: var(--fontFamily); font-style: var(--fontStyle, inherit); letter-spacing: var(--letterSpacing); text-transform: var(--textTransform);\">C\u00c2T COSTA TRANSPORTUL?<\/span><\/strong><\/p><p>Costurile de transport variaz\u0103 \u00een func\u021bie de destina\u021bia de expediere \u0219i de num\u0103rul de articole pe care le achizi\u021biona\u021bi. Pute\u021bi ob\u021bine un calcul al taxelor de expediere exacte ad\u0103ug\u00e2nd articole \u00een co\u0219, proced\u00e2nd la finalizarea comenzii \u0219i introduc\u00e2nd adresa dvs. po\u0219tal\u0103. Costul de transport se va actualiza automat \u0219i se va afi\u0219a \u00een costurile totale.<\/p><hr><p><strong><span style=\"font-size: inherit; text-align: inherit; background-color: inherit; color: var(--theme-text-color); font-family: var(--fontFamily); font-style: var(--fontStyle, inherit); letter-spacing: var(--letterSpacing); text-transform: var(--textTransform);\">C\u00c2T TIMP VA TREAZ\u0102 PENTRU CUMP\u0102R\u0102TORUL PENTRU A PRIMI COMANDA?<\/span><\/strong><\/p><p>\u00cen medie, m\u0103rfurile sunt produse \u0219i expediate de la unitatea noastr\u0103 \u00een aceea\u0219i zi lucr\u0103toare dup\u0103 cump\u0103rare. Se aplic\u0103 timpii standard de expediere\/tranzit (1-3 zile pentru SUA \u0219i Spania \u0219i 1-5 zile pentru restul Europei).<\/p><div><strong>UNDE G\u0102Sesc NUM\u0102RUL MEU DE URMAR?<\/strong><\/div><div> <\/div><p><span style=\"color: #595959; font-family: HelveticaNeueW01, Helvetica, Arial, sans-serif;\"><span style=\"font-size: 14px; background-color: #ffffff;\">Primi\u021bi o confirmare prin e-mail cu un link cu num\u0103rul dvs. de urm\u0103rire.<\/span><\/span> <span style=\"text-align: inherit; letter-spacing: var(--letterSpacing); text-transform: var(--textTransform); color: #202124; font-family: arial, sans-serif; font-size: 16px; background-color: #ffffff;\">Odat\u0103 ce comanda dvs.<\/span> <span style=\"text-align: inherit; letter-spacing: var(--letterSpacing); text-transform: var(--textTransform); color: #202124; font-family: arial, sans-serif; font-size: 16px; background-color: #ffffff;\">este expediat\u0103, un<\/span> <span style=\"text-align: inherit; letter-spacing: var(--letterSpacing); text-transform: var(--textTransform); color: #202124; font-family: arial, sans-serif; font-size: 16px; background-color: #ffffff;\">num\u0103r de urm\u0103rire va fi atribuit \u0219i acesta va ap\u0103rea \u00een comanda dvs<\/span><span style=\"text-align: inherit; letter-spacing: var(--letterSpacing); text-transform: var(--textTransform); color: #202124; font-family: arial, sans-serif; font-size: 16px; background-color: #ffffff;\"> informa\u021bie. Atunci po\u021bi <\/span>urm\u0103ri\u021bi comanda <span style=\"text-align: inherit; letter-spacing: var(--letterSpacing); text-transform: var(--textTransform); color: #202124; font-family: arial, sans-serif; font-size: 16px; background-color: #ffffff;\">cu num\u0103rul de<\/span> <span style=\"text-align: inherit; letter-spacing: var(--letterSpacing); text-transform: var(--textTransform); color: #202124; font-family: arial, sans-serif; font-size: 16px; background-color: #ffffff;\">urm\u0103rire<\/span> <span style=\"text-align: inherit; letter-spacing: var(--letterSpacing); text-transform: var(--textTransform); color: #202124; font-family: arial, sans-serif; font-size: 16px; background-color: #ffffff;\">.<\/span><\/p><div><strong><span style=\"font-size: inherit; text-align: inherit; background-color: inherit; color: var(--theme-text-color); font-family: var(--fontFamily); font-style: var(--fontStyle, inherit); letter-spacing: var(--letterSpacing); text-transform: var(--textTransform);\">COMANDA SE POATE LIVRA LA MULTIPLE ADRESE?<\/span><\/strong><\/div><div> <\/div><p>Nu oferim expedierea la mai multe adrese pentru o singur\u0103 comand\u0103. Dac\u0103 dori\u021bi ca articolele s\u0103 fie livrate la mai multe adrese, v\u0103 rug\u0103m s\u0103 plasa\u021bi aceste comenzi separat.<\/p><hr><p><strong>OFER\u021aI LIVRARE LA CAZELE PO\u0219TALE SAU LA ADRESE APO\/FPO MILITARE?<\/strong><\/p><p>Da, putem trimite expedieri la c\u0103su\u021be po\u0219tale \u0219i la adresa militar\u0103 APO\/FPO<\/p><\/div>\t\t\t\t\t\t\t\t<\/div>\n\t\t\t\t<\/div>\n\t\t\t\t\t<\/div>\n\t\t<\/div>\n\t\t\t\t\t<\/div>\n\t\t<\/section>\n\t\t\t\t<\/div>\n\t\t","protected":false},"excerpt":{"rendered":"<p>UNDE LIVR\u0102M? Oferim LIVRARE GRATUIT\u0102 \u00een SUA \u0219i Europa. C\u00c2T COSTA TRANSPORTUL? Costurile de transport variaz\u0103 \u00een func\u021bie de destina\u021bia de expediere \u0219i de num\u0103rul de articole pe care le achizi\u021biona\u021bi. Pute\u021bi ob\u021bine un calcul al taxelor de expediere exacte ad\u0103ug\u00e2nd articole \u00een co\u0219, proced\u00e2nd la finalizarea comenzii \u0219i introduc\u00e2nd adresa dvs. po\u0219tal\u0103. Costul de [&hellip;]<\/p>\n","protected":false},"author":1,"featured_media":0,"parent":0,"menu_order":0,"comment_status":"closed","ping_status":"closed","template":"","meta":{"footnotes":""},"class_list":["post-10435","page","type-page","status-publish","hentry"],"blocksy_meta":{"styles_descriptor":{"styles":{"desktop":"","tablet":"","mobile":""},"google_fonts":[],"version":6}},"yoast_head":"<!-- This site is optimized with the Yoast SEO Premium plugin v17.1.2 (Yoast SEO v27.4) - https:\/\/yoast.com\/product\/yoast-seo-premium-wordpress\/ -->\n<title>Politic\u0103 de livrare - Ryfi Online Store<\/title>\n<meta name=\"description\" content=\"Citi\u021bi Politica noastr\u0103 de livrare: a\u0219a proced\u0103m cu politica dvs. de expediere.\" \/>\n<meta name=\"robots\" content=\"index, follow, max-snippet:-1, max-image-preview:large, max-video-preview:-1\" \/>\n<link rel=\"canonical\" href=\"https:\/\/ryfi.online\/ro\/politica-de-livrare\/\" \/>\n<meta property=\"og:locale\" content=\"ro_RO\" \/>\n<meta property=\"og:type\" content=\"article\" \/>\n<meta property=\"og:title\" content=\"Politic\u0103 de livrare\" \/>\n<meta property=\"og:description\" content=\"Citi\u021bi Politica noastr\u0103 de livrare: a\u0219a proced\u0103m cu politica dvs. de expediere.\" \/>\n<meta property=\"og:url\" content=\"https:\/\/ryfi.online\/ro\/politica-de-livrare\/\" \/>\n<meta property=\"og:site_name\" content=\"Ryfi Online Store\" \/>\n<meta property=\"article:publisher\" content=\"https:\/\/www.facebook.com\/ryfi.online\/\" \/>\n<meta property=\"og:image\" content=\"https:\/\/ryfi.online\/wp-content\/uploads\/2021\/03\/H89f48063f95940e583df854ff6ec5f689-Copy-Copy.jpg\" \/>\n\t<meta property=\"og:image:width\" content=\"500\" \/>\n\t<meta property=\"og:image:height\" content=\"500\" \/>\n\t<meta property=\"og:image:type\" content=\"image\/jpeg\" \/>\n<meta name=\"twitter:card\" content=\"summary_large_image\" \/>\n<meta name=\"twitter:label1\" content=\"Timp estimat pentru citire\" \/>\n\t<meta name=\"twitter:data1\" content=\"1 minut\" \/>\n<!-- \/ Yoast SEO Premium plugin. -->","yoast_head_json":{"title":"Politic\u0103 de livrare - Ryfi Online Store","description":"Citi\u021bi Politica noastr\u0103 de livrare: a\u0219a proced\u0103m cu politica dvs. de expediere.","robots":{"index":"index","follow":"follow","max-snippet":"max-snippet:-1","max-image-preview":"max-image-preview:large","max-video-preview":"max-video-preview:-1"},"canonical":"https:\/\/ryfi.online\/ro\/politica-de-livrare\/","og_locale":"ro_RO","og_type":"article","og_title":"Politic\u0103 de livrare","og_description":"Citi\u021bi Politica noastr\u0103 de livrare: a\u0219a proced\u0103m cu politica dvs. de expediere.","og_url":"https:\/\/ryfi.online\/ro\/politica-de-livrare\/","og_site_name":"Ryfi Online Store","article_publisher":"https:\/\/www.facebook.com\/ryfi.online\/","og_image":[{"width":500,"height":500,"url":"https:\/\/ryfi.online\/wp-content\/uploads\/2021\/03\/H89f48063f95940e583df854ff6ec5f689-Copy-Copy.jpg","type":"image\/jpeg"}],"twitter_card":"summary_large_image","twitter_misc":{"Timp estimat pentru citire":"1 minut"},"schema":{"@context":"https:\/\/schema.org","@graph":[{"@type":"WebPage","@id":"https:\/\/ryfi.online\/ro\/politica-de-livrare\/","url":"https:\/\/ryfi.online\/ro\/politica-de-livrare\/","name":"Politic\u0103 de livrare - Ryfi Online Store","isPartOf":{"@id":"https:\/\/ryfi.online\/ro\/#website"},"datePublished":"2022-05-09T21:54:21+00:00","description":"Citi\u021bi Politica noastr\u0103 de livrare: a\u0219a proced\u0103m cu politica dvs. de expediere.","breadcrumb":{"@id":"https:\/\/ryfi.online\/ro\/politica-de-livrare\/#breadcrumb"},"inLanguage":"ro-RO","potentialAction":[{"@type":"ReadAction","target":["https:\/\/ryfi.online\/ro\/politica-de-livrare\/"]}]},{"@type":"BreadcrumbList","@id":"https:\/\/ryfi.online\/ro\/politica-de-livrare\/#breadcrumb","itemListElement":[{"@type":"ListItem","position":1,"name":"Home","item":"https:\/\/ryfi.online\/ro\/"},{"@type":"ListItem","position":2,"name":"Politic\u0103 de livrare"}]},{"@type":"WebSite","@id":"https:\/\/ryfi.online\/ro\/#website","url":"https:\/\/ryfi.online\/ro\/","name":"Ryfi Online Store","description":"Online Store","publisher":{"@id":"https:\/\/ryfi.online\/ro\/#organization"},"potentialAction":[{"@type":"SearchAction","target":{"@type":"EntryPoint","urlTemplate":"https:\/\/ryfi.online\/ro\/?s={search_term_string}"},"query-input":{"@type":"PropertyValueSpecification","valueRequired":true,"valueName":"search_term_string"}}],"inLanguage":"ro-RO"},{"@type":"Organization","@id":"https:\/\/ryfi.online\/ro\/#organization","name":"Ryan Future Investments LLC","url":"https:\/\/ryfi.online\/ro\/","logo":{"@type":"ImageObject","inLanguage":"ro-RO","@id":"https:\/\/ryfi.online\/ro\/#\/schema\/logo\/image\/","url":"https:\/\/ryfi.online\/wp-content\/uploads\/2021\/03\/2-03.png","contentUrl":"https:\/\/ryfi.online\/wp-content\/uploads\/2021\/03\/2-03.png","width":1010,"height":310,"caption":"Ryan Future Investments LLC"},"image":{"@id":"https:\/\/ryfi.online\/ro\/#\/schema\/logo\/image\/"},"sameAs":["https:\/\/www.facebook.com\/ryfi.online\/"]}]}},"jetpack-related-posts":[{"id":10437,"url":"https:\/\/ryfi.online\/ro\/rambursare-si-returnare\/","url_meta":{"origin":10435,"position":0},"title":"Rambursare \u0219i returnare","date":"mai 9, 2022","format":false,"excerpt":"Clien\u021bii pot solicita o rambursare sau returnare \u00een termen de 30 de zile de la primirea produsului (produselor). Ramburs\u0103rile vor fi f\u0103cute prin aceea\u0219i metod\u0103 pe care a\u021bi folosit-o pentru a pl\u0103ti.Articolele de v\u00e2nzare \u0219i promo\u021bionale sunt excluse \u0219i r\u0103m\u00e2n supuse politicii noastre obi\u0219nuite de rambursare\/retur.ANULAREAccept\u0103m anul\u0103ri de comenzi \u00eenainte\u2026","rel":"","context":"Articol similar","img":{"alt_text":"","src":"","width":0,"height":0},"classes":[]},{"id":10430,"url":"https:\/\/ryfi.online\/ro\/contacteaza-ne\/","url_meta":{"origin":10435,"position":1},"title":"Contacteaz\u0103-ne","date":"mai 9, 2022","format":false,"excerpt":"Velturpis nunc eget lorem dolor sedviverra ipsum malesuada fames ac turpis egestas maecenas pharetra amet facilisis magna etiam tempor.","rel":"","context":"Articol similar","img":{"alt_text":"","src":"","width":0,"height":0},"classes":[]},{"id":10387,"url":"https:\/\/ryfi.online\/ro\/despre-noi\/","url_meta":{"origin":10435,"position":2},"title":"Despre noi","date":"mai 9, 2022","format":false,"excerpt":"Massa sed elementum tempus egestas sed sed risus. Risus at ultrices mi tempus imperdiet nulla malesuada pellentesque elit.","rel":"","context":"Articol similar","img":{"alt_text":"","src":"https:\/\/i0.wp.com\/ryfi.online\/wp-content\/uploads\/2020\/03\/zachary-kyra-derksen-RfgWAyCBNWk-unsplash.jpg?fit=660%2C400&ssl=1&resize=350%2C200","width":350,"height":200},"classes":[]},{"id":1517,"url":"https:\/\/ryfi.online\/es\/reembolso-y-devolucion\/","url_meta":{"origin":10435,"position":3},"title":"Reembolso y devoluci\u00f3n","date":"iunie 12, 2021","format":false,"excerpt":"Los clientes pueden solicitar un reembolso o devoluci\u00f3n dentro de los 30 d\u00edas posteriores a la recepci\u00f3n de los productos. Los reembolsos se realizar\u00e1n mediante el mismo m\u00e9todo que utiliz\u00f3 para pagar. Los art\u00edculos en oferta y promocionales est\u00e1n excluidos y siguen sujetos a nuestra pol\u00edtica regular de reembolso \/\u2026","rel":"","context":"Articol similar","img":{"alt_text":"","src":"","width":0,"height":0},"classes":[]},{"id":1521,"url":"https:\/\/ryfi.online\/es\/politica-de-envios\/","url_meta":{"origin":10435,"position":4},"title":"Politica de envios","date":"iunie 12, 2021","format":false,"excerpt":"\u00bfD\u00d3NDE ENTREGAMOS? Ofrecemos ENV\u00cdO GRATIS y R\u00e1pido en toda\u00a0 Europa. \u00bfCU\u00c1NTO CUESTA EL ENV\u00cdO? Los costos de env\u00edo var\u00edan seg\u00fan el destino de env\u00edo y la cantidad de art\u00edculos que compre. Puede obtener un c\u00e1lculo de sus gastos de env\u00edo exactos agregando art\u00edculos a su carrito, pasando por el pago\u2026","rel":"","context":"Articol similar","img":{"alt_text":"","src":"","width":0,"height":0},"classes":[]},{"id":3624,"url":"https:\/\/ryfi.online\/fr\/remboursement-et-retour\/","url_meta":{"origin":10435,"position":5},"title":"Remboursement et retour","date":"octombrie 11, 2021","format":false,"excerpt":"Les clients peuvent demander un remboursement ou un retour dans les 30 jours suivant la r\u00e9ception du ou des produits. Les remboursements seront effectu\u00e9s par la m\u00eame m\u00e9thode que vous avez utilis\u00e9e pour payer. Les articles sold\u00e9s et promotionnels sont exclus et restent soumis \u00e0 notre politique habituelle de remboursement\/retour.\u2026","rel":"","context":"Articol similar","img":{"alt_text":"","src":"","width":0,"height":0},"classes":[]}],"_links":{"self":[{"href":"https:\/\/ryfi.online\/ro\/wp-json\/wp\/v2\/pages\/10435","targetHints":{"allow":["GET"]}}],"collection":[{"href":"https:\/\/ryfi.online\/ro\/wp-json\/wp\/v2\/pages"}],"about":[{"href":"https:\/\/ryfi.online\/ro\/wp-json\/wp\/v2\/types\/page"}],"author":[{"embeddable":true,"href":"https:\/\/ryfi.online\/ro\/wp-json\/wp\/v2\/users\/1"}],"replies":[{"embeddable":true,"href":"https:\/\/ryfi.online\/ro\/wp-json\/wp\/v2\/comments?post=10435"}],"version-history":[{"count":1,"href":"https:\/\/ryfi.online\/ro\/wp-json\/wp\/v2\/pages\/10435\/revisions"}],"predecessor-version":[{"id":10436,"href":"https:\/\/ryfi.online\/ro\/wp-json\/wp\/v2\/pages\/10435\/revisions\/10436"}],"wp:attachment":[{"href":"https:\/\/ryfi.online\/ro\/wp-json\/wp\/v2\/media?parent=10435"}],"curies":[{"name":"wp","href":"https:\/\/api.w.org\/{rel}","templated":true}]}}