{"id":9796,"date":"2021-03-17T17:05:42","date_gmt":"2022-05-03T19:11:14","guid":{"rendered":"https:\/\/ryfi.online\/product\/portachiavi-octopus-reversibile-tutti-i-colori\/"},"modified":"2025-09-25T05:34:29","modified_gmt":"2025-09-25T05:34:29","slug":"reversibile-polpo-portachiavi-peluche-animale-peluche","status":"publish","type":"product","link":"https:\/\/ryfi.online\/it\/prodotto\/reversibile-polpo-portachiavi-peluche-animale-peluche\/","title":{"rendered":"Portachiavi Octopus reversibile Tutti i colori"},"content":{"rendered":"<p><strong>Abbiamo finalmente in modalit\u00e0 portachiavi il famoso <a href=\"https:\/\/ryfi.online\/product\/reversible-octopus-plush\/\">peluche polpo reversibile<\/a> che ha fatto scalpore negli ultimi mesi, se vi \u00e8 dispiaciuto partire e dovete lasciare il vostro polpo da solo a casa, con questo nuovo formato il portachiavi polpo reversibile pu\u00f2 accompagnarvi ovunque! Portachiavi Octopus reversibile <\/strong> sono facili da capovolgere e hanno due facce diverse, felici e arrabbiate, per aiutarti a esprimere le tue emozioni. Questo portachiavi con animali di peluche \u00e8 un portachiavi perfetto per tutti. Il portachiavi reversibile a forma di polpo \u00e8 sicuro e non tossico, non \u00e8 facile per rimuovere i peli, il colore \u00e8 pieno e la sensazione \u00e8 confortevole. Abbiamo in stock 15 portachiavi reversibili a forma di polpo in attesa di essere acquistati da te tramite pagamenti sicuri solo su <a href=\"https:\/\/ryfi.online\/\">ryfi.online<\/a> con spedizione gratuita e veloce entro 1-3 giorni lavorativi.<\/p>\n<p>\u2705 Spedizione <strong>gratuita e veloce in 1-3 giorni.<\/strong><\/p>\n<p><strong>\u2705 Acquista 4 ottieni 5<\/strong><\/p>\n<p>\u2705 Come visto su TikTok! Un simpatico portachiavi reversibile a forma di polpo con due diverse espressioni.<\/p>\n<p>\u2705 \u00c8 facile capovolgersi in modo da poter mostrare il proprio stato d&#8217;animo al mondo.<\/p>\n<p>\u2705 Questi morbidissimi portachiavi a forma di polpo reversibili sono perfetti per giocare, collezionare e coccolare.<\/p>\n<p>\u2705 Il portachiavi con animali di peluche \u00e8 il regalo perfetto per feste, compleanni, baby shower, Natale, San Valentino e altro ancora!<\/p>\n<p>\u2705 Abbiamo finalmente in modalit\u00e0 portachiavi il famoso <a href=\"https:\/\/ryfi.online\/product\/reversible-octopus-plush\/\">peluche polpo reversibile<\/a> che ha fatto scalpore negli ultimi mesi, se vi \u00e8 dispiaciuto partire e dovete lasciare il vostro <a href=\"https:\/\/ryfi.online\/product\/reversible-octopus-plush\/\">peluche polpo reversibile<\/a> da solo a casa con questo nuovo formato, il portachiavi polpo reversibile pu\u00f2 accompagnarvi ovunque!<\/p>\n<p>\u2705 Questo portachiavi a forma di polpo reversibile a doppia faccia \u00e8 realizzato in materiale di peluche resistente e riempito con cotone PP di alta qualit\u00e0. La qualit\u00e0 del prodotto \u00e8 molto buona.<\/p>\n<p>\u2705 Con le sue dimensioni di 3,14 pollici e il suo portachiavi facile da aprire puoi usarlo su entrambi i lati e sar\u00e0 super bello appeso allo zaino o per portare le tue chiavi.<\/p>\n<p><strong>Portachiavi piccolo polpo reversibile, bambole carine a doppia faccia, portachiavi polpo peluche per tutti <i><em><span style=\"color: #0000ff;\">TUTTI<\/span> I <span style=\"color: #ff00ff;\">COLORI<\/span><\/em> !!!<\/i><\/strong><\/p>\n<p>&nbsp;<\/p>\n<div style=\"width: 958px;\" class=\"wp-video\"><video class=\"wp-video-shortcode\" id=\"video-9796-1\" width=\"958\" height=\"540\" autoplay preload=\"metadata\" controls=\"controls\"><source type=\"video\/mp4\" src=\"https:\/\/ryfi.online\/wp-content\/uploads\/2021\/03\/C06CC467-94ED-4BEC-98AB-E7799D01CDD8_L0_001.mp4?_=1\" \/><a href=\"https:\/\/ryfi.online\/wp-content\/uploads\/2021\/03\/C06CC467-94ED-4BEC-98AB-E7799D01CDD8_L0_001.mp4\">https:\/\/ryfi.online\/wp-content\/uploads\/2021\/03\/C06CC467-94ED-4BEC-98AB-E7799D01CDD8_L0_001.mp4<\/a><\/video><\/div>\n","protected":false},"excerpt":{"rendered":"<p><strong>Spedizione gratuita e veloce entro 1-3 giorni.<\/strong><\/p>\n<h3><strong>Compri 4 prendi 5<\/strong><\/h3>\n<h3><span style=\"color: #ff0000;\"><strong><em>Affrettati, vendite calde!!!<\/em><\/strong><\/span><\/h3>\n<p>&nbsp;<\/p>\n","protected":false},"featured_media":9797,"comment_status":"open","ping_status":"closed","template":"","meta":[],"product_brand":[],"product_cat":[295,271,294],"product_tag":[246],"class_list":{"0":"post-9796","1":"product","2":"type-product","3":"status-publish","4":"has-post-thumbnail","6":"product_cat-giocattoli-di-peluche","7":"product_cat-peluche-polpo-reversibile","8":"product_cat-portachiavi-polpo-reversibile","9":"product_tag-it","11":"first","12":"instock","13":"featured","14":"taxable","15":"shipping-taxable","16":"purchasable","17":"product-type-variable","18":"has-default-attributes"},"yoast_head":"<!-- This site is optimized with the Yoast SEO Premium plugin v17.1.2 (Yoast SEO v27.5) - https:\/\/yoast.com\/product\/yoast-seo-premium-wordpress\/ -->\n<title>Portachiavi Reversibile Octopus negli USA | Portachiavi Squishmallow | Portachiavi animali<\/title>\n<meta name=\"description\" content=\"Acquista Mini portachiavi Octopus reversibile negli Stati Uniti. Stock disponibili per ROSA\/BLU\/GIALLO Dimensioni: 8 cm, Spedizione gratuita e veloce entro 1-3 giorni.\" \/>\n<meta name=\"robots\" content=\"index, follow, max-snippet:-1, max-image-preview:large, max-video-preview:-1\" \/>\n<link rel=\"canonical\" href=\"https:\/\/ryfi.online\/it\/prodotto\/reversibile-polpo-portachiavi-peluche-animale-peluche\/\" \/>\n<meta property=\"og:locale\" content=\"it_IT\" \/>\n<meta property=\"og:type\" content=\"article\" \/>\n<meta property=\"og:title\" content=\"Portachiavi Octopus reversibile Tutti i colori\" \/>\n<meta property=\"og:description\" content=\"Acquista Mini portachiavi Octopus reversibile negli Stati Uniti. Stock disponibili per ROSA\/BLU\/GIALLO Dimensioni: 8 cm, Spedizione gratuita e veloce entro 1-3 giorni.\" \/>\n<meta property=\"og:url\" content=\"https:\/\/ryfi.online\/it\/prodotto\/reversibile-polpo-portachiavi-peluche-animale-peluche\/\" \/>\n<meta property=\"og:site_name\" content=\"Ryfi Online Store\" \/>\n<meta property=\"article:publisher\" content=\"https:\/\/www.facebook.com\/ryfi.online\/\" \/>\n<meta property=\"article:modified_time\" content=\"2025-09-25T05:34:29+00:00\" \/>\n<meta property=\"og:image\" content=\"https:\/\/ryfi.online\/wp-content\/uploads\/2021\/03\/20.jpg\" \/>\n\t<meta property=\"og:image:width\" content=\"800\" \/>\n\t<meta property=\"og:image:height\" content=\"800\" \/>\n\t<meta property=\"og:image:type\" content=\"image\/jpeg\" \/>\n<meta name=\"twitter:card\" content=\"summary_large_image\" \/>\n<meta name=\"twitter:label1\" content=\"Availability\" \/>\n\t<meta name=\"twitter:data1\" content=\"In stock\" \/>\n<meta property=\"product:brand\" content=\"Portachiavi polpo reversibile\" \/>\n<meta property=\"og:availability\" content=\"instock\" \/>\n<meta property=\"product:availability\" content=\"instock\" \/>\n<meta property=\"product:condition\" content=\"new\" \/>\n<!-- \/ Yoast SEO Premium plugin. -->","yoast_head_json":{"title":"Portachiavi Reversibile Octopus negli USA | Portachiavi Squishmallow | Portachiavi animali","description":"Acquista Mini portachiavi Octopus reversibile negli Stati Uniti. Stock disponibili per ROSA\/BLU\/GIALLO Dimensioni: 8 cm, Spedizione gratuita e veloce entro 1-3 giorni.","robots":{"index":"index","follow":"follow","max-snippet":"max-snippet:-1","max-image-preview":"max-image-preview:large","max-video-preview":"max-video-preview:-1"},"canonical":"https:\/\/ryfi.online\/it\/prodotto\/reversibile-polpo-portachiavi-peluche-animale-peluche\/","og_locale":"it_IT","og_type":"article","og_title":"Portachiavi Octopus reversibile Tutti i colori","og_description":"Acquista Mini portachiavi Octopus reversibile negli Stati Uniti. Stock disponibili per ROSA\/BLU\/GIALLO Dimensioni: 8 cm, Spedizione gratuita e veloce entro 1-3 giorni.","og_url":"https:\/\/ryfi.online\/it\/prodotto\/reversibile-polpo-portachiavi-peluche-animale-peluche\/","og_site_name":"Ryfi Online Store","article_publisher":"https:\/\/www.facebook.com\/ryfi.online\/","article_modified_time":"2025-09-25T05:34:29+00:00","og_image":[{"width":800,"height":800,"url":"https:\/\/ryfi.online\/wp-content\/uploads\/2021\/03\/20.jpg","type":"image\/jpeg"}],"twitter_card":"summary_large_image","twitter_misc":{"Availability":"In stock"},"schema":{"@context":"https:\/\/schema.org","@graph":[{"@type":"WebPage","@id":"https:\/\/ryfi.online\/it\/prodotto\/reversibile-polpo-portachiavi-peluche-animale-peluche\/","url":"https:\/\/ryfi.online\/it\/prodotto\/reversibile-polpo-portachiavi-peluche-animale-peluche\/","name":"Portachiavi Reversibile Octopus negli USA | Portachiavi Squishmallow | Portachiavi animali","isPartOf":{"@id":"https:\/\/ryfi.online\/it\/#website"},"primaryImageOfPage":{"@id":"https:\/\/ryfi.online\/it\/prodotto\/reversibile-polpo-portachiavi-peluche-animale-peluche\/#primaryimage"},"image":{"@id":"https:\/\/ryfi.online\/it\/prodotto\/reversibile-polpo-portachiavi-peluche-animale-peluche\/#primaryimage"},"thumbnailUrl":"https:\/\/ryfi.online\/wp-content\/uploads\/2021\/03\/20.jpg","datePublished":"2022-05-03T19:11:14+00:00","dateModified":"2025-09-25T05:34:29+00:00","description":"Acquista Mini portachiavi Octopus reversibile negli Stati Uniti. Stock disponibili per ROSA\/BLU\/GIALLO Dimensioni: 8 cm, Spedizione gratuita e veloce entro 1-3 giorni.","breadcrumb":{"@id":"https:\/\/ryfi.online\/it\/prodotto\/reversibile-polpo-portachiavi-peluche-animale-peluche\/#breadcrumb"},"inLanguage":"it-IT","potentialAction":[{"@type":"ReadAction","target":["https:\/\/ryfi.online\/it\/prodotto\/reversibile-polpo-portachiavi-peluche-animale-peluche\/"]}]},{"@type":"ImageObject","inLanguage":"it-IT","@id":"https:\/\/ryfi.online\/it\/prodotto\/reversibile-polpo-portachiavi-peluche-animale-peluche\/#primaryimage","url":"https:\/\/ryfi.online\/wp-content\/uploads\/2021\/03\/20.jpg","contentUrl":"https:\/\/ryfi.online\/wp-content\/uploads\/2021\/03\/20.jpg","width":800,"height":800,"caption":"portachiavi polpo reversibile"},{"@type":"BreadcrumbList","@id":"https:\/\/ryfi.online\/it\/prodotto\/reversibile-polpo-portachiavi-peluche-animale-peluche\/#breadcrumb","itemListElement":[{"@type":"ListItem","position":1,"name":"Home","item":"https:\/\/ryfi.online\/it\/"},{"@type":"ListItem","position":2,"name":"Free and Fast Shipping whitin 1-3 Days!!!","item":"https:\/\/ryfi.online\/shop\/"},{"@type":"ListItem","position":3,"name":"Portachiavi Octopus reversibile Tutti i colori"}]},{"@type":"WebSite","@id":"https:\/\/ryfi.online\/it\/#website","url":"https:\/\/ryfi.online\/it\/","name":"Ryfi Online Store","description":"Online Store","publisher":{"@id":"https:\/\/ryfi.online\/it\/#organization"},"potentialAction":[{"@type":"SearchAction","target":{"@type":"EntryPoint","urlTemplate":"https:\/\/ryfi.online\/it\/?s={search_term_string}"},"query-input":{"@type":"PropertyValueSpecification","valueRequired":true,"valueName":"search_term_string"}}],"inLanguage":"it-IT"},{"@type":"Organization","@id":"https:\/\/ryfi.online\/it\/#organization","name":"Ryan Future Investments LLC","url":"https:\/\/ryfi.online\/it\/","logo":{"@type":"ImageObject","inLanguage":"it-IT","@id":"https:\/\/ryfi.online\/it\/#\/schema\/logo\/image\/","url":"https:\/\/ryfi.online\/wp-content\/uploads\/2021\/03\/2-03.png","contentUrl":"https:\/\/ryfi.online\/wp-content\/uploads\/2021\/03\/2-03.png","width":1010,"height":310,"caption":"Ryan Future Investments LLC"},"image":{"@id":"https:\/\/ryfi.online\/it\/#\/schema\/logo\/image\/"},"sameAs":["https:\/\/www.facebook.com\/ryfi.online\/"]}]},"product_brand":"Portachiavi polpo reversibile","og_availability":"instock","product_availability":"instock","product_condition":"new"},"jetpack-related-posts":[{"id":6277,"url":"https:\/\/ryfi.online\/it\/prodotto\/reversibile-polpo-peluche\/","url_meta":{"origin":9796,"position":0},"title":"Peluche Reversibile Polpo","date":"Marzo 8, 2021","format":false,"excerpt":"Spedizione gratuita e veloce entro 1-3 giorni. Compri 4 prendi 5 Affrettati, vendite calde!!! \u00a0","rel":"","context":"Articolo simile","img":{"alt_text":"felice triste animale di peluche","src":"https:\/\/i0.wp.com\/ryfi.online\/wp-content\/uploads\/2021\/03\/H89f48063f95940e583df854ff6ec5f689-Copy-Copy.jpg?resize=350%2C200&ssl=1","width":350,"height":200},"classes":[]},{"id":13068,"url":"https:\/\/ryfi.online\/it\/prodotto\/paw-patrol-10-marshall-plush-toy-standing-plush-con-dettagli-cuciti-per-eta-3-e-superiori\/","url_meta":{"origin":9796,"position":1},"title":"Paw Patrol &#8211; Peluche Marshall da 10&#8243;, peluche in piedi con dettagli cuciti, dai 3 anni in su","date":"Maggio 4, 2021","format":false,"excerpt":"I piccoli fan di PAW Patrol possono accoccolarsi e sognare l'avventura con il loro cucciolo preferito, Marshall! Questo cucciolo di peluche alto 10 pollici sta in piedi da solo, pronto all'azione! Marshall sfoggia la sua caratteristica uniforme PAW Patrol, completa di cappello e distintivo PAW Patrol. Ha persino le impronte\u2026","rel":"","context":"Articolo simile","img":{"alt_text":"","src":"https:\/\/i0.wp.com\/ryfi.online\/wp-content\/uploads\/2021\/05\/71x19VxDhSL._AC_SL1500_.jpg?resize=350%2C200&ssl=1","width":350,"height":200},"classes":[]},{"id":12979,"url":"https:\/\/ryfi.online\/it\/prodotto\/paw-patrol-10-rubble-plush-toy-standing-plush-con-dettagli-cuciti-per-eta-3-e-su-multicolor\/","url_meta":{"origin":9796,"position":2},"title":"Paw Patrol &#8211; Peluche Rubble da 10&#8243;, peluche in piedi con dettagli cuciti, dai 3 anni in su, Multicolore","date":"Maggio 4, 2021","format":false,"excerpt":"I piccoli fan di PAW Patrol potranno accoccolarsi e sognare avventure con il loro cucciolo preferito, Rubble! Questo cucciolo di peluche alto 10 pollici sta in piedi da solo, pronto all'azione! Rubble sfoggia la sua caratteristica uniforme PAW Patrol, completa di cappello e distintivo PAW Patrol. Ha persino le impronte\u2026","rel":"","context":"Articolo simile","img":{"alt_text":"","src":"https:\/\/i0.wp.com\/ryfi.online\/wp-content\/uploads\/2021\/05\/71AtjhCJL._AC_SL1500_.jpg?resize=350%2C200&ssl=1","width":350,"height":200},"classes":[]},{"id":12994,"url":"https:\/\/ryfi.online\/it\/prodotto\/paw-patrol-10-skye-plush-toy-standing-plush-con-dettagli-cuciti-per-eta-3-e-up\/","url_meta":{"origin":9796,"position":3},"title":"Paw Patrol &#8211; Peluche Skye da 10&#8243;, peluche in piedi con dettagli cuciti, dai 3 anni in su","date":"Maggio 4, 2021","format":false,"excerpt":"I piccoli fan di PAW Patrol possono accoccolarsi e sognare l'avventura con il loro cucciolo preferito, Skye! Questa cucciola di peluche alta 10 pollici sta in piedi da sola, pronta all'azione! Skye sfoggia la sua caratteristica uniforme PAW Patrol, completa di cappello e distintivo PAW Patrol. Ha persino le impronte\u2026","rel":"","context":"Articolo simile","img":{"alt_text":"","src":"https:\/\/i0.wp.com\/ryfi.online\/wp-content\/uploads\/2021\/05\/81EbdDqXYyL._AC_SL1500_.jpg?resize=350%2C200&ssl=1","width":350,"height":200},"classes":[]},{"id":11915,"url":"https:\/\/ryfi.online\/ro\/produs\/rucsac-reversibil-spiderman-2-in-1\/","url_meta":{"origin":9796,"position":4},"title":"Rucsac reversibil Spiderman 2 \u00een 1 TH9128","date":"Giugno 30, 2021","format":false,"excerpt":"Livrare rapid\u0103 \u0219i sigur\u0103 \u00een 1-3 zile lucr\u0103toare","rel":"","context":"Articolo simile","img":{"alt_text":"","src":"https:\/\/i0.wp.com\/ryfi.online\/wp-content\/uploads\/2021\/06\/th9128.e00.jpg?resize=350%2C200&ssl=1","width":350,"height":200},"classes":[]},{"id":5272,"url":"https:\/\/ryfi.online\/it\/prodotto\/zaino-reversibile-spiderman-2-in-1\/","url_meta":{"origin":9796,"position":5},"title":"Zaino reversibile Spiderman 2 in 1 TH9128","date":"Giugno 30, 2021","format":false,"excerpt":"Spedizione veloce e sicura in 1-3 giorni lavorativi","rel":"","context":"Articolo simile","img":{"alt_text":"Mochila reversible 2 en 1 Spiderman","src":"https:\/\/i0.wp.com\/ryfi.online\/wp-content\/uploads\/2021\/06\/th9128.e00.jpg?resize=350%2C200&ssl=1","width":350,"height":200},"classes":[]}],"_links":{"self":[{"href":"https:\/\/ryfi.online\/it\/wp-json\/wp\/v2\/product\/9796","targetHints":{"allow":["GET"]}}],"collection":[{"href":"https:\/\/ryfi.online\/it\/wp-json\/wp\/v2\/product"}],"about":[{"href":"https:\/\/ryfi.online\/it\/wp-json\/wp\/v2\/types\/product"}],"replies":[{"embeddable":true,"href":"https:\/\/ryfi.online\/it\/wp-json\/wp\/v2\/comments?post=9796"}],"wp:featuredmedia":[{"embeddable":true,"href":"https:\/\/ryfi.online\/it\/wp-json\/wp\/v2\/media\/9797"}],"wp:attachment":[{"href":"https:\/\/ryfi.online\/it\/wp-json\/wp\/v2\/media?parent=9796"}],"wp:term":[{"taxonomy":"product_brand","embeddable":true,"href":"https:\/\/ryfi.online\/it\/wp-json\/wp\/v2\/product_brand?post=9796"},{"taxonomy":"product_cat","embeddable":true,"href":"https:\/\/ryfi.online\/it\/wp-json\/wp\/v2\/product_cat?post=9796"},{"taxonomy":"product_tag","embeddable":true,"href":"https:\/\/ryfi.online\/it\/wp-json\/wp\/v2\/product_tag?post=9796"}],"curies":[{"name":"wp","href":"https:\/\/api.w.org\/{rel}","templated":true}]}}