{"id":9645,"date":"2021-10-08T15:13:39","date_gmt":"2022-05-03T17:21:48","guid":{"rendered":"https:\/\/ryfi.online\/product\/pantaloni-di-tela-per-bambini-con-stampa-di-minnie-mouse-th1116\/"},"modified":"2022-05-16T17:44:59","modified_gmt":"2022-05-16T17:44:59","slug":"pantaloni-della-tuta-per-ragazze-con-stampa-minnie-mouse","status":"publish","type":"product","link":"https:\/\/ryfi.online\/it\/prodotto\/pantaloni-della-tuta-per-ragazze-con-stampa-minnie-mouse\/","title":{"rendered":"Pantaloni della tuta con stampa Minnie per ragazze TH1116"},"content":{"rendered":"<p>Come regalo di compleanno, a Pasqua o semplicemente cos\u00ec. Con questa bellissima maglietta di Minnie, non puoi sbagliare! La fattura \u00e8 ottima e i colori molto forti. Lavabile in lavatrice a 30\u00b0C, per una lunga durata, ma si consiglia il lavaggio a mano. Con questa maglia gli occhi dei bambini iniziano a brillare!<\/p>\n<ul class=\"a-unordered-list a-vertical a-spacing-mini\">\n<li><span class=\"a-list-item\">Pantaloni della tuta da bambina in cotone Minnie<\/span><\/li>\n<li><span class=\"a-list-item\">95% cotone, 5% elastan<\/span><\/li>\n<li><span class=\"a-list-item\">Chiusura: coulisse regolabile<\/span><\/li>\n<li><span class=\"a-list-item\">Ferro 2, fino a max. Stirare a 150\u00b0C, lavare a 40\u00b0C, programma per capi delicati, non asciugare a tamburo, non usare cloro o candeggina, appendere ad asciugare.<\/span><\/li>\n<li><span class=\"a-list-item\">Spedizione 24-48 ore<\/span><\/li>\n<li>Et\u00e0 3 anni, 4 anni, 6 anni e 8 anni<\/li>\n<\/ul>\n","protected":false},"excerpt":{"rendered":"<div class=\"woocommerce-product-details__short-description\">\n<p>Spedizione veloce e sicura in 1-3 giorni lavorativi<\/p>\n<\/div>\n","protected":false},"featured_media":8980,"comment_status":"open","ping_status":"closed","template":"","meta":[],"product_brand":[],"product_cat":[224],"product_tag":[],"class_list":{"0":"post-9645","1":"product","2":"type-product","3":"status-publish","4":"has-post-thumbnail","6":"product_cat-tuta","8":"first","9":"instock","10":"featured","11":"taxable","12":"shipping-taxable","13":"purchasable","14":"product-type-variable"},"yoast_head":"<!-- This site is optimized with the Yoast SEO Premium plugin v17.1.2 (Yoast SEO v27.4) - https:\/\/yoast.com\/product\/yoast-seo-premium-wordpress\/ -->\n<title>Acquista Pantaloni Sportivi Bambina in Cotone Stampato Minnie Mouse - Ryfi Online Store<\/title>\n<meta name=\"description\" content=\"Acquista online i pantaloni della tuta da bambina in cotone con stampa Minnie Mouse nel negozio online di Ryfi. Con spedizione veloce in 1-3 giorni e cambio o reso gratuito.\" \/>\n<meta name=\"robots\" content=\"index, follow, max-snippet:-1, max-image-preview:large, max-video-preview:-1\" \/>\n<link rel=\"canonical\" href=\"https:\/\/ryfi.online\/it\/prodotto\/pantaloni-della-tuta-per-ragazze-con-stampa-minnie-mouse\/\" \/>\n<meta property=\"og:locale\" content=\"it_IT\" \/>\n<meta property=\"og:type\" content=\"article\" \/>\n<meta property=\"og:title\" content=\"Pantaloni della tuta con stampa Minnie per ragazze TH1116\" \/>\n<meta property=\"og:description\" content=\"Acquista online i pantaloni della tuta da bambina in cotone con stampa Minnie Mouse nel negozio online di Ryfi. Con spedizione veloce in 1-3 giorni e cambio o reso gratuito.\" \/>\n<meta property=\"og:url\" content=\"https:\/\/ryfi.online\/it\/prodotto\/pantaloni-della-tuta-per-ragazze-con-stampa-minnie-mouse\/\" \/>\n<meta property=\"og:site_name\" content=\"Ryfi Online Store\" \/>\n<meta property=\"article:publisher\" content=\"https:\/\/www.facebook.com\/ryfi.online\/\" \/>\n<meta property=\"article:modified_time\" content=\"2022-05-16T17:44:59+00:00\" \/>\n<meta property=\"og:image\" content=\"https:\/\/ryfi.online\/wp-content\/uploads\/2021\/10\/th1116.jpg\" \/>\n\t<meta property=\"og:image:width\" content=\"800\" \/>\n\t<meta property=\"og:image:height\" content=\"565\" \/>\n\t<meta property=\"og:image:type\" content=\"image\/jpeg\" \/>\n<meta name=\"twitter:card\" content=\"summary_large_image\" \/>\n<meta name=\"twitter:label1\" content=\"Availability\" \/>\n\t<meta name=\"twitter:data1\" content=\"In stock\" \/>\n<meta property=\"product:brand\" content=\"Tuta\" \/>\n<meta property=\"og:availability\" content=\"instock\" \/>\n<meta property=\"product:availability\" content=\"instock\" \/>\n<meta property=\"product:condition\" content=\"new\" \/>\n<!-- \/ Yoast SEO Premium plugin. -->","yoast_head_json":{"title":"Acquista Pantaloni Sportivi Bambina in Cotone Stampato Minnie Mouse - Ryfi Online Store","description":"Acquista online i pantaloni della tuta da bambina in cotone con stampa Minnie Mouse nel negozio online di Ryfi. Con spedizione veloce in 1-3 giorni e cambio o reso gratuito.","robots":{"index":"index","follow":"follow","max-snippet":"max-snippet:-1","max-image-preview":"max-image-preview:large","max-video-preview":"max-video-preview:-1"},"canonical":"https:\/\/ryfi.online\/it\/prodotto\/pantaloni-della-tuta-per-ragazze-con-stampa-minnie-mouse\/","og_locale":"it_IT","og_type":"article","og_title":"Pantaloni della tuta con stampa Minnie per ragazze TH1116","og_description":"Acquista online i pantaloni della tuta da bambina in cotone con stampa Minnie Mouse nel negozio online di Ryfi. Con spedizione veloce in 1-3 giorni e cambio o reso gratuito.","og_url":"https:\/\/ryfi.online\/it\/prodotto\/pantaloni-della-tuta-per-ragazze-con-stampa-minnie-mouse\/","og_site_name":"Ryfi Online Store","article_publisher":"https:\/\/www.facebook.com\/ryfi.online\/","article_modified_time":"2022-05-16T17:44:59+00:00","og_image":[{"width":800,"height":565,"url":"https:\/\/ryfi.online\/wp-content\/uploads\/2021\/10\/th1116.jpg","type":"image\/jpeg"}],"twitter_card":"summary_large_image","twitter_misc":{"Availability":"In stock"},"schema":{"@context":"https:\/\/schema.org","@graph":[{"@type":"WebPage","@id":"https:\/\/ryfi.online\/it\/prodotto\/pantaloni-della-tuta-per-ragazze-con-stampa-minnie-mouse\/","url":"https:\/\/ryfi.online\/it\/prodotto\/pantaloni-della-tuta-per-ragazze-con-stampa-minnie-mouse\/","name":"Acquista Pantaloni Sportivi Bambina in Cotone Stampato Minnie Mouse - Ryfi Online Store","isPartOf":{"@id":"https:\/\/ryfi.online\/it\/#website"},"primaryImageOfPage":{"@id":"https:\/\/ryfi.online\/it\/prodotto\/pantaloni-della-tuta-per-ragazze-con-stampa-minnie-mouse\/#primaryimage"},"image":{"@id":"https:\/\/ryfi.online\/it\/prodotto\/pantaloni-della-tuta-per-ragazze-con-stampa-minnie-mouse\/#primaryimage"},"thumbnailUrl":"https:\/\/ryfi.online\/wp-content\/uploads\/2021\/10\/th1116.jpg","datePublished":"2022-05-03T17:21:48+00:00","dateModified":"2022-05-16T17:44:59+00:00","description":"Acquista online i pantaloni della tuta da bambina in cotone con stampa Minnie Mouse nel negozio online di Ryfi. Con spedizione veloce in 1-3 giorni e cambio o reso gratuito.","breadcrumb":{"@id":"https:\/\/ryfi.online\/it\/prodotto\/pantaloni-della-tuta-per-ragazze-con-stampa-minnie-mouse\/#breadcrumb"},"inLanguage":"it-IT","potentialAction":[{"@type":"ReadAction","target":["https:\/\/ryfi.online\/it\/prodotto\/pantaloni-della-tuta-per-ragazze-con-stampa-minnie-mouse\/"]}]},{"@type":"ImageObject","inLanguage":"it-IT","@id":"https:\/\/ryfi.online\/it\/prodotto\/pantaloni-della-tuta-per-ragazze-con-stampa-minnie-mouse\/#primaryimage","url":"https:\/\/ryfi.online\/wp-content\/uploads\/2021\/10\/th1116.jpg","contentUrl":"https:\/\/ryfi.online\/wp-content\/uploads\/2021\/10\/th1116.jpg","width":800,"height":565,"caption":"Tuta per ragazze Minnie Mouse -1"},{"@type":"BreadcrumbList","@id":"https:\/\/ryfi.online\/it\/prodotto\/pantaloni-della-tuta-per-ragazze-con-stampa-minnie-mouse\/#breadcrumb","itemListElement":[{"@type":"ListItem","position":1,"name":"Home","item":"https:\/\/ryfi.online\/it\/"},{"@type":"ListItem","position":2,"name":"Free and Fast Shipping whitin 1-3 Days!!!","item":"https:\/\/ryfi.online\/shop\/"},{"@type":"ListItem","position":3,"name":"Pantaloni della tuta con stampa Minnie per ragazze TH1116"}]},{"@type":"WebSite","@id":"https:\/\/ryfi.online\/it\/#website","url":"https:\/\/ryfi.online\/it\/","name":"Ryfi Online Store","description":"Online Store","publisher":{"@id":"https:\/\/ryfi.online\/it\/#organization"},"potentialAction":[{"@type":"SearchAction","target":{"@type":"EntryPoint","urlTemplate":"https:\/\/ryfi.online\/it\/?s={search_term_string}"},"query-input":{"@type":"PropertyValueSpecification","valueRequired":true,"valueName":"search_term_string"}}],"inLanguage":"it-IT"},{"@type":"Organization","@id":"https:\/\/ryfi.online\/it\/#organization","name":"Ryan Future Investments LLC","url":"https:\/\/ryfi.online\/it\/","logo":{"@type":"ImageObject","inLanguage":"it-IT","@id":"https:\/\/ryfi.online\/it\/#\/schema\/logo\/image\/","url":"https:\/\/ryfi.online\/wp-content\/uploads\/2021\/03\/2-03.png","contentUrl":"https:\/\/ryfi.online\/wp-content\/uploads\/2021\/03\/2-03.png","width":1010,"height":310,"caption":"Ryan Future Investments LLC"},"image":{"@id":"https:\/\/ryfi.online\/it\/#\/schema\/logo\/image\/"},"sameAs":["https:\/\/www.facebook.com\/ryfi.online\/"]}]},"product_brand":"Tuta","og_availability":"instock","product_availability":"instock","product_condition":"new"},"jetpack-related-posts":[{"id":13083,"url":"https:\/\/ryfi.online\/it\/prodotto\/paw-patrol-10-chase-plush-toy-standing-plush-con-dettagli-cuciti-per-eta-3-e-up\/","url_meta":{"origin":9645,"position":0},"title":"Paw Patrol &#8211; Peluche Chase da 10&#8243;, peluche in piedi con dettagli cuciti, dai 3 anni in su","date":"Maggio 4, 2021","format":false,"excerpt":"I piccoli fan di PAW Patrol possono accoccolarsi e sognare l'avventura con il loro cucciolo preferito, Chase! Questo cucciolo di peluche alto 10 pollici sta in piedi da solo, pronto all'azione! Chase sfoggia la sua caratteristica uniforme PAW Patrol, completa di cappello e distintivo PAW Patrol. Ha persino le impronte\u2026","rel":"","context":"Articolo simile","img":{"alt_text":"","src":"https:\/\/i0.wp.com\/ryfi.online\/wp-content\/uploads\/2021\/05\/81c46n9nwAL._AC_SL1500_.jpg?resize=350%2C200&ssl=1","width":350,"height":200},"classes":[]},{"id":11686,"url":"https:\/\/ryfi.online\/it\/prodotto\/zampa-pattuglia-pijama-para-ninos\/","url_meta":{"origin":9645,"position":1},"title":"Pigiama per bambini Paw Patrol HU2034","date":"Ottobre 8, 2021","format":false,"excerpt":"Env\u00edo rapido e seguro in 1-3 dia laborales","rel":"","context":"Articolo simile","img":{"alt_text":"","src":"https:\/\/i0.wp.com\/ryfi.online\/wp-content\/uploads\/2021\/10\/hu2034.jpg?resize=350%2C200&ssl=1","width":350,"height":200},"classes":[]},{"id":13101,"url":"https:\/\/ryfi.online\/it\/prodotto\/maglietta-maniche-lunghe-ragazzi-patacca\/","url_meta":{"origin":9645,"position":2},"title":"Maglietta a maniche lunghe da bambino Paw Patrol","date":"Ottobre 8, 2021","format":false,"excerpt":"Spedizione gratuita in 1-3 giorni","rel":"","context":"Articolo simile","img":{"alt_text":"","src":"","width":0,"height":0},"classes":[]},{"id":2887,"url":"https:\/\/ryfi.online\/es\/producto\/pantalones-de-chandal-para-ninas-con-estampado-de-minnie-mouse\/","url_meta":{"origin":9645,"position":3},"title":"Pantalones de ch\u00e1ndal para ni\u00f1as con Estampado de Minnie Mouse TH1116","date":"Ottobre 8, 2021","format":false,"excerpt":"Env\u00edo rapido y seguro en 1-3 dias laborales","rel":"","context":"Articolo simile","img":{"alt_text":"Chandal para ninas Minnie Mouse -1","src":"https:\/\/i0.wp.com\/ryfi.online\/wp-content\/uploads\/2021\/10\/th1116.jpg?resize=350%2C200&ssl=1","width":350,"height":200},"classes":[]},{"id":8736,"url":"https:\/\/ryfi.online\/es\/producto\/conjunto-minnie-ev1079\/","url_meta":{"origin":9645,"position":4},"title":"Conjunto Minnie para ni\u00f1as EV1079","date":"Aprile 30, 2022","format":false,"excerpt":"Env\u00edo rapido y seguro en 1-3 dias laborales","rel":"","context":"Articolo simile","img":{"alt_text":"Conjunto Minnie","src":"https:\/\/i0.wp.com\/ryfi.online\/wp-content\/uploads\/2022\/04\/ev1079.jpg?resize=350%2C200&ssl=1","width":350,"height":200},"classes":[]},{"id":1428,"url":"https:\/\/ryfi.online\/es\/producto\/camiseta-con-diseno-de-minnie-de-disney-para-ninas\/","url_meta":{"origin":9645,"position":5},"title":"Camiseta con dise\u00f1o de Minnie de Disney para ni\u00f1as ET1119","date":"Giugno 9, 2021","format":false,"excerpt":"Envio Gratis 1-3 dias laborales Devolucion Gratuito","rel":"","context":"Articolo simile","img":{"alt_text":"Camiseta Minnie Disney","src":"https:\/\/i0.wp.com\/ryfi.online\/wp-content\/uploads\/2021\/06\/ET1119_REF1.jpg?resize=350%2C200&ssl=1","width":350,"height":200},"classes":[]}],"_links":{"self":[{"href":"https:\/\/ryfi.online\/it\/wp-json\/wp\/v2\/product\/9645","targetHints":{"allow":["GET"]}}],"collection":[{"href":"https:\/\/ryfi.online\/it\/wp-json\/wp\/v2\/product"}],"about":[{"href":"https:\/\/ryfi.online\/it\/wp-json\/wp\/v2\/types\/product"}],"replies":[{"embeddable":true,"href":"https:\/\/ryfi.online\/it\/wp-json\/wp\/v2\/comments?post=9645"}],"wp:featuredmedia":[{"embeddable":true,"href":"https:\/\/ryfi.online\/it\/wp-json\/wp\/v2\/media\/8980"}],"wp:attachment":[{"href":"https:\/\/ryfi.online\/it\/wp-json\/wp\/v2\/media?parent=9645"}],"wp:term":[{"taxonomy":"product_brand","embeddable":true,"href":"https:\/\/ryfi.online\/it\/wp-json\/wp\/v2\/product_brand?post=9645"},{"taxonomy":"product_cat","embeddable":true,"href":"https:\/\/ryfi.online\/it\/wp-json\/wp\/v2\/product_cat?post=9645"},{"taxonomy":"product_tag","embeddable":true,"href":"https:\/\/ryfi.online\/it\/wp-json\/wp\/v2\/product_tag?post=9645"}],"curies":[{"name":"wp","href":"https:\/\/api.w.org\/{rel}","templated":true}]}}