{"id":9597,"date":"2022-04-21T18:13:15","date_gmt":"2022-05-02T19:38:37","guid":{"rendered":"https:\/\/ryfi.online\/product\/set-t-shirt-e-pantaloni-per-bambini-cars-et1081\/"},"modified":"2022-05-16T17:28:06","modified_gmt":"2022-05-16T17:28:06","slug":"set-cars-bambini-t-shirt-e-pantaloni-copia","status":"publish","type":"product","link":"https:\/\/ryfi.online\/it\/prodotto\/set-cars-bambini-t-shirt-e-pantaloni-copia\/","title":{"rendered":"Set t-shirt e pantaloni per bambini Cars ET1081"},"content":{"rendered":"<p>Come regalo di compleanno, a Pasqua o semplicemente cos\u00ec. Con il bellissimo set, di Cars, non puoi sbagliare! La fattura \u00e8 ottima e i colori molto forti. Il set Cars \u00e8 l&#8217;ideale per mettersi in mostra nei momenti migliori. Lavabile in lavatrice a 30\u00b0C, per una lunga durata, ma si consiglia il lavaggio a mano. Con questo set gli occhi dei bambini iniziano a brillare!<\/p>\n<p>&nbsp;<\/p>\n<p><span class=\"a-list-item\">\u2705 Set maglietta e pantaloni Cars Kids<\/span><\/p>\n<p><span class=\"a-list-item\">\u2705 Colori: Rosso-Bianco<\/span><\/p>\n<p><span class=\"a-list-item\">\u2705 100% Cotone,<\/span><\/p>\n<p id=\"title\" class=\"a-size-large a-spacing-none\"><span id=\"productTitle\" class=\"a-size-large product-title-word-break\"><span class=\"a-list-item\">\u2705<\/span> Et\u00e0: 3 anni, 4 anni, 6 anni, 8 anni<\/span><\/p>\n","protected":false},"excerpt":{"rendered":"<p>Spedizione veloce e sicura in 1-3 giorni lavorativi<\/p>\n","protected":false},"featured_media":7976,"comment_status":"open","ping_status":"closed","template":"","meta":[],"product_brand":[],"product_cat":[211,240,224],"product_tag":[],"class_list":{"0":"post-9597","1":"product","2":"type-product","3":"status-publish","4":"has-post-thumbnail","6":"product_cat-maglietta-per-ragazzi","7":"product_cat-set-per-bambini","8":"product_cat-tuta","10":"first","11":"instock","12":"featured","13":"taxable","14":"shipping-taxable","15":"purchasable","16":"product-type-variable"},"yoast_head":"<!-- This site is optimized with the Yoast SEO Premium plugin v17.1.2 (Yoast SEO v27.5) - https:\/\/yoast.com\/product\/yoast-seo-premium-wordpress\/ -->\n<title>Set t-shirt e pantaloni per bambini Cars ET1081 - Ryfi Online Store<\/title>\n<meta name=\"description\" content=\"Trova la migliore collezione di t-shirt e pantaloni Spiderman per bambini in Spagna su Ryfi Online Store Spedizione veloce in 1 3 giorni lavorativi\" \/>\n<meta name=\"robots\" content=\"index, follow, max-snippet:-1, max-image-preview:large, max-video-preview:-1\" \/>\n<link rel=\"canonical\" href=\"https:\/\/ryfi.online\/it\/prodotto\/set-cars-bambini-t-shirt-e-pantaloni-copia\/\" \/>\n<meta property=\"og:locale\" content=\"it_IT\" \/>\n<meta property=\"og:type\" content=\"article\" \/>\n<meta property=\"og:title\" content=\"Set t-shirt e pantaloni per bambini Cars ET1081\" \/>\n<meta property=\"og:description\" content=\"Trova la migliore collezione di t-shirt e pantaloni Spiderman per bambini in Spagna su Ryfi Online Store Spedizione veloce in 1 3 giorni lavorativi\" \/>\n<meta property=\"og:url\" content=\"https:\/\/ryfi.online\/it\/prodotto\/set-cars-bambini-t-shirt-e-pantaloni-copia\/\" \/>\n<meta property=\"og:site_name\" content=\"Ryfi Online Store\" \/>\n<meta property=\"article:publisher\" content=\"https:\/\/www.facebook.com\/ryfi.online\/\" \/>\n<meta property=\"article:modified_time\" content=\"2022-05-16T17:28:06+00:00\" \/>\n<meta property=\"og:image\" content=\"https:\/\/ryfi.online\/wp-content\/uploads\/2022\/04\/et1081.jpg\" \/>\n\t<meta property=\"og:image:width\" content=\"800\" \/>\n\t<meta property=\"og:image:height\" content=\"565\" \/>\n\t<meta property=\"og:image:type\" content=\"image\/jpeg\" \/>\n<meta name=\"twitter:card\" content=\"summary_large_image\" \/>\n<meta name=\"twitter:label1\" content=\"Availability\" \/>\n\t<meta name=\"twitter:data1\" content=\"In stock\" \/>\n<meta property=\"product:brand\" content=\"Maglietta per ragazzi\" \/>\n<meta property=\"og:availability\" content=\"instock\" \/>\n<meta property=\"product:availability\" content=\"instock\" \/>\n<meta property=\"product:condition\" content=\"new\" \/>\n<!-- \/ Yoast SEO Premium plugin. -->","yoast_head_json":{"title":"Set t-shirt e pantaloni per bambini Cars ET1081 - Ryfi Online Store","description":"Trova la migliore collezione di t-shirt e pantaloni Spiderman per bambini in Spagna su Ryfi Online Store Spedizione veloce in 1 3 giorni lavorativi","robots":{"index":"index","follow":"follow","max-snippet":"max-snippet:-1","max-image-preview":"max-image-preview:large","max-video-preview":"max-video-preview:-1"},"canonical":"https:\/\/ryfi.online\/it\/prodotto\/set-cars-bambini-t-shirt-e-pantaloni-copia\/","og_locale":"it_IT","og_type":"article","og_title":"Set t-shirt e pantaloni per bambini Cars ET1081","og_description":"Trova la migliore collezione di t-shirt e pantaloni Spiderman per bambini in Spagna su Ryfi Online Store Spedizione veloce in 1 3 giorni lavorativi","og_url":"https:\/\/ryfi.online\/it\/prodotto\/set-cars-bambini-t-shirt-e-pantaloni-copia\/","og_site_name":"Ryfi Online Store","article_publisher":"https:\/\/www.facebook.com\/ryfi.online\/","article_modified_time":"2022-05-16T17:28:06+00:00","og_image":[{"width":800,"height":565,"url":"https:\/\/ryfi.online\/wp-content\/uploads\/2022\/04\/et1081.jpg","type":"image\/jpeg"}],"twitter_card":"summary_large_image","twitter_misc":{"Availability":"In stock"},"schema":{"@context":"https:\/\/schema.org","@graph":[{"@type":"WebPage","@id":"https:\/\/ryfi.online\/it\/prodotto\/set-cars-bambini-t-shirt-e-pantaloni-copia\/","url":"https:\/\/ryfi.online\/it\/prodotto\/set-cars-bambini-t-shirt-e-pantaloni-copia\/","name":"Set t-shirt e pantaloni per bambini Cars ET1081 - Ryfi Online Store","isPartOf":{"@id":"https:\/\/ryfi.online\/it\/#website"},"primaryImageOfPage":{"@id":"https:\/\/ryfi.online\/it\/prodotto\/set-cars-bambini-t-shirt-e-pantaloni-copia\/#primaryimage"},"image":{"@id":"https:\/\/ryfi.online\/it\/prodotto\/set-cars-bambini-t-shirt-e-pantaloni-copia\/#primaryimage"},"thumbnailUrl":"https:\/\/ryfi.online\/wp-content\/uploads\/2022\/04\/et1081.jpg","datePublished":"2022-05-02T19:38:37+00:00","dateModified":"2022-05-16T17:28:06+00:00","description":"Trova la migliore collezione di t-shirt e pantaloni Spiderman per bambini in Spagna su Ryfi Online Store Spedizione veloce in 1 3 giorni lavorativi","breadcrumb":{"@id":"https:\/\/ryfi.online\/it\/prodotto\/set-cars-bambini-t-shirt-e-pantaloni-copia\/#breadcrumb"},"inLanguage":"it-IT","potentialAction":[{"@type":"ReadAction","target":["https:\/\/ryfi.online\/it\/prodotto\/set-cars-bambini-t-shirt-e-pantaloni-copia\/"]}]},{"@type":"ImageObject","inLanguage":"it-IT","@id":"https:\/\/ryfi.online\/it\/prodotto\/set-cars-bambini-t-shirt-e-pantaloni-copia\/#primaryimage","url":"https:\/\/ryfi.online\/wp-content\/uploads\/2022\/04\/et1081.jpg","contentUrl":"https:\/\/ryfi.online\/wp-content\/uploads\/2022\/04\/et1081.jpg","width":800,"height":565,"caption":"Conjunto camiseta pantalones Cars"},{"@type":"BreadcrumbList","@id":"https:\/\/ryfi.online\/it\/prodotto\/set-cars-bambini-t-shirt-e-pantaloni-copia\/#breadcrumb","itemListElement":[{"@type":"ListItem","position":1,"name":"Home","item":"https:\/\/ryfi.online\/it\/"},{"@type":"ListItem","position":2,"name":"Free and Fast Shipping whitin 1-3 Days!!!","item":"https:\/\/ryfi.online\/shop\/"},{"@type":"ListItem","position":3,"name":"Set t-shirt e pantaloni per bambini Cars ET1081"}]},{"@type":"WebSite","@id":"https:\/\/ryfi.online\/it\/#website","url":"https:\/\/ryfi.online\/it\/","name":"Ryfi Online Store","description":"Online Store","publisher":{"@id":"https:\/\/ryfi.online\/it\/#organization"},"potentialAction":[{"@type":"SearchAction","target":{"@type":"EntryPoint","urlTemplate":"https:\/\/ryfi.online\/it\/?s={search_term_string}"},"query-input":{"@type":"PropertyValueSpecification","valueRequired":true,"valueName":"search_term_string"}}],"inLanguage":"it-IT"},{"@type":"Organization","@id":"https:\/\/ryfi.online\/it\/#organization","name":"Ryan Future Investments LLC","url":"https:\/\/ryfi.online\/it\/","logo":{"@type":"ImageObject","inLanguage":"it-IT","@id":"https:\/\/ryfi.online\/it\/#\/schema\/logo\/image\/","url":"https:\/\/ryfi.online\/wp-content\/uploads\/2021\/03\/2-03.png","contentUrl":"https:\/\/ryfi.online\/wp-content\/uploads\/2021\/03\/2-03.png","width":1010,"height":310,"caption":"Ryan Future Investments LLC"},"image":{"@id":"https:\/\/ryfi.online\/it\/#\/schema\/logo\/image\/"},"sameAs":["https:\/\/www.facebook.com\/ryfi.online\/"]}]},"product_brand":"Maglietta per ragazzi","og_availability":"instock","product_availability":"instock","product_condition":"new"},"jetpack-related-posts":[{"id":9621,"url":"https:\/\/ryfi.online\/it\/prodotto\/t-shirt-e-pantaloni-spiderman-bambini\/","url_meta":{"origin":9597,"position":0},"title":"Set t-shirt e pantaloni Spiderman per bambini UE1109","date":"Aprile 19, 2022","format":false,"excerpt":"Spedizione veloce e sicura in 1-3 giorni lavorativi","rel":"","context":"Articolo simile","img":{"alt_text":"Set Spiderman","src":"https:\/\/i0.wp.com\/ryfi.online\/wp-content\/uploads\/2022\/04\/img_142084_b9dd3931f3ae76581b7aae01014ee611_20.jpg?resize=350%2C200&ssl=1","width":350,"height":200},"classes":[]},{"id":4882,"url":"https:\/\/ryfi.online\/it\/prodotto\/marvel-avengers-kids-t-shirt-and-short\/","url_meta":{"origin":9597,"position":1},"title":"Set maglietta e pantaloni Avengers Kids UE1068","date":"Luglio 30, 2021","format":false,"excerpt":"Spedizione veloce e sicura in 1-3 giorni lavorativi","rel":"","context":"Articolo simile","img":{"alt_text":"Conjunto camiseta pantalones Avengers","src":"https:\/\/i0.wp.com\/ryfi.online\/wp-content\/uploads\/2021\/07\/ue1068.jpg?resize=350%2C200&ssl=1","width":350,"height":200},"classes":[]},{"id":9286,"url":"https:\/\/ryfi.online\/it\/prodotto\/set-vendicatori-ev1061\/","url_meta":{"origin":9597,"position":2},"title":"Set Avengers per bambini EV1061","date":"Aprile 30, 2022","format":false,"excerpt":"Spedizione veloce e sicura in 1-3 giorni lavorativi","rel":"","context":"Articolo simile","img":{"alt_text":"","src":"https:\/\/i0.wp.com\/ryfi.online\/wp-content\/uploads\/2022\/04\/ev1061.jpg?resize=350%2C200&ssl=1","width":350,"height":200},"classes":[]},{"id":9409,"url":"https:\/\/ryfi.online\/it\/prodotto\/set-spiderman-ev1057\/","url_meta":{"origin":9597,"position":3},"title":"Set Spiderman per bambini EV1057","date":"Aprile 29, 2022","format":false,"excerpt":"Spedizione veloce e sicura in 1-3 giorni lavorativi","rel":"","context":"Articolo simile","img":{"alt_text":"","src":"https:\/\/i0.wp.com\/ryfi.online\/wp-content\/uploads\/2022\/04\/ev1057.jpg?resize=350%2C200&ssl=1","width":350,"height":200},"classes":[]},{"id":4051,"url":"https:\/\/ryfi.online\/it\/prodotto\/disney-congelato-2-anna-elsa-personaggi-tuta-pantaloni\/","url_meta":{"origin":9597,"position":4},"title":"Disney Frozen 2 Personaggi di Anna &amp; Elsa Pantaloni della tuta TH1076","date":"Ottobre 8, 2021","format":false,"excerpt":"Spedizione veloce e sicura in 1-3 giorni lavorativi","rel":"","context":"Articolo simile","img":{"alt_text":" Tute per bambina Anna&amp;Elsa -1","src":"https:\/\/i0.wp.com\/ryfi.online\/wp-content\/uploads\/2021\/10\/th1076.jpg?resize=350%2C200&ssl=1","width":350,"height":200},"classes":[]},{"id":9127,"url":"https:\/\/ryfi.online\/it\/prodotto\/set-mickey-ev1094\/","url_meta":{"origin":9597,"position":5},"title":"Set Topolino per bambini EV1094","date":"Aprile 30, 2022","format":false,"excerpt":"Spedizione veloce e sicura entro 1-3 giorni lavorativi","rel":"","context":"Articolo simile","img":{"alt_text":"Topolino","src":"https:\/\/i0.wp.com\/ryfi.online\/wp-content\/uploads\/2022\/04\/ev1094.jpg?resize=350%2C200&ssl=1","width":350,"height":200},"classes":[]}],"_links":{"self":[{"href":"https:\/\/ryfi.online\/it\/wp-json\/wp\/v2\/product\/9597","targetHints":{"allow":["GET"]}}],"collection":[{"href":"https:\/\/ryfi.online\/it\/wp-json\/wp\/v2\/product"}],"about":[{"href":"https:\/\/ryfi.online\/it\/wp-json\/wp\/v2\/types\/product"}],"replies":[{"embeddable":true,"href":"https:\/\/ryfi.online\/it\/wp-json\/wp\/v2\/comments?post=9597"}],"wp:featuredmedia":[{"embeddable":true,"href":"https:\/\/ryfi.online\/it\/wp-json\/wp\/v2\/media\/7976"}],"wp:attachment":[{"href":"https:\/\/ryfi.online\/it\/wp-json\/wp\/v2\/media?parent=9597"}],"wp:term":[{"taxonomy":"product_brand","embeddable":true,"href":"https:\/\/ryfi.online\/it\/wp-json\/wp\/v2\/product_brand?post=9597"},{"taxonomy":"product_cat","embeddable":true,"href":"https:\/\/ryfi.online\/it\/wp-json\/wp\/v2\/product_cat?post=9597"},{"taxonomy":"product_tag","embeddable":true,"href":"https:\/\/ryfi.online\/it\/wp-json\/wp\/v2\/product_tag?post=9597"}],"curies":[{"name":"wp","href":"https:\/\/api.w.org\/{rel}","templated":true}]}}