{"id":9286,"date":"2022-04-30T16:35:08","date_gmt":"2022-05-02T18:18:17","guid":{"rendered":"https:\/\/ryfi.online\/product\/set-avengers-per-bambini-ev1061\/"},"modified":"2022-05-16T17:10:52","modified_gmt":"2022-05-16T17:10:52","slug":"set-vendicatori-ev1061","status":"publish","type":"product","link":"https:\/\/ryfi.online\/it\/prodotto\/set-vendicatori-ev1061\/","title":{"rendered":"Set Avengers per bambini EV1061"},"content":{"rendered":"<p>Come regalo di compleanno, a Pasqua o semplicemente cos\u00ec. Con il bellissimo set, di Avengers, non puoi sbagliare! La fattura \u00e8 ottima e i colori molto forti. Il set Avengers \u00e8 l&#8217;ideale per mettersi in mostra nei momenti migliori. Lavabile in lavatrice a 30\u00b0C, per una lunga durata, ma si consiglia il lavaggio a mano. Con questo set gli occhi dei bambini iniziano a brillare!<\/p>\n<p>&nbsp;<\/p>\n<p>\u2705 Completo maglietta e pantaloni Avengers per bambino<\/p>\n<p>\u2705 Colore: Rosso-Bianco<\/p>\n<p>\u2705 100% Cotone,<\/p>\n<p>\u2705 Et\u00e0: 4 anni, 6 anni, 8 anni, 10 anni<\/p>\n","protected":false},"excerpt":{"rendered":"<p>Spedizione veloce e sicura in 1-3 giorni lavorativi<\/p>\n","protected":false},"featured_media":8711,"comment_status":"open","ping_status":"closed","template":"","meta":[],"product_brand":[],"product_cat":[211,240,224],"product_tag":[],"class_list":{"0":"post-9286","1":"product","2":"type-product","3":"status-publish","4":"has-post-thumbnail","6":"product_cat-maglietta-per-ragazzi","7":"product_cat-set-per-bambini","8":"product_cat-tuta","10":"first","11":"instock","12":"featured","13":"taxable","14":"shipping-taxable","15":"purchasable","16":"product-type-variable"},"yoast_head":"<!-- This site is optimized with the Yoast SEO Premium plugin v17.1.2 (Yoast SEO v27.5) - https:\/\/yoast.com\/product\/yoast-seo-premium-wordpress\/ -->\n<title>Set Avengers per bambini EV1061 - Ryfi Online Store<\/title>\n<meta name=\"robots\" content=\"index, follow, max-snippet:-1, max-image-preview:large, max-video-preview:-1\" \/>\n<link rel=\"canonical\" href=\"https:\/\/ryfi.online\/it\/prodotto\/set-vendicatori-ev1061\/\" \/>\n<meta property=\"og:locale\" content=\"it_IT\" \/>\n<meta property=\"og:type\" content=\"article\" \/>\n<meta property=\"og:title\" content=\"Set Avengers per bambini EV1061\" \/>\n<meta property=\"og:description\" content=\"Spedizione veloce e sicura in 1-3 giorni lavorativi\" \/>\n<meta property=\"og:url\" content=\"https:\/\/ryfi.online\/it\/prodotto\/set-vendicatori-ev1061\/\" \/>\n<meta property=\"og:site_name\" content=\"Ryfi Online Store\" \/>\n<meta property=\"article:publisher\" content=\"https:\/\/www.facebook.com\/ryfi.online\/\" \/>\n<meta property=\"article:modified_time\" content=\"2022-05-16T17:10:52+00:00\" \/>\n<meta property=\"og:image\" content=\"https:\/\/ryfi.online\/wp-content\/uploads\/2022\/04\/ev1061.jpg\" \/>\n\t<meta property=\"og:image:width\" content=\"800\" \/>\n\t<meta property=\"og:image:height\" content=\"566\" \/>\n\t<meta property=\"og:image:type\" content=\"image\/jpeg\" \/>\n<meta name=\"twitter:card\" content=\"summary_large_image\" \/>\n<meta name=\"twitter:label1\" content=\"Availability\" \/>\n\t<meta name=\"twitter:data1\" content=\"In stock\" \/>\n<meta property=\"product:brand\" content=\"Set per bambini\" \/>\n<meta property=\"og:availability\" content=\"instock\" \/>\n<meta property=\"product:availability\" content=\"instock\" \/>\n<meta property=\"product:condition\" content=\"new\" \/>\n<!-- \/ Yoast SEO Premium plugin. -->","yoast_head_json":{"title":"Set Avengers per bambini EV1061 - Ryfi Online Store","robots":{"index":"index","follow":"follow","max-snippet":"max-snippet:-1","max-image-preview":"max-image-preview:large","max-video-preview":"max-video-preview:-1"},"canonical":"https:\/\/ryfi.online\/it\/prodotto\/set-vendicatori-ev1061\/","og_locale":"it_IT","og_type":"article","og_title":"Set Avengers per bambini EV1061","og_description":"Spedizione veloce e sicura in 1-3 giorni lavorativi","og_url":"https:\/\/ryfi.online\/it\/prodotto\/set-vendicatori-ev1061\/","og_site_name":"Ryfi Online Store","article_publisher":"https:\/\/www.facebook.com\/ryfi.online\/","article_modified_time":"2022-05-16T17:10:52+00:00","og_image":[{"width":800,"height":566,"url":"https:\/\/ryfi.online\/wp-content\/uploads\/2022\/04\/ev1061.jpg","type":"image\/jpeg"}],"twitter_card":"summary_large_image","twitter_misc":{"Availability":"In stock"},"schema":{"@context":"https:\/\/schema.org","@graph":[{"@type":"WebPage","@id":"https:\/\/ryfi.online\/it\/prodotto\/set-vendicatori-ev1061\/","url":"https:\/\/ryfi.online\/it\/prodotto\/set-vendicatori-ev1061\/","name":"Set Avengers per bambini EV1061 - Ryfi Online Store","isPartOf":{"@id":"https:\/\/ryfi.online\/it\/#website"},"primaryImageOfPage":{"@id":"https:\/\/ryfi.online\/it\/prodotto\/set-vendicatori-ev1061\/#primaryimage"},"image":{"@id":"https:\/\/ryfi.online\/it\/prodotto\/set-vendicatori-ev1061\/#primaryimage"},"thumbnailUrl":"https:\/\/ryfi.online\/wp-content\/uploads\/2022\/04\/ev1061.jpg","datePublished":"2022-05-02T18:18:17+00:00","dateModified":"2022-05-16T17:10:52+00:00","breadcrumb":{"@id":"https:\/\/ryfi.online\/it\/prodotto\/set-vendicatori-ev1061\/#breadcrumb"},"inLanguage":"it-IT","potentialAction":[{"@type":"ReadAction","target":["https:\/\/ryfi.online\/it\/prodotto\/set-vendicatori-ev1061\/"]}]},{"@type":"ImageObject","inLanguage":"it-IT","@id":"https:\/\/ryfi.online\/it\/prodotto\/set-vendicatori-ev1061\/#primaryimage","url":"https:\/\/ryfi.online\/wp-content\/uploads\/2022\/04\/ev1061.jpg","contentUrl":"https:\/\/ryfi.online\/wp-content\/uploads\/2022\/04\/ev1061.jpg","width":800,"height":566},{"@type":"BreadcrumbList","@id":"https:\/\/ryfi.online\/it\/prodotto\/set-vendicatori-ev1061\/#breadcrumb","itemListElement":[{"@type":"ListItem","position":1,"name":"Home","item":"https:\/\/ryfi.online\/it\/"},{"@type":"ListItem","position":2,"name":"Free and Fast Shipping whitin 1-3 Days!!!","item":"https:\/\/ryfi.online\/shop\/"},{"@type":"ListItem","position":3,"name":"Set Avengers per bambini EV1061"}]},{"@type":"WebSite","@id":"https:\/\/ryfi.online\/it\/#website","url":"https:\/\/ryfi.online\/it\/","name":"Ryfi Online Store","description":"Online Store","publisher":{"@id":"https:\/\/ryfi.online\/it\/#organization"},"potentialAction":[{"@type":"SearchAction","target":{"@type":"EntryPoint","urlTemplate":"https:\/\/ryfi.online\/it\/?s={search_term_string}"},"query-input":{"@type":"PropertyValueSpecification","valueRequired":true,"valueName":"search_term_string"}}],"inLanguage":"it-IT"},{"@type":"Organization","@id":"https:\/\/ryfi.online\/it\/#organization","name":"Ryan Future Investments LLC","url":"https:\/\/ryfi.online\/it\/","logo":{"@type":"ImageObject","inLanguage":"it-IT","@id":"https:\/\/ryfi.online\/it\/#\/schema\/logo\/image\/","url":"https:\/\/ryfi.online\/wp-content\/uploads\/2021\/03\/2-03.png","contentUrl":"https:\/\/ryfi.online\/wp-content\/uploads\/2021\/03\/2-03.png","width":1010,"height":310,"caption":"Ryan Future Investments LLC"},"image":{"@id":"https:\/\/ryfi.online\/it\/#\/schema\/logo\/image\/"},"sameAs":["https:\/\/www.facebook.com\/ryfi.online\/"]}]},"product_brand":"Set per bambini","og_availability":"instock","product_availability":"instock","product_condition":"new"},"jetpack-related-posts":[{"id":5082,"url":"https:\/\/ryfi.online\/it\/prodotto\/set-3-marvel-avengers-100-slip-cotone-bambino-4-5-anni\/","url_meta":{"origin":9286,"position":0},"title":"Set 3 slip Marvel Avengers 100% cotone per ragazzi 4\u20135 anni UE3028","date":"Luglio 5, 2021","format":false,"excerpt":"Spedizione gratuita 1-3 giorni Reso gratuito","rel":"","context":"Articolo simile","img":{"alt_text":"","src":"https:\/\/i0.wp.com\/ryfi.online\/wp-content\/uploads\/2021\/07\/ue3028.45y.e00-scaled.jpg?resize=350%2C200&ssl=1","width":350,"height":200},"classes":[]},{"id":4882,"url":"https:\/\/ryfi.online\/it\/prodotto\/marvel-avengers-kids-t-shirt-and-short\/","url_meta":{"origin":9286,"position":1},"title":"Set maglietta e pantaloni Avengers Kids UE1068","date":"Luglio 30, 2021","format":false,"excerpt":"Spedizione veloce e sicura in 1-3 giorni lavorativi","rel":"","context":"Articolo simile","img":{"alt_text":"Conjunto camiseta pantalones Avengers","src":"https:\/\/i0.wp.com\/ryfi.online\/wp-content\/uploads\/2021\/07\/ue1068.jpg?resize=350%2C200&ssl=1","width":350,"height":200},"classes":[]},{"id":9418,"url":"https:\/\/ryfi.online\/it\/prodotto\/t-shirt-maniche-corte-avengers-ev1060\/","url_meta":{"origin":9286,"position":2},"title":"T-shirt manica corta Avengers per bambini EV1060","date":"Aprile 29, 2022","format":false,"excerpt":"Spedizione veloce e sicura in 1-3 giorni lavorativi","rel":"","context":"Articolo simile","img":{"alt_text":"","src":"https:\/\/i0.wp.com\/ryfi.online\/wp-content\/uploads\/2022\/04\/ev1060.jpg?resize=350%2C200&ssl=1","width":350,"height":200},"classes":[]},{"id":5692,"url":"https:\/\/ryfi.online\/it\/prodotto\/berretto-da-ball-con-marvel-avengers-design-per-bambini\/","url_meta":{"origin":9286,"position":3},"title":"Berretto da baseball per ragazzi Marvel Avengers","date":"Giugno 9, 2021","format":false,"excerpt":"Env\u00edo gratuito en 1-3 d\u00edas laborales","rel":"","context":"Articolo simile","img":{"alt_text":"Avengers Cap Marvel","src":"https:\/\/i0.wp.com\/ryfi.online\/wp-content\/uploads\/2021\/06\/et4174_bl-1.jpg?resize=350%2C200&ssl=1","width":350,"height":200},"classes":[]},{"id":5471,"url":"https:\/\/ryfi.online\/it\/prodotto\/t-shirt-cartone-animato-di-meraviglia-vendicatori-per-bambini\/","url_meta":{"origin":9286,"position":4},"title":"Maglietta per bambini Marvel Avengers Cartoon","date":"Giugno 15, 2021","format":false,"excerpt":"Spedizione gratuita 1-3 giorni lavorativi Reso gratuito","rel":"","context":"Articolo simile","img":{"alt_text":"Maglietta dei Vendicatori","src":"https:\/\/i0.wp.com\/ryfi.online\/wp-content\/uploads\/2021\/06\/ue1060_gy.jpg?resize=350%2C200&ssl=1","width":350,"height":200},"classes":[]},{"id":5226,"url":"https:\/\/ryfi.online\/it\/prodotto\/3-mutandine-100-cotone-per-bambini-marvel-spiderman-6-8-anni\/","url_meta":{"origin":9286,"position":5},"title":"3 slip 100% cotone per ragazzi Marvel Spiderman 6\u20138 anni","date":"Luglio 2, 2021","format":false,"excerpt":"Spedizione gratuita 1-3 giorni lavorativi Reso gratuito","rel":"","context":"Articolo simile","img":{"alt_text":"Set 3 calzoncillos Spiderman","src":"https:\/\/i0.wp.com\/ryfi.online\/wp-content\/uploads\/2021\/07\/img_141921_063855668ffb7096235876846a9fbb9f_20.jpg?resize=350%2C200&ssl=1","width":350,"height":200},"classes":[]}],"_links":{"self":[{"href":"https:\/\/ryfi.online\/it\/wp-json\/wp\/v2\/product\/9286","targetHints":{"allow":["GET"]}}],"collection":[{"href":"https:\/\/ryfi.online\/it\/wp-json\/wp\/v2\/product"}],"about":[{"href":"https:\/\/ryfi.online\/it\/wp-json\/wp\/v2\/types\/product"}],"replies":[{"embeddable":true,"href":"https:\/\/ryfi.online\/it\/wp-json\/wp\/v2\/comments?post=9286"}],"wp:featuredmedia":[{"embeddable":true,"href":"https:\/\/ryfi.online\/it\/wp-json\/wp\/v2\/media\/8711"}],"wp:attachment":[{"href":"https:\/\/ryfi.online\/it\/wp-json\/wp\/v2\/media?parent=9286"}],"wp:term":[{"taxonomy":"product_brand","embeddable":true,"href":"https:\/\/ryfi.online\/it\/wp-json\/wp\/v2\/product_brand?post=9286"},{"taxonomy":"product_cat","embeddable":true,"href":"https:\/\/ryfi.online\/it\/wp-json\/wp\/v2\/product_cat?post=9286"},{"taxonomy":"product_tag","embeddable":true,"href":"https:\/\/ryfi.online\/it\/wp-json\/wp\/v2\/product_tag?post=9286"}],"curies":[{"name":"wp","href":"https:\/\/api.w.org\/{rel}","templated":true}]}}