{"id":6115,"date":"2021-06-09T16:51:56","date_gmt":"2021-10-15T15:15:19","guid":{"rendered":"https:\/\/ryfi.online\/product\/maglietta-disney-minnie-per-bambine\/"},"modified":"2022-05-17T14:07:24","modified_gmt":"2022-05-17T14:07:24","slug":"t-shirt-con-design-disney-minnie-per-ragazze","status":"publish","type":"product","link":"https:\/\/ryfi.online\/it\/prodotto\/t-shirt-con-design-disney-minnie-per-ragazze\/","title":{"rendered":"Maglietta Disney Minnie Mouse per ragazze ET1119"},"content":{"rendered":"<p>Come regalo di compleanno, a Pasqua o semplicemente cos\u00ec. Con questa bellissima t-shirt, di Minnie, non puoi sbagliare! La fattura \u00e8 ottima e i colori molto forti. La t-shirt di Minnie \u00e8 l&#8217;ideale per le passeggiate al sole o per le vacanze. Lavabile in lavatrice a 30\u00b0C, per una lunga durata, ma si consiglia il lavaggio a mano. Con questo set gli occhi dei bambini iniziano a brillare!<\/p>\n<p>&nbsp;<\/p>\n<p><span class=\"a-list-item\">\u2705 Maglietta Disney Minnie Girls<\/span><\/p>\n<p><span class=\"a-list-item\">\u2705 Colore: rosa, bianco, turchese<\/span><\/p>\n<p><span class=\"a-list-item\">\u2705 100% cotone<\/span><\/p>\n<p id=\"title\" class=\"a-size-large a-spacing-none\"><span id=\"productTitle\" class=\"a-size-large product-title-word-break\"><span class=\"a-list-item\">\u2705<\/span> Et\u00e0: 3 anni, 4 anni, 6 anni, 8 anni<\/span><\/p>\n<p>&nbsp;<\/p>\n","protected":false},"excerpt":{"rendered":"<p>Spedizione gratuita 1-3 giorni lavorativi<\/p>\n<p>Reso gratuito<\/p>\n","protected":false},"featured_media":6123,"comment_status":"open","ping_status":"closed","template":"","meta":[],"product_brand":[],"product_cat":[214,211],"product_tag":[],"class_list":{"0":"post-6115","1":"product","2":"type-product","3":"status-publish","4":"has-post-thumbnail","6":"product_cat-maglietta-da-bambina","7":"product_cat-maglietta-per-ragazzi","9":"first","10":"instock","11":"featured","12":"taxable","13":"shipping-taxable","14":"purchasable","15":"product-type-variable"},"yoast_head":"<!-- This site is optimized with the Yoast SEO Premium plugin v17.1.2 (Yoast SEO v27.4) - https:\/\/yoast.com\/product\/yoast-seo-premium-wordpress\/ -->\n<title>T-shirt con stampa Disney Minnie online | T-shirt con motivo Disney Minnie<\/title>\n<meta name=\"description\" content=\"Ryfi Online Store offre il miglior servizio di consegna online in Spagna. Ordina online le magliette Disney Girls Minnie a un prezzo molto ragionevole.\" \/>\n<meta name=\"robots\" content=\"index, follow, max-snippet:-1, max-image-preview:large, max-video-preview:-1\" \/>\n<link rel=\"canonical\" href=\"https:\/\/ryfi.online\/it\/prodotto\/t-shirt-con-design-disney-minnie-per-ragazze\/\" \/>\n<meta property=\"og:locale\" content=\"it_IT\" \/>\n<meta property=\"og:type\" content=\"article\" \/>\n<meta property=\"og:title\" content=\"Maglietta Disney Minnie Mouse per ragazze ET1119\" \/>\n<meta property=\"og:description\" content=\"Ryfi Online Store offre il miglior servizio di consegna online in Spagna. Ordina online le magliette Disney Girls Minnie a un prezzo molto ragionevole.\" \/>\n<meta property=\"og:url\" content=\"https:\/\/ryfi.online\/it\/prodotto\/t-shirt-con-design-disney-minnie-per-ragazze\/\" \/>\n<meta property=\"og:site_name\" content=\"Ryfi Online Store\" \/>\n<meta property=\"article:publisher\" content=\"https:\/\/www.facebook.com\/ryfi.online\/\" \/>\n<meta property=\"article:modified_time\" content=\"2022-05-17T14:07:24+00:00\" \/>\n<meta property=\"og:image\" content=\"https:\/\/ryfi.online\/wp-content\/uploads\/2021\/06\/ET1119_REF1.jpg\" \/>\n\t<meta property=\"og:image:width\" content=\"2082\" \/>\n\t<meta property=\"og:image:height\" content=\"2240\" \/>\n\t<meta property=\"og:image:type\" content=\"image\/jpeg\" \/>\n<meta name=\"twitter:card\" content=\"summary_large_image\" \/>\n<meta name=\"twitter:label1\" content=\"Availability\" \/>\n\t<meta name=\"twitter:data1\" content=\"In stock\" \/>\n<meta property=\"product:brand\" content=\"Maglietta per ragazzi\" \/>\n<meta property=\"og:availability\" content=\"instock\" \/>\n<meta property=\"product:availability\" content=\"instock\" \/>\n<meta property=\"product:condition\" content=\"new\" \/>\n<!-- \/ Yoast SEO Premium plugin. -->","yoast_head_json":{"title":"T-shirt con stampa Disney Minnie online | T-shirt con motivo Disney Minnie","description":"Ryfi Online Store offre il miglior servizio di consegna online in Spagna. Ordina online le magliette Disney Girls Minnie a un prezzo molto ragionevole.","robots":{"index":"index","follow":"follow","max-snippet":"max-snippet:-1","max-image-preview":"max-image-preview:large","max-video-preview":"max-video-preview:-1"},"canonical":"https:\/\/ryfi.online\/it\/prodotto\/t-shirt-con-design-disney-minnie-per-ragazze\/","og_locale":"it_IT","og_type":"article","og_title":"Maglietta Disney Minnie Mouse per ragazze ET1119","og_description":"Ryfi Online Store offre il miglior servizio di consegna online in Spagna. Ordina online le magliette Disney Girls Minnie a un prezzo molto ragionevole.","og_url":"https:\/\/ryfi.online\/it\/prodotto\/t-shirt-con-design-disney-minnie-per-ragazze\/","og_site_name":"Ryfi Online Store","article_publisher":"https:\/\/www.facebook.com\/ryfi.online\/","article_modified_time":"2022-05-17T14:07:24+00:00","og_image":[{"width":2082,"height":2240,"url":"https:\/\/ryfi.online\/wp-content\/uploads\/2021\/06\/ET1119_REF1.jpg","type":"image\/jpeg"}],"twitter_card":"summary_large_image","twitter_misc":{"Availability":"In stock"},"schema":{"@context":"https:\/\/schema.org","@graph":[{"@type":"WebPage","@id":"https:\/\/ryfi.online\/it\/prodotto\/t-shirt-con-design-disney-minnie-per-ragazze\/","url":"https:\/\/ryfi.online\/it\/prodotto\/t-shirt-con-design-disney-minnie-per-ragazze\/","name":"T-shirt con stampa Disney Minnie online | T-shirt con motivo Disney Minnie","isPartOf":{"@id":"https:\/\/ryfi.online\/it\/#website"},"primaryImageOfPage":{"@id":"https:\/\/ryfi.online\/it\/prodotto\/t-shirt-con-design-disney-minnie-per-ragazze\/#primaryimage"},"image":{"@id":"https:\/\/ryfi.online\/it\/prodotto\/t-shirt-con-design-disney-minnie-per-ragazze\/#primaryimage"},"thumbnailUrl":"https:\/\/ryfi.online\/wp-content\/uploads\/2021\/06\/ET1119_REF1.jpg","datePublished":"2021-10-15T15:15:19+00:00","dateModified":"2022-05-17T14:07:24+00:00","description":"Ryfi Online Store offre il miglior servizio di consegna online in Spagna. Ordina online le magliette Disney Girls Minnie a un prezzo molto ragionevole.","breadcrumb":{"@id":"https:\/\/ryfi.online\/it\/prodotto\/t-shirt-con-design-disney-minnie-per-ragazze\/#breadcrumb"},"inLanguage":"it-IT","potentialAction":[{"@type":"ReadAction","target":["https:\/\/ryfi.online\/it\/prodotto\/t-shirt-con-design-disney-minnie-per-ragazze\/"]}]},{"@type":"ImageObject","inLanguage":"it-IT","@id":"https:\/\/ryfi.online\/it\/prodotto\/t-shirt-con-design-disney-minnie-per-ragazze\/#primaryimage","url":"https:\/\/ryfi.online\/wp-content\/uploads\/2021\/06\/ET1119_REF1.jpg","contentUrl":"https:\/\/ryfi.online\/wp-content\/uploads\/2021\/06\/ET1119_REF1.jpg","width":2082,"height":2240,"caption":"Maglietta di Minnie"},{"@type":"BreadcrumbList","@id":"https:\/\/ryfi.online\/it\/prodotto\/t-shirt-con-design-disney-minnie-per-ragazze\/#breadcrumb","itemListElement":[{"@type":"ListItem","position":1,"name":"Home","item":"https:\/\/ryfi.online\/it\/"},{"@type":"ListItem","position":2,"name":"Free and Fast Shipping whitin 1-3 Days!!!","item":"https:\/\/ryfi.online\/shop\/"},{"@type":"ListItem","position":3,"name":"Maglietta Disney Minnie Mouse per ragazze ET1119"}]},{"@type":"WebSite","@id":"https:\/\/ryfi.online\/it\/#website","url":"https:\/\/ryfi.online\/it\/","name":"Ryfi Online Store","description":"Online Store","publisher":{"@id":"https:\/\/ryfi.online\/it\/#organization"},"potentialAction":[{"@type":"SearchAction","target":{"@type":"EntryPoint","urlTemplate":"https:\/\/ryfi.online\/it\/?s={search_term_string}"},"query-input":{"@type":"PropertyValueSpecification","valueRequired":true,"valueName":"search_term_string"}}],"inLanguage":"it-IT"},{"@type":"Organization","@id":"https:\/\/ryfi.online\/it\/#organization","name":"Ryan Future Investments LLC","url":"https:\/\/ryfi.online\/it\/","logo":{"@type":"ImageObject","inLanguage":"it-IT","@id":"https:\/\/ryfi.online\/it\/#\/schema\/logo\/image\/","url":"https:\/\/ryfi.online\/wp-content\/uploads\/2021\/03\/2-03.png","contentUrl":"https:\/\/ryfi.online\/wp-content\/uploads\/2021\/03\/2-03.png","width":1010,"height":310,"caption":"Ryan Future Investments LLC"},"image":{"@id":"https:\/\/ryfi.online\/it\/#\/schema\/logo\/image\/"},"sameAs":["https:\/\/www.facebook.com\/ryfi.online\/"]}]},"product_brand":"Maglietta per ragazzi","og_availability":"instock","product_availability":"instock","product_condition":"new"},"jetpack-related-posts":[{"id":4911,"url":"https:\/\/ryfi.online\/it\/prodotto\/t-shirt-cartone-animato-di-disney-minnie-per-ragazze\/","url_meta":{"origin":6115,"position":0},"title":"Maglietta Disney Minnie Cartoon per ragazze ET1137","date":"Luglio 26, 2021","format":false,"excerpt":"Spedizione gratuita e sicura in 1-3 giorni lavorativi","rel":"","context":"Articolo simile","img":{"alt_text":"Maglietta Minni","src":"https:\/\/i0.wp.com\/ryfi.online\/wp-content\/uploads\/2021\/07\/et1137.jpg?resize=350%2C200&ssl=1","width":350,"height":200},"classes":[]},{"id":9154,"url":"https:\/\/ryfi.online\/it\/prodotto\/t-shirt-maniche-corte-minnie-ev1081\/","url_meta":{"origin":6115,"position":1},"title":"T-shirt Minnie manica corta per ragazze EV1081","date":"Aprile 30, 2022","format":false,"excerpt":"Spedizione veloce e sicura in 1-3 giorni lavorativi","rel":"","context":"Articolo simile","img":{"alt_text":"Maglietta Minni","src":"https:\/\/i0.wp.com\/ryfi.online\/wp-content\/uploads\/2022\/04\/ev1081.jpg?resize=350%2C200&ssl=1","width":350,"height":200},"classes":[]},{"id":9155,"url":"https:\/\/ryfi.online\/it\/prodotto\/set-minnie-ev1079\/","url_meta":{"origin":6115,"position":2},"title":"Set Minnie per ragazze EV1079","date":"Aprile 30, 2022","format":false,"excerpt":"Spedizione veloce e sicura in 1-3 giorni lavorativi","rel":"","context":"Articolo simile","img":{"alt_text":"Set Minni","src":"https:\/\/i0.wp.com\/ryfi.online\/wp-content\/uploads\/2022\/04\/ev1079.jpg?resize=350%2C200&ssl=1","width":350,"height":200},"classes":[]},{"id":5208,"url":"https:\/\/ryfi.online\/it\/prodotto\/3-disney-minnie-bambine-100-slip-cotone-2-3-anni\/","url_meta":{"origin":6115,"position":3},"title":"Set 3 slip Disney Minnie 100% cotone 2\u20133 anni UE3000","date":"Luglio 5, 2021","format":false,"excerpt":"Spedizione gratuita 1-3 giorni Reso gratuito","rel":"","context":"Articolo simile","img":{"alt_text":"Set 3 calzoncillos Minnie -1","src":"https:\/\/i0.wp.com\/ryfi.online\/wp-content\/uploads\/2021\/07\/ue3000.23y.e00-scaled.jpg?resize=350%2C200&ssl=1","width":350,"height":200},"classes":[]},{"id":6118,"url":"https:\/\/ryfi.online\/it\/prodotto\/t-shirt-con-design-disney-congelato-per-ragazze\/","url_meta":{"origin":6115,"position":4},"title":"Maglietta Disney Frozen da bambina","date":"Giugno 9, 2021","format":false,"excerpt":"Spedizione gratuita 1-3 giorni lavorativi Reso gratuito","rel":"","context":"Articolo simile","img":{"alt_text":"Maglietta Disney Frozen","src":"https:\/\/i0.wp.com\/ryfi.online\/wp-content\/uploads\/2021\/06\/ET1222_WH.jpg?resize=350%2C200&ssl=1","width":350,"height":200},"classes":[]},{"id":9351,"url":"https:\/\/ryfi.online\/it\/prodotto\/t-shirt-principessa-disney-se1126\/","url_meta":{"origin":6115,"position":5},"title":"Maglietta Disney Princess per ragazze SE1126","date":"Aprile 29, 2022","format":false,"excerpt":"Spedizione veloce e sicura in 1-3 giorni lavorativi","rel":"","context":"Articolo simile","img":{"alt_text":"Maglietta da principessa","src":"https:\/\/i0.wp.com\/ryfi.online\/wp-content\/uploads\/2022\/04\/se1126.jpg?resize=350%2C200&ssl=1","width":350,"height":200},"classes":[]}],"_links":{"self":[{"href":"https:\/\/ryfi.online\/it\/wp-json\/wp\/v2\/product\/6115","targetHints":{"allow":["GET"]}}],"collection":[{"href":"https:\/\/ryfi.online\/it\/wp-json\/wp\/v2\/product"}],"about":[{"href":"https:\/\/ryfi.online\/it\/wp-json\/wp\/v2\/types\/product"}],"replies":[{"embeddable":true,"href":"https:\/\/ryfi.online\/it\/wp-json\/wp\/v2\/comments?post=6115"}],"wp:featuredmedia":[{"embeddable":true,"href":"https:\/\/ryfi.online\/it\/wp-json\/wp\/v2\/media\/6123"}],"wp:attachment":[{"href":"https:\/\/ryfi.online\/it\/wp-json\/wp\/v2\/media?parent=6115"}],"wp:term":[{"taxonomy":"product_brand","embeddable":true,"href":"https:\/\/ryfi.online\/it\/wp-json\/wp\/v2\/product_brand?post=6115"},{"taxonomy":"product_cat","embeddable":true,"href":"https:\/\/ryfi.online\/it\/wp-json\/wp\/v2\/product_cat?post=6115"},{"taxonomy":"product_tag","embeddable":true,"href":"https:\/\/ryfi.online\/it\/wp-json\/wp\/v2\/product_tag?post=6115"}],"curies":[{"name":"wp","href":"https:\/\/api.w.org\/{rel}","templated":true}]}}