{"id":5996,"date":"2021-06-09T16:19:56","date_gmt":"2021-10-15T15:15:02","guid":{"rendered":"https:\/\/ryfi.online\/product\/warner-bros-batman-boxer-bano-per-ragazzi\/"},"modified":"2022-05-17T14:21:46","modified_gmt":"2022-05-17T14:21:46","slug":"warner-bros-batman-boys-swim-boxer-boxer-shorts","status":"publish","type":"product","link":"https:\/\/ryfi.online\/it\/prodotto\/warner-bros-batman-boys-swim-boxer-boxer-shorts\/","title":{"rendered":"Warner Bros Boys Batman Swim Boxer UE1930"},"content":{"rendered":"<p><span class=\"a-list-item\">\u2705 Costume da bagno Batman Warner Bros per bambino <\/span><\/p>\n<p><span class=\"a-list-item\">\u2705 Colore Nero-Grigio<\/span><\/p>\n<p><span class=\"a-list-item\">\u2705 82% cotone, 18% poliestere<\/span><\/p>\n<p id=\"title\" class=\"a-size-large a-spacing-none\"><span id=\"productTitle\" class=\"a-size-large product-title-word-break\"><span class=\"a-list-item\">\u2705<\/span> Et\u00e0: 4 anni, 6 anni, 8 anni, 10 anni<\/span><\/p>\n<p><span id=\"productTitle\" class=\"a-size-large product-title-word-break\"><span class=\"a-list-item\">\u2705 <\/span> <\/span><\/p>\n","protected":false},"excerpt":{"rendered":"<p>Spedizione veloce e sicura in 1-3 giorni lavorativi<\/p>\n","protected":false},"featured_media":6018,"comment_status":"open","ping_status":"closed","template":"","meta":[],"product_brand":[],"product_cat":[290,245],"product_tag":[],"class_list":{"0":"post-5996","1":"product","2":"type-product","3":"status-publish","4":"has-post-thumbnail","6":"product_cat-costume-da-bagno-it-2","7":"product_cat-mutande","9":"first","10":"instock","11":"featured","12":"taxable","13":"shipping-taxable","14":"purchasable","15":"product-type-variable"},"yoast_head":"<!-- This site is optimized with the Yoast SEO Premium plugin v17.1.2 (Yoast SEO v27.4) - https:\/\/yoast.com\/product\/yoast-seo-premium-wordpress\/ -->\n<title>Batman Boxer Bath per ragazzi - Ryfi Online Store<\/title>\n<meta name=\"description\" content=\"Acquista DC Comics Boxer Swimsuit per Ragazzi nel negozio online Ryfi, Colore Nero-Grigio per Ragazzi (2-4 Anni) online in Spagna al miglior prezzo su ryfi.online. \u2713 Spedizione gratuita.\" \/>\n<meta name=\"robots\" content=\"index, follow, max-snippet:-1, max-image-preview:large, max-video-preview:-1\" \/>\n<link rel=\"canonical\" href=\"https:\/\/ryfi.online\/it\/prodotto\/warner-bros-batman-boys-swim-boxer-boxer-shorts\/\" \/>\n<meta property=\"og:locale\" content=\"it_IT\" \/>\n<meta property=\"og:type\" content=\"article\" \/>\n<meta property=\"og:title\" content=\"Warner Bros Boys Batman Swim Boxer UE1930\" \/>\n<meta property=\"og:description\" content=\"Acquista DC Comics Boxer Swimsuit per Ragazzi nel negozio online Ryfi, Colore Nero-Grigio per Ragazzi (2-4 Anni) online in Spagna al miglior prezzo su ryfi.online. \u2713 Spedizione gratuita.\" \/>\n<meta property=\"og:url\" content=\"https:\/\/ryfi.online\/it\/prodotto\/warner-bros-batman-boys-swim-boxer-boxer-shorts\/\" \/>\n<meta property=\"og:site_name\" content=\"Ryfi Online Store\" \/>\n<meta property=\"article:publisher\" content=\"https:\/\/www.facebook.com\/ryfi.online\/\" \/>\n<meta property=\"article:modified_time\" content=\"2022-05-17T14:21:46+00:00\" \/>\n<meta property=\"og:image\" content=\"https:\/\/ryfi.online\/wp-content\/uploads\/2021\/06\/ue1930.e00-scaled.jpg\" \/>\n\t<meta property=\"og:image:width\" content=\"2560\" \/>\n\t<meta property=\"og:image:height\" content=\"1810\" \/>\n\t<meta property=\"og:image:type\" content=\"image\/jpeg\" \/>\n<meta name=\"twitter:card\" content=\"summary_large_image\" \/>\n<meta name=\"twitter:label1\" content=\"Availability\" \/>\n\t<meta name=\"twitter:data1\" content=\"In stock\" \/>\n<meta property=\"product:brand\" content=\"Costume da bagno\" \/>\n<meta property=\"og:availability\" content=\"instock\" \/>\n<meta property=\"product:availability\" content=\"instock\" \/>\n<meta property=\"product:condition\" content=\"new\" \/>\n<!-- \/ Yoast SEO Premium plugin. -->","yoast_head_json":{"title":"Batman Boxer Bath per ragazzi - Ryfi Online Store","description":"Acquista DC Comics Boxer Swimsuit per Ragazzi nel negozio online Ryfi, Colore Nero-Grigio per Ragazzi (2-4 Anni) online in Spagna al miglior prezzo su ryfi.online. \u2713 Spedizione gratuita.","robots":{"index":"index","follow":"follow","max-snippet":"max-snippet:-1","max-image-preview":"max-image-preview:large","max-video-preview":"max-video-preview:-1"},"canonical":"https:\/\/ryfi.online\/it\/prodotto\/warner-bros-batman-boys-swim-boxer-boxer-shorts\/","og_locale":"it_IT","og_type":"article","og_title":"Warner Bros Boys Batman Swim Boxer UE1930","og_description":"Acquista DC Comics Boxer Swimsuit per Ragazzi nel negozio online Ryfi, Colore Nero-Grigio per Ragazzi (2-4 Anni) online in Spagna al miglior prezzo su ryfi.online. \u2713 Spedizione gratuita.","og_url":"https:\/\/ryfi.online\/it\/prodotto\/warner-bros-batman-boys-swim-boxer-boxer-shorts\/","og_site_name":"Ryfi Online Store","article_publisher":"https:\/\/www.facebook.com\/ryfi.online\/","article_modified_time":"2022-05-17T14:21:46+00:00","og_image":[{"width":2560,"height":1810,"url":"https:\/\/ryfi.online\/wp-content\/uploads\/2021\/06\/ue1930.e00-scaled.jpg","type":"image\/jpeg"}],"twitter_card":"summary_large_image","twitter_misc":{"Availability":"In stock"},"schema":{"@context":"https:\/\/schema.org","@graph":[{"@type":"WebPage","@id":"https:\/\/ryfi.online\/it\/prodotto\/warner-bros-batman-boys-swim-boxer-boxer-shorts\/","url":"https:\/\/ryfi.online\/it\/prodotto\/warner-bros-batman-boys-swim-boxer-boxer-shorts\/","name":"Batman Boxer Bath per ragazzi - Ryfi Online Store","isPartOf":{"@id":"https:\/\/ryfi.online\/it\/#website"},"primaryImageOfPage":{"@id":"https:\/\/ryfi.online\/it\/prodotto\/warner-bros-batman-boys-swim-boxer-boxer-shorts\/#primaryimage"},"image":{"@id":"https:\/\/ryfi.online\/it\/prodotto\/warner-bros-batman-boys-swim-boxer-boxer-shorts\/#primaryimage"},"thumbnailUrl":"https:\/\/ryfi.online\/wp-content\/uploads\/2021\/06\/ue1930.e00-scaled.jpg","datePublished":"2021-10-15T15:15:02+00:00","dateModified":"2022-05-17T14:21:46+00:00","description":"Acquista DC Comics Boxer Swimsuit per Ragazzi nel negozio online Ryfi, Colore Nero-Grigio per Ragazzi (2-4 Anni) online in Spagna al miglior prezzo su ryfi.online. \u2713 Spedizione gratuita.","breadcrumb":{"@id":"https:\/\/ryfi.online\/it\/prodotto\/warner-bros-batman-boys-swim-boxer-boxer-shorts\/#breadcrumb"},"inLanguage":"it-IT","potentialAction":[{"@type":"ReadAction","target":["https:\/\/ryfi.online\/it\/prodotto\/warner-bros-batman-boys-swim-boxer-boxer-shorts\/"]}]},{"@type":"ImageObject","inLanguage":"it-IT","@id":"https:\/\/ryfi.online\/it\/prodotto\/warner-bros-batman-boys-swim-boxer-boxer-shorts\/#primaryimage","url":"https:\/\/ryfi.online\/wp-content\/uploads\/2021\/06\/ue1930.e00-scaled.jpg","contentUrl":"https:\/\/ryfi.online\/wp-content\/uploads\/2021\/06\/ue1930.e00-scaled.jpg","width":2560,"height":1810,"caption":"Costume da bagno Batman Warner Bros"},{"@type":"BreadcrumbList","@id":"https:\/\/ryfi.online\/it\/prodotto\/warner-bros-batman-boys-swim-boxer-boxer-shorts\/#breadcrumb","itemListElement":[{"@type":"ListItem","position":1,"name":"Home","item":"https:\/\/ryfi.online\/it\/"},{"@type":"ListItem","position":2,"name":"Free and Fast Shipping whitin 1-3 Days!!!","item":"https:\/\/ryfi.online\/shop\/"},{"@type":"ListItem","position":3,"name":"Warner Bros Boys Batman Swim Boxer UE1930"}]},{"@type":"WebSite","@id":"https:\/\/ryfi.online\/it\/#website","url":"https:\/\/ryfi.online\/it\/","name":"Ryfi Online Store","description":"Online Store","publisher":{"@id":"https:\/\/ryfi.online\/it\/#organization"},"potentialAction":[{"@type":"SearchAction","target":{"@type":"EntryPoint","urlTemplate":"https:\/\/ryfi.online\/it\/?s={search_term_string}"},"query-input":{"@type":"PropertyValueSpecification","valueRequired":true,"valueName":"search_term_string"}}],"inLanguage":"it-IT"},{"@type":"Organization","@id":"https:\/\/ryfi.online\/it\/#organization","name":"Ryan Future Investments LLC","url":"https:\/\/ryfi.online\/it\/","logo":{"@type":"ImageObject","inLanguage":"it-IT","@id":"https:\/\/ryfi.online\/it\/#\/schema\/logo\/image\/","url":"https:\/\/ryfi.online\/wp-content\/uploads\/2021\/03\/2-03.png","contentUrl":"https:\/\/ryfi.online\/wp-content\/uploads\/2021\/03\/2-03.png","width":1010,"height":310,"caption":"Ryan Future Investments LLC"},"image":{"@id":"https:\/\/ryfi.online\/it\/#\/schema\/logo\/image\/"},"sameAs":["https:\/\/www.facebook.com\/ryfi.online\/"]}]},"product_brand":"Costume da bagno","og_availability":"instock","product_availability":"instock","product_condition":"new"},"jetpack-related-posts":[{"id":1999,"url":"https:\/\/ryfi.online\/product\/bath-boxer-with-batman-design-by-warner-bros-for-boys\/","url_meta":{"origin":5996,"position":0},"title":"Warner Bros Boys Batman Swim Boxer UE1930","date":"Giugno 9, 2021","format":false,"excerpt":"Fast and safe shipping in 1-3 business days","rel":"","context":"Articolo simile","img":{"alt_text":"Bath boxer Warner Bros Batman","src":"https:\/\/i0.wp.com\/ryfi.online\/wp-content\/uploads\/2021\/06\/ue1930.e00-scaled.jpg?resize=350%2C200&ssl=1","width":350,"height":200},"classes":[]},{"id":5995,"url":"https:\/\/ryfi.online\/de\/produkt\/warner-bros-batman-boys-swim-boxer-boxer-shorts\/","url_meta":{"origin":5996,"position":1},"title":"Warner Bros. Batman Boxershorts f\u00fcr Kinder UE1930","date":"Giugno 9, 2021","format":false,"excerpt":"Schneller und sicherer Versand in 1-3 Werktagen","rel":"","context":"Articolo simile","img":{"alt_text":"Warner Bros Batman-Badehose","src":"https:\/\/i0.wp.com\/ryfi.online\/wp-content\/uploads\/2021\/06\/ue1930.e00-scaled.jpg?resize=350%2C200&ssl=1","width":350,"height":200},"classes":[]},{"id":5156,"url":"https:\/\/ryfi.online\/it\/prodotto\/set-3-batman-100-slip-cotone-bambino-4-5-anni\/","url_meta":{"origin":5996,"position":2},"title":"Set 3 slip Batman 100% cotone per bambino 4\u20135 anni UE8088","date":"Luglio 5, 2021","format":false,"excerpt":"Spedizione gratuita 1-3 giorni Reso gratuito","rel":"","context":"Articolo simile","img":{"alt_text":"","src":"https:\/\/i0.wp.com\/ryfi.online\/wp-content\/uploads\/2021\/07\/ue8088.45y.e00-scaled.jpg?resize=350%2C200&ssl=1","width":350,"height":200},"classes":[]},{"id":11978,"url":"https:\/\/ryfi.online\/ro\/produs\/warner-bros-batman-boys-swim-boxer-boxer-shorts\/","url_meta":{"origin":5996,"position":3},"title":"Boxer de \u00eenot Batman pentru b\u0103ie\u021bi Warner Bros UE1930","date":"Giugno 9, 2021","format":false,"excerpt":"Livrare rapid\u0103 \u0219i sigur\u0103 \u00een 1-3 zile lucr\u0103toare","rel":"","context":"Articolo simile","img":{"alt_text":"Trunchi de baie Warner Bros Batman","src":"https:\/\/i0.wp.com\/ryfi.online\/wp-content\/uploads\/2021\/06\/ue1930.e00-scaled.jpg?resize=350%2C200&ssl=1","width":350,"height":200},"classes":[]},{"id":6101,"url":"https:\/\/ryfi.online\/fr\/produit\/warner-bros-batman-boys-swim-boxer-boxer-shorts\/","url_meta":{"origin":5996,"position":4},"title":"Warner Bros Boys Batman Boxer de bain UE1930","date":"Giugno 9, 2021","format":false,"excerpt":"Exp\u00e9dition rapide et s\u00fbre en 1-3 jours ouvrables","rel":"","context":"Articolo simile","img":{"alt_text":"Maillot de bain Warner Bros Batman","src":"https:\/\/i0.wp.com\/ryfi.online\/wp-content\/uploads\/2021\/06\/ue1930.e00-scaled.jpg?resize=350%2C200&ssl=1","width":350,"height":200},"classes":[]},{"id":1424,"url":"https:\/\/ryfi.online\/es\/producto\/boxer-bano-con-diseno-de-batman-de-warner-bros-para-ninos\/","url_meta":{"origin":5996,"position":5},"title":"Boxer Ba\u00f1o con dise\u00f1o de Batman de Warner Bros para ni\u00f1os UE1930","date":"Giugno 9, 2021","format":false,"excerpt":"Env\u00edo rapido y seguro en 1-3 dias laborales","rel":"","context":"Articolo simile","img":{"alt_text":"Boxer bano Warner Bros Batman","src":"https:\/\/i0.wp.com\/ryfi.online\/wp-content\/uploads\/2021\/06\/ue1930.e00-scaled.jpg?resize=350%2C200&ssl=1","width":350,"height":200},"classes":[]}],"_links":{"self":[{"href":"https:\/\/ryfi.online\/it\/wp-json\/wp\/v2\/product\/5996","targetHints":{"allow":["GET"]}}],"collection":[{"href":"https:\/\/ryfi.online\/it\/wp-json\/wp\/v2\/product"}],"about":[{"href":"https:\/\/ryfi.online\/it\/wp-json\/wp\/v2\/types\/product"}],"replies":[{"embeddable":true,"href":"https:\/\/ryfi.online\/it\/wp-json\/wp\/v2\/comments?post=5996"}],"wp:featuredmedia":[{"embeddable":true,"href":"https:\/\/ryfi.online\/it\/wp-json\/wp\/v2\/media\/6018"}],"wp:attachment":[{"href":"https:\/\/ryfi.online\/it\/wp-json\/wp\/v2\/media?parent=5996"}],"wp:term":[{"taxonomy":"product_brand","embeddable":true,"href":"https:\/\/ryfi.online\/it\/wp-json\/wp\/v2\/product_brand?post=5996"},{"taxonomy":"product_cat","embeddable":true,"href":"https:\/\/ryfi.online\/it\/wp-json\/wp\/v2\/product_cat?post=5996"},{"taxonomy":"product_tag","embeddable":true,"href":"https:\/\/ryfi.online\/it\/wp-json\/wp\/v2\/product_tag?post=5996"}],"curies":[{"name":"wp","href":"https:\/\/api.w.org\/{rel}","templated":true}]}}