{"id":5762,"date":"2021-06-09T15:40:07","date_gmt":"2021-10-15T15:14:38","guid":{"rendered":"https:\/\/ryfi.online\/product\/nickelodeon-kids-paw-patrol-berretto-da-baseball\/"},"modified":"2022-05-17T14:41:40","modified_gmt":"2022-05-17T14:41:40","slug":"cappellino-da-baseball-per-bambini-nickelodeon-paw-patrol-design","status":"publish","type":"product","link":"https:\/\/ryfi.online\/it\/prodotto\/cappellino-da-baseball-per-bambini-nickelodeon-paw-patrol-design\/","title":{"rendered":"Cappello da baseball da bambino Nickelodeon Paw Patrol UE4157"},"content":{"rendered":"<p>Come regalo di compleanno, a Pasqua o semplicemente cos\u00ec. Con il bellissimo cappellino, di Paw Patrol, non puoi sbagliare! Il Cappy \u00e8 100% cotone e 100% poliestere. C&#8217;\u00e8 una chiusura in velcro sul retro per una perfetta vestibilit\u00e0 con teste piccole per il massimo comfort. La fattura \u00e8 ottima e i colori molto forti. Il berretto con visiera \u00e8 l&#8217;ideale per una passeggiata al sole, una giornata in piscina o per le vacanze. Quindi le teste dei pi\u00f9 piccoli sono ben protette dal sole cocente. Il coperchio \u00e8 lavabile in lavatrice a 30\u00b0C, per una lunga durata, ma si consiglia il lavaggio a mano. Con questo cappuccio gli occhi dei bambini iniziano a brillare!<\/p>\n<p><span class=\"a-list-item\">\u2705 Berretto da baseball per bambini Nickelodeon Paw Patrol con retro regolabile<\/span><\/p>\n<p><span class=\"a-list-item\">\u2705 Colore Rosso-Giallo con cartoni di Chase, Marshal, Rubble<\/span><\/p>\n<p><span class=\"a-list-item\">\u2705 80% cotone, 20% poliestere<\/span><\/p>\n<p id=\"title\" class=\"a-size-large a-spacing-none\"><span id=\"productTitle\" class=\"a-size-large product-title-word-break\"><span class=\"a-list-item\">\u2705<\/span> Regolabile da 3 a 8 anni <\/span><\/p>\n<p><span id=\"productTitle\" class=\"a-size-large product-title-word-break\"><span class=\"a-list-item\">\u2705 52-54 cm<\/span> <\/span><\/p>\n","protected":false},"excerpt":{"rendered":"<p>Env\u00edo gratuito en 1-3 d\u00edas laborales<\/p>\n","protected":false},"featured_media":5793,"comment_status":"open","ping_status":"closed","template":"","meta":[],"product_brand":[],"product_cat":[258],"product_tag":[],"class_list":{"0":"post-5762","1":"product","2":"type-product","3":"status-publish","4":"has-post-thumbnail","6":"product_cat-cappellini-per-bambini","8":"first","9":"instock","10":"featured","11":"taxable","12":"shipping-taxable","13":"purchasable","14":"product-type-variable"},"yoast_head":"<!-- This site is optimized with the Yoast SEO Premium plugin v17.1.2 (Yoast SEO v27.4) - https:\/\/yoast.com\/product\/yoast-seo-premium-wordpress\/ -->\n<title>Cappellino da baseball per bambini Nickelodeon Paw Patrol | cappelli da baseball per bambini<\/title>\n<meta name=\"description\" content=\"Il negozio online Ryfi offre il miglior servizio di consegna online in Spagna. Ordina online cappellini da baseball per bambini a un prezzo molto ragionevole.\" \/>\n<meta name=\"robots\" content=\"index, follow, max-snippet:-1, max-image-preview:large, max-video-preview:-1\" \/>\n<link rel=\"canonical\" href=\"https:\/\/ryfi.online\/it\/prodotto\/cappellino-da-baseball-per-bambini-nickelodeon-paw-patrol-design\/\" \/>\n<meta property=\"og:locale\" content=\"it_IT\" \/>\n<meta property=\"og:type\" content=\"article\" \/>\n<meta property=\"og:title\" content=\"Cappello da baseball da bambino Nickelodeon Paw Patrol UE4157\" \/>\n<meta property=\"og:description\" content=\"Il negozio online Ryfi offre il miglior servizio di consegna online in Spagna. Ordina online cappellini da baseball per bambini a un prezzo molto ragionevole.\" \/>\n<meta property=\"og:url\" content=\"https:\/\/ryfi.online\/it\/prodotto\/cappellino-da-baseball-per-bambini-nickelodeon-paw-patrol-design\/\" \/>\n<meta property=\"og:site_name\" content=\"Ryfi Online Store\" \/>\n<meta property=\"article:publisher\" content=\"https:\/\/www.facebook.com\/ryfi.online\/\" \/>\n<meta property=\"article:modified_time\" content=\"2022-05-17T14:41:40+00:00\" \/>\n<meta property=\"og:image\" content=\"https:\/\/ryfi.online\/wp-content\/uploads\/2021\/06\/ue4157_ye.jpg\" \/>\n\t<meta property=\"og:image:width\" content=\"800\" \/>\n\t<meta property=\"og:image:height\" content=\"1200\" \/>\n\t<meta property=\"og:image:type\" content=\"image\/jpeg\" \/>\n<meta name=\"twitter:card\" content=\"summary_large_image\" \/>\n<meta name=\"twitter:label1\" content=\"Availability\" \/>\n\t<meta name=\"twitter:data1\" content=\"In stock\" \/>\n<meta property=\"product:brand\" content=\"Cappellini per bambini\" \/>\n<meta property=\"og:availability\" content=\"instock\" \/>\n<meta property=\"product:availability\" content=\"instock\" \/>\n<meta property=\"product:condition\" content=\"new\" \/>\n<!-- \/ Yoast SEO Premium plugin. -->","yoast_head_json":{"title":"Cappellino da baseball per bambini Nickelodeon Paw Patrol | cappelli da baseball per bambini","description":"Il negozio online Ryfi offre il miglior servizio di consegna online in Spagna. Ordina online cappellini da baseball per bambini a un prezzo molto ragionevole.","robots":{"index":"index","follow":"follow","max-snippet":"max-snippet:-1","max-image-preview":"max-image-preview:large","max-video-preview":"max-video-preview:-1"},"canonical":"https:\/\/ryfi.online\/it\/prodotto\/cappellino-da-baseball-per-bambini-nickelodeon-paw-patrol-design\/","og_locale":"it_IT","og_type":"article","og_title":"Cappello da baseball da bambino Nickelodeon Paw Patrol UE4157","og_description":"Il negozio online Ryfi offre il miglior servizio di consegna online in Spagna. Ordina online cappellini da baseball per bambini a un prezzo molto ragionevole.","og_url":"https:\/\/ryfi.online\/it\/prodotto\/cappellino-da-baseball-per-bambini-nickelodeon-paw-patrol-design\/","og_site_name":"Ryfi Online Store","article_publisher":"https:\/\/www.facebook.com\/ryfi.online\/","article_modified_time":"2022-05-17T14:41:40+00:00","og_image":[{"width":800,"height":1200,"url":"https:\/\/ryfi.online\/wp-content\/uploads\/2021\/06\/ue4157_ye.jpg","type":"image\/jpeg"}],"twitter_card":"summary_large_image","twitter_misc":{"Availability":"In stock"},"schema":{"@context":"https:\/\/schema.org","@graph":[{"@type":"WebPage","@id":"https:\/\/ryfi.online\/it\/prodotto\/cappellino-da-baseball-per-bambini-nickelodeon-paw-patrol-design\/","url":"https:\/\/ryfi.online\/it\/prodotto\/cappellino-da-baseball-per-bambini-nickelodeon-paw-patrol-design\/","name":"Cappellino da baseball per bambini Nickelodeon Paw Patrol | cappelli da baseball per bambini","isPartOf":{"@id":"https:\/\/ryfi.online\/it\/#website"},"primaryImageOfPage":{"@id":"https:\/\/ryfi.online\/it\/prodotto\/cappellino-da-baseball-per-bambini-nickelodeon-paw-patrol-design\/#primaryimage"},"image":{"@id":"https:\/\/ryfi.online\/it\/prodotto\/cappellino-da-baseball-per-bambini-nickelodeon-paw-patrol-design\/#primaryimage"},"thumbnailUrl":"https:\/\/ryfi.online\/wp-content\/uploads\/2021\/06\/ue4157_ye.jpg","datePublished":"2021-10-15T15:14:38+00:00","dateModified":"2022-05-17T14:41:40+00:00","description":"Il negozio online Ryfi offre il miglior servizio di consegna online in Spagna. Ordina online cappellini da baseball per bambini a un prezzo molto ragionevole.","breadcrumb":{"@id":"https:\/\/ryfi.online\/it\/prodotto\/cappellino-da-baseball-per-bambini-nickelodeon-paw-patrol-design\/#breadcrumb"},"inLanguage":"it-IT","potentialAction":[{"@type":"ReadAction","target":["https:\/\/ryfi.online\/it\/prodotto\/cappellino-da-baseball-per-bambini-nickelodeon-paw-patrol-design\/"]}]},{"@type":"ImageObject","inLanguage":"it-IT","@id":"https:\/\/ryfi.online\/it\/prodotto\/cappellino-da-baseball-per-bambini-nickelodeon-paw-patrol-design\/#primaryimage","url":"https:\/\/ryfi.online\/wp-content\/uploads\/2021\/06\/ue4157_ye.jpg","contentUrl":"https:\/\/ryfi.online\/wp-content\/uploads\/2021\/06\/ue4157_ye.jpg","width":800,"height":1200,"caption":"Cappellino Nickelodeon Paw Patrol"},{"@type":"BreadcrumbList","@id":"https:\/\/ryfi.online\/it\/prodotto\/cappellino-da-baseball-per-bambini-nickelodeon-paw-patrol-design\/#breadcrumb","itemListElement":[{"@type":"ListItem","position":1,"name":"Home","item":"https:\/\/ryfi.online\/it\/"},{"@type":"ListItem","position":2,"name":"Free and Fast Shipping whitin 1-3 Days!!!","item":"https:\/\/ryfi.online\/shop\/"},{"@type":"ListItem","position":3,"name":"Cappello da baseball da bambino Nickelodeon Paw Patrol UE4157"}]},{"@type":"WebSite","@id":"https:\/\/ryfi.online\/it\/#website","url":"https:\/\/ryfi.online\/it\/","name":"Ryfi Online Store","description":"Online Store","publisher":{"@id":"https:\/\/ryfi.online\/it\/#organization"},"potentialAction":[{"@type":"SearchAction","target":{"@type":"EntryPoint","urlTemplate":"https:\/\/ryfi.online\/it\/?s={search_term_string}"},"query-input":{"@type":"PropertyValueSpecification","valueRequired":true,"valueName":"search_term_string"}}],"inLanguage":"it-IT"},{"@type":"Organization","@id":"https:\/\/ryfi.online\/it\/#organization","name":"Ryan Future Investments LLC","url":"https:\/\/ryfi.online\/it\/","logo":{"@type":"ImageObject","inLanguage":"it-IT","@id":"https:\/\/ryfi.online\/it\/#\/schema\/logo\/image\/","url":"https:\/\/ryfi.online\/wp-content\/uploads\/2021\/03\/2-03.png","contentUrl":"https:\/\/ryfi.online\/wp-content\/uploads\/2021\/03\/2-03.png","width":1010,"height":310,"caption":"Ryan Future Investments LLC"},"image":{"@id":"https:\/\/ryfi.online\/it\/#\/schema\/logo\/image\/"},"sameAs":["https:\/\/www.facebook.com\/ryfi.online\/"]}]},"product_brand":"Cappellini per bambini","og_availability":"instock","product_availability":"instock","product_condition":"new"},"jetpack-related-posts":[{"id":5293,"url":"https:\/\/ryfi.online\/it\/prodotto\/nickelodeon-paw-patrol-pattern-berretto-da-baseball-per-ragazze\/","url_meta":{"origin":5762,"position":0},"title":"Berretto da baseball da bambina Nickelodeon Paw Patrol UE4205","date":"Giugno 16, 2021","format":false,"excerpt":"Spedizione gratuita 1-3 giorni lavorativi Reso gratuito","rel":"","context":"Articolo simile","img":{"alt_text":"Cappello di pattuglia della zampa","src":"https:\/\/i0.wp.com\/ryfi.online\/wp-content\/uploads\/2021\/06\/ue4205_pi.jpg?resize=350%2C200&ssl=1","width":350,"height":200},"classes":[]},{"id":5316,"url":"https:\/\/ryfi.online\/it\/prodotto\/cappellino-da-baseball-con-motivo-batman-per-bambini\/","url_meta":{"origin":5762,"position":1},"title":"Berretto da baseball da bambino Batman Design UE4224","date":"Giugno 16, 2021","format":false,"excerpt":"Spedizione gratuita 1-3 giorni lavorativi Reso gratuito","rel":"","context":"Articolo simile","img":{"alt_text":"berretto batman","src":"https:\/\/i0.wp.com\/ryfi.online\/wp-content\/uploads\/2021\/06\/ue4224_bk.jpg?resize=350%2C200&ssl=1","width":350,"height":200},"classes":[]},{"id":5692,"url":"https:\/\/ryfi.online\/it\/prodotto\/berretto-da-ball-con-marvel-avengers-design-per-bambini\/","url_meta":{"origin":5762,"position":2},"title":"Berretto da baseball per ragazzi Marvel Avengers","date":"Giugno 9, 2021","format":false,"excerpt":"Env\u00edo gratuito en 1-3 d\u00edas laborales","rel":"","context":"Articolo simile","img":{"alt_text":"Avengers Cap Marvel","src":"https:\/\/i0.wp.com\/ryfi.online\/wp-content\/uploads\/2021\/06\/et4174_bl-1.jpg?resize=350%2C200&ssl=1","width":350,"height":200},"classes":[]},{"id":5765,"url":"https:\/\/ryfi.online\/it\/prodotto\/cappellino-da-baseball-con-motivo-disney-topolino-per-bambini\/","url_meta":{"origin":5762,"position":3},"title":"Berretto da baseball da bambino Disney Mickey Design UE4176","date":"Giugno 9, 2021","format":false,"excerpt":"Env\u00edo gratuito en 1-3 d\u00edas laborales","rel":"","context":"Articolo simile","img":{"alt_text":"Cappello di Topolino Disney","src":"https:\/\/i0.wp.com\/ryfi.online\/wp-content\/uploads\/2021\/06\/ue4176_lna.jpg?resize=350%2C200&ssl=1","width":350,"height":200},"classes":[]},{"id":5657,"url":"https:\/\/ryfi.online\/it\/prodotto\/cappellino-da-baseball-fantasia-bambini-marvel-spider-man\/","url_meta":{"origin":5762,"position":4},"title":"Berretto da baseball per ragazzi Marvel Spiderman","date":"Giugno 9, 2021","format":false,"excerpt":"Env\u00edo gratuito en 1-3 d\u00edas laborales","rel":"","context":"Articolo simile","img":{"alt_text":"Cappello Marvel Spiderman","src":"https:\/\/i0.wp.com\/ryfi.online\/wp-content\/uploads\/2021\/06\/et4022_bk.jpg?resize=350%2C200&ssl=1","width":350,"height":200},"classes":[]},{"id":9535,"url":"https:\/\/ryfi.online\/it\/prodotto\/cap-minion\/","url_meta":{"origin":5762,"position":5},"title":"Berretto Minion EP4341","date":"Aprile 27, 2022","format":false,"excerpt":"Spedizione veloce e sicura in 1-3 giorni lavorativi Reso gratuito","rel":"","context":"Articolo simile","img":{"alt_text":"Cappello da minion giallo","src":"https:\/\/i0.wp.com\/ryfi.online\/wp-content\/uploads\/2022\/04\/ep4341_ye.jpg?resize=350%2C200&ssl=1","width":350,"height":200},"classes":[]}],"_links":{"self":[{"href":"https:\/\/ryfi.online\/it\/wp-json\/wp\/v2\/product\/5762","targetHints":{"allow":["GET"]}}],"collection":[{"href":"https:\/\/ryfi.online\/it\/wp-json\/wp\/v2\/product"}],"about":[{"href":"https:\/\/ryfi.online\/it\/wp-json\/wp\/v2\/types\/product"}],"replies":[{"embeddable":true,"href":"https:\/\/ryfi.online\/it\/wp-json\/wp\/v2\/comments?post=5762"}],"wp:featuredmedia":[{"embeddable":true,"href":"https:\/\/ryfi.online\/it\/wp-json\/wp\/v2\/media\/5793"}],"wp:attachment":[{"href":"https:\/\/ryfi.online\/it\/wp-json\/wp\/v2\/media?parent=5762"}],"wp:term":[{"taxonomy":"product_brand","embeddable":true,"href":"https:\/\/ryfi.online\/it\/wp-json\/wp\/v2\/product_brand?post=5762"},{"taxonomy":"product_cat","embeddable":true,"href":"https:\/\/ryfi.online\/it\/wp-json\/wp\/v2\/product_cat?post=5762"},{"taxonomy":"product_tag","embeddable":true,"href":"https:\/\/ryfi.online\/it\/wp-json\/wp\/v2\/product_tag?post=5762"}],"curies":[{"name":"wp","href":"https:\/\/api.w.org\/{rel}","templated":true}]}}