{"id":5656,"date":"2021-06-09T17:07:26","date_gmt":"2021-10-15T15:14:34","guid":{"rendered":"https:\/\/ryfi.online\/product\/set-2-body-neonate-bambine-minnie-disney\/"},"modified":"2022-05-17T13:59:42","modified_gmt":"2022-05-17T13:59:42","slug":"set-2-corpo-bambine-ragazze-minnie-disney","status":"publish","type":"product","link":"https:\/\/ryfi.online\/it\/prodotto\/set-2-corpo-bambine-ragazze-minnie-disney\/","title":{"rendered":"Set 2 Body Neonate-Ragazze Minnie Disney UE0314"},"content":{"rendered":"<p><span class=\"a-list-item\">\u2705 Set 2 body neonato-bambina Minnie Disney<\/span><\/p>\n<p><span class=\"a-list-item\">\u2705 Colore Rosa-Bianco<\/span><\/p>\n<p><span class=\"a-list-item\">\u2705 100% cotone<\/span><\/p>\n<p id=\"title\" class=\"a-size-large a-spacing-none\"><span id=\"productTitle\" class=\"a-size-large product-title-word-break\"><span class=\"a-list-item\">\u2705<\/span> Et\u00e0: 6 mesi, 12 mesi, 18 mesi, 24 mesi<\/span><\/p>\n<p>&nbsp;<\/p>\n","protected":false},"excerpt":{"rendered":"<p>Spedizione gratuita e sicura in 1-3 giorni lavorativi<\/p>\n","protected":false},"featured_media":5684,"comment_status":"open","ping_status":"closed","template":"","meta":[],"product_brand":[],"product_cat":[211,268],"product_tag":[],"class_list":{"0":"post-5656","1":"product","2":"type-product","3":"status-publish","4":"has-post-thumbnail","6":"product_cat-maglietta-per-ragazzi","7":"product_cat-set-2-body-bambina","9":"first","10":"instock","11":"featured","12":"taxable","13":"shipping-taxable","14":"purchasable","15":"product-type-variable"},"yoast_head":"<!-- This site is optimized with the Yoast SEO Premium plugin v17.1.2 (Yoast SEO v27.4) - https:\/\/yoast.com\/product\/yoast-seo-premium-wordpress\/ -->\n<title>Completo da bambina | Body per ragazze Minnie Disney online<\/title>\n<meta name=\"description\" content=\"Il negozio online Ryfi \u00e8 uno dei migliori negozi online in Spagna che offre body per ragazze a un prezzo molto conveniente. Acquista ora!\" \/>\n<meta name=\"robots\" content=\"index, follow, max-snippet:-1, max-image-preview:large, max-video-preview:-1\" \/>\n<link rel=\"canonical\" href=\"https:\/\/ryfi.online\/it\/prodotto\/set-2-corpo-bambine-ragazze-minnie-disney\/\" \/>\n<meta property=\"og:locale\" content=\"it_IT\" \/>\n<meta property=\"og:type\" content=\"article\" \/>\n<meta property=\"og:title\" content=\"Set 2 Body Neonate-Ragazze Minnie Disney UE0314\" \/>\n<meta property=\"og:description\" content=\"Il negozio online Ryfi \u00e8 uno dei migliori negozi online in Spagna che offre body per ragazze a un prezzo molto conveniente. Acquista ora!\" \/>\n<meta property=\"og:url\" content=\"https:\/\/ryfi.online\/it\/prodotto\/set-2-corpo-bambine-ragazze-minnie-disney\/\" \/>\n<meta property=\"og:site_name\" content=\"Ryfi Online Store\" \/>\n<meta property=\"article:publisher\" content=\"https:\/\/www.facebook.com\/ryfi.online\/\" \/>\n<meta property=\"article:modified_time\" content=\"2022-05-17T13:59:42+00:00\" \/>\n<meta property=\"og:image\" content=\"https:\/\/ryfi.online\/wp-content\/uploads\/2021\/06\/UE0314_SET-1.jpg\" \/>\n\t<meta property=\"og:image:width\" content=\"800\" \/>\n\t<meta property=\"og:image:height\" content=\"1200\" \/>\n\t<meta property=\"og:image:type\" content=\"image\/jpeg\" \/>\n<meta name=\"twitter:card\" content=\"summary_large_image\" \/>\n<meta name=\"twitter:label1\" content=\"Availability\" \/>\n\t<meta name=\"twitter:data1\" content=\"In stock\" \/>\n<meta property=\"product:brand\" content=\"Set 2 body bambina\" \/>\n<meta property=\"og:availability\" content=\"instock\" \/>\n<meta property=\"product:availability\" content=\"instock\" \/>\n<meta property=\"product:condition\" content=\"new\" \/>\n<!-- \/ Yoast SEO Premium plugin. -->","yoast_head_json":{"title":"Completo da bambina | Body per ragazze Minnie Disney online","description":"Il negozio online Ryfi \u00e8 uno dei migliori negozi online in Spagna che offre body per ragazze a un prezzo molto conveniente. Acquista ora!","robots":{"index":"index","follow":"follow","max-snippet":"max-snippet:-1","max-image-preview":"max-image-preview:large","max-video-preview":"max-video-preview:-1"},"canonical":"https:\/\/ryfi.online\/it\/prodotto\/set-2-corpo-bambine-ragazze-minnie-disney\/","og_locale":"it_IT","og_type":"article","og_title":"Set 2 Body Neonate-Ragazze Minnie Disney UE0314","og_description":"Il negozio online Ryfi \u00e8 uno dei migliori negozi online in Spagna che offre body per ragazze a un prezzo molto conveniente. Acquista ora!","og_url":"https:\/\/ryfi.online\/it\/prodotto\/set-2-corpo-bambine-ragazze-minnie-disney\/","og_site_name":"Ryfi Online Store","article_publisher":"https:\/\/www.facebook.com\/ryfi.online\/","article_modified_time":"2022-05-17T13:59:42+00:00","og_image":[{"width":800,"height":1200,"url":"https:\/\/ryfi.online\/wp-content\/uploads\/2021\/06\/UE0314_SET-1.jpg","type":"image\/jpeg"}],"twitter_card":"summary_large_image","twitter_misc":{"Availability":"In stock"},"schema":{"@context":"https:\/\/schema.org","@graph":[{"@type":"WebPage","@id":"https:\/\/ryfi.online\/it\/prodotto\/set-2-corpo-bambine-ragazze-minnie-disney\/","url":"https:\/\/ryfi.online\/it\/prodotto\/set-2-corpo-bambine-ragazze-minnie-disney\/","name":"Completo da bambina | Body per ragazze Minnie Disney online","isPartOf":{"@id":"https:\/\/ryfi.online\/it\/#website"},"primaryImageOfPage":{"@id":"https:\/\/ryfi.online\/it\/prodotto\/set-2-corpo-bambine-ragazze-minnie-disney\/#primaryimage"},"image":{"@id":"https:\/\/ryfi.online\/it\/prodotto\/set-2-corpo-bambine-ragazze-minnie-disney\/#primaryimage"},"thumbnailUrl":"https:\/\/ryfi.online\/wp-content\/uploads\/2021\/06\/UE0314_SET-1.jpg","datePublished":"2021-10-15T15:14:34+00:00","dateModified":"2022-05-17T13:59:42+00:00","description":"Il negozio online Ryfi \u00e8 uno dei migliori negozi online in Spagna che offre body per ragazze a un prezzo molto conveniente. Acquista ora!","breadcrumb":{"@id":"https:\/\/ryfi.online\/it\/prodotto\/set-2-corpo-bambine-ragazze-minnie-disney\/#breadcrumb"},"inLanguage":"it-IT","potentialAction":[{"@type":"ReadAction","target":["https:\/\/ryfi.online\/it\/prodotto\/set-2-corpo-bambine-ragazze-minnie-disney\/"]}]},{"@type":"ImageObject","inLanguage":"it-IT","@id":"https:\/\/ryfi.online\/it\/prodotto\/set-2-corpo-bambine-ragazze-minnie-disney\/#primaryimage","url":"https:\/\/ryfi.online\/wp-content\/uploads\/2021\/06\/UE0314_SET-1.jpg","contentUrl":"https:\/\/ryfi.online\/wp-content\/uploads\/2021\/06\/UE0314_SET-1.jpg","width":800,"height":1200,"caption":"Set 2 body per neonata Minnie Disney"},{"@type":"BreadcrumbList","@id":"https:\/\/ryfi.online\/it\/prodotto\/set-2-corpo-bambine-ragazze-minnie-disney\/#breadcrumb","itemListElement":[{"@type":"ListItem","position":1,"name":"Home","item":"https:\/\/ryfi.online\/it\/"},{"@type":"ListItem","position":2,"name":"Free and Fast Shipping whitin 1-3 Days!!!","item":"https:\/\/ryfi.online\/shop\/"},{"@type":"ListItem","position":3,"name":"Set 2 Body Neonate-Ragazze Minnie Disney UE0314"}]},{"@type":"WebSite","@id":"https:\/\/ryfi.online\/it\/#website","url":"https:\/\/ryfi.online\/it\/","name":"Ryfi Online Store","description":"Online Store","publisher":{"@id":"https:\/\/ryfi.online\/it\/#organization"},"potentialAction":[{"@type":"SearchAction","target":{"@type":"EntryPoint","urlTemplate":"https:\/\/ryfi.online\/it\/?s={search_term_string}"},"query-input":{"@type":"PropertyValueSpecification","valueRequired":true,"valueName":"search_term_string"}}],"inLanguage":"it-IT"},{"@type":"Organization","@id":"https:\/\/ryfi.online\/it\/#organization","name":"Ryan Future Investments LLC","url":"https:\/\/ryfi.online\/it\/","logo":{"@type":"ImageObject","inLanguage":"it-IT","@id":"https:\/\/ryfi.online\/it\/#\/schema\/logo\/image\/","url":"https:\/\/ryfi.online\/wp-content\/uploads\/2021\/03\/2-03.png","contentUrl":"https:\/\/ryfi.online\/wp-content\/uploads\/2021\/03\/2-03.png","width":1010,"height":310,"caption":"Ryan Future Investments LLC"},"image":{"@id":"https:\/\/ryfi.online\/it\/#\/schema\/logo\/image\/"},"sameAs":["https:\/\/www.facebook.com\/ryfi.online\/"]}]},"product_brand":"Set 2 body bambina","og_availability":"instock","product_availability":"instock","product_condition":"new"},"jetpack-related-posts":[{"id":5388,"url":"https:\/\/ryfi.online\/it\/prodotto\/ragazzi-nickelodeon-paw-patrol-design-bagno-boxer\/","url_meta":{"origin":5656,"position":0},"title":"Boxer da bagno Nickelodeon Paw Patrol da ragazzo","date":"Giugno 16, 2021","format":false,"excerpt":"Spedizione gratuita 1-3 giorni lavorativi Reso gratuito","rel":"","context":"Articolo simile","img":{"alt_text":"Costume da bagno Paw Patrol","src":"https:\/\/i0.wp.com\/ryfi.online\/wp-content\/uploads\/2021\/06\/ue0102_lna.jpg?resize=350%2C200&ssl=1","width":350,"height":200},"classes":[]},{"id":5653,"url":"https:\/\/ryfi.online\/de\/produkt\/set-2-body-babys-girls-minnie-disney\/","url_meta":{"origin":5656,"position":1},"title":"Set 2 Body Babys-M\u00e4dchen Minnie Disney UE0314","date":"Giugno 9, 2021","format":false,"excerpt":"Kostenloser und sicherer Versand in 1-3 Werktagen","rel":"","context":"Articolo simile","img":{"alt_text":"Set 2 bodys f\u00fcr babys-m\u00e4dchen Minnie Disney","src":"https:\/\/i0.wp.com\/ryfi.online\/wp-content\/uploads\/2021\/06\/UE0314_SET-1.jpg?resize=350%2C200&ssl=1","width":350,"height":200},"classes":[]},{"id":1983,"url":"https:\/\/ryfi.online\/product\/set-2-body-babies-girls-minnie-disney\/","url_meta":{"origin":5656,"position":2},"title":"Set 2 Body Babies-Girls Minnie Disney UE0314","date":"Giugno 9, 2021","format":false,"excerpt":"Free and secure shipping in 1-3 business days","rel":"","context":"Articolo simile","img":{"alt_text":"Set 2 body baby-girls Minnie Disney","src":"https:\/\/i0.wp.com\/ryfi.online\/wp-content\/uploads\/2021\/06\/UE0314_SET-1.jpg?resize=350%2C200&ssl=1","width":350,"height":200},"classes":[]},{"id":5648,"url":"https:\/\/ryfi.online\/fr\/produit\/set-2-body-babies-girls-minnie-disney\/","url_meta":{"origin":5656,"position":3},"title":"Set 2 Body B\u00e9b\u00e9s-Filles Minnie Disney UE0314","date":"Giugno 9, 2021","format":false,"excerpt":"Livraison gratuite et s\u00e9curis\u00e9e en 1 \u00e0 3 jours ouvr\u00e9s","rel":"","context":"Articolo simile","img":{"alt_text":"Set 2 bodies b\u00e9b\u00e9s-filles Minnie Disney","src":"https:\/\/i0.wp.com\/ryfi.online\/wp-content\/uploads\/2021\/06\/UE0314_SET-1.jpg?resize=350%2C200&ssl=1","width":350,"height":200},"classes":[]},{"id":11947,"url":"https:\/\/ryfi.online\/ro\/produs\/set-2-corp-bebe-fete-minnie-disney\/","url_meta":{"origin":5656,"position":4},"title":"Set 2 Body Bebe-Fete Minnie Disney UE0314","date":"Giugno 9, 2021","format":false,"excerpt":"Livrare gratuit\u0103 \u0219i sigur\u0103 \u00een 1-3 zile lucr\u0103toare","rel":"","context":"Articolo simile","img":{"alt_text":"Set 2 body pentru bebelusi-fete Minnie Disney","src":"https:\/\/i0.wp.com\/ryfi.online\/wp-content\/uploads\/2021\/06\/UE0314_SET-1.jpg?resize=350%2C200&ssl=1","width":350,"height":200},"classes":[]},{"id":2111,"url":"https:\/\/ryfi.online\/product\/3-disney-minnie-girls-100-cotton-briefs-2-3-years\/","url_meta":{"origin":5656,"position":5},"title":"Set 3 Disney Minnie girls 100% cotton briefs 2\u20133 years UE3000","date":"Luglio 5, 2021","format":false,"excerpt":"Free Shipping 1-3 days Free Return","rel":"","context":"Articolo simile","img":{"alt_text":"Set 3 calzoncillos Minnie -1","src":"https:\/\/i0.wp.com\/ryfi.online\/wp-content\/uploads\/2021\/07\/ue3000.23y.e00-scaled.jpg?resize=350%2C200&ssl=1","width":350,"height":200},"classes":[]}],"_links":{"self":[{"href":"https:\/\/ryfi.online\/it\/wp-json\/wp\/v2\/product\/5656","targetHints":{"allow":["GET"]}}],"collection":[{"href":"https:\/\/ryfi.online\/it\/wp-json\/wp\/v2\/product"}],"about":[{"href":"https:\/\/ryfi.online\/it\/wp-json\/wp\/v2\/types\/product"}],"replies":[{"embeddable":true,"href":"https:\/\/ryfi.online\/it\/wp-json\/wp\/v2\/comments?post=5656"}],"wp:featuredmedia":[{"embeddable":true,"href":"https:\/\/ryfi.online\/it\/wp-json\/wp\/v2\/media\/5684"}],"wp:attachment":[{"href":"https:\/\/ryfi.online\/it\/wp-json\/wp\/v2\/media?parent=5656"}],"wp:term":[{"taxonomy":"product_brand","embeddable":true,"href":"https:\/\/ryfi.online\/it\/wp-json\/wp\/v2\/product_brand?post=5656"},{"taxonomy":"product_cat","embeddable":true,"href":"https:\/\/ryfi.online\/it\/wp-json\/wp\/v2\/product_cat?post=5656"},{"taxonomy":"product_tag","embeddable":true,"href":"https:\/\/ryfi.online\/it\/wp-json\/wp\/v2\/product_tag?post=5656"}],"curies":[{"name":"wp","href":"https:\/\/api.w.org\/{rel}","templated":true}]}}