{"id":5540,"date":"2021-06-15T14:40:14","date_gmt":"2021-10-15T15:14:30","guid":{"rendered":"https:\/\/ryfi.online\/product\/t-shirt-miraculous-lady-bug-cartone-animato-per-bambina\/"},"modified":"2022-05-17T13:59:46","modified_gmt":"2022-05-17T13:59:46","slug":"miracolosa-coccinella-cartone-animato-t-shirt-per-ragazze","status":"publish","type":"product","link":"https:\/\/ryfi.online\/it\/prodotto\/miracolosa-coccinella-cartone-animato-t-shirt-per-ragazze\/","title":{"rendered":"T-shirt Miraculous Lady Bug cartone animato per ragazze"},"content":{"rendered":"<p><span class=\"a-list-item\">\u2705 T-shirt Miraculous Lady Bug per bambina<\/span><\/p>\n<p><span class=\"a-list-item\">\u2705 Colore: Rosso-Bianco<\/span><\/p>\n<p><span class=\"a-list-item\">\u2705 100% Cotone, <\/span><\/p>\n<p id=\"title\" class=\"a-size-large a-spacing-none\"><span id=\"productTitle\" class=\"a-size-large product-title-word-break\"><span class=\"a-list-item\">\u2705<\/span> Et\u00e0: 4 anni, 5 anni, 6 anni, 8 anni<\/span><\/p>\n<p>&nbsp;<\/p>\n","protected":false},"excerpt":{"rendered":"<p>Spedizione gratuita 1-3 giorni lavorativi<\/p>\n<p>Reso gratuito<\/p>\n","protected":false},"featured_media":5585,"comment_status":"open","ping_status":"closed","template":"","meta":[],"product_brand":[],"product_cat":[211],"product_tag":[],"class_list":{"0":"post-5540","1":"product","2":"type-product","3":"status-publish","4":"has-post-thumbnail","6":"product_cat-maglietta-per-ragazzi","8":"first","9":"instock","10":"featured","11":"taxable","12":"shipping-taxable","13":"purchasable","14":"product-type-variable"},"yoast_head":"<!-- This site is optimized with the Yoast SEO Premium plugin v17.1.2 (Yoast SEO v27.4) - https:\/\/yoast.com\/product\/yoast-seo-premium-wordpress\/ -->\n<title>Acquista la maglietta dei cartoni animati di Lady Bug | Maglietta Lady Bug online per ragazze<\/title>\n<meta name=\"description\" content=\"Il negozio online Ryfi \u00e8 uno dei migliori negozi online del Regno Unito che offre t-shirt con cartoni animati Lady Bug per ragazze con colori diversi. Visita ora!!!\" \/>\n<meta name=\"robots\" content=\"index, follow, max-snippet:-1, max-image-preview:large, max-video-preview:-1\" \/>\n<link rel=\"canonical\" href=\"https:\/\/ryfi.online\/it\/prodotto\/miracolosa-coccinella-cartone-animato-t-shirt-per-ragazze\/\" \/>\n<meta property=\"og:locale\" content=\"it_IT\" \/>\n<meta property=\"og:type\" content=\"article\" \/>\n<meta property=\"og:title\" content=\"T-shirt Miraculous Lady Bug cartone animato per ragazze\" \/>\n<meta property=\"og:description\" content=\"Il negozio online Ryfi \u00e8 uno dei migliori negozi online del Regno Unito che offre t-shirt con cartoni animati Lady Bug per ragazze con colori diversi. Visita ora!!!\" \/>\n<meta property=\"og:url\" content=\"https:\/\/ryfi.online\/it\/prodotto\/miracolosa-coccinella-cartone-animato-t-shirt-per-ragazze\/\" \/>\n<meta property=\"og:site_name\" content=\"Ryfi Online Store\" \/>\n<meta property=\"article:publisher\" content=\"https:\/\/www.facebook.com\/ryfi.online\/\" \/>\n<meta property=\"article:modified_time\" content=\"2022-05-17T13:59:46+00:00\" \/>\n<meta property=\"og:image\" content=\"https:\/\/ryfi.online\/wp-content\/uploads\/2021\/06\/et1298_rd.jpg\" \/>\n\t<meta property=\"og:image:width\" content=\"800\" \/>\n\t<meta property=\"og:image:height\" content=\"1200\" \/>\n\t<meta property=\"og:image:type\" content=\"image\/jpeg\" \/>\n<meta name=\"twitter:card\" content=\"summary_large_image\" \/>\n<meta name=\"twitter:label1\" content=\"Availability\" \/>\n\t<meta name=\"twitter:data1\" content=\"In stock\" \/>\n<meta property=\"product:brand\" content=\"Maglietta per ragazzi\" \/>\n<meta property=\"og:availability\" content=\"instock\" \/>\n<meta property=\"product:availability\" content=\"instock\" \/>\n<meta property=\"product:condition\" content=\"new\" \/>\n<!-- \/ Yoast SEO Premium plugin. -->","yoast_head_json":{"title":"Acquista la maglietta dei cartoni animati di Lady Bug | Maglietta Lady Bug online per ragazze","description":"Il negozio online Ryfi \u00e8 uno dei migliori negozi online del Regno Unito che offre t-shirt con cartoni animati Lady Bug per ragazze con colori diversi. Visita ora!!!","robots":{"index":"index","follow":"follow","max-snippet":"max-snippet:-1","max-image-preview":"max-image-preview:large","max-video-preview":"max-video-preview:-1"},"canonical":"https:\/\/ryfi.online\/it\/prodotto\/miracolosa-coccinella-cartone-animato-t-shirt-per-ragazze\/","og_locale":"it_IT","og_type":"article","og_title":"T-shirt Miraculous Lady Bug cartone animato per ragazze","og_description":"Il negozio online Ryfi \u00e8 uno dei migliori negozi online del Regno Unito che offre t-shirt con cartoni animati Lady Bug per ragazze con colori diversi. Visita ora!!!","og_url":"https:\/\/ryfi.online\/it\/prodotto\/miracolosa-coccinella-cartone-animato-t-shirt-per-ragazze\/","og_site_name":"Ryfi Online Store","article_publisher":"https:\/\/www.facebook.com\/ryfi.online\/","article_modified_time":"2022-05-17T13:59:46+00:00","og_image":[{"width":800,"height":1200,"url":"https:\/\/ryfi.online\/wp-content\/uploads\/2021\/06\/et1298_rd.jpg","type":"image\/jpeg"}],"twitter_card":"summary_large_image","twitter_misc":{"Availability":"In stock"},"schema":{"@context":"https:\/\/schema.org","@graph":[{"@type":"WebPage","@id":"https:\/\/ryfi.online\/it\/prodotto\/miracolosa-coccinella-cartone-animato-t-shirt-per-ragazze\/","url":"https:\/\/ryfi.online\/it\/prodotto\/miracolosa-coccinella-cartone-animato-t-shirt-per-ragazze\/","name":"Acquista la maglietta dei cartoni animati di Lady Bug | Maglietta Lady Bug online per ragazze","isPartOf":{"@id":"https:\/\/ryfi.online\/it\/#website"},"primaryImageOfPage":{"@id":"https:\/\/ryfi.online\/it\/prodotto\/miracolosa-coccinella-cartone-animato-t-shirt-per-ragazze\/#primaryimage"},"image":{"@id":"https:\/\/ryfi.online\/it\/prodotto\/miracolosa-coccinella-cartone-animato-t-shirt-per-ragazze\/#primaryimage"},"thumbnailUrl":"https:\/\/ryfi.online\/wp-content\/uploads\/2021\/06\/et1298_rd.jpg","datePublished":"2021-10-15T15:14:30+00:00","dateModified":"2022-05-17T13:59:46+00:00","description":"Il negozio online Ryfi \u00e8 uno dei migliori negozi online del Regno Unito che offre t-shirt con cartoni animati Lady Bug per ragazze con colori diversi. Visita ora!!!","breadcrumb":{"@id":"https:\/\/ryfi.online\/it\/prodotto\/miracolosa-coccinella-cartone-animato-t-shirt-per-ragazze\/#breadcrumb"},"inLanguage":"it-IT","potentialAction":[{"@type":"ReadAction","target":["https:\/\/ryfi.online\/it\/prodotto\/miracolosa-coccinella-cartone-animato-t-shirt-per-ragazze\/"]}]},{"@type":"ImageObject","inLanguage":"it-IT","@id":"https:\/\/ryfi.online\/it\/prodotto\/miracolosa-coccinella-cartone-animato-t-shirt-per-ragazze\/#primaryimage","url":"https:\/\/ryfi.online\/wp-content\/uploads\/2021\/06\/et1298_rd.jpg","contentUrl":"https:\/\/ryfi.online\/wp-content\/uploads\/2021\/06\/et1298_rd.jpg","width":800,"height":1200,"caption":"Maglietta con coccinella"},{"@type":"BreadcrumbList","@id":"https:\/\/ryfi.online\/it\/prodotto\/miracolosa-coccinella-cartone-animato-t-shirt-per-ragazze\/#breadcrumb","itemListElement":[{"@type":"ListItem","position":1,"name":"Home","item":"https:\/\/ryfi.online\/it\/"},{"@type":"ListItem","position":2,"name":"Free and Fast Shipping whitin 1-3 Days!!!","item":"https:\/\/ryfi.online\/shop\/"},{"@type":"ListItem","position":3,"name":"T-shirt Miraculous Lady Bug cartone animato per ragazze"}]},{"@type":"WebSite","@id":"https:\/\/ryfi.online\/it\/#website","url":"https:\/\/ryfi.online\/it\/","name":"Ryfi Online Store","description":"Online Store","publisher":{"@id":"https:\/\/ryfi.online\/it\/#organization"},"potentialAction":[{"@type":"SearchAction","target":{"@type":"EntryPoint","urlTemplate":"https:\/\/ryfi.online\/it\/?s={search_term_string}"},"query-input":{"@type":"PropertyValueSpecification","valueRequired":true,"valueName":"search_term_string"}}],"inLanguage":"it-IT"},{"@type":"Organization","@id":"https:\/\/ryfi.online\/it\/#organization","name":"Ryan Future Investments LLC","url":"https:\/\/ryfi.online\/it\/","logo":{"@type":"ImageObject","inLanguage":"it-IT","@id":"https:\/\/ryfi.online\/it\/#\/schema\/logo\/image\/","url":"https:\/\/ryfi.online\/wp-content\/uploads\/2021\/03\/2-03.png","contentUrl":"https:\/\/ryfi.online\/wp-content\/uploads\/2021\/03\/2-03.png","width":1010,"height":310,"caption":"Ryan Future Investments LLC"},"image":{"@id":"https:\/\/ryfi.online\/it\/#\/schema\/logo\/image\/"},"sameAs":["https:\/\/www.facebook.com\/ryfi.online\/"]}]},"product_brand":"Maglietta per ragazzi","og_availability":"instock","product_availability":"instock","product_condition":"new"},"jetpack-related-posts":[{"id":1980,"url":"https:\/\/ryfi.online\/product\/miraculous-lady-bug-cartoon-t-shirt-for-girls\/","url_meta":{"origin":5540,"position":0},"title":"Miraculous Lady Bug cartoon t-shirt for girls","date":"Giugno 15, 2021","format":false,"excerpt":"Free Shipping 1-3 business days Free Return","rel":"","context":"Articolo simile","img":{"alt_text":"Lady Bug T-shirt","src":"https:\/\/i0.wp.com\/ryfi.online\/wp-content\/uploads\/2021\/06\/et1298_rd.jpg?resize=350%2C200&ssl=1","width":350,"height":200},"classes":[]},{"id":5476,"url":"https:\/\/ryfi.online\/fr\/produit\/t-shirt-dessin-anime-miraculous-lady-bug-pour-filles\/","url_meta":{"origin":5540,"position":1},"title":"T-shirt dessin anim\u00e9 Miraculous Lady Bug fille","date":"Giugno 15, 2021","format":false,"excerpt":"Livraison gratuite 1-3 jours ouvrables Retour gratuit","rel":"","context":"Articolo simile","img":{"alt_text":"T-shirt coccinelle","src":"https:\/\/i0.wp.com\/ryfi.online\/wp-content\/uploads\/2021\/06\/et1298_rd.jpg?resize=350%2C200&ssl=1","width":350,"height":200},"classes":[]},{"id":5474,"url":"https:\/\/ryfi.online\/de\/produkt\/wunderbare-lady-bug-cartoon-t-shirt-fur-madchen\/","url_meta":{"origin":5540,"position":2},"title":"Cartoon-T &#8211; Shirt wunderbarer Dame Bug f\u00fcr M\u00e4dchen","date":"Giugno 15, 2021","format":false,"excerpt":"Kostenloser Versand 1-3 Werktage Kostenlose R\u00fccksendung","rel":"","context":"Articolo simile","img":{"alt_text":"Ladybug-T-Shirt","src":"https:\/\/i0.wp.com\/ryfi.online\/wp-content\/uploads\/2021\/06\/et1298_rd.jpg?resize=350%2C200&ssl=1","width":350,"height":200},"classes":[]},{"id":4998,"url":"https:\/\/ryfi.online\/it\/prodotto\/anekke-t-shirt-cartoon-per-ragazze\/","url_meta":{"origin":5540,"position":3},"title":"T-shirt con cartoni animati Anekke per ragazze SE1479","date":"Luglio 17, 2021","format":false,"excerpt":"Spedizione veloce e sicura in 1-3 giorni lavorativi","rel":"","context":"Articolo simile","img":{"alt_text":"Maglietta Anekke","src":"https:\/\/i0.wp.com\/ryfi.online\/wp-content\/uploads\/2021\/07\/img_91355_4ba08d53d1efba1ea99377fa4b3b303f_20.jpg?resize=350%2C200&ssl=1","width":350,"height":200},"classes":[]},{"id":11944,"url":"https:\/\/ryfi.online\/ro\/produs\/miraculous-lady-bug-tricou-desene-animat-pentru-fete\/","url_meta":{"origin":5540,"position":4},"title":"Tricou cu desene animate Miraculous Lady Bug pentru fete","date":"Giugno 15, 2021","format":false,"excerpt":"Livrare gratuit\u0103 1-3 zile lucr\u0103toare Retur gratuit","rel":"","context":"Articolo simile","img":{"alt_text":"Tricou Lady Bug","src":"https:\/\/i0.wp.com\/ryfi.online\/wp-content\/uploads\/2021\/06\/et1298_rd.jpg?resize=350%2C200&ssl=1","width":350,"height":200},"classes":[]},{"id":1668,"url":"https:\/\/ryfi.online\/es\/producto\/camiseta-dibujo-animado-de-lady-bug-de-miraculous-para-ninas\/","url_meta":{"origin":5540,"position":5},"title":"Camiseta dibujo animado de Lady Bug de Miraculous para ni\u00f1as","date":"Giugno 15, 2021","format":false,"excerpt":"Envio Gratis 1-3 dias laborales Devolucion Gratuito","rel":"","context":"Articolo simile","img":{"alt_text":"Camiseta Lady Bug","src":"https:\/\/i0.wp.com\/ryfi.online\/wp-content\/uploads\/2021\/06\/et1298_rd.jpg?resize=350%2C200&ssl=1","width":350,"height":200},"classes":[]}],"_links":{"self":[{"href":"https:\/\/ryfi.online\/it\/wp-json\/wp\/v2\/product\/5540","targetHints":{"allow":["GET"]}}],"collection":[{"href":"https:\/\/ryfi.online\/it\/wp-json\/wp\/v2\/product"}],"about":[{"href":"https:\/\/ryfi.online\/it\/wp-json\/wp\/v2\/types\/product"}],"replies":[{"embeddable":true,"href":"https:\/\/ryfi.online\/it\/wp-json\/wp\/v2\/comments?post=5540"}],"wp:featuredmedia":[{"embeddable":true,"href":"https:\/\/ryfi.online\/it\/wp-json\/wp\/v2\/media\/5585"}],"wp:attachment":[{"href":"https:\/\/ryfi.online\/it\/wp-json\/wp\/v2\/media?parent=5540"}],"wp:term":[{"taxonomy":"product_brand","embeddable":true,"href":"https:\/\/ryfi.online\/it\/wp-json\/wp\/v2\/product_brand?post=5540"},{"taxonomy":"product_cat","embeddable":true,"href":"https:\/\/ryfi.online\/it\/wp-json\/wp\/v2\/product_cat?post=5540"},{"taxonomy":"product_tag","embeddable":true,"href":"https:\/\/ryfi.online\/it\/wp-json\/wp\/v2\/product_tag?post=5540"}],"curies":[{"name":"wp","href":"https:\/\/api.w.org\/{rel}","templated":true}]}}