{"id":5278,"date":"2021-06-16T12:31:33","date_gmt":"2021-10-15T15:12:09","guid":{"rendered":"https:\/\/ryfi.online\/product\/borsa-a-tracolla-paw-patrol-28-20-7\/"},"modified":"2022-05-17T13:45:22","modified_gmt":"2022-05-17T13:45:22","slug":"borsa-messaggero-paw-patrol-28207","status":"publish","type":"product","link":"https:\/\/ryfi.online\/it\/prodotto\/borsa-messaggero-paw-patrol-28207\/","title":{"rendered":"Borsa a tracolla Paw Patrol 28*20*7"},"content":{"rendered":"<p><span class=\"a-list-item\">\u2705 Borsa a tracolla Nickelodeon Paw Patrol <\/span><\/p>\n<p><span class=\"a-list-item\">\u2705 Colore: blu con cartoni animati Chase, Marshal, Macerie, Zuma<\/span><\/p>\n<p><span class=\"a-list-item\">\u2705 100% poliestere<\/span><\/p>\n<p id=\"title\" class=\"a-size-large a-spacing-none\"><span id=\"productTitle\" class=\"a-size-large product-title-word-break\"><span class=\"a-list-item\">\u2705<\/span> Misura: 28*20*7 <\/span><\/p>\n<p><span id=\"productTitle\" class=\"a-size-large product-title-word-break\"><span class=\"a-list-item\">\u2705<\/span> Lavabile a mano<\/span><\/p>\n<p><span id=\"productTitle\" class=\"a-size-large product-title-word-break\"><span class=\"a-list-item\">\u2705Tracolla imbottita regolabile<\/span><\/span><\/p>\n<p><span id=\"productTitle\" class=\"a-size-large product-title-word-break\"><span class=\"a-list-item\">\u2705<\/span><\/span> Scomparto principale con chiusura a cerniera<\/p>\n","protected":false},"excerpt":{"rendered":"<p>Spedizione gratuita 1-3 giorni lavorativi<\/p>\n<p>Reso gratuito<\/p>\n","protected":false},"featured_media":5280,"comment_status":"open","ping_status":"closed","template":"","meta":[],"product_brand":[],"product_cat":[253],"product_tag":[],"class_list":{"0":"post-5278","1":"product","2":"type-product","3":"status-publish","4":"has-post-thumbnail","6":"product_cat-borsa","8":"first","9":"instock","10":"featured","11":"taxable","12":"shipping-taxable","13":"purchasable","14":"product-type-simple"},"yoast_head":"<!-- This site is optimized with the Yoast SEO Premium plugin v17.1.2 (Yoast SEO v27.5) - https:\/\/yoast.com\/product\/yoast-seo-premium-wordpress\/ -->\n<title>Acquista borsa messenger Paw Patrol | Borsa a tracolla per bambini<\/title>\n<meta name=\"description\" content=\"Il negozio online Ryfi \u00e8 uno dei migliori negozi online in Spagna che fornisce accessori per bambini come la borsa a tracolla Paw Patrol e cos\u00ec via. visita ora.\" \/>\n<meta name=\"robots\" content=\"index, follow, max-snippet:-1, max-image-preview:large, max-video-preview:-1\" \/>\n<link rel=\"canonical\" href=\"https:\/\/ryfi.online\/it\/prodotto\/borsa-messaggero-paw-patrol-28207\/\" \/>\n<meta property=\"og:locale\" content=\"it_IT\" \/>\n<meta property=\"og:type\" content=\"article\" \/>\n<meta property=\"og:title\" content=\"Borsa a tracolla Paw Patrol 28*20*7\" \/>\n<meta property=\"og:description\" content=\"Il negozio online Ryfi \u00e8 uno dei migliori negozi online in Spagna che fornisce accessori per bambini come la borsa a tracolla Paw Patrol e cos\u00ec via. visita ora.\" \/>\n<meta property=\"og:url\" content=\"https:\/\/ryfi.online\/it\/prodotto\/borsa-messaggero-paw-patrol-28207\/\" \/>\n<meta property=\"og:site_name\" content=\"Ryfi Online Store\" \/>\n<meta property=\"article:publisher\" content=\"https:\/\/www.facebook.com\/ryfi.online\/\" \/>\n<meta property=\"article:modified_time\" content=\"2022-05-17T13:45:22+00:00\" \/>\n<meta property=\"og:image\" content=\"https:\/\/ryfi.online\/wp-content\/uploads\/2021\/06\/PH4912_BL.jpg\" \/>\n\t<meta property=\"og:image:width\" content=\"800\" \/>\n\t<meta property=\"og:image:height\" content=\"1200\" \/>\n\t<meta property=\"og:image:type\" content=\"image\/jpeg\" \/>\n<meta name=\"twitter:card\" content=\"summary_large_image\" \/>\n<meta name=\"twitter:label1\" content=\"Prezzo\" \/>\n\t<meta name=\"twitter:data1\" content=\"&#036;15.57\" \/>\n\t<meta name=\"twitter:label2\" content=\"Availability\" \/>\n\t<meta name=\"twitter:data2\" content=\"In stock\" \/>\n<meta property=\"product:brand\" content=\"Borsa\" \/>\n<meta property=\"product:price:amount\" content=\"15.57\" \/>\n<meta property=\"product:price:currency\" content=\"USD\" \/>\n<meta property=\"og:availability\" content=\"instock\" \/>\n<meta property=\"product:availability\" content=\"instock\" \/>\n<meta property=\"product:condition\" content=\"new\" \/>\n<!-- \/ Yoast SEO Premium plugin. -->","yoast_head_json":{"title":"Acquista borsa messenger Paw Patrol | Borsa a tracolla per bambini","description":"Il negozio online Ryfi \u00e8 uno dei migliori negozi online in Spagna che fornisce accessori per bambini come la borsa a tracolla Paw Patrol e cos\u00ec via. visita ora.","robots":{"index":"index","follow":"follow","max-snippet":"max-snippet:-1","max-image-preview":"max-image-preview:large","max-video-preview":"max-video-preview:-1"},"canonical":"https:\/\/ryfi.online\/it\/prodotto\/borsa-messaggero-paw-patrol-28207\/","og_locale":"it_IT","og_type":"article","og_title":"Borsa a tracolla Paw Patrol 28*20*7","og_description":"Il negozio online Ryfi \u00e8 uno dei migliori negozi online in Spagna che fornisce accessori per bambini come la borsa a tracolla Paw Patrol e cos\u00ec via. visita ora.","og_url":"https:\/\/ryfi.online\/it\/prodotto\/borsa-messaggero-paw-patrol-28207\/","og_site_name":"Ryfi Online Store","article_publisher":"https:\/\/www.facebook.com\/ryfi.online\/","article_modified_time":"2022-05-17T13:45:22+00:00","og_image":[{"width":800,"height":1200,"url":"https:\/\/ryfi.online\/wp-content\/uploads\/2021\/06\/PH4912_BL.jpg","type":"image\/jpeg"}],"twitter_card":"summary_large_image","twitter_misc":{"Prezzo":"&#36;15.57","Availability":"In stock"},"schema":{"@context":"https:\/\/schema.org","@graph":[{"@type":"WebPage","@id":"https:\/\/ryfi.online\/it\/prodotto\/borsa-messaggero-paw-patrol-28207\/","url":"https:\/\/ryfi.online\/it\/prodotto\/borsa-messaggero-paw-patrol-28207\/","name":"Acquista borsa messenger Paw Patrol | Borsa a tracolla per bambini","isPartOf":{"@id":"https:\/\/ryfi.online\/it\/#website"},"primaryImageOfPage":{"@id":"https:\/\/ryfi.online\/it\/prodotto\/borsa-messaggero-paw-patrol-28207\/#primaryimage"},"image":{"@id":"https:\/\/ryfi.online\/it\/prodotto\/borsa-messaggero-paw-patrol-28207\/#primaryimage"},"thumbnailUrl":"https:\/\/ryfi.online\/wp-content\/uploads\/2021\/06\/PH4912_BL.jpg","datePublished":"2021-10-15T15:12:09+00:00","dateModified":"2022-05-17T13:45:22+00:00","description":"Il negozio online Ryfi \u00e8 uno dei migliori negozi online in Spagna che fornisce accessori per bambini come la borsa a tracolla Paw Patrol e cos\u00ec via. visita ora.","breadcrumb":{"@id":"https:\/\/ryfi.online\/it\/prodotto\/borsa-messaggero-paw-patrol-28207\/#breadcrumb"},"inLanguage":"it-IT","potentialAction":[{"@type":"ReadAction","target":["https:\/\/ryfi.online\/it\/prodotto\/borsa-messaggero-paw-patrol-28207\/"]}]},{"@type":"ImageObject","inLanguage":"it-IT","@id":"https:\/\/ryfi.online\/it\/prodotto\/borsa-messaggero-paw-patrol-28207\/#primaryimage","url":"https:\/\/ryfi.online\/wp-content\/uploads\/2021\/06\/PH4912_BL.jpg","contentUrl":"https:\/\/ryfi.online\/wp-content\/uploads\/2021\/06\/PH4912_BL.jpg","width":800,"height":1200,"caption":"Borsa a tracolla di Paw Patrol"},{"@type":"BreadcrumbList","@id":"https:\/\/ryfi.online\/it\/prodotto\/borsa-messaggero-paw-patrol-28207\/#breadcrumb","itemListElement":[{"@type":"ListItem","position":1,"name":"Home","item":"https:\/\/ryfi.online\/it\/"},{"@type":"ListItem","position":2,"name":"Free and Fast Shipping whitin 1-3 Days!!!","item":"https:\/\/ryfi.online\/shop\/"},{"@type":"ListItem","position":3,"name":"Borsa a tracolla Paw Patrol 28*20*7"}]},{"@type":"WebSite","@id":"https:\/\/ryfi.online\/it\/#website","url":"https:\/\/ryfi.online\/it\/","name":"Ryfi Online Store","description":"Online Store","publisher":{"@id":"https:\/\/ryfi.online\/it\/#organization"},"potentialAction":[{"@type":"SearchAction","target":{"@type":"EntryPoint","urlTemplate":"https:\/\/ryfi.online\/it\/?s={search_term_string}"},"query-input":{"@type":"PropertyValueSpecification","valueRequired":true,"valueName":"search_term_string"}}],"inLanguage":"it-IT"},{"@type":"Organization","@id":"https:\/\/ryfi.online\/it\/#organization","name":"Ryan Future Investments LLC","url":"https:\/\/ryfi.online\/it\/","logo":{"@type":"ImageObject","inLanguage":"it-IT","@id":"https:\/\/ryfi.online\/it\/#\/schema\/logo\/image\/","url":"https:\/\/ryfi.online\/wp-content\/uploads\/2021\/03\/2-03.png","contentUrl":"https:\/\/ryfi.online\/wp-content\/uploads\/2021\/03\/2-03.png","width":1010,"height":310,"caption":"Ryan Future Investments LLC"},"image":{"@id":"https:\/\/ryfi.online\/it\/#\/schema\/logo\/image\/"},"sameAs":["https:\/\/www.facebook.com\/ryfi.online\/"]}]},"product_brand":"Borsa","product_price_amount":"15.57","product_price_currency":"USD","og_availability":"instock","product_availability":"instock","product_condition":"new"},"jetpack-related-posts":[{"id":5277,"url":"https:\/\/ryfi.online\/de\/produkt\/bag-messenger-paw-patrol-28207\/","url_meta":{"origin":5278,"position":0},"title":"Paw Patrol Umh\u00e4ngetasche 28*20*7","date":"Giugno 16, 2021","format":false,"excerpt":"Kostenloser Versand 1-3 Werktage Kostenlose R\u00fccksendung","rel":"","context":"Articolo simile","img":{"alt_text":"Paw Patrol Umh\u00e4ngetasche","src":"https:\/\/i0.wp.com\/ryfi.online\/wp-content\/uploads\/2021\/06\/PH4912_BL.jpg?resize=350%2C200&ssl=1","width":350,"height":200},"classes":[]},{"id":2059,"url":"https:\/\/ryfi.online\/product\/bag-messenger-paw-patrol-28207\/","url_meta":{"origin":5278,"position":1},"title":"Paw Patrol Messenger Bag 28*20*7","date":"Giugno 16, 2021","format":false,"excerpt":"Free Shipping 1-3 business days Free Return","rel":"","context":"Articolo simile","img":{"alt_text":"Paw Patrol Messenger Bag","src":"https:\/\/i0.wp.com\/ryfi.online\/wp-content\/uploads\/2021\/06\/PH4912_BL.jpg?resize=350%2C200&ssl=1","width":350,"height":200},"classes":[]},{"id":11916,"url":"https:\/\/ryfi.online\/ro\/produs\/geanta-messenger-patrula-laba-28207\/","url_meta":{"origin":5278,"position":2},"title":"Geanta Messenger Paw Patrol 28*20*7","date":"Giugno 16, 2021","format":false,"excerpt":"Livrare gratuit\u0103 1-3 zile lucr\u0103toare Retur gratuit","rel":"","context":"Articolo simile","img":{"alt_text":"Geanta Messenger Paw Patrol","src":"https:\/\/i0.wp.com\/ryfi.online\/wp-content\/uploads\/2021\/06\/PH4912_BL.jpg?resize=350%2C200&ssl=1","width":350,"height":200},"classes":[]},{"id":5274,"url":"https:\/\/ryfi.online\/fr\/produit\/sac-messager-pat-patrol-28207\/","url_meta":{"origin":5278,"position":3},"title":"Patte Patrouille Messenger Bag 28*20*7","date":"Giugno 16, 2021","format":false,"excerpt":"Livraison gratuite 1-3 jours ouvrables Retour gratuit","rel":"","context":"Articolo simile","img":{"alt_text":"Sac messager Paw Patrol","src":"https:\/\/i0.wp.com\/ryfi.online\/wp-content\/uploads\/2021\/06\/PH4912_BL.jpg?resize=350%2C200&ssl=1","width":350,"height":200},"classes":[]},{"id":1960,"url":"https:\/\/ryfi.online\/product\/boys-nickelodeon-paw-patrol-design-bathroom-boxer\/","url_meta":{"origin":5278,"position":4},"title":"Boy&#8217;s Nickelodeon Paw Patrol Swim Boxer","date":"Giugno 16, 2021","format":false,"excerpt":"Free Shipping 1-3 business days Free Return","rel":"","context":"Articolo simile","img":{"alt_text":"Paw Patrol Swimsuit","src":"https:\/\/i0.wp.com\/ryfi.online\/wp-content\/uploads\/2021\/06\/ue0102_lna.jpg?resize=350%2C200&ssl=1","width":350,"height":200},"classes":[]},{"id":5348,"url":"https:\/\/ryfi.online\/de\/produkt\/jungen-nickelodeon-paw-patrol-design-badezimmer-boxer\/","url_meta":{"origin":5278,"position":5},"title":"Nickelodeon Paw Patrol Schwimmboxer f\u00fcr Jungen","date":"Giugno 16, 2021","format":false,"excerpt":"Kostenloser Versand 1-3 Werktage Kostenlose R\u00fccksendung","rel":"","context":"Articolo simile","img":{"alt_text":"Paw Patrol Badeanzug","src":"https:\/\/i0.wp.com\/ryfi.online\/wp-content\/uploads\/2021\/06\/ue0102_lna.jpg?resize=350%2C200&ssl=1","width":350,"height":200},"classes":[]}],"_links":{"self":[{"href":"https:\/\/ryfi.online\/it\/wp-json\/wp\/v2\/product\/5278","targetHints":{"allow":["GET"]}}],"collection":[{"href":"https:\/\/ryfi.online\/it\/wp-json\/wp\/v2\/product"}],"about":[{"href":"https:\/\/ryfi.online\/it\/wp-json\/wp\/v2\/types\/product"}],"replies":[{"embeddable":true,"href":"https:\/\/ryfi.online\/it\/wp-json\/wp\/v2\/comments?post=5278"}],"wp:featuredmedia":[{"embeddable":true,"href":"https:\/\/ryfi.online\/it\/wp-json\/wp\/v2\/media\/5280"}],"wp:attachment":[{"href":"https:\/\/ryfi.online\/it\/wp-json\/wp\/v2\/media?parent=5278"}],"wp:term":[{"taxonomy":"product_brand","embeddable":true,"href":"https:\/\/ryfi.online\/it\/wp-json\/wp\/v2\/product_brand?post=5278"},{"taxonomy":"product_cat","embeddable":true,"href":"https:\/\/ryfi.online\/it\/wp-json\/wp\/v2\/product_cat?post=5278"},{"taxonomy":"product_tag","embeddable":true,"href":"https:\/\/ryfi.online\/it\/wp-json\/wp\/v2\/product_tag?post=5278"}],"curies":[{"name":"wp","href":"https:\/\/api.w.org\/{rel}","templated":true}]}}