{"id":4982,"date":"2021-07-23T08:55:48","date_gmt":"2021-10-13T16:42:59","guid":{"rendered":"https:\/\/ryfi.online\/product\/vestito-da-cartone-animato-anekke-per-ragazze\/"},"modified":"2022-05-17T13:14:34","modified_gmt":"2022-05-17T13:14:34","slug":"anekke-vestito-cartone-animato-per-ragazze","status":"publish","type":"product","link":"https:\/\/ryfi.online\/it\/prodotto\/anekke-vestito-cartone-animato-per-ragazze\/","title":{"rendered":"Abito da cartone animato per ragazze Anekke SE1500"},"content":{"rendered":"<p><span class=\"a-list-item\">\u2705 Abito da bambina Anekke<\/span><\/p>\n<p><span class=\"a-list-item\">\u2705 Colore: rosso<\/span><\/p>\n<p><span class=\"a-list-item\">\u2705 100% Cotone, <\/span><\/p>\n<p id=\"title\" class=\"a-size-large a-spacing-none\"><span id=\"productTitle\" class=\"a-size-large product-title-word-break\"><span class=\"a-list-item\">\u2705<\/span> Et\u00e0: 6 anni, 8 anni, 10 anni, 12 anni, 14 anni<\/span><\/p>\n","protected":false},"excerpt":{"rendered":"<p>Spedizione veloce e sicura in 1-3 giorni lavorativi<\/p>\n","protected":false},"featured_media":4999,"comment_status":"open","ping_status":"closed","template":"","meta":[],"product_brand":[],"product_cat":[243],"product_tag":[],"class_list":{"0":"post-4982","1":"product","2":"type-product","3":"status-publish","4":"has-post-thumbnail","6":"product_cat-vestito","8":"first","9":"instock","10":"featured","11":"taxable","12":"shipping-taxable","13":"purchasable","14":"product-type-variable"},"yoast_head":"<!-- This site is optimized with the Yoast SEO Premium plugin v17.1.2 (Yoast SEO v27.5) - https:\/\/yoast.com\/product\/yoast-seo-premium-wordpress\/ -->\n<title>Abito da cartone animato per ragazze Anekke SE1500 - Ryfi Online Store<\/title>\n<meta name=\"description\" content=\"Stiamo offrendo abiti da cartone animato Anekke online per ragazze dai 6 ai 14 anni in Spagna a un prezzo molto ragionevole che si adatta al tuo budget. Acquista ora!\" \/>\n<meta name=\"robots\" content=\"index, follow, max-snippet:-1, max-image-preview:large, max-video-preview:-1\" \/>\n<link rel=\"canonical\" href=\"https:\/\/ryfi.online\/it\/prodotto\/anekke-vestito-cartone-animato-per-ragazze\/\" \/>\n<meta property=\"og:locale\" content=\"it_IT\" \/>\n<meta property=\"og:type\" content=\"article\" \/>\n<meta property=\"og:title\" content=\"Abito da cartone animato per ragazze Anekke SE1500\" \/>\n<meta property=\"og:description\" content=\"Stiamo offrendo abiti da cartone animato Anekke online per ragazze dai 6 ai 14 anni in Spagna a un prezzo molto ragionevole che si adatta al tuo budget. Acquista ora!\" \/>\n<meta property=\"og:url\" content=\"https:\/\/ryfi.online\/it\/prodotto\/anekke-vestito-cartone-animato-per-ragazze\/\" \/>\n<meta property=\"og:site_name\" content=\"Ryfi Online Store\" \/>\n<meta property=\"article:publisher\" content=\"https:\/\/www.facebook.com\/ryfi.online\/\" \/>\n<meta property=\"article:modified_time\" content=\"2022-05-17T13:14:34+00:00\" \/>\n<meta property=\"og:image\" content=\"https:\/\/ryfi.online\/wp-content\/uploads\/2021\/07\/20200630010832969292_m.jpg\" \/>\n\t<meta property=\"og:image:width\" content=\"480\" \/>\n\t<meta property=\"og:image:height\" content=\"537\" \/>\n\t<meta property=\"og:image:type\" content=\"image\/jpeg\" \/>\n<meta name=\"twitter:card\" content=\"summary_large_image\" \/>\n<meta name=\"twitter:label1\" content=\"Availability\" \/>\n\t<meta name=\"twitter:data1\" content=\"In stock\" \/>\n<meta property=\"product:brand\" content=\"Vestito\" \/>\n<meta property=\"og:availability\" content=\"instock\" \/>\n<meta property=\"product:availability\" content=\"instock\" \/>\n<meta property=\"product:condition\" content=\"new\" \/>\n<!-- \/ Yoast SEO Premium plugin. -->","yoast_head_json":{"title":"Abito da cartone animato per ragazze Anekke SE1500 - Ryfi Online Store","description":"Stiamo offrendo abiti da cartone animato Anekke online per ragazze dai 6 ai 14 anni in Spagna a un prezzo molto ragionevole che si adatta al tuo budget. Acquista ora!","robots":{"index":"index","follow":"follow","max-snippet":"max-snippet:-1","max-image-preview":"max-image-preview:large","max-video-preview":"max-video-preview:-1"},"canonical":"https:\/\/ryfi.online\/it\/prodotto\/anekke-vestito-cartone-animato-per-ragazze\/","og_locale":"it_IT","og_type":"article","og_title":"Abito da cartone animato per ragazze Anekke SE1500","og_description":"Stiamo offrendo abiti da cartone animato Anekke online per ragazze dai 6 ai 14 anni in Spagna a un prezzo molto ragionevole che si adatta al tuo budget. Acquista ora!","og_url":"https:\/\/ryfi.online\/it\/prodotto\/anekke-vestito-cartone-animato-per-ragazze\/","og_site_name":"Ryfi Online Store","article_publisher":"https:\/\/www.facebook.com\/ryfi.online\/","article_modified_time":"2022-05-17T13:14:34+00:00","og_image":[{"width":480,"height":537,"url":"https:\/\/ryfi.online\/wp-content\/uploads\/2021\/07\/20200630010832969292_m.jpg","type":"image\/jpeg"}],"twitter_card":"summary_large_image","twitter_misc":{"Availability":"In stock"},"schema":{"@context":"https:\/\/schema.org","@graph":[{"@type":"WebPage","@id":"https:\/\/ryfi.online\/it\/prodotto\/anekke-vestito-cartone-animato-per-ragazze\/","url":"https:\/\/ryfi.online\/it\/prodotto\/anekke-vestito-cartone-animato-per-ragazze\/","name":"Abito da cartone animato per ragazze Anekke SE1500 - Ryfi Online Store","isPartOf":{"@id":"https:\/\/ryfi.online\/it\/#website"},"primaryImageOfPage":{"@id":"https:\/\/ryfi.online\/it\/prodotto\/anekke-vestito-cartone-animato-per-ragazze\/#primaryimage"},"image":{"@id":"https:\/\/ryfi.online\/it\/prodotto\/anekke-vestito-cartone-animato-per-ragazze\/#primaryimage"},"thumbnailUrl":"https:\/\/ryfi.online\/wp-content\/uploads\/2021\/07\/20200630010832969292_m.jpg","datePublished":"2021-10-13T16:42:59+00:00","dateModified":"2022-05-17T13:14:34+00:00","description":"Stiamo offrendo abiti da cartone animato Anekke online per ragazze dai 6 ai 14 anni in Spagna a un prezzo molto ragionevole che si adatta al tuo budget. Acquista ora!","breadcrumb":{"@id":"https:\/\/ryfi.online\/it\/prodotto\/anekke-vestito-cartone-animato-per-ragazze\/#breadcrumb"},"inLanguage":"it-IT","potentialAction":[{"@type":"ReadAction","target":["https:\/\/ryfi.online\/it\/prodotto\/anekke-vestito-cartone-animato-per-ragazze\/"]}]},{"@type":"ImageObject","inLanguage":"it-IT","@id":"https:\/\/ryfi.online\/it\/prodotto\/anekke-vestito-cartone-animato-per-ragazze\/#primaryimage","url":"https:\/\/ryfi.online\/wp-content\/uploads\/2021\/07\/20200630010832969292_m.jpg","contentUrl":"https:\/\/ryfi.online\/wp-content\/uploads\/2021\/07\/20200630010832969292_m.jpg","width":480,"height":537,"caption":"Abito Anekke"},{"@type":"BreadcrumbList","@id":"https:\/\/ryfi.online\/it\/prodotto\/anekke-vestito-cartone-animato-per-ragazze\/#breadcrumb","itemListElement":[{"@type":"ListItem","position":1,"name":"Home","item":"https:\/\/ryfi.online\/it\/"},{"@type":"ListItem","position":2,"name":"Free and Fast Shipping whitin 1-3 Days!!!","item":"https:\/\/ryfi.online\/shop\/"},{"@type":"ListItem","position":3,"name":"Abito da cartone animato per ragazze Anekke SE1500"}]},{"@type":"WebSite","@id":"https:\/\/ryfi.online\/it\/#website","url":"https:\/\/ryfi.online\/it\/","name":"Ryfi Online Store","description":"Online Store","publisher":{"@id":"https:\/\/ryfi.online\/it\/#organization"},"potentialAction":[{"@type":"SearchAction","target":{"@type":"EntryPoint","urlTemplate":"https:\/\/ryfi.online\/it\/?s={search_term_string}"},"query-input":{"@type":"PropertyValueSpecification","valueRequired":true,"valueName":"search_term_string"}}],"inLanguage":"it-IT"},{"@type":"Organization","@id":"https:\/\/ryfi.online\/it\/#organization","name":"Ryan Future Investments LLC","url":"https:\/\/ryfi.online\/it\/","logo":{"@type":"ImageObject","inLanguage":"it-IT","@id":"https:\/\/ryfi.online\/it\/#\/schema\/logo\/image\/","url":"https:\/\/ryfi.online\/wp-content\/uploads\/2021\/03\/2-03.png","contentUrl":"https:\/\/ryfi.online\/wp-content\/uploads\/2021\/03\/2-03.png","width":1010,"height":310,"caption":"Ryan Future Investments LLC"},"image":{"@id":"https:\/\/ryfi.online\/it\/#\/schema\/logo\/image\/"},"sameAs":["https:\/\/www.facebook.com\/ryfi.online\/"]}]},"product_brand":"Vestito","og_availability":"instock","product_availability":"instock","product_condition":"new"},"jetpack-related-posts":[{"id":4998,"url":"https:\/\/ryfi.online\/it\/prodotto\/anekke-t-shirt-cartoon-per-ragazze\/","url_meta":{"origin":4982,"position":0},"title":"T-shirt con cartoni animati Anekke per ragazze SE1479","date":"Luglio 17, 2021","format":false,"excerpt":"Spedizione veloce e sicura in 1-3 giorni lavorativi","rel":"","context":"Articolo simile","img":{"alt_text":"Maglietta Anekke","src":"https:\/\/i0.wp.com\/ryfi.online\/wp-content\/uploads\/2021\/07\/img_91355_4ba08d53d1efba1ea99377fa4b3b303f_20.jpg?resize=350%2C200&ssl=1","width":350,"height":200},"classes":[]},{"id":5852,"url":"https:\/\/ryfi.online\/it\/prodotto\/boxer-da-bagno-con-marvel-avengers-design-per-ragazzi\/","url_meta":{"origin":4982,"position":1},"title":"Boxer da bagno con design Marvel Avengers per ragazzi UE1869","date":"Giugno 9, 2021","format":false,"excerpt":"Spedizione veloce e sicura in 1-3 giorni lavorativi","rel":"","context":"Articolo simile","img":{"alt_text":"Costume da bagno Marvel The Avengers ","src":"https:\/\/i0.wp.com\/ryfi.online\/wp-content\/uploads\/2021\/06\/ue1869_lna-1.jpg?resize=350%2C200&ssl=1","width":350,"height":200},"classes":[]},{"id":5996,"url":"https:\/\/ryfi.online\/it\/prodotto\/warner-bros-batman-boys-swim-boxer-boxer-shorts\/","url_meta":{"origin":4982,"position":2},"title":"Warner Bros Boys Batman Swim Boxer UE1930","date":"Giugno 9, 2021","format":false,"excerpt":"Spedizione veloce e sicura in 1-3 giorni lavorativi","rel":"","context":"Articolo simile","img":{"alt_text":"Costume da bagno Batman Warner Bros","src":"https:\/\/i0.wp.com\/ryfi.online\/wp-content\/uploads\/2021\/06\/ue1930.e00-scaled.jpg?resize=350%2C200&ssl=1","width":350,"height":200},"classes":[]},{"id":5971,"url":"https:\/\/ryfi.online\/it\/prodotto\/ragazzi-marvel-spider-man-design-swim-boxer-boxer\/","url_meta":{"origin":4982,"position":3},"title":"Boxer Ba\u00f1o con dise\u00f1o de Spiderman de Marvel para ni\u00f1os UE1888","date":"Giugno 9, 2021","format":false,"excerpt":"Spedizione veloce e sicura in 1-3 giorni lavorativi","rel":"","context":"Articolo simile","img":{"alt_text":"Costume da bagno Marvel Spiderman","src":"https:\/\/i0.wp.com\/ryfi.online\/wp-content\/uploads\/2021\/06\/ue1888_lna.jpg?resize=350%2C200&ssl=1","width":350,"height":200},"classes":[]},{"id":5021,"url":"https:\/\/ryfi.online\/it\/prodotto\/3-100-mutandine-di-cotone-per-ragazza-principessa-disney-6-8-anni\/","url_meta":{"origin":4982,"position":4},"title":"3 slip da bambina 100% cotone Disney Princess 6\u20138 anni TH3040","date":"Luglio 17, 2021","format":false,"excerpt":"Spedizione veloce e sicura in 1-3 giorni lavorativi","rel":"","context":"Articolo simile","img":{"alt_text":"","src":"https:\/\/i0.wp.com\/ryfi.online\/wp-content\/uploads\/2021\/07\/et3013.23y_pack.jpg?resize=350%2C200&ssl=1","width":350,"height":200},"classes":[]},{"id":5033,"url":"https:\/\/ryfi.online\/it\/prodotto\/3-100-mutandine-di-cotone-per-ragazza-principessa-disney-4-5-anni\/","url_meta":{"origin":4982,"position":5},"title":"3 slip da bambina 100% cotone Disney Princess 4\u20135 anni TH3040","date":"Luglio 17, 2021","format":false,"excerpt":"Spedizione veloce e sicura in 1-3 giorni lavorativi","rel":"","context":"Articolo simile","img":{"alt_text":"","src":"https:\/\/i0.wp.com\/ryfi.online\/wp-content\/uploads\/2021\/07\/et3013.23y_pack.jpg?resize=350%2C200&ssl=1","width":350,"height":200},"classes":[]}],"_links":{"self":[{"href":"https:\/\/ryfi.online\/it\/wp-json\/wp\/v2\/product\/4982","targetHints":{"allow":["GET"]}}],"collection":[{"href":"https:\/\/ryfi.online\/it\/wp-json\/wp\/v2\/product"}],"about":[{"href":"https:\/\/ryfi.online\/it\/wp-json\/wp\/v2\/types\/product"}],"replies":[{"embeddable":true,"href":"https:\/\/ryfi.online\/it\/wp-json\/wp\/v2\/comments?post=4982"}],"wp:featuredmedia":[{"embeddable":true,"href":"https:\/\/ryfi.online\/it\/wp-json\/wp\/v2\/media\/4999"}],"wp:attachment":[{"href":"https:\/\/ryfi.online\/it\/wp-json\/wp\/v2\/media?parent=4982"}],"wp:term":[{"taxonomy":"product_brand","embeddable":true,"href":"https:\/\/ryfi.online\/it\/wp-json\/wp\/v2\/product_brand?post=4982"},{"taxonomy":"product_cat","embeddable":true,"href":"https:\/\/ryfi.online\/it\/wp-json\/wp\/v2\/product_cat?post=4982"},{"taxonomy":"product_tag","embeddable":true,"href":"https:\/\/ryfi.online\/it\/wp-json\/wp\/v2\/product_tag?post=4982"}],"curies":[{"name":"wp","href":"https:\/\/api.w.org\/{rel}","templated":true}]}}